{"id":8826,"date":"2025-11-11T16:45:50","date_gmt":"2025-11-11T15:45:50","guid":{"rendered":"https:\/\/drawings-online.com\/product\/\/"},"modified":"2025-11-11T17:51:38","modified_gmt":"2025-11-11T16:51:38","slug":"etude-pour-la-fileuse-au-rouet-par-francois-leon-benouville","status":"publish","type":"product","link":"https:\/\/drawings-online.com\/en\/product\/etude-pour-la-fileuse-au-rouet-par-francois-leon-benouville\/","title":{"rendered":"Study for the spinner with spinning wheel by Fran\u00e7ois L\u00e9on Benouville"},"content":{"rendered":"<p><strong>Fran\u00e7ois L\u00e9on Benouville, known as L\u00e9on Benouville<\/strong><br \/>Paris, 1821\u20131859 <br \/><em><strong>Study for The Spinner at the Spinning Wheel<\/strong><\/em><br \/>black chalk on brown paper. <br \/>350 x 270 mm &#8211; 13 3\/4 x 10 5\/8 in. <br \/>Watermark: K F.<br \/>Artist&#8217;s stamp Fran\u00e7ois L\u00e9on Benouville (<a href=\"http:\/\/www.marquesdecollections.fr\/detail.cfm\/marque\/5624\/total\/1\">L. 228c<\/a>) affixed lower right. <\/p>\n<p>Born in Paris in 1821, Fran\u00e7ois L\u00e9on Benouville began his apprenticeship in Fran\u00e7ois \u00c9douard Picot&#8217;s studio at the \u00c9cole des Beaux-Arts in 1837. The younger brother of landscape painter Achille Benouville, he made his debut at the 1838 Salon. After winning the Grand Prix de Rome for painting in 1845, L\u00e9on left for the Villa Medici with his brother, who had won the Grand Prix for historical landscape painting the same year. In Italy, L\u00e9on devoted himself to history painting, developing a predilection for religious subjects. On his return to France, he gained public recognition with Saint Francis of Assisi, Transported Dying to Santa Maria degli Angeli, Blessing the City of Assisi, exhibited at the 1853 Salon and purchased for the Mus\u00e9e du Luxembourg (now in the Mus\u00e9e d&#8217;Orsay, Paris). He died prematurely at the age of 38 from typhoid fever.<br \/>\n<figure id=\"attachment_6739\" aria-describedby=\"caption-attachment-6739\" style=\"width: 235px\" class=\"wp-caption alignleft\"><a href=\"https:\/\/drawings-online.com\/wp-content\/uploads\/2022\/12\/D511.jpg\"><img loading=\"lazy\" decoding=\"async\" class=\"wp-image-6739 size-medium\" src=\"https:\/\/drawings-online.com\/wp-content\/uploads\/2022\/12\/D511-235x300.jpg\" alt=\"\" width=\"235\" height=\"300\" srcset=\"https:\/\/drawings-online.com\/wp-content\/uploads\/2022\/12\/D511-235x300.jpg 235w, https:\/\/drawings-online.com\/wp-content\/uploads\/2022\/12\/D511-803x1024.jpg 803w, https:\/\/drawings-online.com\/wp-content\/uploads\/2022\/12\/D511-768x979.jpg 768w, https:\/\/drawings-online.com\/wp-content\/uploads\/2022\/12\/D511-1205x1536.jpg 1205w, https:\/\/drawings-online.com\/wp-content\/uploads\/2022\/12\/D511-1607x2048.jpg 1607w, https:\/\/drawings-online.com\/wp-content\/uploads\/2022\/12\/D511-300x382.jpg 300w, https:\/\/drawings-online.com\/wp-content\/uploads\/2022\/12\/D511-600x765.jpg 600w, https:\/\/drawings-online.com\/wp-content\/uploads\/2022\/12\/D511.jpg 1838w\" sizes=\"auto, (max-width: 235px) 100vw, 235px\" \/><\/a><figcaption id=\"caption-attachment-6739\" class=\"wp-caption-text\">Fig.1<\/figcaption><\/figure><br \/>\n<figure id=\"attachment_6741\" aria-describedby=\"caption-attachment-6741\" style=\"width: 230px\" class=\"wp-caption alignright\"><a href=\"https:\/\/drawings-online.com\/wp-content\/uploads\/2022\/12\/D512.jpg\"><img loading=\"lazy\" decoding=\"async\" class=\"wp-image-6741 size-medium\" src=\"https:\/\/drawings-online.com\/wp-content\/uploads\/2022\/12\/D512-230x300.jpg\" alt=\"\" width=\"230\" height=\"300\" srcset=\"https:\/\/drawings-online.com\/wp-content\/uploads\/2022\/12\/D512-230x300.jpg 230w, https:\/\/drawings-online.com\/wp-content\/uploads\/2022\/12\/D512-784x1024.jpg 784w, https:\/\/drawings-online.com\/wp-content\/uploads\/2022\/12\/D512-768x1003.jpg 768w, https:\/\/drawings-online.com\/wp-content\/uploads\/2022\/12\/D512-300x392.jpg 300w, https:\/\/drawings-online.com\/wp-content\/uploads\/2022\/12\/D512-600x784.jpg 600w, https:\/\/drawings-online.com\/wp-content\/uploads\/2022\/12\/D512.jpg 1016w\" sizes=\"auto, (max-width: 230px) 100vw, 230px\" \/><\/a><figcaption id=\"caption-attachment-6741\" class=\"wp-caption-text\">Fig.2<\/figcaption><\/figure><br \/>\nOur drawing should be considered in relation to two other black chalk studies: <em>A Scene with a Spinner at the Spinning Wheel (1)<\/em> (fig. 1) from the Pierrey-Laforest collection in Paris and <em>A Study of a Spinner (2) <\/em>(fig. 2) from the Mus\u00e9e des Beaux-Arts in Rouen. L\u00e9on Benouville undoubtedly conceived these studies with the aim of creating a painting, the subject and location of which we have not yet been able to identify.<\/p>\n<p>Condition report \u2013 Very good condition. Traces of glue on the four corners of the reverse side of the sheet. &nbsp; <\/p>\n<p>(1) Black chalk; 352 x 292 mm; Pierrey-Laforest collection, Paris. See Marie-Madeleine Aubrun, L\u00e9on Benouville (1821\u20131859). Catalogue raisonn\u00e9 of works, Nantes, 1981, p. 305, D. 511.<\/p>\n<p>(2) Black chalk on buff paper; 268 x 239 mm; Mus\u00e9e des Beaux-Arts, Rouen, Inv. 897.6.92 B. Cf. Marie-Madeleine Aubrun, op. cit., p. 305, D. 512.<\/p>\n","protected":false},"excerpt":{"rendered":"<p>Fran\u00e7ois L\u00e9on Benouville, known as L\u00e9on BenouvilleParis, 1821\u20131859 Study for The Spinner at the Spinning Wheelblack chalk on brown paper. 350 x 270 mm &#8211; 13 3\/4 x 10 5\/8 in. Watermark: K F.Artist&#8217;s stamp Fran\u00e7ois L\u00e9on Benouville (L. 228c) affixed lower right. Born in Paris in 1821, Fran\u00e7ois L\u00e9on Benouville began his apprenticeship in [&hellip;]<\/p>\n","protected":false},"featured_media":8827,"template":"","meta":{"_themeisle_gutenberg_block_has_review":false},"product_brand":[],"product_cat":[15],"product_tag":[37,346,353,489,16],"class_list":{"0":"post-8826","1":"product","2":"type-product","3":"status-publish","4":"has-post-thumbnail","6":"product_cat-uncategorized","7":"product_tag-19th","8":"product_tag-19th-century-drawings","9":"product_tag-gallery","10":"product_tag-n21","11":"product_tag-black-chalk","13":"first","14":"instock","15":"taxable","16":"shipping-taxable","17":"purchasable","18":"product-type-simple"},"yoast_head":"<!-- This site is optimized with the Yoast SEO plugin v27.5 - https:\/\/yoast.com\/product\/yoast-seo-wordpress\/ -->\n<title>Study for the spinner with spinning wheel by Fran\u00e7ois L\u00e9on Benouville<\/title>\n<meta name=\"description\" content=\"Fran\u00e7ois L\u00e9on Benouville, known as L\u00e9on BenouvilleParis, 1821\u20131859 Study for The Spinner at the Spinning Wheelblack chalk on brown paper. 350 x 270 mm - 13 3\/4 x 10 5\/8 in. Watermark: K F.Artist&#039;s stamp Fran\u00e7ois L\u00e9on Benouville (L. 228c) affixed lower right. Born in Paris in 1821, Fran\u00e7ois L\u00e9on Benouville began his apprenticeship in&hellip;\" \/>\n<meta name=\"robots\" content=\"index, follow, max-snippet:-1, max-image-preview:large, max-video-preview:-1\" \/>\n<link rel=\"canonical\" href=\"\" \/>\n<meta property=\"og:locale\" content=\"en_US\" \/>\n<meta property=\"og:type\" content=\"article\" \/>\n<meta property=\"og:title\" content=\"Study for the spinner with spinning wheel by Fran\u00e7ois L\u00e9on Benouville\" \/>\n<meta property=\"og:description\" content=\"Fran\u00e7ois L\u00e9on Benouville, known as L\u00e9on BenouvilleParis, 1821\u20131859 Study for The Spinner at the Spinning Wheelblack chalk on brown paper. 350 x 270 mm - 13 3\/4 x 10 5\/8 in. Watermark: K F.Artist&#039;s stamp Fran\u00e7ois L\u00e9on Benouville (L. 228c) affixed lower right. Born in Paris in 1821, Fran\u00e7ois L\u00e9on Benouville began his apprenticeship in&hellip;\" \/>\n<meta property=\"og:url\" content=\"https:\/\/drawings-online.com\/en\/product\/etude-pour-la-fileuse-au-rouet-par-francois-leon-benouville\/\" \/>\n<meta property=\"og:site_name\" content=\"Drawings-online\" \/>\n<meta property=\"article:publisher\" content=\"https:\/\/www.facebook.com\/people\/Drawings-online\/100034942735866\/\" \/>\n<meta property=\"article:modified_time\" content=\"2025-11-11T16:51:38+00:00\" \/>\n<meta name=\"twitter:card\" content=\"summary_large_image\" \/>\n<meta name=\"twitter:image\" content=\"https:\/\/drawings-online.com\/wp-content\/uploads\/2025\/11\/BJ8A3457_1.png\" \/>\n<meta name=\"twitter:site\" content=\"@OnlineDrawings\" \/>\n<meta name=\"twitter:label1\" content=\"Est. reading time\" \/>\n\t<meta name=\"twitter:data1\" content=\"2 minutes\" \/>\n<script type=\"application\/ld+json\" class=\"yoast-schema-graph\">{\"@context\":\"https:\\\/\\\/schema.org\",\"@graph\":[{\"@type\":\"WebPage\",\"@id\":\"https:\\\/\\\/drawings-online.com\\\/en\\\/product\\\/etude-pour-la-fileuse-au-rouet-par-francois-leon-benouville\\\/\",\"url\":\"https:\\\/\\\/drawings-online.com\\\/en\\\/product\\\/etude-pour-la-fileuse-au-rouet-par-francois-leon-benouville\\\/\",\"name\":\"\u00c9tude pour la fileuse au rouet par Fran\u00e7ois L\u00e9on Benouville - Drawings-online\",\"isPartOf\":{\"@id\":\"https:\\\/\\\/drawings-online.com\\\/#website\"},\"primaryImageOfPage\":{\"@id\":\"https:\\\/\\\/drawings-online.com\\\/en\\\/product\\\/etude-pour-la-fileuse-au-rouet-par-francois-leon-benouville\\\/#primaryimage\"},\"image\":{\"@id\":\"https:\\\/\\\/drawings-online.com\\\/en\\\/product\\\/etude-pour-la-fileuse-au-rouet-par-francois-leon-benouville\\\/#primaryimage\"},\"thumbnailUrl\":\"https:\\\/\\\/drawings-online.com\\\/wp-content\\\/uploads\\\/2025\\\/11\\\/BJ8A3457_1.png\",\"datePublished\":\"2025-11-11T15:45:50+00:00\",\"dateModified\":\"2025-11-11T16:51:38+00:00\",\"breadcrumb\":{\"@id\":\"https:\\\/\\\/drawings-online.com\\\/en\\\/product\\\/etude-pour-la-fileuse-au-rouet-par-francois-leon-benouville\\\/#breadcrumb\"},\"inLanguage\":\"en-US\",\"potentialAction\":[{\"@type\":\"ReadAction\",\"target\":[\"https:\\\/\\\/drawings-online.com\\\/en\\\/product\\\/etude-pour-la-fileuse-au-rouet-par-francois-leon-benouville\\\/\"]}]},{\"@type\":\"ImageObject\",\"inLanguage\":\"en-US\",\"@id\":\"https:\\\/\\\/drawings-online.com\\\/en\\\/product\\\/etude-pour-la-fileuse-au-rouet-par-francois-leon-benouville\\\/#primaryimage\",\"url\":\"https:\\\/\\\/drawings-online.com\\\/wp-content\\\/uploads\\\/2025\\\/11\\\/BJ8A3457_1.png\",\"contentUrl\":\"https:\\\/\\\/drawings-online.com\\\/wp-content\\\/uploads\\\/2025\\\/11\\\/BJ8A3457_1.png\",\"width\":1800,\"height\":1800},{\"@type\":\"BreadcrumbList\",\"@id\":\"https:\\\/\\\/drawings-online.com\\\/en\\\/product\\\/etude-pour-la-fileuse-au-rouet-par-francois-leon-benouville\\\/#breadcrumb\",\"itemListElement\":[{\"@type\":\"ListItem\",\"position\":1,\"name\":\"Works available\",\"item\":\"https:\\\/\\\/drawings-online.com\\\/\"},{\"@type\":\"ListItem\",\"position\":2,\"name\":\"Gallery\",\"item\":\"https:\\\/\\\/drawings-online.com\\\/galerie\\\/\"},{\"@type\":\"ListItem\",\"position\":3,\"name\":\"19e\",\"item\":\"https:\\\/\\\/drawings-online.com\\\/product_tag\\\/19e\\\/\"},{\"@type\":\"ListItem\",\"position\":4,\"name\":\"Study for the spinner with spinning wheel by Fran\u00e7ois L\u00e9on Benouville\"}]},{\"@type\":\"WebSite\",\"@id\":\"https:\\\/\\\/drawings-online.com\\\/en\\\/#website\",\"url\":\"https:\\\/\\\/drawings-online.com\\\/en\\\/\",\"name\":\"Drawings-online\",\"description\":\"Dessins en ligne\",\"publisher\":{\"@id\":\"https:\\\/\\\/drawings-online.com\\\/en\\\/#organization\"},\"potentialAction\":[{\"@type\":\"SearchAction\",\"target\":{\"@type\":\"EntryPoint\",\"urlTemplate\":\"https:\\\/\\\/drawings-online.com\\\/en\\\/?s={search_term_string}\"},\"query-input\":{\"@type\":\"PropertyValueSpecification\",\"valueRequired\":true,\"valueName\":\"search_term_string\"}}],\"inLanguage\":\"en-US\"},{\"@type\":\"Organization\",\"@id\":\"https:\\\/\\\/drawings-online.com\\\/en\\\/#organization\",\"name\":\"Drawings-online\",\"url\":\"https:\\\/\\\/drawings-online.com\\\/en\\\/\",\"logo\":{\"@type\":\"ImageObject\",\"inLanguage\":\"en-US\",\"@id\":\"https:\\\/\\\/drawings-online.com\\\/en\\\/#\\\/schema\\\/logo\\\/image\\\/\",\"url\":\"https:\\\/\\\/drawings-online.com\\\/wp-content\\\/uploads\\\/2020\\\/12\\\/drawings-icone-transp-e1607442878135.png\",\"contentUrl\":\"https:\\\/\\\/drawings-online.com\\\/wp-content\\\/uploads\\\/2020\\\/12\\\/drawings-icone-transp-e1607442878135.png\",\"width\":150,\"height\":150,\"caption\":\"Drawings-online\"},\"image\":{\"@id\":\"https:\\\/\\\/drawings-online.com\\\/en\\\/#\\\/schema\\\/logo\\\/image\\\/\"},\"sameAs\":[\"https:\\\/\\\/www.facebook.com\\\/people\\\/Drawings-online\\\/100034942735866\\\/\",\"https:\\\/\\\/x.com\\\/OnlineDrawings\",\"https:\\\/\\\/www.instagram.com\\\/drawings_online_com\\\/\"]}]}<\/script>\n<!-- \/ Yoast SEO plugin. -->","yoast_head_json":{"title":"Study for the spinner with spinning wheel by Fran\u00e7ois L\u00e9on Benouville","description":"Fran\u00e7ois L\u00e9on Benouville, known as L\u00e9on BenouvilleParis, 1821\u20131859 Study for The Spinner at the Spinning Wheelblack chalk on brown paper. 350 x 270 mm - 13 3\/4 x 10 5\/8 in. Watermark: K F.Artist's stamp Fran\u00e7ois L\u00e9on Benouville (L. 228c) affixed lower right. Born in Paris in 1821, Fran\u00e7ois L\u00e9on Benouville began his apprenticeship in&hellip;","robots":{"index":"index","follow":"follow","max-snippet":"max-snippet:-1","max-image-preview":"max-image-preview:large","max-video-preview":"max-video-preview:-1"},"canonical":"Fran\u00e7ois L\u00e9on Benouville, known as L\u00e9on BenouvilleParis, 1821\u20131859 Study for The Spinner at the Spinning Wheelblack chalk on brown paper. 350 x 270 mm - 13 3\/4 x 10 5\/8 in. Watermark: K F.Artist's stamp Fran\u00e7ois L\u00e9on Benouville (L. 228c) affixed lower right. Born in Paris in 1821, Fran\u00e7ois L\u00e9on Benouville began his apprenticeship in&hellip;","og_locale":"en_US","og_type":"article","og_title":"Study for the spinner with spinning wheel by Fran\u00e7ois L\u00e9on Benouville","og_description":"Fran\u00e7ois L\u00e9on Benouville, known as L\u00e9on BenouvilleParis, 1821\u20131859 Study for The Spinner at the Spinning Wheelblack chalk on brown paper. 350 x 270 mm - 13 3\/4 x 10 5\/8 in. Watermark: K F.Artist's stamp Fran\u00e7ois L\u00e9on Benouville (L. 228c) affixed lower right. Born in Paris in 1821, Fran\u00e7ois L\u00e9on Benouville began his apprenticeship in&hellip;","og_url":"https:\/\/drawings-online.com\/en\/product\/etude-pour-la-fileuse-au-rouet-par-francois-leon-benouville\/","og_site_name":"Drawings-online","article_publisher":"https:\/\/www.facebook.com\/people\/Drawings-online\/100034942735866\/","article_modified_time":"2025-11-11T16:51:38+00:00","twitter_card":"summary_large_image","twitter_image":"https:\/\/drawings-online.com\/wp-content\/uploads\/2025\/11\/BJ8A3457_1.png","twitter_site":"@OnlineDrawings","twitter_misc":{"Est. reading time":"2 minutes"},"schema":{"@context":"https:\/\/schema.org","@graph":[{"@type":"WebPage","@id":"https:\/\/drawings-online.com\/en\/product\/etude-pour-la-fileuse-au-rouet-par-francois-leon-benouville\/","url":"https:\/\/drawings-online.com\/en\/product\/etude-pour-la-fileuse-au-rouet-par-francois-leon-benouville\/","name":"\u00c9tude pour la fileuse au rouet par Fran\u00e7ois L\u00e9on Benouville - Drawings-online","isPartOf":{"@id":"https:\/\/drawings-online.com\/#website"},"primaryImageOfPage":{"@id":"https:\/\/drawings-online.com\/en\/product\/etude-pour-la-fileuse-au-rouet-par-francois-leon-benouville\/#primaryimage"},"image":{"@id":"https:\/\/drawings-online.com\/en\/product\/etude-pour-la-fileuse-au-rouet-par-francois-leon-benouville\/#primaryimage"},"thumbnailUrl":"https:\/\/drawings-online.com\/wp-content\/uploads\/2025\/11\/BJ8A3457_1.png","datePublished":"2025-11-11T15:45:50+00:00","dateModified":"2025-11-11T16:51:38+00:00","breadcrumb":{"@id":"https:\/\/drawings-online.com\/en\/product\/etude-pour-la-fileuse-au-rouet-par-francois-leon-benouville\/#breadcrumb"},"inLanguage":"en-US","potentialAction":[{"@type":"ReadAction","target":["https:\/\/drawings-online.com\/en\/product\/etude-pour-la-fileuse-au-rouet-par-francois-leon-benouville\/"]}]},{"@type":"ImageObject","inLanguage":"en-US","@id":"https:\/\/drawings-online.com\/en\/product\/etude-pour-la-fileuse-au-rouet-par-francois-leon-benouville\/#primaryimage","url":"https:\/\/drawings-online.com\/wp-content\/uploads\/2025\/11\/BJ8A3457_1.png","contentUrl":"https:\/\/drawings-online.com\/wp-content\/uploads\/2025\/11\/BJ8A3457_1.png","width":1800,"height":1800},{"@type":"BreadcrumbList","@id":"https:\/\/drawings-online.com\/en\/product\/etude-pour-la-fileuse-au-rouet-par-francois-leon-benouville\/#breadcrumb","itemListElement":[{"@type":"ListItem","position":1,"name":"Works available","item":"https:\/\/drawings-online.com\/"},{"@type":"ListItem","position":2,"name":"Gallery","item":"https:\/\/drawings-online.com\/galerie\/"},{"@type":"ListItem","position":3,"name":"19e","item":"https:\/\/drawings-online.com\/product_tag\/19e\/"},{"@type":"ListItem","position":4,"name":"Study for the spinner with spinning wheel by Fran\u00e7ois L\u00e9on Benouville"}]},{"@type":"WebSite","@id":"https:\/\/drawings-online.com\/en\/#website","url":"https:\/\/drawings-online.com\/en\/","name":"Drawings-online","description":"Dessins en ligne","publisher":{"@id":"https:\/\/drawings-online.com\/en\/#organization"},"potentialAction":[{"@type":"SearchAction","target":{"@type":"EntryPoint","urlTemplate":"https:\/\/drawings-online.com\/en\/?s={search_term_string}"},"query-input":{"@type":"PropertyValueSpecification","valueRequired":true,"valueName":"search_term_string"}}],"inLanguage":"en-US"},{"@type":"Organization","@id":"https:\/\/drawings-online.com\/en\/#organization","name":"Drawings-online","url":"https:\/\/drawings-online.com\/en\/","logo":{"@type":"ImageObject","inLanguage":"en-US","@id":"https:\/\/drawings-online.com\/en\/#\/schema\/logo\/image\/","url":"https:\/\/drawings-online.com\/wp-content\/uploads\/2020\/12\/drawings-icone-transp-e1607442878135.png","contentUrl":"https:\/\/drawings-online.com\/wp-content\/uploads\/2020\/12\/drawings-icone-transp-e1607442878135.png","width":150,"height":150,"caption":"Drawings-online"},"image":{"@id":"https:\/\/drawings-online.com\/en\/#\/schema\/logo\/image\/"},"sameAs":["https:\/\/www.facebook.com\/people\/Drawings-online\/100034942735866\/","https:\/\/x.com\/OnlineDrawings","https:\/\/www.instagram.com\/drawings_online_com\/"]}]}},"jetpack_sharing_enabled":true,"_links":{"self":[{"href":"https:\/\/drawings-online.com\/en\/wp-json\/wp\/v2\/product\/8826","targetHints":{"allow":["GET"]}}],"collection":[{"href":"https:\/\/drawings-online.com\/en\/wp-json\/wp\/v2\/product"}],"about":[{"href":"https:\/\/drawings-online.com\/en\/wp-json\/wp\/v2\/types\/product"}],"wp:featuredmedia":[{"embeddable":true,"href":"https:\/\/drawings-online.com\/en\/wp-json\/wp\/v2\/media\/8827"}],"wp:attachment":[{"href":"https:\/\/drawings-online.com\/en\/wp-json\/wp\/v2\/media?parent=8826"}],"wp:term":[{"taxonomy":"product_brand","embeddable":true,"href":"https:\/\/drawings-online.com\/en\/wp-json\/wp\/v2\/product_brand?post=8826"},{"taxonomy":"product_cat","embeddable":true,"href":"https:\/\/drawings-online.com\/en\/wp-json\/wp\/v2\/product_cat?post=8826"},{"taxonomy":"product_tag","embeddable":true,"href":"https:\/\/drawings-online.com\/en\/wp-json\/wp\/v2\/product_tag?post=8826"}],"curies":[{"name":"wp","href":"https:\/\/api.w.org\/{rel}","templated":true}]}}