{"id":8771,"date":"2025-11-11T17:05:03","date_gmt":"2025-11-11T16:05:03","guid":{"rendered":"https:\/\/drawings-online.com\/product\/\/"},"modified":"2025-11-11T18:02:51","modified_gmt":"2025-11-11T17:02:51","slug":"paysage-anime-par-anthelme-francois-lagrenee","status":"publish","type":"product","link":"https:\/\/drawings-online.com\/en\/product\/animated-landscape-by-anthelme-francois-lagrenee\/","title":{"rendered":"Animated landscape by Anthelme-Fran\u00e7ois Lagren\u00e9e"},"content":{"rendered":"<p><strong>Anthelme-Fran\u00e7ois Lagren\u00e9e<br \/><\/strong>Paris, 1774 &#8211; 1832<br \/><em><strong>Animated landscape<br \/><\/strong><\/em>Black stone, ink and gray wash, highlights of white gouache on beige paper laminated by the top edge to an antique mount. <br \/>181 x 247 mm &#8211; 7 1\/8 x 9 \u00be in. <br \/>Signed &#8220;Lagren\u00e9e&#8221; lower left.<\/p>\n<p>Anthelme-Fran\u00e7ois Lagren\u00e9e, born December 14, 1774, died April 27, 1832, was a French painter, son of Louis-Jean-Fran\u00e7ois Lagren\u00e9e. He studied in Vincent&#8217;s studio, then had to give up the fine arts for a while to satisfy military requisitioning in 1793, before returning to painting and exhibiting at the Salon from 1799. Like his father and uncle, he traveled to Russia, where he enjoyed the favor of Emperor Alexander I. Residing for several years in the city of St. Petersburg, he painted several portraits for the emperor, as well as historical pictures. On his return to France, he concentrated mainly on cameos and miniatures. <\/p>\n<p><figure id=\"attachment_8537\" aria-describedby=\"caption-attachment-8537\" style=\"width: 300px\" class=\"wp-caption alignleft\"><a href=\"https:\/\/drawings-online.com\/wp-content\/uploads\/2024\/09\/lagrenee1.jpg\"><img loading=\"lazy\" decoding=\"async\" class=\"wp-image-8537 size-medium\" src=\"https:\/\/drawings-online.com\/wp-content\/uploads\/2024\/09\/lagrenee1-300x201.jpg\" alt=\"\" width=\"300\" height=\"201\" srcset=\"https:\/\/drawings-online.com\/wp-content\/uploads\/2024\/09\/lagrenee1-300x201.jpg 300w, https:\/\/drawings-online.com\/wp-content\/uploads\/2024\/09\/lagrenee1-600x403.jpg 600w, https:\/\/drawings-online.com\/wp-content\/uploads\/2024\/09\/lagrenee1.jpg 618w\" sizes=\"auto, (max-width: 300px) 100vw, 300px\" \/><\/a><figcaption id=\"caption-attachment-8537\" class=\"wp-caption-text\">Ill.1<\/figcaption><\/figure><br \/>\n<figure id=\"attachment_8536\" aria-describedby=\"caption-attachment-8536\" style=\"width: 300px\" class=\"wp-caption alignright\"><a href=\"https:\/\/drawings-online.com\/wp-content\/uploads\/2024\/09\/lagrenee2.jpg\"><img loading=\"lazy\" decoding=\"async\" class=\"wp-image-8536 size-medium\" src=\"https:\/\/drawings-online.com\/wp-content\/uploads\/2024\/09\/lagrenee2-300x204.jpg\" alt=\"\" width=\"300\" height=\"204\" srcset=\"https:\/\/drawings-online.com\/wp-content\/uploads\/2024\/09\/lagrenee2-300x204.jpg 300w, https:\/\/drawings-online.com\/wp-content\/uploads\/2024\/09\/lagrenee2-600x407.jpg 600w, https:\/\/drawings-online.com\/wp-content\/uploads\/2024\/09\/lagrenee2.jpg 604w\" sizes=\"auto, (max-width: 300px) 100vw, 300px\" \/><\/a><figcaption id=\"caption-attachment-8536\" class=\"wp-caption-text\">Ill.2<\/figcaption><\/figure><br \/>\nAnthelme-Fran\u00e7ois remains best known for his miniatures, although a spectacular drawing <em>of a Greek warrior being chased by a tiger while his horse is attacked by two lions<\/em> recently appeared on the market and joined the Art Institute of Chicago (1). The Louvre also preserves travel diaries and landscape drawings, with which ours can be compared. For example, this <em>view of the Louvre through the trees<\/em> (Ill. 1), with its similar treatment of foliage. The same signature can be found on another drawing <em>of a staircase next to a low wall framed by trees<\/em> (Ill. 2). <\/p>\n<p>Condition &#8211; Good overall condition. Two small tears on the lower edge, in the middle. <\/p>\n<p>Antique gilded wood stick.<\/p>\n<p>(1) <a href=\"\\&quot;https:\/\/www.latribunedelart.com\/un-dessin-de-lagrenee-fils-pour-chicago\\&quot;\">Alexandre Lafore &#8211; Article from <em>La tribune de l&#8217;Art<\/em>, September 13, 2023<\/a><\/p>\n","protected":false},"excerpt":{"rendered":"<p>Anthelme-Fran\u00e7ois Lagren\u00e9eParis, 1774 &#8211; 1832Animated landscapeBlack stone, ink and gray wash, highlights of white gouache on beige paper laminated by the top edge to an antique mount. 181 x 247 mm &#8211; 7 1\/8 x 9 \u00be in. Signed &#8220;Lagren\u00e9e&#8221; lower left. Anthelme-Fran\u00e7ois Lagren\u00e9e, born December 14, 1774, died April 27, 1832, was a French [&hellip;]<\/p>\n","protected":false},"featured_media":8772,"template":"","meta":{"_themeisle_gutenberg_block_has_review":false},"product_brand":[],"product_cat":[78,15],"product_tag":[24,37,345,353,26,489,29,120,16,27],"class_list":{"0":"post-8771","1":"product","2":"type-product","3":"status-publish","4":"has-post-thumbnail","6":"product_cat-french-school","7":"product_cat-uncategorized","8":"product_tag-18th","9":"product_tag-19th","10":"product_tag-old-master-drawings","11":"product_tag-gallery","12":"product_tag-gray-wash","13":"product_tag-n21","14":"product_tag-beige-paper","15":"product_tag-landscape","16":"product_tag-black-chalk","17":"product_tag-heightened-with-white","19":"first","20":"instock","21":"taxable","22":"shipping-taxable","23":"purchasable","24":"product-type-simple"},"yoast_head":"<!-- This site is optimized with the Yoast SEO plugin v27.4 - https:\/\/yoast.com\/product\/yoast-seo-wordpress\/ -->\n<title>Animated landscape by Anthelme-Fran\u00e7ois Lagren\u00e9e<\/title>\n<meta name=\"description\" content=\"Anthelme-Fran\u00e7ois Lagren\u00e9eParis, 1774 - 1832Animated landscapeBlack stone, ink and gray wash, highlights of white gouache on beige paper laminated by the top edge to an antique mount. 181 x 247 mm - 7 1\/8 x 9 \u00be in. Signed &quot;Lagren\u00e9e&quot; lower left.Anthelme-Fran\u00e7ois Lagren\u00e9e, born December 14, 1774, died April 27, 1832, was a French painter,&hellip;\" \/>\n<meta name=\"robots\" content=\"index, follow, max-snippet:-1, max-image-preview:large, max-video-preview:-1\" \/>\n<link rel=\"canonical\" href=\"http:\/\/Anthelme-Fran\u00e7ois%20Lagren\u00e9eParis,%201774%20-%201832Animated%20landscapeBlack%20stone,%20ink%20and%20gray%20wash,%20highlights%20of%20white%20gouache%20on%20beige%20paper%20laminated%20by%20the%20top%20edge%20to%20an%20antique%20mount.%20181%20x%20247%20mm%20-%207%201\/8%20x%209%20\u00be%20in.%20Signed%20Lagren\u00e9e%20lower%20left.Anthelme-Fran\u00e7ois%20Lagren\u00e9e,%20born%20December%2014,%201774,%20died%20April%2027,%201832,%20was%20a%20French%20painter,&hellip;\" \/>\n<meta property=\"og:locale\" content=\"en_US\" \/>\n<meta property=\"og:type\" content=\"article\" \/>\n<meta property=\"og:title\" content=\"Animated landscape by Anthelme-Fran\u00e7ois Lagren\u00e9e\" \/>\n<meta property=\"og:description\" content=\"Anthelme-Fran\u00e7ois Lagren\u00e9eParis, 1774 - 1832Animated landscapeBlack stone, ink and gray wash, highlights of white gouache on beige paper laminated by the top edge to an antique mount. 181 x 247 mm - 7 1\/8 x 9 \u00be in. Signed &quot;Lagren\u00e9e&quot; lower left.Anthelme-Fran\u00e7ois Lagren\u00e9e, born December 14, 1774, died April 27, 1832, was a French painter,&hellip;\" \/>\n<meta property=\"og:url\" content=\"https:\/\/drawings-online.com\/en\/product\/animated-landscape-by-anthelme-francois-lagrenee\/\" \/>\n<meta property=\"og:site_name\" content=\"Drawings-online\" \/>\n<meta property=\"article:publisher\" content=\"https:\/\/www.facebook.com\/people\/Drawings-online\/100034942735866\/\" \/>\n<meta property=\"article:modified_time\" content=\"2025-11-11T17:02:51+00:00\" \/>\n<meta property=\"og:image\" content=\"https:\/\/drawings-online.com\/wp-content\/uploads\/2025\/11\/BJ8A3272_1-1024x1024.png\" \/>\n\t<meta property=\"og:image:width\" content=\"1024\" \/>\n\t<meta property=\"og:image:height\" content=\"1024\" \/>\n\t<meta property=\"og:image:type\" content=\"image\/png\" \/>\n<meta name=\"twitter:card\" content=\"summary_large_image\" \/>\n<meta name=\"twitter:site\" content=\"@OnlineDrawings\" \/>\n<meta name=\"twitter:label1\" content=\"Est. reading time\" \/>\n\t<meta name=\"twitter:data1\" content=\"2 minutes\" \/>\n<script type=\"application\/ld+json\" class=\"yoast-schema-graph\">{\"@context\":\"https:\\\/\\\/schema.org\",\"@graph\":[{\"@type\":\"WebPage\",\"@id\":\"https:\\\/\\\/drawings-online.com\\\/en\\\/product\\\/animated-landscape-by-anthelme-francois-lagrenee\\\/\",\"url\":\"https:\\\/\\\/drawings-online.com\\\/en\\\/product\\\/animated-landscape-by-anthelme-francois-lagrenee\\\/\",\"name\":\"Paysage anim\u00e9 par Anthelme-Fran\u00e7ois Lagren\u00e9e - Drawings-online\",\"isPartOf\":{\"@id\":\"https:\\\/\\\/drawings-online.com\\\/#website\"},\"primaryImageOfPage\":{\"@id\":\"https:\\\/\\\/drawings-online.com\\\/en\\\/product\\\/animated-landscape-by-anthelme-francois-lagrenee\\\/#primaryimage\"},\"image\":{\"@id\":\"https:\\\/\\\/drawings-online.com\\\/en\\\/product\\\/animated-landscape-by-anthelme-francois-lagrenee\\\/#primaryimage\"},\"thumbnailUrl\":\"https:\\\/\\\/drawings-online.com\\\/wp-content\\\/uploads\\\/2025\\\/11\\\/BJ8A3272_1.png\",\"datePublished\":\"2025-11-11T16:05:03+00:00\",\"dateModified\":\"2025-11-11T17:02:51+00:00\",\"breadcrumb\":{\"@id\":\"https:\\\/\\\/drawings-online.com\\\/en\\\/product\\\/animated-landscape-by-anthelme-francois-lagrenee\\\/#breadcrumb\"},\"inLanguage\":\"en-US\",\"potentialAction\":[{\"@type\":\"ReadAction\",\"target\":[\"https:\\\/\\\/drawings-online.com\\\/en\\\/product\\\/animated-landscape-by-anthelme-francois-lagrenee\\\/\"]}]},{\"@type\":\"ImageObject\",\"inLanguage\":\"en-US\",\"@id\":\"https:\\\/\\\/drawings-online.com\\\/en\\\/product\\\/animated-landscape-by-anthelme-francois-lagrenee\\\/#primaryimage\",\"url\":\"https:\\\/\\\/drawings-online.com\\\/wp-content\\\/uploads\\\/2025\\\/11\\\/BJ8A3272_1.png\",\"contentUrl\":\"https:\\\/\\\/drawings-online.com\\\/wp-content\\\/uploads\\\/2025\\\/11\\\/BJ8A3272_1.png\",\"width\":1800,\"height\":1800},{\"@type\":\"BreadcrumbList\",\"@id\":\"https:\\\/\\\/drawings-online.com\\\/en\\\/product\\\/animated-landscape-by-anthelme-francois-lagrenee\\\/#breadcrumb\",\"itemListElement\":[{\"@type\":\"ListItem\",\"position\":1,\"name\":\"Works available\",\"item\":\"https:\\\/\\\/drawings-online.com\\\/\"},{\"@type\":\"ListItem\",\"position\":2,\"name\":\"Gallery\",\"item\":\"https:\\\/\\\/drawings-online.com\\\/galerie\\\/\"},{\"@type\":\"ListItem\",\"position\":3,\"name\":\"18e\",\"item\":\"https:\\\/\\\/drawings-online.com\\\/product_tag\\\/18e\\\/\"},{\"@type\":\"ListItem\",\"position\":4,\"name\":\"Animated landscape by Anthelme-Fran\u00e7ois Lagren\u00e9e\"}]},{\"@type\":\"WebSite\",\"@id\":\"https:\\\/\\\/drawings-online.com\\\/en\\\/#website\",\"url\":\"https:\\\/\\\/drawings-online.com\\\/en\\\/\",\"name\":\"Drawings-online\",\"description\":\"Dessins en ligne\",\"publisher\":{\"@id\":\"https:\\\/\\\/drawings-online.com\\\/en\\\/#organization\"},\"potentialAction\":[{\"@type\":\"SearchAction\",\"target\":{\"@type\":\"EntryPoint\",\"urlTemplate\":\"https:\\\/\\\/drawings-online.com\\\/en\\\/?s={search_term_string}\"},\"query-input\":{\"@type\":\"PropertyValueSpecification\",\"valueRequired\":true,\"valueName\":\"search_term_string\"}}],\"inLanguage\":\"en-US\"},{\"@type\":\"Organization\",\"@id\":\"https:\\\/\\\/drawings-online.com\\\/en\\\/#organization\",\"name\":\"Drawings-online\",\"url\":\"https:\\\/\\\/drawings-online.com\\\/en\\\/\",\"logo\":{\"@type\":\"ImageObject\",\"inLanguage\":\"en-US\",\"@id\":\"https:\\\/\\\/drawings-online.com\\\/en\\\/#\\\/schema\\\/logo\\\/image\\\/\",\"url\":\"https:\\\/\\\/drawings-online.com\\\/wp-content\\\/uploads\\\/2020\\\/12\\\/drawings-icone-transp-e1607442878135.png\",\"contentUrl\":\"https:\\\/\\\/drawings-online.com\\\/wp-content\\\/uploads\\\/2020\\\/12\\\/drawings-icone-transp-e1607442878135.png\",\"width\":150,\"height\":150,\"caption\":\"Drawings-online\"},\"image\":{\"@id\":\"https:\\\/\\\/drawings-online.com\\\/en\\\/#\\\/schema\\\/logo\\\/image\\\/\"},\"sameAs\":[\"https:\\\/\\\/www.facebook.com\\\/people\\\/Drawings-online\\\/100034942735866\\\/\",\"https:\\\/\\\/x.com\\\/OnlineDrawings\",\"https:\\\/\\\/www.instagram.com\\\/drawings_online_com\\\/\"]}]}<\/script>\n<!-- \/ Yoast SEO plugin. -->","yoast_head_json":{"title":"Animated landscape by Anthelme-Fran\u00e7ois Lagren\u00e9e","description":"Anthelme-Fran\u00e7ois Lagren\u00e9eParis, 1774 - 1832Animated landscapeBlack stone, ink and gray wash, highlights of white gouache on beige paper laminated by the top edge to an antique mount. 181 x 247 mm - 7 1\/8 x 9 \u00be in. Signed \"Lagren\u00e9e\" lower left.Anthelme-Fran\u00e7ois Lagren\u00e9e, born December 14, 1774, died April 27, 1832, was a French painter,&hellip;","robots":{"index":"index","follow":"follow","max-snippet":"max-snippet:-1","max-image-preview":"max-image-preview:large","max-video-preview":"max-video-preview:-1"},"canonical":"Anthelme-Fran\u00e7ois Lagren\u00e9eParis, 1774 - 1832Animated landscapeBlack stone, ink and gray wash, highlights of white gouache on beige paper laminated by the top edge to an antique mount. 181 x 247 mm - 7 1\/8 x 9 \u00be in. Signed \"Lagren\u00e9e\" lower left.Anthelme-Fran\u00e7ois Lagren\u00e9e, born December 14, 1774, died April 27, 1832, was a French painter,&hellip;","og_locale":"en_US","og_type":"article","og_title":"Animated landscape by Anthelme-Fran\u00e7ois Lagren\u00e9e","og_description":"Anthelme-Fran\u00e7ois Lagren\u00e9eParis, 1774 - 1832Animated landscapeBlack stone, ink and gray wash, highlights of white gouache on beige paper laminated by the top edge to an antique mount. 181 x 247 mm - 7 1\/8 x 9 \u00be in. Signed \"Lagren\u00e9e\" lower left.Anthelme-Fran\u00e7ois Lagren\u00e9e, born December 14, 1774, died April 27, 1832, was a French painter,&hellip;","og_url":"https:\/\/drawings-online.com\/en\/product\/animated-landscape-by-anthelme-francois-lagrenee\/","og_site_name":"Drawings-online","article_publisher":"https:\/\/www.facebook.com\/people\/Drawings-online\/100034942735866\/","article_modified_time":"2025-11-11T17:02:51+00:00","og_image":[{"width":1024,"height":1024,"url":"https:\/\/drawings-online.com\/wp-content\/uploads\/2025\/11\/BJ8A3272_1-1024x1024.png","type":"image\/png"}],"twitter_card":"summary_large_image","twitter_site":"@OnlineDrawings","twitter_misc":{"Est. reading time":"2 minutes"},"schema":{"@context":"https:\/\/schema.org","@graph":[{"@type":"WebPage","@id":"https:\/\/drawings-online.com\/en\/product\/animated-landscape-by-anthelme-francois-lagrenee\/","url":"https:\/\/drawings-online.com\/en\/product\/animated-landscape-by-anthelme-francois-lagrenee\/","name":"Paysage anim\u00e9 par Anthelme-Fran\u00e7ois Lagren\u00e9e - Drawings-online","isPartOf":{"@id":"https:\/\/drawings-online.com\/#website"},"primaryImageOfPage":{"@id":"https:\/\/drawings-online.com\/en\/product\/animated-landscape-by-anthelme-francois-lagrenee\/#primaryimage"},"image":{"@id":"https:\/\/drawings-online.com\/en\/product\/animated-landscape-by-anthelme-francois-lagrenee\/#primaryimage"},"thumbnailUrl":"https:\/\/drawings-online.com\/wp-content\/uploads\/2025\/11\/BJ8A3272_1.png","datePublished":"2025-11-11T16:05:03+00:00","dateModified":"2025-11-11T17:02:51+00:00","breadcrumb":{"@id":"https:\/\/drawings-online.com\/en\/product\/animated-landscape-by-anthelme-francois-lagrenee\/#breadcrumb"},"inLanguage":"en-US","potentialAction":[{"@type":"ReadAction","target":["https:\/\/drawings-online.com\/en\/product\/animated-landscape-by-anthelme-francois-lagrenee\/"]}]},{"@type":"ImageObject","inLanguage":"en-US","@id":"https:\/\/drawings-online.com\/en\/product\/animated-landscape-by-anthelme-francois-lagrenee\/#primaryimage","url":"https:\/\/drawings-online.com\/wp-content\/uploads\/2025\/11\/BJ8A3272_1.png","contentUrl":"https:\/\/drawings-online.com\/wp-content\/uploads\/2025\/11\/BJ8A3272_1.png","width":1800,"height":1800},{"@type":"BreadcrumbList","@id":"https:\/\/drawings-online.com\/en\/product\/animated-landscape-by-anthelme-francois-lagrenee\/#breadcrumb","itemListElement":[{"@type":"ListItem","position":1,"name":"Works available","item":"https:\/\/drawings-online.com\/"},{"@type":"ListItem","position":2,"name":"Gallery","item":"https:\/\/drawings-online.com\/galerie\/"},{"@type":"ListItem","position":3,"name":"18e","item":"https:\/\/drawings-online.com\/product_tag\/18e\/"},{"@type":"ListItem","position":4,"name":"Animated landscape by Anthelme-Fran\u00e7ois Lagren\u00e9e"}]},{"@type":"WebSite","@id":"https:\/\/drawings-online.com\/en\/#website","url":"https:\/\/drawings-online.com\/en\/","name":"Drawings-online","description":"Dessins en ligne","publisher":{"@id":"https:\/\/drawings-online.com\/en\/#organization"},"potentialAction":[{"@type":"SearchAction","target":{"@type":"EntryPoint","urlTemplate":"https:\/\/drawings-online.com\/en\/?s={search_term_string}"},"query-input":{"@type":"PropertyValueSpecification","valueRequired":true,"valueName":"search_term_string"}}],"inLanguage":"en-US"},{"@type":"Organization","@id":"https:\/\/drawings-online.com\/en\/#organization","name":"Drawings-online","url":"https:\/\/drawings-online.com\/en\/","logo":{"@type":"ImageObject","inLanguage":"en-US","@id":"https:\/\/drawings-online.com\/en\/#\/schema\/logo\/image\/","url":"https:\/\/drawings-online.com\/wp-content\/uploads\/2020\/12\/drawings-icone-transp-e1607442878135.png","contentUrl":"https:\/\/drawings-online.com\/wp-content\/uploads\/2020\/12\/drawings-icone-transp-e1607442878135.png","width":150,"height":150,"caption":"Drawings-online"},"image":{"@id":"https:\/\/drawings-online.com\/en\/#\/schema\/logo\/image\/"},"sameAs":["https:\/\/www.facebook.com\/people\/Drawings-online\/100034942735866\/","https:\/\/x.com\/OnlineDrawings","https:\/\/www.instagram.com\/drawings_online_com\/"]}]}},"jetpack_sharing_enabled":true,"_links":{"self":[{"href":"https:\/\/drawings-online.com\/en\/wp-json\/wp\/v2\/product\/8771","targetHints":{"allow":["GET"]}}],"collection":[{"href":"https:\/\/drawings-online.com\/en\/wp-json\/wp\/v2\/product"}],"about":[{"href":"https:\/\/drawings-online.com\/en\/wp-json\/wp\/v2\/types\/product"}],"wp:featuredmedia":[{"embeddable":true,"href":"https:\/\/drawings-online.com\/en\/wp-json\/wp\/v2\/media\/8772"}],"wp:attachment":[{"href":"https:\/\/drawings-online.com\/en\/wp-json\/wp\/v2\/media?parent=8771"}],"wp:term":[{"taxonomy":"product_brand","embeddable":true,"href":"https:\/\/drawings-online.com\/en\/wp-json\/wp\/v2\/product_brand?post=8771"},{"taxonomy":"product_cat","embeddable":true,"href":"https:\/\/drawings-online.com\/en\/wp-json\/wp\/v2\/product_cat?post=8771"},{"taxonomy":"product_tag","embeddable":true,"href":"https:\/\/drawings-online.com\/en\/wp-json\/wp\/v2\/product_tag?post=8771"}],"curies":[{"name":"wp","href":"https:\/\/api.w.org\/{rel}","templated":true}]}}