{"id":8555,"date":"2024-09-12T18:00:39","date_gmt":"2024-09-12T16:00:39","guid":{"rendered":"https:\/\/drawings-online.com\/product\/\/"},"modified":"2025-01-08T15:42:31","modified_gmt":"2025-01-08T14:42:31","slug":"etude-dhomme-drape-debout-le-bras-droit-leve-vers-le-ciel-par-francois-leon-benouville-dit-leon-benouville","status":"publish","type":"product","link":"https:\/\/drawings-online.com\/en\/product\/study-of-a-man-draped-standing-with-his-right-arm-raised-towards-the-sky-by-francois-leon-benouville-known-as-leon-benouville\/","title":{"rendered":"Study of a man draped standing with his right arm raised towards the sky by Fran\u00e7ois L\u00e9on Benouville known as L\u00e9on Benouville"},"content":{"rendered":"<p><strong>Fran\u00e7ois L\u00e9on Benouville&nbsp;<\/strong>said<strong>&nbsp;L\u00e9on Benouville<\/strong> <br \/>Paris, 1821 \u2013 1859 <br \/><strong><em>Study of a man draped standing with his right arm raised to the sky<\/em><\/strong> <br \/>Sanguine on beige paper. <br \/>319 x 232 mm &#8211; 12 9\/16 x 9 1\/8 in. <br \/>Stamp of the artist Fran\u00e7ois L\u00e9on Benouville (<a href=\"http:\/\/www.marquesdecollections.fr\/detail.cfm\/marque\/5624\/total\/1\" target=\"_blank\" rel=\"noopener\">L. 228c<\/a>) bottom left. <\/p>\n<p>Born in Paris in 1821, Fran\u00e7ois L\u00e9on Benouville apprenticed in the studio of Fran\u00e7ois \u00c9douard Picot at the Ecole des Beaux-Arts in 1837. Younger brother of the landscape artist Achille Benouville, he started at the Salon of 1838. After obtaining the great Prix \u200b\u200bde Rome for painting in 1845, L\u00e9on left for his stay at the Villa Medici in the company of his brother, winner of the grand prize for historical landscape the same year. In Italy, L\u00e9on devoted himself to history painting, developing a predilection for religious subjects. On his return to France, he obtained public recognition with Saint-Fran\u00e7ois d&#8217;Assise, transported dying to Sainte-Marie-des-Anges, blessed the city of Assisi, exhibited at the Salon of 1853 and purchased for the Luxembourg museum ( now in the Mus\u00e9e d&#8217;Orsay, Paris). He died prematurely at the age of 38 of typhoid fever.<br \/>\n<figure id=\"attachment_672\" aria-describedby=\"caption-attachment-672\" style=\"width: 206px\" class=\"wp-caption alignleft\"><img loading=\"lazy\" decoding=\"async\" class=\"wp-image-672 size-medium\" style=\"box-sizing: border-box; -webkit-font-smoothing: antialiased; height: auto; max-width: 100%; margin: 0px; padding: 0px; border: 0px; font-size: 16px; font-family: inherit; text-align: inherit; display: block;\" tabindex=\"0\" role=\"button\" src=\"http:\/\/artesepia.com\/wp-content\/uploads\/2024\/03\/IMG_6981-206x300.jpg\" alt=\"\" width=\"206\" height=\"300\" aria-describedby=\"caption-attachment-672\" data-attachment-id=\"672\" data-permalink=\"https:\/\/artesepia.com\/2024\/03\/07\/benouville\/img_6981\/\" data-orig-file=\"https:\/\/artesepia.com\/wp-content\/uploads\/2024\/03\/IMG_6981-scaled.jpg\" data-orig-size=\"1757,2560\" data-comments-opened=\"1\" data-image-meta=\"{&quot;aperture&quot;:&quot;1.8&quot;,&quot;credit&quot;:&quot;&quot;,&quot;camera&quot;:&quot;iPhone XS Max&quot;,&quot;caption&quot;:&quot;&quot;,&quot;created_timestamp&quot;:&quot;1676560528&quot;,&quot;copyright&quot;:&quot;&quot;,&quot;focal_length&quot;:&quot;4.25&quot;,&quot;iso&quot;:&quot;100&quot;,&quot;shutter_speed&quot;:&quot;0.0098039215686275&quot;,&quot;title&quot;:&quot;&quot;,&quot;orientation&quot;:&quot;1&quot;}\" data-image-title=\"IMG_6981\" data-image-description=\"\" data-image-caption=\"&quot;&lt;p\" \/><figcaption id=\"caption-attachment-672\" class=\"wp-caption-text\">Fig. 1<\/figcaption><\/figure><br \/>\n&nbsp; This study sheet of a standing man could not be directly linked to a work known of the artist. We could, however, compare it to a drawing <em>from A Draped Man Study, Half Legs <\/em><a href=\"https:\/\/artesepia.com\/2024\/03\/07\/benouville\/#_ftn1\" name=\"_ftnref1\">[1]<\/a> (fig. 1) executed in black pencil presenting a similar attitude with a variation in the positioning of the left hand. Made in red chalk, the drawing was undoubtedly squared off by the artist with a view to being reported for a larger pictorial composition. &nbsp; <\/p>\n<p>Condition report \u2013 Good general condition. Gluing marks at the four corners of the sheet on the back. &nbsp; &nbsp; &nbsp; &nbsp; &nbsp;<\/p>\n<p><a href=\"https:\/\/artesepia.com\/2024\/03\/07\/benouville\/#_ftnref1\" name=\"_ftn1\">[1]<\/a>&nbsp;Black pencil and white highlights on bis paper; 365 x 245mm; private collection. See. Marie-Madeleine Aubrun,&nbsp;<em>L\u00e9on Benouville (1821-1859). Catalog raisonn\u00e9 of the work<\/em>, Nantes, 1981, p. 315, D. 544.<\/p>\n","protected":false},"excerpt":{"rendered":"<p>Fran\u00e7ois L\u00e9on Benouville&nbsp;said&nbsp;L\u00e9on Benouville Paris, 1821 \u2013 1859 Study of a man draped standing with his right arm raised to the sky Sanguine on beige paper. 319 x 232 mm &#8211; 12 9\/16 x 9 1\/8 in. Stamp of the artist Fran\u00e7ois L\u00e9on Benouville (L. 228c) bottom left. Born in Paris in 1821, Fran\u00e7ois L\u00e9on [&hellip;]<\/p>\n","protected":false},"featured_media":8616,"template":"","meta":{"_themeisle_gutenberg_block_has_review":false},"product_brand":[],"product_cat":[78],"product_tag":[37,161,346,353,477,28,96],"class_list":{"0":"post-8555","1":"product","2":"type-product","3":"status-publish","4":"has-post-thumbnail","6":"product_cat-french-school","7":"product_tag-19th","8":"product_tag-preparatory-drawing","9":"product_tag-19th-century-drawings","10":"product_tag-gallery","11":"product_tag-n20","12":"product_tag-red-chalk","13":"product_tag-religious-subject","15":"first","16":"outofstock","17":"taxable","18":"shipping-taxable","19":"purchasable","20":"product-type-simple"},"yoast_head":"<!-- This site is optimized with the Yoast SEO plugin v27.4 - https:\/\/yoast.com\/product\/yoast-seo-wordpress\/ -->\n<title>Study of a man draped standing with his right arm raised towards the sky by Fran\u00e7ois L\u00e9on Benouville known as L\u00e9on Benouville<\/title>\n<meta name=\"description\" content=\"Fran\u00e7ois L\u00e9on Benouville&nbsp;said&nbsp;L\u00e9on Benouville Paris, 1821 \u2013 1859 Study of a man draped standing with his right arm raised to the sky Sanguine on beige paper. 319 x 232 mm - 12 9\/16 x 9 1\/8 in. Stamp of the artist Fran\u00e7ois L\u00e9on Benouville (L. 228c) bottom left. Born in Paris in 1821, Fran\u00e7ois L\u00e9on&hellip;\" \/>\n<meta name=\"robots\" content=\"index, follow, max-snippet:-1, max-image-preview:large, max-video-preview:-1\" \/>\n<link rel=\"canonical\" href=\"http:\/\/Fran\u00e7ois%20L\u00e9on%20Benouville&nbsp;said&nbsp;L\u00e9on%20Benouville%20Paris,%201821%20\u2013%201859%20Study%20of%20a%20man%20draped%20standing%20with%20his%20right%20arm%20raised%20to%20the%20sky%20Sanguine%20on%20beige%20paper.%20319%20x%20232%20mm%20-%2012%209\/16%20x%209%201\/8%20in.%20Stamp%20of%20the%20artist%20Fran\u00e7ois%20L\u00e9on%20Benouville%20(L.%20228c)%20bottom%20left.%20Born%20in%20Paris%20in%201821,%20Fran\u00e7ois%20L\u00e9on&hellip;\" \/>\n<meta property=\"og:locale\" content=\"en_US\" \/>\n<meta property=\"og:type\" content=\"article\" \/>\n<meta property=\"og:title\" content=\"Study of a man draped standing with his right arm raised towards the sky by Fran\u00e7ois L\u00e9on Benouville known as L\u00e9on Benouville\" \/>\n<meta property=\"og:description\" content=\"Fran\u00e7ois L\u00e9on Benouville&nbsp;said&nbsp;L\u00e9on Benouville Paris, 1821 \u2013 1859 Study of a man draped standing with his right arm raised to the sky Sanguine on beige paper. 319 x 232 mm - 12 9\/16 x 9 1\/8 in. Stamp of the artist Fran\u00e7ois L\u00e9on Benouville (L. 228c) bottom left. Born in Paris in 1821, Fran\u00e7ois L\u00e9on&hellip;\" \/>\n<meta property=\"og:url\" content=\"https:\/\/drawings-online.com\/en\/product\/study-of-a-man-draped-standing-with-his-right-arm-raised-towards-the-sky-by-francois-leon-benouville-known-as-leon-benouville\/\" \/>\n<meta property=\"og:site_name\" content=\"Drawings-online\" \/>\n<meta property=\"article:publisher\" content=\"https:\/\/www.facebook.com\/people\/Drawings-online\/100034942735866\/\" \/>\n<meta property=\"article:modified_time\" content=\"2025-01-08T14:42:31+00:00\" \/>\n<meta property=\"og:image\" content=\"https:\/\/drawings-online.com\/wp-content\/uploads\/2024\/09\/BJ8A2948_1-1024x1024.png\" \/>\n\t<meta property=\"og:image:width\" content=\"1024\" \/>\n\t<meta property=\"og:image:height\" content=\"1024\" \/>\n\t<meta property=\"og:image:type\" content=\"image\/png\" \/>\n<meta name=\"twitter:card\" content=\"summary_large_image\" \/>\n<meta name=\"twitter:site\" content=\"@OnlineDrawings\" \/>\n<meta name=\"twitter:label1\" content=\"Est. reading time\" \/>\n\t<meta name=\"twitter:data1\" content=\"2 minutes\" \/>\n<script type=\"application\/ld+json\" class=\"yoast-schema-graph\">{\"@context\":\"https:\\\/\\\/schema.org\",\"@graph\":[{\"@type\":\"WebPage\",\"@id\":\"https:\\\/\\\/drawings-online.com\\\/en\\\/product\\\/study-of-a-man-draped-standing-with-his-right-arm-raised-towards-the-sky-by-francois-leon-benouville-known-as-leon-benouville\\\/\",\"url\":\"https:\\\/\\\/drawings-online.com\\\/en\\\/product\\\/study-of-a-man-draped-standing-with-his-right-arm-raised-towards-the-sky-by-francois-leon-benouville-known-as-leon-benouville\\\/\",\"name\":\"\u00c9tude d\u2019homme drap\u00e9 debout le bras droit lev\u00e9 vers le ciel par Fran\u00e7ois L\u00e9on Benouville\u00a0dit\u00a0L\u00e9on Benouville - Drawings-online\",\"isPartOf\":{\"@id\":\"https:\\\/\\\/drawings-online.com\\\/#website\"},\"primaryImageOfPage\":{\"@id\":\"https:\\\/\\\/drawings-online.com\\\/en\\\/product\\\/study-of-a-man-draped-standing-with-his-right-arm-raised-towards-the-sky-by-francois-leon-benouville-known-as-leon-benouville\\\/#primaryimage\"},\"image\":{\"@id\":\"https:\\\/\\\/drawings-online.com\\\/en\\\/product\\\/study-of-a-man-draped-standing-with-his-right-arm-raised-towards-the-sky-by-francois-leon-benouville-known-as-leon-benouville\\\/#primaryimage\"},\"thumbnailUrl\":\"https:\\\/\\\/drawings-online.com\\\/wp-content\\\/uploads\\\/2024\\\/09\\\/BJ8A2948_1.png\",\"datePublished\":\"2024-09-12T16:00:39+00:00\",\"dateModified\":\"2025-01-08T14:42:31+00:00\",\"breadcrumb\":{\"@id\":\"https:\\\/\\\/drawings-online.com\\\/en\\\/product\\\/study-of-a-man-draped-standing-with-his-right-arm-raised-towards-the-sky-by-francois-leon-benouville-known-as-leon-benouville\\\/#breadcrumb\"},\"inLanguage\":\"en-US\",\"potentialAction\":[{\"@type\":\"ReadAction\",\"target\":[\"https:\\\/\\\/drawings-online.com\\\/en\\\/product\\\/study-of-a-man-draped-standing-with-his-right-arm-raised-towards-the-sky-by-francois-leon-benouville-known-as-leon-benouville\\\/\"]}]},{\"@type\":\"ImageObject\",\"inLanguage\":\"en-US\",\"@id\":\"https:\\\/\\\/drawings-online.com\\\/en\\\/product\\\/study-of-a-man-draped-standing-with-his-right-arm-raised-towards-the-sky-by-francois-leon-benouville-known-as-leon-benouville\\\/#primaryimage\",\"url\":\"https:\\\/\\\/drawings-online.com\\\/wp-content\\\/uploads\\\/2024\\\/09\\\/BJ8A2948_1.png\",\"contentUrl\":\"https:\\\/\\\/drawings-online.com\\\/wp-content\\\/uploads\\\/2024\\\/09\\\/BJ8A2948_1.png\",\"width\":1800,\"height\":1800},{\"@type\":\"BreadcrumbList\",\"@id\":\"https:\\\/\\\/drawings-online.com\\\/en\\\/product\\\/study-of-a-man-draped-standing-with-his-right-arm-raised-towards-the-sky-by-francois-leon-benouville-known-as-leon-benouville\\\/#breadcrumb\",\"itemListElement\":[{\"@type\":\"ListItem\",\"position\":1,\"name\":\"Works available\",\"item\":\"https:\\\/\\\/drawings-online.com\\\/\"},{\"@type\":\"ListItem\",\"position\":2,\"name\":\"Gallery\",\"item\":\"https:\\\/\\\/drawings-online.com\\\/galerie\\\/\"},{\"@type\":\"ListItem\",\"position\":3,\"name\":\"19e\",\"item\":\"https:\\\/\\\/drawings-online.com\\\/product_tag\\\/19e\\\/\"},{\"@type\":\"ListItem\",\"position\":4,\"name\":\"Study of a man draped standing with his right arm raised towards the sky by Fran\u00e7ois L\u00e9on Benouville known as L\u00e9on Benouville\"}]},{\"@type\":\"WebSite\",\"@id\":\"https:\\\/\\\/drawings-online.com\\\/en\\\/#website\",\"url\":\"https:\\\/\\\/drawings-online.com\\\/en\\\/\",\"name\":\"Drawings-online\",\"description\":\"Dessins en ligne\",\"publisher\":{\"@id\":\"https:\\\/\\\/drawings-online.com\\\/en\\\/#organization\"},\"potentialAction\":[{\"@type\":\"SearchAction\",\"target\":{\"@type\":\"EntryPoint\",\"urlTemplate\":\"https:\\\/\\\/drawings-online.com\\\/en\\\/?s={search_term_string}\"},\"query-input\":{\"@type\":\"PropertyValueSpecification\",\"valueRequired\":true,\"valueName\":\"search_term_string\"}}],\"inLanguage\":\"en-US\"},{\"@type\":\"Organization\",\"@id\":\"https:\\\/\\\/drawings-online.com\\\/en\\\/#organization\",\"name\":\"Drawings-online\",\"url\":\"https:\\\/\\\/drawings-online.com\\\/en\\\/\",\"logo\":{\"@type\":\"ImageObject\",\"inLanguage\":\"en-US\",\"@id\":\"https:\\\/\\\/drawings-online.com\\\/en\\\/#\\\/schema\\\/logo\\\/image\\\/\",\"url\":\"https:\\\/\\\/drawings-online.com\\\/wp-content\\\/uploads\\\/2020\\\/12\\\/drawings-icone-transp-e1607442878135.png\",\"contentUrl\":\"https:\\\/\\\/drawings-online.com\\\/wp-content\\\/uploads\\\/2020\\\/12\\\/drawings-icone-transp-e1607442878135.png\",\"width\":150,\"height\":150,\"caption\":\"Drawings-online\"},\"image\":{\"@id\":\"https:\\\/\\\/drawings-online.com\\\/en\\\/#\\\/schema\\\/logo\\\/image\\\/\"},\"sameAs\":[\"https:\\\/\\\/www.facebook.com\\\/people\\\/Drawings-online\\\/100034942735866\\\/\",\"https:\\\/\\\/x.com\\\/OnlineDrawings\",\"https:\\\/\\\/www.instagram.com\\\/drawings_online_com\\\/\"]}]}<\/script>\n<!-- \/ Yoast SEO plugin. -->","yoast_head_json":{"title":"Study of a man draped standing with his right arm raised towards the sky by Fran\u00e7ois L\u00e9on Benouville known as L\u00e9on Benouville","description":"Fran\u00e7ois L\u00e9on Benouville&nbsp;said&nbsp;L\u00e9on Benouville Paris, 1821 \u2013 1859 Study of a man draped standing with his right arm raised to the sky Sanguine on beige paper. 319 x 232 mm - 12 9\/16 x 9 1\/8 in. Stamp of the artist Fran\u00e7ois L\u00e9on Benouville (L. 228c) bottom left. Born in Paris in 1821, Fran\u00e7ois L\u00e9on&hellip;","robots":{"index":"index","follow":"follow","max-snippet":"max-snippet:-1","max-image-preview":"max-image-preview:large","max-video-preview":"max-video-preview:-1"},"canonical":"Fran\u00e7ois L\u00e9on Benouville&nbsp;said&nbsp;L\u00e9on Benouville Paris, 1821 \u2013 1859 Study of a man draped standing with his right arm raised to the sky Sanguine on beige paper. 319 x 232 mm - 12 9\/16 x 9 1\/8 in. Stamp of the artist Fran\u00e7ois L\u00e9on Benouville (L. 228c) bottom left. Born in Paris in 1821, Fran\u00e7ois L\u00e9on&hellip;","og_locale":"en_US","og_type":"article","og_title":"Study of a man draped standing with his right arm raised towards the sky by Fran\u00e7ois L\u00e9on Benouville known as L\u00e9on Benouville","og_description":"Fran\u00e7ois L\u00e9on Benouville&nbsp;said&nbsp;L\u00e9on Benouville Paris, 1821 \u2013 1859 Study of a man draped standing with his right arm raised to the sky Sanguine on beige paper. 319 x 232 mm - 12 9\/16 x 9 1\/8 in. Stamp of the artist Fran\u00e7ois L\u00e9on Benouville (L. 228c) bottom left. Born in Paris in 1821, Fran\u00e7ois L\u00e9on&hellip;","og_url":"https:\/\/drawings-online.com\/en\/product\/study-of-a-man-draped-standing-with-his-right-arm-raised-towards-the-sky-by-francois-leon-benouville-known-as-leon-benouville\/","og_site_name":"Drawings-online","article_publisher":"https:\/\/www.facebook.com\/people\/Drawings-online\/100034942735866\/","article_modified_time":"2025-01-08T14:42:31+00:00","og_image":[{"width":1024,"height":1024,"url":"https:\/\/drawings-online.com\/wp-content\/uploads\/2024\/09\/BJ8A2948_1-1024x1024.png","type":"image\/png"}],"twitter_card":"summary_large_image","twitter_site":"@OnlineDrawings","twitter_misc":{"Est. reading time":"2 minutes"},"schema":{"@context":"https:\/\/schema.org","@graph":[{"@type":"WebPage","@id":"https:\/\/drawings-online.com\/en\/product\/study-of-a-man-draped-standing-with-his-right-arm-raised-towards-the-sky-by-francois-leon-benouville-known-as-leon-benouville\/","url":"https:\/\/drawings-online.com\/en\/product\/study-of-a-man-draped-standing-with-his-right-arm-raised-towards-the-sky-by-francois-leon-benouville-known-as-leon-benouville\/","name":"\u00c9tude d\u2019homme drap\u00e9 debout le bras droit lev\u00e9 vers le ciel par Fran\u00e7ois L\u00e9on Benouville\u00a0dit\u00a0L\u00e9on Benouville - Drawings-online","isPartOf":{"@id":"https:\/\/drawings-online.com\/#website"},"primaryImageOfPage":{"@id":"https:\/\/drawings-online.com\/en\/product\/study-of-a-man-draped-standing-with-his-right-arm-raised-towards-the-sky-by-francois-leon-benouville-known-as-leon-benouville\/#primaryimage"},"image":{"@id":"https:\/\/drawings-online.com\/en\/product\/study-of-a-man-draped-standing-with-his-right-arm-raised-towards-the-sky-by-francois-leon-benouville-known-as-leon-benouville\/#primaryimage"},"thumbnailUrl":"https:\/\/drawings-online.com\/wp-content\/uploads\/2024\/09\/BJ8A2948_1.png","datePublished":"2024-09-12T16:00:39+00:00","dateModified":"2025-01-08T14:42:31+00:00","breadcrumb":{"@id":"https:\/\/drawings-online.com\/en\/product\/study-of-a-man-draped-standing-with-his-right-arm-raised-towards-the-sky-by-francois-leon-benouville-known-as-leon-benouville\/#breadcrumb"},"inLanguage":"en-US","potentialAction":[{"@type":"ReadAction","target":["https:\/\/drawings-online.com\/en\/product\/study-of-a-man-draped-standing-with-his-right-arm-raised-towards-the-sky-by-francois-leon-benouville-known-as-leon-benouville\/"]}]},{"@type":"ImageObject","inLanguage":"en-US","@id":"https:\/\/drawings-online.com\/en\/product\/study-of-a-man-draped-standing-with-his-right-arm-raised-towards-the-sky-by-francois-leon-benouville-known-as-leon-benouville\/#primaryimage","url":"https:\/\/drawings-online.com\/wp-content\/uploads\/2024\/09\/BJ8A2948_1.png","contentUrl":"https:\/\/drawings-online.com\/wp-content\/uploads\/2024\/09\/BJ8A2948_1.png","width":1800,"height":1800},{"@type":"BreadcrumbList","@id":"https:\/\/drawings-online.com\/en\/product\/study-of-a-man-draped-standing-with-his-right-arm-raised-towards-the-sky-by-francois-leon-benouville-known-as-leon-benouville\/#breadcrumb","itemListElement":[{"@type":"ListItem","position":1,"name":"Works available","item":"https:\/\/drawings-online.com\/"},{"@type":"ListItem","position":2,"name":"Gallery","item":"https:\/\/drawings-online.com\/galerie\/"},{"@type":"ListItem","position":3,"name":"19e","item":"https:\/\/drawings-online.com\/product_tag\/19e\/"},{"@type":"ListItem","position":4,"name":"Study of a man draped standing with his right arm raised towards the sky by Fran\u00e7ois L\u00e9on Benouville known as L\u00e9on Benouville"}]},{"@type":"WebSite","@id":"https:\/\/drawings-online.com\/en\/#website","url":"https:\/\/drawings-online.com\/en\/","name":"Drawings-online","description":"Dessins en ligne","publisher":{"@id":"https:\/\/drawings-online.com\/en\/#organization"},"potentialAction":[{"@type":"SearchAction","target":{"@type":"EntryPoint","urlTemplate":"https:\/\/drawings-online.com\/en\/?s={search_term_string}"},"query-input":{"@type":"PropertyValueSpecification","valueRequired":true,"valueName":"search_term_string"}}],"inLanguage":"en-US"},{"@type":"Organization","@id":"https:\/\/drawings-online.com\/en\/#organization","name":"Drawings-online","url":"https:\/\/drawings-online.com\/en\/","logo":{"@type":"ImageObject","inLanguage":"en-US","@id":"https:\/\/drawings-online.com\/en\/#\/schema\/logo\/image\/","url":"https:\/\/drawings-online.com\/wp-content\/uploads\/2020\/12\/drawings-icone-transp-e1607442878135.png","contentUrl":"https:\/\/drawings-online.com\/wp-content\/uploads\/2020\/12\/drawings-icone-transp-e1607442878135.png","width":150,"height":150,"caption":"Drawings-online"},"image":{"@id":"https:\/\/drawings-online.com\/en\/#\/schema\/logo\/image\/"},"sameAs":["https:\/\/www.facebook.com\/people\/Drawings-online\/100034942735866\/","https:\/\/x.com\/OnlineDrawings","https:\/\/www.instagram.com\/drawings_online_com\/"]}]}},"jetpack_sharing_enabled":true,"_links":{"self":[{"href":"https:\/\/drawings-online.com\/en\/wp-json\/wp\/v2\/product\/8555","targetHints":{"allow":["GET"]}}],"collection":[{"href":"https:\/\/drawings-online.com\/en\/wp-json\/wp\/v2\/product"}],"about":[{"href":"https:\/\/drawings-online.com\/en\/wp-json\/wp\/v2\/types\/product"}],"wp:featuredmedia":[{"embeddable":true,"href":"https:\/\/drawings-online.com\/en\/wp-json\/wp\/v2\/media\/8616"}],"wp:attachment":[{"href":"https:\/\/drawings-online.com\/en\/wp-json\/wp\/v2\/media?parent=8555"}],"wp:term":[{"taxonomy":"product_brand","embeddable":true,"href":"https:\/\/drawings-online.com\/en\/wp-json\/wp\/v2\/product_brand?post=8555"},{"taxonomy":"product_cat","embeddable":true,"href":"https:\/\/drawings-online.com\/en\/wp-json\/wp\/v2\/product_cat?post=8555"},{"taxonomy":"product_tag","embeddable":true,"href":"https:\/\/drawings-online.com\/en\/wp-json\/wp\/v2\/product_tag?post=8555"}],"curies":[{"name":"wp","href":"https:\/\/api.w.org\/{rel}","templated":true}]}}