{"id":8543,"date":"2024-09-12T17:45:41","date_gmt":"2024-09-12T15:45:41","guid":{"rendered":"https:\/\/drawings-online.com\/product\/\/"},"modified":"2026-01-15T18:20:40","modified_gmt":"2026-01-15T17:20:40","slug":"etude-pour-un-motif-ornemental-deux-putti-tenant-une-couronne-et-un-ecu-sur-un-navire-ecole-francaise-du-xviiie-siecle","status":"publish","type":"product","link":"https:\/\/drawings-online.com\/en\/product\/study-for-an-ornamental-motif-two-putti-holding-a-crown-and-a-shield-on-a-ship-french-school-from-the-18th-century\/","title":{"rendered":"Study for an ornamental motif: two putti holding a crown and a shield on a ship, French school from the 18th century"},"content":{"rendered":"<p><strong>French school, 18th century<\/strong><\/p>\n<p><strong><em>Study for an ornamental motif: two putti holding a crown and a shield on a ship<\/em><\/strong><\/p>\n<p>Black chalk.<\/p>\n<p>236 x 209 mm &#8211; 9 5\/16 x 8 1\/4 in<\/p>\n<p>Numbered in pencil on verso lower right: 208.<\/p>\n<p>Our drawing presents a whimsical combination of elements from ships, such as the hull, sail and anchor, with elements taken from nature, such as the frail uprooted tree, birds, fish and shell, forming a hybrid motif, a boat somewhere between an island and a ship, on which two putti are happily frolicking, seeming to have discovered a treasure chest from which they are taking a crown and a shield.<\/p>\n<figure id=\"attachment_8544\" aria-describedby=\"caption-attachment-8544\" style=\"width: 207px\" class=\"wp-caption alignleft\"><a href=\"https:\/\/drawings-online.com\/wp-content\/uploads\/2024\/09\/1068_doucet_4est408_000008.jpg\"><img loading=\"lazy\" decoding=\"async\" class=\"wp-image-8544 size-medium\" src=\"https:\/\/drawings-online.com\/wp-content\/uploads\/2024\/09\/1068_doucet_4est408_000008-207x300.jpg\" alt=\"\" width=\"207\" height=\"300\" srcset=\"https:\/\/drawings-online.com\/wp-content\/uploads\/2024\/09\/1068_doucet_4est408_000008-207x300.jpg 207w, https:\/\/drawings-online.com\/wp-content\/uploads\/2024\/09\/1068_doucet_4est408_000008-705x1024.jpg 705w, https:\/\/drawings-online.com\/wp-content\/uploads\/2024\/09\/1068_doucet_4est408_000008-768x1115.jpg 768w, https:\/\/drawings-online.com\/wp-content\/uploads\/2024\/09\/1068_doucet_4est408_000008-1058x1536.jpg 1058w, https:\/\/drawings-online.com\/wp-content\/uploads\/2024\/09\/1068_doucet_4est408_000008-300x436.jpg 300w, https:\/\/drawings-online.com\/wp-content\/uploads\/2024\/09\/1068_doucet_4est408_000008-600x871.jpg 600w, https:\/\/drawings-online.com\/wp-content\/uploads\/2024\/09\/1068_doucet_4est408_000008.jpg 1100w\" sizes=\"auto, (max-width: 207px) 100vw, 207px\" \/><\/a><figcaption id=\"caption-attachment-8544\" class=\"wp-caption-text\">Ill.1<\/figcaption><\/figure>\n<p>This motif may be preparatory to a cartouche for a book frontispiece or painted decoration. Close to the rocaille style initiated by the ornamentalists Gilles-Marie Oppenord (Paris, 1672-1742) and Juste-Aur\u00e8le Meissonnier (Turin, 1695-Paris, 1750), it is also close to the works of Jacques de Lajo\u00fce (Paris, 1686-1761).<\/p>\n<p>This drawing uses elements found in an engraving of a trophy of arms illustrating water from a suite of six pieces numbered&nbsp;<em>Troph\u00e9es d\u2019armes Moithey l\u2019a\u00een\u00e9 sculp., Crepy excudit. (Ill.1)<\/em><\/p>\n<p>Condition report \u2013 slight oxidation stains throughout the sheet.<\/p>\n","protected":false},"excerpt":{"rendered":"<p>French school, 18th century Study for an ornamental motif: two putti holding a crown and a shield on a ship Black chalk. 236 x 209 mm &#8211; 9 5\/16 x 8 1\/4 in Numbered in pencil on verso lower right: 208. Our drawing presents a whimsical combination of elements from ships, such as the hull, [&hellip;]<\/p>\n","protected":false},"featured_media":8642,"template":"","meta":{"_themeisle_gutenberg_block_has_review":false},"product_brand":[],"product_cat":[78],"product_tag":[24,210,125,345,353,477,494,156,16],"class_list":{"0":"post-8543","1":"product","2":"type-product","3":"status-publish","4":"has-post-thumbnail","6":"product_cat-french-school","7":"product_tag-18th","8":"product_tag-baroque","9":"product_tag-ornamental-designs","10":"product_tag-old-master-drawings","11":"product_tag-gallery","12":"product_tag-n20","13":"product_tag-christmas","14":"product_tag-ornamentalist","15":"product_tag-black-chalk","17":"first","18":"instock","19":"taxable","20":"shipping-taxable","21":"purchasable","22":"product-type-simple"},"yoast_head":"<!-- This site is optimized with the Yoast SEO plugin v27.4 - https:\/\/yoast.com\/product\/yoast-seo-wordpress\/ -->\n<title>Study for an ornamental motif: two putti holding a crown and a shield on a ship, French school from the 18th century<\/title>\n<meta name=\"description\" content=\"French school, 18th century Study for an ornamental motif: two putti holding a crown and a shield on a ship Black chalk. 236 x 209 mm - 9 5\/16 x 8 1\/4 in Numbered in pencil on verso lower right: 208. Our drawing presents a whimsical combination of elements from ships, such as the hull,&hellip;\" \/>\n<meta name=\"robots\" content=\"index, follow, max-snippet:-1, max-image-preview:large, max-video-preview:-1\" \/>\n<link rel=\"canonical\" href=\"\" \/>\n<meta property=\"og:locale\" content=\"en_US\" \/>\n<meta property=\"og:type\" content=\"article\" \/>\n<meta property=\"og:title\" content=\"Study for an ornamental motif: two putti holding a crown and a shield on a ship, French school from the 18th century\" \/>\n<meta property=\"og:description\" content=\"French school, 18th century Study for an ornamental motif: two putti holding a crown and a shield on a ship Black chalk. 236 x 209 mm - 9 5\/16 x 8 1\/4 in Numbered in pencil on verso lower right: 208. Our drawing presents a whimsical combination of elements from ships, such as the hull,&hellip;\" \/>\n<meta property=\"og:url\" content=\"https:\/\/drawings-online.com\/en\/product\/study-for-an-ornamental-motif-two-putti-holding-a-crown-and-a-shield-on-a-ship-french-school-from-the-18th-century\/\" \/>\n<meta property=\"og:site_name\" content=\"Drawings-online\" \/>\n<meta property=\"article:publisher\" content=\"https:\/\/www.facebook.com\/people\/Drawings-online\/100034942735866\/\" \/>\n<meta property=\"article:modified_time\" content=\"2026-01-15T17:20:40+00:00\" \/>\n<meta property=\"og:image\" content=\"https:\/\/drawings-online.com\/wp-content\/uploads\/2024\/09\/DSC_6620_1-1024x1024.png\" \/>\n\t<meta property=\"og:image:width\" content=\"1024\" \/>\n\t<meta property=\"og:image:height\" content=\"1024\" \/>\n\t<meta property=\"og:image:type\" content=\"image\/png\" \/>\n<meta name=\"twitter:card\" content=\"summary_large_image\" \/>\n<meta name=\"twitter:site\" content=\"@OnlineDrawings\" \/>\n<meta name=\"twitter:label1\" content=\"Est. reading time\" \/>\n\t<meta name=\"twitter:data1\" content=\"1 minute\" \/>\n<script type=\"application\/ld+json\" class=\"yoast-schema-graph\">{\"@context\":\"https:\\\/\\\/schema.org\",\"@graph\":[{\"@type\":\"WebPage\",\"@id\":\"https:\\\/\\\/drawings-online.com\\\/en\\\/product\\\/study-for-an-ornamental-motif-two-putti-holding-a-crown-and-a-shield-on-a-ship-french-school-from-the-18th-century\\\/\",\"url\":\"https:\\\/\\\/drawings-online.com\\\/en\\\/product\\\/study-for-an-ornamental-motif-two-putti-holding-a-crown-and-a-shield-on-a-ship-french-school-from-the-18th-century\\\/\",\"name\":\"\u00c9tude pour un motif ornemental\u00a0: deux putti tenant une couronne et un \u00e9cu sur un navire, \u00c9cole fran\u00e7aise du XVIIIe\u00a0si\u00e8cle - Drawings-online\",\"isPartOf\":{\"@id\":\"https:\\\/\\\/drawings-online.com\\\/#website\"},\"primaryImageOfPage\":{\"@id\":\"https:\\\/\\\/drawings-online.com\\\/en\\\/product\\\/study-for-an-ornamental-motif-two-putti-holding-a-crown-and-a-shield-on-a-ship-french-school-from-the-18th-century\\\/#primaryimage\"},\"image\":{\"@id\":\"https:\\\/\\\/drawings-online.com\\\/en\\\/product\\\/study-for-an-ornamental-motif-two-putti-holding-a-crown-and-a-shield-on-a-ship-french-school-from-the-18th-century\\\/#primaryimage\"},\"thumbnailUrl\":\"https:\\\/\\\/drawings-online.com\\\/wp-content\\\/uploads\\\/2024\\\/09\\\/DSC_6620_1.png\",\"datePublished\":\"2024-09-12T15:45:41+00:00\",\"dateModified\":\"2026-01-15T17:20:40+00:00\",\"breadcrumb\":{\"@id\":\"https:\\\/\\\/drawings-online.com\\\/en\\\/product\\\/study-for-an-ornamental-motif-two-putti-holding-a-crown-and-a-shield-on-a-ship-french-school-from-the-18th-century\\\/#breadcrumb\"},\"inLanguage\":\"en-US\",\"potentialAction\":[{\"@type\":\"ReadAction\",\"target\":[\"https:\\\/\\\/drawings-online.com\\\/en\\\/product\\\/study-for-an-ornamental-motif-two-putti-holding-a-crown-and-a-shield-on-a-ship-french-school-from-the-18th-century\\\/\"]}]},{\"@type\":\"ImageObject\",\"inLanguage\":\"en-US\",\"@id\":\"https:\\\/\\\/drawings-online.com\\\/en\\\/product\\\/study-for-an-ornamental-motif-two-putti-holding-a-crown-and-a-shield-on-a-ship-french-school-from-the-18th-century\\\/#primaryimage\",\"url\":\"https:\\\/\\\/drawings-online.com\\\/wp-content\\\/uploads\\\/2024\\\/09\\\/DSC_6620_1.png\",\"contentUrl\":\"https:\\\/\\\/drawings-online.com\\\/wp-content\\\/uploads\\\/2024\\\/09\\\/DSC_6620_1.png\",\"width\":1800,\"height\":1800},{\"@type\":\"BreadcrumbList\",\"@id\":\"https:\\\/\\\/drawings-online.com\\\/en\\\/product\\\/study-for-an-ornamental-motif-two-putti-holding-a-crown-and-a-shield-on-a-ship-french-school-from-the-18th-century\\\/#breadcrumb\",\"itemListElement\":[{\"@type\":\"ListItem\",\"position\":1,\"name\":\"Works available\",\"item\":\"https:\\\/\\\/drawings-online.com\\\/\"},{\"@type\":\"ListItem\",\"position\":2,\"name\":\"Gallery\",\"item\":\"https:\\\/\\\/drawings-online.com\\\/galerie\\\/\"},{\"@type\":\"ListItem\",\"position\":3,\"name\":\"18e\",\"item\":\"https:\\\/\\\/drawings-online.com\\\/product_tag\\\/18e\\\/\"},{\"@type\":\"ListItem\",\"position\":4,\"name\":\"Study for an ornamental motif: two putti holding a crown and a shield on a ship, French school from the 18th century\"}]},{\"@type\":\"WebSite\",\"@id\":\"https:\\\/\\\/drawings-online.com\\\/en\\\/#website\",\"url\":\"https:\\\/\\\/drawings-online.com\\\/en\\\/\",\"name\":\"Drawings-online\",\"description\":\"Dessins en ligne\",\"publisher\":{\"@id\":\"https:\\\/\\\/drawings-online.com\\\/en\\\/#organization\"},\"potentialAction\":[{\"@type\":\"SearchAction\",\"target\":{\"@type\":\"EntryPoint\",\"urlTemplate\":\"https:\\\/\\\/drawings-online.com\\\/en\\\/?s={search_term_string}\"},\"query-input\":{\"@type\":\"PropertyValueSpecification\",\"valueRequired\":true,\"valueName\":\"search_term_string\"}}],\"inLanguage\":\"en-US\"},{\"@type\":\"Organization\",\"@id\":\"https:\\\/\\\/drawings-online.com\\\/en\\\/#organization\",\"name\":\"Drawings-online\",\"url\":\"https:\\\/\\\/drawings-online.com\\\/en\\\/\",\"logo\":{\"@type\":\"ImageObject\",\"inLanguage\":\"en-US\",\"@id\":\"https:\\\/\\\/drawings-online.com\\\/en\\\/#\\\/schema\\\/logo\\\/image\\\/\",\"url\":\"https:\\\/\\\/drawings-online.com\\\/wp-content\\\/uploads\\\/2020\\\/12\\\/drawings-icone-transp-e1607442878135.png\",\"contentUrl\":\"https:\\\/\\\/drawings-online.com\\\/wp-content\\\/uploads\\\/2020\\\/12\\\/drawings-icone-transp-e1607442878135.png\",\"width\":150,\"height\":150,\"caption\":\"Drawings-online\"},\"image\":{\"@id\":\"https:\\\/\\\/drawings-online.com\\\/en\\\/#\\\/schema\\\/logo\\\/image\\\/\"},\"sameAs\":[\"https:\\\/\\\/www.facebook.com\\\/people\\\/Drawings-online\\\/100034942735866\\\/\",\"https:\\\/\\\/x.com\\\/OnlineDrawings\",\"https:\\\/\\\/www.instagram.com\\\/drawings_online_com\\\/\"]}]}<\/script>\n<!-- \/ Yoast SEO plugin. -->","yoast_head_json":{"title":"Study for an ornamental motif: two putti holding a crown and a shield on a ship, French school from the 18th century","description":"French school, 18th century Study for an ornamental motif: two putti holding a crown and a shield on a ship Black chalk. 236 x 209 mm - 9 5\/16 x 8 1\/4 in Numbered in pencil on verso lower right: 208. Our drawing presents a whimsical combination of elements from ships, such as the hull,&hellip;","robots":{"index":"index","follow":"follow","max-snippet":"max-snippet:-1","max-image-preview":"max-image-preview:large","max-video-preview":"max-video-preview:-1"},"canonical":"French school, 18th century Study for an ornamental motif: two putti holding a crown and a shield on a ship Black chalk. 236 x 209 mm - 9 5\/16 x 8 1\/4 in Numbered in pencil on verso lower right: 208. Our drawing presents a whimsical combination of elements from ships, such as the hull,&hellip;","og_locale":"en_US","og_type":"article","og_title":"Study for an ornamental motif: two putti holding a crown and a shield on a ship, French school from the 18th century","og_description":"French school, 18th century Study for an ornamental motif: two putti holding a crown and a shield on a ship Black chalk. 236 x 209 mm - 9 5\/16 x 8 1\/4 in Numbered in pencil on verso lower right: 208. Our drawing presents a whimsical combination of elements from ships, such as the hull,&hellip;","og_url":"https:\/\/drawings-online.com\/en\/product\/study-for-an-ornamental-motif-two-putti-holding-a-crown-and-a-shield-on-a-ship-french-school-from-the-18th-century\/","og_site_name":"Drawings-online","article_publisher":"https:\/\/www.facebook.com\/people\/Drawings-online\/100034942735866\/","article_modified_time":"2026-01-15T17:20:40+00:00","og_image":[{"width":1024,"height":1024,"url":"https:\/\/drawings-online.com\/wp-content\/uploads\/2024\/09\/DSC_6620_1-1024x1024.png","type":"image\/png"}],"twitter_card":"summary_large_image","twitter_site":"@OnlineDrawings","twitter_misc":{"Est. reading time":"1 minute"},"schema":{"@context":"https:\/\/schema.org","@graph":[{"@type":"WebPage","@id":"https:\/\/drawings-online.com\/en\/product\/study-for-an-ornamental-motif-two-putti-holding-a-crown-and-a-shield-on-a-ship-french-school-from-the-18th-century\/","url":"https:\/\/drawings-online.com\/en\/product\/study-for-an-ornamental-motif-two-putti-holding-a-crown-and-a-shield-on-a-ship-french-school-from-the-18th-century\/","name":"\u00c9tude pour un motif ornemental\u00a0: deux putti tenant une couronne et un \u00e9cu sur un navire, \u00c9cole fran\u00e7aise du XVIIIe\u00a0si\u00e8cle - Drawings-online","isPartOf":{"@id":"https:\/\/drawings-online.com\/#website"},"primaryImageOfPage":{"@id":"https:\/\/drawings-online.com\/en\/product\/study-for-an-ornamental-motif-two-putti-holding-a-crown-and-a-shield-on-a-ship-french-school-from-the-18th-century\/#primaryimage"},"image":{"@id":"https:\/\/drawings-online.com\/en\/product\/study-for-an-ornamental-motif-two-putti-holding-a-crown-and-a-shield-on-a-ship-french-school-from-the-18th-century\/#primaryimage"},"thumbnailUrl":"https:\/\/drawings-online.com\/wp-content\/uploads\/2024\/09\/DSC_6620_1.png","datePublished":"2024-09-12T15:45:41+00:00","dateModified":"2026-01-15T17:20:40+00:00","breadcrumb":{"@id":"https:\/\/drawings-online.com\/en\/product\/study-for-an-ornamental-motif-two-putti-holding-a-crown-and-a-shield-on-a-ship-french-school-from-the-18th-century\/#breadcrumb"},"inLanguage":"en-US","potentialAction":[{"@type":"ReadAction","target":["https:\/\/drawings-online.com\/en\/product\/study-for-an-ornamental-motif-two-putti-holding-a-crown-and-a-shield-on-a-ship-french-school-from-the-18th-century\/"]}]},{"@type":"ImageObject","inLanguage":"en-US","@id":"https:\/\/drawings-online.com\/en\/product\/study-for-an-ornamental-motif-two-putti-holding-a-crown-and-a-shield-on-a-ship-french-school-from-the-18th-century\/#primaryimage","url":"https:\/\/drawings-online.com\/wp-content\/uploads\/2024\/09\/DSC_6620_1.png","contentUrl":"https:\/\/drawings-online.com\/wp-content\/uploads\/2024\/09\/DSC_6620_1.png","width":1800,"height":1800},{"@type":"BreadcrumbList","@id":"https:\/\/drawings-online.com\/en\/product\/study-for-an-ornamental-motif-two-putti-holding-a-crown-and-a-shield-on-a-ship-french-school-from-the-18th-century\/#breadcrumb","itemListElement":[{"@type":"ListItem","position":1,"name":"Works available","item":"https:\/\/drawings-online.com\/"},{"@type":"ListItem","position":2,"name":"Gallery","item":"https:\/\/drawings-online.com\/galerie\/"},{"@type":"ListItem","position":3,"name":"18e","item":"https:\/\/drawings-online.com\/product_tag\/18e\/"},{"@type":"ListItem","position":4,"name":"Study for an ornamental motif: two putti holding a crown and a shield on a ship, French school from the 18th century"}]},{"@type":"WebSite","@id":"https:\/\/drawings-online.com\/en\/#website","url":"https:\/\/drawings-online.com\/en\/","name":"Drawings-online","description":"Dessins en ligne","publisher":{"@id":"https:\/\/drawings-online.com\/en\/#organization"},"potentialAction":[{"@type":"SearchAction","target":{"@type":"EntryPoint","urlTemplate":"https:\/\/drawings-online.com\/en\/?s={search_term_string}"},"query-input":{"@type":"PropertyValueSpecification","valueRequired":true,"valueName":"search_term_string"}}],"inLanguage":"en-US"},{"@type":"Organization","@id":"https:\/\/drawings-online.com\/en\/#organization","name":"Drawings-online","url":"https:\/\/drawings-online.com\/en\/","logo":{"@type":"ImageObject","inLanguage":"en-US","@id":"https:\/\/drawings-online.com\/en\/#\/schema\/logo\/image\/","url":"https:\/\/drawings-online.com\/wp-content\/uploads\/2020\/12\/drawings-icone-transp-e1607442878135.png","contentUrl":"https:\/\/drawings-online.com\/wp-content\/uploads\/2020\/12\/drawings-icone-transp-e1607442878135.png","width":150,"height":150,"caption":"Drawings-online"},"image":{"@id":"https:\/\/drawings-online.com\/en\/#\/schema\/logo\/image\/"},"sameAs":["https:\/\/www.facebook.com\/people\/Drawings-online\/100034942735866\/","https:\/\/x.com\/OnlineDrawings","https:\/\/www.instagram.com\/drawings_online_com\/"]}]}},"jetpack_sharing_enabled":true,"_links":{"self":[{"href":"https:\/\/drawings-online.com\/en\/wp-json\/wp\/v2\/product\/8543","targetHints":{"allow":["GET"]}}],"collection":[{"href":"https:\/\/drawings-online.com\/en\/wp-json\/wp\/v2\/product"}],"about":[{"href":"https:\/\/drawings-online.com\/en\/wp-json\/wp\/v2\/types\/product"}],"wp:featuredmedia":[{"embeddable":true,"href":"https:\/\/drawings-online.com\/en\/wp-json\/wp\/v2\/media\/8642"}],"wp:attachment":[{"href":"https:\/\/drawings-online.com\/en\/wp-json\/wp\/v2\/media?parent=8543"}],"wp:term":[{"taxonomy":"product_brand","embeddable":true,"href":"https:\/\/drawings-online.com\/en\/wp-json\/wp\/v2\/product_brand?post=8543"},{"taxonomy":"product_cat","embeddable":true,"href":"https:\/\/drawings-online.com\/en\/wp-json\/wp\/v2\/product_cat?post=8543"},{"taxonomy":"product_tag","embeddable":true,"href":"https:\/\/drawings-online.com\/en\/wp-json\/wp\/v2\/product_tag?post=8543"}],"curies":[{"name":"wp","href":"https:\/\/api.w.org\/{rel}","templated":true}]}}