{"id":8534,"date":"2024-09-11T12:03:19","date_gmt":"2024-09-11T10:03:19","guid":{"rendered":"https:\/\/drawings-online.com\/product\/\/"},"modified":"2025-11-11T14:45:58","modified_gmt":"2025-11-11T13:45:58","slug":"vue-du-palais-bourbon-au-travers-darbres-par-anthelme-francois-lagrenee","status":"publish","type":"product","link":"https:\/\/drawings-online.com\/en\/product\/view-of-the-bourbon-palace-through-trees-by-anthelme-francois-lagrenee\/","title":{"rendered":"View of the Bourbon Palace (?), through trees by Anthelme-Fran\u00e7ois LAGRENEE"},"content":{"rendered":"<p><strong>Anthelme-Fran\u00e7ois LAGRENEE<\/strong> <br \/>Paris, 1774 &#8211; 1832 <br \/><strong>View of the Bourbon Palace (?), through trees<\/strong> <br \/>Black chalk, gray ink and wash, highlights of white gouache on beige paper laid down by the high border to an old mounty. <br \/>165 x 219 mm &#8211; 6 1\/2 x 8 5\/8 in. <br \/>Signed \u00ab Lagren\u00e9e \u00bb at the bottom right and numbered 17 at the top right. &nbsp; <\/p>\n<p>Anthelme-Fran\u00e7ois Lagren\u00e9e, born December 14, 1774 and died April 27, 1832, was a French painter, son of Louis-Jean-Fran\u00e7ois Lagren\u00e9e. He studied in Vincent&#8217;s studio then had to give up fine arts for a while to satisfy military requisition in 1793, before returning to painting and exhibiting at the Salon from 1799. Like his father and uncle, he traveled to Russia where he enjoyed the favor of Emperor Alexander I. Residing for several years in the city of Saint Petersburg, he painted several portraits for the emperor, as well as historical paintings. On his return to France, he devoted himself mainly to cameos and miniatures.<br \/>\n<figure style=\"width: 300px\" class=\"wp-caption alignleft\"><a href=\"https:\/\/drawings-online.com\/wp-content\/uploads\/2024\/09\/lagrenee2.jpg\"><img loading=\"lazy\" decoding=\"async\" class=\"size-medium wp-image-8536\" src=\"https:\/\/drawings-online.com\/wp-content\/uploads\/2024\/09\/lagrenee2-300x204.jpg\" alt=\"\" width=\"300\" height=\"204\" srcset=\"https:\/\/drawings-online.com\/wp-content\/uploads\/2024\/09\/lagrenee2-300x204.jpg 300w, https:\/\/drawings-online.com\/wp-content\/uploads\/2024\/09\/lagrenee2-600x407.jpg 600w, https:\/\/drawings-online.com\/wp-content\/uploads\/2024\/09\/lagrenee2.jpg 604w\" sizes=\"auto, (max-width: 300px) 100vw, 300px\" \/><\/a><figcaption class=\"wp-caption-text\">Ill. 2<\/figcaption><\/figure><br \/>\n<figure style=\"width: 300px\" class=\"wp-caption alignright\"><a href=\"https:\/\/drawings-online.com\/wp-content\/uploads\/2024\/09\/lagrenee1.jpg\"><img loading=\"lazy\" decoding=\"async\" class=\"size-medium wp-image-8537\" src=\"https:\/\/drawings-online.com\/wp-content\/uploads\/2024\/09\/lagrenee1-300x201.jpg\" alt=\"\" width=\"300\" height=\"201\" srcset=\"https:\/\/drawings-online.com\/wp-content\/uploads\/2024\/09\/lagrenee1-300x201.jpg 300w, https:\/\/drawings-online.com\/wp-content\/uploads\/2024\/09\/lagrenee1-600x403.jpg 600w, https:\/\/drawings-online.com\/wp-content\/uploads\/2024\/09\/lagrenee1.jpg 618w\" sizes=\"auto, (max-width: 300px) 100vw, 300px\" \/><\/a><figcaption class=\"wp-caption-text\">Ill. 1<\/figcaption><\/figure><br \/>\nAnthelme-Fran\u00e7ois remains best known for his miniatures even if a spectacular drawing <em>of a Greek warrior chased by a tiger while his horse is attacked by two lions<\/em> recently entered the market and joined the Art Institute of Chicago <a href=\"#_edn1\" name=\"_ednref1\">[i]<\/a>. <\/p>\n<p>The Louvre keeps travel diaries and landscape drawings to which ours can be compared. So this <em>view of the Louvre through the trees<\/em> (Ill. 1) whose treatment of foliage is comparable. We also find the same signature on this other drawing <em>from a staircase near a low wall framed by trees<\/em> (Ill. 2). The building sketched in the background recalls the facade of the Palais Bourbon, a hypothesis supported by the existence of this view of the Louvre of the same kind. &nbsp; <\/p>\n<p>Condition report \u2013 Good general condition. Two small tears on the bottom edge, in the middle. <\/p>\n<p><a href=\"#_ednref1\" name=\"_edn1\">[i]<\/a> <a href=\"https:\/\/www.latribunedelart.com\/un-dessin-de-lagrenee-fils-pour-chicago\">Alexandre Lafore &#8211; Article by <em>The Art Tribune<\/em> from September 13, 2023<\/a><\/p>\n","protected":false},"excerpt":{"rendered":"<p>Anthelme-Fran\u00e7ois LAGRENEE Paris, 1774 &#8211; 1832 View of the Bourbon Palace (?), through trees Black chalk, gray ink and wash, highlights of white gouache on beige paper laid down by the high border to an old mounty. 165 x 219 mm &#8211; 6 1\/2 x 8 5\/8 in. Signed \u00ab Lagren\u00e9e \u00bb at the bottom [&hellip;]<\/p>\n","protected":false},"featured_media":8646,"template":"","meta":{"_themeisle_gutenberg_block_has_review":false},"product_brand":[],"product_cat":[78],"product_tag":[24,37,195,345,353,26,477,120,16,27,259],"class_list":{"0":"post-8534","1":"product","2":"type-product","3":"status-publish","4":"has-post-thumbnail","6":"product_cat-french-school","7":"product_tag-18th","8":"product_tag-19th","9":"product_tag-tree","10":"product_tag-old-master-drawings","11":"product_tag-gallery","12":"product_tag-gray-wash","13":"product_tag-n20","14":"product_tag-landscape","15":"product_tag-black-chalk","16":"product_tag-heightened-with-white","17":"product_tag-view-of-paris","19":"first","20":"instock","21":"taxable","22":"shipping-taxable","23":"purchasable","24":"product-type-simple"},"yoast_head":"<!-- This site is optimized with the Yoast SEO plugin v27.4 - https:\/\/yoast.com\/product\/yoast-seo-wordpress\/ -->\n<title>View of the Bourbon Palace (?), through trees by Anthelme-Fran\u00e7ois LAGRENEE<\/title>\n<meta name=\"description\" content=\"Anthelme-Fran\u00e7ois LAGRENEE Paris, 1774 - 1832 View of the Bourbon Palace (?), through trees Black chalk, gray ink and wash, highlights of white gouache on beige paper laid down by the high border to an old mounty. 165 x 219 mm - 6 1\/2 x 8 5\/8 in. Signed \u00ab Lagren\u00e9e \u00bb at the bottom&hellip;\" \/>\n<meta name=\"robots\" content=\"index, follow, max-snippet:-1, max-image-preview:large, max-video-preview:-1\" \/>\n<link rel=\"canonical\" href=\"http:\/\/Anthelme-Fran\u00e7ois%20LAGRENEE%20Paris,%201774%20-%201832%20View%20of%20the%20Bourbon%20Palace%20(?),%20through%20trees%20Black%20chalk,%20gray%20ink%20and%20wash,%20highlights%20of%20white%20gouache%20on%20beige%20paper%20laid%20down%20by%20the%20high%20border%20to%20an%20old%20mounty.%20165%20x%20219%20mm%20-%206%201\/2%20x%208%205\/8%20in.%20Signed%20\u00ab%20Lagren\u00e9e%20\u00bb%20at%20the%20bottom&hellip;\" \/>\n<meta property=\"og:locale\" content=\"en_US\" \/>\n<meta property=\"og:type\" content=\"article\" \/>\n<meta property=\"og:title\" content=\"View of the Bourbon Palace (?), through trees by Anthelme-Fran\u00e7ois LAGRENEE\" \/>\n<meta property=\"og:description\" content=\"Anthelme-Fran\u00e7ois LAGRENEE Paris, 1774 - 1832 View of the Bourbon Palace (?), through trees Black chalk, gray ink and wash, highlights of white gouache on beige paper laid down by the high border to an old mounty. 165 x 219 mm - 6 1\/2 x 8 5\/8 in. Signed \u00ab Lagren\u00e9e \u00bb at the bottom&hellip;\" \/>\n<meta property=\"og:url\" content=\"https:\/\/drawings-online.com\/en\/product\/view-of-the-bourbon-palace-through-trees-by-anthelme-francois-lagrenee\/\" \/>\n<meta property=\"og:site_name\" content=\"Drawings-online\" \/>\n<meta property=\"article:publisher\" content=\"https:\/\/www.facebook.com\/people\/Drawings-online\/100034942735866\/\" \/>\n<meta property=\"article:modified_time\" content=\"2025-11-11T13:45:58+00:00\" \/>\n<meta property=\"og:image\" content=\"https:\/\/drawings-online.com\/wp-content\/uploads\/2024\/09\/BJ8A3391_1-1024x1024.png\" \/>\n\t<meta property=\"og:image:width\" content=\"1024\" \/>\n\t<meta property=\"og:image:height\" content=\"1024\" \/>\n\t<meta property=\"og:image:type\" content=\"image\/png\" \/>\n<meta name=\"twitter:card\" content=\"summary_large_image\" \/>\n<meta name=\"twitter:site\" content=\"@OnlineDrawings\" \/>\n<meta name=\"twitter:label1\" content=\"Est. reading time\" \/>\n\t<meta name=\"twitter:data1\" content=\"2 minutes\" \/>\n<script type=\"application\/ld+json\" class=\"yoast-schema-graph\">{\"@context\":\"https:\\\/\\\/schema.org\",\"@graph\":[{\"@type\":\"WebPage\",\"@id\":\"https:\\\/\\\/drawings-online.com\\\/en\\\/product\\\/view-of-the-bourbon-palace-through-trees-by-anthelme-francois-lagrenee\\\/\",\"url\":\"https:\\\/\\\/drawings-online.com\\\/en\\\/product\\\/view-of-the-bourbon-palace-through-trees-by-anthelme-francois-lagrenee\\\/\",\"name\":\"Vue du palais Bourbon\u00a0(?), au travers d\u2019arbres par Anthelme-Fran\u00e7ois Lagren\u00e9e - Drawings-online\",\"isPartOf\":{\"@id\":\"https:\\\/\\\/drawings-online.com\\\/#website\"},\"primaryImageOfPage\":{\"@id\":\"https:\\\/\\\/drawings-online.com\\\/en\\\/product\\\/view-of-the-bourbon-palace-through-trees-by-anthelme-francois-lagrenee\\\/#primaryimage\"},\"image\":{\"@id\":\"https:\\\/\\\/drawings-online.com\\\/en\\\/product\\\/view-of-the-bourbon-palace-through-trees-by-anthelme-francois-lagrenee\\\/#primaryimage\"},\"thumbnailUrl\":\"https:\\\/\\\/drawings-online.com\\\/wp-content\\\/uploads\\\/2024\\\/09\\\/BJ8A3391_1.png\",\"datePublished\":\"2024-09-11T10:03:19+00:00\",\"dateModified\":\"2025-11-11T13:45:58+00:00\",\"breadcrumb\":{\"@id\":\"https:\\\/\\\/drawings-online.com\\\/en\\\/product\\\/view-of-the-bourbon-palace-through-trees-by-anthelme-francois-lagrenee\\\/#breadcrumb\"},\"inLanguage\":\"en-US\",\"potentialAction\":[{\"@type\":\"ReadAction\",\"target\":[\"https:\\\/\\\/drawings-online.com\\\/en\\\/product\\\/view-of-the-bourbon-palace-through-trees-by-anthelme-francois-lagrenee\\\/\"]}]},{\"@type\":\"ImageObject\",\"inLanguage\":\"en-US\",\"@id\":\"https:\\\/\\\/drawings-online.com\\\/en\\\/product\\\/view-of-the-bourbon-palace-through-trees-by-anthelme-francois-lagrenee\\\/#primaryimage\",\"url\":\"https:\\\/\\\/drawings-online.com\\\/wp-content\\\/uploads\\\/2024\\\/09\\\/BJ8A3391_1.png\",\"contentUrl\":\"https:\\\/\\\/drawings-online.com\\\/wp-content\\\/uploads\\\/2024\\\/09\\\/BJ8A3391_1.png\",\"width\":1800,\"height\":1800},{\"@type\":\"BreadcrumbList\",\"@id\":\"https:\\\/\\\/drawings-online.com\\\/en\\\/product\\\/view-of-the-bourbon-palace-through-trees-by-anthelme-francois-lagrenee\\\/#breadcrumb\",\"itemListElement\":[{\"@type\":\"ListItem\",\"position\":1,\"name\":\"Works available\",\"item\":\"https:\\\/\\\/drawings-online.com\\\/\"},{\"@type\":\"ListItem\",\"position\":2,\"name\":\"Gallery\",\"item\":\"https:\\\/\\\/drawings-online.com\\\/galerie\\\/\"},{\"@type\":\"ListItem\",\"position\":3,\"name\":\"18e\",\"item\":\"https:\\\/\\\/drawings-online.com\\\/product_tag\\\/18e\\\/\"},{\"@type\":\"ListItem\",\"position\":4,\"name\":\"View of the Bourbon Palace (?), through trees by Anthelme-Fran\u00e7ois LAGRENEE\"}]},{\"@type\":\"WebSite\",\"@id\":\"https:\\\/\\\/drawings-online.com\\\/en\\\/#website\",\"url\":\"https:\\\/\\\/drawings-online.com\\\/en\\\/\",\"name\":\"Drawings-online\",\"description\":\"Dessins en ligne\",\"publisher\":{\"@id\":\"https:\\\/\\\/drawings-online.com\\\/en\\\/#organization\"},\"potentialAction\":[{\"@type\":\"SearchAction\",\"target\":{\"@type\":\"EntryPoint\",\"urlTemplate\":\"https:\\\/\\\/drawings-online.com\\\/en\\\/?s={search_term_string}\"},\"query-input\":{\"@type\":\"PropertyValueSpecification\",\"valueRequired\":true,\"valueName\":\"search_term_string\"}}],\"inLanguage\":\"en-US\"},{\"@type\":\"Organization\",\"@id\":\"https:\\\/\\\/drawings-online.com\\\/en\\\/#organization\",\"name\":\"Drawings-online\",\"url\":\"https:\\\/\\\/drawings-online.com\\\/en\\\/\",\"logo\":{\"@type\":\"ImageObject\",\"inLanguage\":\"en-US\",\"@id\":\"https:\\\/\\\/drawings-online.com\\\/en\\\/#\\\/schema\\\/logo\\\/image\\\/\",\"url\":\"https:\\\/\\\/drawings-online.com\\\/wp-content\\\/uploads\\\/2020\\\/12\\\/drawings-icone-transp-e1607442878135.png\",\"contentUrl\":\"https:\\\/\\\/drawings-online.com\\\/wp-content\\\/uploads\\\/2020\\\/12\\\/drawings-icone-transp-e1607442878135.png\",\"width\":150,\"height\":150,\"caption\":\"Drawings-online\"},\"image\":{\"@id\":\"https:\\\/\\\/drawings-online.com\\\/en\\\/#\\\/schema\\\/logo\\\/image\\\/\"},\"sameAs\":[\"https:\\\/\\\/www.facebook.com\\\/people\\\/Drawings-online\\\/100034942735866\\\/\",\"https:\\\/\\\/x.com\\\/OnlineDrawings\",\"https:\\\/\\\/www.instagram.com\\\/drawings_online_com\\\/\"]}]}<\/script>\n<!-- \/ Yoast SEO plugin. -->","yoast_head_json":{"title":"View of the Bourbon Palace (?), through trees by Anthelme-Fran\u00e7ois LAGRENEE","description":"Anthelme-Fran\u00e7ois LAGRENEE Paris, 1774 - 1832 View of the Bourbon Palace (?), through trees Black chalk, gray ink and wash, highlights of white gouache on beige paper laid down by the high border to an old mounty. 165 x 219 mm - 6 1\/2 x 8 5\/8 in. Signed \u00ab Lagren\u00e9e \u00bb at the bottom&hellip;","robots":{"index":"index","follow":"follow","max-snippet":"max-snippet:-1","max-image-preview":"max-image-preview:large","max-video-preview":"max-video-preview:-1"},"canonical":"Anthelme-Fran\u00e7ois LAGRENEE Paris, 1774 - 1832 View of the Bourbon Palace (?), through trees Black chalk, gray ink and wash, highlights of white gouache on beige paper laid down by the high border to an old mounty. 165 x 219 mm - 6 1\/2 x 8 5\/8 in. Signed \u00ab Lagren\u00e9e \u00bb at the bottom&hellip;","og_locale":"en_US","og_type":"article","og_title":"View of the Bourbon Palace (?), through trees by Anthelme-Fran\u00e7ois LAGRENEE","og_description":"Anthelme-Fran\u00e7ois LAGRENEE Paris, 1774 - 1832 View of the Bourbon Palace (?), through trees Black chalk, gray ink and wash, highlights of white gouache on beige paper laid down by the high border to an old mounty. 165 x 219 mm - 6 1\/2 x 8 5\/8 in. Signed \u00ab Lagren\u00e9e \u00bb at the bottom&hellip;","og_url":"https:\/\/drawings-online.com\/en\/product\/view-of-the-bourbon-palace-through-trees-by-anthelme-francois-lagrenee\/","og_site_name":"Drawings-online","article_publisher":"https:\/\/www.facebook.com\/people\/Drawings-online\/100034942735866\/","article_modified_time":"2025-11-11T13:45:58+00:00","og_image":[{"width":1024,"height":1024,"url":"https:\/\/drawings-online.com\/wp-content\/uploads\/2024\/09\/BJ8A3391_1-1024x1024.png","type":"image\/png"}],"twitter_card":"summary_large_image","twitter_site":"@OnlineDrawings","twitter_misc":{"Est. reading time":"2 minutes"},"schema":{"@context":"https:\/\/schema.org","@graph":[{"@type":"WebPage","@id":"https:\/\/drawings-online.com\/en\/product\/view-of-the-bourbon-palace-through-trees-by-anthelme-francois-lagrenee\/","url":"https:\/\/drawings-online.com\/en\/product\/view-of-the-bourbon-palace-through-trees-by-anthelme-francois-lagrenee\/","name":"Vue du palais Bourbon\u00a0(?), au travers d\u2019arbres par Anthelme-Fran\u00e7ois Lagren\u00e9e - Drawings-online","isPartOf":{"@id":"https:\/\/drawings-online.com\/#website"},"primaryImageOfPage":{"@id":"https:\/\/drawings-online.com\/en\/product\/view-of-the-bourbon-palace-through-trees-by-anthelme-francois-lagrenee\/#primaryimage"},"image":{"@id":"https:\/\/drawings-online.com\/en\/product\/view-of-the-bourbon-palace-through-trees-by-anthelme-francois-lagrenee\/#primaryimage"},"thumbnailUrl":"https:\/\/drawings-online.com\/wp-content\/uploads\/2024\/09\/BJ8A3391_1.png","datePublished":"2024-09-11T10:03:19+00:00","dateModified":"2025-11-11T13:45:58+00:00","breadcrumb":{"@id":"https:\/\/drawings-online.com\/en\/product\/view-of-the-bourbon-palace-through-trees-by-anthelme-francois-lagrenee\/#breadcrumb"},"inLanguage":"en-US","potentialAction":[{"@type":"ReadAction","target":["https:\/\/drawings-online.com\/en\/product\/view-of-the-bourbon-palace-through-trees-by-anthelme-francois-lagrenee\/"]}]},{"@type":"ImageObject","inLanguage":"en-US","@id":"https:\/\/drawings-online.com\/en\/product\/view-of-the-bourbon-palace-through-trees-by-anthelme-francois-lagrenee\/#primaryimage","url":"https:\/\/drawings-online.com\/wp-content\/uploads\/2024\/09\/BJ8A3391_1.png","contentUrl":"https:\/\/drawings-online.com\/wp-content\/uploads\/2024\/09\/BJ8A3391_1.png","width":1800,"height":1800},{"@type":"BreadcrumbList","@id":"https:\/\/drawings-online.com\/en\/product\/view-of-the-bourbon-palace-through-trees-by-anthelme-francois-lagrenee\/#breadcrumb","itemListElement":[{"@type":"ListItem","position":1,"name":"Works available","item":"https:\/\/drawings-online.com\/"},{"@type":"ListItem","position":2,"name":"Gallery","item":"https:\/\/drawings-online.com\/galerie\/"},{"@type":"ListItem","position":3,"name":"18e","item":"https:\/\/drawings-online.com\/product_tag\/18e\/"},{"@type":"ListItem","position":4,"name":"View of the Bourbon Palace (?), through trees by Anthelme-Fran\u00e7ois LAGRENEE"}]},{"@type":"WebSite","@id":"https:\/\/drawings-online.com\/en\/#website","url":"https:\/\/drawings-online.com\/en\/","name":"Drawings-online","description":"Dessins en ligne","publisher":{"@id":"https:\/\/drawings-online.com\/en\/#organization"},"potentialAction":[{"@type":"SearchAction","target":{"@type":"EntryPoint","urlTemplate":"https:\/\/drawings-online.com\/en\/?s={search_term_string}"},"query-input":{"@type":"PropertyValueSpecification","valueRequired":true,"valueName":"search_term_string"}}],"inLanguage":"en-US"},{"@type":"Organization","@id":"https:\/\/drawings-online.com\/en\/#organization","name":"Drawings-online","url":"https:\/\/drawings-online.com\/en\/","logo":{"@type":"ImageObject","inLanguage":"en-US","@id":"https:\/\/drawings-online.com\/en\/#\/schema\/logo\/image\/","url":"https:\/\/drawings-online.com\/wp-content\/uploads\/2020\/12\/drawings-icone-transp-e1607442878135.png","contentUrl":"https:\/\/drawings-online.com\/wp-content\/uploads\/2020\/12\/drawings-icone-transp-e1607442878135.png","width":150,"height":150,"caption":"Drawings-online"},"image":{"@id":"https:\/\/drawings-online.com\/en\/#\/schema\/logo\/image\/"},"sameAs":["https:\/\/www.facebook.com\/people\/Drawings-online\/100034942735866\/","https:\/\/x.com\/OnlineDrawings","https:\/\/www.instagram.com\/drawings_online_com\/"]}]}},"jetpack_sharing_enabled":true,"_links":{"self":[{"href":"https:\/\/drawings-online.com\/en\/wp-json\/wp\/v2\/product\/8534","targetHints":{"allow":["GET"]}}],"collection":[{"href":"https:\/\/drawings-online.com\/en\/wp-json\/wp\/v2\/product"}],"about":[{"href":"https:\/\/drawings-online.com\/en\/wp-json\/wp\/v2\/types\/product"}],"wp:featuredmedia":[{"embeddable":true,"href":"https:\/\/drawings-online.com\/en\/wp-json\/wp\/v2\/media\/8646"}],"wp:attachment":[{"href":"https:\/\/drawings-online.com\/en\/wp-json\/wp\/v2\/media?parent=8534"}],"wp:term":[{"taxonomy":"product_brand","embeddable":true,"href":"https:\/\/drawings-online.com\/en\/wp-json\/wp\/v2\/product_brand?post=8534"},{"taxonomy":"product_cat","embeddable":true,"href":"https:\/\/drawings-online.com\/en\/wp-json\/wp\/v2\/product_cat?post=8534"},{"taxonomy":"product_tag","embeddable":true,"href":"https:\/\/drawings-online.com\/en\/wp-json\/wp\/v2\/product_tag?post=8534"}],"curies":[{"name":"wp","href":"https:\/\/api.w.org\/{rel}","templated":true}]}}