{"id":8496,"date":"2024-03-04T15:40:58","date_gmt":"2024-03-04T14:40:58","guid":{"rendered":"https:\/\/drawings-online.com\/product\/\/"},"modified":"2024-03-05T14:40:10","modified_gmt":"2024-03-05T13:40:10","slug":"paysage-anime-ecole-italienne-ou-francaise-du-xviiie-siecle","status":"publish","type":"product","link":"https:\/\/drawings-online.com\/en\/product\/landscape-anime-school-italian-or-francaise-du-xviiie-siecle\/","title":{"rendered":"Lively landscape, Italian or French school of the 18th century"},"content":{"rendered":"<p><strong>Italian or French school<\/strong><strong>&nbsp;from the 18th century<\/strong><\/p>\n<p><em><strong>Animated landscape<\/strong><\/em><\/p>\n<p>Black chalk rehightened with white on blue paper.<\/p>\n<p>297 x 239 mm \u2013 11 11\/16 x 9 7\/16 in.<\/p>\n<p>Cartridge \u00ab Zuccarelli \u00bb on the mount.<\/p>\n<p>Annotated \u00ab Zuccarelli \u00bb in ink on the back of the mount.<\/p>\n<p>&nbsp;<\/p>\n<p>Very beautiful study with black chalk rehightened with white on blue paper of a landscape with a tree in the foreground on the left, and shepherds and their herds heading towards a plain below.<\/p>\n<p>A small cartel glued to an old mount mentions the name of&nbsp;<em>Zucarelli&nbsp;<\/em>in reference to the Venetian painter and draughtsman, Francesco Zucarelli (Pitigliano, 1702-Florence, 1788). We prefer not to keep this attribution, the style removed and the way of representing the foliage of the trees does not correspond to his way to draw usually encountered in the graphic works of this artist.<\/p>\n<p>Blue paper is reminiscent of the Venetian school but was also widely used in France during the 18th century.<\/p>\n<p>Condition report: Laid down on an old mount. Beautiful condition.<\/p>\n","protected":false},"excerpt":{"rendered":"<p>Italian or French school&nbsp;from the 18th century Animated landscape Black chalk rehightened with white on blue paper. 297 x 239 mm \u2013 11 11\/16 x 9 7\/16 in. Cartridge \u00ab Zuccarelli \u00bb on the mount. Annotated \u00ab Zuccarelli \u00bb in ink on the back of the mount. &nbsp; Very beautiful study with black chalk rehightened [&hellip;]<\/p>\n","protected":false},"featured_media":8497,"template":"","meta":{"_themeisle_gutenberg_block_has_review":false},"product_brand":[],"product_cat":[78,79],"product_tag":[24,345,353,470,17,120,16,27],"class_list":{"0":"post-8496","1":"product","2":"type-product","3":"status-publish","4":"has-post-thumbnail","6":"product_cat-french-school","7":"product_cat-italian-school","8":"product_tag-18th","9":"product_tag-old-master-drawings","10":"product_tag-gallery","11":"product_tag-n19","12":"product_tag-blue-paper","13":"product_tag-landscape","14":"product_tag-black-chalk","15":"product_tag-heightened-with-white","17":"first","18":"instock","19":"taxable","20":"shipping-taxable","21":"purchasable","22":"product-type-simple"},"yoast_head":"<!-- This site is optimized with the Yoast SEO plugin v27.4 - https:\/\/yoast.com\/product\/yoast-seo-wordpress\/ -->\n<title>Lively landscape, Italian or French school of the 18th century<\/title>\n<meta name=\"description\" content=\"Italian or French school&nbsp;from the 18th century Animated landscape Black chalk rehightened with white on blue paper. 297 x 239 mm \u2013 11 11\/16 x 9 7\/16 in. Cartridge \u00ab Zuccarelli \u00bb on the mount. Annotated \u00ab Zuccarelli \u00bb in ink on the back of the mount. &nbsp; Very beautiful study with black chalk rehightened&hellip;\" \/>\n<meta name=\"robots\" content=\"index, follow, max-snippet:-1, max-image-preview:large, max-video-preview:-1\" \/>\n<link rel=\"canonical\" href=\"http:\/\/Italian%20or%20French%20school&nbsp;from%20the%2018th%20century%20Animated%20landscape%20Black%20chalk%20rehightened%20with%20white%20on%20blue%20paper.%20297%20x%20239%20mm%20\u2013%2011%2011\/16%20x%209%207\/16%20in.%20Cartridge%20\u00ab%20Zuccarelli%20\u00bb%20on%20the%20mount.%20Annotated%20\u00ab%20Zuccarelli%20\u00bb%20in%20ink%20on%20the%20back%20of%20the%20mount.%20&nbsp;%20Very%20beautiful%20study%20with%20black%20chalk%20rehightened&hellip;\" \/>\n<meta property=\"og:locale\" content=\"en_US\" \/>\n<meta property=\"og:type\" content=\"article\" \/>\n<meta property=\"og:title\" content=\"Lively landscape, Italian or French school of the 18th century\" \/>\n<meta property=\"og:description\" content=\"Italian or French school&nbsp;from the 18th century Animated landscape Black chalk rehightened with white on blue paper. 297 x 239 mm \u2013 11 11\/16 x 9 7\/16 in. Cartridge \u00ab Zuccarelli \u00bb on the mount. Annotated \u00ab Zuccarelli \u00bb in ink on the back of the mount. &nbsp; Very beautiful study with black chalk rehightened&hellip;\" \/>\n<meta property=\"og:url\" content=\"https:\/\/drawings-online.com\/en\/product\/landscape-anime-school-italian-or-francaise-du-xviiie-siecle\/\" \/>\n<meta property=\"og:site_name\" content=\"Drawings-online\" \/>\n<meta property=\"article:publisher\" content=\"https:\/\/www.facebook.com\/people\/Drawings-online\/100034942735866\/\" \/>\n<meta property=\"article:modified_time\" content=\"2024-03-05T13:40:10+00:00\" \/>\n<meta property=\"og:image\" content=\"https:\/\/drawings-online.com\/wp-content\/uploads\/2024\/03\/BJ8A3339_1-1024x1024.png\" \/>\n\t<meta property=\"og:image:width\" content=\"1024\" \/>\n\t<meta property=\"og:image:height\" content=\"1024\" \/>\n\t<meta property=\"og:image:type\" content=\"image\/png\" \/>\n<meta name=\"twitter:card\" content=\"summary_large_image\" \/>\n<meta name=\"twitter:site\" content=\"@OnlineDrawings\" \/>\n<meta name=\"twitter:label1\" content=\"Est. reading time\" \/>\n\t<meta name=\"twitter:data1\" content=\"1 minute\" \/>\n<script type=\"application\/ld+json\" class=\"yoast-schema-graph\">{\"@context\":\"https:\\\/\\\/schema.org\",\"@graph\":[{\"@type\":\"WebPage\",\"@id\":\"https:\\\/\\\/drawings-online.com\\\/en\\\/product\\\/landscape-anime-school-italian-or-francaise-du-xviiie-siecle\\\/\",\"url\":\"https:\\\/\\\/drawings-online.com\\\/en\\\/product\\\/landscape-anime-school-italian-or-francaise-du-xviiie-siecle\\\/\",\"name\":\"Paysage anim\u00e9, \u00e9cole italienne ou fran\u00e7aise\u00a0du XVIIIe si\u00e8cle - Drawings-online\",\"isPartOf\":{\"@id\":\"https:\\\/\\\/drawings-online.com\\\/#website\"},\"primaryImageOfPage\":{\"@id\":\"https:\\\/\\\/drawings-online.com\\\/en\\\/product\\\/landscape-anime-school-italian-or-francaise-du-xviiie-siecle\\\/#primaryimage\"},\"image\":{\"@id\":\"https:\\\/\\\/drawings-online.com\\\/en\\\/product\\\/landscape-anime-school-italian-or-francaise-du-xviiie-siecle\\\/#primaryimage\"},\"thumbnailUrl\":\"https:\\\/\\\/drawings-online.com\\\/wp-content\\\/uploads\\\/2024\\\/03\\\/BJ8A3339_1.png\",\"datePublished\":\"2024-03-04T14:40:58+00:00\",\"dateModified\":\"2024-03-05T13:40:10+00:00\",\"breadcrumb\":{\"@id\":\"https:\\\/\\\/drawings-online.com\\\/en\\\/product\\\/landscape-anime-school-italian-or-francaise-du-xviiie-siecle\\\/#breadcrumb\"},\"inLanguage\":\"en-US\",\"potentialAction\":[{\"@type\":\"ReadAction\",\"target\":[\"https:\\\/\\\/drawings-online.com\\\/en\\\/product\\\/landscape-anime-school-italian-or-francaise-du-xviiie-siecle\\\/\"]}]},{\"@type\":\"ImageObject\",\"inLanguage\":\"en-US\",\"@id\":\"https:\\\/\\\/drawings-online.com\\\/en\\\/product\\\/landscape-anime-school-italian-or-francaise-du-xviiie-siecle\\\/#primaryimage\",\"url\":\"https:\\\/\\\/drawings-online.com\\\/wp-content\\\/uploads\\\/2024\\\/03\\\/BJ8A3339_1.png\",\"contentUrl\":\"https:\\\/\\\/drawings-online.com\\\/wp-content\\\/uploads\\\/2024\\\/03\\\/BJ8A3339_1.png\",\"width\":1800,\"height\":1800},{\"@type\":\"BreadcrumbList\",\"@id\":\"https:\\\/\\\/drawings-online.com\\\/en\\\/product\\\/landscape-anime-school-italian-or-francaise-du-xviiie-siecle\\\/#breadcrumb\",\"itemListElement\":[{\"@type\":\"ListItem\",\"position\":1,\"name\":\"Works available\",\"item\":\"https:\\\/\\\/drawings-online.com\\\/\"},{\"@type\":\"ListItem\",\"position\":2,\"name\":\"Gallery\",\"item\":\"https:\\\/\\\/drawings-online.com\\\/galerie\\\/\"},{\"@type\":\"ListItem\",\"position\":3,\"name\":\"18e\",\"item\":\"https:\\\/\\\/drawings-online.com\\\/product_tag\\\/18e\\\/\"},{\"@type\":\"ListItem\",\"position\":4,\"name\":\"Lively landscape, Italian or French school of the 18th century\"}]},{\"@type\":\"WebSite\",\"@id\":\"https:\\\/\\\/drawings-online.com\\\/en\\\/#website\",\"url\":\"https:\\\/\\\/drawings-online.com\\\/en\\\/\",\"name\":\"Drawings-online\",\"description\":\"Dessins en ligne\",\"publisher\":{\"@id\":\"https:\\\/\\\/drawings-online.com\\\/en\\\/#organization\"},\"potentialAction\":[{\"@type\":\"SearchAction\",\"target\":{\"@type\":\"EntryPoint\",\"urlTemplate\":\"https:\\\/\\\/drawings-online.com\\\/en\\\/?s={search_term_string}\"},\"query-input\":{\"@type\":\"PropertyValueSpecification\",\"valueRequired\":true,\"valueName\":\"search_term_string\"}}],\"inLanguage\":\"en-US\"},{\"@type\":\"Organization\",\"@id\":\"https:\\\/\\\/drawings-online.com\\\/en\\\/#organization\",\"name\":\"Drawings-online\",\"url\":\"https:\\\/\\\/drawings-online.com\\\/en\\\/\",\"logo\":{\"@type\":\"ImageObject\",\"inLanguage\":\"en-US\",\"@id\":\"https:\\\/\\\/drawings-online.com\\\/en\\\/#\\\/schema\\\/logo\\\/image\\\/\",\"url\":\"https:\\\/\\\/drawings-online.com\\\/wp-content\\\/uploads\\\/2020\\\/12\\\/drawings-icone-transp-e1607442878135.png\",\"contentUrl\":\"https:\\\/\\\/drawings-online.com\\\/wp-content\\\/uploads\\\/2020\\\/12\\\/drawings-icone-transp-e1607442878135.png\",\"width\":150,\"height\":150,\"caption\":\"Drawings-online\"},\"image\":{\"@id\":\"https:\\\/\\\/drawings-online.com\\\/en\\\/#\\\/schema\\\/logo\\\/image\\\/\"},\"sameAs\":[\"https:\\\/\\\/www.facebook.com\\\/people\\\/Drawings-online\\\/100034942735866\\\/\",\"https:\\\/\\\/x.com\\\/OnlineDrawings\",\"https:\\\/\\\/www.instagram.com\\\/drawings_online_com\\\/\"]}]}<\/script>\n<!-- \/ Yoast SEO plugin. -->","yoast_head_json":{"title":"Lively landscape, Italian or French school of the 18th century","description":"Italian or French school&nbsp;from the 18th century Animated landscape Black chalk rehightened with white on blue paper. 297 x 239 mm \u2013 11 11\/16 x 9 7\/16 in. Cartridge \u00ab Zuccarelli \u00bb on the mount. Annotated \u00ab Zuccarelli \u00bb in ink on the back of the mount. &nbsp; Very beautiful study with black chalk rehightened&hellip;","robots":{"index":"index","follow":"follow","max-snippet":"max-snippet:-1","max-image-preview":"max-image-preview:large","max-video-preview":"max-video-preview:-1"},"canonical":"Italian or French school&nbsp;from the 18th century Animated landscape Black chalk rehightened with white on blue paper. 297 x 239 mm \u2013 11 11\/16 x 9 7\/16 in. Cartridge \u00ab Zuccarelli \u00bb on the mount. Annotated \u00ab Zuccarelli \u00bb in ink on the back of the mount. &nbsp; Very beautiful study with black chalk rehightened&hellip;","og_locale":"en_US","og_type":"article","og_title":"Lively landscape, Italian or French school of the 18th century","og_description":"Italian or French school&nbsp;from the 18th century Animated landscape Black chalk rehightened with white on blue paper. 297 x 239 mm \u2013 11 11\/16 x 9 7\/16 in. Cartridge \u00ab Zuccarelli \u00bb on the mount. Annotated \u00ab Zuccarelli \u00bb in ink on the back of the mount. &nbsp; Very beautiful study with black chalk rehightened&hellip;","og_url":"https:\/\/drawings-online.com\/en\/product\/landscape-anime-school-italian-or-francaise-du-xviiie-siecle\/","og_site_name":"Drawings-online","article_publisher":"https:\/\/www.facebook.com\/people\/Drawings-online\/100034942735866\/","article_modified_time":"2024-03-05T13:40:10+00:00","og_image":[{"width":1024,"height":1024,"url":"https:\/\/drawings-online.com\/wp-content\/uploads\/2024\/03\/BJ8A3339_1-1024x1024.png","type":"image\/png"}],"twitter_card":"summary_large_image","twitter_site":"@OnlineDrawings","twitter_misc":{"Est. reading time":"1 minute"},"schema":{"@context":"https:\/\/schema.org","@graph":[{"@type":"WebPage","@id":"https:\/\/drawings-online.com\/en\/product\/landscape-anime-school-italian-or-francaise-du-xviiie-siecle\/","url":"https:\/\/drawings-online.com\/en\/product\/landscape-anime-school-italian-or-francaise-du-xviiie-siecle\/","name":"Paysage anim\u00e9, \u00e9cole italienne ou fran\u00e7aise\u00a0du XVIIIe si\u00e8cle - Drawings-online","isPartOf":{"@id":"https:\/\/drawings-online.com\/#website"},"primaryImageOfPage":{"@id":"https:\/\/drawings-online.com\/en\/product\/landscape-anime-school-italian-or-francaise-du-xviiie-siecle\/#primaryimage"},"image":{"@id":"https:\/\/drawings-online.com\/en\/product\/landscape-anime-school-italian-or-francaise-du-xviiie-siecle\/#primaryimage"},"thumbnailUrl":"https:\/\/drawings-online.com\/wp-content\/uploads\/2024\/03\/BJ8A3339_1.png","datePublished":"2024-03-04T14:40:58+00:00","dateModified":"2024-03-05T13:40:10+00:00","breadcrumb":{"@id":"https:\/\/drawings-online.com\/en\/product\/landscape-anime-school-italian-or-francaise-du-xviiie-siecle\/#breadcrumb"},"inLanguage":"en-US","potentialAction":[{"@type":"ReadAction","target":["https:\/\/drawings-online.com\/en\/product\/landscape-anime-school-italian-or-francaise-du-xviiie-siecle\/"]}]},{"@type":"ImageObject","inLanguage":"en-US","@id":"https:\/\/drawings-online.com\/en\/product\/landscape-anime-school-italian-or-francaise-du-xviiie-siecle\/#primaryimage","url":"https:\/\/drawings-online.com\/wp-content\/uploads\/2024\/03\/BJ8A3339_1.png","contentUrl":"https:\/\/drawings-online.com\/wp-content\/uploads\/2024\/03\/BJ8A3339_1.png","width":1800,"height":1800},{"@type":"BreadcrumbList","@id":"https:\/\/drawings-online.com\/en\/product\/landscape-anime-school-italian-or-francaise-du-xviiie-siecle\/#breadcrumb","itemListElement":[{"@type":"ListItem","position":1,"name":"Works available","item":"https:\/\/drawings-online.com\/"},{"@type":"ListItem","position":2,"name":"Gallery","item":"https:\/\/drawings-online.com\/galerie\/"},{"@type":"ListItem","position":3,"name":"18e","item":"https:\/\/drawings-online.com\/product_tag\/18e\/"},{"@type":"ListItem","position":4,"name":"Lively landscape, Italian or French school of the 18th century"}]},{"@type":"WebSite","@id":"https:\/\/drawings-online.com\/en\/#website","url":"https:\/\/drawings-online.com\/en\/","name":"Drawings-online","description":"Dessins en ligne","publisher":{"@id":"https:\/\/drawings-online.com\/en\/#organization"},"potentialAction":[{"@type":"SearchAction","target":{"@type":"EntryPoint","urlTemplate":"https:\/\/drawings-online.com\/en\/?s={search_term_string}"},"query-input":{"@type":"PropertyValueSpecification","valueRequired":true,"valueName":"search_term_string"}}],"inLanguage":"en-US"},{"@type":"Organization","@id":"https:\/\/drawings-online.com\/en\/#organization","name":"Drawings-online","url":"https:\/\/drawings-online.com\/en\/","logo":{"@type":"ImageObject","inLanguage":"en-US","@id":"https:\/\/drawings-online.com\/en\/#\/schema\/logo\/image\/","url":"https:\/\/drawings-online.com\/wp-content\/uploads\/2020\/12\/drawings-icone-transp-e1607442878135.png","contentUrl":"https:\/\/drawings-online.com\/wp-content\/uploads\/2020\/12\/drawings-icone-transp-e1607442878135.png","width":150,"height":150,"caption":"Drawings-online"},"image":{"@id":"https:\/\/drawings-online.com\/en\/#\/schema\/logo\/image\/"},"sameAs":["https:\/\/www.facebook.com\/people\/Drawings-online\/100034942735866\/","https:\/\/x.com\/OnlineDrawings","https:\/\/www.instagram.com\/drawings_online_com\/"]}]}},"jetpack_sharing_enabled":true,"_links":{"self":[{"href":"https:\/\/drawings-online.com\/en\/wp-json\/wp\/v2\/product\/8496","targetHints":{"allow":["GET"]}}],"collection":[{"href":"https:\/\/drawings-online.com\/en\/wp-json\/wp\/v2\/product"}],"about":[{"href":"https:\/\/drawings-online.com\/en\/wp-json\/wp\/v2\/types\/product"}],"wp:featuredmedia":[{"embeddable":true,"href":"https:\/\/drawings-online.com\/en\/wp-json\/wp\/v2\/media\/8497"}],"wp:attachment":[{"href":"https:\/\/drawings-online.com\/en\/wp-json\/wp\/v2\/media?parent=8496"}],"wp:term":[{"taxonomy":"product_brand","embeddable":true,"href":"https:\/\/drawings-online.com\/en\/wp-json\/wp\/v2\/product_brand?post=8496"},{"taxonomy":"product_cat","embeddable":true,"href":"https:\/\/drawings-online.com\/en\/wp-json\/wp\/v2\/product_cat?post=8496"},{"taxonomy":"product_tag","embeddable":true,"href":"https:\/\/drawings-online.com\/en\/wp-json\/wp\/v2\/product_tag?post=8496"}],"curies":[{"name":"wp","href":"https:\/\/api.w.org\/{rel}","templated":true}]}}