{"id":7721,"date":"2023-06-21T13:50:18","date_gmt":"2023-06-21T11:50:18","guid":{"rendered":"https:\/\/drawings-online.com\/product\/\/"},"modified":"2024-03-05T14:32:00","modified_gmt":"2024-03-05T13:32:00","slug":"etude-de-tete-et-de-personnage-agenouille-ecole-bolonaise-fin-xvie-debut-xviie-siecle","status":"publish","type":"product","link":"https:\/\/drawings-online.com\/en\/product\/study-of-head-and-kneeling-figure-bolognese-school-at-the-end-of-the-16th-century-beginning-of-the-17th-century\/","title":{"rendered":"Study of head and kneeling figure, Bolognese school at the end of the 16th century - beginning of the 17th century"},"content":{"rendered":"<p>Bolognese school late 16th &#8211; beginning of the 17th century<\/p>\n<p><strong><em>Study of head and kneeling figure<\/em><\/strong> <\/p>\n<p>Red chalk on paper. <\/p>\n<p>121 x 68 mm &#8211; 4 3\/4 x 2 11\/16 in. &nbsp; &nbsp; <\/p>\n<p>Condition report \u2013 reintegration at the top left. Good condition for the rest of the sheet.<\/p>\n","protected":false},"excerpt":{"rendered":"<p>Bolognese school late 16th &#8211; beginning of the 17th century Study of head and kneeling figure Red chalk on paper. 121 x 68 mm &#8211; 4 3\/4 x 2 11\/16 in. &nbsp; &nbsp; Condition report \u2013 reintegration at the top left. Good condition for the rest of the sheet.<\/p>\n","protected":false},"featured_media":7722,"template":"","meta":{"_themeisle_gutenberg_block_has_review":false},"product_brand":[],"product_cat":[100,79],"product_tag":[88,23,345,269,353,454,28],"class_list":{"0":"post-7721","1":"product","2":"type-product","3":"status-publish","4":"has-post-thumbnail","6":"product_cat-bolognese-school","7":"product_cat-italian-school","8":"product_tag-16th","9":"product_tag-17th","10":"product_tag-old-master-drawings","11":"product_tag-study","12":"product_tag-gallery","13":"product_tag-n17","14":"product_tag-red-chalk","16":"first","17":"instock","18":"sold-individually","19":"taxable","20":"shipping-taxable","21":"purchasable","22":"product-type-variable"},"yoast_head":"<!-- This site is optimized with the Yoast SEO plugin v27.4 - https:\/\/yoast.com\/product\/yoast-seo-wordpress\/ -->\n<title>Study of head and kneeling figure, Bolognese school at the end of the 16th century - beginning of the 17th century<\/title>\n<meta name=\"description\" content=\"Bolognese school late 16th - beginning of the 17th centuryStudy of head and kneeling figure Red chalk on paper. 121 x 68 mm - 4 3\/4 x 2 11\/16 in. &nbsp; &nbsp; Condition report \u2013 reintegration at the top left. Good condition for the rest of the sheet.\" \/>\n<meta name=\"robots\" content=\"index, follow, max-snippet:-1, max-image-preview:large, max-video-preview:-1\" \/>\n<link rel=\"canonical\" href=\"http:\/\/Bolognese%20school%20late%2016th%20-%20beginning%20of%20the%2017th%20centuryStudy%20of%20head%20and%20kneeling%20figure%20Red%20chalk%20on%20paper.%20121%20x%2068%20mm%20-%204%203\/4%20x%202%2011\/16%20in.%20&nbsp;%20&nbsp;%20Condition%20report%20\u2013%20reintegration%20at%20the%20top%20left.%20Good%20condition%20for%20the%20rest%20of%20the%20sheet.\" \/>\n<meta property=\"og:locale\" content=\"en_US\" \/>\n<meta property=\"og:type\" content=\"article\" \/>\n<meta property=\"og:title\" content=\"Study of head and kneeling figure, Bolognese school at the end of the 16th century - beginning of the 17th century\" \/>\n<meta property=\"og:description\" content=\"Bolognese school late 16th - beginning of the 17th centuryStudy of head and kneeling figure Red chalk on paper. 121 x 68 mm - 4 3\/4 x 2 11\/16 in. &nbsp; &nbsp; Condition report \u2013 reintegration at the top left. Good condition for the rest of the sheet.\" \/>\n<meta property=\"og:url\" content=\"https:\/\/drawings-online.com\/en\/product\/study-of-head-and-kneeling-figure-bolognese-school-at-the-end-of-the-16th-century-beginning-of-the-17th-century\/\" \/>\n<meta property=\"og:site_name\" content=\"Drawings-online\" \/>\n<meta property=\"article:publisher\" content=\"https:\/\/www.facebook.com\/people\/Drawings-online\/100034942735866\/\" \/>\n<meta property=\"article:modified_time\" content=\"2024-03-05T13:32:00+00:00\" \/>\n<meta property=\"og:image\" content=\"https:\/\/drawings-online.com\/wp-content\/uploads\/2023\/06\/BJ8A3151_1-1024x1024.png\" \/>\n\t<meta property=\"og:image:width\" content=\"1024\" \/>\n\t<meta property=\"og:image:height\" content=\"1024\" \/>\n\t<meta property=\"og:image:type\" content=\"image\/png\" \/>\n<meta name=\"twitter:card\" content=\"summary_large_image\" \/>\n<meta name=\"twitter:site\" content=\"@OnlineDrawings\" \/>\n<script type=\"application\/ld+json\" class=\"yoast-schema-graph\">{\"@context\":\"https:\\\/\\\/schema.org\",\"@graph\":[{\"@type\":\"WebPage\",\"@id\":\"https:\\\/\\\/drawings-online.com\\\/en\\\/product\\\/study-of-head-and-kneeling-figure-bolognese-school-at-the-end-of-the-16th-century-beginning-of-the-17th-century\\\/\",\"url\":\"https:\\\/\\\/drawings-online.com\\\/en\\\/product\\\/study-of-head-and-kneeling-figure-bolognese-school-at-the-end-of-the-16th-century-beginning-of-the-17th-century\\\/\",\"name\":\"\u00c9tude de t\u00eate et de personnage agenouill\u00e9, Ecole bolonaise fin XVIe - d\u00e9but XVIIe si\u00e8cle - Drawings-online\",\"isPartOf\":{\"@id\":\"https:\\\/\\\/drawings-online.com\\\/#website\"},\"primaryImageOfPage\":{\"@id\":\"https:\\\/\\\/drawings-online.com\\\/en\\\/product\\\/study-of-head-and-kneeling-figure-bolognese-school-at-the-end-of-the-16th-century-beginning-of-the-17th-century\\\/#primaryimage\"},\"image\":{\"@id\":\"https:\\\/\\\/drawings-online.com\\\/en\\\/product\\\/study-of-head-and-kneeling-figure-bolognese-school-at-the-end-of-the-16th-century-beginning-of-the-17th-century\\\/#primaryimage\"},\"thumbnailUrl\":\"https:\\\/\\\/drawings-online.com\\\/wp-content\\\/uploads\\\/2023\\\/06\\\/BJ8A3151_1.png\",\"datePublished\":\"2023-06-21T11:50:18+00:00\",\"dateModified\":\"2024-03-05T13:32:00+00:00\",\"breadcrumb\":{\"@id\":\"https:\\\/\\\/drawings-online.com\\\/en\\\/product\\\/study-of-head-and-kneeling-figure-bolognese-school-at-the-end-of-the-16th-century-beginning-of-the-17th-century\\\/#breadcrumb\"},\"inLanguage\":\"en-US\",\"potentialAction\":[{\"@type\":\"ReadAction\",\"target\":[\"https:\\\/\\\/drawings-online.com\\\/en\\\/product\\\/study-of-head-and-kneeling-figure-bolognese-school-at-the-end-of-the-16th-century-beginning-of-the-17th-century\\\/\"]}]},{\"@type\":\"ImageObject\",\"inLanguage\":\"en-US\",\"@id\":\"https:\\\/\\\/drawings-online.com\\\/en\\\/product\\\/study-of-head-and-kneeling-figure-bolognese-school-at-the-end-of-the-16th-century-beginning-of-the-17th-century\\\/#primaryimage\",\"url\":\"https:\\\/\\\/drawings-online.com\\\/wp-content\\\/uploads\\\/2023\\\/06\\\/BJ8A3151_1.png\",\"contentUrl\":\"https:\\\/\\\/drawings-online.com\\\/wp-content\\\/uploads\\\/2023\\\/06\\\/BJ8A3151_1.png\",\"width\":1800,\"height\":1800},{\"@type\":\"BreadcrumbList\",\"@id\":\"https:\\\/\\\/drawings-online.com\\\/en\\\/product\\\/study-of-head-and-kneeling-figure-bolognese-school-at-the-end-of-the-16th-century-beginning-of-the-17th-century\\\/#breadcrumb\",\"itemListElement\":[{\"@type\":\"ListItem\",\"position\":1,\"name\":\"Works available\",\"item\":\"https:\\\/\\\/drawings-online.com\\\/\"},{\"@type\":\"ListItem\",\"position\":2,\"name\":\"Gallery\",\"item\":\"https:\\\/\\\/drawings-online.com\\\/galerie\\\/\"},{\"@type\":\"ListItem\",\"position\":3,\"name\":\"16e\",\"item\":\"https:\\\/\\\/drawings-online.com\\\/product_tag\\\/16e\\\/\"},{\"@type\":\"ListItem\",\"position\":4,\"name\":\"Study of head and kneeling figure, Bolognese school at the end of the 16th century - beginning of the 17th century\"}]},{\"@type\":\"WebSite\",\"@id\":\"https:\\\/\\\/drawings-online.com\\\/en\\\/#website\",\"url\":\"https:\\\/\\\/drawings-online.com\\\/en\\\/\",\"name\":\"Drawings-online\",\"description\":\"Dessins en ligne\",\"publisher\":{\"@id\":\"https:\\\/\\\/drawings-online.com\\\/en\\\/#organization\"},\"potentialAction\":[{\"@type\":\"SearchAction\",\"target\":{\"@type\":\"EntryPoint\",\"urlTemplate\":\"https:\\\/\\\/drawings-online.com\\\/en\\\/?s={search_term_string}\"},\"query-input\":{\"@type\":\"PropertyValueSpecification\",\"valueRequired\":true,\"valueName\":\"search_term_string\"}}],\"inLanguage\":\"en-US\"},{\"@type\":\"Organization\",\"@id\":\"https:\\\/\\\/drawings-online.com\\\/en\\\/#organization\",\"name\":\"Drawings-online\",\"url\":\"https:\\\/\\\/drawings-online.com\\\/en\\\/\",\"logo\":{\"@type\":\"ImageObject\",\"inLanguage\":\"en-US\",\"@id\":\"https:\\\/\\\/drawings-online.com\\\/en\\\/#\\\/schema\\\/logo\\\/image\\\/\",\"url\":\"https:\\\/\\\/drawings-online.com\\\/wp-content\\\/uploads\\\/2020\\\/12\\\/drawings-icone-transp-e1607442878135.png\",\"contentUrl\":\"https:\\\/\\\/drawings-online.com\\\/wp-content\\\/uploads\\\/2020\\\/12\\\/drawings-icone-transp-e1607442878135.png\",\"width\":150,\"height\":150,\"caption\":\"Drawings-online\"},\"image\":{\"@id\":\"https:\\\/\\\/drawings-online.com\\\/en\\\/#\\\/schema\\\/logo\\\/image\\\/\"},\"sameAs\":[\"https:\\\/\\\/www.facebook.com\\\/people\\\/Drawings-online\\\/100034942735866\\\/\",\"https:\\\/\\\/x.com\\\/OnlineDrawings\",\"https:\\\/\\\/www.instagram.com\\\/drawings_online_com\\\/\"]}]}<\/script>\n<!-- \/ Yoast SEO plugin. -->","yoast_head_json":{"title":"Study of head and kneeling figure, Bolognese school at the end of the 16th century - beginning of the 17th century","description":"Bolognese school late 16th - beginning of the 17th centuryStudy of head and kneeling figure Red chalk on paper. 121 x 68 mm - 4 3\/4 x 2 11\/16 in. &nbsp; &nbsp; Condition report \u2013 reintegration at the top left. Good condition for the rest of the sheet.","robots":{"index":"index","follow":"follow","max-snippet":"max-snippet:-1","max-image-preview":"max-image-preview:large","max-video-preview":"max-video-preview:-1"},"canonical":"Bolognese school late 16th - beginning of the 17th centuryStudy of head and kneeling figure Red chalk on paper. 121 x 68 mm - 4 3\/4 x 2 11\/16 in. &nbsp; &nbsp; Condition report \u2013 reintegration at the top left. Good condition for the rest of the sheet.","og_locale":"en_US","og_type":"article","og_title":"Study of head and kneeling figure, Bolognese school at the end of the 16th century - beginning of the 17th century","og_description":"Bolognese school late 16th - beginning of the 17th centuryStudy of head and kneeling figure Red chalk on paper. 121 x 68 mm - 4 3\/4 x 2 11\/16 in. &nbsp; &nbsp; Condition report \u2013 reintegration at the top left. Good condition for the rest of the sheet.","og_url":"https:\/\/drawings-online.com\/en\/product\/study-of-head-and-kneeling-figure-bolognese-school-at-the-end-of-the-16th-century-beginning-of-the-17th-century\/","og_site_name":"Drawings-online","article_publisher":"https:\/\/www.facebook.com\/people\/Drawings-online\/100034942735866\/","article_modified_time":"2024-03-05T13:32:00+00:00","og_image":[{"width":1024,"height":1024,"url":"https:\/\/drawings-online.com\/wp-content\/uploads\/2023\/06\/BJ8A3151_1-1024x1024.png","type":"image\/png"}],"twitter_card":"summary_large_image","twitter_site":"@OnlineDrawings","schema":{"@context":"https:\/\/schema.org","@graph":[{"@type":"WebPage","@id":"https:\/\/drawings-online.com\/en\/product\/study-of-head-and-kneeling-figure-bolognese-school-at-the-end-of-the-16th-century-beginning-of-the-17th-century\/","url":"https:\/\/drawings-online.com\/en\/product\/study-of-head-and-kneeling-figure-bolognese-school-at-the-end-of-the-16th-century-beginning-of-the-17th-century\/","name":"\u00c9tude de t\u00eate et de personnage agenouill\u00e9, Ecole bolonaise fin XVIe - d\u00e9but XVIIe si\u00e8cle - Drawings-online","isPartOf":{"@id":"https:\/\/drawings-online.com\/#website"},"primaryImageOfPage":{"@id":"https:\/\/drawings-online.com\/en\/product\/study-of-head-and-kneeling-figure-bolognese-school-at-the-end-of-the-16th-century-beginning-of-the-17th-century\/#primaryimage"},"image":{"@id":"https:\/\/drawings-online.com\/en\/product\/study-of-head-and-kneeling-figure-bolognese-school-at-the-end-of-the-16th-century-beginning-of-the-17th-century\/#primaryimage"},"thumbnailUrl":"https:\/\/drawings-online.com\/wp-content\/uploads\/2023\/06\/BJ8A3151_1.png","datePublished":"2023-06-21T11:50:18+00:00","dateModified":"2024-03-05T13:32:00+00:00","breadcrumb":{"@id":"https:\/\/drawings-online.com\/en\/product\/study-of-head-and-kneeling-figure-bolognese-school-at-the-end-of-the-16th-century-beginning-of-the-17th-century\/#breadcrumb"},"inLanguage":"en-US","potentialAction":[{"@type":"ReadAction","target":["https:\/\/drawings-online.com\/en\/product\/study-of-head-and-kneeling-figure-bolognese-school-at-the-end-of-the-16th-century-beginning-of-the-17th-century\/"]}]},{"@type":"ImageObject","inLanguage":"en-US","@id":"https:\/\/drawings-online.com\/en\/product\/study-of-head-and-kneeling-figure-bolognese-school-at-the-end-of-the-16th-century-beginning-of-the-17th-century\/#primaryimage","url":"https:\/\/drawings-online.com\/wp-content\/uploads\/2023\/06\/BJ8A3151_1.png","contentUrl":"https:\/\/drawings-online.com\/wp-content\/uploads\/2023\/06\/BJ8A3151_1.png","width":1800,"height":1800},{"@type":"BreadcrumbList","@id":"https:\/\/drawings-online.com\/en\/product\/study-of-head-and-kneeling-figure-bolognese-school-at-the-end-of-the-16th-century-beginning-of-the-17th-century\/#breadcrumb","itemListElement":[{"@type":"ListItem","position":1,"name":"Works available","item":"https:\/\/drawings-online.com\/"},{"@type":"ListItem","position":2,"name":"Gallery","item":"https:\/\/drawings-online.com\/galerie\/"},{"@type":"ListItem","position":3,"name":"16e","item":"https:\/\/drawings-online.com\/product_tag\/16e\/"},{"@type":"ListItem","position":4,"name":"Study of head and kneeling figure, Bolognese school at the end of the 16th century - beginning of the 17th century"}]},{"@type":"WebSite","@id":"https:\/\/drawings-online.com\/en\/#website","url":"https:\/\/drawings-online.com\/en\/","name":"Drawings-online","description":"Dessins en ligne","publisher":{"@id":"https:\/\/drawings-online.com\/en\/#organization"},"potentialAction":[{"@type":"SearchAction","target":{"@type":"EntryPoint","urlTemplate":"https:\/\/drawings-online.com\/en\/?s={search_term_string}"},"query-input":{"@type":"PropertyValueSpecification","valueRequired":true,"valueName":"search_term_string"}}],"inLanguage":"en-US"},{"@type":"Organization","@id":"https:\/\/drawings-online.com\/en\/#organization","name":"Drawings-online","url":"https:\/\/drawings-online.com\/en\/","logo":{"@type":"ImageObject","inLanguage":"en-US","@id":"https:\/\/drawings-online.com\/en\/#\/schema\/logo\/image\/","url":"https:\/\/drawings-online.com\/wp-content\/uploads\/2020\/12\/drawings-icone-transp-e1607442878135.png","contentUrl":"https:\/\/drawings-online.com\/wp-content\/uploads\/2020\/12\/drawings-icone-transp-e1607442878135.png","width":150,"height":150,"caption":"Drawings-online"},"image":{"@id":"https:\/\/drawings-online.com\/en\/#\/schema\/logo\/image\/"},"sameAs":["https:\/\/www.facebook.com\/people\/Drawings-online\/100034942735866\/","https:\/\/x.com\/OnlineDrawings","https:\/\/www.instagram.com\/drawings_online_com\/"]}]}},"jetpack_sharing_enabled":true,"_links":{"self":[{"href":"https:\/\/drawings-online.com\/en\/wp-json\/wp\/v2\/product\/7721","targetHints":{"allow":["GET"]}}],"collection":[{"href":"https:\/\/drawings-online.com\/en\/wp-json\/wp\/v2\/product"}],"about":[{"href":"https:\/\/drawings-online.com\/en\/wp-json\/wp\/v2\/types\/product"}],"wp:featuredmedia":[{"embeddable":true,"href":"https:\/\/drawings-online.com\/en\/wp-json\/wp\/v2\/media\/7722"}],"wp:attachment":[{"href":"https:\/\/drawings-online.com\/en\/wp-json\/wp\/v2\/media?parent=7721"}],"wp:term":[{"taxonomy":"product_brand","embeddable":true,"href":"https:\/\/drawings-online.com\/en\/wp-json\/wp\/v2\/product_brand?post=7721"},{"taxonomy":"product_cat","embeddable":true,"href":"https:\/\/drawings-online.com\/en\/wp-json\/wp\/v2\/product_cat?post=7721"},{"taxonomy":"product_tag","embeddable":true,"href":"https:\/\/drawings-online.com\/en\/wp-json\/wp\/v2\/product_tag?post=7721"}],"curies":[{"name":"wp","href":"https:\/\/api.w.org\/{rel}","templated":true}]}}