{"id":7699,"date":"2023-06-21T14:30:25","date_gmt":"2023-06-21T12:30:25","guid":{"rendered":"https:\/\/drawings-online.com\/product\/\/"},"modified":"2024-03-05T14:31:54","modified_gmt":"2024-03-05T13:31:54","slug":"allegories-de-la-prudence-et-de-la-force-ecole-francaise-debut-du-xixe-siecle","status":"publish","type":"product","link":"https:\/\/drawings-online.com\/en\/product\/allegories-of-prudence-and-force-french-school-early-19th-century\/","title":{"rendered":"Allegories of Prudence and Force, French School early 19th century"},"content":{"rendered":"<p><strong>French school early 19th century<\/strong> <strong><em>Allegories of Prudence and Force<\/em><\/strong> Black chalk and white reheightened on beige paper. 201 x 152 mm &#8211; 7 15\/16 x 5 15\/16 in. Unreaded downward-left writing traces. &nbsp; Provenance&nbsp;: &#8211; Trace of a dry stamp at the bottom right, perhaps Alexandre-Pierre-Fran\u00e7ois Robert-Dumesnil (<a href=\"http:\/\/www.marquesdecollections.fr\/detail.cfm\/marque\/9093http:\/www.marquesdecollections.fr\/detail.cfm\/marque\/9093\">L.&nbsp;2200<\/a>). &nbsp; &nbsp; This drawing presents two studies of women draped in the antique style. The one on the left, sitting and wearing a mirror, symbolizes <em>the Prudence<\/em> while the one on the right standing and leaning on a club is an allegory of <em>the force<\/em>. Prudence and Force are two concepts that belong to Greek philosophy &#8211; with Temperance and Justice \u2013 developed notably in Plato, Aristotle and Epicure, which will then be taken up by Saint Thomas Aquinas as the four cardinal virtues of Christian moral doctrine. This sheet is part of the French neoclassical artistic movement characterized by a desire to return to the purity of classical antique art.<\/p>\n","protected":false},"excerpt":{"rendered":"<p>French school early 19th century Allegories of Prudence and Force Black chalk and white reheightened on beige paper. 201 x 152 mm &#8211; 7 15\/16 x 5 15\/16 in. Unreaded downward-left writing traces. &nbsp; Provenance&nbsp;: &#8211; Trace of a dry stamp at the bottom right, perhaps Alexandre-Pierre-Fran\u00e7ois Robert-Dumesnil (L.&nbsp;2200). &nbsp; &nbsp; This drawing presents two [&hellip;]<\/p>\n","protected":false},"featured_media":7700,"template":"","meta":{"_themeisle_gutenberg_block_has_review":false},"product_brand":[],"product_cat":[78],"product_tag":[24,37,345,346,353,454,16,27,97],"class_list":{"0":"post-7699","1":"product","2":"type-product","3":"status-publish","4":"has-post-thumbnail","6":"product_cat-french-school","7":"product_tag-18th","8":"product_tag-19th","9":"product_tag-old-master-drawings","10":"product_tag-19th-century-drawings","11":"product_tag-gallery","12":"product_tag-n17","13":"product_tag-black-chalk","14":"product_tag-heightened-with-white","15":"product_tag-allegorical-subject","17":"first","18":"instock","19":"sold-individually","20":"taxable","21":"shipping-taxable","22":"purchasable","23":"product-type-variable"},"yoast_head":"<!-- This site is optimized with the Yoast SEO plugin v27.4 - https:\/\/yoast.com\/product\/yoast-seo-wordpress\/ -->\n<title>Allegories of Prudence and Force, French School early 19th century<\/title>\n<meta name=\"description\" content=\"French school early 19th century Allegories of Prudence and Force Black chalk and white reheightened on beige paper. 201 x 152 mm - 7 15\/16 x 5 15\/16 in. Unreaded downward-left writing traces. &nbsp; Provenance&nbsp;: - Trace of a dry stamp at the bottom right, perhaps Alexandre-Pierre-Fran\u00e7ois Robert-Dumesnil (L.&nbsp;2200). &nbsp; &nbsp; This drawing presents two&hellip;\" \/>\n<meta name=\"robots\" content=\"index, follow, max-snippet:-1, max-image-preview:large, max-video-preview:-1\" \/>\n<link rel=\"canonical\" href=\"\" \/>\n<meta property=\"og:locale\" content=\"en_US\" \/>\n<meta property=\"og:type\" content=\"article\" \/>\n<meta property=\"og:title\" content=\"Allegories of Prudence and Force, French School early 19th century\" \/>\n<meta property=\"og:description\" content=\"French school early 19th century Allegories of Prudence and Force Black chalk and white reheightened on beige paper. 201 x 152 mm - 7 15\/16 x 5 15\/16 in. Unreaded downward-left writing traces. &nbsp; Provenance&nbsp;: - Trace of a dry stamp at the bottom right, perhaps Alexandre-Pierre-Fran\u00e7ois Robert-Dumesnil (L.&nbsp;2200). &nbsp; &nbsp; This drawing presents two&hellip;\" \/>\n<meta property=\"og:url\" content=\"https:\/\/drawings-online.com\/en\/product\/allegories-of-prudence-and-force-french-school-early-19th-century\/\" \/>\n<meta property=\"og:site_name\" content=\"Drawings-online\" \/>\n<meta property=\"article:publisher\" content=\"https:\/\/www.facebook.com\/people\/Drawings-online\/100034942735866\/\" \/>\n<meta property=\"article:modified_time\" content=\"2024-03-05T13:31:54+00:00\" \/>\n<meta property=\"og:image\" content=\"https:\/\/drawings-online.com\/wp-content\/uploads\/2023\/06\/BJ8A3157_1-1024x1024.png\" \/>\n\t<meta property=\"og:image:width\" content=\"1024\" \/>\n\t<meta property=\"og:image:height\" content=\"1024\" \/>\n\t<meta property=\"og:image:type\" content=\"image\/png\" \/>\n<meta name=\"twitter:card\" content=\"summary_large_image\" \/>\n<meta name=\"twitter:site\" content=\"@OnlineDrawings\" \/>\n<meta name=\"twitter:label1\" content=\"Est. reading time\" \/>\n\t<meta name=\"twitter:data1\" content=\"1 minute\" \/>\n<script type=\"application\/ld+json\" class=\"yoast-schema-graph\">{\"@context\":\"https:\\\/\\\/schema.org\",\"@graph\":[{\"@type\":\"WebPage\",\"@id\":\"https:\\\/\\\/drawings-online.com\\\/en\\\/product\\\/allegories-of-prudence-and-force-french-school-early-19th-century\\\/\",\"url\":\"https:\\\/\\\/drawings-online.com\\\/en\\\/product\\\/allegories-of-prudence-and-force-french-school-early-19th-century\\\/\",\"name\":\"All\u00e9gories de la Prudence et de la Force, \u00c9cole fran\u00e7aise d\u00e9but du XIXe si\u00e8cle - Drawings-online\",\"isPartOf\":{\"@id\":\"https:\\\/\\\/drawings-online.com\\\/#website\"},\"primaryImageOfPage\":{\"@id\":\"https:\\\/\\\/drawings-online.com\\\/en\\\/product\\\/allegories-of-prudence-and-force-french-school-early-19th-century\\\/#primaryimage\"},\"image\":{\"@id\":\"https:\\\/\\\/drawings-online.com\\\/en\\\/product\\\/allegories-of-prudence-and-force-french-school-early-19th-century\\\/#primaryimage\"},\"thumbnailUrl\":\"https:\\\/\\\/drawings-online.com\\\/wp-content\\\/uploads\\\/2023\\\/06\\\/BJ8A3157_1.png\",\"datePublished\":\"2023-06-21T12:30:25+00:00\",\"dateModified\":\"2024-03-05T13:31:54+00:00\",\"breadcrumb\":{\"@id\":\"https:\\\/\\\/drawings-online.com\\\/en\\\/product\\\/allegories-of-prudence-and-force-french-school-early-19th-century\\\/#breadcrumb\"},\"inLanguage\":\"en-US\",\"potentialAction\":[{\"@type\":\"ReadAction\",\"target\":[\"https:\\\/\\\/drawings-online.com\\\/en\\\/product\\\/allegories-of-prudence-and-force-french-school-early-19th-century\\\/\"]}]},{\"@type\":\"ImageObject\",\"inLanguage\":\"en-US\",\"@id\":\"https:\\\/\\\/drawings-online.com\\\/en\\\/product\\\/allegories-of-prudence-and-force-french-school-early-19th-century\\\/#primaryimage\",\"url\":\"https:\\\/\\\/drawings-online.com\\\/wp-content\\\/uploads\\\/2023\\\/06\\\/BJ8A3157_1.png\",\"contentUrl\":\"https:\\\/\\\/drawings-online.com\\\/wp-content\\\/uploads\\\/2023\\\/06\\\/BJ8A3157_1.png\",\"width\":1800,\"height\":1800},{\"@type\":\"BreadcrumbList\",\"@id\":\"https:\\\/\\\/drawings-online.com\\\/en\\\/product\\\/allegories-of-prudence-and-force-french-school-early-19th-century\\\/#breadcrumb\",\"itemListElement\":[{\"@type\":\"ListItem\",\"position\":1,\"name\":\"Works available\",\"item\":\"https:\\\/\\\/drawings-online.com\\\/\"},{\"@type\":\"ListItem\",\"position\":2,\"name\":\"Gallery\",\"item\":\"https:\\\/\\\/drawings-online.com\\\/galerie\\\/\"},{\"@type\":\"ListItem\",\"position\":3,\"name\":\"18e\",\"item\":\"https:\\\/\\\/drawings-online.com\\\/product_tag\\\/18e\\\/\"},{\"@type\":\"ListItem\",\"position\":4,\"name\":\"Allegories of Prudence and Force, French School early 19th century\"}]},{\"@type\":\"WebSite\",\"@id\":\"https:\\\/\\\/drawings-online.com\\\/en\\\/#website\",\"url\":\"https:\\\/\\\/drawings-online.com\\\/en\\\/\",\"name\":\"Drawings-online\",\"description\":\"Dessins en ligne\",\"publisher\":{\"@id\":\"https:\\\/\\\/drawings-online.com\\\/en\\\/#organization\"},\"potentialAction\":[{\"@type\":\"SearchAction\",\"target\":{\"@type\":\"EntryPoint\",\"urlTemplate\":\"https:\\\/\\\/drawings-online.com\\\/en\\\/?s={search_term_string}\"},\"query-input\":{\"@type\":\"PropertyValueSpecification\",\"valueRequired\":true,\"valueName\":\"search_term_string\"}}],\"inLanguage\":\"en-US\"},{\"@type\":\"Organization\",\"@id\":\"https:\\\/\\\/drawings-online.com\\\/en\\\/#organization\",\"name\":\"Drawings-online\",\"url\":\"https:\\\/\\\/drawings-online.com\\\/en\\\/\",\"logo\":{\"@type\":\"ImageObject\",\"inLanguage\":\"en-US\",\"@id\":\"https:\\\/\\\/drawings-online.com\\\/en\\\/#\\\/schema\\\/logo\\\/image\\\/\",\"url\":\"https:\\\/\\\/drawings-online.com\\\/wp-content\\\/uploads\\\/2020\\\/12\\\/drawings-icone-transp-e1607442878135.png\",\"contentUrl\":\"https:\\\/\\\/drawings-online.com\\\/wp-content\\\/uploads\\\/2020\\\/12\\\/drawings-icone-transp-e1607442878135.png\",\"width\":150,\"height\":150,\"caption\":\"Drawings-online\"},\"image\":{\"@id\":\"https:\\\/\\\/drawings-online.com\\\/en\\\/#\\\/schema\\\/logo\\\/image\\\/\"},\"sameAs\":[\"https:\\\/\\\/www.facebook.com\\\/people\\\/Drawings-online\\\/100034942735866\\\/\",\"https:\\\/\\\/x.com\\\/OnlineDrawings\",\"https:\\\/\\\/www.instagram.com\\\/drawings_online_com\\\/\"]}]}<\/script>\n<!-- \/ Yoast SEO plugin. -->","yoast_head_json":{"title":"Allegories of Prudence and Force, French School early 19th century","description":"French school early 19th century Allegories of Prudence and Force Black chalk and white reheightened on beige paper. 201 x 152 mm - 7 15\/16 x 5 15\/16 in. Unreaded downward-left writing traces. &nbsp; Provenance&nbsp;: - Trace of a dry stamp at the bottom right, perhaps Alexandre-Pierre-Fran\u00e7ois Robert-Dumesnil (L.&nbsp;2200). &nbsp; &nbsp; This drawing presents two&hellip;","robots":{"index":"index","follow":"follow","max-snippet":"max-snippet:-1","max-image-preview":"max-image-preview:large","max-video-preview":"max-video-preview:-1"},"canonical":"French school early 19th century Allegories of Prudence and Force Black chalk and white reheightened on beige paper. 201 x 152 mm - 7 15\/16 x 5 15\/16 in. Unreaded downward-left writing traces. &nbsp; Provenance&nbsp;: - Trace of a dry stamp at the bottom right, perhaps Alexandre-Pierre-Fran\u00e7ois Robert-Dumesnil (L.&nbsp;2200). &nbsp; &nbsp; This drawing presents two&hellip;","og_locale":"en_US","og_type":"article","og_title":"Allegories of Prudence and Force, French School early 19th century","og_description":"French school early 19th century Allegories of Prudence and Force Black chalk and white reheightened on beige paper. 201 x 152 mm - 7 15\/16 x 5 15\/16 in. Unreaded downward-left writing traces. &nbsp; Provenance&nbsp;: - Trace of a dry stamp at the bottom right, perhaps Alexandre-Pierre-Fran\u00e7ois Robert-Dumesnil (L.&nbsp;2200). &nbsp; &nbsp; This drawing presents two&hellip;","og_url":"https:\/\/drawings-online.com\/en\/product\/allegories-of-prudence-and-force-french-school-early-19th-century\/","og_site_name":"Drawings-online","article_publisher":"https:\/\/www.facebook.com\/people\/Drawings-online\/100034942735866\/","article_modified_time":"2024-03-05T13:31:54+00:00","og_image":[{"width":1024,"height":1024,"url":"https:\/\/drawings-online.com\/wp-content\/uploads\/2023\/06\/BJ8A3157_1-1024x1024.png","type":"image\/png"}],"twitter_card":"summary_large_image","twitter_site":"@OnlineDrawings","twitter_misc":{"Est. reading time":"1 minute"},"schema":{"@context":"https:\/\/schema.org","@graph":[{"@type":"WebPage","@id":"https:\/\/drawings-online.com\/en\/product\/allegories-of-prudence-and-force-french-school-early-19th-century\/","url":"https:\/\/drawings-online.com\/en\/product\/allegories-of-prudence-and-force-french-school-early-19th-century\/","name":"All\u00e9gories de la Prudence et de la Force, \u00c9cole fran\u00e7aise d\u00e9but du XIXe si\u00e8cle - Drawings-online","isPartOf":{"@id":"https:\/\/drawings-online.com\/#website"},"primaryImageOfPage":{"@id":"https:\/\/drawings-online.com\/en\/product\/allegories-of-prudence-and-force-french-school-early-19th-century\/#primaryimage"},"image":{"@id":"https:\/\/drawings-online.com\/en\/product\/allegories-of-prudence-and-force-french-school-early-19th-century\/#primaryimage"},"thumbnailUrl":"https:\/\/drawings-online.com\/wp-content\/uploads\/2023\/06\/BJ8A3157_1.png","datePublished":"2023-06-21T12:30:25+00:00","dateModified":"2024-03-05T13:31:54+00:00","breadcrumb":{"@id":"https:\/\/drawings-online.com\/en\/product\/allegories-of-prudence-and-force-french-school-early-19th-century\/#breadcrumb"},"inLanguage":"en-US","potentialAction":[{"@type":"ReadAction","target":["https:\/\/drawings-online.com\/en\/product\/allegories-of-prudence-and-force-french-school-early-19th-century\/"]}]},{"@type":"ImageObject","inLanguage":"en-US","@id":"https:\/\/drawings-online.com\/en\/product\/allegories-of-prudence-and-force-french-school-early-19th-century\/#primaryimage","url":"https:\/\/drawings-online.com\/wp-content\/uploads\/2023\/06\/BJ8A3157_1.png","contentUrl":"https:\/\/drawings-online.com\/wp-content\/uploads\/2023\/06\/BJ8A3157_1.png","width":1800,"height":1800},{"@type":"BreadcrumbList","@id":"https:\/\/drawings-online.com\/en\/product\/allegories-of-prudence-and-force-french-school-early-19th-century\/#breadcrumb","itemListElement":[{"@type":"ListItem","position":1,"name":"Works available","item":"https:\/\/drawings-online.com\/"},{"@type":"ListItem","position":2,"name":"Gallery","item":"https:\/\/drawings-online.com\/galerie\/"},{"@type":"ListItem","position":3,"name":"18e","item":"https:\/\/drawings-online.com\/product_tag\/18e\/"},{"@type":"ListItem","position":4,"name":"Allegories of Prudence and Force, French School early 19th century"}]},{"@type":"WebSite","@id":"https:\/\/drawings-online.com\/en\/#website","url":"https:\/\/drawings-online.com\/en\/","name":"Drawings-online","description":"Dessins en ligne","publisher":{"@id":"https:\/\/drawings-online.com\/en\/#organization"},"potentialAction":[{"@type":"SearchAction","target":{"@type":"EntryPoint","urlTemplate":"https:\/\/drawings-online.com\/en\/?s={search_term_string}"},"query-input":{"@type":"PropertyValueSpecification","valueRequired":true,"valueName":"search_term_string"}}],"inLanguage":"en-US"},{"@type":"Organization","@id":"https:\/\/drawings-online.com\/en\/#organization","name":"Drawings-online","url":"https:\/\/drawings-online.com\/en\/","logo":{"@type":"ImageObject","inLanguage":"en-US","@id":"https:\/\/drawings-online.com\/en\/#\/schema\/logo\/image\/","url":"https:\/\/drawings-online.com\/wp-content\/uploads\/2020\/12\/drawings-icone-transp-e1607442878135.png","contentUrl":"https:\/\/drawings-online.com\/wp-content\/uploads\/2020\/12\/drawings-icone-transp-e1607442878135.png","width":150,"height":150,"caption":"Drawings-online"},"image":{"@id":"https:\/\/drawings-online.com\/en\/#\/schema\/logo\/image\/"},"sameAs":["https:\/\/www.facebook.com\/people\/Drawings-online\/100034942735866\/","https:\/\/x.com\/OnlineDrawings","https:\/\/www.instagram.com\/drawings_online_com\/"]}]}},"jetpack_sharing_enabled":true,"_links":{"self":[{"href":"https:\/\/drawings-online.com\/en\/wp-json\/wp\/v2\/product\/7699","targetHints":{"allow":["GET"]}}],"collection":[{"href":"https:\/\/drawings-online.com\/en\/wp-json\/wp\/v2\/product"}],"about":[{"href":"https:\/\/drawings-online.com\/en\/wp-json\/wp\/v2\/types\/product"}],"wp:featuredmedia":[{"embeddable":true,"href":"https:\/\/drawings-online.com\/en\/wp-json\/wp\/v2\/media\/7700"}],"wp:attachment":[{"href":"https:\/\/drawings-online.com\/en\/wp-json\/wp\/v2\/media?parent=7699"}],"wp:term":[{"taxonomy":"product_brand","embeddable":true,"href":"https:\/\/drawings-online.com\/en\/wp-json\/wp\/v2\/product_brand?post=7699"},{"taxonomy":"product_cat","embeddable":true,"href":"https:\/\/drawings-online.com\/en\/wp-json\/wp\/v2\/product_cat?post=7699"},{"taxonomy":"product_tag","embeddable":true,"href":"https:\/\/drawings-online.com\/en\/wp-json\/wp\/v2\/product_tag?post=7699"}],"curies":[{"name":"wp","href":"https:\/\/api.w.org\/{rel}","templated":true}]}}