{"id":7668,"date":"2023-06-21T12:40:56","date_gmt":"2023-06-21T10:40:56","guid":{"rendered":"https:\/\/drawings-online.com\/product\/\/"},"modified":"2024-03-05T14:47:44","modified_gmt":"2024-03-05T13:47:44","slug":"plusieurs-etudes-de-putti-ecole-du-nord-ou-francaise-du-xixe-siecle","status":"publish","type":"product","link":"https:\/\/drawings-online.com\/en\/product\/several-putti-studies-19th-century-north-or-french-school\/","title":{"rendered":"Several putti studies, 19th century North or French School"},"content":{"rendered":"<p><strong>19th century North or French School<\/strong> <\/p>\n<p><strong><em>Several putti studies <\/em><\/strong><strong>(<\/strong>front and back ) <\/p>\n<p>Pen and black ink on beige paper. <\/p>\n<p>203 x 326 mm &#8211; 7 63\/64 x 12 13\/16 in. &nbsp; <\/p>\n<p>Provenance&nbsp;: &#8211; Stamp (<a href=\"http:\/\/www.marquesdecollections.fr\/detail.cfm\/marque\/6940\" target=\"_blank\" rel=\"noopener\">L. 975<\/a>), on the back, lower left, perhaps belonging to Andreas Freiherr von Baumgartner ( 1793-1865 ), physicist, professor and president of the Academy of Sciences in Vienna. &nbsp; <\/p>\n<p>This rare and original sheet presents, on its two sides, recto and verso, friezes of putti and characters seized in various postures, engaging in various activities. The recto of our sheet turns out to be rich with seventeen sketches and the back has eleven, sometimes depicting a single putto, sometimes two putti. Some have attributes &#8211; sword, globe, compass &#8211; others are with animals &#8211; ram, swans, eagle -. For example, on the back, the second drawing, represents a putto grappling with an eagle while the last, on the right, illustrates two cherubs perched on a column base that appear to repel the onslaught of a raptor. In some of the performances, the putti also seem to face each other physically in a jousting form. In the lower part, a crater appears, strangely presented horizontally, decorated with two putti. The two sides of our sheet undoubtedly constitute a repertoire of patterns for a decor project &#8211; painted or stucco &#8211; or for small sculptures on clocks or works of art.<\/p>\n","protected":false},"excerpt":{"rendered":"<p>19th century North or French School Several putti studies (front and back ) Pen and black ink on beige paper. 203 x 326 mm &#8211; 7 63\/64 x 12 13\/16 in. &nbsp; Provenance&nbsp;: &#8211; Stamp (L. 975), on the back, lower left, perhaps belonging to Andreas Freiherr von Baumgartner ( 1793-1865 ), physicist, professor and [&hellip;]<\/p>\n","protected":false},"featured_media":7669,"template":"","meta":{"_themeisle_gutenberg_block_has_review":false},"product_brand":[],"product_cat":[78,94],"product_tag":[37,125,345,346,105,353,454,29,166,432,141,458],"class_list":{"0":"post-7668","1":"product","2":"type-product","3":"status-publish","4":"has-post-thumbnail","6":"product_cat-french-school","7":"product_cat-dutch-school","8":"product_tag-19th","9":"product_tag-ornamental-designs","10":"product_tag-old-master-drawings","11":"product_tag-19th-century-drawings","12":"product_tag-black-ink","13":"product_tag-gallery","14":"product_tag-n17","15":"product_tag-beige-paper","16":"product_tag-decor-project","17":"product_tag-putti","18":"product_tag-putto","19":"product_tag-sculp","21":"first","22":"instock","23":"sold-individually","24":"taxable","25":"shipping-taxable","26":"purchasable","27":"product-type-simple"},"yoast_head":"<!-- This site is optimized with the Yoast SEO plugin v27.4 - https:\/\/yoast.com\/product\/yoast-seo-wordpress\/ -->\n<title>Several putti studies, 19th century North or French School<\/title>\n<meta name=\"description\" content=\"19th century North or French School Several putti studies (front and back ) Pen and black ink on beige paper. 203 x 326 mm - 7 63\/64 x 12 13\/16 in. &nbsp; Provenance&nbsp;: - Stamp (L. 975), on the back, lower left, perhaps belonging to Andreas Freiherr von Baumgartner ( 1793-1865 ), physicist, professor and&hellip;\" \/>\n<meta name=\"robots\" content=\"index, follow, max-snippet:-1, max-image-preview:large, max-video-preview:-1\" \/>\n<link rel=\"canonical\" href=\"\" \/>\n<meta property=\"og:locale\" content=\"en_US\" \/>\n<meta property=\"og:type\" content=\"article\" \/>\n<meta property=\"og:title\" content=\"Several putti studies, 19th century North or French School\" \/>\n<meta property=\"og:description\" content=\"19th century North or French School Several putti studies (front and back ) Pen and black ink on beige paper. 203 x 326 mm - 7 63\/64 x 12 13\/16 in. &nbsp; Provenance&nbsp;: - Stamp (L. 975), on the back, lower left, perhaps belonging to Andreas Freiherr von Baumgartner ( 1793-1865 ), physicist, professor and&hellip;\" \/>\n<meta property=\"og:url\" content=\"https:\/\/drawings-online.com\/en\/product\/several-putti-studies-19th-century-north-or-french-school\/\" \/>\n<meta property=\"og:site_name\" content=\"Drawings-online\" \/>\n<meta property=\"article:publisher\" content=\"https:\/\/www.facebook.com\/people\/Drawings-online\/100034942735866\/\" \/>\n<meta property=\"article:modified_time\" content=\"2024-03-05T13:47:44+00:00\" \/>\n<meta property=\"og:image\" content=\"https:\/\/drawings-online.com\/wp-content\/uploads\/2023\/06\/BJ8A3176_1-1024x1024.png\" \/>\n\t<meta property=\"og:image:width\" content=\"1024\" \/>\n\t<meta property=\"og:image:height\" content=\"1024\" \/>\n\t<meta property=\"og:image:type\" content=\"image\/png\" \/>\n<meta name=\"twitter:card\" content=\"summary_large_image\" \/>\n<meta name=\"twitter:site\" content=\"@OnlineDrawings\" \/>\n<meta name=\"twitter:label1\" content=\"Est. reading time\" \/>\n\t<meta name=\"twitter:data1\" content=\"1 minute\" \/>\n<script type=\"application\/ld+json\" class=\"yoast-schema-graph\">{\"@context\":\"https:\\\/\\\/schema.org\",\"@graph\":[{\"@type\":\"WebPage\",\"@id\":\"https:\\\/\\\/drawings-online.com\\\/en\\\/product\\\/several-putti-studies-19th-century-north-or-french-school\\\/\",\"url\":\"https:\\\/\\\/drawings-online.com\\\/en\\\/product\\\/several-putti-studies-19th-century-north-or-french-school\\\/\",\"name\":\"Plusieurs \u00e9tudes de putti, Ecole du Nord ou fran\u00e7aise du XIXe si\u00e8cle - Drawings-online\",\"isPartOf\":{\"@id\":\"https:\\\/\\\/drawings-online.com\\\/#website\"},\"primaryImageOfPage\":{\"@id\":\"https:\\\/\\\/drawings-online.com\\\/en\\\/product\\\/several-putti-studies-19th-century-north-or-french-school\\\/#primaryimage\"},\"image\":{\"@id\":\"https:\\\/\\\/drawings-online.com\\\/en\\\/product\\\/several-putti-studies-19th-century-north-or-french-school\\\/#primaryimage\"},\"thumbnailUrl\":\"https:\\\/\\\/drawings-online.com\\\/wp-content\\\/uploads\\\/2023\\\/06\\\/BJ8A3176_1.png\",\"datePublished\":\"2023-06-21T10:40:56+00:00\",\"dateModified\":\"2024-03-05T13:47:44+00:00\",\"breadcrumb\":{\"@id\":\"https:\\\/\\\/drawings-online.com\\\/en\\\/product\\\/several-putti-studies-19th-century-north-or-french-school\\\/#breadcrumb\"},\"inLanguage\":\"en-US\",\"potentialAction\":[{\"@type\":\"ReadAction\",\"target\":[\"https:\\\/\\\/drawings-online.com\\\/en\\\/product\\\/several-putti-studies-19th-century-north-or-french-school\\\/\"]}]},{\"@type\":\"ImageObject\",\"inLanguage\":\"en-US\",\"@id\":\"https:\\\/\\\/drawings-online.com\\\/en\\\/product\\\/several-putti-studies-19th-century-north-or-french-school\\\/#primaryimage\",\"url\":\"https:\\\/\\\/drawings-online.com\\\/wp-content\\\/uploads\\\/2023\\\/06\\\/BJ8A3176_1.png\",\"contentUrl\":\"https:\\\/\\\/drawings-online.com\\\/wp-content\\\/uploads\\\/2023\\\/06\\\/BJ8A3176_1.png\",\"width\":1800,\"height\":1800},{\"@type\":\"BreadcrumbList\",\"@id\":\"https:\\\/\\\/drawings-online.com\\\/en\\\/product\\\/several-putti-studies-19th-century-north-or-french-school\\\/#breadcrumb\",\"itemListElement\":[{\"@type\":\"ListItem\",\"position\":1,\"name\":\"Works available\",\"item\":\"https:\\\/\\\/drawings-online.com\\\/\"},{\"@type\":\"ListItem\",\"position\":2,\"name\":\"Gallery\",\"item\":\"https:\\\/\\\/drawings-online.com\\\/galerie\\\/\"},{\"@type\":\"ListItem\",\"position\":3,\"name\":\"19e\",\"item\":\"https:\\\/\\\/drawings-online.com\\\/product_tag\\\/19e\\\/\"},{\"@type\":\"ListItem\",\"position\":4,\"name\":\"Several putti studies, 19th century North or French School\"}]},{\"@type\":\"WebSite\",\"@id\":\"https:\\\/\\\/drawings-online.com\\\/en\\\/#website\",\"url\":\"https:\\\/\\\/drawings-online.com\\\/en\\\/\",\"name\":\"Drawings-online\",\"description\":\"Dessins en ligne\",\"publisher\":{\"@id\":\"https:\\\/\\\/drawings-online.com\\\/en\\\/#organization\"},\"potentialAction\":[{\"@type\":\"SearchAction\",\"target\":{\"@type\":\"EntryPoint\",\"urlTemplate\":\"https:\\\/\\\/drawings-online.com\\\/en\\\/?s={search_term_string}\"},\"query-input\":{\"@type\":\"PropertyValueSpecification\",\"valueRequired\":true,\"valueName\":\"search_term_string\"}}],\"inLanguage\":\"en-US\"},{\"@type\":\"Organization\",\"@id\":\"https:\\\/\\\/drawings-online.com\\\/en\\\/#organization\",\"name\":\"Drawings-online\",\"url\":\"https:\\\/\\\/drawings-online.com\\\/en\\\/\",\"logo\":{\"@type\":\"ImageObject\",\"inLanguage\":\"en-US\",\"@id\":\"https:\\\/\\\/drawings-online.com\\\/en\\\/#\\\/schema\\\/logo\\\/image\\\/\",\"url\":\"https:\\\/\\\/drawings-online.com\\\/wp-content\\\/uploads\\\/2020\\\/12\\\/drawings-icone-transp-e1607442878135.png\",\"contentUrl\":\"https:\\\/\\\/drawings-online.com\\\/wp-content\\\/uploads\\\/2020\\\/12\\\/drawings-icone-transp-e1607442878135.png\",\"width\":150,\"height\":150,\"caption\":\"Drawings-online\"},\"image\":{\"@id\":\"https:\\\/\\\/drawings-online.com\\\/en\\\/#\\\/schema\\\/logo\\\/image\\\/\"},\"sameAs\":[\"https:\\\/\\\/www.facebook.com\\\/people\\\/Drawings-online\\\/100034942735866\\\/\",\"https:\\\/\\\/x.com\\\/OnlineDrawings\",\"https:\\\/\\\/www.instagram.com\\\/drawings_online_com\\\/\"]}]}<\/script>\n<!-- \/ Yoast SEO plugin. -->","yoast_head_json":{"title":"Several putti studies, 19th century North or French School","description":"19th century North or French School Several putti studies (front and back ) Pen and black ink on beige paper. 203 x 326 mm - 7 63\/64 x 12 13\/16 in. &nbsp; Provenance&nbsp;: - Stamp (L. 975), on the back, lower left, perhaps belonging to Andreas Freiherr von Baumgartner ( 1793-1865 ), physicist, professor and&hellip;","robots":{"index":"index","follow":"follow","max-snippet":"max-snippet:-1","max-image-preview":"max-image-preview:large","max-video-preview":"max-video-preview:-1"},"canonical":"19th century North or French School Several putti studies (front and back ) Pen and black ink on beige paper. 203 x 326 mm - 7 63\/64 x 12 13\/16 in. &nbsp; Provenance&nbsp;: - Stamp (L. 975), on the back, lower left, perhaps belonging to Andreas Freiherr von Baumgartner ( 1793-1865 ), physicist, professor and&hellip;","og_locale":"en_US","og_type":"article","og_title":"Several putti studies, 19th century North or French School","og_description":"19th century North or French School Several putti studies (front and back ) Pen and black ink on beige paper. 203 x 326 mm - 7 63\/64 x 12 13\/16 in. &nbsp; Provenance&nbsp;: - Stamp (L. 975), on the back, lower left, perhaps belonging to Andreas Freiherr von Baumgartner ( 1793-1865 ), physicist, professor and&hellip;","og_url":"https:\/\/drawings-online.com\/en\/product\/several-putti-studies-19th-century-north-or-french-school\/","og_site_name":"Drawings-online","article_publisher":"https:\/\/www.facebook.com\/people\/Drawings-online\/100034942735866\/","article_modified_time":"2024-03-05T13:47:44+00:00","og_image":[{"width":1024,"height":1024,"url":"https:\/\/drawings-online.com\/wp-content\/uploads\/2023\/06\/BJ8A3176_1-1024x1024.png","type":"image\/png"}],"twitter_card":"summary_large_image","twitter_site":"@OnlineDrawings","twitter_misc":{"Est. reading time":"1 minute"},"schema":{"@context":"https:\/\/schema.org","@graph":[{"@type":"WebPage","@id":"https:\/\/drawings-online.com\/en\/product\/several-putti-studies-19th-century-north-or-french-school\/","url":"https:\/\/drawings-online.com\/en\/product\/several-putti-studies-19th-century-north-or-french-school\/","name":"Plusieurs \u00e9tudes de putti, Ecole du Nord ou fran\u00e7aise du XIXe si\u00e8cle - Drawings-online","isPartOf":{"@id":"https:\/\/drawings-online.com\/#website"},"primaryImageOfPage":{"@id":"https:\/\/drawings-online.com\/en\/product\/several-putti-studies-19th-century-north-or-french-school\/#primaryimage"},"image":{"@id":"https:\/\/drawings-online.com\/en\/product\/several-putti-studies-19th-century-north-or-french-school\/#primaryimage"},"thumbnailUrl":"https:\/\/drawings-online.com\/wp-content\/uploads\/2023\/06\/BJ8A3176_1.png","datePublished":"2023-06-21T10:40:56+00:00","dateModified":"2024-03-05T13:47:44+00:00","breadcrumb":{"@id":"https:\/\/drawings-online.com\/en\/product\/several-putti-studies-19th-century-north-or-french-school\/#breadcrumb"},"inLanguage":"en-US","potentialAction":[{"@type":"ReadAction","target":["https:\/\/drawings-online.com\/en\/product\/several-putti-studies-19th-century-north-or-french-school\/"]}]},{"@type":"ImageObject","inLanguage":"en-US","@id":"https:\/\/drawings-online.com\/en\/product\/several-putti-studies-19th-century-north-or-french-school\/#primaryimage","url":"https:\/\/drawings-online.com\/wp-content\/uploads\/2023\/06\/BJ8A3176_1.png","contentUrl":"https:\/\/drawings-online.com\/wp-content\/uploads\/2023\/06\/BJ8A3176_1.png","width":1800,"height":1800},{"@type":"BreadcrumbList","@id":"https:\/\/drawings-online.com\/en\/product\/several-putti-studies-19th-century-north-or-french-school\/#breadcrumb","itemListElement":[{"@type":"ListItem","position":1,"name":"Works available","item":"https:\/\/drawings-online.com\/"},{"@type":"ListItem","position":2,"name":"Gallery","item":"https:\/\/drawings-online.com\/galerie\/"},{"@type":"ListItem","position":3,"name":"19e","item":"https:\/\/drawings-online.com\/product_tag\/19e\/"},{"@type":"ListItem","position":4,"name":"Several putti studies, 19th century North or French School"}]},{"@type":"WebSite","@id":"https:\/\/drawings-online.com\/en\/#website","url":"https:\/\/drawings-online.com\/en\/","name":"Drawings-online","description":"Dessins en ligne","publisher":{"@id":"https:\/\/drawings-online.com\/en\/#organization"},"potentialAction":[{"@type":"SearchAction","target":{"@type":"EntryPoint","urlTemplate":"https:\/\/drawings-online.com\/en\/?s={search_term_string}"},"query-input":{"@type":"PropertyValueSpecification","valueRequired":true,"valueName":"search_term_string"}}],"inLanguage":"en-US"},{"@type":"Organization","@id":"https:\/\/drawings-online.com\/en\/#organization","name":"Drawings-online","url":"https:\/\/drawings-online.com\/en\/","logo":{"@type":"ImageObject","inLanguage":"en-US","@id":"https:\/\/drawings-online.com\/en\/#\/schema\/logo\/image\/","url":"https:\/\/drawings-online.com\/wp-content\/uploads\/2020\/12\/drawings-icone-transp-e1607442878135.png","contentUrl":"https:\/\/drawings-online.com\/wp-content\/uploads\/2020\/12\/drawings-icone-transp-e1607442878135.png","width":150,"height":150,"caption":"Drawings-online"},"image":{"@id":"https:\/\/drawings-online.com\/en\/#\/schema\/logo\/image\/"},"sameAs":["https:\/\/www.facebook.com\/people\/Drawings-online\/100034942735866\/","https:\/\/x.com\/OnlineDrawings","https:\/\/www.instagram.com\/drawings_online_com\/"]}]}},"jetpack_sharing_enabled":true,"_links":{"self":[{"href":"https:\/\/drawings-online.com\/en\/wp-json\/wp\/v2\/product\/7668","targetHints":{"allow":["GET"]}}],"collection":[{"href":"https:\/\/drawings-online.com\/en\/wp-json\/wp\/v2\/product"}],"about":[{"href":"https:\/\/drawings-online.com\/en\/wp-json\/wp\/v2\/types\/product"}],"wp:featuredmedia":[{"embeddable":true,"href":"https:\/\/drawings-online.com\/en\/wp-json\/wp\/v2\/media\/7669"}],"wp:attachment":[{"href":"https:\/\/drawings-online.com\/en\/wp-json\/wp\/v2\/media?parent=7668"}],"wp:term":[{"taxonomy":"product_brand","embeddable":true,"href":"https:\/\/drawings-online.com\/en\/wp-json\/wp\/v2\/product_brand?post=7668"},{"taxonomy":"product_cat","embeddable":true,"href":"https:\/\/drawings-online.com\/en\/wp-json\/wp\/v2\/product_cat?post=7668"},{"taxonomy":"product_tag","embeddable":true,"href":"https:\/\/drawings-online.com\/en\/wp-json\/wp\/v2\/product_tag?post=7668"}],"curies":[{"name":"wp","href":"https:\/\/api.w.org\/{rel}","templated":true}]}}