{"id":7600,"date":"2023-06-21T14:20:46","date_gmt":"2023-06-21T12:20:46","guid":{"rendered":"https:\/\/drawings-online.com\/product\/\/"},"modified":"2024-03-05T14:31:56","modified_gmt":"2024-03-05T13:31:56","slug":"un-archeveque-entoure-de-deux-hommes-deglise-attribue-a-bernardino-barbatelli-dit-poccetti","status":"publish","type":"product","link":"https:\/\/drawings-online.com\/en\/product\/archbishop-surrounded-by-two-churchmen-attributed-to-bernardino-barbatelli-known-as-poccetti\/","title":{"rendered":"Archbishop surrounded by two churchmen attributed to Bernardino Barbatelli, known as Poccetti"},"content":{"rendered":"<p>Attributed to <strong>Bernardino Barbatelli, <\/strong>known as<strong> Poccetti<\/strong> <\/p>\n<p>San Mariano di Valdelsa, 1548 &#8211; Florence, 1612 <\/p>\n<p><strong><em>An archbishop surrounded by two churchmen<\/em><\/strong><br \/><strong><em>Drapery sketch ( on the back )<\/em><\/strong> <\/p>\n<p>Red chalk on black chalk lines. <\/p>\n<p>Composition inscribed in a semicircle <br \/>182 x 295 mm &#8211; 7 3\/16 x 11 5\/8 in. <\/p>\n<p>Inscription in pencil on the back on the right&nbsp;: <em>del Sarto<\/em>. &nbsp; <\/p>\n<p>Provenance&nbsp;:<\/p>\n<ul>\n<li>Stamp <em>( FFS ) <\/em>on the back at the bottom left.<\/li>\n<li>Paris, Baron Ribeyre &amp; Associ\u00e9s sale, April 12, 2013, n \u00b0 12.<\/li>\n<li>Paris, Piasa sale, December 4, 2002, n \u00b0 5.<\/li>\n<li>Paris, Million sale, November 26, 2021, n \u00b0 6 ( as entourage of Agnolo known as Andrea del Sarto ).<\/li>\n<\/ul>\n<p>&nbsp; &nbsp; Our sheet represents, in the center, an archbishop, recognizable by his miter and his patriarchal cross with two sleepers, surrounded by two churchmen studying. The composition, in a semicircle, suggests that this is a preparatory study for a lunette decorated with a fresco for a church or a cloister. &nbsp; We propose to attribute this sheet to Bernardino Poccetti who was inspired in the manner of the Florentine grand master Andrea del Sarto, from whom he retained in particular the great mastery of execution of the drapery. After his stay in Rome in 1579-1580, Pocceti devoted himself to fresco decoration which constituted the main part of his activity, working in particular on the six lunettes of the Chiostro Grande of S. Maria Novella ( 1582 ), at the Oratory of S. Pierino ( 1585 ) and at the Sala Grande du Palais Capponi ( 1583-1587 ). In the years 1590-1600, he was very closed to the Chartreux, of which he decorated the convents of Florence, Pisa and Siena.&nbsp; In 1591, he began the cycle of frescoes on the life of Saint Bruno at the chartreuse of the Val d&#8217;Ema in Galluzzo then, from 1604 to 1612, he made fourteen lunettes for the Chiostro Grande of the SS. Annunziata. &nbsp; We were unable to relate this study to a known fresco. It could nevertheless be part of a Florentine iconographic cycle, perhaps around Saint Antonin \u2013 Antonio Pierozzi de Forciglioni \u2013 born in 1389 in Florence, religious in the Dominican order who became archbishop in 1446. Bernardino Poccetti notably produced, in Chiostro di Sant\u2019Antonino, a <a href=\"https:\/\/fr.wikipedia.org\/wiki\/Couvent_San_Marco#\/media\/Fichier:S._marco,_chiostro_di_San_Domenico,_lunette_di_a._gherardini_02.JPG\" target=\"_blank\" rel=\"noopener\">fresco cycle<\/a> relating the life and miracles of the saint.<\/p>\n<p>Condition report \u2013 Small spot, small tear restored.<\/p>\n","protected":false},"excerpt":{"rendered":"<p>Attributed to Bernardino Barbatelli, known as Poccetti San Mariano di Valdelsa, 1548 &#8211; Florence, 1612 An archbishop surrounded by two churchmenDrapery sketch ( on the back ) Red chalk on black chalk lines. Composition inscribed in a semicircle 182 x 295 mm &#8211; 7 3\/16 x 11 5\/8 in. Inscription in pencil on the back [&hellip;]<\/p>\n","protected":false},"featured_media":7601,"template":"","meta":{"_themeisle_gutenberg_block_has_review":false},"product_brand":[],"product_cat":[87,79],"product_tag":[88,23,345,353,454,28,96],"class_list":{"0":"post-7600","1":"product","2":"type-product","3":"status-publish","4":"has-post-thumbnail","6":"product_cat-florentine-school","7":"product_cat-italian-school","8":"product_tag-16th","9":"product_tag-17th","10":"product_tag-old-master-drawings","11":"product_tag-gallery","12":"product_tag-n17","13":"product_tag-red-chalk","14":"product_tag-religious-subject","16":"first","17":"instock","18":"sold-individually","19":"taxable","20":"shipping-taxable","21":"purchasable","22":"product-type-variable"},"yoast_head":"<!-- This site is optimized with the Yoast SEO plugin v27.4 - https:\/\/yoast.com\/product\/yoast-seo-wordpress\/ -->\n<title>Archbishop surrounded by two churchmen attributed to Bernardino Barbatelli, known as Poccetti<\/title>\n<meta name=\"description\" content=\"Attributed to Bernardino Barbatelli, known as Poccetti San Mariano di Valdelsa, 1548 - Florence, 1612 An archbishop surrounded by two churchmenDrapery sketch ( on the back ) Red chalk on black chalk lines. Composition inscribed in a semicircle 182 x 295 mm - 7 3\/16 x 11 5\/8 in. Inscription in pencil on the back&hellip;\" \/>\n<meta name=\"robots\" content=\"index, follow, max-snippet:-1, max-image-preview:large, max-video-preview:-1\" \/>\n<link rel=\"canonical\" href=\"http:\/\/Attributed%20to%20Bernardino%20Barbatelli,%20known%20as%20Poccetti%20San%20Mariano%20di%20Valdelsa,%201548%20-%20Florence,%201612%20An%20archbishop%20surrounded%20by%20two%20churchmenDrapery%20sketch%20(%20on%20the%20back%20)%20Red%20chalk%20on%20black%20chalk%20lines.%20Composition%20inscribed%20in%20a%20semicircle%20182%20x%20295%20mm%20-%207%203\/16%20x%2011%205\/8%20in.%20Inscription%20in%20pencil%20on%20the%20back&hellip;\" \/>\n<meta property=\"og:locale\" content=\"en_US\" \/>\n<meta property=\"og:type\" content=\"article\" \/>\n<meta property=\"og:title\" content=\"Archbishop surrounded by two churchmen attributed to Bernardino Barbatelli, known as Poccetti\" \/>\n<meta property=\"og:description\" content=\"Attributed to Bernardino Barbatelli, known as Poccetti San Mariano di Valdelsa, 1548 - Florence, 1612 An archbishop surrounded by two churchmenDrapery sketch ( on the back ) Red chalk on black chalk lines. Composition inscribed in a semicircle 182 x 295 mm - 7 3\/16 x 11 5\/8 in. Inscription in pencil on the back&hellip;\" \/>\n<meta property=\"og:url\" content=\"https:\/\/drawings-online.com\/en\/product\/archbishop-surrounded-by-two-churchmen-attributed-to-bernardino-barbatelli-known-as-poccetti\/\" \/>\n<meta property=\"og:site_name\" content=\"Drawings-online\" \/>\n<meta property=\"article:publisher\" content=\"https:\/\/www.facebook.com\/people\/Drawings-online\/100034942735866\/\" \/>\n<meta property=\"article:modified_time\" content=\"2024-03-05T13:31:56+00:00\" \/>\n<meta property=\"og:image\" content=\"https:\/\/drawings-online.com\/wp-content\/uploads\/2023\/06\/BJ8A3171_1-1024x1024.png\" \/>\n\t<meta property=\"og:image:width\" content=\"1024\" \/>\n\t<meta property=\"og:image:height\" content=\"1024\" \/>\n\t<meta property=\"og:image:type\" content=\"image\/png\" \/>\n<meta name=\"twitter:card\" content=\"summary_large_image\" \/>\n<meta name=\"twitter:site\" content=\"@OnlineDrawings\" \/>\n<meta name=\"twitter:label1\" content=\"Est. reading time\" \/>\n\t<meta name=\"twitter:data1\" content=\"2 minutes\" \/>\n<script type=\"application\/ld+json\" class=\"yoast-schema-graph\">{\"@context\":\"https:\\\/\\\/schema.org\",\"@graph\":[{\"@type\":\"WebPage\",\"@id\":\"https:\\\/\\\/drawings-online.com\\\/en\\\/product\\\/archbishop-surrounded-by-two-churchmen-attributed-to-bernardino-barbatelli-known-as-poccetti\\\/\",\"url\":\"https:\\\/\\\/drawings-online.com\\\/en\\\/product\\\/archbishop-surrounded-by-two-churchmen-attributed-to-bernardino-barbatelli-known-as-poccetti\\\/\",\"name\":\"Un archev\u00eaque entour\u00e9 de deux hommes d\u2019\u00e9glise attribu\u00e9 \u00e0 Bernardino Barbatelli, dit Poccetti - Drawings-online\",\"isPartOf\":{\"@id\":\"https:\\\/\\\/drawings-online.com\\\/#website\"},\"primaryImageOfPage\":{\"@id\":\"https:\\\/\\\/drawings-online.com\\\/en\\\/product\\\/archbishop-surrounded-by-two-churchmen-attributed-to-bernardino-barbatelli-known-as-poccetti\\\/#primaryimage\"},\"image\":{\"@id\":\"https:\\\/\\\/drawings-online.com\\\/en\\\/product\\\/archbishop-surrounded-by-two-churchmen-attributed-to-bernardino-barbatelli-known-as-poccetti\\\/#primaryimage\"},\"thumbnailUrl\":\"https:\\\/\\\/drawings-online.com\\\/wp-content\\\/uploads\\\/2023\\\/06\\\/BJ8A3171_1.png\",\"datePublished\":\"2023-06-21T12:20:46+00:00\",\"dateModified\":\"2024-03-05T13:31:56+00:00\",\"breadcrumb\":{\"@id\":\"https:\\\/\\\/drawings-online.com\\\/en\\\/product\\\/archbishop-surrounded-by-two-churchmen-attributed-to-bernardino-barbatelli-known-as-poccetti\\\/#breadcrumb\"},\"inLanguage\":\"en-US\",\"potentialAction\":[{\"@type\":\"ReadAction\",\"target\":[\"https:\\\/\\\/drawings-online.com\\\/en\\\/product\\\/archbishop-surrounded-by-two-churchmen-attributed-to-bernardino-barbatelli-known-as-poccetti\\\/\"]}]},{\"@type\":\"ImageObject\",\"inLanguage\":\"en-US\",\"@id\":\"https:\\\/\\\/drawings-online.com\\\/en\\\/product\\\/archbishop-surrounded-by-two-churchmen-attributed-to-bernardino-barbatelli-known-as-poccetti\\\/#primaryimage\",\"url\":\"https:\\\/\\\/drawings-online.com\\\/wp-content\\\/uploads\\\/2023\\\/06\\\/BJ8A3171_1.png\",\"contentUrl\":\"https:\\\/\\\/drawings-online.com\\\/wp-content\\\/uploads\\\/2023\\\/06\\\/BJ8A3171_1.png\",\"width\":1800,\"height\":1800},{\"@type\":\"BreadcrumbList\",\"@id\":\"https:\\\/\\\/drawings-online.com\\\/en\\\/product\\\/archbishop-surrounded-by-two-churchmen-attributed-to-bernardino-barbatelli-known-as-poccetti\\\/#breadcrumb\",\"itemListElement\":[{\"@type\":\"ListItem\",\"position\":1,\"name\":\"Works available\",\"item\":\"https:\\\/\\\/drawings-online.com\\\/\"},{\"@type\":\"ListItem\",\"position\":2,\"name\":\"Gallery\",\"item\":\"https:\\\/\\\/drawings-online.com\\\/galerie\\\/\"},{\"@type\":\"ListItem\",\"position\":3,\"name\":\"16e\",\"item\":\"https:\\\/\\\/drawings-online.com\\\/product_tag\\\/16e\\\/\"},{\"@type\":\"ListItem\",\"position\":4,\"name\":\"Archbishop surrounded by two churchmen attributed to Bernardino Barbatelli, known as Poccetti\"}]},{\"@type\":\"WebSite\",\"@id\":\"https:\\\/\\\/drawings-online.com\\\/en\\\/#website\",\"url\":\"https:\\\/\\\/drawings-online.com\\\/en\\\/\",\"name\":\"Drawings-online\",\"description\":\"Dessins en ligne\",\"publisher\":{\"@id\":\"https:\\\/\\\/drawings-online.com\\\/en\\\/#organization\"},\"potentialAction\":[{\"@type\":\"SearchAction\",\"target\":{\"@type\":\"EntryPoint\",\"urlTemplate\":\"https:\\\/\\\/drawings-online.com\\\/en\\\/?s={search_term_string}\"},\"query-input\":{\"@type\":\"PropertyValueSpecification\",\"valueRequired\":true,\"valueName\":\"search_term_string\"}}],\"inLanguage\":\"en-US\"},{\"@type\":\"Organization\",\"@id\":\"https:\\\/\\\/drawings-online.com\\\/en\\\/#organization\",\"name\":\"Drawings-online\",\"url\":\"https:\\\/\\\/drawings-online.com\\\/en\\\/\",\"logo\":{\"@type\":\"ImageObject\",\"inLanguage\":\"en-US\",\"@id\":\"https:\\\/\\\/drawings-online.com\\\/en\\\/#\\\/schema\\\/logo\\\/image\\\/\",\"url\":\"https:\\\/\\\/drawings-online.com\\\/wp-content\\\/uploads\\\/2020\\\/12\\\/drawings-icone-transp-e1607442878135.png\",\"contentUrl\":\"https:\\\/\\\/drawings-online.com\\\/wp-content\\\/uploads\\\/2020\\\/12\\\/drawings-icone-transp-e1607442878135.png\",\"width\":150,\"height\":150,\"caption\":\"Drawings-online\"},\"image\":{\"@id\":\"https:\\\/\\\/drawings-online.com\\\/en\\\/#\\\/schema\\\/logo\\\/image\\\/\"},\"sameAs\":[\"https:\\\/\\\/www.facebook.com\\\/people\\\/Drawings-online\\\/100034942735866\\\/\",\"https:\\\/\\\/x.com\\\/OnlineDrawings\",\"https:\\\/\\\/www.instagram.com\\\/drawings_online_com\\\/\"]}]}<\/script>\n<!-- \/ Yoast SEO plugin. -->","yoast_head_json":{"title":"Archbishop surrounded by two churchmen attributed to Bernardino Barbatelli, known as Poccetti","description":"Attributed to Bernardino Barbatelli, known as Poccetti San Mariano di Valdelsa, 1548 - Florence, 1612 An archbishop surrounded by two churchmenDrapery sketch ( on the back ) Red chalk on black chalk lines. Composition inscribed in a semicircle 182 x 295 mm - 7 3\/16 x 11 5\/8 in. Inscription in pencil on the back&hellip;","robots":{"index":"index","follow":"follow","max-snippet":"max-snippet:-1","max-image-preview":"max-image-preview:large","max-video-preview":"max-video-preview:-1"},"canonical":"Attributed to Bernardino Barbatelli, known as Poccetti San Mariano di Valdelsa, 1548 - Florence, 1612 An archbishop surrounded by two churchmenDrapery sketch ( on the back ) Red chalk on black chalk lines. Composition inscribed in a semicircle 182 x 295 mm - 7 3\/16 x 11 5\/8 in. Inscription in pencil on the back&hellip;","og_locale":"en_US","og_type":"article","og_title":"Archbishop surrounded by two churchmen attributed to Bernardino Barbatelli, known as Poccetti","og_description":"Attributed to Bernardino Barbatelli, known as Poccetti San Mariano di Valdelsa, 1548 - Florence, 1612 An archbishop surrounded by two churchmenDrapery sketch ( on the back ) Red chalk on black chalk lines. Composition inscribed in a semicircle 182 x 295 mm - 7 3\/16 x 11 5\/8 in. Inscription in pencil on the back&hellip;","og_url":"https:\/\/drawings-online.com\/en\/product\/archbishop-surrounded-by-two-churchmen-attributed-to-bernardino-barbatelli-known-as-poccetti\/","og_site_name":"Drawings-online","article_publisher":"https:\/\/www.facebook.com\/people\/Drawings-online\/100034942735866\/","article_modified_time":"2024-03-05T13:31:56+00:00","og_image":[{"width":1024,"height":1024,"url":"https:\/\/drawings-online.com\/wp-content\/uploads\/2023\/06\/BJ8A3171_1-1024x1024.png","type":"image\/png"}],"twitter_card":"summary_large_image","twitter_site":"@OnlineDrawings","twitter_misc":{"Est. reading time":"2 minutes"},"schema":{"@context":"https:\/\/schema.org","@graph":[{"@type":"WebPage","@id":"https:\/\/drawings-online.com\/en\/product\/archbishop-surrounded-by-two-churchmen-attributed-to-bernardino-barbatelli-known-as-poccetti\/","url":"https:\/\/drawings-online.com\/en\/product\/archbishop-surrounded-by-two-churchmen-attributed-to-bernardino-barbatelli-known-as-poccetti\/","name":"Un archev\u00eaque entour\u00e9 de deux hommes d\u2019\u00e9glise attribu\u00e9 \u00e0 Bernardino Barbatelli, dit Poccetti - Drawings-online","isPartOf":{"@id":"https:\/\/drawings-online.com\/#website"},"primaryImageOfPage":{"@id":"https:\/\/drawings-online.com\/en\/product\/archbishop-surrounded-by-two-churchmen-attributed-to-bernardino-barbatelli-known-as-poccetti\/#primaryimage"},"image":{"@id":"https:\/\/drawings-online.com\/en\/product\/archbishop-surrounded-by-two-churchmen-attributed-to-bernardino-barbatelli-known-as-poccetti\/#primaryimage"},"thumbnailUrl":"https:\/\/drawings-online.com\/wp-content\/uploads\/2023\/06\/BJ8A3171_1.png","datePublished":"2023-06-21T12:20:46+00:00","dateModified":"2024-03-05T13:31:56+00:00","breadcrumb":{"@id":"https:\/\/drawings-online.com\/en\/product\/archbishop-surrounded-by-two-churchmen-attributed-to-bernardino-barbatelli-known-as-poccetti\/#breadcrumb"},"inLanguage":"en-US","potentialAction":[{"@type":"ReadAction","target":["https:\/\/drawings-online.com\/en\/product\/archbishop-surrounded-by-two-churchmen-attributed-to-bernardino-barbatelli-known-as-poccetti\/"]}]},{"@type":"ImageObject","inLanguage":"en-US","@id":"https:\/\/drawings-online.com\/en\/product\/archbishop-surrounded-by-two-churchmen-attributed-to-bernardino-barbatelli-known-as-poccetti\/#primaryimage","url":"https:\/\/drawings-online.com\/wp-content\/uploads\/2023\/06\/BJ8A3171_1.png","contentUrl":"https:\/\/drawings-online.com\/wp-content\/uploads\/2023\/06\/BJ8A3171_1.png","width":1800,"height":1800},{"@type":"BreadcrumbList","@id":"https:\/\/drawings-online.com\/en\/product\/archbishop-surrounded-by-two-churchmen-attributed-to-bernardino-barbatelli-known-as-poccetti\/#breadcrumb","itemListElement":[{"@type":"ListItem","position":1,"name":"Works available","item":"https:\/\/drawings-online.com\/"},{"@type":"ListItem","position":2,"name":"Gallery","item":"https:\/\/drawings-online.com\/galerie\/"},{"@type":"ListItem","position":3,"name":"16e","item":"https:\/\/drawings-online.com\/product_tag\/16e\/"},{"@type":"ListItem","position":4,"name":"Archbishop surrounded by two churchmen attributed to Bernardino Barbatelli, known as Poccetti"}]},{"@type":"WebSite","@id":"https:\/\/drawings-online.com\/en\/#website","url":"https:\/\/drawings-online.com\/en\/","name":"Drawings-online","description":"Dessins en ligne","publisher":{"@id":"https:\/\/drawings-online.com\/en\/#organization"},"potentialAction":[{"@type":"SearchAction","target":{"@type":"EntryPoint","urlTemplate":"https:\/\/drawings-online.com\/en\/?s={search_term_string}"},"query-input":{"@type":"PropertyValueSpecification","valueRequired":true,"valueName":"search_term_string"}}],"inLanguage":"en-US"},{"@type":"Organization","@id":"https:\/\/drawings-online.com\/en\/#organization","name":"Drawings-online","url":"https:\/\/drawings-online.com\/en\/","logo":{"@type":"ImageObject","inLanguage":"en-US","@id":"https:\/\/drawings-online.com\/en\/#\/schema\/logo\/image\/","url":"https:\/\/drawings-online.com\/wp-content\/uploads\/2020\/12\/drawings-icone-transp-e1607442878135.png","contentUrl":"https:\/\/drawings-online.com\/wp-content\/uploads\/2020\/12\/drawings-icone-transp-e1607442878135.png","width":150,"height":150,"caption":"Drawings-online"},"image":{"@id":"https:\/\/drawings-online.com\/en\/#\/schema\/logo\/image\/"},"sameAs":["https:\/\/www.facebook.com\/people\/Drawings-online\/100034942735866\/","https:\/\/x.com\/OnlineDrawings","https:\/\/www.instagram.com\/drawings_online_com\/"]}]}},"jetpack_sharing_enabled":true,"_links":{"self":[{"href":"https:\/\/drawings-online.com\/en\/wp-json\/wp\/v2\/product\/7600","targetHints":{"allow":["GET"]}}],"collection":[{"href":"https:\/\/drawings-online.com\/en\/wp-json\/wp\/v2\/product"}],"about":[{"href":"https:\/\/drawings-online.com\/en\/wp-json\/wp\/v2\/types\/product"}],"wp:featuredmedia":[{"embeddable":true,"href":"https:\/\/drawings-online.com\/en\/wp-json\/wp\/v2\/media\/7601"}],"wp:attachment":[{"href":"https:\/\/drawings-online.com\/en\/wp-json\/wp\/v2\/media?parent=7600"}],"wp:term":[{"taxonomy":"product_brand","embeddable":true,"href":"https:\/\/drawings-online.com\/en\/wp-json\/wp\/v2\/product_brand?post=7600"},{"taxonomy":"product_cat","embeddable":true,"href":"https:\/\/drawings-online.com\/en\/wp-json\/wp\/v2\/product_cat?post=7600"},{"taxonomy":"product_tag","embeddable":true,"href":"https:\/\/drawings-online.com\/en\/wp-json\/wp\/v2\/product_tag?post=7600"}],"curies":[{"name":"wp","href":"https:\/\/api.w.org\/{rel}","templated":true}]}}