{"id":7220,"date":"2023-04-17T10:50:06","date_gmt":"2023-04-17T08:50:06","guid":{"rendered":"https:\/\/drawings-online.com\/product\/\/"},"modified":"2024-03-05T14:32:40","modified_gmt":"2024-03-05T13:32:40","slug":"jeune-femme-nue-allongee-sur-un-rocher-par-louis-appian","status":"publish","type":"product","link":"https:\/\/drawings-online.com\/en\/product\/young-naked-woman-lying-on-a-rock-by-louis-appian\/","title":{"rendered":"Young naked woman lying on a rock by Louis Appian"},"content":{"rendered":"<p><strong>Louis Appian<\/strong> <br \/>Lyon 1862 &#8211; 1896 <\/p>\n<p><strong><em>Young naked woman lying on a rock<\/em><\/strong> <\/p>\n<p>Red chalk on brown paper. <br \/>496 x 750 cm &#8211; 19 1\/2 x 29 1\/2 in. <br \/>Black ink workshop stamp <em>L. Appian<\/em> top left ( not listed in Lugt ).<\/p>\n<p>\n<figure id=\"attachment_7221\" aria-describedby=\"caption-attachment-7221\" style=\"width: 300px\" class=\"wp-caption alignleft\"><a href=\"https:\/\/drawings-online.com\/wp-content\/uploads\/2023\/04\/Appian.jpg\"><img loading=\"lazy\" decoding=\"async\" class=\"wp-image-7221 size-medium\" src=\"https:\/\/drawings-online.com\/wp-content\/uploads\/2023\/04\/Appian-300x239.jpg\" alt=\"\" width=\"300\" height=\"239\" srcset=\"https:\/\/drawings-online.com\/wp-content\/uploads\/2023\/04\/Appian-300x239.jpg 300w, https:\/\/drawings-online.com\/wp-content\/uploads\/2023\/04\/Appian-1024x817.jpg 1024w, https:\/\/drawings-online.com\/wp-content\/uploads\/2023\/04\/Appian-768x613.jpg 768w, https:\/\/drawings-online.com\/wp-content\/uploads\/2023\/04\/Appian-1536x1226.jpg 1536w, https:\/\/drawings-online.com\/wp-content\/uploads\/2023\/04\/Appian-600x479.jpg 600w, https:\/\/drawings-online.com\/wp-content\/uploads\/2023\/04\/Appian.jpg 1556w\" sizes=\"auto, (max-width: 300px) 100vw, 300px\" \/><\/a><figcaption id=\"caption-attachment-7221\" class=\"wp-caption-text\">Fig.1<\/figcaption><\/figure><br \/>\nSon of Adolphe Appian, Louis trained at the School of Fine Arts in Lyon in 1879, where he attended the teaching of Michel Dumas and Jean-Baptiste Danguin. In 1885, he obtained the Paris Prize<a href=\"#_ftn1\" name=\"_ftnref1\">[ 1 ]<\/a>&nbsp; which allows him to join the capital and enter the workshop of Alexandre Cabanel. From 1888, he began to exhibit in Paris, at the Salon de la Soci\u00e9t\u00e9 des artistes fran\u00e7ais, presenting portraits and genre scenes. Dead at the age of 34, his talent was recognized: \u00ab Louis Appian was an artist of the brightest future and who left some powerful and strong works. Death took him in full youth, which happens too often for the best \u00bb<a href=\"#_ftn2\" name=\"_ftnref2\">[ 2 ]<\/a>. &nbsp; <\/p>\n<p>This study of elongated naked women is rather rare in the work of this artist, better known for his landscapes in the line of his father Adolphe. We can nevertheless cite some paintings in which he magnified the female body as <a href=\"https:\/\/www.artcurial.com\/fr\/lot-louis-appian-lyon-1862-1896-reverie-leventail-huile-sur-toile-toile-dorigine-2236-82\"><em>Fan cover<\/em><\/a><a href=\"#_ftn3\" name=\"_ftnref3\"><em><strong>[ 3 ]<\/strong><\/em><\/a> and <em>Model lying on a sofa <\/em>( fig. 1 )<a href=\"#_ftn4\" name=\"_ftnref4\">[ 4 ]<\/a>.&nbsp; &nbsp; <\/p>\n<p>Condition report: some spots and tears on the upper left edge. Old tear restored in the lower middle part and around the edges. &nbsp; <\/p>\n<p><a href=\"#_ftnref1\" name=\"_ftn1\">[ 1 ]<\/a> \u00ab The Paris Prize of the School of Fine Arts in Lyon, with the help of which a Lyonnais artist is sent to Paris, for three years, with a pension of 1,800 francs, was awarded to Mr. Louis Appian, son of the landscaper Adolphe Appian \u00bb, <em>Chronicle of Arts and Curiosity<\/em>, n \u00b0 28, 1885, August 22, p. 219. <br \/><a href=\"#_ftnref2\" name=\"_ftn2\">[ 2 ]<\/a> From the <a href=\"https:\/\/www.google.fr\/books\/edition\/La_Revue_du_si%C3%A8cle_litt%C3%A9raire_artistiq\/u-wWAAAAYAAJ?hl=fr&amp;gbpv=1&amp;dq=Louis+appian&amp;pg=PA715&amp;printsec=frontcover\"><em>Review of the century, literary, artistic &amp; scientific<\/em><\/a>, flight. 10, p. 715. <br \/><a href=\"#_ftnref3\" name=\"_ftn3\">[ 3 ]<\/a> Paris, Artcurial sale, November 7, 2012, n \u00b0 82. <br \/><a href=\"#_ftnref4\" name=\"_ftn4\">[ 4 ]<\/a> Monaco, HVMC sale, June 16, 2019, n \u00b0 247.<\/p>\n","protected":false},"excerpt":{"rendered":"<p>Louis Appian Lyon 1862 &#8211; 1896 Young naked woman lying on a rock Red chalk on brown paper. 496 x 750 cm &#8211; 19 1\/2 x 29 1\/2 in. Black ink workshop stamp L. Appian top left ( not listed in Lugt ). Fig.1 Son of Adolphe Appian, Louis trained at the School of Fine [&hellip;]<\/p>\n","protected":false},"featured_media":7222,"template":"","meta":{"_themeisle_gutenberg_block_has_review":false},"product_brand":[],"product_cat":[450,78],"product_tag":[37,346,113,353,448,188],"class_list":{"0":"post-7220","1":"product","2":"type-product","3":"status-publish","4":"has-post-thumbnail","6":"product_cat-ecole-lyonnaise","7":"product_cat-french-school","8":"product_tag-19th","9":"product_tag-19th-century-drawings","10":"product_tag-female-nude","11":"product_tag-gallery","12":"product_tag-n16","13":"product_tag-naked","15":"first","16":"instock","17":"taxable","18":"shipping-taxable","19":"purchasable","20":"product-type-variable","21":"has-default-attributes"},"yoast_head":"<!-- This site is optimized with the Yoast SEO plugin v27.4 - https:\/\/yoast.com\/product\/yoast-seo-wordpress\/ -->\n<title>Young naked woman lying on a rock by Louis Appian<\/title>\n<meta name=\"description\" content=\"Louis Appian Lyon 1862 - 1896 Young naked woman lying on a rock Red chalk on brown paper. 496 x 750 cm - 19 1\/2 x 29 1\/2 in. Black ink workshop stamp L. Appian top left ( not listed in Lugt ). [caption id=&quot;attachment_7221&quot; align=&quot;alignleft&quot; width=&quot;300&quot;] Fig.1[\/caption] Son of Adolphe Appian, Louis trained at&hellip;\" \/>\n<meta name=\"robots\" content=\"index, follow, max-snippet:-1, max-image-preview:large, max-video-preview:-1\" \/>\n<link rel=\"canonical\" href=\"http:\/\/Louis%20Appian%20Lyon%201862%20-%201896%20Young%20naked%20woman%20lying%20on%20a%20rock%20Red%20chalk%20on%20brown%20paper.%20496%20x%20750%20cm%20-%2019%201\/2%20x%2029%201\/2%20in.%20Black%20ink%20workshop%20stamp%20L.%20Appian%20top%20left%20(%20not%20listed%20in%20Lugt%20).%20%5Bcaption%20id=attachment_7221%20align=alignleft%20width=300%5D%20Fig.1%5B\/caption%5D%20Son%20of%20Adolphe%20Appian,%20Louis%20trained%20at&hellip;\" \/>\n<meta property=\"og:locale\" content=\"en_US\" \/>\n<meta property=\"og:type\" content=\"article\" \/>\n<meta property=\"og:title\" content=\"Young naked woman lying on a rock by Louis Appian\" \/>\n<meta property=\"og:description\" content=\"Louis Appian Lyon 1862 - 1896 Young naked woman lying on a rock Red chalk on brown paper. 496 x 750 cm - 19 1\/2 x 29 1\/2 in. Black ink workshop stamp L. Appian top left ( not listed in Lugt ). [caption id=&quot;attachment_7221&quot; align=&quot;alignleft&quot; width=&quot;300&quot;] Fig.1[\/caption] Son of Adolphe Appian, Louis trained at&hellip;\" \/>\n<meta property=\"og:url\" content=\"https:\/\/drawings-online.com\/en\/product\/young-naked-woman-lying-on-a-rock-by-louis-appian\/\" \/>\n<meta property=\"og:site_name\" content=\"Drawings-online\" \/>\n<meta property=\"article:publisher\" content=\"https:\/\/www.facebook.com\/people\/Drawings-online\/100034942735866\/\" \/>\n<meta property=\"article:modified_time\" content=\"2024-03-05T13:32:40+00:00\" \/>\n<meta property=\"og:image\" content=\"https:\/\/drawings-online.com\/wp-content\/uploads\/2023\/04\/BJ8A2956_1-1024x1024.png\" \/>\n\t<meta property=\"og:image:width\" content=\"1024\" \/>\n\t<meta property=\"og:image:height\" content=\"1024\" \/>\n\t<meta property=\"og:image:type\" content=\"image\/png\" \/>\n<meta name=\"twitter:card\" content=\"summary_large_image\" \/>\n<meta name=\"twitter:site\" content=\"@OnlineDrawings\" \/>\n<meta name=\"twitter:label1\" content=\"Est. reading time\" \/>\n\t<meta name=\"twitter:data1\" content=\"2 minutes\" \/>\n<script type=\"application\/ld+json\" class=\"yoast-schema-graph\">{\"@context\":\"https:\\\/\\\/schema.org\",\"@graph\":[{\"@type\":\"WebPage\",\"@id\":\"https:\\\/\\\/drawings-online.com\\\/en\\\/product\\\/young-naked-woman-lying-on-a-rock-by-louis-appian\\\/\",\"url\":\"https:\\\/\\\/drawings-online.com\\\/en\\\/product\\\/young-naked-woman-lying-on-a-rock-by-louis-appian\\\/\",\"name\":\"Jeune femme nue allong\u00e9e sur un rocher par Louis Appian - Drawings-online\",\"isPartOf\":{\"@id\":\"https:\\\/\\\/drawings-online.com\\\/#website\"},\"primaryImageOfPage\":{\"@id\":\"https:\\\/\\\/drawings-online.com\\\/en\\\/product\\\/young-naked-woman-lying-on-a-rock-by-louis-appian\\\/#primaryimage\"},\"image\":{\"@id\":\"https:\\\/\\\/drawings-online.com\\\/en\\\/product\\\/young-naked-woman-lying-on-a-rock-by-louis-appian\\\/#primaryimage\"},\"thumbnailUrl\":\"https:\\\/\\\/drawings-online.com\\\/wp-content\\\/uploads\\\/2023\\\/04\\\/BJ8A2956_1.png\",\"datePublished\":\"2023-04-17T08:50:06+00:00\",\"dateModified\":\"2024-03-05T13:32:40+00:00\",\"breadcrumb\":{\"@id\":\"https:\\\/\\\/drawings-online.com\\\/en\\\/product\\\/young-naked-woman-lying-on-a-rock-by-louis-appian\\\/#breadcrumb\"},\"inLanguage\":\"en-US\",\"potentialAction\":[{\"@type\":\"ReadAction\",\"target\":[\"https:\\\/\\\/drawings-online.com\\\/en\\\/product\\\/young-naked-woman-lying-on-a-rock-by-louis-appian\\\/\"]}]},{\"@type\":\"ImageObject\",\"inLanguage\":\"en-US\",\"@id\":\"https:\\\/\\\/drawings-online.com\\\/en\\\/product\\\/young-naked-woman-lying-on-a-rock-by-louis-appian\\\/#primaryimage\",\"url\":\"https:\\\/\\\/drawings-online.com\\\/wp-content\\\/uploads\\\/2023\\\/04\\\/BJ8A2956_1.png\",\"contentUrl\":\"https:\\\/\\\/drawings-online.com\\\/wp-content\\\/uploads\\\/2023\\\/04\\\/BJ8A2956_1.png\",\"width\":1800,\"height\":1800},{\"@type\":\"BreadcrumbList\",\"@id\":\"https:\\\/\\\/drawings-online.com\\\/en\\\/product\\\/young-naked-woman-lying-on-a-rock-by-louis-appian\\\/#breadcrumb\",\"itemListElement\":[{\"@type\":\"ListItem\",\"position\":1,\"name\":\"Works available\",\"item\":\"https:\\\/\\\/drawings-online.com\\\/\"},{\"@type\":\"ListItem\",\"position\":2,\"name\":\"Gallery\",\"item\":\"https:\\\/\\\/drawings-online.com\\\/galerie\\\/\"},{\"@type\":\"ListItem\",\"position\":3,\"name\":\"19e\",\"item\":\"https:\\\/\\\/drawings-online.com\\\/product_tag\\\/19e\\\/\"},{\"@type\":\"ListItem\",\"position\":4,\"name\":\"Young naked woman lying on a rock by Louis Appian\"}]},{\"@type\":\"WebSite\",\"@id\":\"https:\\\/\\\/drawings-online.com\\\/en\\\/#website\",\"url\":\"https:\\\/\\\/drawings-online.com\\\/en\\\/\",\"name\":\"Drawings-online\",\"description\":\"Dessins en ligne\",\"publisher\":{\"@id\":\"https:\\\/\\\/drawings-online.com\\\/en\\\/#organization\"},\"potentialAction\":[{\"@type\":\"SearchAction\",\"target\":{\"@type\":\"EntryPoint\",\"urlTemplate\":\"https:\\\/\\\/drawings-online.com\\\/en\\\/?s={search_term_string}\"},\"query-input\":{\"@type\":\"PropertyValueSpecification\",\"valueRequired\":true,\"valueName\":\"search_term_string\"}}],\"inLanguage\":\"en-US\"},{\"@type\":\"Organization\",\"@id\":\"https:\\\/\\\/drawings-online.com\\\/en\\\/#organization\",\"name\":\"Drawings-online\",\"url\":\"https:\\\/\\\/drawings-online.com\\\/en\\\/\",\"logo\":{\"@type\":\"ImageObject\",\"inLanguage\":\"en-US\",\"@id\":\"https:\\\/\\\/drawings-online.com\\\/en\\\/#\\\/schema\\\/logo\\\/image\\\/\",\"url\":\"https:\\\/\\\/drawings-online.com\\\/wp-content\\\/uploads\\\/2020\\\/12\\\/drawings-icone-transp-e1607442878135.png\",\"contentUrl\":\"https:\\\/\\\/drawings-online.com\\\/wp-content\\\/uploads\\\/2020\\\/12\\\/drawings-icone-transp-e1607442878135.png\",\"width\":150,\"height\":150,\"caption\":\"Drawings-online\"},\"image\":{\"@id\":\"https:\\\/\\\/drawings-online.com\\\/en\\\/#\\\/schema\\\/logo\\\/image\\\/\"},\"sameAs\":[\"https:\\\/\\\/www.facebook.com\\\/people\\\/Drawings-online\\\/100034942735866\\\/\",\"https:\\\/\\\/x.com\\\/OnlineDrawings\",\"https:\\\/\\\/www.instagram.com\\\/drawings_online_com\\\/\"]}]}<\/script>\n<!-- \/ Yoast SEO plugin. -->","yoast_head_json":{"title":"Young naked woman lying on a rock by Louis Appian","description":"Louis Appian Lyon 1862 - 1896 Young naked woman lying on a rock Red chalk on brown paper. 496 x 750 cm - 19 1\/2 x 29 1\/2 in. Black ink workshop stamp L. Appian top left ( not listed in Lugt ). [caption id=\"attachment_7221\" align=\"alignleft\" width=\"300\"] Fig.1[\/caption] Son of Adolphe Appian, Louis trained at&hellip;","robots":{"index":"index","follow":"follow","max-snippet":"max-snippet:-1","max-image-preview":"max-image-preview:large","max-video-preview":"max-video-preview:-1"},"canonical":"Louis Appian Lyon 1862 - 1896 Young naked woman lying on a rock Red chalk on brown paper. 496 x 750 cm - 19 1\/2 x 29 1\/2 in. Black ink workshop stamp L. Appian top left ( not listed in Lugt ). [caption id=\"attachment_7221\" align=\"alignleft\" width=\"300\"] Fig.1[\/caption] Son of Adolphe Appian, Louis trained at&hellip;","og_locale":"en_US","og_type":"article","og_title":"Young naked woman lying on a rock by Louis Appian","og_description":"Louis Appian Lyon 1862 - 1896 Young naked woman lying on a rock Red chalk on brown paper. 496 x 750 cm - 19 1\/2 x 29 1\/2 in. Black ink workshop stamp L. Appian top left ( not listed in Lugt ). [caption id=\"attachment_7221\" align=\"alignleft\" width=\"300\"] Fig.1[\/caption] Son of Adolphe Appian, Louis trained at&hellip;","og_url":"https:\/\/drawings-online.com\/en\/product\/young-naked-woman-lying-on-a-rock-by-louis-appian\/","og_site_name":"Drawings-online","article_publisher":"https:\/\/www.facebook.com\/people\/Drawings-online\/100034942735866\/","article_modified_time":"2024-03-05T13:32:40+00:00","og_image":[{"width":1024,"height":1024,"url":"https:\/\/drawings-online.com\/wp-content\/uploads\/2023\/04\/BJ8A2956_1-1024x1024.png","type":"image\/png"}],"twitter_card":"summary_large_image","twitter_site":"@OnlineDrawings","twitter_misc":{"Est. reading time":"2 minutes"},"schema":{"@context":"https:\/\/schema.org","@graph":[{"@type":"WebPage","@id":"https:\/\/drawings-online.com\/en\/product\/young-naked-woman-lying-on-a-rock-by-louis-appian\/","url":"https:\/\/drawings-online.com\/en\/product\/young-naked-woman-lying-on-a-rock-by-louis-appian\/","name":"Jeune femme nue allong\u00e9e sur un rocher par Louis Appian - Drawings-online","isPartOf":{"@id":"https:\/\/drawings-online.com\/#website"},"primaryImageOfPage":{"@id":"https:\/\/drawings-online.com\/en\/product\/young-naked-woman-lying-on-a-rock-by-louis-appian\/#primaryimage"},"image":{"@id":"https:\/\/drawings-online.com\/en\/product\/young-naked-woman-lying-on-a-rock-by-louis-appian\/#primaryimage"},"thumbnailUrl":"https:\/\/drawings-online.com\/wp-content\/uploads\/2023\/04\/BJ8A2956_1.png","datePublished":"2023-04-17T08:50:06+00:00","dateModified":"2024-03-05T13:32:40+00:00","breadcrumb":{"@id":"https:\/\/drawings-online.com\/en\/product\/young-naked-woman-lying-on-a-rock-by-louis-appian\/#breadcrumb"},"inLanguage":"en-US","potentialAction":[{"@type":"ReadAction","target":["https:\/\/drawings-online.com\/en\/product\/young-naked-woman-lying-on-a-rock-by-louis-appian\/"]}]},{"@type":"ImageObject","inLanguage":"en-US","@id":"https:\/\/drawings-online.com\/en\/product\/young-naked-woman-lying-on-a-rock-by-louis-appian\/#primaryimage","url":"https:\/\/drawings-online.com\/wp-content\/uploads\/2023\/04\/BJ8A2956_1.png","contentUrl":"https:\/\/drawings-online.com\/wp-content\/uploads\/2023\/04\/BJ8A2956_1.png","width":1800,"height":1800},{"@type":"BreadcrumbList","@id":"https:\/\/drawings-online.com\/en\/product\/young-naked-woman-lying-on-a-rock-by-louis-appian\/#breadcrumb","itemListElement":[{"@type":"ListItem","position":1,"name":"Works available","item":"https:\/\/drawings-online.com\/"},{"@type":"ListItem","position":2,"name":"Gallery","item":"https:\/\/drawings-online.com\/galerie\/"},{"@type":"ListItem","position":3,"name":"19e","item":"https:\/\/drawings-online.com\/product_tag\/19e\/"},{"@type":"ListItem","position":4,"name":"Young naked woman lying on a rock by Louis Appian"}]},{"@type":"WebSite","@id":"https:\/\/drawings-online.com\/en\/#website","url":"https:\/\/drawings-online.com\/en\/","name":"Drawings-online","description":"Dessins en ligne","publisher":{"@id":"https:\/\/drawings-online.com\/en\/#organization"},"potentialAction":[{"@type":"SearchAction","target":{"@type":"EntryPoint","urlTemplate":"https:\/\/drawings-online.com\/en\/?s={search_term_string}"},"query-input":{"@type":"PropertyValueSpecification","valueRequired":true,"valueName":"search_term_string"}}],"inLanguage":"en-US"},{"@type":"Organization","@id":"https:\/\/drawings-online.com\/en\/#organization","name":"Drawings-online","url":"https:\/\/drawings-online.com\/en\/","logo":{"@type":"ImageObject","inLanguage":"en-US","@id":"https:\/\/drawings-online.com\/en\/#\/schema\/logo\/image\/","url":"https:\/\/drawings-online.com\/wp-content\/uploads\/2020\/12\/drawings-icone-transp-e1607442878135.png","contentUrl":"https:\/\/drawings-online.com\/wp-content\/uploads\/2020\/12\/drawings-icone-transp-e1607442878135.png","width":150,"height":150,"caption":"Drawings-online"},"image":{"@id":"https:\/\/drawings-online.com\/en\/#\/schema\/logo\/image\/"},"sameAs":["https:\/\/www.facebook.com\/people\/Drawings-online\/100034942735866\/","https:\/\/x.com\/OnlineDrawings","https:\/\/www.instagram.com\/drawings_online_com\/"]}]}},"jetpack_sharing_enabled":true,"_links":{"self":[{"href":"https:\/\/drawings-online.com\/en\/wp-json\/wp\/v2\/product\/7220","targetHints":{"allow":["GET"]}}],"collection":[{"href":"https:\/\/drawings-online.com\/en\/wp-json\/wp\/v2\/product"}],"about":[{"href":"https:\/\/drawings-online.com\/en\/wp-json\/wp\/v2\/types\/product"}],"wp:featuredmedia":[{"embeddable":true,"href":"https:\/\/drawings-online.com\/en\/wp-json\/wp\/v2\/media\/7222"}],"wp:attachment":[{"href":"https:\/\/drawings-online.com\/en\/wp-json\/wp\/v2\/media?parent=7220"}],"wp:term":[{"taxonomy":"product_brand","embeddable":true,"href":"https:\/\/drawings-online.com\/en\/wp-json\/wp\/v2\/product_brand?post=7220"},{"taxonomy":"product_cat","embeddable":true,"href":"https:\/\/drawings-online.com\/en\/wp-json\/wp\/v2\/product_cat?post=7220"},{"taxonomy":"product_tag","embeddable":true,"href":"https:\/\/drawings-online.com\/en\/wp-json\/wp\/v2\/product_tag?post=7220"}],"curies":[{"name":"wp","href":"https:\/\/api.w.org\/{rel}","templated":true}]}}