{"id":6782,"date":"2022-12-22T17:41:44","date_gmt":"2022-12-22T16:41:44","guid":{"rendered":"https:\/\/drawings-online.com\/product\/\/"},"modified":"2024-06-25T17:14:22","modified_gmt":"2024-06-25T15:14:22","slug":"projet-architectural-pour-un-retable-ecole-italienne-du-xvie-siecle","status":"publish","type":"product","link":"https:\/\/drawings-online.com\/en\/product\/architectural-design-for-an-alterpiece-italian-school-from-the-16th-century\/","title":{"rendered":"Architectural design for an Alterpiece, Italian School from the 16th century"},"content":{"rendered":"<p><strong>Italian School, 16th century<\/strong><\/p>\n<p><strong><em>Architectural design for an Alterpiece<\/em><\/strong><\/p>\n<p>Pen and brown ink, brown wash over black chalk<\/p>\n<p>352 x 219 mm &#8211; 13 7\/8 x 8 5\/8 in.<\/p>\n<p><strong>Provenance: Andr\u00e9-Denis Berard (1806-1873), architect of Paris <\/strong>&nbsp;(<a href=\"http:\/\/www.marquesdecollections.fr\/detail.cfm\/marque\/5350\/total\/1\" target=\"_blank\" rel=\"noopener\">L. 75<\/a>).<\/p>\n<p>&nbsp;<\/p>\n<p>&nbsp;<\/p>\n<p>&nbsp;<\/p>\n<p>This drawing of the Italian school representing a project for an altarpiece belonged to the architect Andr\u00e9-Denis B\u00e9rard who built up an important collection of ornamental drawings and engravings. He exhibited parts of it during several retrospectives &#8211; notably at the exhibition at &nbsp;the Palais de l&#8217;Industrie, organized by the Central Union of Decorative Arts<a href=\"#_ftn1\" name=\"_ftnref1\">[1] <\/a>and used it for his studies on ancient art in his <em>Dictionnaire biographique des Artistes fran\u00e7ais du&nbsp;XII<sup>e<\/sup>&nbsp;au&nbsp;XVII<sup>e<\/sup>&nbsp;si\u00e8cle<\/em>, published in 1873. There were two sales of his collection of drawings in 1866 and 1891.<\/p>\n<p>&nbsp;<\/p>\n<p><a href=\"#_ftnref1\" name=\"_ftn1\">[1]<\/a> <em>Le<\/em>&nbsp;<em>Catalogue descriptif des dessins de d\u00e9coration et d&#8217;ornement de ma\u00eetres anciens<\/em>,&nbsp;cat. d&#8217;exposition par&nbsp;Dreyfus&nbsp;et&nbsp;Ephrussi, notices par L. Cl\u00e9ment de Ris, avec une introduction par&nbsp;Ph. de&nbsp;Chennevi\u00e8res, Mus\u00e9e des Arts d\u00e9coratifs, Paris 1880.<\/p>\n","protected":false},"excerpt":{"rendered":"<p>Italian School, 16th century Architectural design for an Alterpiece Pen and brown ink, brown wash over black chalk 352 x 219 mm &#8211; 13 7\/8 x 8 5\/8 in. Provenance: Andr\u00e9-Denis Berard (1806-1873), architect of Paris &nbsp;(L. 75). &nbsp; &nbsp; &nbsp; This drawing of the Italian school representing a project for an altarpiece belonged to [&hellip;]<\/p>\n","protected":false},"featured_media":6783,"template":"","meta":{"_themeisle_gutenberg_block_has_review":false},"product_brand":[],"product_cat":[79],"product_tag":[88,115,345,192,36,353,412,35],"class_list":{"0":"post-6782","1":"product","2":"type-product","3":"status-publish","4":"has-post-thumbnail","6":"product_cat-italian-school","7":"product_tag-16th","8":"product_tag-architecture","9":"product_tag-old-master-drawings","10":"product_tag-architectural-elements","11":"product_tag-brown-ink","12":"product_tag-gallery","13":"product_tag-n14","14":"product_tag-pen","16":"first","17":"outofstock","18":"taxable","19":"shipping-taxable","20":"purchasable","21":"product-type-variable"},"yoast_head":"<!-- This site is optimized with the Yoast SEO plugin v27.4 - https:\/\/yoast.com\/product\/yoast-seo-wordpress\/ -->\n<title>Architectural design for an Alterpiece, Italian School from the 16th century<\/title>\n<meta name=\"description\" content=\"Italian School, 16th century Architectural design for an Alterpiece Pen and brown ink, brown wash over black chalk 352 x 219 mm - 13 7\/8 x 8 5\/8 in. Provenance: Andr\u00e9-Denis Berard (1806-1873), architect of Paris &nbsp;(L. 75). &nbsp; &nbsp; &nbsp; This drawing of the Italian school representing a project for an altarpiece belonged to&hellip;\" \/>\n<meta name=\"robots\" content=\"index, follow, max-snippet:-1, max-image-preview:large, max-video-preview:-1\" \/>\n<link rel=\"canonical\" href=\"\" \/>\n<meta property=\"og:locale\" content=\"en_US\" \/>\n<meta property=\"og:type\" content=\"article\" \/>\n<meta property=\"og:title\" content=\"Architectural design for an Alterpiece, Italian School from the 16th century\" \/>\n<meta property=\"og:description\" content=\"Italian School, 16th century Architectural design for an Alterpiece Pen and brown ink, brown wash over black chalk 352 x 219 mm - 13 7\/8 x 8 5\/8 in. Provenance: Andr\u00e9-Denis Berard (1806-1873), architect of Paris &nbsp;(L. 75). &nbsp; &nbsp; &nbsp; This drawing of the Italian school representing a project for an altarpiece belonged to&hellip;\" \/>\n<meta property=\"og:url\" content=\"https:\/\/drawings-online.com\/en\/product\/architectural-design-for-an-alterpiece-italian-school-from-the-16th-century\/\" \/>\n<meta property=\"og:site_name\" content=\"Drawings-online\" \/>\n<meta property=\"article:publisher\" content=\"https:\/\/www.facebook.com\/people\/Drawings-online\/100034942735866\/\" \/>\n<meta property=\"article:modified_time\" content=\"2024-06-25T15:14:22+00:00\" \/>\n<meta property=\"og:image\" content=\"https:\/\/drawings-online.com\/wp-content\/uploads\/2022\/12\/BJ8A2893_1-1024x1024.png\" \/>\n\t<meta property=\"og:image:width\" content=\"1024\" \/>\n\t<meta property=\"og:image:height\" content=\"1024\" \/>\n\t<meta property=\"og:image:type\" content=\"image\/png\" \/>\n<meta name=\"twitter:card\" content=\"summary_large_image\" \/>\n<meta name=\"twitter:site\" content=\"@OnlineDrawings\" \/>\n<meta name=\"twitter:label1\" content=\"Est. reading time\" \/>\n\t<meta name=\"twitter:data1\" content=\"1 minute\" \/>\n<script type=\"application\/ld+json\" class=\"yoast-schema-graph\">{\"@context\":\"https:\\\/\\\/schema.org\",\"@graph\":[{\"@type\":\"WebPage\",\"@id\":\"https:\\\/\\\/drawings-online.com\\\/en\\\/product\\\/architectural-design-for-an-alterpiece-italian-school-from-the-16th-century\\\/\",\"url\":\"https:\\\/\\\/drawings-online.com\\\/en\\\/product\\\/architectural-design-for-an-alterpiece-italian-school-from-the-16th-century\\\/\",\"name\":\"Projet architectural pour un retable, \u00c9cole italienne du\u00a0XVIe si\u00e8cle - Drawings-online\",\"isPartOf\":{\"@id\":\"https:\\\/\\\/drawings-online.com\\\/#website\"},\"primaryImageOfPage\":{\"@id\":\"https:\\\/\\\/drawings-online.com\\\/en\\\/product\\\/architectural-design-for-an-alterpiece-italian-school-from-the-16th-century\\\/#primaryimage\"},\"image\":{\"@id\":\"https:\\\/\\\/drawings-online.com\\\/en\\\/product\\\/architectural-design-for-an-alterpiece-italian-school-from-the-16th-century\\\/#primaryimage\"},\"thumbnailUrl\":\"https:\\\/\\\/drawings-online.com\\\/wp-content\\\/uploads\\\/2022\\\/12\\\/BJ8A2893_1.png\",\"datePublished\":\"2022-12-22T16:41:44+00:00\",\"dateModified\":\"2024-06-25T15:14:22+00:00\",\"breadcrumb\":{\"@id\":\"https:\\\/\\\/drawings-online.com\\\/en\\\/product\\\/architectural-design-for-an-alterpiece-italian-school-from-the-16th-century\\\/#breadcrumb\"},\"inLanguage\":\"en-US\",\"potentialAction\":[{\"@type\":\"ReadAction\",\"target\":[\"https:\\\/\\\/drawings-online.com\\\/en\\\/product\\\/architectural-design-for-an-alterpiece-italian-school-from-the-16th-century\\\/\"]}]},{\"@type\":\"ImageObject\",\"inLanguage\":\"en-US\",\"@id\":\"https:\\\/\\\/drawings-online.com\\\/en\\\/product\\\/architectural-design-for-an-alterpiece-italian-school-from-the-16th-century\\\/#primaryimage\",\"url\":\"https:\\\/\\\/drawings-online.com\\\/wp-content\\\/uploads\\\/2022\\\/12\\\/BJ8A2893_1.png\",\"contentUrl\":\"https:\\\/\\\/drawings-online.com\\\/wp-content\\\/uploads\\\/2022\\\/12\\\/BJ8A2893_1.png\",\"width\":1800,\"height\":1800},{\"@type\":\"BreadcrumbList\",\"@id\":\"https:\\\/\\\/drawings-online.com\\\/en\\\/product\\\/architectural-design-for-an-alterpiece-italian-school-from-the-16th-century\\\/#breadcrumb\",\"itemListElement\":[{\"@type\":\"ListItem\",\"position\":1,\"name\":\"Works available\",\"item\":\"https:\\\/\\\/drawings-online.com\\\/\"},{\"@type\":\"ListItem\",\"position\":2,\"name\":\"Gallery\",\"item\":\"https:\\\/\\\/drawings-online.com\\\/galerie\\\/\"},{\"@type\":\"ListItem\",\"position\":3,\"name\":\"16e\",\"item\":\"https:\\\/\\\/drawings-online.com\\\/product_tag\\\/16e\\\/\"},{\"@type\":\"ListItem\",\"position\":4,\"name\":\"Architectural design for an Alterpiece, Italian School from the 16th century\"}]},{\"@type\":\"WebSite\",\"@id\":\"https:\\\/\\\/drawings-online.com\\\/en\\\/#website\",\"url\":\"https:\\\/\\\/drawings-online.com\\\/en\\\/\",\"name\":\"Drawings-online\",\"description\":\"Dessins en ligne\",\"publisher\":{\"@id\":\"https:\\\/\\\/drawings-online.com\\\/en\\\/#organization\"},\"potentialAction\":[{\"@type\":\"SearchAction\",\"target\":{\"@type\":\"EntryPoint\",\"urlTemplate\":\"https:\\\/\\\/drawings-online.com\\\/en\\\/?s={search_term_string}\"},\"query-input\":{\"@type\":\"PropertyValueSpecification\",\"valueRequired\":true,\"valueName\":\"search_term_string\"}}],\"inLanguage\":\"en-US\"},{\"@type\":\"Organization\",\"@id\":\"https:\\\/\\\/drawings-online.com\\\/en\\\/#organization\",\"name\":\"Drawings-online\",\"url\":\"https:\\\/\\\/drawings-online.com\\\/en\\\/\",\"logo\":{\"@type\":\"ImageObject\",\"inLanguage\":\"en-US\",\"@id\":\"https:\\\/\\\/drawings-online.com\\\/en\\\/#\\\/schema\\\/logo\\\/image\\\/\",\"url\":\"https:\\\/\\\/drawings-online.com\\\/wp-content\\\/uploads\\\/2020\\\/12\\\/drawings-icone-transp-e1607442878135.png\",\"contentUrl\":\"https:\\\/\\\/drawings-online.com\\\/wp-content\\\/uploads\\\/2020\\\/12\\\/drawings-icone-transp-e1607442878135.png\",\"width\":150,\"height\":150,\"caption\":\"Drawings-online\"},\"image\":{\"@id\":\"https:\\\/\\\/drawings-online.com\\\/en\\\/#\\\/schema\\\/logo\\\/image\\\/\"},\"sameAs\":[\"https:\\\/\\\/www.facebook.com\\\/people\\\/Drawings-online\\\/100034942735866\\\/\",\"https:\\\/\\\/x.com\\\/OnlineDrawings\",\"https:\\\/\\\/www.instagram.com\\\/drawings_online_com\\\/\"]}]}<\/script>\n<!-- \/ Yoast SEO plugin. -->","yoast_head_json":{"title":"Architectural design for an Alterpiece, Italian School from the 16th century","description":"Italian School, 16th century Architectural design for an Alterpiece Pen and brown ink, brown wash over black chalk 352 x 219 mm - 13 7\/8 x 8 5\/8 in. Provenance: Andr\u00e9-Denis Berard (1806-1873), architect of Paris &nbsp;(L. 75). &nbsp; &nbsp; &nbsp; This drawing of the Italian school representing a project for an altarpiece belonged to&hellip;","robots":{"index":"index","follow":"follow","max-snippet":"max-snippet:-1","max-image-preview":"max-image-preview:large","max-video-preview":"max-video-preview:-1"},"canonical":"Italian School, 16th century Architectural design for an Alterpiece Pen and brown ink, brown wash over black chalk 352 x 219 mm - 13 7\/8 x 8 5\/8 in. Provenance: Andr\u00e9-Denis Berard (1806-1873), architect of Paris &nbsp;(L. 75). &nbsp; &nbsp; &nbsp; This drawing of the Italian school representing a project for an altarpiece belonged to&hellip;","og_locale":"en_US","og_type":"article","og_title":"Architectural design for an Alterpiece, Italian School from the 16th century","og_description":"Italian School, 16th century Architectural design for an Alterpiece Pen and brown ink, brown wash over black chalk 352 x 219 mm - 13 7\/8 x 8 5\/8 in. Provenance: Andr\u00e9-Denis Berard (1806-1873), architect of Paris &nbsp;(L. 75). &nbsp; &nbsp; &nbsp; This drawing of the Italian school representing a project for an altarpiece belonged to&hellip;","og_url":"https:\/\/drawings-online.com\/en\/product\/architectural-design-for-an-alterpiece-italian-school-from-the-16th-century\/","og_site_name":"Drawings-online","article_publisher":"https:\/\/www.facebook.com\/people\/Drawings-online\/100034942735866\/","article_modified_time":"2024-06-25T15:14:22+00:00","og_image":[{"width":1024,"height":1024,"url":"https:\/\/drawings-online.com\/wp-content\/uploads\/2022\/12\/BJ8A2893_1-1024x1024.png","type":"image\/png"}],"twitter_card":"summary_large_image","twitter_site":"@OnlineDrawings","twitter_misc":{"Est. reading time":"1 minute"},"schema":{"@context":"https:\/\/schema.org","@graph":[{"@type":"WebPage","@id":"https:\/\/drawings-online.com\/en\/product\/architectural-design-for-an-alterpiece-italian-school-from-the-16th-century\/","url":"https:\/\/drawings-online.com\/en\/product\/architectural-design-for-an-alterpiece-italian-school-from-the-16th-century\/","name":"Projet architectural pour un retable, \u00c9cole italienne du\u00a0XVIe si\u00e8cle - Drawings-online","isPartOf":{"@id":"https:\/\/drawings-online.com\/#website"},"primaryImageOfPage":{"@id":"https:\/\/drawings-online.com\/en\/product\/architectural-design-for-an-alterpiece-italian-school-from-the-16th-century\/#primaryimage"},"image":{"@id":"https:\/\/drawings-online.com\/en\/product\/architectural-design-for-an-alterpiece-italian-school-from-the-16th-century\/#primaryimage"},"thumbnailUrl":"https:\/\/drawings-online.com\/wp-content\/uploads\/2022\/12\/BJ8A2893_1.png","datePublished":"2022-12-22T16:41:44+00:00","dateModified":"2024-06-25T15:14:22+00:00","breadcrumb":{"@id":"https:\/\/drawings-online.com\/en\/product\/architectural-design-for-an-alterpiece-italian-school-from-the-16th-century\/#breadcrumb"},"inLanguage":"en-US","potentialAction":[{"@type":"ReadAction","target":["https:\/\/drawings-online.com\/en\/product\/architectural-design-for-an-alterpiece-italian-school-from-the-16th-century\/"]}]},{"@type":"ImageObject","inLanguage":"en-US","@id":"https:\/\/drawings-online.com\/en\/product\/architectural-design-for-an-alterpiece-italian-school-from-the-16th-century\/#primaryimage","url":"https:\/\/drawings-online.com\/wp-content\/uploads\/2022\/12\/BJ8A2893_1.png","contentUrl":"https:\/\/drawings-online.com\/wp-content\/uploads\/2022\/12\/BJ8A2893_1.png","width":1800,"height":1800},{"@type":"BreadcrumbList","@id":"https:\/\/drawings-online.com\/en\/product\/architectural-design-for-an-alterpiece-italian-school-from-the-16th-century\/#breadcrumb","itemListElement":[{"@type":"ListItem","position":1,"name":"Works available","item":"https:\/\/drawings-online.com\/"},{"@type":"ListItem","position":2,"name":"Gallery","item":"https:\/\/drawings-online.com\/galerie\/"},{"@type":"ListItem","position":3,"name":"16e","item":"https:\/\/drawings-online.com\/product_tag\/16e\/"},{"@type":"ListItem","position":4,"name":"Architectural design for an Alterpiece, Italian School from the 16th century"}]},{"@type":"WebSite","@id":"https:\/\/drawings-online.com\/en\/#website","url":"https:\/\/drawings-online.com\/en\/","name":"Drawings-online","description":"Dessins en ligne","publisher":{"@id":"https:\/\/drawings-online.com\/en\/#organization"},"potentialAction":[{"@type":"SearchAction","target":{"@type":"EntryPoint","urlTemplate":"https:\/\/drawings-online.com\/en\/?s={search_term_string}"},"query-input":{"@type":"PropertyValueSpecification","valueRequired":true,"valueName":"search_term_string"}}],"inLanguage":"en-US"},{"@type":"Organization","@id":"https:\/\/drawings-online.com\/en\/#organization","name":"Drawings-online","url":"https:\/\/drawings-online.com\/en\/","logo":{"@type":"ImageObject","inLanguage":"en-US","@id":"https:\/\/drawings-online.com\/en\/#\/schema\/logo\/image\/","url":"https:\/\/drawings-online.com\/wp-content\/uploads\/2020\/12\/drawings-icone-transp-e1607442878135.png","contentUrl":"https:\/\/drawings-online.com\/wp-content\/uploads\/2020\/12\/drawings-icone-transp-e1607442878135.png","width":150,"height":150,"caption":"Drawings-online"},"image":{"@id":"https:\/\/drawings-online.com\/en\/#\/schema\/logo\/image\/"},"sameAs":["https:\/\/www.facebook.com\/people\/Drawings-online\/100034942735866\/","https:\/\/x.com\/OnlineDrawings","https:\/\/www.instagram.com\/drawings_online_com\/"]}]}},"jetpack_sharing_enabled":true,"_links":{"self":[{"href":"https:\/\/drawings-online.com\/en\/wp-json\/wp\/v2\/product\/6782","targetHints":{"allow":["GET"]}}],"collection":[{"href":"https:\/\/drawings-online.com\/en\/wp-json\/wp\/v2\/product"}],"about":[{"href":"https:\/\/drawings-online.com\/en\/wp-json\/wp\/v2\/types\/product"}],"wp:featuredmedia":[{"embeddable":true,"href":"https:\/\/drawings-online.com\/en\/wp-json\/wp\/v2\/media\/6783"}],"wp:attachment":[{"href":"https:\/\/drawings-online.com\/en\/wp-json\/wp\/v2\/media?parent=6782"}],"wp:term":[{"taxonomy":"product_brand","embeddable":true,"href":"https:\/\/drawings-online.com\/en\/wp-json\/wp\/v2\/product_brand?post=6782"},{"taxonomy":"product_cat","embeddable":true,"href":"https:\/\/drawings-online.com\/en\/wp-json\/wp\/v2\/product_cat?post=6782"},{"taxonomy":"product_tag","embeddable":true,"href":"https:\/\/drawings-online.com\/en\/wp-json\/wp\/v2\/product_tag?post=6782"}],"curies":[{"name":"wp","href":"https:\/\/api.w.org\/{rel}","templated":true}]}}