{"id":6757,"date":"2022-12-22T18:00:42","date_gmt":"2022-12-22T17:00:42","guid":{"rendered":"https:\/\/drawings-online.com\/product\/\/"},"modified":"2024-03-05T14:33:47","modified_gmt":"2024-03-05T13:33:47","slug":"etude-dhomme-drape-par-francois-leon-benouville-dit-leon-benouville","status":"publish","type":"product","link":"https:\/\/drawings-online.com\/en\/product\/study-of-a-draped-half-kneeling-man-with-raised-hands-by-francois-leon-benouville\/","title":{"rendered":"Study of a Draped, Half-Kneeling Man with Raised Hands by Fran\u00e7ois L\u00e9on Benouville"},"content":{"rendered":"<p><strong>Fran\u00e7ois L\u00e9on Benouville <\/strong>dit<strong> L\u00e9on Benouville<\/strong><\/p>\n<p>Paris, 1821 &#8211; 1859<\/p>\n<p>Study of a Draped, Half-Kneeling Man with Raised Hands &#8211; Study of an Angel (on the reverse, in black chalk)<\/p>\n<p>Sanguine, squared in pencil on beige paper.<\/p>\n<p>333 x 259 mm &#8211; 13 1\/8 x 10 3\/16 in.<\/p>\n<p>Stamp of the artist Fran\u00e7ois L\u00e9on Benouville (<a href=\"http:\/\/www.marquesdecollections.fr\/detail.cfm\/marque\/5624\/total\/1\" target=\"_blank\" rel=\"noopener\">L. 228c<\/a>) lower right.<\/p>\n<p>Born in Paris in 1821, Fran\u00e7ois L\u00e9on Benouville apprenticed in the studio of Fran\u00e7ois \u00c9douard Picot at the Ecole des Beaux-Arts in 1837. Younger brother of the landscape artist Achille Benouville, he started at the Salon of 1838. After obtaining the great Prix \u200b\u200bde Rome for painting in 1845, L\u00e9on left for his stay at the Villa Medici in the company of his brother, winner of the grand prize for historical landscape the same year. In Italy, L\u00e9on devoted himself to history painting, developing a predilection for religious subjects. On his return to France, he obtained public recognition with Saint-Fran\u00e7ois d&#8217;Assise, transported dying to Sainte-Marie-des-Anges, blessed the city of Assisi, exhibited at the Salon of 1853 and purchased for the Luxembourg museum ( now in the Mus\u00e9e d&#8217;Orsay, Paris). He died prematurely at the age of 38 of typhoid fever.<\/p>\n<p>&nbsp;<\/p>\n<figure id=\"attachment_6758\" aria-describedby=\"caption-attachment-6758\" style=\"width: 161px\" class=\"wp-caption alignleft\"><a href=\"https:\/\/drawings-online.com\/wp-content\/uploads\/2022\/12\/AGO043290-000_PE2.jpg\"><img loading=\"lazy\" decoding=\"async\" class=\"wp-image-6758 size-medium\" src=\"https:\/\/drawings-online.com\/wp-content\/uploads\/2022\/12\/AGO043290-000_PE2-161x300.jpg\" alt=\"\" width=\"161\" height=\"300\" srcset=\"https:\/\/drawings-online.com\/wp-content\/uploads\/2022\/12\/AGO043290-000_PE2-161x300.jpg 161w, https:\/\/drawings-online.com\/wp-content\/uploads\/2022\/12\/AGO043290-000_PE2-300x558.jpg 300w, https:\/\/drawings-online.com\/wp-content\/uploads\/2022\/12\/AGO043290-000_PE2.jpg 319w\" sizes=\"auto, (max-width: 161px) 100vw, 161px\" \/><\/a><figcaption id=\"caption-attachment-6758\" class=\"wp-caption-text\">fig.1<\/figcaption><\/figure>\n<p><a href=\"https:\/\/drawings-online.com\/wp-content\/uploads\/2022\/12\/D346-scaled.jpg\"><img loading=\"lazy\" decoding=\"async\" class=\"size-medium wp-image-6759 alignright\" src=\"https:\/\/drawings-online.com\/wp-content\/uploads\/2022\/12\/D346-228x300.jpg\" alt=\"\" width=\"228\" height=\"300\" srcset=\"https:\/\/drawings-online.com\/wp-content\/uploads\/2022\/12\/D346-228x300.jpg 228w, https:\/\/drawings-online.com\/wp-content\/uploads\/2022\/12\/D346-780x1024.jpg 780w, https:\/\/drawings-online.com\/wp-content\/uploads\/2022\/12\/D346-768x1009.jpg 768w, https:\/\/drawings-online.com\/wp-content\/uploads\/2022\/12\/D346-1169x1536.jpg 1169w, https:\/\/drawings-online.com\/wp-content\/uploads\/2022\/12\/D346-1559x2048.jpg 1559w, https:\/\/drawings-online.com\/wp-content\/uploads\/2022\/12\/D346-300x394.jpg 300w, https:\/\/drawings-online.com\/wp-content\/uploads\/2022\/12\/D346-600x788.jpg 600w, https:\/\/drawings-online.com\/wp-content\/uploads\/2022\/12\/D346-scaled.jpg 1949w\" sizes=\"auto, (max-width: 228px) 100vw, 228px\" \/><\/a>Our sheet is similar to a drawing executed by the artist in black pencil on tracing paper <a href=\"https:\/\/collections.louvre.fr\/en\/ark:\/53355\/cl020043290\" target=\"_blank\" rel=\"noopener\">Young draped man, half-kneeling, facing right<\/a>[1] (fig. 1), in which we find the same character camped in an identical attitude with some slight differences in the layout of the pleats. Another sheet kept at the Museum of Fine Arts in Rouen entitled Tobie in prayer<em><a href=\"#_ftn2\" name=\"_ftnref2\"><strong>[2]<\/strong><\/a><\/em> (fig. 2) presents the same character half-kneeling with a variant in the positioning of the open arms as a sign of adoration. On the back of the sheet, the artist quickly sketched a silhouette in black chalk which could be an angel &#8211; with the evocation of wings on the side of the character &#8211; which could confirm the theme of this sheet is related to the Toby&#8217;s story.<\/p>\n<p>Made in red chalk, the drawing was probably squared by the artist in order to be transfered to a larger pictorial composition.<\/p>\n<p>Condition report \u2013 Good general condition. Small stains top and bottom right.<\/p>\n<p>&nbsp;<\/p>\n<p><a href=\"#_ftnref1\" name=\"_ftn1\">[1]<\/a> Pencil on tracing paper ; 335 x 210 mm ; Louvre Museum, Paris ; Inv. RF 34574.<\/p>\n<p><a href=\"#_ftnref2\" name=\"_ftn2\">[2]<\/a> Pierre noire sur papier chamois ; 317 x 240 mm ; Museum of Fine Arts, Rouen, inv. 897.6.102. Cf. Marie-Madeleine Aubrun,&nbsp;<em>L\u00e9on Benouville (1821-1859). Catalogue raisonn\u00e9 de l\u2019\u0153uvre<\/em>, Nantes, 1981, p. 243,&nbsp;D. 346.<\/p>\n<p>&nbsp;<\/p>\n","protected":false},"excerpt":{"rendered":"<p>Fran\u00e7ois L\u00e9on Benouville dit L\u00e9on Benouville Paris, 1821 &#8211; 1859 Study of a Draped, Half-Kneeling Man with Raised Hands &#8211; Study of an Angel (on the reverse, in black chalk) Sanguine, squared in pencil on beige paper. 333 x 259 mm &#8211; 13 1\/8 x 10 3\/16 in. Stamp of the artist Fran\u00e7ois L\u00e9on Benouville [&hellip;]<\/p>\n","protected":false},"featured_media":6760,"template":"","meta":{"_themeisle_gutenberg_block_has_review":false},"product_brand":[],"product_cat":[78],"product_tag":[37,161,346,110,109,353,40,412,28],"class_list":{"0":"post-6757","1":"product","2":"type-product","3":"status-publish","4":"has-post-thumbnail","6":"product_cat-french-school","7":"product_tag-19th","8":"product_tag-preparatory-drawing","9":"product_tag-19th-century-drawings","10":"product_tag-drapery","11":"product_tag-character","12":"product_tag-gallery","13":"product_tag-squared","14":"product_tag-n14","15":"product_tag-red-chalk","17":"first","18":"instock","19":"taxable","20":"shipping-taxable","21":"purchasable","22":"product-type-variable"},"yoast_head":"<!-- This site is optimized with the Yoast SEO plugin v27.4 - https:\/\/yoast.com\/product\/yoast-seo-wordpress\/ -->\n<title>Study of a Draped, Half-Kneeling Man with Raised Hands by Fran\u00e7ois L\u00e9on Benouville<\/title>\n<meta name=\"description\" content=\"Fran\u00e7ois L\u00e9on Benouville dit L\u00e9on Benouville Paris, 1821 - 1859 Study of a Draped, Half-Kneeling Man with Raised Hands - Study of an Angel (on the reverse, in black chalk) Sanguine, squared in pencil on beige paper. 333 x 259 mm - 13 1\/8 x 10 3\/16 in. Stamp of the artist Fran\u00e7ois L\u00e9on Benouville&hellip;\" \/>\n<meta name=\"robots\" content=\"index, follow, max-snippet:-1, max-image-preview:large, max-video-preview:-1\" \/>\n<link rel=\"canonical\" href=\"http:\/\/Fran\u00e7ois%20L\u00e9on%20Benouville%20dit%20L\u00e9on%20Benouville%20Paris,%201821%20-%201859%20Study%20of%20a%20Draped,%20Half-Kneeling%20Man%20with%20Raised%20Hands%20-%20Study%20of%20an%20Angel%20(on%20the%20reverse,%20in%20black%20chalk)%20Sanguine,%20squared%20in%20pencil%20on%20beige%20paper.%20333%20x%20259%20mm%20-%2013%201\/8%20x%2010%203\/16%20in.%20Stamp%20of%20the%20artist%20Fran\u00e7ois%20L\u00e9on%20Benouville&hellip;\" \/>\n<meta property=\"og:locale\" content=\"en_US\" \/>\n<meta property=\"og:type\" content=\"article\" \/>\n<meta property=\"og:title\" content=\"Study of a Draped, Half-Kneeling Man with Raised Hands by Fran\u00e7ois L\u00e9on Benouville\" \/>\n<meta property=\"og:description\" content=\"Fran\u00e7ois L\u00e9on Benouville dit L\u00e9on Benouville Paris, 1821 - 1859 Study of a Draped, Half-Kneeling Man with Raised Hands - Study of an Angel (on the reverse, in black chalk) Sanguine, squared in pencil on beige paper. 333 x 259 mm - 13 1\/8 x 10 3\/16 in. Stamp of the artist Fran\u00e7ois L\u00e9on Benouville&hellip;\" \/>\n<meta property=\"og:url\" content=\"https:\/\/drawings-online.com\/en\/product\/study-of-a-draped-half-kneeling-man-with-raised-hands-by-francois-leon-benouville\/\" \/>\n<meta property=\"og:site_name\" content=\"Drawings-online\" \/>\n<meta property=\"article:publisher\" content=\"https:\/\/www.facebook.com\/people\/Drawings-online\/100034942735866\/\" \/>\n<meta property=\"article:modified_time\" content=\"2024-03-05T13:33:47+00:00\" \/>\n<meta property=\"og:image\" content=\"https:\/\/drawings-online.com\/wp-content\/uploads\/2022\/12\/DSC_0208_1-1024x1024.png\" \/>\n\t<meta property=\"og:image:width\" content=\"1024\" \/>\n\t<meta property=\"og:image:height\" content=\"1024\" \/>\n\t<meta property=\"og:image:type\" content=\"image\/png\" \/>\n<meta name=\"twitter:card\" content=\"summary_large_image\" \/>\n<meta name=\"twitter:site\" content=\"@OnlineDrawings\" \/>\n<meta name=\"twitter:label1\" content=\"Est. reading time\" \/>\n\t<meta name=\"twitter:data1\" content=\"2 minutes\" \/>\n<script type=\"application\/ld+json\" class=\"yoast-schema-graph\">{\"@context\":\"https:\\\/\\\/schema.org\",\"@graph\":[{\"@type\":\"WebPage\",\"@id\":\"https:\\\/\\\/drawings-online.com\\\/en\\\/product\\\/study-of-a-draped-half-kneeling-man-with-raised-hands-by-francois-leon-benouville\\\/\",\"url\":\"https:\\\/\\\/drawings-online.com\\\/en\\\/product\\\/study-of-a-draped-half-kneeling-man-with-raised-hands-by-francois-leon-benouville\\\/\",\"name\":\"\u00c9tude d\u2019homme drap\u00e9 par Fran\u00e7ois L\u00e9on Benouville dit L\u00e9on Benouville - Drawings-online\",\"isPartOf\":{\"@id\":\"https:\\\/\\\/drawings-online.com\\\/#website\"},\"primaryImageOfPage\":{\"@id\":\"https:\\\/\\\/drawings-online.com\\\/en\\\/product\\\/study-of-a-draped-half-kneeling-man-with-raised-hands-by-francois-leon-benouville\\\/#primaryimage\"},\"image\":{\"@id\":\"https:\\\/\\\/drawings-online.com\\\/en\\\/product\\\/study-of-a-draped-half-kneeling-man-with-raised-hands-by-francois-leon-benouville\\\/#primaryimage\"},\"thumbnailUrl\":\"https:\\\/\\\/drawings-online.com\\\/wp-content\\\/uploads\\\/2022\\\/12\\\/DSC_0208_1.png\",\"datePublished\":\"2022-12-22T17:00:42+00:00\",\"dateModified\":\"2024-03-05T13:33:47+00:00\",\"breadcrumb\":{\"@id\":\"https:\\\/\\\/drawings-online.com\\\/en\\\/product\\\/study-of-a-draped-half-kneeling-man-with-raised-hands-by-francois-leon-benouville\\\/#breadcrumb\"},\"inLanguage\":\"en-US\",\"potentialAction\":[{\"@type\":\"ReadAction\",\"target\":[\"https:\\\/\\\/drawings-online.com\\\/en\\\/product\\\/study-of-a-draped-half-kneeling-man-with-raised-hands-by-francois-leon-benouville\\\/\"]}]},{\"@type\":\"ImageObject\",\"inLanguage\":\"en-US\",\"@id\":\"https:\\\/\\\/drawings-online.com\\\/en\\\/product\\\/study-of-a-draped-half-kneeling-man-with-raised-hands-by-francois-leon-benouville\\\/#primaryimage\",\"url\":\"https:\\\/\\\/drawings-online.com\\\/wp-content\\\/uploads\\\/2022\\\/12\\\/DSC_0208_1.png\",\"contentUrl\":\"https:\\\/\\\/drawings-online.com\\\/wp-content\\\/uploads\\\/2022\\\/12\\\/DSC_0208_1.png\",\"width\":1800,\"height\":1800},{\"@type\":\"BreadcrumbList\",\"@id\":\"https:\\\/\\\/drawings-online.com\\\/en\\\/product\\\/study-of-a-draped-half-kneeling-man-with-raised-hands-by-francois-leon-benouville\\\/#breadcrumb\",\"itemListElement\":[{\"@type\":\"ListItem\",\"position\":1,\"name\":\"Works available\",\"item\":\"https:\\\/\\\/drawings-online.com\\\/\"},{\"@type\":\"ListItem\",\"position\":2,\"name\":\"Gallery\",\"item\":\"https:\\\/\\\/drawings-online.com\\\/galerie\\\/\"},{\"@type\":\"ListItem\",\"position\":3,\"name\":\"19e\",\"item\":\"https:\\\/\\\/drawings-online.com\\\/product_tag\\\/19e\\\/\"},{\"@type\":\"ListItem\",\"position\":4,\"name\":\"Study of a Draped, Half-Kneeling Man with Raised Hands by Fran\u00e7ois L\u00e9on Benouville\"}]},{\"@type\":\"WebSite\",\"@id\":\"https:\\\/\\\/drawings-online.com\\\/en\\\/#website\",\"url\":\"https:\\\/\\\/drawings-online.com\\\/en\\\/\",\"name\":\"Drawings-online\",\"description\":\"Dessins en ligne\",\"publisher\":{\"@id\":\"https:\\\/\\\/drawings-online.com\\\/en\\\/#organization\"},\"potentialAction\":[{\"@type\":\"SearchAction\",\"target\":{\"@type\":\"EntryPoint\",\"urlTemplate\":\"https:\\\/\\\/drawings-online.com\\\/en\\\/?s={search_term_string}\"},\"query-input\":{\"@type\":\"PropertyValueSpecification\",\"valueRequired\":true,\"valueName\":\"search_term_string\"}}],\"inLanguage\":\"en-US\"},{\"@type\":\"Organization\",\"@id\":\"https:\\\/\\\/drawings-online.com\\\/en\\\/#organization\",\"name\":\"Drawings-online\",\"url\":\"https:\\\/\\\/drawings-online.com\\\/en\\\/\",\"logo\":{\"@type\":\"ImageObject\",\"inLanguage\":\"en-US\",\"@id\":\"https:\\\/\\\/drawings-online.com\\\/en\\\/#\\\/schema\\\/logo\\\/image\\\/\",\"url\":\"https:\\\/\\\/drawings-online.com\\\/wp-content\\\/uploads\\\/2020\\\/12\\\/drawings-icone-transp-e1607442878135.png\",\"contentUrl\":\"https:\\\/\\\/drawings-online.com\\\/wp-content\\\/uploads\\\/2020\\\/12\\\/drawings-icone-transp-e1607442878135.png\",\"width\":150,\"height\":150,\"caption\":\"Drawings-online\"},\"image\":{\"@id\":\"https:\\\/\\\/drawings-online.com\\\/en\\\/#\\\/schema\\\/logo\\\/image\\\/\"},\"sameAs\":[\"https:\\\/\\\/www.facebook.com\\\/people\\\/Drawings-online\\\/100034942735866\\\/\",\"https:\\\/\\\/x.com\\\/OnlineDrawings\",\"https:\\\/\\\/www.instagram.com\\\/drawings_online_com\\\/\"]}]}<\/script>\n<!-- \/ Yoast SEO plugin. -->","yoast_head_json":{"title":"Study of a Draped, Half-Kneeling Man with Raised Hands by Fran\u00e7ois L\u00e9on Benouville","description":"Fran\u00e7ois L\u00e9on Benouville dit L\u00e9on Benouville Paris, 1821 - 1859 Study of a Draped, Half-Kneeling Man with Raised Hands - Study of an Angel (on the reverse, in black chalk) Sanguine, squared in pencil on beige paper. 333 x 259 mm - 13 1\/8 x 10 3\/16 in. Stamp of the artist Fran\u00e7ois L\u00e9on Benouville&hellip;","robots":{"index":"index","follow":"follow","max-snippet":"max-snippet:-1","max-image-preview":"max-image-preview:large","max-video-preview":"max-video-preview:-1"},"canonical":"Fran\u00e7ois L\u00e9on Benouville dit L\u00e9on Benouville Paris, 1821 - 1859 Study of a Draped, Half-Kneeling Man with Raised Hands - Study of an Angel (on the reverse, in black chalk) Sanguine, squared in pencil on beige paper. 333 x 259 mm - 13 1\/8 x 10 3\/16 in. Stamp of the artist Fran\u00e7ois L\u00e9on Benouville&hellip;","og_locale":"en_US","og_type":"article","og_title":"Study of a Draped, Half-Kneeling Man with Raised Hands by Fran\u00e7ois L\u00e9on Benouville","og_description":"Fran\u00e7ois L\u00e9on Benouville dit L\u00e9on Benouville Paris, 1821 - 1859 Study of a Draped, Half-Kneeling Man with Raised Hands - Study of an Angel (on the reverse, in black chalk) Sanguine, squared in pencil on beige paper. 333 x 259 mm - 13 1\/8 x 10 3\/16 in. Stamp of the artist Fran\u00e7ois L\u00e9on Benouville&hellip;","og_url":"https:\/\/drawings-online.com\/en\/product\/study-of-a-draped-half-kneeling-man-with-raised-hands-by-francois-leon-benouville\/","og_site_name":"Drawings-online","article_publisher":"https:\/\/www.facebook.com\/people\/Drawings-online\/100034942735866\/","article_modified_time":"2024-03-05T13:33:47+00:00","og_image":[{"width":1024,"height":1024,"url":"https:\/\/drawings-online.com\/wp-content\/uploads\/2022\/12\/DSC_0208_1-1024x1024.png","type":"image\/png"}],"twitter_card":"summary_large_image","twitter_site":"@OnlineDrawings","twitter_misc":{"Est. reading time":"2 minutes"},"schema":{"@context":"https:\/\/schema.org","@graph":[{"@type":"WebPage","@id":"https:\/\/drawings-online.com\/en\/product\/study-of-a-draped-half-kneeling-man-with-raised-hands-by-francois-leon-benouville\/","url":"https:\/\/drawings-online.com\/en\/product\/study-of-a-draped-half-kneeling-man-with-raised-hands-by-francois-leon-benouville\/","name":"\u00c9tude d\u2019homme drap\u00e9 par Fran\u00e7ois L\u00e9on Benouville dit L\u00e9on Benouville - Drawings-online","isPartOf":{"@id":"https:\/\/drawings-online.com\/#website"},"primaryImageOfPage":{"@id":"https:\/\/drawings-online.com\/en\/product\/study-of-a-draped-half-kneeling-man-with-raised-hands-by-francois-leon-benouville\/#primaryimage"},"image":{"@id":"https:\/\/drawings-online.com\/en\/product\/study-of-a-draped-half-kneeling-man-with-raised-hands-by-francois-leon-benouville\/#primaryimage"},"thumbnailUrl":"https:\/\/drawings-online.com\/wp-content\/uploads\/2022\/12\/DSC_0208_1.png","datePublished":"2022-12-22T17:00:42+00:00","dateModified":"2024-03-05T13:33:47+00:00","breadcrumb":{"@id":"https:\/\/drawings-online.com\/en\/product\/study-of-a-draped-half-kneeling-man-with-raised-hands-by-francois-leon-benouville\/#breadcrumb"},"inLanguage":"en-US","potentialAction":[{"@type":"ReadAction","target":["https:\/\/drawings-online.com\/en\/product\/study-of-a-draped-half-kneeling-man-with-raised-hands-by-francois-leon-benouville\/"]}]},{"@type":"ImageObject","inLanguage":"en-US","@id":"https:\/\/drawings-online.com\/en\/product\/study-of-a-draped-half-kneeling-man-with-raised-hands-by-francois-leon-benouville\/#primaryimage","url":"https:\/\/drawings-online.com\/wp-content\/uploads\/2022\/12\/DSC_0208_1.png","contentUrl":"https:\/\/drawings-online.com\/wp-content\/uploads\/2022\/12\/DSC_0208_1.png","width":1800,"height":1800},{"@type":"BreadcrumbList","@id":"https:\/\/drawings-online.com\/en\/product\/study-of-a-draped-half-kneeling-man-with-raised-hands-by-francois-leon-benouville\/#breadcrumb","itemListElement":[{"@type":"ListItem","position":1,"name":"Works available","item":"https:\/\/drawings-online.com\/"},{"@type":"ListItem","position":2,"name":"Gallery","item":"https:\/\/drawings-online.com\/galerie\/"},{"@type":"ListItem","position":3,"name":"19e","item":"https:\/\/drawings-online.com\/product_tag\/19e\/"},{"@type":"ListItem","position":4,"name":"Study of a Draped, Half-Kneeling Man with Raised Hands by Fran\u00e7ois L\u00e9on Benouville"}]},{"@type":"WebSite","@id":"https:\/\/drawings-online.com\/en\/#website","url":"https:\/\/drawings-online.com\/en\/","name":"Drawings-online","description":"Dessins en ligne","publisher":{"@id":"https:\/\/drawings-online.com\/en\/#organization"},"potentialAction":[{"@type":"SearchAction","target":{"@type":"EntryPoint","urlTemplate":"https:\/\/drawings-online.com\/en\/?s={search_term_string}"},"query-input":{"@type":"PropertyValueSpecification","valueRequired":true,"valueName":"search_term_string"}}],"inLanguage":"en-US"},{"@type":"Organization","@id":"https:\/\/drawings-online.com\/en\/#organization","name":"Drawings-online","url":"https:\/\/drawings-online.com\/en\/","logo":{"@type":"ImageObject","inLanguage":"en-US","@id":"https:\/\/drawings-online.com\/en\/#\/schema\/logo\/image\/","url":"https:\/\/drawings-online.com\/wp-content\/uploads\/2020\/12\/drawings-icone-transp-e1607442878135.png","contentUrl":"https:\/\/drawings-online.com\/wp-content\/uploads\/2020\/12\/drawings-icone-transp-e1607442878135.png","width":150,"height":150,"caption":"Drawings-online"},"image":{"@id":"https:\/\/drawings-online.com\/en\/#\/schema\/logo\/image\/"},"sameAs":["https:\/\/www.facebook.com\/people\/Drawings-online\/100034942735866\/","https:\/\/x.com\/OnlineDrawings","https:\/\/www.instagram.com\/drawings_online_com\/"]}]}},"jetpack_sharing_enabled":true,"_links":{"self":[{"href":"https:\/\/drawings-online.com\/en\/wp-json\/wp\/v2\/product\/6757","targetHints":{"allow":["GET"]}}],"collection":[{"href":"https:\/\/drawings-online.com\/en\/wp-json\/wp\/v2\/product"}],"about":[{"href":"https:\/\/drawings-online.com\/en\/wp-json\/wp\/v2\/types\/product"}],"wp:featuredmedia":[{"embeddable":true,"href":"https:\/\/drawings-online.com\/en\/wp-json\/wp\/v2\/media\/6760"}],"wp:attachment":[{"href":"https:\/\/drawings-online.com\/en\/wp-json\/wp\/v2\/media?parent=6757"}],"wp:term":[{"taxonomy":"product_brand","embeddable":true,"href":"https:\/\/drawings-online.com\/en\/wp-json\/wp\/v2\/product_brand?post=6757"},{"taxonomy":"product_cat","embeddable":true,"href":"https:\/\/drawings-online.com\/en\/wp-json\/wp\/v2\/product_cat?post=6757"},{"taxonomy":"product_tag","embeddable":true,"href":"https:\/\/drawings-online.com\/en\/wp-json\/wp\/v2\/product_tag?post=6757"}],"curies":[{"name":"wp","href":"https:\/\/api.w.org\/{rel}","templated":true}]}}