{"id":6738,"date":"2022-12-22T18:40:14","date_gmt":"2022-12-22T17:40:14","guid":{"rendered":"https:\/\/drawings-online.com\/product\/\/"},"modified":"2024-03-05T14:33:38","modified_gmt":"2024-03-05T13:33:38","slug":"etude-pour-la-fileuse-au-rouet-par-francois-leon-benouville-dit-leon-benouville","status":"publish","type":"product","link":"https:\/\/drawings-online.com\/en\/product\/study-for-a-woman-by-a-spinning-wheel-by-francois-leon-benouville\/","title":{"rendered":"Study for a woman by a spinning wheel by Fran\u00e7ois L\u00e9on Benouville"},"content":{"rendered":"<p><strong>Fran\u00e7ois L\u00e9on Benouville <\/strong>dit<strong> L\u00e9on Benouville<\/strong><\/p>\n<p>Paris, 1821 &#8211; 1859<\/p>\n<p><strong>Study for a woman by a spinning wheel<\/strong><\/p>\n<p>Black chalk on brown paper.<\/p>\n<p>323 x 256 mm &#8211; 12 11\/16 x 10 1\/16 in.<\/p>\n<p>Stamp of the artist Fran\u00e7ois L\u00e9on Benouville (<a href=\"http:\/\/www.marquesdecollections.fr\/detail.cfm\/marque\/5624\/total\/1\" target=\"_blank\" rel=\"noopener\">L. 228c<\/a>) lower right.<\/p>\n<p>Born in Paris in 1821, Fran\u00e7ois L\u00e9on Benouville apprenticed in the studio of Fran\u00e7ois \u00c9douard Picot at the Ecole des Beaux-Arts in 1837. Younger brother of the landscape artist Achille Benouville, he started at the Salon of 1838. After obtaining the great Prix \u200b\u200bde Rome for painting in 1845, L\u00e9on left for his stay at the Villa Medici in the company of his brother, winner of the grand prize for historical landscape the same year. In Italy, L\u00e9on devoted himself to history painting, developing a predilection for religious subjects. On his return to France, he obtained public recognition with Saint-Fran\u00e7ois d&#8217;Assise, transported dying to Sainte-Marie-des-Anges, blessed the city of Assisi, exhibited at the Salon of 1853 and purchased for the Luxembourg museum ( now in the Mus\u00e9e d&#8217;Orsay, Paris). He died prematurely at the age of 38 of typhoid fever.<\/p>\n<p>&nbsp;<\/p>\n<figure id=\"attachment_6739\" aria-describedby=\"caption-attachment-6739\" style=\"width: 235px\" class=\"wp-caption alignleft\"><a href=\"https:\/\/drawings-online.com\/wp-content\/uploads\/2022\/12\/D511.jpg\"><img loading=\"lazy\" decoding=\"async\" class=\"wp-image-6739 size-medium\" src=\"https:\/\/drawings-online.com\/wp-content\/uploads\/2022\/12\/D511-235x300.jpg\" alt=\"\" width=\"235\" height=\"300\" srcset=\"https:\/\/drawings-online.com\/wp-content\/uploads\/2022\/12\/D511-235x300.jpg 235w, https:\/\/drawings-online.com\/wp-content\/uploads\/2022\/12\/D511-803x1024.jpg 803w, https:\/\/drawings-online.com\/wp-content\/uploads\/2022\/12\/D511-768x979.jpg 768w, https:\/\/drawings-online.com\/wp-content\/uploads\/2022\/12\/D511-1205x1536.jpg 1205w, https:\/\/drawings-online.com\/wp-content\/uploads\/2022\/12\/D511-1607x2048.jpg 1607w, https:\/\/drawings-online.com\/wp-content\/uploads\/2022\/12\/D511-300x382.jpg 300w, https:\/\/drawings-online.com\/wp-content\/uploads\/2022\/12\/D511-600x765.jpg 600w, https:\/\/drawings-online.com\/wp-content\/uploads\/2022\/12\/D511.jpg 1838w\" sizes=\"auto, (max-width: 235px) 100vw, 235px\" \/><\/a><figcaption id=\"caption-attachment-6739\" class=\"wp-caption-text\">Fig.1<\/figcaption><\/figure>\n<figure id=\"attachment_6741\" aria-describedby=\"caption-attachment-6741\" style=\"width: 230px\" class=\"wp-caption alignright\"><a href=\"https:\/\/drawings-online.com\/wp-content\/uploads\/2022\/12\/D512.jpg\"><img loading=\"lazy\" decoding=\"async\" class=\"wp-image-6741 size-medium\" src=\"https:\/\/drawings-online.com\/wp-content\/uploads\/2022\/12\/D512-230x300.jpg\" alt=\"\" width=\"230\" height=\"300\" srcset=\"https:\/\/drawings-online.com\/wp-content\/uploads\/2022\/12\/D512-230x300.jpg 230w, https:\/\/drawings-online.com\/wp-content\/uploads\/2022\/12\/D512-784x1024.jpg 784w, https:\/\/drawings-online.com\/wp-content\/uploads\/2022\/12\/D512-768x1003.jpg 768w, https:\/\/drawings-online.com\/wp-content\/uploads\/2022\/12\/D512-300x392.jpg 300w, https:\/\/drawings-online.com\/wp-content\/uploads\/2022\/12\/D512-600x784.jpg 600w, https:\/\/drawings-online.com\/wp-content\/uploads\/2022\/12\/D512.jpg 1016w\" sizes=\"auto, (max-width: 230px) 100vw, 230px\" \/><\/a><figcaption id=\"caption-attachment-6741\" class=\"wp-caption-text\">Fig.2<\/figcaption><\/figure>\n<p><em>Our drawing is related to two other studies in black chalk: A scene with a woman at the spinning wheel<a href=\"#_ftn1\" name=\"_ftnref1\"><strong>[1]<\/strong><\/a><\/em> (fig. 1) from the Pierrey-Laforest collection in Paris and a Spinning Study<em><a href=\"#_ftn2\" name=\"_ftnref2\"><strong>[2]<\/strong><\/a> <\/em>(fig. 2) of the Rouen Museum of Fine Arts.<\/p>\n<p>L\u00e9on Benouville undoubtedly designed these studies with the aim of producing a painting of which we have not, for the moment, found the subject and the location.<\/p>\n<p>Condition report &#8211; traces of gluing at the four corners of the sheet.<\/p>\n<p>&nbsp;<\/p>\n<p><a href=\"#_ftnref1\" name=\"_ftn1\">[1]<\/a> Black chalk ; 352 x 292 mm ; Pierrey-Laforest collection, Paris. Cf. Marie-Madeleine Aubrun, <em>L\u00e9on Benouville (1821-1859). Catalogue raisonn\u00e9 de l\u2019\u0153uvre<\/em>, Nantes, 1981, p. 305,&nbsp;D. 511.<\/p>\n<p><a href=\"#_ftnref2\" name=\"_ftn2\">[2]<\/a> Pierre noire sur papier chamois ; 268 x 239 mm ; Rouen Museum of Fine Arts, Inv. 897.6.92 B. Cf. Marie-Madeleine Aubrun,&nbsp;<em>op. cit.<\/em>, p. 305,&nbsp;D. 512.<\/p>\n<p>&nbsp;<\/p>\n","protected":false},"excerpt":{"rendered":"<p>Fran\u00e7ois L\u00e9on Benouville dit L\u00e9on Benouville Paris, 1821 &#8211; 1859 Study for a woman by a spinning wheel Black chalk on brown paper. 323 x 256 mm &#8211; 12 11\/16 x 10 1\/16 in. Stamp of the artist Fran\u00e7ois L\u00e9on Benouville (L. 228c) lower right. Born in Paris in 1821, Fran\u00e7ois L\u00e9on Benouville apprenticed in [&hellip;]<\/p>\n","protected":false},"featured_media":6742,"template":"","meta":{"_themeisle_gutenberg_block_has_review":false},"product_brand":[],"product_cat":[78],"product_tag":[37,346,109,353,412,16,391],"class_list":{"0":"post-6738","1":"product","2":"type-product","3":"status-publish","4":"has-post-thumbnail","6":"product_cat-french-school","7":"product_tag-19th","8":"product_tag-19th-century-drawings","9":"product_tag-character","10":"product_tag-gallery","11":"product_tag-n14","12":"product_tag-black-chalk","13":"product_tag-scene-de-la-vie-quotidienne","15":"first","16":"instock","17":"taxable","18":"shipping-taxable","19":"purchasable","20":"product-type-variable"},"yoast_head":"<!-- This site is optimized with the Yoast SEO plugin v27.4 - https:\/\/yoast.com\/product\/yoast-seo-wordpress\/ -->\n<title>Study for a woman by a spinning wheel by Fran\u00e7ois L\u00e9on Benouville<\/title>\n<meta name=\"description\" content=\"Fran\u00e7ois L\u00e9on Benouville dit L\u00e9on Benouville Paris, 1821 - 1859 Study for a woman by a spinning wheel Black chalk on brown paper. 323 x 256 mm - 12 11\/16 x 10 1\/16 in. Stamp of the artist Fran\u00e7ois L\u00e9on Benouville (L. 228c) lower right. Born in Paris in 1821, Fran\u00e7ois L\u00e9on Benouville apprenticed in&hellip;\" \/>\n<meta name=\"robots\" content=\"index, follow, max-snippet:-1, max-image-preview:large, max-video-preview:-1\" \/>\n<link rel=\"canonical\" href=\"http:\/\/Fran\u00e7ois%20L\u00e9on%20Benouville%20dit%20L\u00e9on%20Benouville%20Paris,%201821%20-%201859%20Study%20for%20a%20woman%20by%20a%20spinning%20wheel%20Black%20chalk%20on%20brown%20paper.%20323%20x%20256%20mm%20-%2012%2011\/16%20x%2010%201\/16%20in.%20Stamp%20of%20the%20artist%20Fran\u00e7ois%20L\u00e9on%20Benouville%20(L.%20228c)%20lower%20right.%20Born%20in%20Paris%20in%201821,%20Fran\u00e7ois%20L\u00e9on%20Benouville%20apprenticed%20in&hellip;\" \/>\n<meta property=\"og:locale\" content=\"en_US\" \/>\n<meta property=\"og:type\" content=\"article\" \/>\n<meta property=\"og:title\" content=\"Study for a woman by a spinning wheel by Fran\u00e7ois L\u00e9on Benouville\" \/>\n<meta property=\"og:description\" content=\"Fran\u00e7ois L\u00e9on Benouville dit L\u00e9on Benouville Paris, 1821 - 1859 Study for a woman by a spinning wheel Black chalk on brown paper. 323 x 256 mm - 12 11\/16 x 10 1\/16 in. Stamp of the artist Fran\u00e7ois L\u00e9on Benouville (L. 228c) lower right. Born in Paris in 1821, Fran\u00e7ois L\u00e9on Benouville apprenticed in&hellip;\" \/>\n<meta property=\"og:url\" content=\"https:\/\/drawings-online.com\/en\/product\/study-for-a-woman-by-a-spinning-wheel-by-francois-leon-benouville\/\" \/>\n<meta property=\"og:site_name\" content=\"Drawings-online\" \/>\n<meta property=\"article:publisher\" content=\"https:\/\/www.facebook.com\/people\/Drawings-online\/100034942735866\/\" \/>\n<meta property=\"article:modified_time\" content=\"2024-03-05T13:33:38+00:00\" \/>\n<meta property=\"og:image\" content=\"https:\/\/drawings-online.com\/wp-content\/uploads\/2022\/12\/DSC_0211_1-1024x1024.png\" \/>\n\t<meta property=\"og:image:width\" content=\"1024\" \/>\n\t<meta property=\"og:image:height\" content=\"1024\" \/>\n\t<meta property=\"og:image:type\" content=\"image\/png\" \/>\n<meta name=\"twitter:card\" content=\"summary_large_image\" \/>\n<meta name=\"twitter:site\" content=\"@OnlineDrawings\" \/>\n<meta name=\"twitter:label1\" content=\"Est. reading time\" \/>\n\t<meta name=\"twitter:data1\" content=\"2 minutes\" \/>\n<script type=\"application\/ld+json\" class=\"yoast-schema-graph\">{\"@context\":\"https:\\\/\\\/schema.org\",\"@graph\":[{\"@type\":\"WebPage\",\"@id\":\"https:\\\/\\\/drawings-online.com\\\/en\\\/product\\\/study-for-a-woman-by-a-spinning-wheel-by-francois-leon-benouville\\\/\",\"url\":\"https:\\\/\\\/drawings-online.com\\\/en\\\/product\\\/study-for-a-woman-by-a-spinning-wheel-by-francois-leon-benouville\\\/\",\"name\":\"\u00c9tude pour la fileuse au rouet par Fran\u00e7ois L\u00e9on Benouville dit L\u00e9on Benouville - Drawings-online\",\"isPartOf\":{\"@id\":\"https:\\\/\\\/drawings-online.com\\\/#website\"},\"primaryImageOfPage\":{\"@id\":\"https:\\\/\\\/drawings-online.com\\\/en\\\/product\\\/study-for-a-woman-by-a-spinning-wheel-by-francois-leon-benouville\\\/#primaryimage\"},\"image\":{\"@id\":\"https:\\\/\\\/drawings-online.com\\\/en\\\/product\\\/study-for-a-woman-by-a-spinning-wheel-by-francois-leon-benouville\\\/#primaryimage\"},\"thumbnailUrl\":\"https:\\\/\\\/drawings-online.com\\\/wp-content\\\/uploads\\\/2022\\\/12\\\/DSC_0211_1.png\",\"datePublished\":\"2022-12-22T17:40:14+00:00\",\"dateModified\":\"2024-03-05T13:33:38+00:00\",\"breadcrumb\":{\"@id\":\"https:\\\/\\\/drawings-online.com\\\/en\\\/product\\\/study-for-a-woman-by-a-spinning-wheel-by-francois-leon-benouville\\\/#breadcrumb\"},\"inLanguage\":\"en-US\",\"potentialAction\":[{\"@type\":\"ReadAction\",\"target\":[\"https:\\\/\\\/drawings-online.com\\\/en\\\/product\\\/study-for-a-woman-by-a-spinning-wheel-by-francois-leon-benouville\\\/\"]}]},{\"@type\":\"ImageObject\",\"inLanguage\":\"en-US\",\"@id\":\"https:\\\/\\\/drawings-online.com\\\/en\\\/product\\\/study-for-a-woman-by-a-spinning-wheel-by-francois-leon-benouville\\\/#primaryimage\",\"url\":\"https:\\\/\\\/drawings-online.com\\\/wp-content\\\/uploads\\\/2022\\\/12\\\/DSC_0211_1.png\",\"contentUrl\":\"https:\\\/\\\/drawings-online.com\\\/wp-content\\\/uploads\\\/2022\\\/12\\\/DSC_0211_1.png\",\"width\":1800,\"height\":1800},{\"@type\":\"BreadcrumbList\",\"@id\":\"https:\\\/\\\/drawings-online.com\\\/en\\\/product\\\/study-for-a-woman-by-a-spinning-wheel-by-francois-leon-benouville\\\/#breadcrumb\",\"itemListElement\":[{\"@type\":\"ListItem\",\"position\":1,\"name\":\"Works available\",\"item\":\"https:\\\/\\\/drawings-online.com\\\/\"},{\"@type\":\"ListItem\",\"position\":2,\"name\":\"Gallery\",\"item\":\"https:\\\/\\\/drawings-online.com\\\/galerie\\\/\"},{\"@type\":\"ListItem\",\"position\":3,\"name\":\"19e\",\"item\":\"https:\\\/\\\/drawings-online.com\\\/product_tag\\\/19e\\\/\"},{\"@type\":\"ListItem\",\"position\":4,\"name\":\"Study for a woman by a spinning wheel by Fran\u00e7ois L\u00e9on Benouville\"}]},{\"@type\":\"WebSite\",\"@id\":\"https:\\\/\\\/drawings-online.com\\\/en\\\/#website\",\"url\":\"https:\\\/\\\/drawings-online.com\\\/en\\\/\",\"name\":\"Drawings-online\",\"description\":\"Dessins en ligne\",\"publisher\":{\"@id\":\"https:\\\/\\\/drawings-online.com\\\/en\\\/#organization\"},\"potentialAction\":[{\"@type\":\"SearchAction\",\"target\":{\"@type\":\"EntryPoint\",\"urlTemplate\":\"https:\\\/\\\/drawings-online.com\\\/en\\\/?s={search_term_string}\"},\"query-input\":{\"@type\":\"PropertyValueSpecification\",\"valueRequired\":true,\"valueName\":\"search_term_string\"}}],\"inLanguage\":\"en-US\"},{\"@type\":\"Organization\",\"@id\":\"https:\\\/\\\/drawings-online.com\\\/en\\\/#organization\",\"name\":\"Drawings-online\",\"url\":\"https:\\\/\\\/drawings-online.com\\\/en\\\/\",\"logo\":{\"@type\":\"ImageObject\",\"inLanguage\":\"en-US\",\"@id\":\"https:\\\/\\\/drawings-online.com\\\/en\\\/#\\\/schema\\\/logo\\\/image\\\/\",\"url\":\"https:\\\/\\\/drawings-online.com\\\/wp-content\\\/uploads\\\/2020\\\/12\\\/drawings-icone-transp-e1607442878135.png\",\"contentUrl\":\"https:\\\/\\\/drawings-online.com\\\/wp-content\\\/uploads\\\/2020\\\/12\\\/drawings-icone-transp-e1607442878135.png\",\"width\":150,\"height\":150,\"caption\":\"Drawings-online\"},\"image\":{\"@id\":\"https:\\\/\\\/drawings-online.com\\\/en\\\/#\\\/schema\\\/logo\\\/image\\\/\"},\"sameAs\":[\"https:\\\/\\\/www.facebook.com\\\/people\\\/Drawings-online\\\/100034942735866\\\/\",\"https:\\\/\\\/x.com\\\/OnlineDrawings\",\"https:\\\/\\\/www.instagram.com\\\/drawings_online_com\\\/\"]}]}<\/script>\n<!-- \/ Yoast SEO plugin. -->","yoast_head_json":{"title":"Study for a woman by a spinning wheel by Fran\u00e7ois L\u00e9on Benouville","description":"Fran\u00e7ois L\u00e9on Benouville dit L\u00e9on Benouville Paris, 1821 - 1859 Study for a woman by a spinning wheel Black chalk on brown paper. 323 x 256 mm - 12 11\/16 x 10 1\/16 in. Stamp of the artist Fran\u00e7ois L\u00e9on Benouville (L. 228c) lower right. Born in Paris in 1821, Fran\u00e7ois L\u00e9on Benouville apprenticed in&hellip;","robots":{"index":"index","follow":"follow","max-snippet":"max-snippet:-1","max-image-preview":"max-image-preview:large","max-video-preview":"max-video-preview:-1"},"canonical":"Fran\u00e7ois L\u00e9on Benouville dit L\u00e9on Benouville Paris, 1821 - 1859 Study for a woman by a spinning wheel Black chalk on brown paper. 323 x 256 mm - 12 11\/16 x 10 1\/16 in. Stamp of the artist Fran\u00e7ois L\u00e9on Benouville (L. 228c) lower right. Born in Paris in 1821, Fran\u00e7ois L\u00e9on Benouville apprenticed in&hellip;","og_locale":"en_US","og_type":"article","og_title":"Study for a woman by a spinning wheel by Fran\u00e7ois L\u00e9on Benouville","og_description":"Fran\u00e7ois L\u00e9on Benouville dit L\u00e9on Benouville Paris, 1821 - 1859 Study for a woman by a spinning wheel Black chalk on brown paper. 323 x 256 mm - 12 11\/16 x 10 1\/16 in. Stamp of the artist Fran\u00e7ois L\u00e9on Benouville (L. 228c) lower right. Born in Paris in 1821, Fran\u00e7ois L\u00e9on Benouville apprenticed in&hellip;","og_url":"https:\/\/drawings-online.com\/en\/product\/study-for-a-woman-by-a-spinning-wheel-by-francois-leon-benouville\/","og_site_name":"Drawings-online","article_publisher":"https:\/\/www.facebook.com\/people\/Drawings-online\/100034942735866\/","article_modified_time":"2024-03-05T13:33:38+00:00","og_image":[{"width":1024,"height":1024,"url":"https:\/\/drawings-online.com\/wp-content\/uploads\/2022\/12\/DSC_0211_1-1024x1024.png","type":"image\/png"}],"twitter_card":"summary_large_image","twitter_site":"@OnlineDrawings","twitter_misc":{"Est. reading time":"2 minutes"},"schema":{"@context":"https:\/\/schema.org","@graph":[{"@type":"WebPage","@id":"https:\/\/drawings-online.com\/en\/product\/study-for-a-woman-by-a-spinning-wheel-by-francois-leon-benouville\/","url":"https:\/\/drawings-online.com\/en\/product\/study-for-a-woman-by-a-spinning-wheel-by-francois-leon-benouville\/","name":"\u00c9tude pour la fileuse au rouet par Fran\u00e7ois L\u00e9on Benouville dit L\u00e9on Benouville - Drawings-online","isPartOf":{"@id":"https:\/\/drawings-online.com\/#website"},"primaryImageOfPage":{"@id":"https:\/\/drawings-online.com\/en\/product\/study-for-a-woman-by-a-spinning-wheel-by-francois-leon-benouville\/#primaryimage"},"image":{"@id":"https:\/\/drawings-online.com\/en\/product\/study-for-a-woman-by-a-spinning-wheel-by-francois-leon-benouville\/#primaryimage"},"thumbnailUrl":"https:\/\/drawings-online.com\/wp-content\/uploads\/2022\/12\/DSC_0211_1.png","datePublished":"2022-12-22T17:40:14+00:00","dateModified":"2024-03-05T13:33:38+00:00","breadcrumb":{"@id":"https:\/\/drawings-online.com\/en\/product\/study-for-a-woman-by-a-spinning-wheel-by-francois-leon-benouville\/#breadcrumb"},"inLanguage":"en-US","potentialAction":[{"@type":"ReadAction","target":["https:\/\/drawings-online.com\/en\/product\/study-for-a-woman-by-a-spinning-wheel-by-francois-leon-benouville\/"]}]},{"@type":"ImageObject","inLanguage":"en-US","@id":"https:\/\/drawings-online.com\/en\/product\/study-for-a-woman-by-a-spinning-wheel-by-francois-leon-benouville\/#primaryimage","url":"https:\/\/drawings-online.com\/wp-content\/uploads\/2022\/12\/DSC_0211_1.png","contentUrl":"https:\/\/drawings-online.com\/wp-content\/uploads\/2022\/12\/DSC_0211_1.png","width":1800,"height":1800},{"@type":"BreadcrumbList","@id":"https:\/\/drawings-online.com\/en\/product\/study-for-a-woman-by-a-spinning-wheel-by-francois-leon-benouville\/#breadcrumb","itemListElement":[{"@type":"ListItem","position":1,"name":"Works available","item":"https:\/\/drawings-online.com\/"},{"@type":"ListItem","position":2,"name":"Gallery","item":"https:\/\/drawings-online.com\/galerie\/"},{"@type":"ListItem","position":3,"name":"19e","item":"https:\/\/drawings-online.com\/product_tag\/19e\/"},{"@type":"ListItem","position":4,"name":"Study for a woman by a spinning wheel by Fran\u00e7ois L\u00e9on Benouville"}]},{"@type":"WebSite","@id":"https:\/\/drawings-online.com\/en\/#website","url":"https:\/\/drawings-online.com\/en\/","name":"Drawings-online","description":"Dessins en ligne","publisher":{"@id":"https:\/\/drawings-online.com\/en\/#organization"},"potentialAction":[{"@type":"SearchAction","target":{"@type":"EntryPoint","urlTemplate":"https:\/\/drawings-online.com\/en\/?s={search_term_string}"},"query-input":{"@type":"PropertyValueSpecification","valueRequired":true,"valueName":"search_term_string"}}],"inLanguage":"en-US"},{"@type":"Organization","@id":"https:\/\/drawings-online.com\/en\/#organization","name":"Drawings-online","url":"https:\/\/drawings-online.com\/en\/","logo":{"@type":"ImageObject","inLanguage":"en-US","@id":"https:\/\/drawings-online.com\/en\/#\/schema\/logo\/image\/","url":"https:\/\/drawings-online.com\/wp-content\/uploads\/2020\/12\/drawings-icone-transp-e1607442878135.png","contentUrl":"https:\/\/drawings-online.com\/wp-content\/uploads\/2020\/12\/drawings-icone-transp-e1607442878135.png","width":150,"height":150,"caption":"Drawings-online"},"image":{"@id":"https:\/\/drawings-online.com\/en\/#\/schema\/logo\/image\/"},"sameAs":["https:\/\/www.facebook.com\/people\/Drawings-online\/100034942735866\/","https:\/\/x.com\/OnlineDrawings","https:\/\/www.instagram.com\/drawings_online_com\/"]}]}},"jetpack_sharing_enabled":true,"_links":{"self":[{"href":"https:\/\/drawings-online.com\/en\/wp-json\/wp\/v2\/product\/6738","targetHints":{"allow":["GET"]}}],"collection":[{"href":"https:\/\/drawings-online.com\/en\/wp-json\/wp\/v2\/product"}],"about":[{"href":"https:\/\/drawings-online.com\/en\/wp-json\/wp\/v2\/types\/product"}],"wp:featuredmedia":[{"embeddable":true,"href":"https:\/\/drawings-online.com\/en\/wp-json\/wp\/v2\/media\/6742"}],"wp:attachment":[{"href":"https:\/\/drawings-online.com\/en\/wp-json\/wp\/v2\/media?parent=6738"}],"wp:term":[{"taxonomy":"product_brand","embeddable":true,"href":"https:\/\/drawings-online.com\/en\/wp-json\/wp\/v2\/product_brand?post=6738"},{"taxonomy":"product_cat","embeddable":true,"href":"https:\/\/drawings-online.com\/en\/wp-json\/wp\/v2\/product_cat?post=6738"},{"taxonomy":"product_tag","embeddable":true,"href":"https:\/\/drawings-online.com\/en\/wp-json\/wp\/v2\/product_tag?post=6738"}],"curies":[{"name":"wp","href":"https:\/\/api.w.org\/{rel}","templated":true}]}}