{"id":6354,"date":"2022-10-25T16:01:10","date_gmt":"2022-10-25T14:01:10","guid":{"rendered":"https:\/\/drawings-online.com\/product\/\/"},"modified":"2024-03-05T14:33:57","modified_gmt":"2024-03-05T13:33:57","slug":"etude-de-jeune-femme-penchee-par-leon-benouville","status":"publish","type":"product","link":"https:\/\/drawings-online.com\/en\/product\/study-of-a-leaning-young-woman-by-leon-benouville\/","title":{"rendered":"Study of a leaning young woman by L\u00e9on Benouville"},"content":{"rendered":"<p><strong>Fran\u00e7ois L\u00e9on Benouville <\/strong>dit<strong> L\u00e9on Benouville<\/strong><\/p>\n<p>Paris, 1821 &#8211; 1859<\/p>\n<p><em><strong>Study of a leaning young woman held by the hand of another character.<\/strong><\/em><\/p>\n<p>Black chalk and heightened white chalk on gray paper.<\/p>\n<p>406 x 255 mm &#8211; 15 63\/64 x 10 1\/16 in.<\/p>\n<p>Stamp of the artist Fran\u00e7ois L\u00e9on Benouville (<a href=\"http:\/\/www.marquesdecollections.fr\/detail.cfm\/marque\/5624\/total\/1\" target=\"_blank\" rel=\"noopener\">L. 228c<\/a>) lower left.<\/p>\n<p>&nbsp;<\/p>\n<p>&nbsp;<\/p>\n<figure id=\"attachment_6356\" aria-describedby=\"caption-attachment-6356\" style=\"width: 214px\" class=\"wp-caption alignleft\"><a href=\"https:\/\/drawings-online.com\/wp-content\/uploads\/2022\/10\/detail.jpg\"><img loading=\"lazy\" decoding=\"async\" class=\"wp-image-6356 size-medium\" src=\"https:\/\/drawings-online.com\/wp-content\/uploads\/2022\/10\/detail-214x300.jpg\" alt=\"\" width=\"214\" height=\"300\" srcset=\"https:\/\/drawings-online.com\/wp-content\/uploads\/2022\/10\/detail-214x300.jpg 214w, https:\/\/drawings-online.com\/wp-content\/uploads\/2022\/10\/detail-731x1024.jpg 731w, https:\/\/drawings-online.com\/wp-content\/uploads\/2022\/10\/detail-768x1076.jpg 768w, https:\/\/drawings-online.com\/wp-content\/uploads\/2022\/10\/detail-300x420.jpg 300w, https:\/\/drawings-online.com\/wp-content\/uploads\/2022\/10\/detail-600x841.jpg 600w, https:\/\/drawings-online.com\/wp-content\/uploads\/2022\/10\/detail.jpg 882w\" sizes=\"auto, (max-width: 214px) 100vw, 214px\" \/><\/a><figcaption id=\"caption-attachment-6356\" class=\"wp-caption-text\">Fig. 1 Detail of the painting <em>The Christian Martyrs Entering the Amphitheatre<\/em>, Louvre Museum, Paris, inv. 20042.<\/figcaption><\/figure>\n<p>Born in Paris in 1821, Fran\u00e7ois L\u00e9on Benouville apprenticed in the studio of Fran\u00e7ois \u00c9douard Picot at the Ecole des Beaux-Arts in 1837. Younger brother of the landscape artist Achille Benouville, he started at the Salon of 1838. After obtaining the great Prix \u200b\u200bde Rome for painting in 1845, L\u00e9on left for his stay at the Villa Medici in the company of his brother, winner of the grand prize for historical landscape the same year. In Italy, L\u00e9on devoted himself to history painting, developing a predilection for religious subjects. On his return to France, he obtained public recognition with <em>Saint-Fran\u00e7ois d&#8217;Assise, transported dying to Sainte-Marie-des-Anges, blessed the city of Assisi<\/em>, exhibited at the Salon of 1853 and purchased for the Luxembourg museum ( now in the Mus\u00e9e d&#8217;Orsay, Paris). He died prematurely at the age of 38 of typhoid fever.<\/p>\n<p>&nbsp;<\/p>\n<p>&nbsp;<\/p>\n<p>&nbsp;<\/p>\n<p>&nbsp;<\/p>\n<figure id=\"attachment_6357\" aria-describedby=\"caption-attachment-6357\" style=\"width: 219px\" class=\"wp-caption alignright\"><a href=\"https:\/\/drawings-online.com\/wp-content\/uploads\/2022\/10\/D181.jpg\"><img loading=\"lazy\" decoding=\"async\" class=\"wp-image-6357 size-medium\" src=\"https:\/\/drawings-online.com\/wp-content\/uploads\/2022\/10\/D181-e1666706207811-219x300.jpg\" alt=\"\" width=\"219\" height=\"300\" srcset=\"https:\/\/drawings-online.com\/wp-content\/uploads\/2022\/10\/D181-e1666706207811-219x300.jpg 219w, https:\/\/drawings-online.com\/wp-content\/uploads\/2022\/10\/D181-e1666706207811-747x1024.jpg 747w, https:\/\/drawings-online.com\/wp-content\/uploads\/2022\/10\/D181-e1666706207811-768x1052.jpg 768w, https:\/\/drawings-online.com\/wp-content\/uploads\/2022\/10\/D181-e1666706207811-1121x1536.jpg 1121w, https:\/\/drawings-online.com\/wp-content\/uploads\/2022\/10\/D181-e1666706207811-1495x2048.jpg 1495w, https:\/\/drawings-online.com\/wp-content\/uploads\/2022\/10\/D181-e1666706207811-300x411.jpg 300w, https:\/\/drawings-online.com\/wp-content\/uploads\/2022\/10\/D181-e1666706207811-600x822.jpg 600w, https:\/\/drawings-online.com\/wp-content\/uploads\/2022\/10\/D181-e1666706207811.jpg 1675w\" sizes=\"auto, (max-width: 219px) 100vw, 219px\" \/><\/a><figcaption id=\"caption-attachment-6357\" class=\"wp-caption-text\">Fig. 2 <em>Study of a leaning nude woman<\/em>, Museum of Fine Arts, Rouen, inv. 897.6.91 A (bis).<\/figcaption><\/figure>\n<p>This study of a leaning woman held by a man&#8217;s hand is preparatory for a group of Christians (fig. 1) located in the background behind the two martyrs in the center of the arena in the painting <em><a href=\"https:\/\/collections.louvre.fr\/en\/ark:\/53355\/cl010065530\" target=\"_blank\" rel=\"noopener\">The Christian Martyrs Entering the Amphitheater<\/a><\/em> by the artist in 1855<a href=\"#_ftn1\" name=\"_ftnref1\">[1]<\/a>. L\u00e9on Fran\u00e7ois B\u00e9nouville received the official order in 1854 for this imposing canvas following the presentation of a sketch<a href=\"#_ftn2\" name=\"_ftnref2\">[2]<\/a> of the same subject at the Salon of 1852 for which he won a second medal and which was acquired by the Director of Museums for the Luxemburg. Extolling the virtues of courage and hope, this martyrdom of the first Christians &#8211; Saint Blandine accompanied by a male saint &#8211; allows the artist to deploy his knowledge of ancient history and is part of a renewal of the history painting desired by the Academy of Fine Arts.<\/p>\n<p>&nbsp;<\/p>\n<p>&nbsp;<\/p>\n<figure id=\"attachment_6355\" aria-describedby=\"caption-attachment-6355\" style=\"width: 232px\" class=\"wp-caption alignleft\"><a href=\"https:\/\/drawings-online.com\/wp-content\/uploads\/2022\/10\/D182-rotated.jpg\"><img loading=\"lazy\" decoding=\"async\" class=\"wp-image-6355 size-medium\" src=\"https:\/\/drawings-online.com\/wp-content\/uploads\/2022\/10\/D182-rotated-e1666706170221-232x300.jpg\" alt=\"\" width=\"232\" height=\"300\" srcset=\"https:\/\/drawings-online.com\/wp-content\/uploads\/2022\/10\/D182-rotated-e1666706170221-232x300.jpg 232w, https:\/\/drawings-online.com\/wp-content\/uploads\/2022\/10\/D182-rotated-e1666706170221-793x1024.jpg 793w, https:\/\/drawings-online.com\/wp-content\/uploads\/2022\/10\/D182-rotated-e1666706170221-768x992.jpg 768w, https:\/\/drawings-online.com\/wp-content\/uploads\/2022\/10\/D182-rotated-e1666706170221-300x388.jpg 300w, https:\/\/drawings-online.com\/wp-content\/uploads\/2022\/10\/D182-rotated-e1666706170221-600x775.jpg 600w, https:\/\/drawings-online.com\/wp-content\/uploads\/2022\/10\/D182-rotated-e1666706170221.jpg 846w\" sizes=\"auto, (max-width: 232px) 100vw, 232px\" \/><\/a><figcaption id=\"caption-attachment-6355\" class=\"wp-caption-text\">Fig. 3 <em>Hand study and drapery<\/em>, Museum of Fine Arts, Rouen, Inv. 897.6.80 B.<\/figcaption><\/figure>\n<p>Three other studies for the leaning young woman are known: two are kept at the Mus\u00e9e des Beaux-Arts in Rouen: <em>Study of a Leaning Nude Woman<\/em><a href=\"#_ftn3\" name=\"_ftnref3\">[3]<\/a> (fig. 2) and <em>Study of Hand and Drapery<\/em><a href=\"#_ftn4\" name=\"_ftnref4\">[4]<\/a> (fig. 3 ) are kept at the Mus\u00e9e des Beaux-Arts in Rouen and another entered the art market in 2009<a href=\"#_ftn5\" name=\"_ftnref5\">[5]<\/a>.<\/p>\n<p>&nbsp;<\/p>\n<p>&nbsp;<\/p>\n<p>&nbsp;<\/p>\n<p>&nbsp;<\/p>\n<p>&nbsp;<\/p>\n<p>&nbsp;<\/p>\n<p>&nbsp;<\/p>\n<p>Condition report &#8211; traces of gluing on the four corners of the sheet on the back, some light foxing on the entire sheet<\/p>\n<p><a href=\"#_ftnref1\" name=\"_ftn1\">[1]<\/a> Oil on canvas; 4.59 x 3.91m; Louvre Museum, Paris; inv. 20042. Work deposited at the Mus\u00e9e d&#8217;Orsay, Paris.<\/p>\n<p><a href=\"#_ftnref2\" name=\"_ftn2\">[2]<\/a> Drawing in black chalk, wash and watercolor on paper laid down on canvas; 1.21 x 1.065m; Louvre Museum, Paris; inv. 23.717.<\/p>\n<p><a href=\"#_ftnref3\" name=\"_ftn3\">[3]<\/a> Black chalk heightened with white chalk on gray paper; 392 x 280mm; Museum of Fine Arts, Rouen, Inv. 897.6.91 A (bis). See Marie-Madeleine Aubrun, L\u00e9on Benouville (1821-1859). Catalog raisonn\u00e9 of the work, Nantes, 1981, p. 162, D.181.<\/p>\n<p><a href=\"#_ftnref4\" name=\"_ftn4\">[4]<\/a> Sanguine on buff paper; 345 x 260mm; Museum of Fine Arts, Rouen, Inv. 897.6.80 B. See Marie-Madeleine Aubrun, op. cit., p. 162, D. 182.<\/p>\n<p><a href=\"#_ftnref5\" name=\"_ftn5\">[5]<\/a> Paris, Thierry Maigret study sale, March 27, 2009, no. 196.<\/p>\n","protected":false},"excerpt":{"rendered":"<p>Fran\u00e7ois L\u00e9on Benouville dit L\u00e9on Benouville Paris, 1821 &#8211; 1859 Study of a leaning young woman held by the hand of another character. Black chalk and heightened white chalk on gray paper. 406 x 255 mm &#8211; 15 63\/64 x 10 1\/16 in. Stamp of the artist Fran\u00e7ois L\u00e9on Benouville (L. 228c) lower left. &nbsp; [&hellip;]<\/p>\n","protected":false},"featured_media":6358,"template":"","meta":{"_themeisle_gutenberg_block_has_review":false},"product_brand":[],"product_cat":[78],"product_tag":[37,161,346,353,392,164,16,27,96],"class_list":{"0":"post-6354","1":"product","2":"type-product","3":"status-publish","4":"has-post-thumbnail","6":"product_cat-french-school","7":"product_tag-19th","8":"product_tag-preparatory-drawing","9":"product_tag-19th-century-drawings","10":"product_tag-gallery","11":"product_tag-n13","12":"product_tag-grey-paper","13":"product_tag-black-chalk","14":"product_tag-heightened-with-white","15":"product_tag-religious-subject","17":"first","18":"outofstock","19":"taxable","20":"shipping-taxable","21":"purchasable","22":"product-type-variable"},"yoast_head":"<!-- This site is optimized with the Yoast SEO plugin v27.4 - https:\/\/yoast.com\/product\/yoast-seo-wordpress\/ -->\n<title>Study of a leaning young woman by L\u00e9on Benouville<\/title>\n<meta name=\"description\" content=\"Fran\u00e7ois L\u00e9on Benouville dit L\u00e9on Benouville Paris, 1821 - 1859 Study of a leaning young woman held by the hand of another character. Black chalk and heightened white chalk on gray paper. 406 x 255 mm - 15 63\/64 x 10 1\/16 in. Stamp of the artist Fran\u00e7ois L\u00e9on Benouville (L. 228c) lower left. &nbsp;&hellip;\" \/>\n<meta name=\"robots\" content=\"index, follow, max-snippet:-1, max-image-preview:large, max-video-preview:-1\" \/>\n<link rel=\"canonical\" href=\"http:\/\/Fran\u00e7ois%20L\u00e9on%20Benouville%20dit%20L\u00e9on%20Benouville%20Paris,%201821%20-%201859%20Study%20of%20a%20leaning%20young%20woman%20held%20by%20the%20hand%20of%20another%20character.%20Black%20chalk%20and%20heightened%20white%20chalk%20on%20gray%20paper.%20406%20x%20255%20mm%20-%2015%2063\/64%20x%2010%201\/16%20in.%20Stamp%20of%20the%20artist%20Fran\u00e7ois%20L\u00e9on%20Benouville%20(L.%20228c)%20lower%20left.%20&nbsp;&hellip;\" \/>\n<meta property=\"og:locale\" content=\"en_US\" \/>\n<meta property=\"og:type\" content=\"article\" \/>\n<meta property=\"og:title\" content=\"Study of a leaning young woman by L\u00e9on Benouville\" \/>\n<meta property=\"og:description\" content=\"Fran\u00e7ois L\u00e9on Benouville dit L\u00e9on Benouville Paris, 1821 - 1859 Study of a leaning young woman held by the hand of another character. Black chalk and heightened white chalk on gray paper. 406 x 255 mm - 15 63\/64 x 10 1\/16 in. Stamp of the artist Fran\u00e7ois L\u00e9on Benouville (L. 228c) lower left. &nbsp;&hellip;\" \/>\n<meta property=\"og:url\" content=\"https:\/\/drawings-online.com\/en\/product\/study-of-a-leaning-young-woman-by-leon-benouville\/\" \/>\n<meta property=\"og:site_name\" content=\"Drawings-online\" \/>\n<meta property=\"article:publisher\" content=\"https:\/\/www.facebook.com\/people\/Drawings-online\/100034942735866\/\" \/>\n<meta property=\"article:modified_time\" content=\"2024-03-05T13:33:57+00:00\" \/>\n<meta property=\"og:image\" content=\"https:\/\/drawings-online.com\/wp-content\/uploads\/2022\/10\/DSC_0213_1-1024x1024.png\" \/>\n\t<meta property=\"og:image:width\" content=\"1024\" \/>\n\t<meta property=\"og:image:height\" content=\"1024\" \/>\n\t<meta property=\"og:image:type\" content=\"image\/png\" \/>\n<meta name=\"twitter:card\" content=\"summary_large_image\" \/>\n<meta name=\"twitter:site\" content=\"@OnlineDrawings\" \/>\n<meta name=\"twitter:label1\" content=\"Est. reading time\" \/>\n\t<meta name=\"twitter:data1\" content=\"3 minutes\" \/>\n<script type=\"application\/ld+json\" class=\"yoast-schema-graph\">{\"@context\":\"https:\\\/\\\/schema.org\",\"@graph\":[{\"@type\":\"WebPage\",\"@id\":\"https:\\\/\\\/drawings-online.com\\\/en\\\/product\\\/study-of-a-leaning-young-woman-by-leon-benouville\\\/\",\"url\":\"https:\\\/\\\/drawings-online.com\\\/en\\\/product\\\/study-of-a-leaning-young-woman-by-leon-benouville\\\/\",\"name\":\"\u00c9tude de jeune femme pench\u00e9e par L\u00e9on Benouville - Drawings-online\",\"isPartOf\":{\"@id\":\"https:\\\/\\\/drawings-online.com\\\/#website\"},\"primaryImageOfPage\":{\"@id\":\"https:\\\/\\\/drawings-online.com\\\/en\\\/product\\\/study-of-a-leaning-young-woman-by-leon-benouville\\\/#primaryimage\"},\"image\":{\"@id\":\"https:\\\/\\\/drawings-online.com\\\/en\\\/product\\\/study-of-a-leaning-young-woman-by-leon-benouville\\\/#primaryimage\"},\"thumbnailUrl\":\"https:\\\/\\\/drawings-online.com\\\/wp-content\\\/uploads\\\/2022\\\/10\\\/DSC_0213_1.png\",\"datePublished\":\"2022-10-25T14:01:10+00:00\",\"dateModified\":\"2024-03-05T13:33:57+00:00\",\"breadcrumb\":{\"@id\":\"https:\\\/\\\/drawings-online.com\\\/en\\\/product\\\/study-of-a-leaning-young-woman-by-leon-benouville\\\/#breadcrumb\"},\"inLanguage\":\"en-US\",\"potentialAction\":[{\"@type\":\"ReadAction\",\"target\":[\"https:\\\/\\\/drawings-online.com\\\/en\\\/product\\\/study-of-a-leaning-young-woman-by-leon-benouville\\\/\"]}]},{\"@type\":\"ImageObject\",\"inLanguage\":\"en-US\",\"@id\":\"https:\\\/\\\/drawings-online.com\\\/en\\\/product\\\/study-of-a-leaning-young-woman-by-leon-benouville\\\/#primaryimage\",\"url\":\"https:\\\/\\\/drawings-online.com\\\/wp-content\\\/uploads\\\/2022\\\/10\\\/DSC_0213_1.png\",\"contentUrl\":\"https:\\\/\\\/drawings-online.com\\\/wp-content\\\/uploads\\\/2022\\\/10\\\/DSC_0213_1.png\",\"width\":1800,\"height\":1800},{\"@type\":\"BreadcrumbList\",\"@id\":\"https:\\\/\\\/drawings-online.com\\\/en\\\/product\\\/study-of-a-leaning-young-woman-by-leon-benouville\\\/#breadcrumb\",\"itemListElement\":[{\"@type\":\"ListItem\",\"position\":1,\"name\":\"Works available\",\"item\":\"https:\\\/\\\/drawings-online.com\\\/\"},{\"@type\":\"ListItem\",\"position\":2,\"name\":\"Gallery\",\"item\":\"https:\\\/\\\/drawings-online.com\\\/galerie\\\/\"},{\"@type\":\"ListItem\",\"position\":3,\"name\":\"19e\",\"item\":\"https:\\\/\\\/drawings-online.com\\\/product_tag\\\/19e\\\/\"},{\"@type\":\"ListItem\",\"position\":4,\"name\":\"Study of a leaning young woman by L\u00e9on Benouville\"}]},{\"@type\":\"WebSite\",\"@id\":\"https:\\\/\\\/drawings-online.com\\\/en\\\/#website\",\"url\":\"https:\\\/\\\/drawings-online.com\\\/en\\\/\",\"name\":\"Drawings-online\",\"description\":\"Dessins en ligne\",\"publisher\":{\"@id\":\"https:\\\/\\\/drawings-online.com\\\/en\\\/#organization\"},\"potentialAction\":[{\"@type\":\"SearchAction\",\"target\":{\"@type\":\"EntryPoint\",\"urlTemplate\":\"https:\\\/\\\/drawings-online.com\\\/en\\\/?s={search_term_string}\"},\"query-input\":{\"@type\":\"PropertyValueSpecification\",\"valueRequired\":true,\"valueName\":\"search_term_string\"}}],\"inLanguage\":\"en-US\"},{\"@type\":\"Organization\",\"@id\":\"https:\\\/\\\/drawings-online.com\\\/en\\\/#organization\",\"name\":\"Drawings-online\",\"url\":\"https:\\\/\\\/drawings-online.com\\\/en\\\/\",\"logo\":{\"@type\":\"ImageObject\",\"inLanguage\":\"en-US\",\"@id\":\"https:\\\/\\\/drawings-online.com\\\/en\\\/#\\\/schema\\\/logo\\\/image\\\/\",\"url\":\"https:\\\/\\\/drawings-online.com\\\/wp-content\\\/uploads\\\/2020\\\/12\\\/drawings-icone-transp-e1607442878135.png\",\"contentUrl\":\"https:\\\/\\\/drawings-online.com\\\/wp-content\\\/uploads\\\/2020\\\/12\\\/drawings-icone-transp-e1607442878135.png\",\"width\":150,\"height\":150,\"caption\":\"Drawings-online\"},\"image\":{\"@id\":\"https:\\\/\\\/drawings-online.com\\\/en\\\/#\\\/schema\\\/logo\\\/image\\\/\"},\"sameAs\":[\"https:\\\/\\\/www.facebook.com\\\/people\\\/Drawings-online\\\/100034942735866\\\/\",\"https:\\\/\\\/x.com\\\/OnlineDrawings\",\"https:\\\/\\\/www.instagram.com\\\/drawings_online_com\\\/\"]}]}<\/script>\n<!-- \/ Yoast SEO plugin. -->","yoast_head_json":{"title":"Study of a leaning young woman by L\u00e9on Benouville","description":"Fran\u00e7ois L\u00e9on Benouville dit L\u00e9on Benouville Paris, 1821 - 1859 Study of a leaning young woman held by the hand of another character. Black chalk and heightened white chalk on gray paper. 406 x 255 mm - 15 63\/64 x 10 1\/16 in. Stamp of the artist Fran\u00e7ois L\u00e9on Benouville (L. 228c) lower left. &nbsp;&hellip;","robots":{"index":"index","follow":"follow","max-snippet":"max-snippet:-1","max-image-preview":"max-image-preview:large","max-video-preview":"max-video-preview:-1"},"canonical":"Fran\u00e7ois L\u00e9on Benouville dit L\u00e9on Benouville Paris, 1821 - 1859 Study of a leaning young woman held by the hand of another character. Black chalk and heightened white chalk on gray paper. 406 x 255 mm - 15 63\/64 x 10 1\/16 in. Stamp of the artist Fran\u00e7ois L\u00e9on Benouville (L. 228c) lower left. &nbsp;&hellip;","og_locale":"en_US","og_type":"article","og_title":"Study of a leaning young woman by L\u00e9on Benouville","og_description":"Fran\u00e7ois L\u00e9on Benouville dit L\u00e9on Benouville Paris, 1821 - 1859 Study of a leaning young woman held by the hand of another character. Black chalk and heightened white chalk on gray paper. 406 x 255 mm - 15 63\/64 x 10 1\/16 in. Stamp of the artist Fran\u00e7ois L\u00e9on Benouville (L. 228c) lower left. &nbsp;&hellip;","og_url":"https:\/\/drawings-online.com\/en\/product\/study-of-a-leaning-young-woman-by-leon-benouville\/","og_site_name":"Drawings-online","article_publisher":"https:\/\/www.facebook.com\/people\/Drawings-online\/100034942735866\/","article_modified_time":"2024-03-05T13:33:57+00:00","og_image":[{"width":1024,"height":1024,"url":"https:\/\/drawings-online.com\/wp-content\/uploads\/2022\/10\/DSC_0213_1-1024x1024.png","type":"image\/png"}],"twitter_card":"summary_large_image","twitter_site":"@OnlineDrawings","twitter_misc":{"Est. reading time":"3 minutes"},"schema":{"@context":"https:\/\/schema.org","@graph":[{"@type":"WebPage","@id":"https:\/\/drawings-online.com\/en\/product\/study-of-a-leaning-young-woman-by-leon-benouville\/","url":"https:\/\/drawings-online.com\/en\/product\/study-of-a-leaning-young-woman-by-leon-benouville\/","name":"\u00c9tude de jeune femme pench\u00e9e par L\u00e9on Benouville - Drawings-online","isPartOf":{"@id":"https:\/\/drawings-online.com\/#website"},"primaryImageOfPage":{"@id":"https:\/\/drawings-online.com\/en\/product\/study-of-a-leaning-young-woman-by-leon-benouville\/#primaryimage"},"image":{"@id":"https:\/\/drawings-online.com\/en\/product\/study-of-a-leaning-young-woman-by-leon-benouville\/#primaryimage"},"thumbnailUrl":"https:\/\/drawings-online.com\/wp-content\/uploads\/2022\/10\/DSC_0213_1.png","datePublished":"2022-10-25T14:01:10+00:00","dateModified":"2024-03-05T13:33:57+00:00","breadcrumb":{"@id":"https:\/\/drawings-online.com\/en\/product\/study-of-a-leaning-young-woman-by-leon-benouville\/#breadcrumb"},"inLanguage":"en-US","potentialAction":[{"@type":"ReadAction","target":["https:\/\/drawings-online.com\/en\/product\/study-of-a-leaning-young-woman-by-leon-benouville\/"]}]},{"@type":"ImageObject","inLanguage":"en-US","@id":"https:\/\/drawings-online.com\/en\/product\/study-of-a-leaning-young-woman-by-leon-benouville\/#primaryimage","url":"https:\/\/drawings-online.com\/wp-content\/uploads\/2022\/10\/DSC_0213_1.png","contentUrl":"https:\/\/drawings-online.com\/wp-content\/uploads\/2022\/10\/DSC_0213_1.png","width":1800,"height":1800},{"@type":"BreadcrumbList","@id":"https:\/\/drawings-online.com\/en\/product\/study-of-a-leaning-young-woman-by-leon-benouville\/#breadcrumb","itemListElement":[{"@type":"ListItem","position":1,"name":"Works available","item":"https:\/\/drawings-online.com\/"},{"@type":"ListItem","position":2,"name":"Gallery","item":"https:\/\/drawings-online.com\/galerie\/"},{"@type":"ListItem","position":3,"name":"19e","item":"https:\/\/drawings-online.com\/product_tag\/19e\/"},{"@type":"ListItem","position":4,"name":"Study of a leaning young woman by L\u00e9on Benouville"}]},{"@type":"WebSite","@id":"https:\/\/drawings-online.com\/en\/#website","url":"https:\/\/drawings-online.com\/en\/","name":"Drawings-online","description":"Dessins en ligne","publisher":{"@id":"https:\/\/drawings-online.com\/en\/#organization"},"potentialAction":[{"@type":"SearchAction","target":{"@type":"EntryPoint","urlTemplate":"https:\/\/drawings-online.com\/en\/?s={search_term_string}"},"query-input":{"@type":"PropertyValueSpecification","valueRequired":true,"valueName":"search_term_string"}}],"inLanguage":"en-US"},{"@type":"Organization","@id":"https:\/\/drawings-online.com\/en\/#organization","name":"Drawings-online","url":"https:\/\/drawings-online.com\/en\/","logo":{"@type":"ImageObject","inLanguage":"en-US","@id":"https:\/\/drawings-online.com\/en\/#\/schema\/logo\/image\/","url":"https:\/\/drawings-online.com\/wp-content\/uploads\/2020\/12\/drawings-icone-transp-e1607442878135.png","contentUrl":"https:\/\/drawings-online.com\/wp-content\/uploads\/2020\/12\/drawings-icone-transp-e1607442878135.png","width":150,"height":150,"caption":"Drawings-online"},"image":{"@id":"https:\/\/drawings-online.com\/en\/#\/schema\/logo\/image\/"},"sameAs":["https:\/\/www.facebook.com\/people\/Drawings-online\/100034942735866\/","https:\/\/x.com\/OnlineDrawings","https:\/\/www.instagram.com\/drawings_online_com\/"]}]}},"jetpack_sharing_enabled":true,"_links":{"self":[{"href":"https:\/\/drawings-online.com\/en\/wp-json\/wp\/v2\/product\/6354","targetHints":{"allow":["GET"]}}],"collection":[{"href":"https:\/\/drawings-online.com\/en\/wp-json\/wp\/v2\/product"}],"about":[{"href":"https:\/\/drawings-online.com\/en\/wp-json\/wp\/v2\/types\/product"}],"wp:featuredmedia":[{"embeddable":true,"href":"https:\/\/drawings-online.com\/en\/wp-json\/wp\/v2\/media\/6358"}],"wp:attachment":[{"href":"https:\/\/drawings-online.com\/en\/wp-json\/wp\/v2\/media?parent=6354"}],"wp:term":[{"taxonomy":"product_brand","embeddable":true,"href":"https:\/\/drawings-online.com\/en\/wp-json\/wp\/v2\/product_brand?post=6354"},{"taxonomy":"product_cat","embeddable":true,"href":"https:\/\/drawings-online.com\/en\/wp-json\/wp\/v2\/product_cat?post=6354"},{"taxonomy":"product_tag","embeddable":true,"href":"https:\/\/drawings-online.com\/en\/wp-json\/wp\/v2\/product_tag?post=6354"}],"curies":[{"name":"wp","href":"https:\/\/api.w.org\/{rel}","templated":true}]}}