{"id":6324,"date":"2022-10-25T14:10:26","date_gmt":"2022-10-25T12:10:26","guid":{"rendered":"https:\/\/drawings-online.com\/product\/\/"},"modified":"2024-03-05T14:49:14","modified_gmt":"2024-03-05T13:49:14","slug":"franc-maconnerie-dessins-et-gravures-du-chevalier-de-berainville-1777","status":"publish","type":"product","link":"https:\/\/drawings-online.com\/en\/product\/freemasonry-drawings-and-engravings-by-the-chevalier-de-berainville-1777\/","title":{"rendered":"Freemasonry, drawings and engravings by the Chevalier de B\u00e9rainville, 1777"},"content":{"rendered":"<p><strong>Pierre Claude Person dit Person de B\u00e9rainville<\/strong><\/p>\n<p>XVIII<sup>e<\/sup> si\u00e8cle<\/p>\n<p>&nbsp;<\/p>\n<ol>\n<li><strong><em>Project for a preparatory medallion: \u201cVotum unum per Orbem\u201d dedicated to the glory of Marie-Caroline of Austria, Queen of Naples<\/em>.<\/strong><\/li>\n<\/ol>\n<p>&nbsp;<\/p>\n<p>P<\/p>\n<p>Pen and brown ink with brown wash and white highlights; circular composition on a rectangular sheet framed within a double black line.<\/p>\n<p>Signed, inscribed and dated: <em>\u201cP. de B\u00e9rainville inv. \/F.<\/em><em><sup>.<\/sup>. <\/em><em>Voysard<\/em> \/ <em>Ch. Allegre pinx<\/em> \/ <em>Carola Regina\/Neapolitanorum frangit vincula\/Aprilis 1777<\/em><em>.\u201d<\/em><\/p>\n<p>248 x 178 mm &#8211; 9 3\/4 x 7 1\/64 in.<\/p>\n<p>&nbsp;<\/p>\n<p>Bibliography<\/p>\n<p>Louis Petit de Bachaumont, <em>M\u00e9moires secrets pour servir \u00e0 l\u2019histoire de la r\u00e9publique des lettres en France depuis 1762 <\/em>or<em> Journal d\u2019un observateur <\/em>(<em>Secret Memoirs to serve the History of the Republic of Letters in France<\/em> or <em>Diary of an Observer<\/em>), Volume X, p. 217.<\/p>\n<p>&nbsp;<\/p>\n<figure id=\"attachment_6337\" aria-describedby=\"caption-attachment-6337\" style=\"width: 215px\" class=\"wp-caption alignleft\"><a href=\"https:\/\/drawings-online.com\/wp-content\/uploads\/2022\/10\/DSC_4466.jpg\"><img loading=\"lazy\" decoding=\"async\" class=\"wp-image-6337 size-medium\" src=\"https:\/\/drawings-online.com\/wp-content\/uploads\/2022\/10\/DSC_4466-e1666696438621-215x300.jpg\" alt=\"\" width=\"215\" height=\"300\" srcset=\"https:\/\/drawings-online.com\/wp-content\/uploads\/2022\/10\/DSC_4466-e1666696438621-215x300.jpg 215w, https:\/\/drawings-online.com\/wp-content\/uploads\/2022\/10\/DSC_4466-e1666696438621-733x1024.jpg 733w, https:\/\/drawings-online.com\/wp-content\/uploads\/2022\/10\/DSC_4466-e1666696438621-768x1072.jpg 768w, https:\/\/drawings-online.com\/wp-content\/uploads\/2022\/10\/DSC_4466-e1666696438621-300x419.jpg 300w, https:\/\/drawings-online.com\/wp-content\/uploads\/2022\/10\/DSC_4466-e1666696438621-600x838.jpg 600w, https:\/\/drawings-online.com\/wp-content\/uploads\/2022\/10\/DSC_4466-e1666696438621.jpg 951w\" sizes=\"auto, (max-width: 215px) 100vw, 215px\" \/><\/a><figcaption id=\"caption-attachment-6337\" class=\"wp-caption-text\">Gravure incluse dans l&#8217;emboitage<\/figcaption><\/figure>\n<p>This drawing (of which an engraving has been made) represents the deliverance of the Naples Freemasons through the protection of the queen of the kingdom. The engraving\u2019s text provides the following explanation, \u201cTO THE IMMORTAL GLORY OF THE AUGUST CAROLINE, QUEEN OF NAPLES \/ Masonic virtue loaded with chains and dragged by Imposture into the horrors of the dungeons\u2026Truth lifts the veil which hid the Temple erected by the Masons to the glory and happiness of humanity, from the eyes of the Profane. THE AUGUSTE CAROLINE, MINERVA, today led by the goodness from which she is inseparable, comes to the aid of the innocent victim&#8230;Imposture shudders, its mask falls, and the loss of its Prey brings a climax to its furies \/ At the bottom of a dungeon, without hope, without support \/ Timid VIRTUE, which imposture immolates \/ Sees today in CAROLINE\/ and her Salvation, and her IDOL \/ PRESENTED TO HER MAJESTY AND DEDICATED TO S<em>.<\/em><em><sup>.<\/sup><\/em><em>.<\/em>.A<em>.<\/em><em><sup>.<\/sup><\/em><em>.<\/em>.S<em>.<\/em><em><sup>.<\/sup><\/em><em>.<\/em> MGR LE DUC DE CHARTRES GRAND MA\u00ceTRE DE TOUTE LES LL<em>.<\/em><em><sup>.<\/sup><\/em><em>.<\/em> R<em>.<\/em><em><sup>.<\/sup><\/em><em>.<\/em> DE France Par le Ch<sup>er<\/sup> P. de Berainville \/ F<em>.<\/em><em><sup>.<\/sup><\/em><em>.<\/em> de la L<em>.<\/em><em><sup>.<\/sup><\/em><em>. <\/em>de THALIE \u00c0 l\u2019 O<em>.<\/em><em><sup>.<\/sup>.<\/em> &nbsp;of Paris.\u201d<\/p>\n<p>&nbsp;<\/p>\n<p>The drawing illustrates how Marie-Caroline, Queen of Naples, daughter of Emperor Francis I (who was a Mason) and sister of Joseph II, supported the Italian Freemasons and tried to protect them against the prohibition edict issued against the Freemasons by her husband, Ferdinand IV, in 1775. The Queen&#8217;s protection was celebrated in several songs and illustrated in various engravings made in her honour.<\/p>\n<p>&nbsp;<\/p>\n<p>&nbsp;<\/p>\n<ol start=\"2\">\n<li><strong><em>Project for a Preparatory Vignette: \u201cTimor unus una Laetitia \u2013 illustration dedicated to restoring the health of SAS Mgr le duc de Chartres.<\/em><\/strong><\/li>\n<\/ol>\n<p>&nbsp;<\/p>\n<p>Pen and brown ink with brown wash; circular composition on a rectangular sheet, framed within a double black line.<\/p>\n<p>250 x 178 mm &#8211; 9 13\/16 x 7 1\/64 in.<\/p>\n<p>&nbsp;<\/p>\n<figure id=\"attachment_6338\" aria-describedby=\"caption-attachment-6338\" style=\"width: 220px\" class=\"wp-caption alignleft\"><a href=\"https:\/\/gallica.bnf.fr\/ark:\/12148\/btv1b8410042p\"><img loading=\"lazy\" decoding=\"async\" class=\"wp-image-6338 \" src=\"https:\/\/drawings-online.com\/wp-content\/uploads\/2022\/10\/Retablissement_de_la_sante_de_...Voisard_E_btv1b8410042p-209x300.jpeg\" alt=\"\" width=\"220\" height=\"316\" srcset=\"https:\/\/drawings-online.com\/wp-content\/uploads\/2022\/10\/Retablissement_de_la_sante_de_...Voisard_E_btv1b8410042p-209x300.jpeg 209w, https:\/\/drawings-online.com\/wp-content\/uploads\/2022\/10\/Retablissement_de_la_sante_de_...Voisard_E_btv1b8410042p-712x1024.jpeg 712w, https:\/\/drawings-online.com\/wp-content\/uploads\/2022\/10\/Retablissement_de_la_sante_de_...Voisard_E_btv1b8410042p-768x1104.jpeg 768w, https:\/\/drawings-online.com\/wp-content\/uploads\/2022\/10\/Retablissement_de_la_sante_de_...Voisard_E_btv1b8410042p-300x431.jpeg 300w, https:\/\/drawings-online.com\/wp-content\/uploads\/2022\/10\/Retablissement_de_la_sante_de_...Voisard_E_btv1b8410042p-600x863.jpeg 600w, https:\/\/drawings-online.com\/wp-content\/uploads\/2022\/10\/Retablissement_de_la_sante_de_...Voisard_E_btv1b8410042p.jpeg 1024w\" sizes=\"auto, (max-width: 220px) 100vw, 220px\" \/><\/a><figcaption id=\"caption-attachment-6338\" class=\"wp-caption-text\">Engraving held at the BNF<\/figcaption><\/figure>\n<p>The engraving made after this project held at the&nbsp;<a href=\"https:\/\/gallica.bnf.fr\/ark:\/12148\/btv1b8410042p\">BNF<\/a>,<\/p>\n<p>provides the explanation for the illustration: &#8220;RESTORATING THE HEALTH OF S<em>.<\/em><em><sup>.<\/sup>.<\/em> A<em>.<\/em><em><sup>.<\/sup>.<\/em> S<em>.<\/em><em><sup>.<\/sup>.<\/em> M<sup>GR<\/sup> LE DUC DE CHARTRES \/ LES PARQUES weave the weft of the days of S<em>.<\/em><em><sup>.<\/sup>.<\/em>G<em>.<\/em><em><sup>.<\/sup>.<\/em> MAITRE LOUIS PHILIPPE JOSEPH D\u2019ORLEANS DUC DE CHARTRES &#8230; Aesculapius removes the precious thread from Atropos\u2019 fatal scissors; Masonry watches its light about to slip away with dismay, while Hymen \u2013 seated on the attributes of the Arts, holding two crowns of myrtle, symbols of the birth of Princes M<sup>GR<\/sup> LE DUC DE VALOIS and M<sup>GR<\/sup> LE DUC DE MONTPENSIER in her arms \u2013 places two other wreaths woven with roses depicting the two newly born twin PRINCESSES \/on S.A.S\u2019s shield.<\/p>\n<p>His days spun by Felicity \/ Escaping the Scissors of Fate \/ PRESENTED TO HIS SERENE HIGHNESS AND DEDICATED TO ALL MM<em>.<\/em><em><sup>.<\/sup>. <\/em>RR<em>.<\/em><em><sup>.<\/sup>.<\/em> DE FRANCE. By Ch<sup>er<\/sup> P. de Berainville \/ <em>.<\/em><em><sup>.<\/sup>.<\/em> de la L<em>.<\/em><em><sup>.<\/sup>.<\/em> de THALIE \u00c0 l\u2019 O<em>.<\/em><em><sup>.<\/sup>.<\/em> of Paris.\u201d<\/p>\n<p>&nbsp;<\/p>\n<p>In September 1777, the Duc de Chartres became ill. The Freemasons celebrated his convalescence at the \u00e9glise des Cordeliers with a Te Deum set to music, an event reserved for those who could enter with \u201crecognisable signs\u201d. On this occasion, B\u00e9rainville takes the opportunity to produce a new vignette project that is not mentioned by Bachaumont.<\/p>\n<p>Bachaumont explains that on August 7th, 1777, the Freemasonry commissioned B\u00e9rainville &#8220;known for his genius for allegory&#8221; to produce an engraved allegory dedicated to the Duc de Chartres, relating to &#8220;the brothers of Naples\u2019 adventure and the happy outcome it made.\u201d This is probably the engraved medallion produced by chevalier de B\u00e9rainville on September 8th, 1777. Bachaumont comments that, &#8220;there is no doubt that this happy attempt will give chevalier de B\u00e9rainville the dignity of the medallist in charge of the mottos and inscriptions of the &#8216;order&#8217;.\u201d<\/p>\n<p>&nbsp;<\/p>\n<figure id=\"attachment_6339\" aria-describedby=\"caption-attachment-6339\" style=\"width: 218px\" class=\"wp-caption alignleft\"><a href=\"https:\/\/drawings-online.com\/wp-content\/uploads\/2022\/10\/DSC_4462.jpg\"><img loading=\"lazy\" decoding=\"async\" class=\"wp-image-6339 size-medium\" src=\"https:\/\/drawings-online.com\/wp-content\/uploads\/2022\/10\/DSC_4462-e1666696818682-218x300.jpg\" alt=\"\" width=\"218\" height=\"300\" srcset=\"https:\/\/drawings-online.com\/wp-content\/uploads\/2022\/10\/DSC_4462-e1666696818682-218x300.jpg 218w, https:\/\/drawings-online.com\/wp-content\/uploads\/2022\/10\/DSC_4462-e1666696818682-744x1024.jpg 744w, https:\/\/drawings-online.com\/wp-content\/uploads\/2022\/10\/DSC_4462-e1666696818682-768x1056.jpg 768w, https:\/\/drawings-online.com\/wp-content\/uploads\/2022\/10\/DSC_4462-e1666696818682-300x413.jpg 300w, https:\/\/drawings-online.com\/wp-content\/uploads\/2022\/10\/DSC_4462-e1666696818682-600x825.jpg 600w, https:\/\/drawings-online.com\/wp-content\/uploads\/2022\/10\/DSC_4462-e1666696818682.jpg 1020w\" sizes=\"auto, (max-width: 218px) 100vw, 218px\" \/><\/a><figcaption id=\"caption-attachment-6339\" class=\"wp-caption-text\">Gravure incluse dans l&#8217;emboitage<\/figcaption><\/figure>\n<p>Engraving &#8220;Le temple de l&#8217;Humanit\u00e9&#8221; included.<\/p>\n<p>&nbsp;<\/p>\n<p>Former magistrate and special lieutenant of water and forests, Person de B\u00e9rainville was also a writer and a member of several learned and Masonic societies. He was the author of many plays, lyrical dramas and comedies, such as <em>La tendresse villageoise<\/em> (<em>Village Tenderness<\/em>), performed during celebrations given for the birth of Madame Royale (1778) or <em>L\u2019\u00c9preuve du sentiment <\/em>or<em> les deux fr\u00e8res <\/em>(<em>The Trial of Sentiment<\/em> or <em>The Two Brothers<\/em>), performed at the Palais-Royal in March 1789. B\u00e9rainville was also the inventor of several machines that were exhibited at the <em>Salon du Museum <\/em>between 1792 and 1799, the operation of which he explains in <em>Recueil de m\u00e9canique relatifs \u00e0 l\u2019agriculture et aux<\/em> <em>arts<\/em> (<em>Mechanics Compendium Relating to Agriculture and the Arts<\/em>) in 1802. Louis Petit de Bachaumont mentions B\u00e9rainville several times in his <em>M\u00e9moires secrets pour servir \u00e0 l\u2019histoire de la r\u00e9publique des lettres en France<\/em> <em>(\u2026) <\/em>(<em>Secret Memoirs to serve the History of the Republic of Letters in France<\/em> (\u2026)) and presents him as an amateur courtier who regularly offered or presented verses and drawings: in June 1774, an allegorical medal on the new reign to the Duke of Aumont; in February 1775, a drawing addressing the return of Parliament to M. d&#8217;Aligre, &#8220;who received it with great honesty, but did not, in his reception, show all the enthusiasm that the circumstances required&#8221;; in 1776, an allegorical drawing celebrating the reign of Marie-Th\u00e9r\u00e8se of Austria in gratitude for which she would send him five medals from the imperial cabinet ; and finally, in 1777, a medal presenting the subject of the Queen of Naples protecting the Italian Freemasons.<\/p>\n","protected":false},"excerpt":{"rendered":"<p>Pierre Claude Person dit Person de B\u00e9rainville XVIIIe si\u00e8cle &nbsp; Project for a preparatory medallion: \u201cVotum unum per Orbem\u201d dedicated to the glory of Marie-Caroline of Austria, Queen of Naples. &nbsp; P Pen and brown ink with brown wash and white highlights; circular composition on a rectangular sheet framed within a double black line. Signed, [&hellip;]<\/p>\n","protected":false},"featured_media":6333,"template":"","meta":{"_themeisle_gutenberg_block_has_review":false},"product_brand":[],"product_cat":[78],"product_tag":[24,403,345,36,404,353,309,268,392,35],"class_list":{"0":"post-6324","1":"product","2":"type-product","3":"status-publish","4":"has-post-thumbnail","6":"product_cat-french-school","7":"product_tag-18th","8":"product_tag-dessin-grave","9":"product_tag-old-master-drawings","10":"product_tag-brown-ink","11":"product_tag-franc-maconnerie","12":"product_tag-gallery","13":"product_tag-illustration","14":"product_tag-medals","15":"product_tag-n13","16":"product_tag-pen","18":"first","19":"instock","20":"taxable","21":"shipping-taxable","22":"purchasable","23":"product-type-simple"},"yoast_head":"<!-- This site is optimized with the Yoast SEO plugin v27.4 - https:\/\/yoast.com\/product\/yoast-seo-wordpress\/ -->\n<title>Freemasonry, drawings and engravings by the Chevalier de B\u00e9rainville, 1777<\/title>\n<meta name=\"description\" content=\"Pierre Claude Person dit Person de B\u00e9rainville XVIIIe si\u00e8cle &nbsp; Project for a preparatory medallion: \u201cVotum unum per Orbem\u201d dedicated to the glory of Marie-Caroline of Austria, Queen of Naples. &nbsp; P Pen and brown ink with brown wash and white highlights; circular composition on a rectangular sheet framed within a double black line. Signed,&hellip;\" \/>\n<meta name=\"robots\" content=\"index, follow, max-snippet:-1, max-image-preview:large, max-video-preview:-1\" \/>\n<link rel=\"canonical\" href=\"\" \/>\n<meta property=\"og:locale\" content=\"en_US\" \/>\n<meta property=\"og:type\" content=\"article\" \/>\n<meta property=\"og:title\" content=\"Freemasonry, drawings and engravings by the Chevalier de B\u00e9rainville, 1777\" \/>\n<meta property=\"og:description\" content=\"Pierre Claude Person dit Person de B\u00e9rainville XVIIIe si\u00e8cle &nbsp; Project for a preparatory medallion: \u201cVotum unum per Orbem\u201d dedicated to the glory of Marie-Caroline of Austria, Queen of Naples. &nbsp; P Pen and brown ink with brown wash and white highlights; circular composition on a rectangular sheet framed within a double black line. Signed,&hellip;\" \/>\n<meta property=\"og:url\" content=\"https:\/\/drawings-online.com\/en\/product\/freemasonry-drawings-and-engravings-by-the-chevalier-de-berainville-1777\/\" \/>\n<meta property=\"og:site_name\" content=\"Drawings-online\" \/>\n<meta property=\"article:publisher\" content=\"https:\/\/www.facebook.com\/people\/Drawings-online\/100034942735866\/\" \/>\n<meta property=\"article:modified_time\" content=\"2024-03-05T13:49:14+00:00\" \/>\n<meta property=\"og:image\" content=\"https:\/\/drawings-online.com\/wp-content\/uploads\/2022\/10\/DSC_4469_1.png\" \/>\n\t<meta property=\"og:image:width\" content=\"1800\" \/>\n\t<meta property=\"og:image:height\" content=\"1800\" \/>\n\t<meta property=\"og:image:type\" content=\"image\/png\" \/>\n<meta name=\"twitter:card\" content=\"summary_large_image\" \/>\n<meta name=\"twitter:site\" content=\"@OnlineDrawings\" \/>\n<meta name=\"twitter:label1\" content=\"Est. reading time\" \/>\n\t<meta name=\"twitter:data1\" content=\"5 minutes\" \/>\n<script type=\"application\/ld+json\" class=\"yoast-schema-graph\">{\"@context\":\"https:\\\/\\\/schema.org\",\"@graph\":[{\"@type\":\"WebPage\",\"@id\":\"https:\\\/\\\/drawings-online.com\\\/en\\\/product\\\/freemasonry-drawings-and-engravings-by-the-chevalier-de-berainville-1777\\\/\",\"url\":\"https:\\\/\\\/drawings-online.com\\\/en\\\/product\\\/freemasonry-drawings-and-engravings-by-the-chevalier-de-berainville-1777\\\/\",\"name\":\"Franc-Ma\u00e7onnerie, dessins et gravures du Chevalier de B\u00e9rainville, 1777 - Drawings-online\",\"isPartOf\":{\"@id\":\"https:\\\/\\\/drawings-online.com\\\/#website\"},\"primaryImageOfPage\":{\"@id\":\"https:\\\/\\\/drawings-online.com\\\/en\\\/product\\\/freemasonry-drawings-and-engravings-by-the-chevalier-de-berainville-1777\\\/#primaryimage\"},\"image\":{\"@id\":\"https:\\\/\\\/drawings-online.com\\\/en\\\/product\\\/freemasonry-drawings-and-engravings-by-the-chevalier-de-berainville-1777\\\/#primaryimage\"},\"thumbnailUrl\":\"https:\\\/\\\/drawings-online.com\\\/wp-content\\\/uploads\\\/2022\\\/10\\\/DSC_4469_1.png\",\"datePublished\":\"2022-10-25T12:10:26+00:00\",\"dateModified\":\"2024-03-05T13:49:14+00:00\",\"breadcrumb\":{\"@id\":\"https:\\\/\\\/drawings-online.com\\\/en\\\/product\\\/freemasonry-drawings-and-engravings-by-the-chevalier-de-berainville-1777\\\/#breadcrumb\"},\"inLanguage\":\"en-US\",\"potentialAction\":[{\"@type\":\"ReadAction\",\"target\":[\"https:\\\/\\\/drawings-online.com\\\/en\\\/product\\\/freemasonry-drawings-and-engravings-by-the-chevalier-de-berainville-1777\\\/\"]}]},{\"@type\":\"ImageObject\",\"inLanguage\":\"en-US\",\"@id\":\"https:\\\/\\\/drawings-online.com\\\/en\\\/product\\\/freemasonry-drawings-and-engravings-by-the-chevalier-de-berainville-1777\\\/#primaryimage\",\"url\":\"https:\\\/\\\/drawings-online.com\\\/wp-content\\\/uploads\\\/2022\\\/10\\\/DSC_4469_1.png\",\"contentUrl\":\"https:\\\/\\\/drawings-online.com\\\/wp-content\\\/uploads\\\/2022\\\/10\\\/DSC_4469_1.png\",\"width\":1800,\"height\":1800},{\"@type\":\"BreadcrumbList\",\"@id\":\"https:\\\/\\\/drawings-online.com\\\/en\\\/product\\\/freemasonry-drawings-and-engravings-by-the-chevalier-de-berainville-1777\\\/#breadcrumb\",\"itemListElement\":[{\"@type\":\"ListItem\",\"position\":1,\"name\":\"Works available\",\"item\":\"https:\\\/\\\/drawings-online.com\\\/\"},{\"@type\":\"ListItem\",\"position\":2,\"name\":\"Gallery\",\"item\":\"https:\\\/\\\/drawings-online.com\\\/galerie\\\/\"},{\"@type\":\"ListItem\",\"position\":3,\"name\":\"18e\",\"item\":\"https:\\\/\\\/drawings-online.com\\\/product_tag\\\/18e\\\/\"},{\"@type\":\"ListItem\",\"position\":4,\"name\":\"Freemasonry, drawings and engravings by the Chevalier de B\u00e9rainville, 1777\"}]},{\"@type\":\"WebSite\",\"@id\":\"https:\\\/\\\/drawings-online.com\\\/en\\\/#website\",\"url\":\"https:\\\/\\\/drawings-online.com\\\/en\\\/\",\"name\":\"Drawings-online\",\"description\":\"Dessins en ligne\",\"publisher\":{\"@id\":\"https:\\\/\\\/drawings-online.com\\\/en\\\/#organization\"},\"potentialAction\":[{\"@type\":\"SearchAction\",\"target\":{\"@type\":\"EntryPoint\",\"urlTemplate\":\"https:\\\/\\\/drawings-online.com\\\/en\\\/?s={search_term_string}\"},\"query-input\":{\"@type\":\"PropertyValueSpecification\",\"valueRequired\":true,\"valueName\":\"search_term_string\"}}],\"inLanguage\":\"en-US\"},{\"@type\":\"Organization\",\"@id\":\"https:\\\/\\\/drawings-online.com\\\/en\\\/#organization\",\"name\":\"Drawings-online\",\"url\":\"https:\\\/\\\/drawings-online.com\\\/en\\\/\",\"logo\":{\"@type\":\"ImageObject\",\"inLanguage\":\"en-US\",\"@id\":\"https:\\\/\\\/drawings-online.com\\\/en\\\/#\\\/schema\\\/logo\\\/image\\\/\",\"url\":\"https:\\\/\\\/drawings-online.com\\\/wp-content\\\/uploads\\\/2020\\\/12\\\/drawings-icone-transp-e1607442878135.png\",\"contentUrl\":\"https:\\\/\\\/drawings-online.com\\\/wp-content\\\/uploads\\\/2020\\\/12\\\/drawings-icone-transp-e1607442878135.png\",\"width\":150,\"height\":150,\"caption\":\"Drawings-online\"},\"image\":{\"@id\":\"https:\\\/\\\/drawings-online.com\\\/en\\\/#\\\/schema\\\/logo\\\/image\\\/\"},\"sameAs\":[\"https:\\\/\\\/www.facebook.com\\\/people\\\/Drawings-online\\\/100034942735866\\\/\",\"https:\\\/\\\/x.com\\\/OnlineDrawings\",\"https:\\\/\\\/www.instagram.com\\\/drawings_online_com\\\/\"]}]}<\/script>\n<!-- \/ Yoast SEO plugin. -->","yoast_head_json":{"title":"Freemasonry, drawings and engravings by the Chevalier de B\u00e9rainville, 1777","description":"Pierre Claude Person dit Person de B\u00e9rainville XVIIIe si\u00e8cle &nbsp; Project for a preparatory medallion: \u201cVotum unum per Orbem\u201d dedicated to the glory of Marie-Caroline of Austria, Queen of Naples. &nbsp; P Pen and brown ink with brown wash and white highlights; circular composition on a rectangular sheet framed within a double black line. Signed,&hellip;","robots":{"index":"index","follow":"follow","max-snippet":"max-snippet:-1","max-image-preview":"max-image-preview:large","max-video-preview":"max-video-preview:-1"},"canonical":"Pierre Claude Person dit Person de B\u00e9rainville XVIIIe si\u00e8cle &nbsp; Project for a preparatory medallion: \u201cVotum unum per Orbem\u201d dedicated to the glory of Marie-Caroline of Austria, Queen of Naples. &nbsp; P Pen and brown ink with brown wash and white highlights; circular composition on a rectangular sheet framed within a double black line. Signed,&hellip;","og_locale":"en_US","og_type":"article","og_title":"Freemasonry, drawings and engravings by the Chevalier de B\u00e9rainville, 1777","og_description":"Pierre Claude Person dit Person de B\u00e9rainville XVIIIe si\u00e8cle &nbsp; Project for a preparatory medallion: \u201cVotum unum per Orbem\u201d dedicated to the glory of Marie-Caroline of Austria, Queen of Naples. &nbsp; P Pen and brown ink with brown wash and white highlights; circular composition on a rectangular sheet framed within a double black line. Signed,&hellip;","og_url":"https:\/\/drawings-online.com\/en\/product\/freemasonry-drawings-and-engravings-by-the-chevalier-de-berainville-1777\/","og_site_name":"Drawings-online","article_publisher":"https:\/\/www.facebook.com\/people\/Drawings-online\/100034942735866\/","article_modified_time":"2024-03-05T13:49:14+00:00","og_image":[{"width":1800,"height":1800,"url":"https:\/\/drawings-online.com\/wp-content\/uploads\/2022\/10\/DSC_4469_1.png","type":"image\/png"}],"twitter_card":"summary_large_image","twitter_site":"@OnlineDrawings","twitter_misc":{"Est. reading time":"5 minutes"},"schema":{"@context":"https:\/\/schema.org","@graph":[{"@type":"WebPage","@id":"https:\/\/drawings-online.com\/en\/product\/freemasonry-drawings-and-engravings-by-the-chevalier-de-berainville-1777\/","url":"https:\/\/drawings-online.com\/en\/product\/freemasonry-drawings-and-engravings-by-the-chevalier-de-berainville-1777\/","name":"Franc-Ma\u00e7onnerie, dessins et gravures du Chevalier de B\u00e9rainville, 1777 - Drawings-online","isPartOf":{"@id":"https:\/\/drawings-online.com\/#website"},"primaryImageOfPage":{"@id":"https:\/\/drawings-online.com\/en\/product\/freemasonry-drawings-and-engravings-by-the-chevalier-de-berainville-1777\/#primaryimage"},"image":{"@id":"https:\/\/drawings-online.com\/en\/product\/freemasonry-drawings-and-engravings-by-the-chevalier-de-berainville-1777\/#primaryimage"},"thumbnailUrl":"https:\/\/drawings-online.com\/wp-content\/uploads\/2022\/10\/DSC_4469_1.png","datePublished":"2022-10-25T12:10:26+00:00","dateModified":"2024-03-05T13:49:14+00:00","breadcrumb":{"@id":"https:\/\/drawings-online.com\/en\/product\/freemasonry-drawings-and-engravings-by-the-chevalier-de-berainville-1777\/#breadcrumb"},"inLanguage":"en-US","potentialAction":[{"@type":"ReadAction","target":["https:\/\/drawings-online.com\/en\/product\/freemasonry-drawings-and-engravings-by-the-chevalier-de-berainville-1777\/"]}]},{"@type":"ImageObject","inLanguage":"en-US","@id":"https:\/\/drawings-online.com\/en\/product\/freemasonry-drawings-and-engravings-by-the-chevalier-de-berainville-1777\/#primaryimage","url":"https:\/\/drawings-online.com\/wp-content\/uploads\/2022\/10\/DSC_4469_1.png","contentUrl":"https:\/\/drawings-online.com\/wp-content\/uploads\/2022\/10\/DSC_4469_1.png","width":1800,"height":1800},{"@type":"BreadcrumbList","@id":"https:\/\/drawings-online.com\/en\/product\/freemasonry-drawings-and-engravings-by-the-chevalier-de-berainville-1777\/#breadcrumb","itemListElement":[{"@type":"ListItem","position":1,"name":"Works available","item":"https:\/\/drawings-online.com\/"},{"@type":"ListItem","position":2,"name":"Gallery","item":"https:\/\/drawings-online.com\/galerie\/"},{"@type":"ListItem","position":3,"name":"18e","item":"https:\/\/drawings-online.com\/product_tag\/18e\/"},{"@type":"ListItem","position":4,"name":"Freemasonry, drawings and engravings by the Chevalier de B\u00e9rainville, 1777"}]},{"@type":"WebSite","@id":"https:\/\/drawings-online.com\/en\/#website","url":"https:\/\/drawings-online.com\/en\/","name":"Drawings-online","description":"Dessins en ligne","publisher":{"@id":"https:\/\/drawings-online.com\/en\/#organization"},"potentialAction":[{"@type":"SearchAction","target":{"@type":"EntryPoint","urlTemplate":"https:\/\/drawings-online.com\/en\/?s={search_term_string}"},"query-input":{"@type":"PropertyValueSpecification","valueRequired":true,"valueName":"search_term_string"}}],"inLanguage":"en-US"},{"@type":"Organization","@id":"https:\/\/drawings-online.com\/en\/#organization","name":"Drawings-online","url":"https:\/\/drawings-online.com\/en\/","logo":{"@type":"ImageObject","inLanguage":"en-US","@id":"https:\/\/drawings-online.com\/en\/#\/schema\/logo\/image\/","url":"https:\/\/drawings-online.com\/wp-content\/uploads\/2020\/12\/drawings-icone-transp-e1607442878135.png","contentUrl":"https:\/\/drawings-online.com\/wp-content\/uploads\/2020\/12\/drawings-icone-transp-e1607442878135.png","width":150,"height":150,"caption":"Drawings-online"},"image":{"@id":"https:\/\/drawings-online.com\/en\/#\/schema\/logo\/image\/"},"sameAs":["https:\/\/www.facebook.com\/people\/Drawings-online\/100034942735866\/","https:\/\/x.com\/OnlineDrawings","https:\/\/www.instagram.com\/drawings_online_com\/"]}]}},"jetpack_sharing_enabled":true,"_links":{"self":[{"href":"https:\/\/drawings-online.com\/en\/wp-json\/wp\/v2\/product\/6324","targetHints":{"allow":["GET"]}}],"collection":[{"href":"https:\/\/drawings-online.com\/en\/wp-json\/wp\/v2\/product"}],"about":[{"href":"https:\/\/drawings-online.com\/en\/wp-json\/wp\/v2\/types\/product"}],"wp:featuredmedia":[{"embeddable":true,"href":"https:\/\/drawings-online.com\/en\/wp-json\/wp\/v2\/media\/6333"}],"wp:attachment":[{"href":"https:\/\/drawings-online.com\/en\/wp-json\/wp\/v2\/media?parent=6324"}],"wp:term":[{"taxonomy":"product_brand","embeddable":true,"href":"https:\/\/drawings-online.com\/en\/wp-json\/wp\/v2\/product_brand?post=6324"},{"taxonomy":"product_cat","embeddable":true,"href":"https:\/\/drawings-online.com\/en\/wp-json\/wp\/v2\/product_cat?post=6324"},{"taxonomy":"product_tag","embeddable":true,"href":"https:\/\/drawings-online.com\/en\/wp-json\/wp\/v2\/product_tag?post=6324"}],"curies":[{"name":"wp","href":"https:\/\/api.w.org\/{rel}","templated":true}]}}