{"id":6318,"date":"2022-10-25T13:50:48","date_gmt":"2022-10-25T11:50:48","guid":{"rendered":"https:\/\/drawings-online.com\/product\/\/"},"modified":"2024-03-05T14:49:21","modified_gmt":"2024-03-05T13:49:21","slug":"illustration-pour-daphnis-et-chloe-par-alexandre-joseph-desenne","status":"publish","type":"product","link":"https:\/\/drawings-online.com\/en\/product\/illustration-for-daphnis-and-chloe-by-alexandre-joseph-desenne\/","title":{"rendered":"illustration for Daphnis and Chloe by Alexandre-Joseph Desenne"},"content":{"rendered":"<p><strong>Alexandre-Joseph Desenne<\/strong><\/p>\n<p>Paris 1785 \u2013 1825<\/p>\n<p>&nbsp;<\/p>\n<p><a href=\"https:\/\/drawings-online.com\/wp-content\/uploads\/2022\/10\/DSC_4471.jpg\"><img loading=\"lazy\" decoding=\"async\" class=\"size-medium wp-image-6319 alignleft\" src=\"https:\/\/drawings-online.com\/wp-content\/uploads\/2022\/10\/DSC_4471-218x300.jpg\" alt=\"\" width=\"218\" height=\"300\" srcset=\"https:\/\/drawings-online.com\/wp-content\/uploads\/2022\/10\/DSC_4471-218x300.jpg 218w, https:\/\/drawings-online.com\/wp-content\/uploads\/2022\/10\/DSC_4471-744x1024.jpg 744w, https:\/\/drawings-online.com\/wp-content\/uploads\/2022\/10\/DSC_4471-768x1057.jpg 768w, https:\/\/drawings-online.com\/wp-content\/uploads\/2022\/10\/DSC_4471-1116x1536.jpg 1116w, https:\/\/drawings-online.com\/wp-content\/uploads\/2022\/10\/DSC_4471-300x413.jpg 300w, https:\/\/drawings-online.com\/wp-content\/uploads\/2022\/10\/DSC_4471-600x826.jpg 600w, https:\/\/drawings-online.com\/wp-content\/uploads\/2022\/10\/DSC_4471.jpg 1234w\" sizes=\"auto, (max-width: 218px) 100vw, 218px\" \/><\/a><\/p>\n<p><strong><em>Daphnis et Chlo\u00e9&nbsp;<\/em><\/strong><\/p>\n<p>Pen and brown ink. Inscribed with pencil <em>A. Desenne<\/em> on the verso.<\/p>\n<p>73 x 51 mm &#8211; 2 7\/8 x 2 1\/64<\/p>\n<p>With the engraving by Dortman.<\/p>\n<p>&nbsp;<\/p>\n<p>This small but very refine little drawing is probably preparatory to an illustration for <em>Daphnis and Chloe<\/em>, an ancient Greek novel attributed to Longus (second or third century AD), which describes the progress of love between a young boy and girl who, both abandoned at birth and adopted by shepherds, finally turn out to be of noble origin. The novel was widely known by the 17<sup>th<\/sup> century and was translated many times during the 18<sup>th<\/sup> century, inspiring and nurturing the genre of pastoral novel. The story was also adapted for ballet by composer Maurice Ravel and choreographer Michel Fokine in 1912, by Jean-Claude Gallotta in 1982 and, even more recently in 2014, by Benjamin Millepied.<\/p>\n<p>&nbsp;<\/p>\n<p>Son of a bookseller, Alexandre Joseph Desenne was a self-taught draughtsman who specialized in books illustration. The author of numerous vignettes for Voltaire, Rousseau Moli\u00e8re, Boileau, Bernardin de Saint-Pierre, Walter-Scott, Lamartine, Cervantes, Chateaubriand, Camo\u00ebns, he was also a painter.<\/p>\n<p>The Comte de la Bedoy\u00e8re owned many of Desenne\u2019s drawings, notably the ones preparing the illustrations of <em>Lettres \u00e0 \u00c9milie<\/em> (Demoustier, 1792), <em>Manon Lescault<\/em> (Abb\u00e9 Pr\u00e9vost, 1818 edition) and <em>Les Oeuvres de Moli\u00e8re<\/em> (Paris 1822). He also possessed a great number of Desenne\u2019s engraved vignettes for various books.<\/p>\n","protected":false},"excerpt":{"rendered":"<p>Alexandre-Joseph Desenne Paris 1785 \u2013 1825 &nbsp; Daphnis et Chlo\u00e9&nbsp; Pen and brown ink. Inscribed with pencil A. Desenne on the verso. 73 x 51 mm &#8211; 2 7\/8 x 2 1\/64 With the engraving by Dortman. &nbsp; This small but very refine little drawing is probably preparatory to an illustration for Daphnis and Chloe, [&hellip;]<\/p>\n","protected":false},"featured_media":6320,"template":"","meta":{"_themeisle_gutenberg_block_has_review":false},"product_brand":[],"product_cat":[78],"product_tag":[24,37,403,346,36,353,309,39,392,232],"class_list":{"0":"post-6318","1":"product","2":"type-product","3":"status-publish","4":"has-post-thumbnail","6":"product_cat-french-school","7":"product_tag-18th","8":"product_tag-19th","9":"product_tag-dessin-grave","10":"product_tag-19th-century-drawings","11":"product_tag-brown-ink","12":"product_tag-gallery","13":"product_tag-illustration","14":"product_tag-brown-wash","15":"product_tag-n13","16":"product_tag-theater","18":"first","19":"instock","20":"taxable","21":"shipping-taxable","22":"purchasable","23":"product-type-simple"},"yoast_head":"<!-- This site is optimized with the Yoast SEO plugin v27.4 - https:\/\/yoast.com\/product\/yoast-seo-wordpress\/ -->\n<title>illustration for Daphnis and Chloe by Alexandre-Joseph Desenne<\/title>\n<meta name=\"description\" content=\"Alexandre-Joseph Desenne Paris 1785 \u2013 1825 &nbsp; Daphnis et Chlo\u00e9&nbsp; Pen and brown ink. Inscribed with pencil A. Desenne on the verso. 73 x 51 mm - 2 7\/8 x 2 1\/64 With the engraving by Dortman. &nbsp; This small but very refine little drawing is probably preparatory to an illustration for Daphnis and Chloe,&hellip;\" \/>\n<meta name=\"robots\" content=\"index, follow, max-snippet:-1, max-image-preview:large, max-video-preview:-1\" \/>\n<link rel=\"canonical\" href=\"http:\/\/Alexandre-Joseph%20Desenne%20Paris%201785%20\u2013%201825%20&nbsp;%20Daphnis%20et%20Chlo\u00e9&nbsp;%20Pen%20and%20brown%20ink.%20Inscribed%20with%20pencil%20A.%20Desenne%20on%20the%20verso.%2073%20x%2051%20mm%20-%202%207\/8%20x%202%201\/64%20With%20the%20engraving%20by%20Dortman.%20&nbsp;%20This%20small%20but%20very%20refine%20little%20drawing%20is%20probably%20preparatory%20to%20an%20illustration%20for%20Daphnis%20and%20Chloe,&hellip;\" \/>\n<meta property=\"og:locale\" content=\"en_US\" \/>\n<meta property=\"og:type\" content=\"article\" \/>\n<meta property=\"og:title\" content=\"illustration for Daphnis and Chloe by Alexandre-Joseph Desenne\" \/>\n<meta property=\"og:description\" content=\"Alexandre-Joseph Desenne Paris 1785 \u2013 1825 &nbsp; Daphnis et Chlo\u00e9&nbsp; Pen and brown ink. Inscribed with pencil A. Desenne on the verso. 73 x 51 mm - 2 7\/8 x 2 1\/64 With the engraving by Dortman. &nbsp; This small but very refine little drawing is probably preparatory to an illustration for Daphnis and Chloe,&hellip;\" \/>\n<meta property=\"og:url\" content=\"https:\/\/drawings-online.com\/en\/product\/illustration-for-daphnis-and-chloe-by-alexandre-joseph-desenne\/\" \/>\n<meta property=\"og:site_name\" content=\"Drawings-online\" \/>\n<meta property=\"article:publisher\" content=\"https:\/\/www.facebook.com\/people\/Drawings-online\/100034942735866\/\" \/>\n<meta property=\"article:modified_time\" content=\"2024-03-05T13:49:21+00:00\" \/>\n<meta property=\"og:image\" content=\"https:\/\/drawings-online.com\/wp-content\/uploads\/2022\/10\/DSC_4470_1-1024x1024.png\" \/>\n\t<meta property=\"og:image:width\" content=\"1024\" \/>\n\t<meta property=\"og:image:height\" content=\"1024\" \/>\n\t<meta property=\"og:image:type\" content=\"image\/png\" \/>\n<meta name=\"twitter:card\" content=\"summary_large_image\" \/>\n<meta name=\"twitter:site\" content=\"@OnlineDrawings\" \/>\n<meta name=\"twitter:label1\" content=\"Est. reading time\" \/>\n\t<meta name=\"twitter:data1\" content=\"1 minute\" \/>\n<script type=\"application\/ld+json\" class=\"yoast-schema-graph\">{\"@context\":\"https:\\\/\\\/schema.org\",\"@graph\":[{\"@type\":\"WebPage\",\"@id\":\"https:\\\/\\\/drawings-online.com\\\/en\\\/product\\\/illustration-for-daphnis-and-chloe-by-alexandre-joseph-desenne\\\/\",\"url\":\"https:\\\/\\\/drawings-online.com\\\/en\\\/product\\\/illustration-for-daphnis-and-chloe-by-alexandre-joseph-desenne\\\/\",\"name\":\"Illustration pour Daphnis et Chlo\u00e9 par Alexandre-Joseph Desenne - Drawings-online\",\"isPartOf\":{\"@id\":\"https:\\\/\\\/drawings-online.com\\\/#website\"},\"primaryImageOfPage\":{\"@id\":\"https:\\\/\\\/drawings-online.com\\\/en\\\/product\\\/illustration-for-daphnis-and-chloe-by-alexandre-joseph-desenne\\\/#primaryimage\"},\"image\":{\"@id\":\"https:\\\/\\\/drawings-online.com\\\/en\\\/product\\\/illustration-for-daphnis-and-chloe-by-alexandre-joseph-desenne\\\/#primaryimage\"},\"thumbnailUrl\":\"https:\\\/\\\/drawings-online.com\\\/wp-content\\\/uploads\\\/2022\\\/10\\\/DSC_4470_1.png\",\"datePublished\":\"2022-10-25T11:50:48+00:00\",\"dateModified\":\"2024-03-05T13:49:21+00:00\",\"breadcrumb\":{\"@id\":\"https:\\\/\\\/drawings-online.com\\\/en\\\/product\\\/illustration-for-daphnis-and-chloe-by-alexandre-joseph-desenne\\\/#breadcrumb\"},\"inLanguage\":\"en-US\",\"potentialAction\":[{\"@type\":\"ReadAction\",\"target\":[\"https:\\\/\\\/drawings-online.com\\\/en\\\/product\\\/illustration-for-daphnis-and-chloe-by-alexandre-joseph-desenne\\\/\"]}]},{\"@type\":\"ImageObject\",\"inLanguage\":\"en-US\",\"@id\":\"https:\\\/\\\/drawings-online.com\\\/en\\\/product\\\/illustration-for-daphnis-and-chloe-by-alexandre-joseph-desenne\\\/#primaryimage\",\"url\":\"https:\\\/\\\/drawings-online.com\\\/wp-content\\\/uploads\\\/2022\\\/10\\\/DSC_4470_1.png\",\"contentUrl\":\"https:\\\/\\\/drawings-online.com\\\/wp-content\\\/uploads\\\/2022\\\/10\\\/DSC_4470_1.png\",\"width\":1800,\"height\":1800},{\"@type\":\"BreadcrumbList\",\"@id\":\"https:\\\/\\\/drawings-online.com\\\/en\\\/product\\\/illustration-for-daphnis-and-chloe-by-alexandre-joseph-desenne\\\/#breadcrumb\",\"itemListElement\":[{\"@type\":\"ListItem\",\"position\":1,\"name\":\"Works available\",\"item\":\"https:\\\/\\\/drawings-online.com\\\/\"},{\"@type\":\"ListItem\",\"position\":2,\"name\":\"Gallery\",\"item\":\"https:\\\/\\\/drawings-online.com\\\/galerie\\\/\"},{\"@type\":\"ListItem\",\"position\":3,\"name\":\"18e\",\"item\":\"https:\\\/\\\/drawings-online.com\\\/product_tag\\\/18e\\\/\"},{\"@type\":\"ListItem\",\"position\":4,\"name\":\"illustration for Daphnis and Chloe by Alexandre-Joseph Desenne\"}]},{\"@type\":\"WebSite\",\"@id\":\"https:\\\/\\\/drawings-online.com\\\/en\\\/#website\",\"url\":\"https:\\\/\\\/drawings-online.com\\\/en\\\/\",\"name\":\"Drawings-online\",\"description\":\"Dessins en ligne\",\"publisher\":{\"@id\":\"https:\\\/\\\/drawings-online.com\\\/en\\\/#organization\"},\"potentialAction\":[{\"@type\":\"SearchAction\",\"target\":{\"@type\":\"EntryPoint\",\"urlTemplate\":\"https:\\\/\\\/drawings-online.com\\\/en\\\/?s={search_term_string}\"},\"query-input\":{\"@type\":\"PropertyValueSpecification\",\"valueRequired\":true,\"valueName\":\"search_term_string\"}}],\"inLanguage\":\"en-US\"},{\"@type\":\"Organization\",\"@id\":\"https:\\\/\\\/drawings-online.com\\\/en\\\/#organization\",\"name\":\"Drawings-online\",\"url\":\"https:\\\/\\\/drawings-online.com\\\/en\\\/\",\"logo\":{\"@type\":\"ImageObject\",\"inLanguage\":\"en-US\",\"@id\":\"https:\\\/\\\/drawings-online.com\\\/en\\\/#\\\/schema\\\/logo\\\/image\\\/\",\"url\":\"https:\\\/\\\/drawings-online.com\\\/wp-content\\\/uploads\\\/2020\\\/12\\\/drawings-icone-transp-e1607442878135.png\",\"contentUrl\":\"https:\\\/\\\/drawings-online.com\\\/wp-content\\\/uploads\\\/2020\\\/12\\\/drawings-icone-transp-e1607442878135.png\",\"width\":150,\"height\":150,\"caption\":\"Drawings-online\"},\"image\":{\"@id\":\"https:\\\/\\\/drawings-online.com\\\/en\\\/#\\\/schema\\\/logo\\\/image\\\/\"},\"sameAs\":[\"https:\\\/\\\/www.facebook.com\\\/people\\\/Drawings-online\\\/100034942735866\\\/\",\"https:\\\/\\\/x.com\\\/OnlineDrawings\",\"https:\\\/\\\/www.instagram.com\\\/drawings_online_com\\\/\"]}]}<\/script>\n<!-- \/ Yoast SEO plugin. -->","yoast_head_json":{"title":"illustration for Daphnis and Chloe by Alexandre-Joseph Desenne","description":"Alexandre-Joseph Desenne Paris 1785 \u2013 1825 &nbsp; Daphnis et Chlo\u00e9&nbsp; Pen and brown ink. Inscribed with pencil A. Desenne on the verso. 73 x 51 mm - 2 7\/8 x 2 1\/64 With the engraving by Dortman. &nbsp; This small but very refine little drawing is probably preparatory to an illustration for Daphnis and Chloe,&hellip;","robots":{"index":"index","follow":"follow","max-snippet":"max-snippet:-1","max-image-preview":"max-image-preview:large","max-video-preview":"max-video-preview:-1"},"canonical":"Alexandre-Joseph Desenne Paris 1785 \u2013 1825 &nbsp; Daphnis et Chlo\u00e9&nbsp; Pen and brown ink. Inscribed with pencil A. Desenne on the verso. 73 x 51 mm - 2 7\/8 x 2 1\/64 With the engraving by Dortman. &nbsp; This small but very refine little drawing is probably preparatory to an illustration for Daphnis and Chloe,&hellip;","og_locale":"en_US","og_type":"article","og_title":"illustration for Daphnis and Chloe by Alexandre-Joseph Desenne","og_description":"Alexandre-Joseph Desenne Paris 1785 \u2013 1825 &nbsp; Daphnis et Chlo\u00e9&nbsp; Pen and brown ink. Inscribed with pencil A. Desenne on the verso. 73 x 51 mm - 2 7\/8 x 2 1\/64 With the engraving by Dortman. &nbsp; This small but very refine little drawing is probably preparatory to an illustration for Daphnis and Chloe,&hellip;","og_url":"https:\/\/drawings-online.com\/en\/product\/illustration-for-daphnis-and-chloe-by-alexandre-joseph-desenne\/","og_site_name":"Drawings-online","article_publisher":"https:\/\/www.facebook.com\/people\/Drawings-online\/100034942735866\/","article_modified_time":"2024-03-05T13:49:21+00:00","og_image":[{"width":1024,"height":1024,"url":"https:\/\/drawings-online.com\/wp-content\/uploads\/2022\/10\/DSC_4470_1-1024x1024.png","type":"image\/png"}],"twitter_card":"summary_large_image","twitter_site":"@OnlineDrawings","twitter_misc":{"Est. reading time":"1 minute"},"schema":{"@context":"https:\/\/schema.org","@graph":[{"@type":"WebPage","@id":"https:\/\/drawings-online.com\/en\/product\/illustration-for-daphnis-and-chloe-by-alexandre-joseph-desenne\/","url":"https:\/\/drawings-online.com\/en\/product\/illustration-for-daphnis-and-chloe-by-alexandre-joseph-desenne\/","name":"Illustration pour Daphnis et Chlo\u00e9 par Alexandre-Joseph Desenne - Drawings-online","isPartOf":{"@id":"https:\/\/drawings-online.com\/#website"},"primaryImageOfPage":{"@id":"https:\/\/drawings-online.com\/en\/product\/illustration-for-daphnis-and-chloe-by-alexandre-joseph-desenne\/#primaryimage"},"image":{"@id":"https:\/\/drawings-online.com\/en\/product\/illustration-for-daphnis-and-chloe-by-alexandre-joseph-desenne\/#primaryimage"},"thumbnailUrl":"https:\/\/drawings-online.com\/wp-content\/uploads\/2022\/10\/DSC_4470_1.png","datePublished":"2022-10-25T11:50:48+00:00","dateModified":"2024-03-05T13:49:21+00:00","breadcrumb":{"@id":"https:\/\/drawings-online.com\/en\/product\/illustration-for-daphnis-and-chloe-by-alexandre-joseph-desenne\/#breadcrumb"},"inLanguage":"en-US","potentialAction":[{"@type":"ReadAction","target":["https:\/\/drawings-online.com\/en\/product\/illustration-for-daphnis-and-chloe-by-alexandre-joseph-desenne\/"]}]},{"@type":"ImageObject","inLanguage":"en-US","@id":"https:\/\/drawings-online.com\/en\/product\/illustration-for-daphnis-and-chloe-by-alexandre-joseph-desenne\/#primaryimage","url":"https:\/\/drawings-online.com\/wp-content\/uploads\/2022\/10\/DSC_4470_1.png","contentUrl":"https:\/\/drawings-online.com\/wp-content\/uploads\/2022\/10\/DSC_4470_1.png","width":1800,"height":1800},{"@type":"BreadcrumbList","@id":"https:\/\/drawings-online.com\/en\/product\/illustration-for-daphnis-and-chloe-by-alexandre-joseph-desenne\/#breadcrumb","itemListElement":[{"@type":"ListItem","position":1,"name":"Works available","item":"https:\/\/drawings-online.com\/"},{"@type":"ListItem","position":2,"name":"Gallery","item":"https:\/\/drawings-online.com\/galerie\/"},{"@type":"ListItem","position":3,"name":"18e","item":"https:\/\/drawings-online.com\/product_tag\/18e\/"},{"@type":"ListItem","position":4,"name":"illustration for Daphnis and Chloe by Alexandre-Joseph Desenne"}]},{"@type":"WebSite","@id":"https:\/\/drawings-online.com\/en\/#website","url":"https:\/\/drawings-online.com\/en\/","name":"Drawings-online","description":"Dessins en ligne","publisher":{"@id":"https:\/\/drawings-online.com\/en\/#organization"},"potentialAction":[{"@type":"SearchAction","target":{"@type":"EntryPoint","urlTemplate":"https:\/\/drawings-online.com\/en\/?s={search_term_string}"},"query-input":{"@type":"PropertyValueSpecification","valueRequired":true,"valueName":"search_term_string"}}],"inLanguage":"en-US"},{"@type":"Organization","@id":"https:\/\/drawings-online.com\/en\/#organization","name":"Drawings-online","url":"https:\/\/drawings-online.com\/en\/","logo":{"@type":"ImageObject","inLanguage":"en-US","@id":"https:\/\/drawings-online.com\/en\/#\/schema\/logo\/image\/","url":"https:\/\/drawings-online.com\/wp-content\/uploads\/2020\/12\/drawings-icone-transp-e1607442878135.png","contentUrl":"https:\/\/drawings-online.com\/wp-content\/uploads\/2020\/12\/drawings-icone-transp-e1607442878135.png","width":150,"height":150,"caption":"Drawings-online"},"image":{"@id":"https:\/\/drawings-online.com\/en\/#\/schema\/logo\/image\/"},"sameAs":["https:\/\/www.facebook.com\/people\/Drawings-online\/100034942735866\/","https:\/\/x.com\/OnlineDrawings","https:\/\/www.instagram.com\/drawings_online_com\/"]}]}},"jetpack_sharing_enabled":true,"_links":{"self":[{"href":"https:\/\/drawings-online.com\/en\/wp-json\/wp\/v2\/product\/6318","targetHints":{"allow":["GET"]}}],"collection":[{"href":"https:\/\/drawings-online.com\/en\/wp-json\/wp\/v2\/product"}],"about":[{"href":"https:\/\/drawings-online.com\/en\/wp-json\/wp\/v2\/types\/product"}],"wp:featuredmedia":[{"embeddable":true,"href":"https:\/\/drawings-online.com\/en\/wp-json\/wp\/v2\/media\/6320"}],"wp:attachment":[{"href":"https:\/\/drawings-online.com\/en\/wp-json\/wp\/v2\/media?parent=6318"}],"wp:term":[{"taxonomy":"product_brand","embeddable":true,"href":"https:\/\/drawings-online.com\/en\/wp-json\/wp\/v2\/product_brand?post=6318"},{"taxonomy":"product_cat","embeddable":true,"href":"https:\/\/drawings-online.com\/en\/wp-json\/wp\/v2\/product_cat?post=6318"},{"taxonomy":"product_tag","embeddable":true,"href":"https:\/\/drawings-online.com\/en\/wp-json\/wp\/v2\/product_tag?post=6318"}],"curies":[{"name":"wp","href":"https:\/\/api.w.org\/{rel}","templated":true}]}}