{"id":6305,"date":"2022-10-25T13:30:03","date_gmt":"2022-10-25T11:30:03","guid":{"rendered":"https:\/\/drawings-online.com\/product\/\/"},"modified":"2024-03-05T14:49:35","modified_gmt":"2024-03-05T13:49:35","slug":"trois-projets-dillustrations-pour-aline-reine-de-golconde-par-alexandre-joseph-desenne","status":"publish","type":"product","link":"https:\/\/drawings-online.com\/en\/product\/three-vignettes-for-the-illustration-of-aline-reine-de-golconde-by-alexandre-joseph-desenne\/","title":{"rendered":"three vignettes for the illustration of Aline, reine de Golconde by Alexandre-Joseph Desenne"},"content":{"rendered":"<p><strong>Alexandre-Joseph Desenne<\/strong><\/p>\n<p>Paris 1785 \u2013 1825<\/p>\n<p>&nbsp;<\/p>\n<p><a href=\"https:\/\/drawings-online.com\/wp-content\/uploads\/2022\/10\/DSC_4460.png\"><img loading=\"lazy\" decoding=\"async\" class=\"alignleft wp-image-6316 size-medium\" src=\"https:\/\/drawings-online.com\/wp-content\/uploads\/2022\/10\/DSC_4460-e1666691472405-230x300.png\" alt=\"\" width=\"230\" height=\"300\" srcset=\"https:\/\/drawings-online.com\/wp-content\/uploads\/2022\/10\/DSC_4460-e1666691472405-230x300.png 230w, https:\/\/drawings-online.com\/wp-content\/uploads\/2022\/10\/DSC_4460-e1666691472405-300x392.png 300w, https:\/\/drawings-online.com\/wp-content\/uploads\/2022\/10\/DSC_4460-e1666691472405-600x783.png 600w, https:\/\/drawings-online.com\/wp-content\/uploads\/2022\/10\/DSC_4460-e1666691472405.png 720w\" sizes=\"auto, (max-width: 230px) 100vw, 230px\" \/><\/a><\/p>\n<ol>\n<li>\n<ol>\n<li><em>Saint Phar embracing Aline<\/em><\/li>\n<\/ol>\n<p>Pen and brown ink, brown wash, framing lines with black pencil. Inscribed with pencil <em>Aline<\/em>.<\/p>\n<p>Sheet 222 x 164 mm &#8211; 8 3\/4 x 6 7\/16 in.<\/p>\n<p>Drawing 112 x 81 mm &#8211; 4 7\/16 x 3 3\/16 in.<\/p>\n<p>Sold with the print \u00ab&nbsp;before inscription&nbsp;\u00bb<\/li>\n<\/ol>\n<p>&nbsp;<\/p>\n<p>&nbsp;<\/p>\n<p>&nbsp;<\/p>\n<p>&nbsp;<\/p>\n<p><a href=\"https:\/\/drawings-online.com\/wp-content\/uploads\/2022\/10\/DSC_4458.png\"><img loading=\"lazy\" decoding=\"async\" class=\"wp-image-6315 size-medium alignleft\" src=\"https:\/\/drawings-online.com\/wp-content\/uploads\/2022\/10\/DSC_4458-e1666691305712-215x300.png\" alt=\"\" width=\"215\" height=\"300\" srcset=\"https:\/\/drawings-online.com\/wp-content\/uploads\/2022\/10\/DSC_4458-e1666691305712-215x300.png 215w, https:\/\/drawings-online.com\/wp-content\/uploads\/2022\/10\/DSC_4458-e1666691305712-300x419.png 300w, https:\/\/drawings-online.com\/wp-content\/uploads\/2022\/10\/DSC_4458-e1666691305712.png 473w\" sizes=\"auto, (max-width: 215px) 100vw, 215px\" \/><\/a><\/p>\n<ol start=\"2\">\n<li>\n<ol>\n<li><em>Saint Phar and Aline embracing<\/em><\/li>\n<\/ol>\n<p>Pen and brown ink, brown wash, framing lines with black pencil. Inscribed with pencil <em>Aline aupr\u00e8s de son village troqua dans un vallon charmant son innocence et son Laitage contre un joli petit enfant \/ Aline \u00e9pitre<\/em><\/p>\n<p>Sheet 222 x 164 mm &#8211; 8 3\/4 x 6 7\/16 in.<\/p>\n<p>Drawing 112 x 81 mm &#8211; 4 7\/16 x 3 3\/16 in.<\/p>\n<p>With the engraving by S. Derby.<\/li>\n<\/ol>\n<p>&nbsp;<\/p>\n<p>&nbsp;<\/p>\n<p>&nbsp;<\/p>\n<p><a href=\"https:\/\/drawings-online.com\/wp-content\/uploads\/2022\/10\/DSC_4461.png\"><img loading=\"lazy\" decoding=\"async\" class=\"wp-image-6317 size-medium alignleft\" src=\"https:\/\/drawings-online.com\/wp-content\/uploads\/2022\/10\/DSC_4461-e1666691594550-220x300.png\" alt=\"\" width=\"220\" height=\"300\" srcset=\"https:\/\/drawings-online.com\/wp-content\/uploads\/2022\/10\/DSC_4461-e1666691594550-220x300.png 220w, https:\/\/drawings-online.com\/wp-content\/uploads\/2022\/10\/DSC_4461-e1666691594550-300x409.png 300w, https:\/\/drawings-online.com\/wp-content\/uploads\/2022\/10\/DSC_4461-e1666691594550-600x819.png 600w, https:\/\/drawings-online.com\/wp-content\/uploads\/2022\/10\/DSC_4461-e1666691594550.png 603w\" sizes=\"auto, (max-width: 220px) 100vw, 220px\" \/><\/a><\/p>\n<ol start=\"3\">\n<li>\n<ol>\n<li><em>Saint Phar and Aline embracing<\/em><\/li>\n<\/ol>\n<p>Pen and brown ink, brown wash, framing lines with black pencil. Inscribed with pencil <em>Une puissance plus forte que moi m\u2019empecha de la relever et m\u2019entraina dans sa chute \/ Aline nouvelle<\/em>.<\/p>\n<p>With the engraving by Blanchard, which is reproduced in <em>\u0152uvres compl\u00e8tes de Boufflers<\/em>, tome I, Paris, Furne libraire, 1827, p. 6.<\/p>\n<p>Sheet 222 x 164 mm &#8211; 8 3\/4 x 6 7\/16 in.<\/p>\n<p>Drawing 112 x 81 mm &#8211; 4 7\/16 x 3 3\/16 in.<\/li>\n<\/ol>\n<p>&nbsp;<\/p>\n<p>PROVENANCE&nbsp;<\/p>\n<p>No\u00ebl-Fran\u00e7ois-Henri Huchet, comte de la B\u00e9doy\u00e8re.<\/p>\n<p>&nbsp;<\/p>\n<p>BIBLIOGRAPHIE&nbsp;<\/p>\n<p><em>Catalogue des livres rares et pr\u00e9cieux imprim\u00e9s et manuscrits, dessins et vignettes, composant la biblioth\u00e8que de feu M. le comte de la B\u00e9doy\u00e8re<\/em>, Paris, L. Potier libraire, 1862, n\u00b0 298&nbsp;: \u00ab&nbsp;trois dessins \u00e0 la s\u00e9pia, in-8, par Desenne, pour le conte d\u2019Aline, par Boufflers, sur pap. v\u00e9l. in-4.&nbsp;\u00bb (three sepia drawings, in-8, by Desenne, for the tale of Aline by Boufflers, on wove paper in-4.)<\/p>\n<p>&nbsp;<\/p>\n<p>These three vignettes are preparatory projects for the illustration of <em>Aline, reine de Golconde<\/em>, a tale written in 1761 by Stanislas de Boufflers, adapted for the stage by Jean-Michel Sedaine by 1766, and many other times in Paris (by Berton), Stockholm, Copenhagen, Genoa (by Donizetti), Saint-Petersburg (by Fran\u00e7ois Boeldieu). These drawings illustrate the beginning of the tale: during a hunting trip, the young narrator gets infatuated with a pretty peasant girl, Aline, who is carrying a milk jar. \u201cAline wanted to defend herself from my caresses and in her efforts, her jar fell et her milk spilled all over the pathway; she began to cry and, as she briskly pulled away from my arms, her foot slept on the moist grass and she fell over; I flew to her rescue but a powerful force prevented me from helping her to her feet, dragging me down instead; I was fifteen, Aline fourteen. It was at this age and in this place that we first learned to love.\u201d<\/p>\n<p>Son of a bookseller, Alexandre Joseph Desenne was a self-taught draughtsman who specialized in books illustration. The author of numerous vignettes for Voltaire, Rousseau Moli\u00e8re, Boileau, Bernardin de Saint-Pierre, Walter-Scott, Lamartine, Cervantes, Chateaubriand, Camo\u00ebns, he was also a painter.<\/p>\n<p>The Comte de la B\u00e9doy\u00e8re owned not only these three drawings but also many of Desenne\u2019s drawn vignettes, notably the ones preparing the illustrations of <em>Lettres \u00e0 \u00c9milie<\/em> (Demoustier, 1792), <em>Manon Lescault<\/em> (Abb\u00e9 Pr\u00e9vost, 1818 edition) and <em>Les Oeuvres de Moli\u00e8re<\/em> (Paris 1822). He also possessed a great number of Desenne\u2019s engraved vignettes for various books.<\/p>\n","protected":false},"excerpt":{"rendered":"<p>Alexandre-Joseph Desenne Paris 1785 \u2013 1825 &nbsp; Saint Phar embracing Aline Pen and brown ink, brown wash, framing lines with black pencil. Inscribed with pencil Aline. Sheet 222 x 164 mm &#8211; 8 3\/4 x 6 7\/16 in. Drawing 112 x 81 mm &#8211; 4 7\/16 x 3 3\/16 in. Sold with the print \u00ab&nbsp;before [&hellip;]<\/p>\n","protected":false},"featured_media":6306,"template":"","meta":{"_themeisle_gutenberg_block_has_review":false},"product_brand":[],"product_cat":[78],"product_tag":[24,37,403,346,36,353,309,39,392,232],"class_list":{"0":"post-6305","1":"product","2":"type-product","3":"status-publish","4":"has-post-thumbnail","6":"product_cat-french-school","7":"product_tag-18th","8":"product_tag-19th","9":"product_tag-dessin-grave","10":"product_tag-19th-century-drawings","11":"product_tag-brown-ink","12":"product_tag-gallery","13":"product_tag-illustration","14":"product_tag-brown-wash","15":"product_tag-n13","16":"product_tag-theater","18":"first","19":"instock","20":"taxable","21":"shipping-taxable","22":"purchasable","23":"product-type-simple"},"yoast_head":"<!-- This site is optimized with the Yoast SEO plugin v27.4 - https:\/\/yoast.com\/product\/yoast-seo-wordpress\/ -->\n<title>three vignettes for the illustration of Aline, reine de Golconde by Alexandre-Joseph Desenne<\/title>\n<meta name=\"description\" content=\"Alexandre-Joseph Desenne Paris 1785 \u2013 1825 &nbsp; Saint Phar embracing Aline Pen and brown ink, brown wash, framing lines with black pencil. Inscribed with pencil Aline. Sheet 222 x 164 mm - 8 3\/4 x 6 7\/16 in. Drawing 112 x 81 mm - 4 7\/16 x 3 3\/16 in. Sold with the print \u00ab&nbsp;before&hellip;\" \/>\n<meta name=\"robots\" content=\"index, follow, max-snippet:-1, max-image-preview:large, max-video-preview:-1\" \/>\n<link rel=\"canonical\" href=\"http:\/\/Alexandre-Joseph%20Desenne%20Paris%201785%20\u2013%201825%20&nbsp;%20Saint%20Phar%20embracing%20Aline%20Pen%20and%20brown%20ink,%20brown%20wash,%20framing%20lines%20with%20black%20pencil.%20Inscribed%20with%20pencil%20Aline.%20Sheet%20222%20x%20164%20mm%20-%208%203\/4%20x%206%207\/16%20in.%20Drawing%20112%20x%2081%20mm%20-%204%207\/16%20x%203%203\/16%20in.%20Sold%20with%20the%20print%20\u00ab&nbsp;before&hellip;\" \/>\n<meta property=\"og:locale\" content=\"en_US\" \/>\n<meta property=\"og:type\" content=\"article\" \/>\n<meta property=\"og:title\" content=\"three vignettes for the illustration of Aline, reine de Golconde by Alexandre-Joseph Desenne\" \/>\n<meta property=\"og:description\" content=\"Alexandre-Joseph Desenne Paris 1785 \u2013 1825 &nbsp; Saint Phar embracing Aline Pen and brown ink, brown wash, framing lines with black pencil. Inscribed with pencil Aline. Sheet 222 x 164 mm - 8 3\/4 x 6 7\/16 in. Drawing 112 x 81 mm - 4 7\/16 x 3 3\/16 in. Sold with the print \u00ab&nbsp;before&hellip;\" \/>\n<meta property=\"og:url\" content=\"https:\/\/drawings-online.com\/en\/product\/three-vignettes-for-the-illustration-of-aline-reine-de-golconde-by-alexandre-joseph-desenne\/\" \/>\n<meta property=\"og:site_name\" content=\"Drawings-online\" \/>\n<meta property=\"article:publisher\" content=\"https:\/\/www.facebook.com\/people\/Drawings-online\/100034942735866\/\" \/>\n<meta property=\"article:modified_time\" content=\"2024-03-05T13:49:35+00:00\" \/>\n<meta property=\"og:image\" content=\"https:\/\/drawings-online.com\/wp-content\/uploads\/2022\/10\/DSC_4456_1-1024x1024.png\" \/>\n\t<meta property=\"og:image:width\" content=\"1024\" \/>\n\t<meta property=\"og:image:height\" content=\"1024\" \/>\n\t<meta property=\"og:image:type\" content=\"image\/png\" \/>\n<meta name=\"twitter:card\" content=\"summary_large_image\" \/>\n<meta name=\"twitter:site\" content=\"@OnlineDrawings\" \/>\n<meta name=\"twitter:label1\" content=\"Est. reading time\" \/>\n\t<meta name=\"twitter:data1\" content=\"3 minutes\" \/>\n<script type=\"application\/ld+json\" class=\"yoast-schema-graph\">{\"@context\":\"https:\\\/\\\/schema.org\",\"@graph\":[{\"@type\":\"WebPage\",\"@id\":\"https:\\\/\\\/drawings-online.com\\\/en\\\/product\\\/three-vignettes-for-the-illustration-of-aline-reine-de-golconde-by-alexandre-joseph-desenne\\\/\",\"url\":\"https:\\\/\\\/drawings-online.com\\\/en\\\/product\\\/three-vignettes-for-the-illustration-of-aline-reine-de-golconde-by-alexandre-joseph-desenne\\\/\",\"name\":\"Trois projets d\u2019illustrations pour Aline, reine de Golconde par Alexandre-Joseph Desenne - Drawings-online\",\"isPartOf\":{\"@id\":\"https:\\\/\\\/drawings-online.com\\\/#website\"},\"primaryImageOfPage\":{\"@id\":\"https:\\\/\\\/drawings-online.com\\\/en\\\/product\\\/three-vignettes-for-the-illustration-of-aline-reine-de-golconde-by-alexandre-joseph-desenne\\\/#primaryimage\"},\"image\":{\"@id\":\"https:\\\/\\\/drawings-online.com\\\/en\\\/product\\\/three-vignettes-for-the-illustration-of-aline-reine-de-golconde-by-alexandre-joseph-desenne\\\/#primaryimage\"},\"thumbnailUrl\":\"https:\\\/\\\/drawings-online.com\\\/wp-content\\\/uploads\\\/2022\\\/10\\\/DSC_4456_1.png\",\"datePublished\":\"2022-10-25T11:30:03+00:00\",\"dateModified\":\"2024-03-05T13:49:35+00:00\",\"breadcrumb\":{\"@id\":\"https:\\\/\\\/drawings-online.com\\\/en\\\/product\\\/three-vignettes-for-the-illustration-of-aline-reine-de-golconde-by-alexandre-joseph-desenne\\\/#breadcrumb\"},\"inLanguage\":\"en-US\",\"potentialAction\":[{\"@type\":\"ReadAction\",\"target\":[\"https:\\\/\\\/drawings-online.com\\\/en\\\/product\\\/three-vignettes-for-the-illustration-of-aline-reine-de-golconde-by-alexandre-joseph-desenne\\\/\"]}]},{\"@type\":\"ImageObject\",\"inLanguage\":\"en-US\",\"@id\":\"https:\\\/\\\/drawings-online.com\\\/en\\\/product\\\/three-vignettes-for-the-illustration-of-aline-reine-de-golconde-by-alexandre-joseph-desenne\\\/#primaryimage\",\"url\":\"https:\\\/\\\/drawings-online.com\\\/wp-content\\\/uploads\\\/2022\\\/10\\\/DSC_4456_1.png\",\"contentUrl\":\"https:\\\/\\\/drawings-online.com\\\/wp-content\\\/uploads\\\/2022\\\/10\\\/DSC_4456_1.png\",\"width\":1800,\"height\":1800},{\"@type\":\"BreadcrumbList\",\"@id\":\"https:\\\/\\\/drawings-online.com\\\/en\\\/product\\\/three-vignettes-for-the-illustration-of-aline-reine-de-golconde-by-alexandre-joseph-desenne\\\/#breadcrumb\",\"itemListElement\":[{\"@type\":\"ListItem\",\"position\":1,\"name\":\"Works available\",\"item\":\"https:\\\/\\\/drawings-online.com\\\/\"},{\"@type\":\"ListItem\",\"position\":2,\"name\":\"Gallery\",\"item\":\"https:\\\/\\\/drawings-online.com\\\/galerie\\\/\"},{\"@type\":\"ListItem\",\"position\":3,\"name\":\"18e\",\"item\":\"https:\\\/\\\/drawings-online.com\\\/product_tag\\\/18e\\\/\"},{\"@type\":\"ListItem\",\"position\":4,\"name\":\"three vignettes for the illustration of Aline, reine de Golconde by Alexandre-Joseph Desenne\"}]},{\"@type\":\"WebSite\",\"@id\":\"https:\\\/\\\/drawings-online.com\\\/en\\\/#website\",\"url\":\"https:\\\/\\\/drawings-online.com\\\/en\\\/\",\"name\":\"Drawings-online\",\"description\":\"Dessins en ligne\",\"publisher\":{\"@id\":\"https:\\\/\\\/drawings-online.com\\\/en\\\/#organization\"},\"potentialAction\":[{\"@type\":\"SearchAction\",\"target\":{\"@type\":\"EntryPoint\",\"urlTemplate\":\"https:\\\/\\\/drawings-online.com\\\/en\\\/?s={search_term_string}\"},\"query-input\":{\"@type\":\"PropertyValueSpecification\",\"valueRequired\":true,\"valueName\":\"search_term_string\"}}],\"inLanguage\":\"en-US\"},{\"@type\":\"Organization\",\"@id\":\"https:\\\/\\\/drawings-online.com\\\/en\\\/#organization\",\"name\":\"Drawings-online\",\"url\":\"https:\\\/\\\/drawings-online.com\\\/en\\\/\",\"logo\":{\"@type\":\"ImageObject\",\"inLanguage\":\"en-US\",\"@id\":\"https:\\\/\\\/drawings-online.com\\\/en\\\/#\\\/schema\\\/logo\\\/image\\\/\",\"url\":\"https:\\\/\\\/drawings-online.com\\\/wp-content\\\/uploads\\\/2020\\\/12\\\/drawings-icone-transp-e1607442878135.png\",\"contentUrl\":\"https:\\\/\\\/drawings-online.com\\\/wp-content\\\/uploads\\\/2020\\\/12\\\/drawings-icone-transp-e1607442878135.png\",\"width\":150,\"height\":150,\"caption\":\"Drawings-online\"},\"image\":{\"@id\":\"https:\\\/\\\/drawings-online.com\\\/en\\\/#\\\/schema\\\/logo\\\/image\\\/\"},\"sameAs\":[\"https:\\\/\\\/www.facebook.com\\\/people\\\/Drawings-online\\\/100034942735866\\\/\",\"https:\\\/\\\/x.com\\\/OnlineDrawings\",\"https:\\\/\\\/www.instagram.com\\\/drawings_online_com\\\/\"]}]}<\/script>\n<!-- \/ Yoast SEO plugin. -->","yoast_head_json":{"title":"three vignettes for the illustration of Aline, reine de Golconde by Alexandre-Joseph Desenne","description":"Alexandre-Joseph Desenne Paris 1785 \u2013 1825 &nbsp; Saint Phar embracing Aline Pen and brown ink, brown wash, framing lines with black pencil. Inscribed with pencil Aline. Sheet 222 x 164 mm - 8 3\/4 x 6 7\/16 in. Drawing 112 x 81 mm - 4 7\/16 x 3 3\/16 in. Sold with the print \u00ab&nbsp;before&hellip;","robots":{"index":"index","follow":"follow","max-snippet":"max-snippet:-1","max-image-preview":"max-image-preview:large","max-video-preview":"max-video-preview:-1"},"canonical":"Alexandre-Joseph Desenne Paris 1785 \u2013 1825 &nbsp; Saint Phar embracing Aline Pen and brown ink, brown wash, framing lines with black pencil. Inscribed with pencil Aline. Sheet 222 x 164 mm - 8 3\/4 x 6 7\/16 in. Drawing 112 x 81 mm - 4 7\/16 x 3 3\/16 in. Sold with the print \u00ab&nbsp;before&hellip;","og_locale":"en_US","og_type":"article","og_title":"three vignettes for the illustration of Aline, reine de Golconde by Alexandre-Joseph Desenne","og_description":"Alexandre-Joseph Desenne Paris 1785 \u2013 1825 &nbsp; Saint Phar embracing Aline Pen and brown ink, brown wash, framing lines with black pencil. Inscribed with pencil Aline. Sheet 222 x 164 mm - 8 3\/4 x 6 7\/16 in. Drawing 112 x 81 mm - 4 7\/16 x 3 3\/16 in. Sold with the print \u00ab&nbsp;before&hellip;","og_url":"https:\/\/drawings-online.com\/en\/product\/three-vignettes-for-the-illustration-of-aline-reine-de-golconde-by-alexandre-joseph-desenne\/","og_site_name":"Drawings-online","article_publisher":"https:\/\/www.facebook.com\/people\/Drawings-online\/100034942735866\/","article_modified_time":"2024-03-05T13:49:35+00:00","og_image":[{"width":1024,"height":1024,"url":"https:\/\/drawings-online.com\/wp-content\/uploads\/2022\/10\/DSC_4456_1-1024x1024.png","type":"image\/png"}],"twitter_card":"summary_large_image","twitter_site":"@OnlineDrawings","twitter_misc":{"Est. reading time":"3 minutes"},"schema":{"@context":"https:\/\/schema.org","@graph":[{"@type":"WebPage","@id":"https:\/\/drawings-online.com\/en\/product\/three-vignettes-for-the-illustration-of-aline-reine-de-golconde-by-alexandre-joseph-desenne\/","url":"https:\/\/drawings-online.com\/en\/product\/three-vignettes-for-the-illustration-of-aline-reine-de-golconde-by-alexandre-joseph-desenne\/","name":"Trois projets d\u2019illustrations pour Aline, reine de Golconde par Alexandre-Joseph Desenne - Drawings-online","isPartOf":{"@id":"https:\/\/drawings-online.com\/#website"},"primaryImageOfPage":{"@id":"https:\/\/drawings-online.com\/en\/product\/three-vignettes-for-the-illustration-of-aline-reine-de-golconde-by-alexandre-joseph-desenne\/#primaryimage"},"image":{"@id":"https:\/\/drawings-online.com\/en\/product\/three-vignettes-for-the-illustration-of-aline-reine-de-golconde-by-alexandre-joseph-desenne\/#primaryimage"},"thumbnailUrl":"https:\/\/drawings-online.com\/wp-content\/uploads\/2022\/10\/DSC_4456_1.png","datePublished":"2022-10-25T11:30:03+00:00","dateModified":"2024-03-05T13:49:35+00:00","breadcrumb":{"@id":"https:\/\/drawings-online.com\/en\/product\/three-vignettes-for-the-illustration-of-aline-reine-de-golconde-by-alexandre-joseph-desenne\/#breadcrumb"},"inLanguage":"en-US","potentialAction":[{"@type":"ReadAction","target":["https:\/\/drawings-online.com\/en\/product\/three-vignettes-for-the-illustration-of-aline-reine-de-golconde-by-alexandre-joseph-desenne\/"]}]},{"@type":"ImageObject","inLanguage":"en-US","@id":"https:\/\/drawings-online.com\/en\/product\/three-vignettes-for-the-illustration-of-aline-reine-de-golconde-by-alexandre-joseph-desenne\/#primaryimage","url":"https:\/\/drawings-online.com\/wp-content\/uploads\/2022\/10\/DSC_4456_1.png","contentUrl":"https:\/\/drawings-online.com\/wp-content\/uploads\/2022\/10\/DSC_4456_1.png","width":1800,"height":1800},{"@type":"BreadcrumbList","@id":"https:\/\/drawings-online.com\/en\/product\/three-vignettes-for-the-illustration-of-aline-reine-de-golconde-by-alexandre-joseph-desenne\/#breadcrumb","itemListElement":[{"@type":"ListItem","position":1,"name":"Works available","item":"https:\/\/drawings-online.com\/"},{"@type":"ListItem","position":2,"name":"Gallery","item":"https:\/\/drawings-online.com\/galerie\/"},{"@type":"ListItem","position":3,"name":"18e","item":"https:\/\/drawings-online.com\/product_tag\/18e\/"},{"@type":"ListItem","position":4,"name":"three vignettes for the illustration of Aline, reine de Golconde by Alexandre-Joseph Desenne"}]},{"@type":"WebSite","@id":"https:\/\/drawings-online.com\/en\/#website","url":"https:\/\/drawings-online.com\/en\/","name":"Drawings-online","description":"Dessins en ligne","publisher":{"@id":"https:\/\/drawings-online.com\/en\/#organization"},"potentialAction":[{"@type":"SearchAction","target":{"@type":"EntryPoint","urlTemplate":"https:\/\/drawings-online.com\/en\/?s={search_term_string}"},"query-input":{"@type":"PropertyValueSpecification","valueRequired":true,"valueName":"search_term_string"}}],"inLanguage":"en-US"},{"@type":"Organization","@id":"https:\/\/drawings-online.com\/en\/#organization","name":"Drawings-online","url":"https:\/\/drawings-online.com\/en\/","logo":{"@type":"ImageObject","inLanguage":"en-US","@id":"https:\/\/drawings-online.com\/en\/#\/schema\/logo\/image\/","url":"https:\/\/drawings-online.com\/wp-content\/uploads\/2020\/12\/drawings-icone-transp-e1607442878135.png","contentUrl":"https:\/\/drawings-online.com\/wp-content\/uploads\/2020\/12\/drawings-icone-transp-e1607442878135.png","width":150,"height":150,"caption":"Drawings-online"},"image":{"@id":"https:\/\/drawings-online.com\/en\/#\/schema\/logo\/image\/"},"sameAs":["https:\/\/www.facebook.com\/people\/Drawings-online\/100034942735866\/","https:\/\/x.com\/OnlineDrawings","https:\/\/www.instagram.com\/drawings_online_com\/"]}]}},"jetpack_sharing_enabled":true,"_links":{"self":[{"href":"https:\/\/drawings-online.com\/en\/wp-json\/wp\/v2\/product\/6305","targetHints":{"allow":["GET"]}}],"collection":[{"href":"https:\/\/drawings-online.com\/en\/wp-json\/wp\/v2\/product"}],"about":[{"href":"https:\/\/drawings-online.com\/en\/wp-json\/wp\/v2\/types\/product"}],"wp:featuredmedia":[{"embeddable":true,"href":"https:\/\/drawings-online.com\/en\/wp-json\/wp\/v2\/media\/6306"}],"wp:attachment":[{"href":"https:\/\/drawings-online.com\/en\/wp-json\/wp\/v2\/media?parent=6305"}],"wp:term":[{"taxonomy":"product_brand","embeddable":true,"href":"https:\/\/drawings-online.com\/en\/wp-json\/wp\/v2\/product_brand?post=6305"},{"taxonomy":"product_cat","embeddable":true,"href":"https:\/\/drawings-online.com\/en\/wp-json\/wp\/v2\/product_cat?post=6305"},{"taxonomy":"product_tag","embeddable":true,"href":"https:\/\/drawings-online.com\/en\/wp-json\/wp\/v2\/product_tag?post=6305"}],"curies":[{"name":"wp","href":"https:\/\/api.w.org\/{rel}","templated":true}]}}