{"id":6298,"date":"2022-10-25T14:30:48","date_gmt":"2022-10-25T12:30:48","guid":{"rendered":"https:\/\/drawings-online.com\/product\/\/"},"modified":"2024-03-05T14:34:12","modified_gmt":"2024-03-05T13:34:12","slug":"programme-de-la-soiree-de-la-pentecote-1917-donnee-au-bagne-de-cayenne","status":"publish","type":"product","link":"https:\/\/drawings-online.com\/en\/product\/program-of-the-party-held-for-pentecost-1917-in-the-prison-of-cayenne\/","title":{"rendered":"Program of the party held for Pentecost (1917?) in the prison of Cayenne"},"content":{"rendered":"<p><strong>French amateur draughtsman<\/p>\n<p><\/strong>1917<\/p>\n<p><strong><em>Program of the party held for Pentecost on May 27<sup>th<\/sup> (1917?) in the prison of Cayenne<\/p>\n<p><\/em><\/strong>Watercolour, pen and grey ink<\/p>\n<p>252 x 327 mm &#8211; 9 15\/16 x 12 7\/8 in.<\/p>\n<p>Inscribed<\/p>\n<p><em>Programme de la soir\u00e9e du 27 mai Pentec\u00f4te \u2013 Concert<\/em><\/p>\n<p><em>1\u00b0 S\u00e9ance de chansons&nbsp;: on entendra dans leurs r\u00e9pertoires des artistes de tous genres. Riri, comique d\u00e9sopilant \u2013 Deberge, genre sentimental \u2013 Ravachol, beure, \u0153ufs, fromage, Rodric, des quatre-z-arts, Saint-Albin t\u00e9nor parisien, Ferrer, genre Mayol, Toto, qui fait dans les chapeaux, \u2026 et autres amateurs.<\/em><\/p>\n<p><em>2\u00b0 on jouera&nbsp;:<\/em><\/p>\n<p><em>Laripette aux durs (ad hoc&nbsp;!)<\/em><\/p>\n<p><em>Sc\u00e8nes du bagne<\/em><\/p>\n<p><em>Personnages&nbsp;: Laripette &#8211; Le Commandant \u2013 Jacques Dhur \u2013 le major \u2013 la femme du major \u2013 un fagot \u2013 un surveillant militaire<\/em><\/p>\n<p><em>Avis \u2013 La pi\u00e8ce est exclusivement comique. On est pri\u00e9 de ne pas s\u2019endormir aux fauteuils d\u2019orchestre et de consommer du th\u00e9 des Iles. Le drame ne r\u00e9ussissant pas la direction n\u2019admettra plus que des com\u00e9dies. <\/em><em>La barbe est le samedi et non le dimanche.<\/em><\/p>\n<p>This program, as well as another that we offer, are designed for evenings organized in the prison of Cayenne in 1917 by the prisoners themselves. Both parties consist in a musical and a theatrical part, that is to say songs and a play composed and interpreted by the prisoners. Both programs were also made by one of the convicts; they bear a moving testimony of their activities but also of their creativity and sense of humor.&nbsp;<\/p>\n","protected":false},"excerpt":{"rendered":"<p>French amateur draughtsman 1917 Program of the party held for Pentecost on May 27th (1917?) in the prison of Cayenne Watercolour, pen and grey ink 252 x 327 mm &#8211; 9 15\/16 x 12 7\/8 in. Inscribed Programme de la soir\u00e9e du 27 mai Pentec\u00f4te \u2013 Concert 1\u00b0 S\u00e9ance de chansons&nbsp;: on entendra dans leurs [&hellip;]<\/p>\n","protected":false},"featured_media":6299,"template":"","meta":{"_themeisle_gutenberg_block_has_review":false},"product_brand":[],"product_cat":[78],"product_tag":[104,32,400,399,401,398,350,353,392,402,232],"class_list":{"0":"post-6298","1":"product","2":"type-product","3":"status-publish","4":"has-post-thumbnail","6":"product_cat-french-school","7":"product_tag-20th","8":"product_tag-watercolour","9":"product_tag-convict","10":"product_tag-prison","11":"product_tag-clown","12":"product_tag-dessins-amateurs","13":"product_tag-dessins-du-20e","14":"product_tag-gallery","15":"product_tag-n13","16":"product_tag-programme","17":"product_tag-theater","19":"first","20":"outofstock","21":"taxable","22":"shipping-taxable","23":"purchasable","24":"product-type-variable"},"yoast_head":"<!-- This site is optimized with the Yoast SEO plugin v27.4 - https:\/\/yoast.com\/product\/yoast-seo-wordpress\/ -->\n<title>Program of the party held for Pentecost (1917?) in the prison of Cayenne<\/title>\n<meta name=\"description\" content=\"French amateur draughtsman 1917 Program of the party held for Pentecost on May 27th (1917?) in the prison of Cayenne Watercolour, pen and grey ink 252 x 327 mm - 9 15\/16 x 12 7\/8 in. Inscribed Programme de la soir\u00e9e du 27 mai Pentec\u00f4te \u2013 Concert 1\u00b0 S\u00e9ance de chansons&nbsp;: on entendra dans leurs&hellip;\" \/>\n<meta name=\"robots\" content=\"index, follow, max-snippet:-1, max-image-preview:large, max-video-preview:-1\" \/>\n<link rel=\"canonical\" href=\"\" \/>\n<meta property=\"og:locale\" content=\"en_US\" \/>\n<meta property=\"og:type\" content=\"article\" \/>\n<meta property=\"og:title\" content=\"Program of the party held for Pentecost (1917?) in the prison of Cayenne\" \/>\n<meta property=\"og:description\" content=\"French amateur draughtsman 1917 Program of the party held for Pentecost on May 27th (1917?) in the prison of Cayenne Watercolour, pen and grey ink 252 x 327 mm - 9 15\/16 x 12 7\/8 in. Inscribed Programme de la soir\u00e9e du 27 mai Pentec\u00f4te \u2013 Concert 1\u00b0 S\u00e9ance de chansons&nbsp;: on entendra dans leurs&hellip;\" \/>\n<meta property=\"og:url\" content=\"https:\/\/drawings-online.com\/en\/product\/program-of-the-party-held-for-pentecost-1917-in-the-prison-of-cayenne\/\" \/>\n<meta property=\"og:site_name\" content=\"Drawings-online\" \/>\n<meta property=\"article:publisher\" content=\"https:\/\/www.facebook.com\/people\/Drawings-online\/100034942735866\/\" \/>\n<meta property=\"article:modified_time\" content=\"2024-03-05T13:34:12+00:00\" \/>\n<meta property=\"og:image\" content=\"https:\/\/drawings-online.com\/wp-content\/uploads\/2022\/10\/DSC_4446_1-1024x1024.png\" \/>\n\t<meta property=\"og:image:width\" content=\"1024\" \/>\n\t<meta property=\"og:image:height\" content=\"1024\" \/>\n\t<meta property=\"og:image:type\" content=\"image\/png\" \/>\n<meta name=\"twitter:card\" content=\"summary_large_image\" \/>\n<meta name=\"twitter:site\" content=\"@OnlineDrawings\" \/>\n<meta name=\"twitter:label1\" content=\"Est. reading time\" \/>\n\t<meta name=\"twitter:data1\" content=\"1 minute\" \/>\n<script type=\"application\/ld+json\" class=\"yoast-schema-graph\">{\"@context\":\"https:\\\/\\\/schema.org\",\"@graph\":[{\"@type\":\"WebPage\",\"@id\":\"https:\\\/\\\/drawings-online.com\\\/en\\\/product\\\/program-of-the-party-held-for-pentecost-1917-in-the-prison-of-cayenne\\\/\",\"url\":\"https:\\\/\\\/drawings-online.com\\\/en\\\/product\\\/program-of-the-party-held-for-pentecost-1917-in-the-prison-of-cayenne\\\/\",\"name\":\"Programme de la soir\u00e9e de la Pentec\u00f4te (1917 ?) donn\u00e9e au bagne de Cayenne - Drawings-online\",\"isPartOf\":{\"@id\":\"https:\\\/\\\/drawings-online.com\\\/#website\"},\"primaryImageOfPage\":{\"@id\":\"https:\\\/\\\/drawings-online.com\\\/en\\\/product\\\/program-of-the-party-held-for-pentecost-1917-in-the-prison-of-cayenne\\\/#primaryimage\"},\"image\":{\"@id\":\"https:\\\/\\\/drawings-online.com\\\/en\\\/product\\\/program-of-the-party-held-for-pentecost-1917-in-the-prison-of-cayenne\\\/#primaryimage\"},\"thumbnailUrl\":\"https:\\\/\\\/drawings-online.com\\\/wp-content\\\/uploads\\\/2022\\\/10\\\/DSC_4446_1.png\",\"datePublished\":\"2022-10-25T12:30:48+00:00\",\"dateModified\":\"2024-03-05T13:34:12+00:00\",\"breadcrumb\":{\"@id\":\"https:\\\/\\\/drawings-online.com\\\/en\\\/product\\\/program-of-the-party-held-for-pentecost-1917-in-the-prison-of-cayenne\\\/#breadcrumb\"},\"inLanguage\":\"en-US\",\"potentialAction\":[{\"@type\":\"ReadAction\",\"target\":[\"https:\\\/\\\/drawings-online.com\\\/en\\\/product\\\/program-of-the-party-held-for-pentecost-1917-in-the-prison-of-cayenne\\\/\"]}]},{\"@type\":\"ImageObject\",\"inLanguage\":\"en-US\",\"@id\":\"https:\\\/\\\/drawings-online.com\\\/en\\\/product\\\/program-of-the-party-held-for-pentecost-1917-in-the-prison-of-cayenne\\\/#primaryimage\",\"url\":\"https:\\\/\\\/drawings-online.com\\\/wp-content\\\/uploads\\\/2022\\\/10\\\/DSC_4446_1.png\",\"contentUrl\":\"https:\\\/\\\/drawings-online.com\\\/wp-content\\\/uploads\\\/2022\\\/10\\\/DSC_4446_1.png\",\"width\":1800,\"height\":1800},{\"@type\":\"BreadcrumbList\",\"@id\":\"https:\\\/\\\/drawings-online.com\\\/en\\\/product\\\/program-of-the-party-held-for-pentecost-1917-in-the-prison-of-cayenne\\\/#breadcrumb\",\"itemListElement\":[{\"@type\":\"ListItem\",\"position\":1,\"name\":\"Works available\",\"item\":\"https:\\\/\\\/drawings-online.com\\\/\"},{\"@type\":\"ListItem\",\"position\":2,\"name\":\"Gallery\",\"item\":\"https:\\\/\\\/drawings-online.com\\\/galerie\\\/\"},{\"@type\":\"ListItem\",\"position\":3,\"name\":\"20e\",\"item\":\"https:\\\/\\\/drawings-online.com\\\/product_tag\\\/20e\\\/\"},{\"@type\":\"ListItem\",\"position\":4,\"name\":\"Program of the party held for Pentecost (1917?) in the prison of Cayenne\"}]},{\"@type\":\"WebSite\",\"@id\":\"https:\\\/\\\/drawings-online.com\\\/en\\\/#website\",\"url\":\"https:\\\/\\\/drawings-online.com\\\/en\\\/\",\"name\":\"Drawings-online\",\"description\":\"Dessins en ligne\",\"publisher\":{\"@id\":\"https:\\\/\\\/drawings-online.com\\\/en\\\/#organization\"},\"potentialAction\":[{\"@type\":\"SearchAction\",\"target\":{\"@type\":\"EntryPoint\",\"urlTemplate\":\"https:\\\/\\\/drawings-online.com\\\/en\\\/?s={search_term_string}\"},\"query-input\":{\"@type\":\"PropertyValueSpecification\",\"valueRequired\":true,\"valueName\":\"search_term_string\"}}],\"inLanguage\":\"en-US\"},{\"@type\":\"Organization\",\"@id\":\"https:\\\/\\\/drawings-online.com\\\/en\\\/#organization\",\"name\":\"Drawings-online\",\"url\":\"https:\\\/\\\/drawings-online.com\\\/en\\\/\",\"logo\":{\"@type\":\"ImageObject\",\"inLanguage\":\"en-US\",\"@id\":\"https:\\\/\\\/drawings-online.com\\\/en\\\/#\\\/schema\\\/logo\\\/image\\\/\",\"url\":\"https:\\\/\\\/drawings-online.com\\\/wp-content\\\/uploads\\\/2020\\\/12\\\/drawings-icone-transp-e1607442878135.png\",\"contentUrl\":\"https:\\\/\\\/drawings-online.com\\\/wp-content\\\/uploads\\\/2020\\\/12\\\/drawings-icone-transp-e1607442878135.png\",\"width\":150,\"height\":150,\"caption\":\"Drawings-online\"},\"image\":{\"@id\":\"https:\\\/\\\/drawings-online.com\\\/en\\\/#\\\/schema\\\/logo\\\/image\\\/\"},\"sameAs\":[\"https:\\\/\\\/www.facebook.com\\\/people\\\/Drawings-online\\\/100034942735866\\\/\",\"https:\\\/\\\/x.com\\\/OnlineDrawings\",\"https:\\\/\\\/www.instagram.com\\\/drawings_online_com\\\/\"]}]}<\/script>\n<!-- \/ Yoast SEO plugin. -->","yoast_head_json":{"title":"Program of the party held for Pentecost (1917?) in the prison of Cayenne","description":"French amateur draughtsman 1917 Program of the party held for Pentecost on May 27th (1917?) in the prison of Cayenne Watercolour, pen and grey ink 252 x 327 mm - 9 15\/16 x 12 7\/8 in. Inscribed Programme de la soir\u00e9e du 27 mai Pentec\u00f4te \u2013 Concert 1\u00b0 S\u00e9ance de chansons&nbsp;: on entendra dans leurs&hellip;","robots":{"index":"index","follow":"follow","max-snippet":"max-snippet:-1","max-image-preview":"max-image-preview:large","max-video-preview":"max-video-preview:-1"},"canonical":"French amateur draughtsman 1917 Program of the party held for Pentecost on May 27th (1917?) in the prison of Cayenne Watercolour, pen and grey ink 252 x 327 mm - 9 15\/16 x 12 7\/8 in. Inscribed Programme de la soir\u00e9e du 27 mai Pentec\u00f4te \u2013 Concert 1\u00b0 S\u00e9ance de chansons&nbsp;: on entendra dans leurs&hellip;","og_locale":"en_US","og_type":"article","og_title":"Program of the party held for Pentecost (1917?) in the prison of Cayenne","og_description":"French amateur draughtsman 1917 Program of the party held for Pentecost on May 27th (1917?) in the prison of Cayenne Watercolour, pen and grey ink 252 x 327 mm - 9 15\/16 x 12 7\/8 in. Inscribed Programme de la soir\u00e9e du 27 mai Pentec\u00f4te \u2013 Concert 1\u00b0 S\u00e9ance de chansons&nbsp;: on entendra dans leurs&hellip;","og_url":"https:\/\/drawings-online.com\/en\/product\/program-of-the-party-held-for-pentecost-1917-in-the-prison-of-cayenne\/","og_site_name":"Drawings-online","article_publisher":"https:\/\/www.facebook.com\/people\/Drawings-online\/100034942735866\/","article_modified_time":"2024-03-05T13:34:12+00:00","og_image":[{"width":1024,"height":1024,"url":"https:\/\/drawings-online.com\/wp-content\/uploads\/2022\/10\/DSC_4446_1-1024x1024.png","type":"image\/png"}],"twitter_card":"summary_large_image","twitter_site":"@OnlineDrawings","twitter_misc":{"Est. reading time":"1 minute"},"schema":{"@context":"https:\/\/schema.org","@graph":[{"@type":"WebPage","@id":"https:\/\/drawings-online.com\/en\/product\/program-of-the-party-held-for-pentecost-1917-in-the-prison-of-cayenne\/","url":"https:\/\/drawings-online.com\/en\/product\/program-of-the-party-held-for-pentecost-1917-in-the-prison-of-cayenne\/","name":"Programme de la soir\u00e9e de la Pentec\u00f4te (1917 ?) donn\u00e9e au bagne de Cayenne - Drawings-online","isPartOf":{"@id":"https:\/\/drawings-online.com\/#website"},"primaryImageOfPage":{"@id":"https:\/\/drawings-online.com\/en\/product\/program-of-the-party-held-for-pentecost-1917-in-the-prison-of-cayenne\/#primaryimage"},"image":{"@id":"https:\/\/drawings-online.com\/en\/product\/program-of-the-party-held-for-pentecost-1917-in-the-prison-of-cayenne\/#primaryimage"},"thumbnailUrl":"https:\/\/drawings-online.com\/wp-content\/uploads\/2022\/10\/DSC_4446_1.png","datePublished":"2022-10-25T12:30:48+00:00","dateModified":"2024-03-05T13:34:12+00:00","breadcrumb":{"@id":"https:\/\/drawings-online.com\/en\/product\/program-of-the-party-held-for-pentecost-1917-in-the-prison-of-cayenne\/#breadcrumb"},"inLanguage":"en-US","potentialAction":[{"@type":"ReadAction","target":["https:\/\/drawings-online.com\/en\/product\/program-of-the-party-held-for-pentecost-1917-in-the-prison-of-cayenne\/"]}]},{"@type":"ImageObject","inLanguage":"en-US","@id":"https:\/\/drawings-online.com\/en\/product\/program-of-the-party-held-for-pentecost-1917-in-the-prison-of-cayenne\/#primaryimage","url":"https:\/\/drawings-online.com\/wp-content\/uploads\/2022\/10\/DSC_4446_1.png","contentUrl":"https:\/\/drawings-online.com\/wp-content\/uploads\/2022\/10\/DSC_4446_1.png","width":1800,"height":1800},{"@type":"BreadcrumbList","@id":"https:\/\/drawings-online.com\/en\/product\/program-of-the-party-held-for-pentecost-1917-in-the-prison-of-cayenne\/#breadcrumb","itemListElement":[{"@type":"ListItem","position":1,"name":"Works available","item":"https:\/\/drawings-online.com\/"},{"@type":"ListItem","position":2,"name":"Gallery","item":"https:\/\/drawings-online.com\/galerie\/"},{"@type":"ListItem","position":3,"name":"20e","item":"https:\/\/drawings-online.com\/product_tag\/20e\/"},{"@type":"ListItem","position":4,"name":"Program of the party held for Pentecost (1917?) in the prison of Cayenne"}]},{"@type":"WebSite","@id":"https:\/\/drawings-online.com\/en\/#website","url":"https:\/\/drawings-online.com\/en\/","name":"Drawings-online","description":"Dessins en ligne","publisher":{"@id":"https:\/\/drawings-online.com\/en\/#organization"},"potentialAction":[{"@type":"SearchAction","target":{"@type":"EntryPoint","urlTemplate":"https:\/\/drawings-online.com\/en\/?s={search_term_string}"},"query-input":{"@type":"PropertyValueSpecification","valueRequired":true,"valueName":"search_term_string"}}],"inLanguage":"en-US"},{"@type":"Organization","@id":"https:\/\/drawings-online.com\/en\/#organization","name":"Drawings-online","url":"https:\/\/drawings-online.com\/en\/","logo":{"@type":"ImageObject","inLanguage":"en-US","@id":"https:\/\/drawings-online.com\/en\/#\/schema\/logo\/image\/","url":"https:\/\/drawings-online.com\/wp-content\/uploads\/2020\/12\/drawings-icone-transp-e1607442878135.png","contentUrl":"https:\/\/drawings-online.com\/wp-content\/uploads\/2020\/12\/drawings-icone-transp-e1607442878135.png","width":150,"height":150,"caption":"Drawings-online"},"image":{"@id":"https:\/\/drawings-online.com\/en\/#\/schema\/logo\/image\/"},"sameAs":["https:\/\/www.facebook.com\/people\/Drawings-online\/100034942735866\/","https:\/\/x.com\/OnlineDrawings","https:\/\/www.instagram.com\/drawings_online_com\/"]}]}},"jetpack_sharing_enabled":true,"_links":{"self":[{"href":"https:\/\/drawings-online.com\/en\/wp-json\/wp\/v2\/product\/6298","targetHints":{"allow":["GET"]}}],"collection":[{"href":"https:\/\/drawings-online.com\/en\/wp-json\/wp\/v2\/product"}],"about":[{"href":"https:\/\/drawings-online.com\/en\/wp-json\/wp\/v2\/types\/product"}],"wp:featuredmedia":[{"embeddable":true,"href":"https:\/\/drawings-online.com\/en\/wp-json\/wp\/v2\/media\/6299"}],"wp:attachment":[{"href":"https:\/\/drawings-online.com\/en\/wp-json\/wp\/v2\/media?parent=6298"}],"wp:term":[{"taxonomy":"product_brand","embeddable":true,"href":"https:\/\/drawings-online.com\/en\/wp-json\/wp\/v2\/product_brand?post=6298"},{"taxonomy":"product_cat","embeddable":true,"href":"https:\/\/drawings-online.com\/en\/wp-json\/wp\/v2\/product_cat?post=6298"},{"taxonomy":"product_tag","embeddable":true,"href":"https:\/\/drawings-online.com\/en\/wp-json\/wp\/v2\/product_tag?post=6298"}],"curies":[{"name":"wp","href":"https:\/\/api.w.org\/{rel}","templated":true}]}}