{"id":6293,"date":"2022-10-25T14:00:41","date_gmt":"2022-10-25T12:00:41","guid":{"rendered":"https:\/\/drawings-online.com\/product\/\/"},"modified":"2024-03-05T14:34:15","modified_gmt":"2024-03-05T13:34:15","slug":"programme-de-la-soiree-de-lascension-1917-arsene-lupin-donnee-au-bagne-de-cayenne","status":"publish","type":"product","link":"https:\/\/drawings-online.com\/en\/product\/program-of-the-party-held-for-ascension-day-1917-arsene-lupin-in-the-prison-of-cayenne\/","title":{"rendered":"Program of the party held for Ascension Day 1917 (Ars\u00e8ne Lupin), in the prison of Cayenne"},"content":{"rendered":"<p><strong>French amateur draughtsman<br \/>\n<\/strong><br \/>\n1917<\/p>\n<p><strong><em>Program of the party held for Ascension Day on Thursday, May 17<sup>th<\/sup> 1917, in the prison of Cayenne<\/p>\n<p><\/em><\/strong>Watercolour and pen and blue ink on beige paper laid down on a thicker paper glued to a canvas.<\/p>\n<p>Inscribed on the backing paper <em>Rodric etait Rodriguez<\/em> et <em>Jacob M lui-m\u00eame<\/em>.<\/p>\n<p>303 x 250 mm &#8211; 11 15\/16 x 9 13\/16 in.<\/p>\n<p>Inscribed&nbsp;:<\/p>\n<p><em>jeudi 17 mai \/ Ascension&nbsp; 1917 \/ Programme <\/em><\/p>\n<p><em>Grande soir\u00e9e<\/em><\/p>\n<p><em>Premi\u00e8re partie&nbsp;: Concert<\/em><\/p>\n<p><em>Les chanteurs montmartois&nbsp;: GRot du caveau des \u2026- L\u2019irr\u00e9sistible Riri, dit l\u2019Iguane \u2013 Bergess, grand t\u00e9nor marseillais \u2013 Ferrer de S\u00e9ville \u2013 Ravachol de la Villette \u2013 Rodric de \u2026 &#8211; de Saint-Albin, grand diseur et autres amateurs dans leurs r\u00e9pertoires choisis interpr\u00e8teront tous les genres. Rideau \u00e0 6H\/ entr\u00e9e interdite aux honn\u00eates gens.\/ Buffet \/ Th\u00e9 Michaux \/ Th\u00e9 artichaux \/ 0.05\/ toutes les friandises au m\u00eame prix&nbsp;! \/ 0.05&nbsp;! \/ <\/em><\/p>\n<p><em>Seconde partie&nbsp;: Ars\u00e8ne Lupin \/ (drame policier) roi des Boisses\/ Personnages&nbsp;:<\/em><\/p>\n<p><em>Le duc d\u2019Eysse\u2026..GRot\/Ars\u00e8ne Lupin&nbsp; \u2026 X\/ Monsieur Dup\u00e8ze rentier \u2026.Rodric \/ Balourdeau larbin \u2026 \u2026Riri\/ Sherlock Holmes d\u00e9tective \u2026Rodric \/ le juge d\u2019instruction&nbsp; \u2026Latuile\/ le Commissaire \u2026St TAlbin \/ L\u2019agent Lutor \u2026Toto \/ Les deux inspecteurs mobiles \u2026Capron \/ Toto \/ deux visiteurs \u2026Ferrer \/ Pour couvrir les frais g\u00e9n\u00e9raux et encourager l\u2019art dramatique, on est prier de consommer \u00e0 outrance \/ pas de pourboire aux ouvreuses.<\/p>\n<p><\/em>This program, as well as another that we offer, are designed for evenings organized in the prison of Cayenne in 1917 by the prisoners themselves. Both parties consist in a musical and a theatrical part, that is to say songs and a play composed and interpreted by the prisoners. Both programs were also made by one of the convicts; they bear a moving testimony of their activities but also of their creativity and sense of humor.<br \/>\n<em><br \/>\n<\/em><\/p>\n<p>During Ascension Day, after the musical part, the convicts staged a play inspired by Ars\u00e8ne Lupin, the fictional character created in 1905 by Maurice Leblanc who drew inspiration from various famous criminals from the early 20<sup>th<\/sup> century. Marius Jacob for instance was a humorous and ingenious thief whose adventures were widely spread by the newspapers.<\/p>\n<p>The drawn figure representing Ars\u00e8ne Lupin, with his small mustache and long nose, evokes a caricature of Maurice Leblanc.<\/p>\n<p>Most of the convicts performing during the parties are indeed registered in the archives of the prison of Cayenne: Saint-Albin, Ravachol, Ferrer, Rodriguez (Rodric), Capron.<\/p>\n<p><em>&nbsp;<\/em><\/p>\n","protected":false},"excerpt":{"rendered":"<p>French amateur draughtsman 1917 Program of the party held for Ascension Day on Thursday, May 17th 1917, in the prison of Cayenne Watercolour and pen and blue ink on beige paper laid down on a thicker paper glued to a canvas. Inscribed on the backing paper Rodric etait Rodriguez et Jacob M lui-m\u00eame. 303 x [&hellip;]<\/p>\n","protected":false},"featured_media":6294,"template":"","meta":{"_themeisle_gutenberg_block_has_review":false},"product_brand":[],"product_cat":[78],"product_tag":[104,32,400,399,398,350,353,392,402,232],"class_list":{"0":"post-6293","1":"product","2":"type-product","3":"status-publish","4":"has-post-thumbnail","6":"product_cat-french-school","7":"product_tag-20th","8":"product_tag-watercolour","9":"product_tag-convict","10":"product_tag-prison","11":"product_tag-dessins-amateurs","12":"product_tag-dessins-du-20e","13":"product_tag-gallery","14":"product_tag-n13","15":"product_tag-programme","16":"product_tag-theater","18":"first","19":"outofstock","20":"taxable","21":"shipping-taxable","22":"purchasable","23":"product-type-variable"},"yoast_head":"<!-- This site is optimized with the Yoast SEO plugin v27.5 - https:\/\/yoast.com\/product\/yoast-seo-wordpress\/ -->\n<title>Program of the party held for Ascension Day 1917 (Ars\u00e8ne Lupin), in the prison of Cayenne<\/title>\n<meta name=\"description\" content=\"French amateur draughtsman 1917 Program of the party held for Ascension Day on Thursday, May 17th 1917, in the prison of Cayenne Watercolour and pen and blue ink on beige paper laid down on a thicker paper glued to a canvas. Inscribed on the backing paper Rodric etait Rodriguez et Jacob M lui-m\u00eame. 303 x&hellip;\" \/>\n<meta name=\"robots\" content=\"index, follow, max-snippet:-1, max-image-preview:large, max-video-preview:-1\" \/>\n<link rel=\"canonical\" href=\"http:\/\/French%20amateur%20draughtsman%201917%20Program%20of%20the%20party%20held%20for%20Ascension%20Day%20on%20Thursday,%20May%2017th%201917,%20in%20the%20prison%20of%20Cayenne%20Watercolour%20and%20pen%20and%20blue%20ink%20on%20beige%20paper%20laid%20down%20on%20a%20thicker%20paper%20glued%20to%20a%20canvas.%20Inscribed%20on%20the%20backing%20paper%20Rodric%20etait%20Rodriguez%20et%20Jacob%20M%20lui-m\u00eame.%20303%20x&hellip;\" \/>\n<meta property=\"og:locale\" content=\"en_US\" \/>\n<meta property=\"og:type\" content=\"article\" \/>\n<meta property=\"og:title\" content=\"Program of the party held for Ascension Day 1917 (Ars\u00e8ne Lupin), in the prison of Cayenne\" \/>\n<meta property=\"og:description\" content=\"French amateur draughtsman 1917 Program of the party held for Ascension Day on Thursday, May 17th 1917, in the prison of Cayenne Watercolour and pen and blue ink on beige paper laid down on a thicker paper glued to a canvas. Inscribed on the backing paper Rodric etait Rodriguez et Jacob M lui-m\u00eame. 303 x&hellip;\" \/>\n<meta property=\"og:url\" content=\"https:\/\/drawings-online.com\/en\/product\/program-of-the-party-held-for-ascension-day-1917-arsene-lupin-in-the-prison-of-cayenne\/\" \/>\n<meta property=\"og:site_name\" content=\"Drawings-online\" \/>\n<meta property=\"article:publisher\" content=\"https:\/\/www.facebook.com\/people\/Drawings-online\/100034942735866\/\" \/>\n<meta property=\"article:modified_time\" content=\"2024-03-05T13:34:15+00:00\" \/>\n<meta property=\"og:image\" content=\"https:\/\/drawings-online.com\/wp-content\/uploads\/2022\/10\/DSC_4445_1-1024x1024.png\" \/>\n\t<meta property=\"og:image:width\" content=\"1024\" \/>\n\t<meta property=\"og:image:height\" content=\"1024\" \/>\n\t<meta property=\"og:image:type\" content=\"image\/png\" \/>\n<meta name=\"twitter:card\" content=\"summary_large_image\" \/>\n<meta name=\"twitter:site\" content=\"@OnlineDrawings\" \/>\n<meta name=\"twitter:label1\" content=\"Est. reading time\" \/>\n\t<meta name=\"twitter:data1\" content=\"2 minutes\" \/>\n<script type=\"application\/ld+json\" class=\"yoast-schema-graph\">{\"@context\":\"https:\\\/\\\/schema.org\",\"@graph\":[{\"@type\":\"WebPage\",\"@id\":\"https:\\\/\\\/drawings-online.com\\\/en\\\/product\\\/program-of-the-party-held-for-ascension-day-1917-arsene-lupin-in-the-prison-of-cayenne\\\/\",\"url\":\"https:\\\/\\\/drawings-online.com\\\/en\\\/product\\\/program-of-the-party-held-for-ascension-day-1917-arsene-lupin-in-the-prison-of-cayenne\\\/\",\"name\":\"Programme de la soir\u00e9e de l\u2019Ascension 1917 (Ars\u00e8ne Lupin) donn\u00e9e au bagne de Cayenne - Drawings-online\",\"isPartOf\":{\"@id\":\"https:\\\/\\\/drawings-online.com\\\/#website\"},\"primaryImageOfPage\":{\"@id\":\"https:\\\/\\\/drawings-online.com\\\/en\\\/product\\\/program-of-the-party-held-for-ascension-day-1917-arsene-lupin-in-the-prison-of-cayenne\\\/#primaryimage\"},\"image\":{\"@id\":\"https:\\\/\\\/drawings-online.com\\\/en\\\/product\\\/program-of-the-party-held-for-ascension-day-1917-arsene-lupin-in-the-prison-of-cayenne\\\/#primaryimage\"},\"thumbnailUrl\":\"https:\\\/\\\/drawings-online.com\\\/wp-content\\\/uploads\\\/2022\\\/10\\\/DSC_4445_1.png\",\"datePublished\":\"2022-10-25T12:00:41+00:00\",\"dateModified\":\"2024-03-05T13:34:15+00:00\",\"breadcrumb\":{\"@id\":\"https:\\\/\\\/drawings-online.com\\\/en\\\/product\\\/program-of-the-party-held-for-ascension-day-1917-arsene-lupin-in-the-prison-of-cayenne\\\/#breadcrumb\"},\"inLanguage\":\"en-US\",\"potentialAction\":[{\"@type\":\"ReadAction\",\"target\":[\"https:\\\/\\\/drawings-online.com\\\/en\\\/product\\\/program-of-the-party-held-for-ascension-day-1917-arsene-lupin-in-the-prison-of-cayenne\\\/\"]}]},{\"@type\":\"ImageObject\",\"inLanguage\":\"en-US\",\"@id\":\"https:\\\/\\\/drawings-online.com\\\/en\\\/product\\\/program-of-the-party-held-for-ascension-day-1917-arsene-lupin-in-the-prison-of-cayenne\\\/#primaryimage\",\"url\":\"https:\\\/\\\/drawings-online.com\\\/wp-content\\\/uploads\\\/2022\\\/10\\\/DSC_4445_1.png\",\"contentUrl\":\"https:\\\/\\\/drawings-online.com\\\/wp-content\\\/uploads\\\/2022\\\/10\\\/DSC_4445_1.png\",\"width\":1800,\"height\":1800},{\"@type\":\"BreadcrumbList\",\"@id\":\"https:\\\/\\\/drawings-online.com\\\/en\\\/product\\\/program-of-the-party-held-for-ascension-day-1917-arsene-lupin-in-the-prison-of-cayenne\\\/#breadcrumb\",\"itemListElement\":[{\"@type\":\"ListItem\",\"position\":1,\"name\":\"Works available\",\"item\":\"https:\\\/\\\/drawings-online.com\\\/\"},{\"@type\":\"ListItem\",\"position\":2,\"name\":\"Gallery\",\"item\":\"https:\\\/\\\/drawings-online.com\\\/galerie\\\/\"},{\"@type\":\"ListItem\",\"position\":3,\"name\":\"20e\",\"item\":\"https:\\\/\\\/drawings-online.com\\\/product_tag\\\/20e\\\/\"},{\"@type\":\"ListItem\",\"position\":4,\"name\":\"Program of the party held for Ascension Day 1917 (Ars\u00e8ne Lupin), in the prison of Cayenne\"}]},{\"@type\":\"WebSite\",\"@id\":\"https:\\\/\\\/drawings-online.com\\\/en\\\/#website\",\"url\":\"https:\\\/\\\/drawings-online.com\\\/en\\\/\",\"name\":\"Drawings-online\",\"description\":\"Dessins en ligne\",\"publisher\":{\"@id\":\"https:\\\/\\\/drawings-online.com\\\/en\\\/#organization\"},\"potentialAction\":[{\"@type\":\"SearchAction\",\"target\":{\"@type\":\"EntryPoint\",\"urlTemplate\":\"https:\\\/\\\/drawings-online.com\\\/en\\\/?s={search_term_string}\"},\"query-input\":{\"@type\":\"PropertyValueSpecification\",\"valueRequired\":true,\"valueName\":\"search_term_string\"}}],\"inLanguage\":\"en-US\"},{\"@type\":\"Organization\",\"@id\":\"https:\\\/\\\/drawings-online.com\\\/en\\\/#organization\",\"name\":\"Drawings-online\",\"url\":\"https:\\\/\\\/drawings-online.com\\\/en\\\/\",\"logo\":{\"@type\":\"ImageObject\",\"inLanguage\":\"en-US\",\"@id\":\"https:\\\/\\\/drawings-online.com\\\/en\\\/#\\\/schema\\\/logo\\\/image\\\/\",\"url\":\"https:\\\/\\\/drawings-online.com\\\/wp-content\\\/uploads\\\/2020\\\/12\\\/drawings-icone-transp-e1607442878135.png\",\"contentUrl\":\"https:\\\/\\\/drawings-online.com\\\/wp-content\\\/uploads\\\/2020\\\/12\\\/drawings-icone-transp-e1607442878135.png\",\"width\":150,\"height\":150,\"caption\":\"Drawings-online\"},\"image\":{\"@id\":\"https:\\\/\\\/drawings-online.com\\\/en\\\/#\\\/schema\\\/logo\\\/image\\\/\"},\"sameAs\":[\"https:\\\/\\\/www.facebook.com\\\/people\\\/Drawings-online\\\/100034942735866\\\/\",\"https:\\\/\\\/x.com\\\/OnlineDrawings\",\"https:\\\/\\\/www.instagram.com\\\/drawings_online_com\\\/\"]}]}<\/script>\n<!-- \/ Yoast SEO plugin. -->","yoast_head_json":{"title":"Program of the party held for Ascension Day 1917 (Ars\u00e8ne Lupin), in the prison of Cayenne","description":"French amateur draughtsman 1917 Program of the party held for Ascension Day on Thursday, May 17th 1917, in the prison of Cayenne Watercolour and pen and blue ink on beige paper laid down on a thicker paper glued to a canvas. Inscribed on the backing paper Rodric etait Rodriguez et Jacob M lui-m\u00eame. 303 x&hellip;","robots":{"index":"index","follow":"follow","max-snippet":"max-snippet:-1","max-image-preview":"max-image-preview:large","max-video-preview":"max-video-preview:-1"},"canonical":"French amateur draughtsman 1917 Program of the party held for Ascension Day on Thursday, May 17th 1917, in the prison of Cayenne Watercolour and pen and blue ink on beige paper laid down on a thicker paper glued to a canvas. Inscribed on the backing paper Rodric etait Rodriguez et Jacob M lui-m\u00eame. 303 x&hellip;","og_locale":"en_US","og_type":"article","og_title":"Program of the party held for Ascension Day 1917 (Ars\u00e8ne Lupin), in the prison of Cayenne","og_description":"French amateur draughtsman 1917 Program of the party held for Ascension Day on Thursday, May 17th 1917, in the prison of Cayenne Watercolour and pen and blue ink on beige paper laid down on a thicker paper glued to a canvas. Inscribed on the backing paper Rodric etait Rodriguez et Jacob M lui-m\u00eame. 303 x&hellip;","og_url":"https:\/\/drawings-online.com\/en\/product\/program-of-the-party-held-for-ascension-day-1917-arsene-lupin-in-the-prison-of-cayenne\/","og_site_name":"Drawings-online","article_publisher":"https:\/\/www.facebook.com\/people\/Drawings-online\/100034942735866\/","article_modified_time":"2024-03-05T13:34:15+00:00","og_image":[{"width":1024,"height":1024,"url":"https:\/\/drawings-online.com\/wp-content\/uploads\/2022\/10\/DSC_4445_1-1024x1024.png","type":"image\/png"}],"twitter_card":"summary_large_image","twitter_site":"@OnlineDrawings","twitter_misc":{"Est. reading time":"2 minutes"},"schema":{"@context":"https:\/\/schema.org","@graph":[{"@type":"WebPage","@id":"https:\/\/drawings-online.com\/en\/product\/program-of-the-party-held-for-ascension-day-1917-arsene-lupin-in-the-prison-of-cayenne\/","url":"https:\/\/drawings-online.com\/en\/product\/program-of-the-party-held-for-ascension-day-1917-arsene-lupin-in-the-prison-of-cayenne\/","name":"Programme de la soir\u00e9e de l\u2019Ascension 1917 (Ars\u00e8ne Lupin) donn\u00e9e au bagne de Cayenne - Drawings-online","isPartOf":{"@id":"https:\/\/drawings-online.com\/#website"},"primaryImageOfPage":{"@id":"https:\/\/drawings-online.com\/en\/product\/program-of-the-party-held-for-ascension-day-1917-arsene-lupin-in-the-prison-of-cayenne\/#primaryimage"},"image":{"@id":"https:\/\/drawings-online.com\/en\/product\/program-of-the-party-held-for-ascension-day-1917-arsene-lupin-in-the-prison-of-cayenne\/#primaryimage"},"thumbnailUrl":"https:\/\/drawings-online.com\/wp-content\/uploads\/2022\/10\/DSC_4445_1.png","datePublished":"2022-10-25T12:00:41+00:00","dateModified":"2024-03-05T13:34:15+00:00","breadcrumb":{"@id":"https:\/\/drawings-online.com\/en\/product\/program-of-the-party-held-for-ascension-day-1917-arsene-lupin-in-the-prison-of-cayenne\/#breadcrumb"},"inLanguage":"en-US","potentialAction":[{"@type":"ReadAction","target":["https:\/\/drawings-online.com\/en\/product\/program-of-the-party-held-for-ascension-day-1917-arsene-lupin-in-the-prison-of-cayenne\/"]}]},{"@type":"ImageObject","inLanguage":"en-US","@id":"https:\/\/drawings-online.com\/en\/product\/program-of-the-party-held-for-ascension-day-1917-arsene-lupin-in-the-prison-of-cayenne\/#primaryimage","url":"https:\/\/drawings-online.com\/wp-content\/uploads\/2022\/10\/DSC_4445_1.png","contentUrl":"https:\/\/drawings-online.com\/wp-content\/uploads\/2022\/10\/DSC_4445_1.png","width":1800,"height":1800},{"@type":"BreadcrumbList","@id":"https:\/\/drawings-online.com\/en\/product\/program-of-the-party-held-for-ascension-day-1917-arsene-lupin-in-the-prison-of-cayenne\/#breadcrumb","itemListElement":[{"@type":"ListItem","position":1,"name":"Works available","item":"https:\/\/drawings-online.com\/"},{"@type":"ListItem","position":2,"name":"Gallery","item":"https:\/\/drawings-online.com\/galerie\/"},{"@type":"ListItem","position":3,"name":"20e","item":"https:\/\/drawings-online.com\/product_tag\/20e\/"},{"@type":"ListItem","position":4,"name":"Program of the party held for Ascension Day 1917 (Ars\u00e8ne Lupin), in the prison of Cayenne"}]},{"@type":"WebSite","@id":"https:\/\/drawings-online.com\/en\/#website","url":"https:\/\/drawings-online.com\/en\/","name":"Drawings-online","description":"Dessins en ligne","publisher":{"@id":"https:\/\/drawings-online.com\/en\/#organization"},"potentialAction":[{"@type":"SearchAction","target":{"@type":"EntryPoint","urlTemplate":"https:\/\/drawings-online.com\/en\/?s={search_term_string}"},"query-input":{"@type":"PropertyValueSpecification","valueRequired":true,"valueName":"search_term_string"}}],"inLanguage":"en-US"},{"@type":"Organization","@id":"https:\/\/drawings-online.com\/en\/#organization","name":"Drawings-online","url":"https:\/\/drawings-online.com\/en\/","logo":{"@type":"ImageObject","inLanguage":"en-US","@id":"https:\/\/drawings-online.com\/en\/#\/schema\/logo\/image\/","url":"https:\/\/drawings-online.com\/wp-content\/uploads\/2020\/12\/drawings-icone-transp-e1607442878135.png","contentUrl":"https:\/\/drawings-online.com\/wp-content\/uploads\/2020\/12\/drawings-icone-transp-e1607442878135.png","width":150,"height":150,"caption":"Drawings-online"},"image":{"@id":"https:\/\/drawings-online.com\/en\/#\/schema\/logo\/image\/"},"sameAs":["https:\/\/www.facebook.com\/people\/Drawings-online\/100034942735866\/","https:\/\/x.com\/OnlineDrawings","https:\/\/www.instagram.com\/drawings_online_com\/"]}]}},"jetpack_sharing_enabled":true,"_links":{"self":[{"href":"https:\/\/drawings-online.com\/en\/wp-json\/wp\/v2\/product\/6293","targetHints":{"allow":["GET"]}}],"collection":[{"href":"https:\/\/drawings-online.com\/en\/wp-json\/wp\/v2\/product"}],"about":[{"href":"https:\/\/drawings-online.com\/en\/wp-json\/wp\/v2\/types\/product"}],"wp:featuredmedia":[{"embeddable":true,"href":"https:\/\/drawings-online.com\/en\/wp-json\/wp\/v2\/media\/6294"}],"wp:attachment":[{"href":"https:\/\/drawings-online.com\/en\/wp-json\/wp\/v2\/media?parent=6293"}],"wp:term":[{"taxonomy":"product_brand","embeddable":true,"href":"https:\/\/drawings-online.com\/en\/wp-json\/wp\/v2\/product_brand?post=6293"},{"taxonomy":"product_cat","embeddable":true,"href":"https:\/\/drawings-online.com\/en\/wp-json\/wp\/v2\/product_cat?post=6293"},{"taxonomy":"product_tag","embeddable":true,"href":"https:\/\/drawings-online.com\/en\/wp-json\/wp\/v2\/product_tag?post=6293"}],"curies":[{"name":"wp","href":"https:\/\/api.w.org\/{rel}","templated":true}]}}