{"id":6276,"date":"2023-07-11T05:10:37","date_gmt":"2023-07-11T03:10:37","guid":{"rendered":"https:\/\/drawings-online.com\/product\/\/"},"modified":"2024-03-05T14:31:23","modified_gmt":"2024-03-05T13:31:23","slug":"n-americain-paire-ecole-francaise-fin-xviiie-debut-xixeune-americaine-et-u","status":"publish","type":"product","link":"https:\/\/drawings-online.com\/en\/product\/an-american-lady-and-an-american-man-a-pair-french-school-late-18th-century-or-early-19th-century\/","title":{"rendered":"An American lady and An American man (a pair), French school, late 18th century or early 19th century"},"content":{"rendered":"<p style=\"font-weight: 400;\"><strong>French school, late 18th century or early 19th century<\/strong><\/p>\n<p style=\"font-weight: 400;\"><em>An American lady<\/p>\n<p><\/em>Watercolour.<\/p>\n<p>Inscribed <em>Am\u00e9ricaine<\/em> with pen and brown ink.<\/p>\n<p>Watermark bird in a circle with letter F.<\/p>\n<p>224 x 140 mm &#8211; 8 13\/16 x 5 1\/2 in.<\/p>\n<p style=\"font-weight: 400;\"><em><br \/>\nAn American man<\/p>\n<p><\/em>Watercolor.<\/p>\n<p>Inscribed <em>Americain<\/em> with pen and brown ink.<\/p>\n<p>222 x 140 mm &#8211; 8 3\/4 x 5 1\/2 in.<\/p>\n<p>These two little drawings are the work of an artist from the late&nbsp;18<sup>th<\/sup>&nbsp;or early 19<sup>th<\/sup>&nbsp;century travelling in America, such as the painter Jean-Baptiste Debret who gathered in his&nbsp;<em>Voyage pittoresque et historique au Br\u00e9sil<\/em>&nbsp;(1834-1839) the numerous drawings and studies that he made during his more-than-fifteen-years sojourn in Brazil (from 1815 to 1831) and which give unique testimony on the daily life of the local population of the time.<\/p>\n","protected":false},"excerpt":{"rendered":"<p>French school, late 18th century or early 19th century An American lady Watercolour. Inscribed Am\u00e9ricaine with pen and brown ink. Watermark bird in a circle with letter F. 224 x 140 mm &#8211; 8 13\/16 x 5 1\/2 in. An American man Watercolor. Inscribed Americain with pen and brown ink. 222 x 140 mm &#8211; [&hellip;]<\/p>\n","protected":false},"featured_media":6277,"template":"","meta":{"_themeisle_gutenberg_block_has_review":false},"product_brand":[],"product_cat":[78],"product_tag":[37,32,345,396,395,353,392,423,275],"class_list":{"0":"post-6276","1":"product","2":"type-product","3":"status-publish","4":"has-post-thumbnail","6":"product_cat-french-school","7":"product_tag-19th","8":"product_tag-watercolour","9":"product_tag-old-master-drawings","10":"product_tag-esclavage","11":"product_tag-etats-unis","12":"product_tag-gallery","13":"product_tag-n13","14":"product_tag-n15b","15":"product_tag-traveling-painters","17":"first","18":"instock","19":"taxable","20":"shipping-taxable","21":"purchasable","22":"product-type-variable"},"yoast_head":"<!-- This site is optimized with the Yoast SEO plugin v27.4 - https:\/\/yoast.com\/product\/yoast-seo-wordpress\/ -->\n<title>An American lady and An American man (a pair), French school, late 18th century or early 19th century<\/title>\n<meta name=\"description\" content=\"French school, late 18th century or early 19th century An American lady Watercolour. Inscribed Am\u00e9ricaine with pen and brown ink. Watermark bird in a circle with letter F. 224 x 140 mm - 8 13\/16 x 5 1\/2 in. An American man Watercolor. Inscribed Americain with pen and brown ink. 222 x 140 mm -&hellip;\" \/>\n<meta name=\"robots\" content=\"index, follow, max-snippet:-1, max-image-preview:large, max-video-preview:-1\" \/>\n<link rel=\"canonical\" href=\"http:\/\/French%20school,%20late%2018th%20century%20or%20early%2019th%20century%20An%20American%20lady%20Watercolour.%20Inscribed%20Am\u00e9ricaine%20with%20pen%20and%20brown%20ink.%20Watermark%20bird%20in%20a%20circle%20with%20letter%20F.%20224%20x%20140%20mm%20-%208%2013\/16%20x%205%201\/2%20in.%20An%20American%20man%20Watercolor.%20Inscribed%20Americain%20with%20pen%20and%20brown%20ink.%20222%20x%20140%20mm%20-&hellip;\" \/>\n<meta property=\"og:locale\" content=\"en_US\" \/>\n<meta property=\"og:type\" content=\"article\" \/>\n<meta property=\"og:title\" content=\"An American lady and An American man (a pair), French school, late 18th century or early 19th century\" \/>\n<meta property=\"og:description\" content=\"French school, late 18th century or early 19th century An American lady Watercolour. Inscribed Am\u00e9ricaine with pen and brown ink. Watermark bird in a circle with letter F. 224 x 140 mm - 8 13\/16 x 5 1\/2 in. An American man Watercolor. Inscribed Americain with pen and brown ink. 222 x 140 mm -&hellip;\" \/>\n<meta property=\"og:url\" content=\"https:\/\/drawings-online.com\/en\/product\/an-american-lady-and-an-american-man-a-pair-french-school-late-18th-century-or-early-19th-century\/\" \/>\n<meta property=\"og:site_name\" content=\"Drawings-online\" \/>\n<meta property=\"article:publisher\" content=\"https:\/\/www.facebook.com\/people\/Drawings-online\/100034942735866\/\" \/>\n<meta property=\"article:modified_time\" content=\"2024-03-05T13:31:23+00:00\" \/>\n<meta property=\"og:image\" content=\"https:\/\/drawings-online.com\/wp-content\/uploads\/2022\/10\/DSC_44494450-1024x1024.png\" \/>\n\t<meta property=\"og:image:width\" content=\"1024\" \/>\n\t<meta property=\"og:image:height\" content=\"1024\" \/>\n\t<meta property=\"og:image:type\" content=\"image\/png\" \/>\n<meta name=\"twitter:card\" content=\"summary_large_image\" \/>\n<meta name=\"twitter:site\" content=\"@OnlineDrawings\" \/>\n<meta name=\"twitter:label1\" content=\"Est. reading time\" \/>\n\t<meta name=\"twitter:data1\" content=\"1 minute\" \/>\n<script type=\"application\/ld+json\" class=\"yoast-schema-graph\">{\"@context\":\"https:\\\/\\\/schema.org\",\"@graph\":[{\"@type\":\"WebPage\",\"@id\":\"https:\\\/\\\/drawings-online.com\\\/en\\\/product\\\/an-american-lady-and-an-american-man-a-pair-french-school-late-18th-century-or-early-19th-century\\\/\",\"url\":\"https:\\\/\\\/drawings-online.com\\\/en\\\/product\\\/an-american-lady-and-an-american-man-a-pair-french-school-late-18th-century-or-early-19th-century\\\/\",\"name\":\"Une Am\u00e9ricaine et un Am\u00e9ricain (paire), \u00c9cole fran\u00e7aise fin XVIIIe, d\u00e9but XIXe - Drawings-online\",\"isPartOf\":{\"@id\":\"https:\\\/\\\/drawings-online.com\\\/#website\"},\"primaryImageOfPage\":{\"@id\":\"https:\\\/\\\/drawings-online.com\\\/en\\\/product\\\/an-american-lady-and-an-american-man-a-pair-french-school-late-18th-century-or-early-19th-century\\\/#primaryimage\"},\"image\":{\"@id\":\"https:\\\/\\\/drawings-online.com\\\/en\\\/product\\\/an-american-lady-and-an-american-man-a-pair-french-school-late-18th-century-or-early-19th-century\\\/#primaryimage\"},\"thumbnailUrl\":\"https:\\\/\\\/drawings-online.com\\\/wp-content\\\/uploads\\\/2022\\\/10\\\/DSC_44494450.png\",\"datePublished\":\"2023-07-11T03:10:37+00:00\",\"dateModified\":\"2024-03-05T13:31:23+00:00\",\"breadcrumb\":{\"@id\":\"https:\\\/\\\/drawings-online.com\\\/en\\\/product\\\/an-american-lady-and-an-american-man-a-pair-french-school-late-18th-century-or-early-19th-century\\\/#breadcrumb\"},\"inLanguage\":\"en-US\",\"potentialAction\":[{\"@type\":\"ReadAction\",\"target\":[\"https:\\\/\\\/drawings-online.com\\\/en\\\/product\\\/an-american-lady-and-an-american-man-a-pair-french-school-late-18th-century-or-early-19th-century\\\/\"]}]},{\"@type\":\"ImageObject\",\"inLanguage\":\"en-US\",\"@id\":\"https:\\\/\\\/drawings-online.com\\\/en\\\/product\\\/an-american-lady-and-an-american-man-a-pair-french-school-late-18th-century-or-early-19th-century\\\/#primaryimage\",\"url\":\"https:\\\/\\\/drawings-online.com\\\/wp-content\\\/uploads\\\/2022\\\/10\\\/DSC_44494450.png\",\"contentUrl\":\"https:\\\/\\\/drawings-online.com\\\/wp-content\\\/uploads\\\/2022\\\/10\\\/DSC_44494450.png\",\"width\":1800,\"height\":1800},{\"@type\":\"BreadcrumbList\",\"@id\":\"https:\\\/\\\/drawings-online.com\\\/en\\\/product\\\/an-american-lady-and-an-american-man-a-pair-french-school-late-18th-century-or-early-19th-century\\\/#breadcrumb\",\"itemListElement\":[{\"@type\":\"ListItem\",\"position\":1,\"name\":\"Works available\",\"item\":\"https:\\\/\\\/drawings-online.com\\\/\"},{\"@type\":\"ListItem\",\"position\":2,\"name\":\"Gallery\",\"item\":\"https:\\\/\\\/drawings-online.com\\\/galerie\\\/\"},{\"@type\":\"ListItem\",\"position\":3,\"name\":\"19e\",\"item\":\"https:\\\/\\\/drawings-online.com\\\/product_tag\\\/19e\\\/\"},{\"@type\":\"ListItem\",\"position\":4,\"name\":\"An American lady and An American man (a pair), French school, late 18th century or early 19th century\"}]},{\"@type\":\"WebSite\",\"@id\":\"https:\\\/\\\/drawings-online.com\\\/en\\\/#website\",\"url\":\"https:\\\/\\\/drawings-online.com\\\/en\\\/\",\"name\":\"Drawings-online\",\"description\":\"Dessins en ligne\",\"publisher\":{\"@id\":\"https:\\\/\\\/drawings-online.com\\\/en\\\/#organization\"},\"potentialAction\":[{\"@type\":\"SearchAction\",\"target\":{\"@type\":\"EntryPoint\",\"urlTemplate\":\"https:\\\/\\\/drawings-online.com\\\/en\\\/?s={search_term_string}\"},\"query-input\":{\"@type\":\"PropertyValueSpecification\",\"valueRequired\":true,\"valueName\":\"search_term_string\"}}],\"inLanguage\":\"en-US\"},{\"@type\":\"Organization\",\"@id\":\"https:\\\/\\\/drawings-online.com\\\/en\\\/#organization\",\"name\":\"Drawings-online\",\"url\":\"https:\\\/\\\/drawings-online.com\\\/en\\\/\",\"logo\":{\"@type\":\"ImageObject\",\"inLanguage\":\"en-US\",\"@id\":\"https:\\\/\\\/drawings-online.com\\\/en\\\/#\\\/schema\\\/logo\\\/image\\\/\",\"url\":\"https:\\\/\\\/drawings-online.com\\\/wp-content\\\/uploads\\\/2020\\\/12\\\/drawings-icone-transp-e1607442878135.png\",\"contentUrl\":\"https:\\\/\\\/drawings-online.com\\\/wp-content\\\/uploads\\\/2020\\\/12\\\/drawings-icone-transp-e1607442878135.png\",\"width\":150,\"height\":150,\"caption\":\"Drawings-online\"},\"image\":{\"@id\":\"https:\\\/\\\/drawings-online.com\\\/en\\\/#\\\/schema\\\/logo\\\/image\\\/\"},\"sameAs\":[\"https:\\\/\\\/www.facebook.com\\\/people\\\/Drawings-online\\\/100034942735866\\\/\",\"https:\\\/\\\/x.com\\\/OnlineDrawings\",\"https:\\\/\\\/www.instagram.com\\\/drawings_online_com\\\/\"]}]}<\/script>\n<!-- \/ Yoast SEO plugin. -->","yoast_head_json":{"title":"An American lady and An American man (a pair), French school, late 18th century or early 19th century","description":"French school, late 18th century or early 19th century An American lady Watercolour. Inscribed Am\u00e9ricaine with pen and brown ink. Watermark bird in a circle with letter F. 224 x 140 mm - 8 13\/16 x 5 1\/2 in. An American man Watercolor. Inscribed Americain with pen and brown ink. 222 x 140 mm -&hellip;","robots":{"index":"index","follow":"follow","max-snippet":"max-snippet:-1","max-image-preview":"max-image-preview:large","max-video-preview":"max-video-preview:-1"},"canonical":"French school, late 18th century or early 19th century An American lady Watercolour. Inscribed Am\u00e9ricaine with pen and brown ink. Watermark bird in a circle with letter F. 224 x 140 mm - 8 13\/16 x 5 1\/2 in. An American man Watercolor. Inscribed Americain with pen and brown ink. 222 x 140 mm -&hellip;","og_locale":"en_US","og_type":"article","og_title":"An American lady and An American man (a pair), French school, late 18th century or early 19th century","og_description":"French school, late 18th century or early 19th century An American lady Watercolour. Inscribed Am\u00e9ricaine with pen and brown ink. Watermark bird in a circle with letter F. 224 x 140 mm - 8 13\/16 x 5 1\/2 in. An American man Watercolor. Inscribed Americain with pen and brown ink. 222 x 140 mm -&hellip;","og_url":"https:\/\/drawings-online.com\/en\/product\/an-american-lady-and-an-american-man-a-pair-french-school-late-18th-century-or-early-19th-century\/","og_site_name":"Drawings-online","article_publisher":"https:\/\/www.facebook.com\/people\/Drawings-online\/100034942735866\/","article_modified_time":"2024-03-05T13:31:23+00:00","og_image":[{"width":1024,"height":1024,"url":"https:\/\/drawings-online.com\/wp-content\/uploads\/2022\/10\/DSC_44494450-1024x1024.png","type":"image\/png"}],"twitter_card":"summary_large_image","twitter_site":"@OnlineDrawings","twitter_misc":{"Est. reading time":"1 minute"},"schema":{"@context":"https:\/\/schema.org","@graph":[{"@type":"WebPage","@id":"https:\/\/drawings-online.com\/en\/product\/an-american-lady-and-an-american-man-a-pair-french-school-late-18th-century-or-early-19th-century\/","url":"https:\/\/drawings-online.com\/en\/product\/an-american-lady-and-an-american-man-a-pair-french-school-late-18th-century-or-early-19th-century\/","name":"Une Am\u00e9ricaine et un Am\u00e9ricain (paire), \u00c9cole fran\u00e7aise fin XVIIIe, d\u00e9but XIXe - Drawings-online","isPartOf":{"@id":"https:\/\/drawings-online.com\/#website"},"primaryImageOfPage":{"@id":"https:\/\/drawings-online.com\/en\/product\/an-american-lady-and-an-american-man-a-pair-french-school-late-18th-century-or-early-19th-century\/#primaryimage"},"image":{"@id":"https:\/\/drawings-online.com\/en\/product\/an-american-lady-and-an-american-man-a-pair-french-school-late-18th-century-or-early-19th-century\/#primaryimage"},"thumbnailUrl":"https:\/\/drawings-online.com\/wp-content\/uploads\/2022\/10\/DSC_44494450.png","datePublished":"2023-07-11T03:10:37+00:00","dateModified":"2024-03-05T13:31:23+00:00","breadcrumb":{"@id":"https:\/\/drawings-online.com\/en\/product\/an-american-lady-and-an-american-man-a-pair-french-school-late-18th-century-or-early-19th-century\/#breadcrumb"},"inLanguage":"en-US","potentialAction":[{"@type":"ReadAction","target":["https:\/\/drawings-online.com\/en\/product\/an-american-lady-and-an-american-man-a-pair-french-school-late-18th-century-or-early-19th-century\/"]}]},{"@type":"ImageObject","inLanguage":"en-US","@id":"https:\/\/drawings-online.com\/en\/product\/an-american-lady-and-an-american-man-a-pair-french-school-late-18th-century-or-early-19th-century\/#primaryimage","url":"https:\/\/drawings-online.com\/wp-content\/uploads\/2022\/10\/DSC_44494450.png","contentUrl":"https:\/\/drawings-online.com\/wp-content\/uploads\/2022\/10\/DSC_44494450.png","width":1800,"height":1800},{"@type":"BreadcrumbList","@id":"https:\/\/drawings-online.com\/en\/product\/an-american-lady-and-an-american-man-a-pair-french-school-late-18th-century-or-early-19th-century\/#breadcrumb","itemListElement":[{"@type":"ListItem","position":1,"name":"Works available","item":"https:\/\/drawings-online.com\/"},{"@type":"ListItem","position":2,"name":"Gallery","item":"https:\/\/drawings-online.com\/galerie\/"},{"@type":"ListItem","position":3,"name":"19e","item":"https:\/\/drawings-online.com\/product_tag\/19e\/"},{"@type":"ListItem","position":4,"name":"An American lady and An American man (a pair), French school, late 18th century or early 19th century"}]},{"@type":"WebSite","@id":"https:\/\/drawings-online.com\/en\/#website","url":"https:\/\/drawings-online.com\/en\/","name":"Drawings-online","description":"Dessins en ligne","publisher":{"@id":"https:\/\/drawings-online.com\/en\/#organization"},"potentialAction":[{"@type":"SearchAction","target":{"@type":"EntryPoint","urlTemplate":"https:\/\/drawings-online.com\/en\/?s={search_term_string}"},"query-input":{"@type":"PropertyValueSpecification","valueRequired":true,"valueName":"search_term_string"}}],"inLanguage":"en-US"},{"@type":"Organization","@id":"https:\/\/drawings-online.com\/en\/#organization","name":"Drawings-online","url":"https:\/\/drawings-online.com\/en\/","logo":{"@type":"ImageObject","inLanguage":"en-US","@id":"https:\/\/drawings-online.com\/en\/#\/schema\/logo\/image\/","url":"https:\/\/drawings-online.com\/wp-content\/uploads\/2020\/12\/drawings-icone-transp-e1607442878135.png","contentUrl":"https:\/\/drawings-online.com\/wp-content\/uploads\/2020\/12\/drawings-icone-transp-e1607442878135.png","width":150,"height":150,"caption":"Drawings-online"},"image":{"@id":"https:\/\/drawings-online.com\/en\/#\/schema\/logo\/image\/"},"sameAs":["https:\/\/www.facebook.com\/people\/Drawings-online\/100034942735866\/","https:\/\/x.com\/OnlineDrawings","https:\/\/www.instagram.com\/drawings_online_com\/"]}]}},"jetpack_sharing_enabled":true,"_links":{"self":[{"href":"https:\/\/drawings-online.com\/en\/wp-json\/wp\/v2\/product\/6276","targetHints":{"allow":["GET"]}}],"collection":[{"href":"https:\/\/drawings-online.com\/en\/wp-json\/wp\/v2\/product"}],"about":[{"href":"https:\/\/drawings-online.com\/en\/wp-json\/wp\/v2\/types\/product"}],"wp:featuredmedia":[{"embeddable":true,"href":"https:\/\/drawings-online.com\/en\/wp-json\/wp\/v2\/media\/6277"}],"wp:attachment":[{"href":"https:\/\/drawings-online.com\/en\/wp-json\/wp\/v2\/media?parent=6276"}],"wp:term":[{"taxonomy":"product_brand","embeddable":true,"href":"https:\/\/drawings-online.com\/en\/wp-json\/wp\/v2\/product_brand?post=6276"},{"taxonomy":"product_cat","embeddable":true,"href":"https:\/\/drawings-online.com\/en\/wp-json\/wp\/v2\/product_cat?post=6276"},{"taxonomy":"product_tag","embeddable":true,"href":"https:\/\/drawings-online.com\/en\/wp-json\/wp\/v2\/product_tag?post=6276"}],"curies":[{"name":"wp","href":"https:\/\/api.w.org\/{rel}","templated":true}]}}