{"id":6172,"date":"2022-05-20T10:20:19","date_gmt":"2022-05-20T08:20:19","guid":{"rendered":"https:\/\/drawings-online.com\/product\/\/"},"modified":"2024-03-05T15:15:00","modified_gmt":"2024-03-05T14:15:00","slug":"la-lamentation-sur-le-christ-par-francois-joseph-navez","status":"publish","type":"product","link":"https:\/\/drawings-online.com\/en\/product\/lamentation-over-the-dead-christ-by-francois-joseph-navez\/","title":{"rendered":"Lamentation over the Dead Christ by Fran\u00e7ois-Joseph Navez"},"content":{"rendered":"<p><strong>Fran\u00e7ois-Joseph Navez <\/strong><\/p>\n<p>Charleroi 1787 &#8211; 1869 Brussels<\/p>\n<p><strong><em>Lamentation over the Dead Christ<\/em><\/strong><\/p>\n<p>Black chalk on paper<\/p>\n<p>285 x 220 mm &#8211; 11 1\/4 x 8 11\/16 in.<\/p>\n<p>Signed and dated <em>F. J. Navez Roma 1817 refait \u00e0 Bruxelles en 1840, <\/em>lower right<\/p>\n<p>&nbsp;<\/p>\n<p>Provenance&nbsp;: Cologne, Lempertz sale, 16 May 2018, n\u00b0 1306.<\/p>\n<p>&nbsp;<\/p>\n<p>&nbsp;<\/p>\n<p>Born in 1787 in Charleroi, Fran\u00e7ois-Joseph Navez entered the Brussels academy, known as the Soci\u00e9t\u00e9 des Beaux-Arts, which was co-founded and directed at the time by the painter Pierre-Joseph C\u00e9lestin Fran\u00e7ois. In 1812, Navez won the first prize for history painting at the Ghent Salon. He then went to Paris, where he was taught by Jacques-Louis David from 1813 to 1816. He greatly admired the latter, whom he even followed into exile in Brussels in 1816. In 1817, Navez went to Italy, where he spent four years painting genre scenes. Considered an excellent portraitist, Navez knew how to give great psychological depth to his models&#8217; portraits. He also produced numerous historical, mythological and religious works. From 1835 to 1862 he was director of the Royal Academy of Fine Arts in Brussels.<\/p>\n<p>&nbsp;<\/p>\n<p>In 1816, Fran\u00e7ois-Joseph Navez produced <em>a <\/em><a href=\"http:\/\/arts-graphiques.louvre.fr\/detail\/oeuvres\/2\/513769-La-Deploration-du-Christ-max\" target=\"_blank\" rel=\"noopener\"><em>Deploration of Christ<\/em><\/a> representing the pain and compassion of Christ&#8217;s death in a very carefully modelled grease pencil drawing (Paris, Mus\u00e9e du Louvre, inv. RF 52963)<a href=\"#_ftn1\" name=\"_ftnref1\">[1]<\/a>. In 1817, during his stay in Italy, he took up this subject again for our sheet representing, in a tight composition, the dead Christ surrounded by three holy women and an angel whose attitudes and expressions create a communion of bodies. The artist then reworked his sheet, as indicated by the autograph annotation in the lower right-hand corner &#8220;redone in Brussels in 1840&#8221;: a process used for many of his works. The influence of the drawings that Navez made during his stay in Italy is notable, as he frequently reworked them throughout his career. This <em>Lamentation over the Dead Christ<\/em>, which has a powerful emotional resonance, already hints at the symbolism and realism that would characterize Belgian art from the end of the 19th century onwards.<\/p>\n<p>&nbsp;<\/p>\n<p>Condition report&nbsp;: good condition, stains on the four corners.<\/p>\n<p><a href=\"#_ftnref1\" name=\"_ftn1\">[1]<\/a> Denis Coekelberghs, Alain Jacobs et Pierre Loze, <em>Fran\u00e7ois-Joseph Navez (Charleroi, 1787 \u2013 Bruxelles, 1869). La nostalgie de <\/em>l\u2019Italie, Gand, Snoeck-Ducaju &amp; Zoon, 1999, p. 75<\/p>\n","protected":false},"excerpt":{"rendered":"<p>Fran\u00e7ois-Joseph Navez Charleroi 1787 &#8211; 1869 Brussels Lamentation over the Dead Christ Black chalk on paper 285 x 220 mm &#8211; 11 1\/4 x 8 11\/16 in. Signed and dated F. J. Navez Roma 1817 refait \u00e0 Bruxelles en 1840, lower right &nbsp; Provenance&nbsp;: Cologne, Lempertz sale, 16 May 2018, n\u00b0 1306. &nbsp; &nbsp; Born [&hellip;]<\/p>\n","protected":false},"featured_media":6173,"template":"","meta":{"_themeisle_gutenberg_block_has_review":false},"product_brand":[],"product_cat":[385],"product_tag":[37,346,353,382,16,96],"class_list":{"0":"post-6172","1":"product","2":"type-product","3":"status-publish","4":"has-post-thumbnail","6":"product_cat-belgium-school","7":"product_tag-19th","8":"product_tag-19th-century-drawings","9":"product_tag-gallery","10":"product_tag-n12","11":"product_tag-black-chalk","12":"product_tag-religious-subject","14":"first","15":"outofstock","16":"taxable","17":"shipping-taxable","18":"purchasable","19":"product-type-simple"},"yoast_head":"<!-- This site is optimized with the Yoast SEO plugin v27.4 - https:\/\/yoast.com\/product\/yoast-seo-wordpress\/ -->\n<title>Lamentation over the Dead Christ by Fran\u00e7ois-Joseph Navez<\/title>\n<meta name=\"description\" content=\"Fran\u00e7ois-Joseph Navez Charleroi 1787 - 1869 Brussels Lamentation over the Dead Christ Black chalk on paper 285 x 220 mm - 11 1\/4 x 8 11\/16 in. Signed and dated F. J. Navez Roma 1817 refait \u00e0 Bruxelles en 1840, lower right &nbsp; Provenance&nbsp;: Cologne, Lempertz sale, 16 May 2018, n\u00b0 1306. &nbsp; &nbsp; Born&hellip;\" \/>\n<meta name=\"robots\" content=\"index, follow, max-snippet:-1, max-image-preview:large, max-video-preview:-1\" \/>\n<link rel=\"canonical\" href=\"\" \/>\n<meta property=\"og:locale\" content=\"en_US\" \/>\n<meta property=\"og:type\" content=\"article\" \/>\n<meta property=\"og:title\" content=\"Lamentation over the Dead Christ by Fran\u00e7ois-Joseph Navez\" \/>\n<meta property=\"og:description\" content=\"Fran\u00e7ois-Joseph Navez Charleroi 1787 - 1869 Brussels Lamentation over the Dead Christ Black chalk on paper 285 x 220 mm - 11 1\/4 x 8 11\/16 in. Signed and dated F. J. Navez Roma 1817 refait \u00e0 Bruxelles en 1840, lower right &nbsp; Provenance&nbsp;: Cologne, Lempertz sale, 16 May 2018, n\u00b0 1306. &nbsp; &nbsp; Born&hellip;\" \/>\n<meta property=\"og:url\" content=\"https:\/\/drawings-online.com\/en\/product\/lamentation-over-the-dead-christ-by-francois-joseph-navez\/\" \/>\n<meta property=\"og:site_name\" content=\"Drawings-online\" \/>\n<meta property=\"article:publisher\" content=\"https:\/\/www.facebook.com\/people\/Drawings-online\/100034942735866\/\" \/>\n<meta property=\"article:modified_time\" content=\"2024-03-05T14:15:00+00:00\" \/>\n<meta property=\"og:image\" content=\"https:\/\/drawings-online.com\/wp-content\/uploads\/2022\/05\/DSC_9351_1-1024x1024.png\" \/>\n\t<meta property=\"og:image:width\" content=\"1024\" \/>\n\t<meta property=\"og:image:height\" content=\"1024\" \/>\n\t<meta property=\"og:image:type\" content=\"image\/png\" \/>\n<meta name=\"twitter:card\" content=\"summary_large_image\" \/>\n<meta name=\"twitter:site\" content=\"@OnlineDrawings\" \/>\n<meta name=\"twitter:label1\" content=\"Est. reading time\" \/>\n\t<meta name=\"twitter:data1\" content=\"2 minutes\" \/>\n<script type=\"application\/ld+json\" class=\"yoast-schema-graph\">{\"@context\":\"https:\\\/\\\/schema.org\",\"@graph\":[{\"@type\":\"WebPage\",\"@id\":\"https:\\\/\\\/drawings-online.com\\\/en\\\/product\\\/lamentation-over-the-dead-christ-by-francois-joseph-navez\\\/\",\"url\":\"https:\\\/\\\/drawings-online.com\\\/en\\\/product\\\/lamentation-over-the-dead-christ-by-francois-joseph-navez\\\/\",\"name\":\"La Lamentation sur le Christ par Fran\u00e7ois-Joseph Navez - Drawings-online\",\"isPartOf\":{\"@id\":\"https:\\\/\\\/drawings-online.com\\\/#website\"},\"primaryImageOfPage\":{\"@id\":\"https:\\\/\\\/drawings-online.com\\\/en\\\/product\\\/lamentation-over-the-dead-christ-by-francois-joseph-navez\\\/#primaryimage\"},\"image\":{\"@id\":\"https:\\\/\\\/drawings-online.com\\\/en\\\/product\\\/lamentation-over-the-dead-christ-by-francois-joseph-navez\\\/#primaryimage\"},\"thumbnailUrl\":\"https:\\\/\\\/drawings-online.com\\\/wp-content\\\/uploads\\\/2022\\\/05\\\/DSC_9351_1.png\",\"datePublished\":\"2022-05-20T08:20:19+00:00\",\"dateModified\":\"2024-03-05T14:15:00+00:00\",\"breadcrumb\":{\"@id\":\"https:\\\/\\\/drawings-online.com\\\/en\\\/product\\\/lamentation-over-the-dead-christ-by-francois-joseph-navez\\\/#breadcrumb\"},\"inLanguage\":\"en-US\",\"potentialAction\":[{\"@type\":\"ReadAction\",\"target\":[\"https:\\\/\\\/drawings-online.com\\\/en\\\/product\\\/lamentation-over-the-dead-christ-by-francois-joseph-navez\\\/\"]}]},{\"@type\":\"ImageObject\",\"inLanguage\":\"en-US\",\"@id\":\"https:\\\/\\\/drawings-online.com\\\/en\\\/product\\\/lamentation-over-the-dead-christ-by-francois-joseph-navez\\\/#primaryimage\",\"url\":\"https:\\\/\\\/drawings-online.com\\\/wp-content\\\/uploads\\\/2022\\\/05\\\/DSC_9351_1.png\",\"contentUrl\":\"https:\\\/\\\/drawings-online.com\\\/wp-content\\\/uploads\\\/2022\\\/05\\\/DSC_9351_1.png\",\"width\":1800,\"height\":1800},{\"@type\":\"BreadcrumbList\",\"@id\":\"https:\\\/\\\/drawings-online.com\\\/en\\\/product\\\/lamentation-over-the-dead-christ-by-francois-joseph-navez\\\/#breadcrumb\",\"itemListElement\":[{\"@type\":\"ListItem\",\"position\":1,\"name\":\"Works available\",\"item\":\"https:\\\/\\\/drawings-online.com\\\/\"},{\"@type\":\"ListItem\",\"position\":2,\"name\":\"Gallery\",\"item\":\"https:\\\/\\\/drawings-online.com\\\/galerie\\\/\"},{\"@type\":\"ListItem\",\"position\":3,\"name\":\"19e\",\"item\":\"https:\\\/\\\/drawings-online.com\\\/product_tag\\\/19e\\\/\"},{\"@type\":\"ListItem\",\"position\":4,\"name\":\"Lamentation over the Dead Christ by Fran\u00e7ois-Joseph Navez\"}]},{\"@type\":\"WebSite\",\"@id\":\"https:\\\/\\\/drawings-online.com\\\/en\\\/#website\",\"url\":\"https:\\\/\\\/drawings-online.com\\\/en\\\/\",\"name\":\"Drawings-online\",\"description\":\"Dessins en ligne\",\"publisher\":{\"@id\":\"https:\\\/\\\/drawings-online.com\\\/en\\\/#organization\"},\"potentialAction\":[{\"@type\":\"SearchAction\",\"target\":{\"@type\":\"EntryPoint\",\"urlTemplate\":\"https:\\\/\\\/drawings-online.com\\\/en\\\/?s={search_term_string}\"},\"query-input\":{\"@type\":\"PropertyValueSpecification\",\"valueRequired\":true,\"valueName\":\"search_term_string\"}}],\"inLanguage\":\"en-US\"},{\"@type\":\"Organization\",\"@id\":\"https:\\\/\\\/drawings-online.com\\\/en\\\/#organization\",\"name\":\"Drawings-online\",\"url\":\"https:\\\/\\\/drawings-online.com\\\/en\\\/\",\"logo\":{\"@type\":\"ImageObject\",\"inLanguage\":\"en-US\",\"@id\":\"https:\\\/\\\/drawings-online.com\\\/en\\\/#\\\/schema\\\/logo\\\/image\\\/\",\"url\":\"https:\\\/\\\/drawings-online.com\\\/wp-content\\\/uploads\\\/2020\\\/12\\\/drawings-icone-transp-e1607442878135.png\",\"contentUrl\":\"https:\\\/\\\/drawings-online.com\\\/wp-content\\\/uploads\\\/2020\\\/12\\\/drawings-icone-transp-e1607442878135.png\",\"width\":150,\"height\":150,\"caption\":\"Drawings-online\"},\"image\":{\"@id\":\"https:\\\/\\\/drawings-online.com\\\/en\\\/#\\\/schema\\\/logo\\\/image\\\/\"},\"sameAs\":[\"https:\\\/\\\/www.facebook.com\\\/people\\\/Drawings-online\\\/100034942735866\\\/\",\"https:\\\/\\\/x.com\\\/OnlineDrawings\",\"https:\\\/\\\/www.instagram.com\\\/drawings_online_com\\\/\"]}]}<\/script>\n<!-- \/ Yoast SEO plugin. -->","yoast_head_json":{"title":"Lamentation over the Dead Christ by Fran\u00e7ois-Joseph Navez","description":"Fran\u00e7ois-Joseph Navez Charleroi 1787 - 1869 Brussels Lamentation over the Dead Christ Black chalk on paper 285 x 220 mm - 11 1\/4 x 8 11\/16 in. Signed and dated F. J. Navez Roma 1817 refait \u00e0 Bruxelles en 1840, lower right &nbsp; Provenance&nbsp;: Cologne, Lempertz sale, 16 May 2018, n\u00b0 1306. &nbsp; &nbsp; Born&hellip;","robots":{"index":"index","follow":"follow","max-snippet":"max-snippet:-1","max-image-preview":"max-image-preview:large","max-video-preview":"max-video-preview:-1"},"canonical":"Fran\u00e7ois-Joseph Navez Charleroi 1787 - 1869 Brussels Lamentation over the Dead Christ Black chalk on paper 285 x 220 mm - 11 1\/4 x 8 11\/16 in. Signed and dated F. J. Navez Roma 1817 refait \u00e0 Bruxelles en 1840, lower right &nbsp; Provenance&nbsp;: Cologne, Lempertz sale, 16 May 2018, n\u00b0 1306. &nbsp; &nbsp; Born&hellip;","og_locale":"en_US","og_type":"article","og_title":"Lamentation over the Dead Christ by Fran\u00e7ois-Joseph Navez","og_description":"Fran\u00e7ois-Joseph Navez Charleroi 1787 - 1869 Brussels Lamentation over the Dead Christ Black chalk on paper 285 x 220 mm - 11 1\/4 x 8 11\/16 in. Signed and dated F. J. Navez Roma 1817 refait \u00e0 Bruxelles en 1840, lower right &nbsp; Provenance&nbsp;: Cologne, Lempertz sale, 16 May 2018, n\u00b0 1306. &nbsp; &nbsp; Born&hellip;","og_url":"https:\/\/drawings-online.com\/en\/product\/lamentation-over-the-dead-christ-by-francois-joseph-navez\/","og_site_name":"Drawings-online","article_publisher":"https:\/\/www.facebook.com\/people\/Drawings-online\/100034942735866\/","article_modified_time":"2024-03-05T14:15:00+00:00","og_image":[{"width":1024,"height":1024,"url":"https:\/\/drawings-online.com\/wp-content\/uploads\/2022\/05\/DSC_9351_1-1024x1024.png","type":"image\/png"}],"twitter_card":"summary_large_image","twitter_site":"@OnlineDrawings","twitter_misc":{"Est. reading time":"2 minutes"},"schema":{"@context":"https:\/\/schema.org","@graph":[{"@type":"WebPage","@id":"https:\/\/drawings-online.com\/en\/product\/lamentation-over-the-dead-christ-by-francois-joseph-navez\/","url":"https:\/\/drawings-online.com\/en\/product\/lamentation-over-the-dead-christ-by-francois-joseph-navez\/","name":"La Lamentation sur le Christ par Fran\u00e7ois-Joseph Navez - Drawings-online","isPartOf":{"@id":"https:\/\/drawings-online.com\/#website"},"primaryImageOfPage":{"@id":"https:\/\/drawings-online.com\/en\/product\/lamentation-over-the-dead-christ-by-francois-joseph-navez\/#primaryimage"},"image":{"@id":"https:\/\/drawings-online.com\/en\/product\/lamentation-over-the-dead-christ-by-francois-joseph-navez\/#primaryimage"},"thumbnailUrl":"https:\/\/drawings-online.com\/wp-content\/uploads\/2022\/05\/DSC_9351_1.png","datePublished":"2022-05-20T08:20:19+00:00","dateModified":"2024-03-05T14:15:00+00:00","breadcrumb":{"@id":"https:\/\/drawings-online.com\/en\/product\/lamentation-over-the-dead-christ-by-francois-joseph-navez\/#breadcrumb"},"inLanguage":"en-US","potentialAction":[{"@type":"ReadAction","target":["https:\/\/drawings-online.com\/en\/product\/lamentation-over-the-dead-christ-by-francois-joseph-navez\/"]}]},{"@type":"ImageObject","inLanguage":"en-US","@id":"https:\/\/drawings-online.com\/en\/product\/lamentation-over-the-dead-christ-by-francois-joseph-navez\/#primaryimage","url":"https:\/\/drawings-online.com\/wp-content\/uploads\/2022\/05\/DSC_9351_1.png","contentUrl":"https:\/\/drawings-online.com\/wp-content\/uploads\/2022\/05\/DSC_9351_1.png","width":1800,"height":1800},{"@type":"BreadcrumbList","@id":"https:\/\/drawings-online.com\/en\/product\/lamentation-over-the-dead-christ-by-francois-joseph-navez\/#breadcrumb","itemListElement":[{"@type":"ListItem","position":1,"name":"Works available","item":"https:\/\/drawings-online.com\/"},{"@type":"ListItem","position":2,"name":"Gallery","item":"https:\/\/drawings-online.com\/galerie\/"},{"@type":"ListItem","position":3,"name":"19e","item":"https:\/\/drawings-online.com\/product_tag\/19e\/"},{"@type":"ListItem","position":4,"name":"Lamentation over the Dead Christ by Fran\u00e7ois-Joseph Navez"}]},{"@type":"WebSite","@id":"https:\/\/drawings-online.com\/en\/#website","url":"https:\/\/drawings-online.com\/en\/","name":"Drawings-online","description":"Dessins en ligne","publisher":{"@id":"https:\/\/drawings-online.com\/en\/#organization"},"potentialAction":[{"@type":"SearchAction","target":{"@type":"EntryPoint","urlTemplate":"https:\/\/drawings-online.com\/en\/?s={search_term_string}"},"query-input":{"@type":"PropertyValueSpecification","valueRequired":true,"valueName":"search_term_string"}}],"inLanguage":"en-US"},{"@type":"Organization","@id":"https:\/\/drawings-online.com\/en\/#organization","name":"Drawings-online","url":"https:\/\/drawings-online.com\/en\/","logo":{"@type":"ImageObject","inLanguage":"en-US","@id":"https:\/\/drawings-online.com\/en\/#\/schema\/logo\/image\/","url":"https:\/\/drawings-online.com\/wp-content\/uploads\/2020\/12\/drawings-icone-transp-e1607442878135.png","contentUrl":"https:\/\/drawings-online.com\/wp-content\/uploads\/2020\/12\/drawings-icone-transp-e1607442878135.png","width":150,"height":150,"caption":"Drawings-online"},"image":{"@id":"https:\/\/drawings-online.com\/en\/#\/schema\/logo\/image\/"},"sameAs":["https:\/\/www.facebook.com\/people\/Drawings-online\/100034942735866\/","https:\/\/x.com\/OnlineDrawings","https:\/\/www.instagram.com\/drawings_online_com\/"]}]}},"jetpack_sharing_enabled":true,"_links":{"self":[{"href":"https:\/\/drawings-online.com\/en\/wp-json\/wp\/v2\/product\/6172","targetHints":{"allow":["GET"]}}],"collection":[{"href":"https:\/\/drawings-online.com\/en\/wp-json\/wp\/v2\/product"}],"about":[{"href":"https:\/\/drawings-online.com\/en\/wp-json\/wp\/v2\/types\/product"}],"wp:featuredmedia":[{"embeddable":true,"href":"https:\/\/drawings-online.com\/en\/wp-json\/wp\/v2\/media\/6173"}],"wp:attachment":[{"href":"https:\/\/drawings-online.com\/en\/wp-json\/wp\/v2\/media?parent=6172"}],"wp:term":[{"taxonomy":"product_brand","embeddable":true,"href":"https:\/\/drawings-online.com\/en\/wp-json\/wp\/v2\/product_brand?post=6172"},{"taxonomy":"product_cat","embeddable":true,"href":"https:\/\/drawings-online.com\/en\/wp-json\/wp\/v2\/product_cat?post=6172"},{"taxonomy":"product_tag","embeddable":true,"href":"https:\/\/drawings-online.com\/en\/wp-json\/wp\/v2\/product_tag?post=6172"}],"curies":[{"name":"wp","href":"https:\/\/api.w.org\/{rel}","templated":true}]}}