{"id":6165,"date":"2022-05-20T12:00:19","date_gmt":"2022-05-20T10:00:19","guid":{"rendered":"https:\/\/drawings-online.com\/product\/\/"},"modified":"2024-03-05T14:51:40","modified_gmt":"2024-03-05T13:51:40","slug":"le-mariage-mystique-de-sainte-catherine-par-francois-joseph-navez","status":"publish","type":"product","link":"https:\/\/drawings-online.com\/en\/product\/the-mystic-marriage-of-saint-catherine-by-francois-joseph-navez\/","title":{"rendered":"The mystic marriage of Saint Catherine by Fran\u00e7ois-Joseph Navez"},"content":{"rendered":"<p><strong>Fran\u00e7ois-Joseph Navez<\/strong><\/p>\n<p>Charleroi 1787 &#8211; 1869 Brussels<\/p>\n<p><strong><em>The mystic marriage of Saint Catherine<\/em><\/strong><\/p>\n<p>Graphite and pen and ink on paper. Squared with pencil and numbered.<\/p>\n<p>415 x 275 mm &#8211; 16 5\/16 x 10 13\/16 in.<\/p>\n<p>Signed and dated <em>J.F. Navez 1824 projet pour l&#8217;\u00e9glise Ste Catherine \u00e0 Malines <\/em>lower left. Indication of colour mentioned in pencil&nbsp;: <em>blanc, rouge, brun, pourpre, gris <\/em>and the word <em>donataire<\/em> ?<\/p>\n<p>Provenance : Brussels, Vanderkindere sale, 24 April 2018, n\u00b0 4.<\/p>\n<p>Born in 1787 in Charleroi, Fran\u00e7ois-Joseph Navez entered the Brussels academy, known as the Soci\u00e9t\u00e9 des Beaux-Arts, which was co-founded and directed at the time by the painter Pierre-Joseph C\u00e9lestin Fran\u00e7ois. In 1812, Navez won the first prize for history painting at the Ghent Salon. He then went to Paris, where he was taught by Jacques-Louis David from 1813 to 1816. He greatly admired the latter, whom he even followed into exile in Brussels in 1816. In 1817, Navez went to Italy, where he spent four years painting genre scenes. Considered an excellent portraitist, Navez knew how to give great psychological depth to his models&#8217; portraits. He also produced numerous historical, mythological and religious works. From 1835 to 1862 he was director of the Royal Academy of Fine Arts in Brussels.<\/p>\n<p>&nbsp;<\/p>\n<p>This drawing bears an autograph inscription at the bottom mentioning the date of execution 1824 and the destination of the project for the church of Saint Catherine in Mechelen. The tiling, the numbering of the parts and the colour annotations in pencil prove that the artist must have been commissioned by the church in Mechelen to produce an altarpiece on the theme of the Mystical Marriage of Saint Catherine.&nbsp; There is no trace of this painting or of the commission. Nevertheless, the artist did paint an altarpiece for the same church in 1828 depicting <a href=\"https:\/\/commons.wikimedia.org\/wiki\/File:Mechelen_Sint-Katelijnekerk_Navez_St_Catherine.JPG\"><em>Saint Catherine before the philosophers<\/em><\/a><a href=\"#_ftn1\" name=\"_ftnref1\">[1]<\/a>.<\/p>\n<p>&nbsp;<\/p>\n<p>The theme of the Mystical Marriage of Saint Catherine had already been treated by the artist in 1822 in a <a href=\"https:\/\/www.latribunedelart.com\/spip.php?page=docbig&amp;id_document=5447&amp;id_article=1573\">drawing<\/a> that is now in a private collection<a href=\"#_ftn2\" name=\"_ftnref2\">[2]<\/a>. He also took up this subject again in 1834 when he produced the <a href=\"https:\/\/www.latribunedelart.com\/spip.php?page=docbig&amp;id_document=5448&amp;id_article=1573\"><em>Sleep of J\u00e9sus<\/em><\/a>, a famous commission by the King of the Belgians for his wife Marie-Louise, which is now preserved on the high altar of the Church of the Assumption in Houyet <a href=\"#_ftn3\" name=\"_ftnref3\">[3]<\/a>.<\/p>\n<p>&nbsp;<\/p>\n<p>Condition report \u2013 Small stained throughout and diagonal fold at the top.<\/p>\n<p><a href=\"#_ftnref1\" name=\"_ftn1\">[1]<\/a> Commissioned by Baron Van de Venne. Cf. L. Alvin, <em>Fr. &nbsp;J. Navez. Sa vie, son \u0153uvre et sa correspondance<\/em>, Bruxelles, 1870, p. 291.<\/p>\n<p><a href=\"#_ftnref2\" name=\"_ftn2\">[2]<\/a> Drawing mentionned by Denis Coekelberghs, \u00ab&nbsp;Les peintres belges \u00e0 Rome aux XVIIIe et XIXe si\u00e8cles. Bilan, apports nouveaux et propositions&nbsp;\u00bb, in&nbsp;<em>Italia Belgica, Etudes d\u2019Histoire de l\u2019art<\/em>, Institut historique belge de Rome, IX, Bruxelles-Rome, 2005, p. 237-285. Cf. Article de Denis Coekelberghs, 29 f\u00e9vrier 2008 dans la <em>Tribune de l\u2019Art<\/em>, dessin reproduit sous le n\u00b0 5. https:\/\/www.latribunedelart.com\/francois-joseph-navez-quelques-nouveaux-tableaux-dessins-et-autres-documents<\/p>\n<p><a href=\"#_ftnref3\" name=\"_ftn3\">[3]<\/a> Denis Coekelberghs, Alain Jacobs et Pierre Loze, <em>Fran\u00e7ois-Joseph Navez (Charleroi, 1787 \u2013 Bruxelles, 1869). La nostalgie de <\/em>l\u2019Italie, Gand, Snoeck-Ducaju &amp; Zoon, 1999, p. 116. Cf. Article by Denis Coekelberghs, 29 f\u00e9vrier 2008 in <em>La<\/em> <em>Tribune de l\u2019Art<\/em>, painting reproduced under n\u00b0&nbsp;6. https:\/\/www.latribunedelart.com\/francois-joseph-navez-quelques-nouveaux-tableaux-dessins-et-autres-documents<\/p>\n","protected":false},"excerpt":{"rendered":"<p>Fran\u00e7ois-Joseph Navez Charleroi 1787 &#8211; 1869 Brussels The mystic marriage of Saint Catherine Graphite and pen and ink on paper. Squared with pencil and numbered. 415 x 275 mm &#8211; 16 5\/16 x 10 13\/16 in. Signed and dated J.F. Navez 1824 projet pour l&#8217;\u00e9glise Ste Catherine \u00e0 Malines lower left. Indication of colour mentioned [&hellip;]<\/p>\n","protected":false},"featured_media":6166,"template":"","meta":{"_themeisle_gutenberg_block_has_review":false},"product_brand":[],"product_cat":[385],"product_tag":[37,346,353,160,382,35,96],"class_list":{"0":"post-6165","1":"product","2":"type-product","3":"status-publish","4":"has-post-thumbnail","6":"product_cat-belgium-school","7":"product_tag-19th","8":"product_tag-19th-century-drawings","9":"product_tag-gallery","10":"product_tag-graphite","11":"product_tag-n12","12":"product_tag-pen","13":"product_tag-religious-subject","15":"first","16":"instock","17":"taxable","18":"shipping-taxable","19":"purchasable","20":"product-type-simple"},"yoast_head":"<!-- This site is optimized with the Yoast SEO plugin v27.4 - https:\/\/yoast.com\/product\/yoast-seo-wordpress\/ -->\n<title>The mystic marriage of Saint Catherine by Fran\u00e7ois-Joseph Navez<\/title>\n<meta name=\"description\" content=\"Fran\u00e7ois-Joseph Navez Charleroi 1787 - 1869 Brussels The mystic marriage of Saint Catherine Graphite and pen and ink on paper. Squared with pencil and numbered. 415 x 275 mm - 16 5\/16 x 10 13\/16 in. Signed and dated J.F. Navez 1824 projet pour l&#039;\u00e9glise Ste Catherine \u00e0 Malines lower left. Indication of colour mentioned&hellip;\" \/>\n<meta name=\"robots\" content=\"index, follow, max-snippet:-1, max-image-preview:large, max-video-preview:-1\" \/>\n<link rel=\"canonical\" href=\"http:\/\/Fran\u00e7ois-Joseph%20Navez%20Charleroi%201787%20-%201869%20Brussels%20The%20mystic%20marriage%20of%20Saint%20Catherine%20Graphite%20and%20pen%20and%20ink%20on%20paper.%20Squared%20with%20pencil%20and%20numbered.%20415%20x%20275%20mm%20-%2016%205\/16%20x%2010%2013\/16%20in.%20Signed%20and%20dated%20J.F.%20Navez%201824%20projet%20pour%20l'\u00e9glise%20Ste%20Catherine%20\u00e0%20Malines%20lower%20left.%20Indication%20of%20colour%20mentioned&hellip;\" \/>\n<meta property=\"og:locale\" content=\"en_US\" \/>\n<meta property=\"og:type\" content=\"article\" \/>\n<meta property=\"og:title\" content=\"The mystic marriage of Saint Catherine by Fran\u00e7ois-Joseph Navez\" \/>\n<meta property=\"og:description\" content=\"Fran\u00e7ois-Joseph Navez Charleroi 1787 - 1869 Brussels The mystic marriage of Saint Catherine Graphite and pen and ink on paper. Squared with pencil and numbered. 415 x 275 mm - 16 5\/16 x 10 13\/16 in. Signed and dated J.F. Navez 1824 projet pour l&#039;\u00e9glise Ste Catherine \u00e0 Malines lower left. Indication of colour mentioned&hellip;\" \/>\n<meta property=\"og:url\" content=\"https:\/\/drawings-online.com\/en\/product\/the-mystic-marriage-of-saint-catherine-by-francois-joseph-navez\/\" \/>\n<meta property=\"og:site_name\" content=\"Drawings-online\" \/>\n<meta property=\"article:publisher\" content=\"https:\/\/www.facebook.com\/people\/Drawings-online\/100034942735866\/\" \/>\n<meta property=\"article:modified_time\" content=\"2024-03-05T13:51:40+00:00\" \/>\n<meta property=\"og:image\" content=\"https:\/\/drawings-online.com\/wp-content\/uploads\/2022\/05\/DSC_9379_1-1024x1024.png\" \/>\n\t<meta property=\"og:image:width\" content=\"1024\" \/>\n\t<meta property=\"og:image:height\" content=\"1024\" \/>\n\t<meta property=\"og:image:type\" content=\"image\/png\" \/>\n<meta name=\"twitter:card\" content=\"summary_large_image\" \/>\n<meta name=\"twitter:site\" content=\"@OnlineDrawings\" \/>\n<meta name=\"twitter:label1\" content=\"Est. reading time\" \/>\n\t<meta name=\"twitter:data1\" content=\"3 minutes\" \/>\n<script type=\"application\/ld+json\" class=\"yoast-schema-graph\">{\"@context\":\"https:\\\/\\\/schema.org\",\"@graph\":[{\"@type\":\"WebPage\",\"@id\":\"https:\\\/\\\/drawings-online.com\\\/en\\\/product\\\/the-mystic-marriage-of-saint-catherine-by-francois-joseph-navez\\\/\",\"url\":\"https:\\\/\\\/drawings-online.com\\\/en\\\/product\\\/the-mystic-marriage-of-saint-catherine-by-francois-joseph-navez\\\/\",\"name\":\"Le mariage mystique de Sainte Catherine par Fran\u00e7ois-Joseph Navez - Drawings-online\",\"isPartOf\":{\"@id\":\"https:\\\/\\\/drawings-online.com\\\/#website\"},\"primaryImageOfPage\":{\"@id\":\"https:\\\/\\\/drawings-online.com\\\/en\\\/product\\\/the-mystic-marriage-of-saint-catherine-by-francois-joseph-navez\\\/#primaryimage\"},\"image\":{\"@id\":\"https:\\\/\\\/drawings-online.com\\\/en\\\/product\\\/the-mystic-marriage-of-saint-catherine-by-francois-joseph-navez\\\/#primaryimage\"},\"thumbnailUrl\":\"https:\\\/\\\/drawings-online.com\\\/wp-content\\\/uploads\\\/2022\\\/05\\\/DSC_9379_1.png\",\"datePublished\":\"2022-05-20T10:00:19+00:00\",\"dateModified\":\"2024-03-05T13:51:40+00:00\",\"breadcrumb\":{\"@id\":\"https:\\\/\\\/drawings-online.com\\\/en\\\/product\\\/the-mystic-marriage-of-saint-catherine-by-francois-joseph-navez\\\/#breadcrumb\"},\"inLanguage\":\"en-US\",\"potentialAction\":[{\"@type\":\"ReadAction\",\"target\":[\"https:\\\/\\\/drawings-online.com\\\/en\\\/product\\\/the-mystic-marriage-of-saint-catherine-by-francois-joseph-navez\\\/\"]}]},{\"@type\":\"ImageObject\",\"inLanguage\":\"en-US\",\"@id\":\"https:\\\/\\\/drawings-online.com\\\/en\\\/product\\\/the-mystic-marriage-of-saint-catherine-by-francois-joseph-navez\\\/#primaryimage\",\"url\":\"https:\\\/\\\/drawings-online.com\\\/wp-content\\\/uploads\\\/2022\\\/05\\\/DSC_9379_1.png\",\"contentUrl\":\"https:\\\/\\\/drawings-online.com\\\/wp-content\\\/uploads\\\/2022\\\/05\\\/DSC_9379_1.png\",\"width\":1800,\"height\":1800},{\"@type\":\"BreadcrumbList\",\"@id\":\"https:\\\/\\\/drawings-online.com\\\/en\\\/product\\\/the-mystic-marriage-of-saint-catherine-by-francois-joseph-navez\\\/#breadcrumb\",\"itemListElement\":[{\"@type\":\"ListItem\",\"position\":1,\"name\":\"Works available\",\"item\":\"https:\\\/\\\/drawings-online.com\\\/\"},{\"@type\":\"ListItem\",\"position\":2,\"name\":\"Gallery\",\"item\":\"https:\\\/\\\/drawings-online.com\\\/galerie\\\/\"},{\"@type\":\"ListItem\",\"position\":3,\"name\":\"19e\",\"item\":\"https:\\\/\\\/drawings-online.com\\\/product_tag\\\/19e\\\/\"},{\"@type\":\"ListItem\",\"position\":4,\"name\":\"The mystic marriage of Saint Catherine by Fran\u00e7ois-Joseph Navez\"}]},{\"@type\":\"WebSite\",\"@id\":\"https:\\\/\\\/drawings-online.com\\\/en\\\/#website\",\"url\":\"https:\\\/\\\/drawings-online.com\\\/en\\\/\",\"name\":\"Drawings-online\",\"description\":\"Dessins en ligne\",\"publisher\":{\"@id\":\"https:\\\/\\\/drawings-online.com\\\/en\\\/#organization\"},\"potentialAction\":[{\"@type\":\"SearchAction\",\"target\":{\"@type\":\"EntryPoint\",\"urlTemplate\":\"https:\\\/\\\/drawings-online.com\\\/en\\\/?s={search_term_string}\"},\"query-input\":{\"@type\":\"PropertyValueSpecification\",\"valueRequired\":true,\"valueName\":\"search_term_string\"}}],\"inLanguage\":\"en-US\"},{\"@type\":\"Organization\",\"@id\":\"https:\\\/\\\/drawings-online.com\\\/en\\\/#organization\",\"name\":\"Drawings-online\",\"url\":\"https:\\\/\\\/drawings-online.com\\\/en\\\/\",\"logo\":{\"@type\":\"ImageObject\",\"inLanguage\":\"en-US\",\"@id\":\"https:\\\/\\\/drawings-online.com\\\/en\\\/#\\\/schema\\\/logo\\\/image\\\/\",\"url\":\"https:\\\/\\\/drawings-online.com\\\/wp-content\\\/uploads\\\/2020\\\/12\\\/drawings-icone-transp-e1607442878135.png\",\"contentUrl\":\"https:\\\/\\\/drawings-online.com\\\/wp-content\\\/uploads\\\/2020\\\/12\\\/drawings-icone-transp-e1607442878135.png\",\"width\":150,\"height\":150,\"caption\":\"Drawings-online\"},\"image\":{\"@id\":\"https:\\\/\\\/drawings-online.com\\\/en\\\/#\\\/schema\\\/logo\\\/image\\\/\"},\"sameAs\":[\"https:\\\/\\\/www.facebook.com\\\/people\\\/Drawings-online\\\/100034942735866\\\/\",\"https:\\\/\\\/x.com\\\/OnlineDrawings\",\"https:\\\/\\\/www.instagram.com\\\/drawings_online_com\\\/\"]}]}<\/script>\n<!-- \/ Yoast SEO plugin. -->","yoast_head_json":{"title":"The mystic marriage of Saint Catherine by Fran\u00e7ois-Joseph Navez","description":"Fran\u00e7ois-Joseph Navez Charleroi 1787 - 1869 Brussels The mystic marriage of Saint Catherine Graphite and pen and ink on paper. Squared with pencil and numbered. 415 x 275 mm - 16 5\/16 x 10 13\/16 in. Signed and dated J.F. Navez 1824 projet pour l'\u00e9glise Ste Catherine \u00e0 Malines lower left. Indication of colour mentioned&hellip;","robots":{"index":"index","follow":"follow","max-snippet":"max-snippet:-1","max-image-preview":"max-image-preview:large","max-video-preview":"max-video-preview:-1"},"canonical":"Fran\u00e7ois-Joseph Navez Charleroi 1787 - 1869 Brussels The mystic marriage of Saint Catherine Graphite and pen and ink on paper. Squared with pencil and numbered. 415 x 275 mm - 16 5\/16 x 10 13\/16 in. Signed and dated J.F. Navez 1824 projet pour l'\u00e9glise Ste Catherine \u00e0 Malines lower left. Indication of colour mentioned&hellip;","og_locale":"en_US","og_type":"article","og_title":"The mystic marriage of Saint Catherine by Fran\u00e7ois-Joseph Navez","og_description":"Fran\u00e7ois-Joseph Navez Charleroi 1787 - 1869 Brussels The mystic marriage of Saint Catherine Graphite and pen and ink on paper. Squared with pencil and numbered. 415 x 275 mm - 16 5\/16 x 10 13\/16 in. Signed and dated J.F. Navez 1824 projet pour l'\u00e9glise Ste Catherine \u00e0 Malines lower left. Indication of colour mentioned&hellip;","og_url":"https:\/\/drawings-online.com\/en\/product\/the-mystic-marriage-of-saint-catherine-by-francois-joseph-navez\/","og_site_name":"Drawings-online","article_publisher":"https:\/\/www.facebook.com\/people\/Drawings-online\/100034942735866\/","article_modified_time":"2024-03-05T13:51:40+00:00","og_image":[{"width":1024,"height":1024,"url":"https:\/\/drawings-online.com\/wp-content\/uploads\/2022\/05\/DSC_9379_1-1024x1024.png","type":"image\/png"}],"twitter_card":"summary_large_image","twitter_site":"@OnlineDrawings","twitter_misc":{"Est. reading time":"3 minutes"},"schema":{"@context":"https:\/\/schema.org","@graph":[{"@type":"WebPage","@id":"https:\/\/drawings-online.com\/en\/product\/the-mystic-marriage-of-saint-catherine-by-francois-joseph-navez\/","url":"https:\/\/drawings-online.com\/en\/product\/the-mystic-marriage-of-saint-catherine-by-francois-joseph-navez\/","name":"Le mariage mystique de Sainte Catherine par Fran\u00e7ois-Joseph Navez - Drawings-online","isPartOf":{"@id":"https:\/\/drawings-online.com\/#website"},"primaryImageOfPage":{"@id":"https:\/\/drawings-online.com\/en\/product\/the-mystic-marriage-of-saint-catherine-by-francois-joseph-navez\/#primaryimage"},"image":{"@id":"https:\/\/drawings-online.com\/en\/product\/the-mystic-marriage-of-saint-catherine-by-francois-joseph-navez\/#primaryimage"},"thumbnailUrl":"https:\/\/drawings-online.com\/wp-content\/uploads\/2022\/05\/DSC_9379_1.png","datePublished":"2022-05-20T10:00:19+00:00","dateModified":"2024-03-05T13:51:40+00:00","breadcrumb":{"@id":"https:\/\/drawings-online.com\/en\/product\/the-mystic-marriage-of-saint-catherine-by-francois-joseph-navez\/#breadcrumb"},"inLanguage":"en-US","potentialAction":[{"@type":"ReadAction","target":["https:\/\/drawings-online.com\/en\/product\/the-mystic-marriage-of-saint-catherine-by-francois-joseph-navez\/"]}]},{"@type":"ImageObject","inLanguage":"en-US","@id":"https:\/\/drawings-online.com\/en\/product\/the-mystic-marriage-of-saint-catherine-by-francois-joseph-navez\/#primaryimage","url":"https:\/\/drawings-online.com\/wp-content\/uploads\/2022\/05\/DSC_9379_1.png","contentUrl":"https:\/\/drawings-online.com\/wp-content\/uploads\/2022\/05\/DSC_9379_1.png","width":1800,"height":1800},{"@type":"BreadcrumbList","@id":"https:\/\/drawings-online.com\/en\/product\/the-mystic-marriage-of-saint-catherine-by-francois-joseph-navez\/#breadcrumb","itemListElement":[{"@type":"ListItem","position":1,"name":"Works available","item":"https:\/\/drawings-online.com\/"},{"@type":"ListItem","position":2,"name":"Gallery","item":"https:\/\/drawings-online.com\/galerie\/"},{"@type":"ListItem","position":3,"name":"19e","item":"https:\/\/drawings-online.com\/product_tag\/19e\/"},{"@type":"ListItem","position":4,"name":"The mystic marriage of Saint Catherine by Fran\u00e7ois-Joseph Navez"}]},{"@type":"WebSite","@id":"https:\/\/drawings-online.com\/en\/#website","url":"https:\/\/drawings-online.com\/en\/","name":"Drawings-online","description":"Dessins en ligne","publisher":{"@id":"https:\/\/drawings-online.com\/en\/#organization"},"potentialAction":[{"@type":"SearchAction","target":{"@type":"EntryPoint","urlTemplate":"https:\/\/drawings-online.com\/en\/?s={search_term_string}"},"query-input":{"@type":"PropertyValueSpecification","valueRequired":true,"valueName":"search_term_string"}}],"inLanguage":"en-US"},{"@type":"Organization","@id":"https:\/\/drawings-online.com\/en\/#organization","name":"Drawings-online","url":"https:\/\/drawings-online.com\/en\/","logo":{"@type":"ImageObject","inLanguage":"en-US","@id":"https:\/\/drawings-online.com\/en\/#\/schema\/logo\/image\/","url":"https:\/\/drawings-online.com\/wp-content\/uploads\/2020\/12\/drawings-icone-transp-e1607442878135.png","contentUrl":"https:\/\/drawings-online.com\/wp-content\/uploads\/2020\/12\/drawings-icone-transp-e1607442878135.png","width":150,"height":150,"caption":"Drawings-online"},"image":{"@id":"https:\/\/drawings-online.com\/en\/#\/schema\/logo\/image\/"},"sameAs":["https:\/\/www.facebook.com\/people\/Drawings-online\/100034942735866\/","https:\/\/x.com\/OnlineDrawings","https:\/\/www.instagram.com\/drawings_online_com\/"]}]}},"jetpack_sharing_enabled":true,"_links":{"self":[{"href":"https:\/\/drawings-online.com\/en\/wp-json\/wp\/v2\/product\/6165","targetHints":{"allow":["GET"]}}],"collection":[{"href":"https:\/\/drawings-online.com\/en\/wp-json\/wp\/v2\/product"}],"about":[{"href":"https:\/\/drawings-online.com\/en\/wp-json\/wp\/v2\/types\/product"}],"wp:featuredmedia":[{"embeddable":true,"href":"https:\/\/drawings-online.com\/en\/wp-json\/wp\/v2\/media\/6166"}],"wp:attachment":[{"href":"https:\/\/drawings-online.com\/en\/wp-json\/wp\/v2\/media?parent=6165"}],"wp:term":[{"taxonomy":"product_brand","embeddable":true,"href":"https:\/\/drawings-online.com\/en\/wp-json\/wp\/v2\/product_brand?post=6165"},{"taxonomy":"product_cat","embeddable":true,"href":"https:\/\/drawings-online.com\/en\/wp-json\/wp\/v2\/product_cat?post=6165"},{"taxonomy":"product_tag","embeddable":true,"href":"https:\/\/drawings-online.com\/en\/wp-json\/wp\/v2\/product_tag?post=6165"}],"curies":[{"name":"wp","href":"https:\/\/api.w.org\/{rel}","templated":true}]}}