{"id":6126,"date":"2022-05-20T09:50:22","date_gmt":"2022-05-20T07:50:22","guid":{"rendered":"https:\/\/drawings-online.com\/product\/\/"},"modified":"2024-03-05T15:15:07","modified_gmt":"2024-03-05T14:15:07","slug":"vue-de-la-chute-de-teverone-par-claude-thienon","status":"publish","type":"product","link":"https:\/\/drawings-online.com\/en\/product\/view-of-the-teverone-waterfall-by-claude-thienon\/","title":{"rendered":"View of the Teverone waterfall by Claude Thienon"},"content":{"rendered":"<p><strong>Claude Thienon<\/strong><\/p>\n<p>Paris, 1772 &#8211; 1846<\/p>\n<p><em><strong>View of the Teverone waterfall<\/strong><\/em><\/p>\n<p>Pencil on paper.<\/p>\n<p>263 x 360 mm &#8211; 10 3\/8 x 14 3\/16 in.<\/p>\n<p>Signed lower left <em>Thi\u00e9non<\/em><\/p>\n<p>Titled below <em>Vue de la chute de T\u00e9v\u00e9rone, \u00e9tude faite d\u2019apr\u00e8s nature de la chambre que j\u2019habitais chez le Signor Quecquo au Temple de la Sybille \u00e0 Tivoli (<\/em>View of the fall of Teverone, study made from nature of the room I lived in with Signor Quecquo at the Temple of the Sibyl in Tivoli)<\/p>\n<p>Condition report \u2013 Slightly pitted sheet glued to the four corners on a blue cardboard. Folds at the right corners.<\/p>\n","protected":false},"excerpt":{"rendered":"<p>Claude Thienon Paris, 1772 &#8211; 1846 View of the Teverone waterfall Pencil on paper. 263 x 360 mm &#8211; 10 3\/8 x 14 3\/16 in. Signed lower left Thi\u00e9non Titled below Vue de la chute de T\u00e9v\u00e9rone, \u00e9tude faite d\u2019apr\u00e8s nature de la chambre que j\u2019habitais chez le Signor Quecquo au Temple de la Sybille [&hellip;]<\/p>\n","protected":false},"featured_media":6127,"template":"","meta":{"_themeisle_gutenberg_block_has_review":false},"product_brand":[],"product_cat":[78],"product_tag":[24,37,124,345,353,121,382,120,372],"class_list":{"0":"post-6126","1":"product","2":"type-product","3":"status-publish","4":"has-post-thumbnail","6":"product_cat-french-school","7":"product_tag-18th","8":"product_tag-19th","9":"product_tag-pencil","10":"product_tag-old-master-drawings","11":"product_tag-gallery","12":"product_tag-grand-tour","13":"product_tag-n12","14":"product_tag-landscape","15":"product_tag-voyage-en-italie","17":"first","18":"outofstock","19":"taxable","20":"shipping-taxable","21":"purchasable","22":"product-type-simple"},"yoast_head":"<!-- This site is optimized with the Yoast SEO plugin v27.5 - https:\/\/yoast.com\/product\/yoast-seo-wordpress\/ -->\n<title>View of the Teverone waterfall by Claude Thienon<\/title>\n<meta name=\"description\" content=\"Claude Thienon Paris, 1772 - 1846 View of the Teverone waterfall Pencil on paper. 263 x 360 mm - 10 3\/8 x 14 3\/16 in. Signed lower left Thi\u00e9non Titled below Vue de la chute de T\u00e9v\u00e9rone, \u00e9tude faite d\u2019apr\u00e8s nature de la chambre que j\u2019habitais chez le Signor Quecquo au Temple de la Sybille&hellip;\" \/>\n<meta name=\"robots\" content=\"index, follow, max-snippet:-1, max-image-preview:large, max-video-preview:-1\" \/>\n<link rel=\"canonical\" href=\"http:\/\/Claude%20Thienon%20Paris,%201772%20-%201846%20View%20of%20the%20Teverone%20waterfall%20Pencil%20on%20paper.%20263%20x%20360%20mm%20-%2010%203\/8%20x%2014%203\/16%20in.%20Signed%20lower%20left%20Thi\u00e9non%20Titled%20below%20Vue%20de%20la%20chute%20de%20T\u00e9v\u00e9rone,%20\u00e9tude%20faite%20d\u2019apr\u00e8s%20nature%20de%20la%20chambre%20que%20j\u2019habitais%20chez%20le%20Signor%20Quecquo%20au%20Temple%20de%20la%20Sybille&hellip;\" \/>\n<meta property=\"og:locale\" content=\"en_US\" \/>\n<meta property=\"og:type\" content=\"article\" \/>\n<meta property=\"og:title\" content=\"View of the Teverone waterfall by Claude Thienon\" \/>\n<meta property=\"og:description\" content=\"Claude Thienon Paris, 1772 - 1846 View of the Teverone waterfall Pencil on paper. 263 x 360 mm - 10 3\/8 x 14 3\/16 in. Signed lower left Thi\u00e9non Titled below Vue de la chute de T\u00e9v\u00e9rone, \u00e9tude faite d\u2019apr\u00e8s nature de la chambre que j\u2019habitais chez le Signor Quecquo au Temple de la Sybille&hellip;\" \/>\n<meta property=\"og:url\" content=\"https:\/\/drawings-online.com\/en\/product\/view-of-the-teverone-waterfall-by-claude-thienon\/\" \/>\n<meta property=\"og:site_name\" content=\"Drawings-online\" \/>\n<meta property=\"article:publisher\" content=\"https:\/\/www.facebook.com\/people\/Drawings-online\/100034942735866\/\" \/>\n<meta property=\"article:modified_time\" content=\"2024-03-05T14:15:07+00:00\" \/>\n<meta property=\"og:image\" content=\"https:\/\/drawings-online.com\/wp-content\/uploads\/2022\/05\/DSC_9360_1-1024x1024.png\" \/>\n\t<meta property=\"og:image:width\" content=\"1024\" \/>\n\t<meta property=\"og:image:height\" content=\"1024\" \/>\n\t<meta property=\"og:image:type\" content=\"image\/png\" \/>\n<meta name=\"twitter:card\" content=\"summary_large_image\" \/>\n<meta name=\"twitter:site\" content=\"@OnlineDrawings\" \/>\n<meta name=\"twitter:label1\" content=\"Est. reading time\" \/>\n\t<meta name=\"twitter:data1\" content=\"1 minute\" \/>\n<script type=\"application\/ld+json\" class=\"yoast-schema-graph\">{\"@context\":\"https:\\\/\\\/schema.org\",\"@graph\":[{\"@type\":\"WebPage\",\"@id\":\"https:\\\/\\\/drawings-online.com\\\/en\\\/product\\\/view-of-the-teverone-waterfall-by-claude-thienon\\\/\",\"url\":\"https:\\\/\\\/drawings-online.com\\\/en\\\/product\\\/view-of-the-teverone-waterfall-by-claude-thienon\\\/\",\"name\":\"Vue de la chute de Teverone par Claude Thi\u00e9non - Drawings-online\",\"isPartOf\":{\"@id\":\"https:\\\/\\\/drawings-online.com\\\/#website\"},\"primaryImageOfPage\":{\"@id\":\"https:\\\/\\\/drawings-online.com\\\/en\\\/product\\\/view-of-the-teverone-waterfall-by-claude-thienon\\\/#primaryimage\"},\"image\":{\"@id\":\"https:\\\/\\\/drawings-online.com\\\/en\\\/product\\\/view-of-the-teverone-waterfall-by-claude-thienon\\\/#primaryimage\"},\"thumbnailUrl\":\"https:\\\/\\\/drawings-online.com\\\/wp-content\\\/uploads\\\/2022\\\/05\\\/DSC_9360_1.png\",\"datePublished\":\"2022-05-20T07:50:22+00:00\",\"dateModified\":\"2024-03-05T14:15:07+00:00\",\"breadcrumb\":{\"@id\":\"https:\\\/\\\/drawings-online.com\\\/en\\\/product\\\/view-of-the-teverone-waterfall-by-claude-thienon\\\/#breadcrumb\"},\"inLanguage\":\"en-US\",\"potentialAction\":[{\"@type\":\"ReadAction\",\"target\":[\"https:\\\/\\\/drawings-online.com\\\/en\\\/product\\\/view-of-the-teverone-waterfall-by-claude-thienon\\\/\"]}]},{\"@type\":\"ImageObject\",\"inLanguage\":\"en-US\",\"@id\":\"https:\\\/\\\/drawings-online.com\\\/en\\\/product\\\/view-of-the-teverone-waterfall-by-claude-thienon\\\/#primaryimage\",\"url\":\"https:\\\/\\\/drawings-online.com\\\/wp-content\\\/uploads\\\/2022\\\/05\\\/DSC_9360_1.png\",\"contentUrl\":\"https:\\\/\\\/drawings-online.com\\\/wp-content\\\/uploads\\\/2022\\\/05\\\/DSC_9360_1.png\",\"width\":1800,\"height\":1800},{\"@type\":\"BreadcrumbList\",\"@id\":\"https:\\\/\\\/drawings-online.com\\\/en\\\/product\\\/view-of-the-teverone-waterfall-by-claude-thienon\\\/#breadcrumb\",\"itemListElement\":[{\"@type\":\"ListItem\",\"position\":1,\"name\":\"Works available\",\"item\":\"https:\\\/\\\/drawings-online.com\\\/\"},{\"@type\":\"ListItem\",\"position\":2,\"name\":\"Gallery\",\"item\":\"https:\\\/\\\/drawings-online.com\\\/galerie\\\/\"},{\"@type\":\"ListItem\",\"position\":3,\"name\":\"18e\",\"item\":\"https:\\\/\\\/drawings-online.com\\\/product_tag\\\/18e\\\/\"},{\"@type\":\"ListItem\",\"position\":4,\"name\":\"View of the Teverone waterfall by Claude Thienon\"}]},{\"@type\":\"WebSite\",\"@id\":\"https:\\\/\\\/drawings-online.com\\\/en\\\/#website\",\"url\":\"https:\\\/\\\/drawings-online.com\\\/en\\\/\",\"name\":\"Drawings-online\",\"description\":\"Dessins en ligne\",\"publisher\":{\"@id\":\"https:\\\/\\\/drawings-online.com\\\/en\\\/#organization\"},\"potentialAction\":[{\"@type\":\"SearchAction\",\"target\":{\"@type\":\"EntryPoint\",\"urlTemplate\":\"https:\\\/\\\/drawings-online.com\\\/en\\\/?s={search_term_string}\"},\"query-input\":{\"@type\":\"PropertyValueSpecification\",\"valueRequired\":true,\"valueName\":\"search_term_string\"}}],\"inLanguage\":\"en-US\"},{\"@type\":\"Organization\",\"@id\":\"https:\\\/\\\/drawings-online.com\\\/en\\\/#organization\",\"name\":\"Drawings-online\",\"url\":\"https:\\\/\\\/drawings-online.com\\\/en\\\/\",\"logo\":{\"@type\":\"ImageObject\",\"inLanguage\":\"en-US\",\"@id\":\"https:\\\/\\\/drawings-online.com\\\/en\\\/#\\\/schema\\\/logo\\\/image\\\/\",\"url\":\"https:\\\/\\\/drawings-online.com\\\/wp-content\\\/uploads\\\/2020\\\/12\\\/drawings-icone-transp-e1607442878135.png\",\"contentUrl\":\"https:\\\/\\\/drawings-online.com\\\/wp-content\\\/uploads\\\/2020\\\/12\\\/drawings-icone-transp-e1607442878135.png\",\"width\":150,\"height\":150,\"caption\":\"Drawings-online\"},\"image\":{\"@id\":\"https:\\\/\\\/drawings-online.com\\\/en\\\/#\\\/schema\\\/logo\\\/image\\\/\"},\"sameAs\":[\"https:\\\/\\\/www.facebook.com\\\/people\\\/Drawings-online\\\/100034942735866\\\/\",\"https:\\\/\\\/x.com\\\/OnlineDrawings\",\"https:\\\/\\\/www.instagram.com\\\/drawings_online_com\\\/\"]}]}<\/script>\n<!-- \/ Yoast SEO plugin. -->","yoast_head_json":{"title":"View of the Teverone waterfall by Claude Thienon","description":"Claude Thienon Paris, 1772 - 1846 View of the Teverone waterfall Pencil on paper. 263 x 360 mm - 10 3\/8 x 14 3\/16 in. Signed lower left Thi\u00e9non Titled below Vue de la chute de T\u00e9v\u00e9rone, \u00e9tude faite d\u2019apr\u00e8s nature de la chambre que j\u2019habitais chez le Signor Quecquo au Temple de la Sybille&hellip;","robots":{"index":"index","follow":"follow","max-snippet":"max-snippet:-1","max-image-preview":"max-image-preview:large","max-video-preview":"max-video-preview:-1"},"canonical":"Claude Thienon Paris, 1772 - 1846 View of the Teverone waterfall Pencil on paper. 263 x 360 mm - 10 3\/8 x 14 3\/16 in. Signed lower left Thi\u00e9non Titled below Vue de la chute de T\u00e9v\u00e9rone, \u00e9tude faite d\u2019apr\u00e8s nature de la chambre que j\u2019habitais chez le Signor Quecquo au Temple de la Sybille&hellip;","og_locale":"en_US","og_type":"article","og_title":"View of the Teverone waterfall by Claude Thienon","og_description":"Claude Thienon Paris, 1772 - 1846 View of the Teverone waterfall Pencil on paper. 263 x 360 mm - 10 3\/8 x 14 3\/16 in. Signed lower left Thi\u00e9non Titled below Vue de la chute de T\u00e9v\u00e9rone, \u00e9tude faite d\u2019apr\u00e8s nature de la chambre que j\u2019habitais chez le Signor Quecquo au Temple de la Sybille&hellip;","og_url":"https:\/\/drawings-online.com\/en\/product\/view-of-the-teverone-waterfall-by-claude-thienon\/","og_site_name":"Drawings-online","article_publisher":"https:\/\/www.facebook.com\/people\/Drawings-online\/100034942735866\/","article_modified_time":"2024-03-05T14:15:07+00:00","og_image":[{"width":1024,"height":1024,"url":"https:\/\/drawings-online.com\/wp-content\/uploads\/2022\/05\/DSC_9360_1-1024x1024.png","type":"image\/png"}],"twitter_card":"summary_large_image","twitter_site":"@OnlineDrawings","twitter_misc":{"Est. reading time":"1 minute"},"schema":{"@context":"https:\/\/schema.org","@graph":[{"@type":"WebPage","@id":"https:\/\/drawings-online.com\/en\/product\/view-of-the-teverone-waterfall-by-claude-thienon\/","url":"https:\/\/drawings-online.com\/en\/product\/view-of-the-teverone-waterfall-by-claude-thienon\/","name":"Vue de la chute de Teverone par Claude Thi\u00e9non - Drawings-online","isPartOf":{"@id":"https:\/\/drawings-online.com\/#website"},"primaryImageOfPage":{"@id":"https:\/\/drawings-online.com\/en\/product\/view-of-the-teverone-waterfall-by-claude-thienon\/#primaryimage"},"image":{"@id":"https:\/\/drawings-online.com\/en\/product\/view-of-the-teverone-waterfall-by-claude-thienon\/#primaryimage"},"thumbnailUrl":"https:\/\/drawings-online.com\/wp-content\/uploads\/2022\/05\/DSC_9360_1.png","datePublished":"2022-05-20T07:50:22+00:00","dateModified":"2024-03-05T14:15:07+00:00","breadcrumb":{"@id":"https:\/\/drawings-online.com\/en\/product\/view-of-the-teverone-waterfall-by-claude-thienon\/#breadcrumb"},"inLanguage":"en-US","potentialAction":[{"@type":"ReadAction","target":["https:\/\/drawings-online.com\/en\/product\/view-of-the-teverone-waterfall-by-claude-thienon\/"]}]},{"@type":"ImageObject","inLanguage":"en-US","@id":"https:\/\/drawings-online.com\/en\/product\/view-of-the-teverone-waterfall-by-claude-thienon\/#primaryimage","url":"https:\/\/drawings-online.com\/wp-content\/uploads\/2022\/05\/DSC_9360_1.png","contentUrl":"https:\/\/drawings-online.com\/wp-content\/uploads\/2022\/05\/DSC_9360_1.png","width":1800,"height":1800},{"@type":"BreadcrumbList","@id":"https:\/\/drawings-online.com\/en\/product\/view-of-the-teverone-waterfall-by-claude-thienon\/#breadcrumb","itemListElement":[{"@type":"ListItem","position":1,"name":"Works available","item":"https:\/\/drawings-online.com\/"},{"@type":"ListItem","position":2,"name":"Gallery","item":"https:\/\/drawings-online.com\/galerie\/"},{"@type":"ListItem","position":3,"name":"18e","item":"https:\/\/drawings-online.com\/product_tag\/18e\/"},{"@type":"ListItem","position":4,"name":"View of the Teverone waterfall by Claude Thienon"}]},{"@type":"WebSite","@id":"https:\/\/drawings-online.com\/en\/#website","url":"https:\/\/drawings-online.com\/en\/","name":"Drawings-online","description":"Dessins en ligne","publisher":{"@id":"https:\/\/drawings-online.com\/en\/#organization"},"potentialAction":[{"@type":"SearchAction","target":{"@type":"EntryPoint","urlTemplate":"https:\/\/drawings-online.com\/en\/?s={search_term_string}"},"query-input":{"@type":"PropertyValueSpecification","valueRequired":true,"valueName":"search_term_string"}}],"inLanguage":"en-US"},{"@type":"Organization","@id":"https:\/\/drawings-online.com\/en\/#organization","name":"Drawings-online","url":"https:\/\/drawings-online.com\/en\/","logo":{"@type":"ImageObject","inLanguage":"en-US","@id":"https:\/\/drawings-online.com\/en\/#\/schema\/logo\/image\/","url":"https:\/\/drawings-online.com\/wp-content\/uploads\/2020\/12\/drawings-icone-transp-e1607442878135.png","contentUrl":"https:\/\/drawings-online.com\/wp-content\/uploads\/2020\/12\/drawings-icone-transp-e1607442878135.png","width":150,"height":150,"caption":"Drawings-online"},"image":{"@id":"https:\/\/drawings-online.com\/en\/#\/schema\/logo\/image\/"},"sameAs":["https:\/\/www.facebook.com\/people\/Drawings-online\/100034942735866\/","https:\/\/x.com\/OnlineDrawings","https:\/\/www.instagram.com\/drawings_online_com\/"]}]}},"jetpack_sharing_enabled":true,"_links":{"self":[{"href":"https:\/\/drawings-online.com\/en\/wp-json\/wp\/v2\/product\/6126","targetHints":{"allow":["GET"]}}],"collection":[{"href":"https:\/\/drawings-online.com\/en\/wp-json\/wp\/v2\/product"}],"about":[{"href":"https:\/\/drawings-online.com\/en\/wp-json\/wp\/v2\/types\/product"}],"wp:featuredmedia":[{"embeddable":true,"href":"https:\/\/drawings-online.com\/en\/wp-json\/wp\/v2\/media\/6127"}],"wp:attachment":[{"href":"https:\/\/drawings-online.com\/en\/wp-json\/wp\/v2\/media?parent=6126"}],"wp:term":[{"taxonomy":"product_brand","embeddable":true,"href":"https:\/\/drawings-online.com\/en\/wp-json\/wp\/v2\/product_brand?post=6126"},{"taxonomy":"product_cat","embeddable":true,"href":"https:\/\/drawings-online.com\/en\/wp-json\/wp\/v2\/product_cat?post=6126"},{"taxonomy":"product_tag","embeddable":true,"href":"https:\/\/drawings-online.com\/en\/wp-json\/wp\/v2\/product_tag?post=6126"}],"curies":[{"name":"wp","href":"https:\/\/api.w.org\/{rel}","templated":true}]}}