{"id":6041,"date":"2022-05-20T11:50:20","date_gmt":"2022-05-20T09:50:20","guid":{"rendered":"https:\/\/drawings-online.com\/product\/\/"},"modified":"2024-03-05T14:51:47","modified_gmt":"2024-03-05T13:51:47","slug":"medee-senfuit-dans-un-char-apres-la-mort-de-pelias-ecole-venitienne-du-xviiie","status":"publish","type":"product","link":"https:\/\/drawings-online.com\/en\/product\/medea-flees-in-a-chariot-after-the-death-of-pelias-venetian-school-from-the-18th-century\/","title":{"rendered":"Medea flees in a chariot after the death of Pelias, Venetian school from the 18th century"},"content":{"rendered":"<p><strong>Venetian school from the 18th century <\/strong><\/p>\n<p><em><strong>Medea flees in a chariot after the death of Pelias<\/strong><\/em><\/p>\n<p>Pen and brown ink, brown wash, white gouache highlights, black chalk, traces of red chalk.<\/p>\n<p>Inscription in pen and brown ink upper right \u2026a<\/p>\n<p>195 x 198 mm &#8211; 7 11\/16 x 7 13\/16 in.<\/p>\n<p>Inscription in pencil 628\/Hut on the back, lower right.<\/p>\n<p>This episode is taken from an episode of Ovid&#8217;s Metamorphoses Book VII, Medea destroys Pelias (Medea has Pelias killed by her daughters).<\/p>\n<p>Condition report &#8211; Good general condition. Mounted in a false margin.<\/p>\n","protected":false},"excerpt":{"rendered":"<p>Venetian school from the 18th century Medea flees in a chariot after the death of Pelias Pen and brown ink, brown wash, white gouache highlights, black chalk, traces of red chalk. Inscription in pen and brown ink upper right \u2026a 195 x 198 mm &#8211; 7 11\/16 x 7 13\/16 in. Inscription in pencil 628\/Hut [&hellip;]<\/p>\n","protected":false},"featured_media":6042,"template":"","meta":{"_themeisle_gutenberg_block_has_review":false},"product_brand":[],"product_cat":[79,80],"product_tag":[24,345,36,353,206,382,35,27],"class_list":{"0":"post-6041","1":"product","2":"type-product","3":"status-publish","4":"has-post-thumbnail","6":"product_cat-italian-school","7":"product_cat-venitian-school","8":"product_tag-18th","9":"product_tag-old-master-drawings","10":"product_tag-brown-ink","11":"product_tag-gallery","12":"product_tag-ovids-metamorphoses","13":"product_tag-n12","14":"product_tag-pen","15":"product_tag-heightened-with-white","17":"first","18":"instock","19":"taxable","20":"shipping-taxable","21":"purchasable","22":"product-type-simple"},"yoast_head":"<!-- This site is optimized with the Yoast SEO plugin v27.4 - https:\/\/yoast.com\/product\/yoast-seo-wordpress\/ -->\n<title>Medea flees in a chariot after the death of Pelias, Venetian school from the 18th century<\/title>\n<meta name=\"description\" content=\"Venetian school from the 18th century Medea flees in a chariot after the death of Pelias Pen and brown ink, brown wash, white gouache highlights, black chalk, traces of red chalk. Inscription in pen and brown ink upper right \u2026a 195 x 198 mm - 7 11\/16 x 7 13\/16 in. Inscription in pencil 628\/Hut&hellip;\" \/>\n<meta name=\"robots\" content=\"index, follow, max-snippet:-1, max-image-preview:large, max-video-preview:-1\" \/>\n<link rel=\"canonical\" href=\"http:\/\/Venetian%20school%20from%20the%2018th%20century%20Medea%20flees%20in%20a%20chariot%20after%20the%20death%20of%20Pelias%20Pen%20and%20brown%20ink,%20brown%20wash,%20white%20gouache%20highlights,%20black%20chalk,%20traces%20of%20red%20chalk.%20Inscription%20in%20pen%20and%20brown%20ink%20upper%20right%20\u2026a%20195%20x%20198%20mm%20-%207%2011\/16%20x%207%2013\/16%20in.%20Inscription%20in%20pencil%20628\/Hut&hellip;\" \/>\n<meta property=\"og:locale\" content=\"en_US\" \/>\n<meta property=\"og:type\" content=\"article\" \/>\n<meta property=\"og:title\" content=\"Medea flees in a chariot after the death of Pelias, Venetian school from the 18th century\" \/>\n<meta property=\"og:description\" content=\"Venetian school from the 18th century Medea flees in a chariot after the death of Pelias Pen and brown ink, brown wash, white gouache highlights, black chalk, traces of red chalk. Inscription in pen and brown ink upper right \u2026a 195 x 198 mm - 7 11\/16 x 7 13\/16 in. Inscription in pencil 628\/Hut&hellip;\" \/>\n<meta property=\"og:url\" content=\"https:\/\/drawings-online.com\/en\/product\/medea-flees-in-a-chariot-after-the-death-of-pelias-venetian-school-from-the-18th-century\/\" \/>\n<meta property=\"og:site_name\" content=\"Drawings-online\" \/>\n<meta property=\"article:publisher\" content=\"https:\/\/www.facebook.com\/people\/Drawings-online\/100034942735866\/\" \/>\n<meta property=\"article:modified_time\" content=\"2024-03-05T13:51:47+00:00\" \/>\n<meta property=\"og:image\" content=\"https:\/\/drawings-online.com\/wp-content\/uploads\/2022\/05\/DSC_0198_1-1024x1024.png\" \/>\n\t<meta property=\"og:image:width\" content=\"1024\" \/>\n\t<meta property=\"og:image:height\" content=\"1024\" \/>\n\t<meta property=\"og:image:type\" content=\"image\/png\" \/>\n<meta name=\"twitter:card\" content=\"summary_large_image\" \/>\n<meta name=\"twitter:site\" content=\"@OnlineDrawings\" \/>\n<meta name=\"twitter:label1\" content=\"Est. reading time\" \/>\n\t<meta name=\"twitter:data1\" content=\"1 minute\" \/>\n<script type=\"application\/ld+json\" class=\"yoast-schema-graph\">{\"@context\":\"https:\\\/\\\/schema.org\",\"@graph\":[{\"@type\":\"WebPage\",\"@id\":\"https:\\\/\\\/drawings-online.com\\\/en\\\/product\\\/medea-flees-in-a-chariot-after-the-death-of-pelias-venetian-school-from-the-18th-century\\\/\",\"url\":\"https:\\\/\\\/drawings-online.com\\\/en\\\/product\\\/medea-flees-in-a-chariot-after-the-death-of-pelias-venetian-school-from-the-18th-century\\\/\",\"name\":\"M\u00e9d\u00e9e s'enfuit dans un char apr\u00e8s la mort de P\u00e9lias, \u00c9cole v\u00e9nitienne du XVIIIe - Drawings-online\",\"isPartOf\":{\"@id\":\"https:\\\/\\\/drawings-online.com\\\/#website\"},\"primaryImageOfPage\":{\"@id\":\"https:\\\/\\\/drawings-online.com\\\/en\\\/product\\\/medea-flees-in-a-chariot-after-the-death-of-pelias-venetian-school-from-the-18th-century\\\/#primaryimage\"},\"image\":{\"@id\":\"https:\\\/\\\/drawings-online.com\\\/en\\\/product\\\/medea-flees-in-a-chariot-after-the-death-of-pelias-venetian-school-from-the-18th-century\\\/#primaryimage\"},\"thumbnailUrl\":\"https:\\\/\\\/drawings-online.com\\\/wp-content\\\/uploads\\\/2022\\\/05\\\/DSC_0198_1.png\",\"datePublished\":\"2022-05-20T09:50:20+00:00\",\"dateModified\":\"2024-03-05T13:51:47+00:00\",\"breadcrumb\":{\"@id\":\"https:\\\/\\\/drawings-online.com\\\/en\\\/product\\\/medea-flees-in-a-chariot-after-the-death-of-pelias-venetian-school-from-the-18th-century\\\/#breadcrumb\"},\"inLanguage\":\"en-US\",\"potentialAction\":[{\"@type\":\"ReadAction\",\"target\":[\"https:\\\/\\\/drawings-online.com\\\/en\\\/product\\\/medea-flees-in-a-chariot-after-the-death-of-pelias-venetian-school-from-the-18th-century\\\/\"]}]},{\"@type\":\"ImageObject\",\"inLanguage\":\"en-US\",\"@id\":\"https:\\\/\\\/drawings-online.com\\\/en\\\/product\\\/medea-flees-in-a-chariot-after-the-death-of-pelias-venetian-school-from-the-18th-century\\\/#primaryimage\",\"url\":\"https:\\\/\\\/drawings-online.com\\\/wp-content\\\/uploads\\\/2022\\\/05\\\/DSC_0198_1.png\",\"contentUrl\":\"https:\\\/\\\/drawings-online.com\\\/wp-content\\\/uploads\\\/2022\\\/05\\\/DSC_0198_1.png\",\"width\":1800,\"height\":1800},{\"@type\":\"BreadcrumbList\",\"@id\":\"https:\\\/\\\/drawings-online.com\\\/en\\\/product\\\/medea-flees-in-a-chariot-after-the-death-of-pelias-venetian-school-from-the-18th-century\\\/#breadcrumb\",\"itemListElement\":[{\"@type\":\"ListItem\",\"position\":1,\"name\":\"Works available\",\"item\":\"https:\\\/\\\/drawings-online.com\\\/\"},{\"@type\":\"ListItem\",\"position\":2,\"name\":\"Gallery\",\"item\":\"https:\\\/\\\/drawings-online.com\\\/galerie\\\/\"},{\"@type\":\"ListItem\",\"position\":3,\"name\":\"18e\",\"item\":\"https:\\\/\\\/drawings-online.com\\\/product_tag\\\/18e\\\/\"},{\"@type\":\"ListItem\",\"position\":4,\"name\":\"Medea flees in a chariot after the death of Pelias, Venetian school from the 18th century\"}]},{\"@type\":\"WebSite\",\"@id\":\"https:\\\/\\\/drawings-online.com\\\/en\\\/#website\",\"url\":\"https:\\\/\\\/drawings-online.com\\\/en\\\/\",\"name\":\"Drawings-online\",\"description\":\"Dessins en ligne\",\"publisher\":{\"@id\":\"https:\\\/\\\/drawings-online.com\\\/en\\\/#organization\"},\"potentialAction\":[{\"@type\":\"SearchAction\",\"target\":{\"@type\":\"EntryPoint\",\"urlTemplate\":\"https:\\\/\\\/drawings-online.com\\\/en\\\/?s={search_term_string}\"},\"query-input\":{\"@type\":\"PropertyValueSpecification\",\"valueRequired\":true,\"valueName\":\"search_term_string\"}}],\"inLanguage\":\"en-US\"},{\"@type\":\"Organization\",\"@id\":\"https:\\\/\\\/drawings-online.com\\\/en\\\/#organization\",\"name\":\"Drawings-online\",\"url\":\"https:\\\/\\\/drawings-online.com\\\/en\\\/\",\"logo\":{\"@type\":\"ImageObject\",\"inLanguage\":\"en-US\",\"@id\":\"https:\\\/\\\/drawings-online.com\\\/en\\\/#\\\/schema\\\/logo\\\/image\\\/\",\"url\":\"https:\\\/\\\/drawings-online.com\\\/wp-content\\\/uploads\\\/2020\\\/12\\\/drawings-icone-transp-e1607442878135.png\",\"contentUrl\":\"https:\\\/\\\/drawings-online.com\\\/wp-content\\\/uploads\\\/2020\\\/12\\\/drawings-icone-transp-e1607442878135.png\",\"width\":150,\"height\":150,\"caption\":\"Drawings-online\"},\"image\":{\"@id\":\"https:\\\/\\\/drawings-online.com\\\/en\\\/#\\\/schema\\\/logo\\\/image\\\/\"},\"sameAs\":[\"https:\\\/\\\/www.facebook.com\\\/people\\\/Drawings-online\\\/100034942735866\\\/\",\"https:\\\/\\\/x.com\\\/OnlineDrawings\",\"https:\\\/\\\/www.instagram.com\\\/drawings_online_com\\\/\"]}]}<\/script>\n<!-- \/ Yoast SEO plugin. -->","yoast_head_json":{"title":"Medea flees in a chariot after the death of Pelias, Venetian school from the 18th century","description":"Venetian school from the 18th century Medea flees in a chariot after the death of Pelias Pen and brown ink, brown wash, white gouache highlights, black chalk, traces of red chalk. Inscription in pen and brown ink upper right \u2026a 195 x 198 mm - 7 11\/16 x 7 13\/16 in. Inscription in pencil 628\/Hut&hellip;","robots":{"index":"index","follow":"follow","max-snippet":"max-snippet:-1","max-image-preview":"max-image-preview:large","max-video-preview":"max-video-preview:-1"},"canonical":"Venetian school from the 18th century Medea flees in a chariot after the death of Pelias Pen and brown ink, brown wash, white gouache highlights, black chalk, traces of red chalk. Inscription in pen and brown ink upper right \u2026a 195 x 198 mm - 7 11\/16 x 7 13\/16 in. Inscription in pencil 628\/Hut&hellip;","og_locale":"en_US","og_type":"article","og_title":"Medea flees in a chariot after the death of Pelias, Venetian school from the 18th century","og_description":"Venetian school from the 18th century Medea flees in a chariot after the death of Pelias Pen and brown ink, brown wash, white gouache highlights, black chalk, traces of red chalk. Inscription in pen and brown ink upper right \u2026a 195 x 198 mm - 7 11\/16 x 7 13\/16 in. Inscription in pencil 628\/Hut&hellip;","og_url":"https:\/\/drawings-online.com\/en\/product\/medea-flees-in-a-chariot-after-the-death-of-pelias-venetian-school-from-the-18th-century\/","og_site_name":"Drawings-online","article_publisher":"https:\/\/www.facebook.com\/people\/Drawings-online\/100034942735866\/","article_modified_time":"2024-03-05T13:51:47+00:00","og_image":[{"width":1024,"height":1024,"url":"https:\/\/drawings-online.com\/wp-content\/uploads\/2022\/05\/DSC_0198_1-1024x1024.png","type":"image\/png"}],"twitter_card":"summary_large_image","twitter_site":"@OnlineDrawings","twitter_misc":{"Est. reading time":"1 minute"},"schema":{"@context":"https:\/\/schema.org","@graph":[{"@type":"WebPage","@id":"https:\/\/drawings-online.com\/en\/product\/medea-flees-in-a-chariot-after-the-death-of-pelias-venetian-school-from-the-18th-century\/","url":"https:\/\/drawings-online.com\/en\/product\/medea-flees-in-a-chariot-after-the-death-of-pelias-venetian-school-from-the-18th-century\/","name":"M\u00e9d\u00e9e s'enfuit dans un char apr\u00e8s la mort de P\u00e9lias, \u00c9cole v\u00e9nitienne du XVIIIe - Drawings-online","isPartOf":{"@id":"https:\/\/drawings-online.com\/#website"},"primaryImageOfPage":{"@id":"https:\/\/drawings-online.com\/en\/product\/medea-flees-in-a-chariot-after-the-death-of-pelias-venetian-school-from-the-18th-century\/#primaryimage"},"image":{"@id":"https:\/\/drawings-online.com\/en\/product\/medea-flees-in-a-chariot-after-the-death-of-pelias-venetian-school-from-the-18th-century\/#primaryimage"},"thumbnailUrl":"https:\/\/drawings-online.com\/wp-content\/uploads\/2022\/05\/DSC_0198_1.png","datePublished":"2022-05-20T09:50:20+00:00","dateModified":"2024-03-05T13:51:47+00:00","breadcrumb":{"@id":"https:\/\/drawings-online.com\/en\/product\/medea-flees-in-a-chariot-after-the-death-of-pelias-venetian-school-from-the-18th-century\/#breadcrumb"},"inLanguage":"en-US","potentialAction":[{"@type":"ReadAction","target":["https:\/\/drawings-online.com\/en\/product\/medea-flees-in-a-chariot-after-the-death-of-pelias-venetian-school-from-the-18th-century\/"]}]},{"@type":"ImageObject","inLanguage":"en-US","@id":"https:\/\/drawings-online.com\/en\/product\/medea-flees-in-a-chariot-after-the-death-of-pelias-venetian-school-from-the-18th-century\/#primaryimage","url":"https:\/\/drawings-online.com\/wp-content\/uploads\/2022\/05\/DSC_0198_1.png","contentUrl":"https:\/\/drawings-online.com\/wp-content\/uploads\/2022\/05\/DSC_0198_1.png","width":1800,"height":1800},{"@type":"BreadcrumbList","@id":"https:\/\/drawings-online.com\/en\/product\/medea-flees-in-a-chariot-after-the-death-of-pelias-venetian-school-from-the-18th-century\/#breadcrumb","itemListElement":[{"@type":"ListItem","position":1,"name":"Works available","item":"https:\/\/drawings-online.com\/"},{"@type":"ListItem","position":2,"name":"Gallery","item":"https:\/\/drawings-online.com\/galerie\/"},{"@type":"ListItem","position":3,"name":"18e","item":"https:\/\/drawings-online.com\/product_tag\/18e\/"},{"@type":"ListItem","position":4,"name":"Medea flees in a chariot after the death of Pelias, Venetian school from the 18th century"}]},{"@type":"WebSite","@id":"https:\/\/drawings-online.com\/en\/#website","url":"https:\/\/drawings-online.com\/en\/","name":"Drawings-online","description":"Dessins en ligne","publisher":{"@id":"https:\/\/drawings-online.com\/en\/#organization"},"potentialAction":[{"@type":"SearchAction","target":{"@type":"EntryPoint","urlTemplate":"https:\/\/drawings-online.com\/en\/?s={search_term_string}"},"query-input":{"@type":"PropertyValueSpecification","valueRequired":true,"valueName":"search_term_string"}}],"inLanguage":"en-US"},{"@type":"Organization","@id":"https:\/\/drawings-online.com\/en\/#organization","name":"Drawings-online","url":"https:\/\/drawings-online.com\/en\/","logo":{"@type":"ImageObject","inLanguage":"en-US","@id":"https:\/\/drawings-online.com\/en\/#\/schema\/logo\/image\/","url":"https:\/\/drawings-online.com\/wp-content\/uploads\/2020\/12\/drawings-icone-transp-e1607442878135.png","contentUrl":"https:\/\/drawings-online.com\/wp-content\/uploads\/2020\/12\/drawings-icone-transp-e1607442878135.png","width":150,"height":150,"caption":"Drawings-online"},"image":{"@id":"https:\/\/drawings-online.com\/en\/#\/schema\/logo\/image\/"},"sameAs":["https:\/\/www.facebook.com\/people\/Drawings-online\/100034942735866\/","https:\/\/x.com\/OnlineDrawings","https:\/\/www.instagram.com\/drawings_online_com\/"]}]}},"jetpack_sharing_enabled":true,"_links":{"self":[{"href":"https:\/\/drawings-online.com\/en\/wp-json\/wp\/v2\/product\/6041","targetHints":{"allow":["GET"]}}],"collection":[{"href":"https:\/\/drawings-online.com\/en\/wp-json\/wp\/v2\/product"}],"about":[{"href":"https:\/\/drawings-online.com\/en\/wp-json\/wp\/v2\/types\/product"}],"wp:featuredmedia":[{"embeddable":true,"href":"https:\/\/drawings-online.com\/en\/wp-json\/wp\/v2\/media\/6042"}],"wp:attachment":[{"href":"https:\/\/drawings-online.com\/en\/wp-json\/wp\/v2\/media?parent=6041"}],"wp:term":[{"taxonomy":"product_brand","embeddable":true,"href":"https:\/\/drawings-online.com\/en\/wp-json\/wp\/v2\/product_brand?post=6041"},{"taxonomy":"product_cat","embeddable":true,"href":"https:\/\/drawings-online.com\/en\/wp-json\/wp\/v2\/product_cat?post=6041"},{"taxonomy":"product_tag","embeddable":true,"href":"https:\/\/drawings-online.com\/en\/wp-json\/wp\/v2\/product_tag?post=6041"}],"curies":[{"name":"wp","href":"https:\/\/api.w.org\/{rel}","templated":true}]}}