{"id":5894,"date":"2023-07-11T03:00:49","date_gmt":"2023-07-11T01:00:49","guid":{"rendered":"https:\/\/drawings-online.com\/product\/\/"},"modified":"2024-03-05T14:47:19","modified_gmt":"2024-03-05T13:47:19","slug":"projet-de-frise-decorative-avec-un-paysage-dans-un-cartouche-des-mascarons-et-des-figures-ailees-ecole-italienne-du-xvie-siecle","status":"publish","type":"product","link":"https:\/\/drawings-online.com\/en\/product\/project-of-decorative-frieze-with-a-landscape-in-a-cartouche-mascarons-and-winged-figures-italian-school-from-the-16th-century\/","title":{"rendered":"Project of Decorative Frieze with a Landscape in a Cartouche, Mascarons and Winged Figures, Italian school from the 16th century"},"content":{"rendered":"<p><strong>Italian school, 16th century<\/strong><\/p>\n<p><strong><em>Project of Decorative Frieze with a Landscape in a Cartouche, Mascarons and Winged Figures<\/em><\/strong><\/p>\n<p>Pen and brown ink, brown wash. Inscribed <em>Polidoro 19<\/em> lower right. Laid down on paper. Numbered <em>8145\/9<\/em> on the verso.<\/p>\n<p>85 x 278 mm &#8211; 3 <sup>5<\/sup>\/<sub>6<\/sub> x 10 <sup>15<\/sup>\/<sub>16<\/sub> in.<\/p>\n<p>Provenance &#8211; unidentified stamp lower right.<\/p>\n","protected":false},"excerpt":{"rendered":"<p>Italian school, 16th century Project of Decorative Frieze with a Landscape in a Cartouche, Mascarons and Winged Figures Pen and brown ink, brown wash. Inscribed Polidoro 19 lower right. Laid down on paper. Numbered 8145\/9 on the verso. 85 x 278 mm &#8211; 3 5\/6 x 10 15\/16 in. Provenance &#8211; unidentified stamp lower right.<\/p>\n","protected":false},"featured_media":5895,"template":"","meta":{"_themeisle_gutenberg_block_has_review":false},"product_brand":[],"product_cat":[79],"product_tag":[88,345,36,353,39,363,35,166],"class_list":{"0":"post-5894","1":"product","2":"type-product","3":"status-publish","4":"has-post-thumbnail","6":"product_cat-italian-school","7":"product_tag-16th","8":"product_tag-old-master-drawings","9":"product_tag-brown-ink","10":"product_tag-gallery","11":"product_tag-brown-wash","12":"product_tag-n11","13":"product_tag-pen","14":"product_tag-decor-project","16":"first","17":"instock","18":"taxable","19":"shipping-taxable","20":"purchasable","21":"product-type-simple"},"yoast_head":"<!-- This site is optimized with the Yoast SEO plugin v27.4 - https:\/\/yoast.com\/product\/yoast-seo-wordpress\/ -->\n<title>Project of Decorative Frieze with a Landscape in a Cartouche, Mascarons and Winged Figures, Italian school from the 16th century<\/title>\n<meta name=\"description\" content=\"Italian school, 16th century Project of Decorative Frieze with a Landscape in a Cartouche, Mascarons and Winged Figures Pen and brown ink, brown wash. Inscribed Polidoro 19 lower right. Laid down on paper. Numbered 8145\/9 on the verso. 85 x 278 mm - 3 5\/6 x 10 15\/16 in. Provenance - unidentified stamp lower right.\" \/>\n<meta name=\"robots\" content=\"index, follow, max-snippet:-1, max-image-preview:large, max-video-preview:-1\" \/>\n<link rel=\"canonical\" href=\"http:\/\/Italian%20school,%2016th%20century%20Project%20of%20Decorative%20Frieze%20with%20a%20Landscape%20in%20a%20Cartouche,%20Mascarons%20and%20Winged%20Figures%20Pen%20and%20brown%20ink,%20brown%20wash.%20Inscribed%20Polidoro%2019%20lower%20right.%20Laid%20down%20on%20paper.%20Numbered%208145\/9%20on%20the%20verso.%2085%20x%20278%20mm%20-%203%205\/6%20x%2010%2015\/16%20in.%20Provenance%20-%20unidentified%20stamp%20lower%20right.\" \/>\n<meta property=\"og:locale\" content=\"en_US\" \/>\n<meta property=\"og:type\" content=\"article\" \/>\n<meta property=\"og:title\" content=\"Project of Decorative Frieze with a Landscape in a Cartouche, Mascarons and Winged Figures, Italian school from the 16th century\" \/>\n<meta property=\"og:description\" content=\"Italian school, 16th century Project of Decorative Frieze with a Landscape in a Cartouche, Mascarons and Winged Figures Pen and brown ink, brown wash. Inscribed Polidoro 19 lower right. Laid down on paper. Numbered 8145\/9 on the verso. 85 x 278 mm - 3 5\/6 x 10 15\/16 in. Provenance - unidentified stamp lower right.\" \/>\n<meta property=\"og:url\" content=\"https:\/\/drawings-online.com\/en\/product\/project-of-decorative-frieze-with-a-landscape-in-a-cartouche-mascarons-and-winged-figures-italian-school-from-the-16th-century\/\" \/>\n<meta property=\"og:site_name\" content=\"Drawings-online\" \/>\n<meta property=\"article:publisher\" content=\"https:\/\/www.facebook.com\/people\/Drawings-online\/100034942735866\/\" \/>\n<meta property=\"article:modified_time\" content=\"2024-03-05T13:47:19+00:00\" \/>\n<meta property=\"og:image\" content=\"https:\/\/drawings-online.com\/wp-content\/uploads\/2022\/03\/DSC_6583_1-1024x1024.png\" \/>\n\t<meta property=\"og:image:width\" content=\"1024\" \/>\n\t<meta property=\"og:image:height\" content=\"1024\" \/>\n\t<meta property=\"og:image:type\" content=\"image\/png\" \/>\n<meta name=\"twitter:card\" content=\"summary_large_image\" \/>\n<meta name=\"twitter:site\" content=\"@OnlineDrawings\" \/>\n<meta name=\"twitter:label1\" content=\"Est. reading time\" \/>\n\t<meta name=\"twitter:data1\" content=\"1 minute\" \/>\n<script type=\"application\/ld+json\" class=\"yoast-schema-graph\">{\"@context\":\"https:\\\/\\\/schema.org\",\"@graph\":[{\"@type\":\"WebPage\",\"@id\":\"https:\\\/\\\/drawings-online.com\\\/en\\\/product\\\/project-of-decorative-frieze-with-a-landscape-in-a-cartouche-mascarons-and-winged-figures-italian-school-from-the-16th-century\\\/\",\"url\":\"https:\\\/\\\/drawings-online.com\\\/en\\\/product\\\/project-of-decorative-frieze-with-a-landscape-in-a-cartouche-mascarons-and-winged-figures-italian-school-from-the-16th-century\\\/\",\"name\":\"Projet de frise d\u00e9corative avec un paysage dans un cartouche, des mascarons et des figures ail\u00e9es, \u00e9cole italienne du XVIe si\u00e8cle - Drawings-online\",\"isPartOf\":{\"@id\":\"https:\\\/\\\/drawings-online.com\\\/#website\"},\"primaryImageOfPage\":{\"@id\":\"https:\\\/\\\/drawings-online.com\\\/en\\\/product\\\/project-of-decorative-frieze-with-a-landscape-in-a-cartouche-mascarons-and-winged-figures-italian-school-from-the-16th-century\\\/#primaryimage\"},\"image\":{\"@id\":\"https:\\\/\\\/drawings-online.com\\\/en\\\/product\\\/project-of-decorative-frieze-with-a-landscape-in-a-cartouche-mascarons-and-winged-figures-italian-school-from-the-16th-century\\\/#primaryimage\"},\"thumbnailUrl\":\"https:\\\/\\\/drawings-online.com\\\/wp-content\\\/uploads\\\/2022\\\/03\\\/DSC_6583_1.png\",\"datePublished\":\"2023-07-11T01:00:49+00:00\",\"dateModified\":\"2024-03-05T13:47:19+00:00\",\"breadcrumb\":{\"@id\":\"https:\\\/\\\/drawings-online.com\\\/en\\\/product\\\/project-of-decorative-frieze-with-a-landscape-in-a-cartouche-mascarons-and-winged-figures-italian-school-from-the-16th-century\\\/#breadcrumb\"},\"inLanguage\":\"en-US\",\"potentialAction\":[{\"@type\":\"ReadAction\",\"target\":[\"https:\\\/\\\/drawings-online.com\\\/en\\\/product\\\/project-of-decorative-frieze-with-a-landscape-in-a-cartouche-mascarons-and-winged-figures-italian-school-from-the-16th-century\\\/\"]}]},{\"@type\":\"ImageObject\",\"inLanguage\":\"en-US\",\"@id\":\"https:\\\/\\\/drawings-online.com\\\/en\\\/product\\\/project-of-decorative-frieze-with-a-landscape-in-a-cartouche-mascarons-and-winged-figures-italian-school-from-the-16th-century\\\/#primaryimage\",\"url\":\"https:\\\/\\\/drawings-online.com\\\/wp-content\\\/uploads\\\/2022\\\/03\\\/DSC_6583_1.png\",\"contentUrl\":\"https:\\\/\\\/drawings-online.com\\\/wp-content\\\/uploads\\\/2022\\\/03\\\/DSC_6583_1.png\",\"width\":1800,\"height\":1800},{\"@type\":\"BreadcrumbList\",\"@id\":\"https:\\\/\\\/drawings-online.com\\\/en\\\/product\\\/project-of-decorative-frieze-with-a-landscape-in-a-cartouche-mascarons-and-winged-figures-italian-school-from-the-16th-century\\\/#breadcrumb\",\"itemListElement\":[{\"@type\":\"ListItem\",\"position\":1,\"name\":\"Works available\",\"item\":\"https:\\\/\\\/drawings-online.com\\\/\"},{\"@type\":\"ListItem\",\"position\":2,\"name\":\"Gallery\",\"item\":\"https:\\\/\\\/drawings-online.com\\\/galerie\\\/\"},{\"@type\":\"ListItem\",\"position\":3,\"name\":\"16e\",\"item\":\"https:\\\/\\\/drawings-online.com\\\/product_tag\\\/16e\\\/\"},{\"@type\":\"ListItem\",\"position\":4,\"name\":\"Project of Decorative Frieze with a Landscape in a Cartouche, Mascarons and Winged Figures, Italian school from the 16th century\"}]},{\"@type\":\"WebSite\",\"@id\":\"https:\\\/\\\/drawings-online.com\\\/en\\\/#website\",\"url\":\"https:\\\/\\\/drawings-online.com\\\/en\\\/\",\"name\":\"Drawings-online\",\"description\":\"Dessins en ligne\",\"publisher\":{\"@id\":\"https:\\\/\\\/drawings-online.com\\\/en\\\/#organization\"},\"potentialAction\":[{\"@type\":\"SearchAction\",\"target\":{\"@type\":\"EntryPoint\",\"urlTemplate\":\"https:\\\/\\\/drawings-online.com\\\/en\\\/?s={search_term_string}\"},\"query-input\":{\"@type\":\"PropertyValueSpecification\",\"valueRequired\":true,\"valueName\":\"search_term_string\"}}],\"inLanguage\":\"en-US\"},{\"@type\":\"Organization\",\"@id\":\"https:\\\/\\\/drawings-online.com\\\/en\\\/#organization\",\"name\":\"Drawings-online\",\"url\":\"https:\\\/\\\/drawings-online.com\\\/en\\\/\",\"logo\":{\"@type\":\"ImageObject\",\"inLanguage\":\"en-US\",\"@id\":\"https:\\\/\\\/drawings-online.com\\\/en\\\/#\\\/schema\\\/logo\\\/image\\\/\",\"url\":\"https:\\\/\\\/drawings-online.com\\\/wp-content\\\/uploads\\\/2020\\\/12\\\/drawings-icone-transp-e1607442878135.png\",\"contentUrl\":\"https:\\\/\\\/drawings-online.com\\\/wp-content\\\/uploads\\\/2020\\\/12\\\/drawings-icone-transp-e1607442878135.png\",\"width\":150,\"height\":150,\"caption\":\"Drawings-online\"},\"image\":{\"@id\":\"https:\\\/\\\/drawings-online.com\\\/en\\\/#\\\/schema\\\/logo\\\/image\\\/\"},\"sameAs\":[\"https:\\\/\\\/www.facebook.com\\\/people\\\/Drawings-online\\\/100034942735866\\\/\",\"https:\\\/\\\/x.com\\\/OnlineDrawings\",\"https:\\\/\\\/www.instagram.com\\\/drawings_online_com\\\/\"]}]}<\/script>\n<!-- \/ Yoast SEO plugin. -->","yoast_head_json":{"title":"Project of Decorative Frieze with a Landscape in a Cartouche, Mascarons and Winged Figures, Italian school from the 16th century","description":"Italian school, 16th century Project of Decorative Frieze with a Landscape in a Cartouche, Mascarons and Winged Figures Pen and brown ink, brown wash. Inscribed Polidoro 19 lower right. Laid down on paper. Numbered 8145\/9 on the verso. 85 x 278 mm - 3 5\/6 x 10 15\/16 in. Provenance - unidentified stamp lower right.","robots":{"index":"index","follow":"follow","max-snippet":"max-snippet:-1","max-image-preview":"max-image-preview:large","max-video-preview":"max-video-preview:-1"},"canonical":"Italian school, 16th century Project of Decorative Frieze with a Landscape in a Cartouche, Mascarons and Winged Figures Pen and brown ink, brown wash. Inscribed Polidoro 19 lower right. Laid down on paper. Numbered 8145\/9 on the verso. 85 x 278 mm - 3 5\/6 x 10 15\/16 in. Provenance - unidentified stamp lower right.","og_locale":"en_US","og_type":"article","og_title":"Project of Decorative Frieze with a Landscape in a Cartouche, Mascarons and Winged Figures, Italian school from the 16th century","og_description":"Italian school, 16th century Project of Decorative Frieze with a Landscape in a Cartouche, Mascarons and Winged Figures Pen and brown ink, brown wash. Inscribed Polidoro 19 lower right. Laid down on paper. Numbered 8145\/9 on the verso. 85 x 278 mm - 3 5\/6 x 10 15\/16 in. Provenance - unidentified stamp lower right.","og_url":"https:\/\/drawings-online.com\/en\/product\/project-of-decorative-frieze-with-a-landscape-in-a-cartouche-mascarons-and-winged-figures-italian-school-from-the-16th-century\/","og_site_name":"Drawings-online","article_publisher":"https:\/\/www.facebook.com\/people\/Drawings-online\/100034942735866\/","article_modified_time":"2024-03-05T13:47:19+00:00","og_image":[{"width":1024,"height":1024,"url":"https:\/\/drawings-online.com\/wp-content\/uploads\/2022\/03\/DSC_6583_1-1024x1024.png","type":"image\/png"}],"twitter_card":"summary_large_image","twitter_site":"@OnlineDrawings","twitter_misc":{"Est. reading time":"1 minute"},"schema":{"@context":"https:\/\/schema.org","@graph":[{"@type":"WebPage","@id":"https:\/\/drawings-online.com\/en\/product\/project-of-decorative-frieze-with-a-landscape-in-a-cartouche-mascarons-and-winged-figures-italian-school-from-the-16th-century\/","url":"https:\/\/drawings-online.com\/en\/product\/project-of-decorative-frieze-with-a-landscape-in-a-cartouche-mascarons-and-winged-figures-italian-school-from-the-16th-century\/","name":"Projet de frise d\u00e9corative avec un paysage dans un cartouche, des mascarons et des figures ail\u00e9es, \u00e9cole italienne du XVIe si\u00e8cle - Drawings-online","isPartOf":{"@id":"https:\/\/drawings-online.com\/#website"},"primaryImageOfPage":{"@id":"https:\/\/drawings-online.com\/en\/product\/project-of-decorative-frieze-with-a-landscape-in-a-cartouche-mascarons-and-winged-figures-italian-school-from-the-16th-century\/#primaryimage"},"image":{"@id":"https:\/\/drawings-online.com\/en\/product\/project-of-decorative-frieze-with-a-landscape-in-a-cartouche-mascarons-and-winged-figures-italian-school-from-the-16th-century\/#primaryimage"},"thumbnailUrl":"https:\/\/drawings-online.com\/wp-content\/uploads\/2022\/03\/DSC_6583_1.png","datePublished":"2023-07-11T01:00:49+00:00","dateModified":"2024-03-05T13:47:19+00:00","breadcrumb":{"@id":"https:\/\/drawings-online.com\/en\/product\/project-of-decorative-frieze-with-a-landscape-in-a-cartouche-mascarons-and-winged-figures-italian-school-from-the-16th-century\/#breadcrumb"},"inLanguage":"en-US","potentialAction":[{"@type":"ReadAction","target":["https:\/\/drawings-online.com\/en\/product\/project-of-decorative-frieze-with-a-landscape-in-a-cartouche-mascarons-and-winged-figures-italian-school-from-the-16th-century\/"]}]},{"@type":"ImageObject","inLanguage":"en-US","@id":"https:\/\/drawings-online.com\/en\/product\/project-of-decorative-frieze-with-a-landscape-in-a-cartouche-mascarons-and-winged-figures-italian-school-from-the-16th-century\/#primaryimage","url":"https:\/\/drawings-online.com\/wp-content\/uploads\/2022\/03\/DSC_6583_1.png","contentUrl":"https:\/\/drawings-online.com\/wp-content\/uploads\/2022\/03\/DSC_6583_1.png","width":1800,"height":1800},{"@type":"BreadcrumbList","@id":"https:\/\/drawings-online.com\/en\/product\/project-of-decorative-frieze-with-a-landscape-in-a-cartouche-mascarons-and-winged-figures-italian-school-from-the-16th-century\/#breadcrumb","itemListElement":[{"@type":"ListItem","position":1,"name":"Works available","item":"https:\/\/drawings-online.com\/"},{"@type":"ListItem","position":2,"name":"Gallery","item":"https:\/\/drawings-online.com\/galerie\/"},{"@type":"ListItem","position":3,"name":"16e","item":"https:\/\/drawings-online.com\/product_tag\/16e\/"},{"@type":"ListItem","position":4,"name":"Project of Decorative Frieze with a Landscape in a Cartouche, Mascarons and Winged Figures, Italian school from the 16th century"}]},{"@type":"WebSite","@id":"https:\/\/drawings-online.com\/en\/#website","url":"https:\/\/drawings-online.com\/en\/","name":"Drawings-online","description":"Dessins en ligne","publisher":{"@id":"https:\/\/drawings-online.com\/en\/#organization"},"potentialAction":[{"@type":"SearchAction","target":{"@type":"EntryPoint","urlTemplate":"https:\/\/drawings-online.com\/en\/?s={search_term_string}"},"query-input":{"@type":"PropertyValueSpecification","valueRequired":true,"valueName":"search_term_string"}}],"inLanguage":"en-US"},{"@type":"Organization","@id":"https:\/\/drawings-online.com\/en\/#organization","name":"Drawings-online","url":"https:\/\/drawings-online.com\/en\/","logo":{"@type":"ImageObject","inLanguage":"en-US","@id":"https:\/\/drawings-online.com\/en\/#\/schema\/logo\/image\/","url":"https:\/\/drawings-online.com\/wp-content\/uploads\/2020\/12\/drawings-icone-transp-e1607442878135.png","contentUrl":"https:\/\/drawings-online.com\/wp-content\/uploads\/2020\/12\/drawings-icone-transp-e1607442878135.png","width":150,"height":150,"caption":"Drawings-online"},"image":{"@id":"https:\/\/drawings-online.com\/en\/#\/schema\/logo\/image\/"},"sameAs":["https:\/\/www.facebook.com\/people\/Drawings-online\/100034942735866\/","https:\/\/x.com\/OnlineDrawings","https:\/\/www.instagram.com\/drawings_online_com\/"]}]}},"jetpack_sharing_enabled":true,"_links":{"self":[{"href":"https:\/\/drawings-online.com\/en\/wp-json\/wp\/v2\/product\/5894","targetHints":{"allow":["GET"]}}],"collection":[{"href":"https:\/\/drawings-online.com\/en\/wp-json\/wp\/v2\/product"}],"about":[{"href":"https:\/\/drawings-online.com\/en\/wp-json\/wp\/v2\/types\/product"}],"wp:featuredmedia":[{"embeddable":true,"href":"https:\/\/drawings-online.com\/en\/wp-json\/wp\/v2\/media\/5895"}],"wp:attachment":[{"href":"https:\/\/drawings-online.com\/en\/wp-json\/wp\/v2\/media?parent=5894"}],"wp:term":[{"taxonomy":"product_brand","embeddable":true,"href":"https:\/\/drawings-online.com\/en\/wp-json\/wp\/v2\/product_brand?post=5894"},{"taxonomy":"product_cat","embeddable":true,"href":"https:\/\/drawings-online.com\/en\/wp-json\/wp\/v2\/product_cat?post=5894"},{"taxonomy":"product_tag","embeddable":true,"href":"https:\/\/drawings-online.com\/en\/wp-json\/wp\/v2\/product_tag?post=5894"}],"curies":[{"name":"wp","href":"https:\/\/api.w.org\/{rel}","templated":true}]}}