{"id":5829,"date":"2022-03-30T12:40:46","date_gmt":"2022-03-30T10:40:46","guid":{"rendered":"https:\/\/drawings-online.com\/product\/\/"},"modified":"2024-03-05T14:36:16","modified_gmt":"2024-03-05T13:36:16","slug":"paysage-par-jean-baptiste-coste","status":"publish","type":"product","link":"https:\/\/drawings-online.com\/en\/product\/landscape-by-jean-baptiste-coste\/","title":{"rendered":"Landscape by Jean Baptiste Coste"},"content":{"rendered":"<p><strong>Jean Baptiste Coste<\/strong><\/p>\n<p>Marseille 1746 &#8211; Paris 1819<\/p>\n<p><em><strong>Landscape<\/strong>.<\/em><\/p>\n<p>Black chalk, pen and black ink, grey wash. In his original mount.<\/p>\n<p>Signed <em>JB Coste<\/em> lower right.<\/p>\n<p>Mount&nbsp;161 x 200 mm &#8211; 6 <sup>5<\/sup>\/<sub>16<\/sub> x 7 <sup>7<\/sup>\/<sub>8<\/sub>&nbsp; &#8211; Drawing 110 x 142 mm &#8211; 4 <sup>5<\/sup>\/<sub>16<\/sub> x 5 <sup>5<\/sup>\/<sub>8<\/sub> in.<\/p>\n<p>A French painter and draftsman, Jean-Baptiste Coste was the son of the director of the Academy in Marseille. After a Parisian training, he left for Rome where, protected by Vien, he taught perspective drawing. He took part in the Salon from 1795 to 1808. At the request of the architect Mathurin Crucy, he worked on the decors of the Graslin theatre in Nantes. He is also the author of a drawing handbook, <em>Cours d\u2019\u00e9tude de paysage<\/em>, published in Paris by Marchand from 1809 to 1811. He also seems to have worked for the Duke of Angoul\u00eame\u2019s porcelain manufactory, founded by Christophe Dihl, Antoine Gu\u00e9rhard and Louise Fran\u00e7ois-Madeleine Croiz\u00e9, and known for its fine painting technique with glimmering and meticulous effects. His daughter Zo\u00e9 Coste was also a painter.<\/p>\n<p>A draftsman above all, Coste was appreciated by his contemporary collectors and his works were found in prestigious collections such as those of Comte de Saint-Morys, part of which is nowadays in the Louvre (see sale 11 February 1786, lots 628 and 662), and Duc de Rohan-Chabot (sale on 10 December 1787, lot 226). It is worth mentioning that the drawing is in its original mount, and was therefore meant to be presented as it is.<\/p>\n","protected":false},"excerpt":{"rendered":"<p>Jean Baptiste Coste Marseille 1746 &#8211; Paris 1819 Landscape. Black chalk, pen and black ink, grey wash. In his original mount. Signed JB Coste lower right. Mount&nbsp;161 x 200 mm &#8211; 6 5\/16 x 7 7\/8&nbsp; &#8211; Drawing 110 x 142 mm &#8211; 4 5\/16 x 5 5\/8 in. A French painter and draftsman, Jean-Baptiste [&hellip;]<\/p>\n","protected":false},"featured_media":5830,"template":"","meta":{"_themeisle_gutenberg_block_has_review":false},"product_brand":[],"product_cat":[78,226],"product_tag":[24,37,345,105,353,363,120,16,35,372],"class_list":{"0":"post-5829","1":"product","2":"type-product","3":"status-publish","4":"has-post-thumbnail","6":"product_cat-french-school","7":"product_cat-provencal-school","8":"product_tag-18th","9":"product_tag-19th","10":"product_tag-old-master-drawings","11":"product_tag-black-ink","12":"product_tag-gallery","13":"product_tag-n11","14":"product_tag-landscape","15":"product_tag-black-chalk","16":"product_tag-pen","17":"product_tag-voyage-en-italie","19":"first","20":"outofstock","21":"taxable","22":"shipping-taxable","23":"purchasable","24":"product-type-variable"},"yoast_head":"<!-- This site is optimized with the Yoast SEO plugin v27.4 - https:\/\/yoast.com\/product\/yoast-seo-wordpress\/ -->\n<title>Landscape by Jean Baptiste Coste<\/title>\n<meta name=\"description\" content=\"Jean Baptiste Coste Marseille 1746 - Paris 1819 Landscape. Black chalk, pen and black ink, grey wash. In his original mount. Signed JB Coste lower right. Mount&nbsp;161 x 200 mm - 6 5\/16 x 7 7\/8&nbsp; - Drawing 110 x 142 mm - 4 5\/16 x 5 5\/8 in. A French painter and draftsman, Jean-Baptiste&hellip;\" \/>\n<meta name=\"robots\" content=\"index, follow, max-snippet:-1, max-image-preview:large, max-video-preview:-1\" \/>\n<link rel=\"canonical\" href=\"http:\/\/Jean%20Baptiste%20Coste%20Marseille%201746%20-%20Paris%201819%20Landscape.%20Black%20chalk,%20pen%20and%20black%20ink,%20grey%20wash.%20In%20his%20original%20mount.%20Signed%20JB%20Coste%20lower%20right.%20Mount&nbsp;161%20x%20200%20mm%20-%206%205\/16%20x%207%207\/8&nbsp;%20-%20Drawing%20110%20x%20142%20mm%20-%204%205\/16%20x%205%205\/8%20in.%20A%20French%20painter%20and%20draftsman,%20Jean-Baptiste&hellip;\" \/>\n<meta property=\"og:locale\" content=\"en_US\" \/>\n<meta property=\"og:type\" content=\"article\" \/>\n<meta property=\"og:title\" content=\"Landscape by Jean Baptiste Coste\" \/>\n<meta property=\"og:description\" content=\"Jean Baptiste Coste Marseille 1746 - Paris 1819 Landscape. Black chalk, pen and black ink, grey wash. In his original mount. Signed JB Coste lower right. Mount&nbsp;161 x 200 mm - 6 5\/16 x 7 7\/8&nbsp; - Drawing 110 x 142 mm - 4 5\/16 x 5 5\/8 in. A French painter and draftsman, Jean-Baptiste&hellip;\" \/>\n<meta property=\"og:url\" content=\"https:\/\/drawings-online.com\/en\/product\/landscape-by-jean-baptiste-coste\/\" \/>\n<meta property=\"og:site_name\" content=\"Drawings-online\" \/>\n<meta property=\"article:publisher\" content=\"https:\/\/www.facebook.com\/people\/Drawings-online\/100034942735866\/\" \/>\n<meta property=\"article:modified_time\" content=\"2024-03-05T13:36:16+00:00\" \/>\n<meta property=\"og:image\" content=\"https:\/\/drawings-online.com\/wp-content\/uploads\/2022\/03\/DSC_3613_1-1024x1024.png\" \/>\n\t<meta property=\"og:image:width\" content=\"1024\" \/>\n\t<meta property=\"og:image:height\" content=\"1024\" \/>\n\t<meta property=\"og:image:type\" content=\"image\/png\" \/>\n<meta name=\"twitter:card\" content=\"summary_large_image\" \/>\n<meta name=\"twitter:site\" content=\"@OnlineDrawings\" \/>\n<meta name=\"twitter:label1\" content=\"Est. reading time\" \/>\n\t<meta name=\"twitter:data1\" content=\"2 minutes\" \/>\n<script type=\"application\/ld+json\" class=\"yoast-schema-graph\">{\"@context\":\"https:\\\/\\\/schema.org\",\"@graph\":[{\"@type\":\"WebPage\",\"@id\":\"https:\\\/\\\/drawings-online.com\\\/en\\\/product\\\/landscape-by-jean-baptiste-coste\\\/\",\"url\":\"https:\\\/\\\/drawings-online.com\\\/en\\\/product\\\/landscape-by-jean-baptiste-coste\\\/\",\"name\":\"Paysage par Jean-Baptiste Coste - Drawings-online\",\"isPartOf\":{\"@id\":\"https:\\\/\\\/drawings-online.com\\\/#website\"},\"primaryImageOfPage\":{\"@id\":\"https:\\\/\\\/drawings-online.com\\\/en\\\/product\\\/landscape-by-jean-baptiste-coste\\\/#primaryimage\"},\"image\":{\"@id\":\"https:\\\/\\\/drawings-online.com\\\/en\\\/product\\\/landscape-by-jean-baptiste-coste\\\/#primaryimage\"},\"thumbnailUrl\":\"https:\\\/\\\/drawings-online.com\\\/wp-content\\\/uploads\\\/2022\\\/03\\\/DSC_3613_1.png\",\"datePublished\":\"2022-03-30T10:40:46+00:00\",\"dateModified\":\"2024-03-05T13:36:16+00:00\",\"breadcrumb\":{\"@id\":\"https:\\\/\\\/drawings-online.com\\\/en\\\/product\\\/landscape-by-jean-baptiste-coste\\\/#breadcrumb\"},\"inLanguage\":\"en-US\",\"potentialAction\":[{\"@type\":\"ReadAction\",\"target\":[\"https:\\\/\\\/drawings-online.com\\\/en\\\/product\\\/landscape-by-jean-baptiste-coste\\\/\"]}]},{\"@type\":\"ImageObject\",\"inLanguage\":\"en-US\",\"@id\":\"https:\\\/\\\/drawings-online.com\\\/en\\\/product\\\/landscape-by-jean-baptiste-coste\\\/#primaryimage\",\"url\":\"https:\\\/\\\/drawings-online.com\\\/wp-content\\\/uploads\\\/2022\\\/03\\\/DSC_3613_1.png\",\"contentUrl\":\"https:\\\/\\\/drawings-online.com\\\/wp-content\\\/uploads\\\/2022\\\/03\\\/DSC_3613_1.png\",\"width\":1800,\"height\":1800},{\"@type\":\"BreadcrumbList\",\"@id\":\"https:\\\/\\\/drawings-online.com\\\/en\\\/product\\\/landscape-by-jean-baptiste-coste\\\/#breadcrumb\",\"itemListElement\":[{\"@type\":\"ListItem\",\"position\":1,\"name\":\"Works available\",\"item\":\"https:\\\/\\\/drawings-online.com\\\/\"},{\"@type\":\"ListItem\",\"position\":2,\"name\":\"Gallery\",\"item\":\"https:\\\/\\\/drawings-online.com\\\/galerie\\\/\"},{\"@type\":\"ListItem\",\"position\":3,\"name\":\"18e\",\"item\":\"https:\\\/\\\/drawings-online.com\\\/product_tag\\\/18e\\\/\"},{\"@type\":\"ListItem\",\"position\":4,\"name\":\"Landscape by Jean Baptiste Coste\"}]},{\"@type\":\"WebSite\",\"@id\":\"https:\\\/\\\/drawings-online.com\\\/en\\\/#website\",\"url\":\"https:\\\/\\\/drawings-online.com\\\/en\\\/\",\"name\":\"Drawings-online\",\"description\":\"Dessins en ligne\",\"publisher\":{\"@id\":\"https:\\\/\\\/drawings-online.com\\\/en\\\/#organization\"},\"potentialAction\":[{\"@type\":\"SearchAction\",\"target\":{\"@type\":\"EntryPoint\",\"urlTemplate\":\"https:\\\/\\\/drawings-online.com\\\/en\\\/?s={search_term_string}\"},\"query-input\":{\"@type\":\"PropertyValueSpecification\",\"valueRequired\":true,\"valueName\":\"search_term_string\"}}],\"inLanguage\":\"en-US\"},{\"@type\":\"Organization\",\"@id\":\"https:\\\/\\\/drawings-online.com\\\/en\\\/#organization\",\"name\":\"Drawings-online\",\"url\":\"https:\\\/\\\/drawings-online.com\\\/en\\\/\",\"logo\":{\"@type\":\"ImageObject\",\"inLanguage\":\"en-US\",\"@id\":\"https:\\\/\\\/drawings-online.com\\\/en\\\/#\\\/schema\\\/logo\\\/image\\\/\",\"url\":\"https:\\\/\\\/drawings-online.com\\\/wp-content\\\/uploads\\\/2020\\\/12\\\/drawings-icone-transp-e1607442878135.png\",\"contentUrl\":\"https:\\\/\\\/drawings-online.com\\\/wp-content\\\/uploads\\\/2020\\\/12\\\/drawings-icone-transp-e1607442878135.png\",\"width\":150,\"height\":150,\"caption\":\"Drawings-online\"},\"image\":{\"@id\":\"https:\\\/\\\/drawings-online.com\\\/en\\\/#\\\/schema\\\/logo\\\/image\\\/\"},\"sameAs\":[\"https:\\\/\\\/www.facebook.com\\\/people\\\/Drawings-online\\\/100034942735866\\\/\",\"https:\\\/\\\/x.com\\\/OnlineDrawings\",\"https:\\\/\\\/www.instagram.com\\\/drawings_online_com\\\/\"]}]}<\/script>\n<!-- \/ Yoast SEO plugin. -->","yoast_head_json":{"title":"Landscape by Jean Baptiste Coste","description":"Jean Baptiste Coste Marseille 1746 - Paris 1819 Landscape. Black chalk, pen and black ink, grey wash. In his original mount. Signed JB Coste lower right. Mount&nbsp;161 x 200 mm - 6 5\/16 x 7 7\/8&nbsp; - Drawing 110 x 142 mm - 4 5\/16 x 5 5\/8 in. A French painter and draftsman, Jean-Baptiste&hellip;","robots":{"index":"index","follow":"follow","max-snippet":"max-snippet:-1","max-image-preview":"max-image-preview:large","max-video-preview":"max-video-preview:-1"},"canonical":"Jean Baptiste Coste Marseille 1746 - Paris 1819 Landscape. Black chalk, pen and black ink, grey wash. In his original mount. Signed JB Coste lower right. Mount&nbsp;161 x 200 mm - 6 5\/16 x 7 7\/8&nbsp; - Drawing 110 x 142 mm - 4 5\/16 x 5 5\/8 in. A French painter and draftsman, Jean-Baptiste&hellip;","og_locale":"en_US","og_type":"article","og_title":"Landscape by Jean Baptiste Coste","og_description":"Jean Baptiste Coste Marseille 1746 - Paris 1819 Landscape. Black chalk, pen and black ink, grey wash. In his original mount. Signed JB Coste lower right. Mount&nbsp;161 x 200 mm - 6 5\/16 x 7 7\/8&nbsp; - Drawing 110 x 142 mm - 4 5\/16 x 5 5\/8 in. A French painter and draftsman, Jean-Baptiste&hellip;","og_url":"https:\/\/drawings-online.com\/en\/product\/landscape-by-jean-baptiste-coste\/","og_site_name":"Drawings-online","article_publisher":"https:\/\/www.facebook.com\/people\/Drawings-online\/100034942735866\/","article_modified_time":"2024-03-05T13:36:16+00:00","og_image":[{"width":1024,"height":1024,"url":"https:\/\/drawings-online.com\/wp-content\/uploads\/2022\/03\/DSC_3613_1-1024x1024.png","type":"image\/png"}],"twitter_card":"summary_large_image","twitter_site":"@OnlineDrawings","twitter_misc":{"Est. reading time":"2 minutes"},"schema":{"@context":"https:\/\/schema.org","@graph":[{"@type":"WebPage","@id":"https:\/\/drawings-online.com\/en\/product\/landscape-by-jean-baptiste-coste\/","url":"https:\/\/drawings-online.com\/en\/product\/landscape-by-jean-baptiste-coste\/","name":"Paysage par Jean-Baptiste Coste - Drawings-online","isPartOf":{"@id":"https:\/\/drawings-online.com\/#website"},"primaryImageOfPage":{"@id":"https:\/\/drawings-online.com\/en\/product\/landscape-by-jean-baptiste-coste\/#primaryimage"},"image":{"@id":"https:\/\/drawings-online.com\/en\/product\/landscape-by-jean-baptiste-coste\/#primaryimage"},"thumbnailUrl":"https:\/\/drawings-online.com\/wp-content\/uploads\/2022\/03\/DSC_3613_1.png","datePublished":"2022-03-30T10:40:46+00:00","dateModified":"2024-03-05T13:36:16+00:00","breadcrumb":{"@id":"https:\/\/drawings-online.com\/en\/product\/landscape-by-jean-baptiste-coste\/#breadcrumb"},"inLanguage":"en-US","potentialAction":[{"@type":"ReadAction","target":["https:\/\/drawings-online.com\/en\/product\/landscape-by-jean-baptiste-coste\/"]}]},{"@type":"ImageObject","inLanguage":"en-US","@id":"https:\/\/drawings-online.com\/en\/product\/landscape-by-jean-baptiste-coste\/#primaryimage","url":"https:\/\/drawings-online.com\/wp-content\/uploads\/2022\/03\/DSC_3613_1.png","contentUrl":"https:\/\/drawings-online.com\/wp-content\/uploads\/2022\/03\/DSC_3613_1.png","width":1800,"height":1800},{"@type":"BreadcrumbList","@id":"https:\/\/drawings-online.com\/en\/product\/landscape-by-jean-baptiste-coste\/#breadcrumb","itemListElement":[{"@type":"ListItem","position":1,"name":"Works available","item":"https:\/\/drawings-online.com\/"},{"@type":"ListItem","position":2,"name":"Gallery","item":"https:\/\/drawings-online.com\/galerie\/"},{"@type":"ListItem","position":3,"name":"18e","item":"https:\/\/drawings-online.com\/product_tag\/18e\/"},{"@type":"ListItem","position":4,"name":"Landscape by Jean Baptiste Coste"}]},{"@type":"WebSite","@id":"https:\/\/drawings-online.com\/en\/#website","url":"https:\/\/drawings-online.com\/en\/","name":"Drawings-online","description":"Dessins en ligne","publisher":{"@id":"https:\/\/drawings-online.com\/en\/#organization"},"potentialAction":[{"@type":"SearchAction","target":{"@type":"EntryPoint","urlTemplate":"https:\/\/drawings-online.com\/en\/?s={search_term_string}"},"query-input":{"@type":"PropertyValueSpecification","valueRequired":true,"valueName":"search_term_string"}}],"inLanguage":"en-US"},{"@type":"Organization","@id":"https:\/\/drawings-online.com\/en\/#organization","name":"Drawings-online","url":"https:\/\/drawings-online.com\/en\/","logo":{"@type":"ImageObject","inLanguage":"en-US","@id":"https:\/\/drawings-online.com\/en\/#\/schema\/logo\/image\/","url":"https:\/\/drawings-online.com\/wp-content\/uploads\/2020\/12\/drawings-icone-transp-e1607442878135.png","contentUrl":"https:\/\/drawings-online.com\/wp-content\/uploads\/2020\/12\/drawings-icone-transp-e1607442878135.png","width":150,"height":150,"caption":"Drawings-online"},"image":{"@id":"https:\/\/drawings-online.com\/en\/#\/schema\/logo\/image\/"},"sameAs":["https:\/\/www.facebook.com\/people\/Drawings-online\/100034942735866\/","https:\/\/x.com\/OnlineDrawings","https:\/\/www.instagram.com\/drawings_online_com\/"]}]}},"jetpack_sharing_enabled":true,"_links":{"self":[{"href":"https:\/\/drawings-online.com\/en\/wp-json\/wp\/v2\/product\/5829","targetHints":{"allow":["GET"]}}],"collection":[{"href":"https:\/\/drawings-online.com\/en\/wp-json\/wp\/v2\/product"}],"about":[{"href":"https:\/\/drawings-online.com\/en\/wp-json\/wp\/v2\/types\/product"}],"wp:featuredmedia":[{"embeddable":true,"href":"https:\/\/drawings-online.com\/en\/wp-json\/wp\/v2\/media\/5830"}],"wp:attachment":[{"href":"https:\/\/drawings-online.com\/en\/wp-json\/wp\/v2\/media?parent=5829"}],"wp:term":[{"taxonomy":"product_brand","embeddable":true,"href":"https:\/\/drawings-online.com\/en\/wp-json\/wp\/v2\/product_brand?post=5829"},{"taxonomy":"product_cat","embeddable":true,"href":"https:\/\/drawings-online.com\/en\/wp-json\/wp\/v2\/product_cat?post=5829"},{"taxonomy":"product_tag","embeddable":true,"href":"https:\/\/drawings-online.com\/en\/wp-json\/wp\/v2\/product_tag?post=5829"}],"curies":[{"name":"wp","href":"https:\/\/api.w.org\/{rel}","templated":true}]}}