{"id":5805,"date":"2022-03-30T12:30:09","date_gmt":"2022-03-30T10:30:09","guid":{"rendered":"https:\/\/drawings-online.com\/product\/\/"},"modified":"2024-03-05T15:15:59","modified_gmt":"2024-03-05T14:15:59","slug":"scene-au-pied-dun-palais-venitien-un-homme-aide-une-dame-a-embarquer-sur-une-gondole-ecole-francaise-du-19e-siecle","status":"publish","type":"product","link":"https:\/\/drawings-online.com\/en\/product\/scene-by-a-venetian-palace-franch-schoo-from-the-19th-century\/","title":{"rendered":"Scene by a Venetian palace, Franch schoo from the 19th century"},"content":{"rendered":"<p><strong>Franch schoo from the 19th century<\/strong><br \/>\n<em><br \/>\n<strong>Scene by a Venetian palace: a man helping a lady into a gondola<\/strong><\/em><\/p>\n<p><em>&nbsp;<\/em>Watercolor and pencil.<\/p>\n<p>Many numberings on the verso. Two old pieces of fixing tape.<\/p>\n<p>255 x 182 mm &#8211; 10 x 7 <sup>3<\/sup>\/<sub>16<\/sub> in.<\/p>\n<p>&nbsp;<\/p>\n<p>This lovely drawing from the Romantic period probably illustrates an historical or literary episode, taking place in Venice. An inextinguishable source of inspiration for literature in the 19<sup>th<\/sup> century, Venice is the setting of many plays by Musset, Hugo, Stendhal, amongst other writers, all of them furthermore nourished by a Shakespearian vision of the city. The scene takes place during the Renaissance, as evidenced by the costumes, and is reminiscent of Delacroix or Bonington\u2019s taste for Venetian and historical scenes. Although it is anonymous, this work has been executed with a refinement and skill that certainly foreshadow an interesting attribution. &nbsp;<\/p>\n","protected":false},"excerpt":{"rendered":"<p>Franch schoo from the 19th century Scene by a Venetian palace: a man helping a lady into a gondola &nbsp;Watercolor and pencil. Many numberings on the verso. Two old pieces of fixing tape. 255 x 182 mm &#8211; 10 x 7 3\/16 in. &nbsp; This lovely drawing from the Romantic period probably illustrates an historical [&hellip;]<\/p>\n","protected":false},"featured_media":5806,"template":"","meta":{"_themeisle_gutenberg_block_has_review":false},"product_brand":[],"product_cat":[78],"product_tag":[32,124,346,353,121,363,275,293,372],"class_list":{"0":"post-5805","1":"product","2":"type-product","3":"status-publish","4":"has-post-thumbnail","6":"product_cat-french-school","7":"product_tag-watercolour","8":"product_tag-pencil","9":"product_tag-19th-century-drawings","10":"product_tag-gallery","11":"product_tag-grand-tour","12":"product_tag-n11","13":"product_tag-traveling-painters","14":"product_tag-venezia","15":"product_tag-voyage-en-italie","17":"first","18":"outofstock","19":"taxable","20":"shipping-taxable","21":"purchasable","22":"product-type-simple"},"yoast_head":"<!-- This site is optimized with the Yoast SEO plugin v27.4 - https:\/\/yoast.com\/product\/yoast-seo-wordpress\/ -->\n<title>Scene by a Venetian palace, Franch schoo from the 19th century<\/title>\n<meta name=\"description\" content=\"Franch schoo from the 19th century Scene by a Venetian palace: a man helping a lady into a gondola &nbsp;Watercolor and pencil. Many numberings on the verso. Two old pieces of fixing tape. 255 x 182 mm - 10 x 7 3\/16 in. &nbsp; This lovely drawing from the Romantic period probably illustrates an historical&hellip;\" \/>\n<meta name=\"robots\" content=\"index, follow, max-snippet:-1, max-image-preview:large, max-video-preview:-1\" \/>\n<link rel=\"canonical\" href=\"\" \/>\n<meta property=\"og:locale\" content=\"en_US\" \/>\n<meta property=\"og:type\" content=\"article\" \/>\n<meta property=\"og:title\" content=\"Scene by a Venetian palace, Franch schoo from the 19th century\" \/>\n<meta property=\"og:description\" content=\"Franch schoo from the 19th century Scene by a Venetian palace: a man helping a lady into a gondola &nbsp;Watercolor and pencil. Many numberings on the verso. Two old pieces of fixing tape. 255 x 182 mm - 10 x 7 3\/16 in. &nbsp; This lovely drawing from the Romantic period probably illustrates an historical&hellip;\" \/>\n<meta property=\"og:url\" content=\"https:\/\/drawings-online.com\/en\/product\/scene-by-a-venetian-palace-franch-schoo-from-the-19th-century\/\" \/>\n<meta property=\"og:site_name\" content=\"Drawings-online\" \/>\n<meta property=\"article:publisher\" content=\"https:\/\/www.facebook.com\/people\/Drawings-online\/100034942735866\/\" \/>\n<meta property=\"article:modified_time\" content=\"2024-03-05T14:15:59+00:00\" \/>\n<meta property=\"og:image\" content=\"https:\/\/drawings-online.com\/wp-content\/uploads\/2022\/03\/DSC_4658_1-1024x1024.png\" \/>\n\t<meta property=\"og:image:width\" content=\"1024\" \/>\n\t<meta property=\"og:image:height\" content=\"1024\" \/>\n\t<meta property=\"og:image:type\" content=\"image\/png\" \/>\n<meta name=\"twitter:card\" content=\"summary_large_image\" \/>\n<meta name=\"twitter:site\" content=\"@OnlineDrawings\" \/>\n<meta name=\"twitter:label1\" content=\"Est. reading time\" \/>\n\t<meta name=\"twitter:data1\" content=\"1 minute\" \/>\n<script type=\"application\/ld+json\" class=\"yoast-schema-graph\">{\"@context\":\"https:\\\/\\\/schema.org\",\"@graph\":[{\"@type\":\"WebPage\",\"@id\":\"https:\\\/\\\/drawings-online.com\\\/en\\\/product\\\/scene-by-a-venetian-palace-franch-schoo-from-the-19th-century\\\/\",\"url\":\"https:\\\/\\\/drawings-online.com\\\/en\\\/product\\\/scene-by-a-venetian-palace-franch-schoo-from-the-19th-century\\\/\",\"name\":\"Sc\u00e8ne au pied d\u2019un palais v\u00e9nitien ; un homme aide une dame \u00e0 embarquer sur une gondole, \u00e9cole fran\u00e7aise du 19e si\u00e8cle - Drawings-online\",\"isPartOf\":{\"@id\":\"https:\\\/\\\/drawings-online.com\\\/#website\"},\"primaryImageOfPage\":{\"@id\":\"https:\\\/\\\/drawings-online.com\\\/en\\\/product\\\/scene-by-a-venetian-palace-franch-schoo-from-the-19th-century\\\/#primaryimage\"},\"image\":{\"@id\":\"https:\\\/\\\/drawings-online.com\\\/en\\\/product\\\/scene-by-a-venetian-palace-franch-schoo-from-the-19th-century\\\/#primaryimage\"},\"thumbnailUrl\":\"https:\\\/\\\/drawings-online.com\\\/wp-content\\\/uploads\\\/2022\\\/03\\\/DSC_4658_1.png\",\"datePublished\":\"2022-03-30T10:30:09+00:00\",\"dateModified\":\"2024-03-05T14:15:59+00:00\",\"breadcrumb\":{\"@id\":\"https:\\\/\\\/drawings-online.com\\\/en\\\/product\\\/scene-by-a-venetian-palace-franch-schoo-from-the-19th-century\\\/#breadcrumb\"},\"inLanguage\":\"en-US\",\"potentialAction\":[{\"@type\":\"ReadAction\",\"target\":[\"https:\\\/\\\/drawings-online.com\\\/en\\\/product\\\/scene-by-a-venetian-palace-franch-schoo-from-the-19th-century\\\/\"]}]},{\"@type\":\"ImageObject\",\"inLanguage\":\"en-US\",\"@id\":\"https:\\\/\\\/drawings-online.com\\\/en\\\/product\\\/scene-by-a-venetian-palace-franch-schoo-from-the-19th-century\\\/#primaryimage\",\"url\":\"https:\\\/\\\/drawings-online.com\\\/wp-content\\\/uploads\\\/2022\\\/03\\\/DSC_4658_1.png\",\"contentUrl\":\"https:\\\/\\\/drawings-online.com\\\/wp-content\\\/uploads\\\/2022\\\/03\\\/DSC_4658_1.png\",\"width\":1800,\"height\":1800},{\"@type\":\"BreadcrumbList\",\"@id\":\"https:\\\/\\\/drawings-online.com\\\/en\\\/product\\\/scene-by-a-venetian-palace-franch-schoo-from-the-19th-century\\\/#breadcrumb\",\"itemListElement\":[{\"@type\":\"ListItem\",\"position\":1,\"name\":\"Works available\",\"item\":\"https:\\\/\\\/drawings-online.com\\\/\"},{\"@type\":\"ListItem\",\"position\":2,\"name\":\"Gallery\",\"item\":\"https:\\\/\\\/drawings-online.com\\\/galerie\\\/\"},{\"@type\":\"ListItem\",\"position\":3,\"name\":\"Aquarelle\",\"item\":\"https:\\\/\\\/drawings-online.com\\\/product_tag\\\/aquarelle\\\/\"},{\"@type\":\"ListItem\",\"position\":4,\"name\":\"Scene by a Venetian palace, Franch schoo from the 19th century\"}]},{\"@type\":\"WebSite\",\"@id\":\"https:\\\/\\\/drawings-online.com\\\/en\\\/#website\",\"url\":\"https:\\\/\\\/drawings-online.com\\\/en\\\/\",\"name\":\"Drawings-online\",\"description\":\"Dessins en ligne\",\"publisher\":{\"@id\":\"https:\\\/\\\/drawings-online.com\\\/en\\\/#organization\"},\"potentialAction\":[{\"@type\":\"SearchAction\",\"target\":{\"@type\":\"EntryPoint\",\"urlTemplate\":\"https:\\\/\\\/drawings-online.com\\\/en\\\/?s={search_term_string}\"},\"query-input\":{\"@type\":\"PropertyValueSpecification\",\"valueRequired\":true,\"valueName\":\"search_term_string\"}}],\"inLanguage\":\"en-US\"},{\"@type\":\"Organization\",\"@id\":\"https:\\\/\\\/drawings-online.com\\\/en\\\/#organization\",\"name\":\"Drawings-online\",\"url\":\"https:\\\/\\\/drawings-online.com\\\/en\\\/\",\"logo\":{\"@type\":\"ImageObject\",\"inLanguage\":\"en-US\",\"@id\":\"https:\\\/\\\/drawings-online.com\\\/en\\\/#\\\/schema\\\/logo\\\/image\\\/\",\"url\":\"https:\\\/\\\/drawings-online.com\\\/wp-content\\\/uploads\\\/2020\\\/12\\\/drawings-icone-transp-e1607442878135.png\",\"contentUrl\":\"https:\\\/\\\/drawings-online.com\\\/wp-content\\\/uploads\\\/2020\\\/12\\\/drawings-icone-transp-e1607442878135.png\",\"width\":150,\"height\":150,\"caption\":\"Drawings-online\"},\"image\":{\"@id\":\"https:\\\/\\\/drawings-online.com\\\/en\\\/#\\\/schema\\\/logo\\\/image\\\/\"},\"sameAs\":[\"https:\\\/\\\/www.facebook.com\\\/people\\\/Drawings-online\\\/100034942735866\\\/\",\"https:\\\/\\\/x.com\\\/OnlineDrawings\",\"https:\\\/\\\/www.instagram.com\\\/drawings_online_com\\\/\"]}]}<\/script>\n<!-- \/ Yoast SEO plugin. -->","yoast_head_json":{"title":"Scene by a Venetian palace, Franch schoo from the 19th century","description":"Franch schoo from the 19th century Scene by a Venetian palace: a man helping a lady into a gondola &nbsp;Watercolor and pencil. Many numberings on the verso. Two old pieces of fixing tape. 255 x 182 mm - 10 x 7 3\/16 in. &nbsp; This lovely drawing from the Romantic period probably illustrates an historical&hellip;","robots":{"index":"index","follow":"follow","max-snippet":"max-snippet:-1","max-image-preview":"max-image-preview:large","max-video-preview":"max-video-preview:-1"},"canonical":"Franch schoo from the 19th century Scene by a Venetian palace: a man helping a lady into a gondola &nbsp;Watercolor and pencil. Many numberings on the verso. Two old pieces of fixing tape. 255 x 182 mm - 10 x 7 3\/16 in. &nbsp; This lovely drawing from the Romantic period probably illustrates an historical&hellip;","og_locale":"en_US","og_type":"article","og_title":"Scene by a Venetian palace, Franch schoo from the 19th century","og_description":"Franch schoo from the 19th century Scene by a Venetian palace: a man helping a lady into a gondola &nbsp;Watercolor and pencil. Many numberings on the verso. Two old pieces of fixing tape. 255 x 182 mm - 10 x 7 3\/16 in. &nbsp; This lovely drawing from the Romantic period probably illustrates an historical&hellip;","og_url":"https:\/\/drawings-online.com\/en\/product\/scene-by-a-venetian-palace-franch-schoo-from-the-19th-century\/","og_site_name":"Drawings-online","article_publisher":"https:\/\/www.facebook.com\/people\/Drawings-online\/100034942735866\/","article_modified_time":"2024-03-05T14:15:59+00:00","og_image":[{"width":1024,"height":1024,"url":"https:\/\/drawings-online.com\/wp-content\/uploads\/2022\/03\/DSC_4658_1-1024x1024.png","type":"image\/png"}],"twitter_card":"summary_large_image","twitter_site":"@OnlineDrawings","twitter_misc":{"Est. reading time":"1 minute"},"schema":{"@context":"https:\/\/schema.org","@graph":[{"@type":"WebPage","@id":"https:\/\/drawings-online.com\/en\/product\/scene-by-a-venetian-palace-franch-schoo-from-the-19th-century\/","url":"https:\/\/drawings-online.com\/en\/product\/scene-by-a-venetian-palace-franch-schoo-from-the-19th-century\/","name":"Sc\u00e8ne au pied d\u2019un palais v\u00e9nitien ; un homme aide une dame \u00e0 embarquer sur une gondole, \u00e9cole fran\u00e7aise du 19e si\u00e8cle - Drawings-online","isPartOf":{"@id":"https:\/\/drawings-online.com\/#website"},"primaryImageOfPage":{"@id":"https:\/\/drawings-online.com\/en\/product\/scene-by-a-venetian-palace-franch-schoo-from-the-19th-century\/#primaryimage"},"image":{"@id":"https:\/\/drawings-online.com\/en\/product\/scene-by-a-venetian-palace-franch-schoo-from-the-19th-century\/#primaryimage"},"thumbnailUrl":"https:\/\/drawings-online.com\/wp-content\/uploads\/2022\/03\/DSC_4658_1.png","datePublished":"2022-03-30T10:30:09+00:00","dateModified":"2024-03-05T14:15:59+00:00","breadcrumb":{"@id":"https:\/\/drawings-online.com\/en\/product\/scene-by-a-venetian-palace-franch-schoo-from-the-19th-century\/#breadcrumb"},"inLanguage":"en-US","potentialAction":[{"@type":"ReadAction","target":["https:\/\/drawings-online.com\/en\/product\/scene-by-a-venetian-palace-franch-schoo-from-the-19th-century\/"]}]},{"@type":"ImageObject","inLanguage":"en-US","@id":"https:\/\/drawings-online.com\/en\/product\/scene-by-a-venetian-palace-franch-schoo-from-the-19th-century\/#primaryimage","url":"https:\/\/drawings-online.com\/wp-content\/uploads\/2022\/03\/DSC_4658_1.png","contentUrl":"https:\/\/drawings-online.com\/wp-content\/uploads\/2022\/03\/DSC_4658_1.png","width":1800,"height":1800},{"@type":"BreadcrumbList","@id":"https:\/\/drawings-online.com\/en\/product\/scene-by-a-venetian-palace-franch-schoo-from-the-19th-century\/#breadcrumb","itemListElement":[{"@type":"ListItem","position":1,"name":"Works available","item":"https:\/\/drawings-online.com\/"},{"@type":"ListItem","position":2,"name":"Gallery","item":"https:\/\/drawings-online.com\/galerie\/"},{"@type":"ListItem","position":3,"name":"Aquarelle","item":"https:\/\/drawings-online.com\/product_tag\/aquarelle\/"},{"@type":"ListItem","position":4,"name":"Scene by a Venetian palace, Franch schoo from the 19th century"}]},{"@type":"WebSite","@id":"https:\/\/drawings-online.com\/en\/#website","url":"https:\/\/drawings-online.com\/en\/","name":"Drawings-online","description":"Dessins en ligne","publisher":{"@id":"https:\/\/drawings-online.com\/en\/#organization"},"potentialAction":[{"@type":"SearchAction","target":{"@type":"EntryPoint","urlTemplate":"https:\/\/drawings-online.com\/en\/?s={search_term_string}"},"query-input":{"@type":"PropertyValueSpecification","valueRequired":true,"valueName":"search_term_string"}}],"inLanguage":"en-US"},{"@type":"Organization","@id":"https:\/\/drawings-online.com\/en\/#organization","name":"Drawings-online","url":"https:\/\/drawings-online.com\/en\/","logo":{"@type":"ImageObject","inLanguage":"en-US","@id":"https:\/\/drawings-online.com\/en\/#\/schema\/logo\/image\/","url":"https:\/\/drawings-online.com\/wp-content\/uploads\/2020\/12\/drawings-icone-transp-e1607442878135.png","contentUrl":"https:\/\/drawings-online.com\/wp-content\/uploads\/2020\/12\/drawings-icone-transp-e1607442878135.png","width":150,"height":150,"caption":"Drawings-online"},"image":{"@id":"https:\/\/drawings-online.com\/en\/#\/schema\/logo\/image\/"},"sameAs":["https:\/\/www.facebook.com\/people\/Drawings-online\/100034942735866\/","https:\/\/x.com\/OnlineDrawings","https:\/\/www.instagram.com\/drawings_online_com\/"]}]}},"jetpack_sharing_enabled":true,"_links":{"self":[{"href":"https:\/\/drawings-online.com\/en\/wp-json\/wp\/v2\/product\/5805","targetHints":{"allow":["GET"]}}],"collection":[{"href":"https:\/\/drawings-online.com\/en\/wp-json\/wp\/v2\/product"}],"about":[{"href":"https:\/\/drawings-online.com\/en\/wp-json\/wp\/v2\/types\/product"}],"wp:featuredmedia":[{"embeddable":true,"href":"https:\/\/drawings-online.com\/en\/wp-json\/wp\/v2\/media\/5806"}],"wp:attachment":[{"href":"https:\/\/drawings-online.com\/en\/wp-json\/wp\/v2\/media?parent=5805"}],"wp:term":[{"taxonomy":"product_brand","embeddable":true,"href":"https:\/\/drawings-online.com\/en\/wp-json\/wp\/v2\/product_brand?post=5805"},{"taxonomy":"product_cat","embeddable":true,"href":"https:\/\/drawings-online.com\/en\/wp-json\/wp\/v2\/product_cat?post=5805"},{"taxonomy":"product_tag","embeddable":true,"href":"https:\/\/drawings-online.com\/en\/wp-json\/wp\/v2\/product_tag?post=5805"}],"curies":[{"name":"wp","href":"https:\/\/api.w.org\/{rel}","templated":true}]}}