{"id":5327,"date":"2022-02-05T08:20:03","date_gmt":"2022-02-05T07:20:03","guid":{"rendered":"https:\/\/artesepia.com\/FG1495-ovh\/product\/\/"},"modified":"2022-02-06T08:47:17","modified_gmt":"2022-02-06T07:47:17","slug":"etude-de-tete-et-buste-de-jeune-homme-le-bras-leve-par-jules-machard","status":"publish","type":"product","link":"https:\/\/drawings-online.com\/en\/product\/study-of-head-and-bust-of-young-man-with-arm-raised-by-jules-machard\/","title":{"rendered":"Study of head and bust of young man with arm raised by Jules Machard"},"content":{"rendered":"<p><strong>Jules Machard <\/strong><\/p>\n<p>Sampans, 1839 &#8211; Bellevue, 1900<\/p>\n<p><strong><em>Study of head and bust of young man with arm raised<\/em><\/strong><\/p>\n<p>312 x 199 mm &#8211; 12 5\/16 x 7 13\/16 in.<\/p>\n<p>Pencil on paper.<\/p>\n<p>Stamped signature <em>J. Machard <\/em>(<a href=\"http:\/\/www.marquesdecollections.fr\/detail.cfm\/marque\/10703\/total\/1\">L. 5030<\/a>) lower right.<\/p>\n<p>This drawing belongs to a set of 85 drawings from the studio of Jules Machard presented by Drawings-online.&nbsp;<a href=\"https:\/\/drawings-online.com\/en\/85-drawings-from-the-studio-of-jules-machard-sampans-1839-meudon-1900\/\" target=\"_blank\" rel=\"noopener\">Read our focus on the artist.<\/a><\/p>\n<p>&nbsp;<\/p>\n<p>On his return from Rome in 1874, Jules Machard was invited to London by the Duke and Duchess of Buccleugh, who commissioned three paintings for the ceilings of Montagu House Castle. These works, of mythological subjects, represented <em>Psyche returned to Love<\/em>, <em>Psyche carried off by Zephyr<\/em> and <em>the Passage of Venus before the Sun.<\/em><\/p>\n<p>&nbsp;<\/p>\n<p>This sketch of studies is said to be preparatory to the decoration of one of the ceilings of Montagu House Castle, made between 1876 and 1878.<\/p>\n","protected":false},"excerpt":{"rendered":"<p>Jules Machard Sampans, 1839 &#8211; Bellevue, 1900 Study of head and bust of young man with arm raised 312 x 199 mm &#8211; 12 5\/16 x 7 13\/16 in. Pencil on paper. Stamped signature J. Machard (L. 5030) lower right. This drawing belongs to a set of 85 drawings from the studio of Jules Machard [&hellip;]<\/p>\n","protected":false},"featured_media":5328,"template":"","meta":{"_themeisle_gutenberg_block_has_review":false},"product_brand":[],"product_cat":[78],"product_tag":[37,343,124,346],"class_list":{"0":"post-5327","1":"product","2":"type-product","3":"status-publish","4":"has-post-thumbnail","6":"product_cat-french-school","7":"product_tag-19th","8":"product_tag-jules-machard-workshop","9":"product_tag-pencil","10":"product_tag-19th-century-drawings","12":"first","13":"instock","14":"taxable","15":"shipping-taxable","16":"purchasable","17":"product-type-simple"},"yoast_head":"<!-- This site is optimized with the Yoast SEO plugin v27.4 - https:\/\/yoast.com\/product\/yoast-seo-wordpress\/ -->\n<title>Study of head and bust of young man with arm raised by Jules Machard<\/title>\n<meta name=\"description\" content=\"Jules Machard Sampans, 1839 - Bellevue, 1900 Study of head and bust of young man with arm raised 312 x 199 mm - 12 5\/16 x 7 13\/16 in. Pencil on paper. Stamped signature J. Machard (L. 5030) lower right. This drawing belongs to a set of 85 drawings from the studio of Jules Machard&hellip;\" \/>\n<meta name=\"robots\" content=\"index, follow, max-snippet:-1, max-image-preview:large, max-video-preview:-1\" \/>\n<link rel=\"canonical\" href=\"http:\/\/Jules%20Machard%20Sampans,%201839%20-%20Bellevue,%201900%20Study%20of%20head%20and%20bust%20of%20young%20man%20with%20arm%20raised%20312%20x%20199%20mm%20-%2012%205\/16%20x%207%2013\/16%20in.%20Pencil%20on%20paper.%20Stamped%20signature%20J.%20Machard%20(L.%205030)%20lower%20right.%20This%20drawing%20belongs%20to%20a%20set%20of%2085%20drawings%20from%20the%20studio%20of%20Jules%20Machard&hellip;\" \/>\n<meta property=\"og:locale\" content=\"en_US\" \/>\n<meta property=\"og:type\" content=\"article\" \/>\n<meta property=\"og:title\" content=\"Study of head and bust of young man with arm raised by Jules Machard\" \/>\n<meta property=\"og:description\" content=\"Jules Machard Sampans, 1839 - Bellevue, 1900 Study of head and bust of young man with arm raised 312 x 199 mm - 12 5\/16 x 7 13\/16 in. Pencil on paper. Stamped signature J. Machard (L. 5030) lower right. This drawing belongs to a set of 85 drawings from the studio of Jules Machard&hellip;\" \/>\n<meta property=\"og:url\" content=\"https:\/\/drawings-online.com\/en\/product\/study-of-head-and-bust-of-young-man-with-arm-raised-by-jules-machard\/\" \/>\n<meta property=\"og:site_name\" content=\"Drawings-online\" \/>\n<meta property=\"article:publisher\" content=\"https:\/\/www.facebook.com\/people\/Drawings-online\/100034942735866\/\" \/>\n<meta property=\"article:modified_time\" content=\"2022-02-06T07:47:17+00:00\" \/>\n<meta property=\"og:image\" content=\"https:\/\/drawings-online.com\/wp-content\/uploads\/2022\/02\/186_1-1024x1024.png\" \/>\n\t<meta property=\"og:image:width\" content=\"1024\" \/>\n\t<meta property=\"og:image:height\" content=\"1024\" \/>\n\t<meta property=\"og:image:type\" content=\"image\/png\" \/>\n<meta name=\"twitter:card\" content=\"summary_large_image\" \/>\n<meta name=\"twitter:site\" content=\"@OnlineDrawings\" \/>\n<meta name=\"twitter:label1\" content=\"Est. reading time\" \/>\n\t<meta name=\"twitter:data1\" content=\"1 minute\" \/>\n<script type=\"application\/ld+json\" class=\"yoast-schema-graph\">{\"@context\":\"https:\\\/\\\/schema.org\",\"@graph\":[{\"@type\":\"WebPage\",\"@id\":\"https:\\\/\\\/drawings-online.com\\\/en\\\/product\\\/study-of-head-and-bust-of-young-man-with-arm-raised-by-jules-machard\\\/\",\"url\":\"https:\\\/\\\/drawings-online.com\\\/en\\\/product\\\/study-of-head-and-bust-of-young-man-with-arm-raised-by-jules-machard\\\/\",\"name\":\"\u00c9tude de t\u00eate et buste de jeune homme le bras lev\u00e9 par Jules Machard - Drawings-online\",\"isPartOf\":{\"@id\":\"https:\\\/\\\/drawings-online.com\\\/#website\"},\"primaryImageOfPage\":{\"@id\":\"https:\\\/\\\/drawings-online.com\\\/en\\\/product\\\/study-of-head-and-bust-of-young-man-with-arm-raised-by-jules-machard\\\/#primaryimage\"},\"image\":{\"@id\":\"https:\\\/\\\/drawings-online.com\\\/en\\\/product\\\/study-of-head-and-bust-of-young-man-with-arm-raised-by-jules-machard\\\/#primaryimage\"},\"thumbnailUrl\":\"https:\\\/\\\/drawings-online.com\\\/wp-content\\\/uploads\\\/2022\\\/02\\\/186_1.png\",\"datePublished\":\"2022-02-05T07:20:03+00:00\",\"dateModified\":\"2022-02-06T07:47:17+00:00\",\"breadcrumb\":{\"@id\":\"https:\\\/\\\/drawings-online.com\\\/en\\\/product\\\/study-of-head-and-bust-of-young-man-with-arm-raised-by-jules-machard\\\/#breadcrumb\"},\"inLanguage\":\"en-US\",\"potentialAction\":[{\"@type\":\"ReadAction\",\"target\":[\"https:\\\/\\\/drawings-online.com\\\/en\\\/product\\\/study-of-head-and-bust-of-young-man-with-arm-raised-by-jules-machard\\\/\"]}]},{\"@type\":\"ImageObject\",\"inLanguage\":\"en-US\",\"@id\":\"https:\\\/\\\/drawings-online.com\\\/en\\\/product\\\/study-of-head-and-bust-of-young-man-with-arm-raised-by-jules-machard\\\/#primaryimage\",\"url\":\"https:\\\/\\\/drawings-online.com\\\/wp-content\\\/uploads\\\/2022\\\/02\\\/186_1.png\",\"contentUrl\":\"https:\\\/\\\/drawings-online.com\\\/wp-content\\\/uploads\\\/2022\\\/02\\\/186_1.png\",\"width\":1800,\"height\":1800,\"caption\":\"\u00c9tude de t\u00eate et buste de jeune homme le bras lev\u00e9 par Jules Machard\"},{\"@type\":\"BreadcrumbList\",\"@id\":\"https:\\\/\\\/drawings-online.com\\\/en\\\/product\\\/study-of-head-and-bust-of-young-man-with-arm-raised-by-jules-machard\\\/#breadcrumb\",\"itemListElement\":[{\"@type\":\"ListItem\",\"position\":1,\"name\":\"Works available\",\"item\":\"https:\\\/\\\/drawings-online.com\\\/\"},{\"@type\":\"ListItem\",\"position\":2,\"name\":\"Gallery\",\"item\":\"https:\\\/\\\/drawings-online.com\\\/galerie\\\/\"},{\"@type\":\"ListItem\",\"position\":3,\"name\":\"19e\",\"item\":\"https:\\\/\\\/drawings-online.com\\\/product_tag\\\/19e\\\/\"},{\"@type\":\"ListItem\",\"position\":4,\"name\":\"Study of head and bust of young man with arm raised by Jules Machard\"}]},{\"@type\":\"WebSite\",\"@id\":\"https:\\\/\\\/drawings-online.com\\\/en\\\/#website\",\"url\":\"https:\\\/\\\/drawings-online.com\\\/en\\\/\",\"name\":\"Drawings-online\",\"description\":\"Dessins en ligne\",\"publisher\":{\"@id\":\"https:\\\/\\\/drawings-online.com\\\/en\\\/#organization\"},\"potentialAction\":[{\"@type\":\"SearchAction\",\"target\":{\"@type\":\"EntryPoint\",\"urlTemplate\":\"https:\\\/\\\/drawings-online.com\\\/en\\\/?s={search_term_string}\"},\"query-input\":{\"@type\":\"PropertyValueSpecification\",\"valueRequired\":true,\"valueName\":\"search_term_string\"}}],\"inLanguage\":\"en-US\"},{\"@type\":\"Organization\",\"@id\":\"https:\\\/\\\/drawings-online.com\\\/en\\\/#organization\",\"name\":\"Drawings-online\",\"url\":\"https:\\\/\\\/drawings-online.com\\\/en\\\/\",\"logo\":{\"@type\":\"ImageObject\",\"inLanguage\":\"en-US\",\"@id\":\"https:\\\/\\\/drawings-online.com\\\/en\\\/#\\\/schema\\\/logo\\\/image\\\/\",\"url\":\"https:\\\/\\\/drawings-online.com\\\/wp-content\\\/uploads\\\/2020\\\/12\\\/drawings-icone-transp-e1607442878135.png\",\"contentUrl\":\"https:\\\/\\\/drawings-online.com\\\/wp-content\\\/uploads\\\/2020\\\/12\\\/drawings-icone-transp-e1607442878135.png\",\"width\":150,\"height\":150,\"caption\":\"Drawings-online\"},\"image\":{\"@id\":\"https:\\\/\\\/drawings-online.com\\\/en\\\/#\\\/schema\\\/logo\\\/image\\\/\"},\"sameAs\":[\"https:\\\/\\\/www.facebook.com\\\/people\\\/Drawings-online\\\/100034942735866\\\/\",\"https:\\\/\\\/x.com\\\/OnlineDrawings\",\"https:\\\/\\\/www.instagram.com\\\/drawings_online_com\\\/\"]}]}<\/script>\n<!-- \/ Yoast SEO plugin. -->","yoast_head_json":{"title":"Study of head and bust of young man with arm raised by Jules Machard","description":"Jules Machard Sampans, 1839 - Bellevue, 1900 Study of head and bust of young man with arm raised 312 x 199 mm - 12 5\/16 x 7 13\/16 in. Pencil on paper. Stamped signature J. Machard (L. 5030) lower right. This drawing belongs to a set of 85 drawings from the studio of Jules Machard&hellip;","robots":{"index":"index","follow":"follow","max-snippet":"max-snippet:-1","max-image-preview":"max-image-preview:large","max-video-preview":"max-video-preview:-1"},"canonical":"Jules Machard Sampans, 1839 - Bellevue, 1900 Study of head and bust of young man with arm raised 312 x 199 mm - 12 5\/16 x 7 13\/16 in. Pencil on paper. Stamped signature J. Machard (L. 5030) lower right. This drawing belongs to a set of 85 drawings from the studio of Jules Machard&hellip;","og_locale":"en_US","og_type":"article","og_title":"Study of head and bust of young man with arm raised by Jules Machard","og_description":"Jules Machard Sampans, 1839 - Bellevue, 1900 Study of head and bust of young man with arm raised 312 x 199 mm - 12 5\/16 x 7 13\/16 in. Pencil on paper. Stamped signature J. Machard (L. 5030) lower right. This drawing belongs to a set of 85 drawings from the studio of Jules Machard&hellip;","og_url":"https:\/\/drawings-online.com\/en\/product\/study-of-head-and-bust-of-young-man-with-arm-raised-by-jules-machard\/","og_site_name":"Drawings-online","article_publisher":"https:\/\/www.facebook.com\/people\/Drawings-online\/100034942735866\/","article_modified_time":"2022-02-06T07:47:17+00:00","og_image":[{"width":1024,"height":1024,"url":"https:\/\/drawings-online.com\/wp-content\/uploads\/2022\/02\/186_1-1024x1024.png","type":"image\/png"}],"twitter_card":"summary_large_image","twitter_site":"@OnlineDrawings","twitter_misc":{"Est. reading time":"1 minute"},"schema":{"@context":"https:\/\/schema.org","@graph":[{"@type":"WebPage","@id":"https:\/\/drawings-online.com\/en\/product\/study-of-head-and-bust-of-young-man-with-arm-raised-by-jules-machard\/","url":"https:\/\/drawings-online.com\/en\/product\/study-of-head-and-bust-of-young-man-with-arm-raised-by-jules-machard\/","name":"\u00c9tude de t\u00eate et buste de jeune homme le bras lev\u00e9 par Jules Machard - Drawings-online","isPartOf":{"@id":"https:\/\/drawings-online.com\/#website"},"primaryImageOfPage":{"@id":"https:\/\/drawings-online.com\/en\/product\/study-of-head-and-bust-of-young-man-with-arm-raised-by-jules-machard\/#primaryimage"},"image":{"@id":"https:\/\/drawings-online.com\/en\/product\/study-of-head-and-bust-of-young-man-with-arm-raised-by-jules-machard\/#primaryimage"},"thumbnailUrl":"https:\/\/drawings-online.com\/wp-content\/uploads\/2022\/02\/186_1.png","datePublished":"2022-02-05T07:20:03+00:00","dateModified":"2022-02-06T07:47:17+00:00","breadcrumb":{"@id":"https:\/\/drawings-online.com\/en\/product\/study-of-head-and-bust-of-young-man-with-arm-raised-by-jules-machard\/#breadcrumb"},"inLanguage":"en-US","potentialAction":[{"@type":"ReadAction","target":["https:\/\/drawings-online.com\/en\/product\/study-of-head-and-bust-of-young-man-with-arm-raised-by-jules-machard\/"]}]},{"@type":"ImageObject","inLanguage":"en-US","@id":"https:\/\/drawings-online.com\/en\/product\/study-of-head-and-bust-of-young-man-with-arm-raised-by-jules-machard\/#primaryimage","url":"https:\/\/drawings-online.com\/wp-content\/uploads\/2022\/02\/186_1.png","contentUrl":"https:\/\/drawings-online.com\/wp-content\/uploads\/2022\/02\/186_1.png","width":1800,"height":1800,"caption":"\u00c9tude de t\u00eate et buste de jeune homme le bras lev\u00e9 par Jules Machard"},{"@type":"BreadcrumbList","@id":"https:\/\/drawings-online.com\/en\/product\/study-of-head-and-bust-of-young-man-with-arm-raised-by-jules-machard\/#breadcrumb","itemListElement":[{"@type":"ListItem","position":1,"name":"Works available","item":"https:\/\/drawings-online.com\/"},{"@type":"ListItem","position":2,"name":"Gallery","item":"https:\/\/drawings-online.com\/galerie\/"},{"@type":"ListItem","position":3,"name":"19e","item":"https:\/\/drawings-online.com\/product_tag\/19e\/"},{"@type":"ListItem","position":4,"name":"Study of head and bust of young man with arm raised by Jules Machard"}]},{"@type":"WebSite","@id":"https:\/\/drawings-online.com\/en\/#website","url":"https:\/\/drawings-online.com\/en\/","name":"Drawings-online","description":"Dessins en ligne","publisher":{"@id":"https:\/\/drawings-online.com\/en\/#organization"},"potentialAction":[{"@type":"SearchAction","target":{"@type":"EntryPoint","urlTemplate":"https:\/\/drawings-online.com\/en\/?s={search_term_string}"},"query-input":{"@type":"PropertyValueSpecification","valueRequired":true,"valueName":"search_term_string"}}],"inLanguage":"en-US"},{"@type":"Organization","@id":"https:\/\/drawings-online.com\/en\/#organization","name":"Drawings-online","url":"https:\/\/drawings-online.com\/en\/","logo":{"@type":"ImageObject","inLanguage":"en-US","@id":"https:\/\/drawings-online.com\/en\/#\/schema\/logo\/image\/","url":"https:\/\/drawings-online.com\/wp-content\/uploads\/2020\/12\/drawings-icone-transp-e1607442878135.png","contentUrl":"https:\/\/drawings-online.com\/wp-content\/uploads\/2020\/12\/drawings-icone-transp-e1607442878135.png","width":150,"height":150,"caption":"Drawings-online"},"image":{"@id":"https:\/\/drawings-online.com\/en\/#\/schema\/logo\/image\/"},"sameAs":["https:\/\/www.facebook.com\/people\/Drawings-online\/100034942735866\/","https:\/\/x.com\/OnlineDrawings","https:\/\/www.instagram.com\/drawings_online_com\/"]}]}},"jetpack_sharing_enabled":true,"_links":{"self":[{"href":"https:\/\/drawings-online.com\/en\/wp-json\/wp\/v2\/product\/5327","targetHints":{"allow":["GET"]}}],"collection":[{"href":"https:\/\/drawings-online.com\/en\/wp-json\/wp\/v2\/product"}],"about":[{"href":"https:\/\/drawings-online.com\/en\/wp-json\/wp\/v2\/types\/product"}],"wp:featuredmedia":[{"embeddable":true,"href":"https:\/\/drawings-online.com\/en\/wp-json\/wp\/v2\/media\/5328"}],"wp:attachment":[{"href":"https:\/\/drawings-online.com\/en\/wp-json\/wp\/v2\/media?parent=5327"}],"wp:term":[{"taxonomy":"product_brand","embeddable":true,"href":"https:\/\/drawings-online.com\/en\/wp-json\/wp\/v2\/product_brand?post=5327"},{"taxonomy":"product_cat","embeddable":true,"href":"https:\/\/drawings-online.com\/en\/wp-json\/wp\/v2\/product_cat?post=5327"},{"taxonomy":"product_tag","embeddable":true,"href":"https:\/\/drawings-online.com\/en\/wp-json\/wp\/v2\/product_tag?post=5327"}],"curies":[{"name":"wp","href":"https:\/\/api.w.org\/{rel}","templated":true}]}}