{"id":5260,"date":"2022-02-05T05:40:37","date_gmt":"2022-02-05T04:40:37","guid":{"rendered":"https:\/\/artesepia.com\/FG1495-ovh\/product\/\/"},"modified":"2022-02-06T08:57:24","modified_gmt":"2022-02-06T07:57:24","slug":"croquis-avec-texte-par-jules-machard","status":"publish","type":"product","link":"https:\/\/drawings-online.com\/en\/product\/sketch-with-text-by-jules-machard\/","title":{"rendered":"Sketch with text by Jules Machard"},"content":{"rendered":"<p><strong>Jules Machard<\/strong><\/p>\n<p>Sampans, 1839- Bellevue, 1900<\/p>\n<p><strong><em>Sketch with text by Jules Machard<\/em><\/strong><\/p>\n<p>310 x 200 mm &#8211; 12 3\/16 x 7 7\/8 in.<\/p>\n<p>Red chalk on paper.<\/p>\n<p>Difficult annotations to read: <em>Avec l\u2019aide de Dieu, le flambeau de la raison et la \u2026&nbsp;charme \u00e9trange et douloureux qui par un entra\u00eenement involontaire m\u2019a fait toucher jusqu\u2019au fond de cet \u00eatre \u00e9trange presque surnaturel. Et le sentiment en est si profond si spontan\u00e9 si irr\u00e9sistible que je n\u2019ai aucun doute sur la v\u00e9rit\u00e9 de ce que je sens. C\u2019est une laura jaillissante et claire qui \u00e9meut mon \u00e2me dans toutes ces jouissances et dont \u2026 se prolonge. Les \u00e2mes h\u00e9ro\u00efques et les \u00e2mes sc\u00e9l\u00e9rates par je ne sais quel retentissement dans cette \u2026 toute ma vie<\/em>.<\/p>\n<p>Stamped signature <em>J. Machard <\/em>(<a href=\"http:\/\/www.marquesdecollections.fr\/detail.cfm\/marque\/10703\/total\/1\">L. 5030<\/a>) lower right.<\/p>\n<p>&nbsp;<\/p>\n<p>This drawing belongs to a set of 85 drawings from the studio of Jules Machard presented by Drawings-online.&nbsp;<a href=\"https:\/\/drawings-online.com\/en\/85-drawings-from-the-studio-of-jules-machard-sampans-1839-meudon-1900\/\" target=\"_blank\" rel=\"noopener\">Read our focus on the artist.<\/a><\/p>\n","protected":false},"excerpt":{"rendered":"<p>Jules Machard Sampans, 1839- Bellevue, 1900 Sketch with text by Jules Machard 310 x 200 mm &#8211; 12 3\/16 x 7 7\/8 in. Red chalk on paper. Difficult annotations to read: Avec l\u2019aide de Dieu, le flambeau de la raison et la \u2026&nbsp;charme \u00e9trange et douloureux qui par un entra\u00eenement involontaire m\u2019a fait toucher jusqu\u2019au [&hellip;]<\/p>\n","protected":false},"featured_media":5261,"template":"","meta":{"_themeisle_gutenberg_block_has_review":false},"product_brand":[],"product_cat":[78],"product_tag":[37,343,348,346,28],"class_list":{"0":"post-5260","1":"product","2":"type-product","3":"status-publish","4":"has-post-thumbnail","6":"product_cat-french-school","7":"product_tag-19th","8":"product_tag-jules-machard-workshop","9":"product_tag-autograph","10":"product_tag-19th-century-drawings","11":"product_tag-red-chalk","13":"first","14":"instock","15":"taxable","16":"shipping-taxable","17":"purchasable","18":"product-type-simple"},"yoast_head":"<!-- This site is optimized with the Yoast SEO plugin v27.4 - https:\/\/yoast.com\/product\/yoast-seo-wordpress\/ -->\n<title>Sketch with text by Jules Machard<\/title>\n<meta name=\"description\" content=\"Jules Machard Sampans, 1839- Bellevue, 1900 Sketch with text by Jules Machard 310 x 200 mm - 12 3\/16 x 7 7\/8 in. Red chalk on paper. Difficult annotations to read: Avec l\u2019aide de Dieu, le flambeau de la raison et la \u2026&nbsp;charme \u00e9trange et douloureux qui par un entra\u00eenement involontaire m\u2019a fait toucher jusqu\u2019au&hellip;\" \/>\n<meta name=\"robots\" content=\"index, follow, max-snippet:-1, max-image-preview:large, max-video-preview:-1\" \/>\n<link rel=\"canonical\" href=\"\" \/>\n<meta property=\"og:locale\" content=\"en_US\" \/>\n<meta property=\"og:type\" content=\"article\" \/>\n<meta property=\"og:title\" content=\"Sketch with text by Jules Machard\" \/>\n<meta property=\"og:description\" content=\"Jules Machard Sampans, 1839- Bellevue, 1900 Sketch with text by Jules Machard 310 x 200 mm - 12 3\/16 x 7 7\/8 in. Red chalk on paper. Difficult annotations to read: Avec l\u2019aide de Dieu, le flambeau de la raison et la \u2026&nbsp;charme \u00e9trange et douloureux qui par un entra\u00eenement involontaire m\u2019a fait toucher jusqu\u2019au&hellip;\" \/>\n<meta property=\"og:url\" content=\"https:\/\/drawings-online.com\/en\/product\/sketch-with-text-by-jules-machard\/\" \/>\n<meta property=\"og:site_name\" content=\"Drawings-online\" \/>\n<meta property=\"article:publisher\" content=\"https:\/\/www.facebook.com\/people\/Drawings-online\/100034942735866\/\" \/>\n<meta property=\"article:modified_time\" content=\"2022-02-06T07:57:24+00:00\" \/>\n<meta property=\"og:image\" content=\"https:\/\/drawings-online.com\/wp-content\/uploads\/2022\/02\/155_1-1024x1024.png\" \/>\n\t<meta property=\"og:image:width\" content=\"1024\" \/>\n\t<meta property=\"og:image:height\" content=\"1024\" \/>\n\t<meta property=\"og:image:type\" content=\"image\/png\" \/>\n<meta name=\"twitter:card\" content=\"summary_large_image\" \/>\n<meta name=\"twitter:site\" content=\"@OnlineDrawings\" \/>\n<meta name=\"twitter:label1\" content=\"Est. reading time\" \/>\n\t<meta name=\"twitter:data1\" content=\"1 minute\" \/>\n<script type=\"application\/ld+json\" class=\"yoast-schema-graph\">{\"@context\":\"https:\\\/\\\/schema.org\",\"@graph\":[{\"@type\":\"WebPage\",\"@id\":\"https:\\\/\\\/drawings-online.com\\\/en\\\/product\\\/sketch-with-text-by-jules-machard\\\/\",\"url\":\"https:\\\/\\\/drawings-online.com\\\/en\\\/product\\\/sketch-with-text-by-jules-machard\\\/\",\"name\":\"Croquis avec texte par Jules Machard - Drawings-online\",\"isPartOf\":{\"@id\":\"https:\\\/\\\/drawings-online.com\\\/#website\"},\"primaryImageOfPage\":{\"@id\":\"https:\\\/\\\/drawings-online.com\\\/en\\\/product\\\/sketch-with-text-by-jules-machard\\\/#primaryimage\"},\"image\":{\"@id\":\"https:\\\/\\\/drawings-online.com\\\/en\\\/product\\\/sketch-with-text-by-jules-machard\\\/#primaryimage\"},\"thumbnailUrl\":\"https:\\\/\\\/drawings-online.com\\\/wp-content\\\/uploads\\\/2022\\\/02\\\/155_1.png\",\"datePublished\":\"2022-02-05T04:40:37+00:00\",\"dateModified\":\"2022-02-06T07:57:24+00:00\",\"breadcrumb\":{\"@id\":\"https:\\\/\\\/drawings-online.com\\\/en\\\/product\\\/sketch-with-text-by-jules-machard\\\/#breadcrumb\"},\"inLanguage\":\"en-US\",\"potentialAction\":[{\"@type\":\"ReadAction\",\"target\":[\"https:\\\/\\\/drawings-online.com\\\/en\\\/product\\\/sketch-with-text-by-jules-machard\\\/\"]}]},{\"@type\":\"ImageObject\",\"inLanguage\":\"en-US\",\"@id\":\"https:\\\/\\\/drawings-online.com\\\/en\\\/product\\\/sketch-with-text-by-jules-machard\\\/#primaryimage\",\"url\":\"https:\\\/\\\/drawings-online.com\\\/wp-content\\\/uploads\\\/2022\\\/02\\\/155_1.png\",\"contentUrl\":\"https:\\\/\\\/drawings-online.com\\\/wp-content\\\/uploads\\\/2022\\\/02\\\/155_1.png\",\"width\":1800,\"height\":1800,\"caption\":\"Croquis avec texte par Jules Machard\"},{\"@type\":\"BreadcrumbList\",\"@id\":\"https:\\\/\\\/drawings-online.com\\\/en\\\/product\\\/sketch-with-text-by-jules-machard\\\/#breadcrumb\",\"itemListElement\":[{\"@type\":\"ListItem\",\"position\":1,\"name\":\"Works available\",\"item\":\"https:\\\/\\\/drawings-online.com\\\/\"},{\"@type\":\"ListItem\",\"position\":2,\"name\":\"Gallery\",\"item\":\"https:\\\/\\\/drawings-online.com\\\/galerie\\\/\"},{\"@type\":\"ListItem\",\"position\":3,\"name\":\"19e\",\"item\":\"https:\\\/\\\/drawings-online.com\\\/product_tag\\\/19e\\\/\"},{\"@type\":\"ListItem\",\"position\":4,\"name\":\"Sketch with text by Jules Machard\"}]},{\"@type\":\"WebSite\",\"@id\":\"https:\\\/\\\/drawings-online.com\\\/en\\\/#website\",\"url\":\"https:\\\/\\\/drawings-online.com\\\/en\\\/\",\"name\":\"Drawings-online\",\"description\":\"Dessins en ligne\",\"publisher\":{\"@id\":\"https:\\\/\\\/drawings-online.com\\\/en\\\/#organization\"},\"potentialAction\":[{\"@type\":\"SearchAction\",\"target\":{\"@type\":\"EntryPoint\",\"urlTemplate\":\"https:\\\/\\\/drawings-online.com\\\/en\\\/?s={search_term_string}\"},\"query-input\":{\"@type\":\"PropertyValueSpecification\",\"valueRequired\":true,\"valueName\":\"search_term_string\"}}],\"inLanguage\":\"en-US\"},{\"@type\":\"Organization\",\"@id\":\"https:\\\/\\\/drawings-online.com\\\/en\\\/#organization\",\"name\":\"Drawings-online\",\"url\":\"https:\\\/\\\/drawings-online.com\\\/en\\\/\",\"logo\":{\"@type\":\"ImageObject\",\"inLanguage\":\"en-US\",\"@id\":\"https:\\\/\\\/drawings-online.com\\\/en\\\/#\\\/schema\\\/logo\\\/image\\\/\",\"url\":\"https:\\\/\\\/drawings-online.com\\\/wp-content\\\/uploads\\\/2020\\\/12\\\/drawings-icone-transp-e1607442878135.png\",\"contentUrl\":\"https:\\\/\\\/drawings-online.com\\\/wp-content\\\/uploads\\\/2020\\\/12\\\/drawings-icone-transp-e1607442878135.png\",\"width\":150,\"height\":150,\"caption\":\"Drawings-online\"},\"image\":{\"@id\":\"https:\\\/\\\/drawings-online.com\\\/en\\\/#\\\/schema\\\/logo\\\/image\\\/\"},\"sameAs\":[\"https:\\\/\\\/www.facebook.com\\\/people\\\/Drawings-online\\\/100034942735866\\\/\",\"https:\\\/\\\/x.com\\\/OnlineDrawings\",\"https:\\\/\\\/www.instagram.com\\\/drawings_online_com\\\/\"]}]}<\/script>\n<!-- \/ Yoast SEO plugin. -->","yoast_head_json":{"title":"Sketch with text by Jules Machard","description":"Jules Machard Sampans, 1839- Bellevue, 1900 Sketch with text by Jules Machard 310 x 200 mm - 12 3\/16 x 7 7\/8 in. Red chalk on paper. Difficult annotations to read: Avec l\u2019aide de Dieu, le flambeau de la raison et la \u2026&nbsp;charme \u00e9trange et douloureux qui par un entra\u00eenement involontaire m\u2019a fait toucher jusqu\u2019au&hellip;","robots":{"index":"index","follow":"follow","max-snippet":"max-snippet:-1","max-image-preview":"max-image-preview:large","max-video-preview":"max-video-preview:-1"},"canonical":"Jules Machard Sampans, 1839- Bellevue, 1900 Sketch with text by Jules Machard 310 x 200 mm - 12 3\/16 x 7 7\/8 in. Red chalk on paper. Difficult annotations to read: Avec l\u2019aide de Dieu, le flambeau de la raison et la \u2026&nbsp;charme \u00e9trange et douloureux qui par un entra\u00eenement involontaire m\u2019a fait toucher jusqu\u2019au&hellip;","og_locale":"en_US","og_type":"article","og_title":"Sketch with text by Jules Machard","og_description":"Jules Machard Sampans, 1839- Bellevue, 1900 Sketch with text by Jules Machard 310 x 200 mm - 12 3\/16 x 7 7\/8 in. Red chalk on paper. Difficult annotations to read: Avec l\u2019aide de Dieu, le flambeau de la raison et la \u2026&nbsp;charme \u00e9trange et douloureux qui par un entra\u00eenement involontaire m\u2019a fait toucher jusqu\u2019au&hellip;","og_url":"https:\/\/drawings-online.com\/en\/product\/sketch-with-text-by-jules-machard\/","og_site_name":"Drawings-online","article_publisher":"https:\/\/www.facebook.com\/people\/Drawings-online\/100034942735866\/","article_modified_time":"2022-02-06T07:57:24+00:00","og_image":[{"width":1024,"height":1024,"url":"https:\/\/drawings-online.com\/wp-content\/uploads\/2022\/02\/155_1-1024x1024.png","type":"image\/png"}],"twitter_card":"summary_large_image","twitter_site":"@OnlineDrawings","twitter_misc":{"Est. reading time":"1 minute"},"schema":{"@context":"https:\/\/schema.org","@graph":[{"@type":"WebPage","@id":"https:\/\/drawings-online.com\/en\/product\/sketch-with-text-by-jules-machard\/","url":"https:\/\/drawings-online.com\/en\/product\/sketch-with-text-by-jules-machard\/","name":"Croquis avec texte par Jules Machard - Drawings-online","isPartOf":{"@id":"https:\/\/drawings-online.com\/#website"},"primaryImageOfPage":{"@id":"https:\/\/drawings-online.com\/en\/product\/sketch-with-text-by-jules-machard\/#primaryimage"},"image":{"@id":"https:\/\/drawings-online.com\/en\/product\/sketch-with-text-by-jules-machard\/#primaryimage"},"thumbnailUrl":"https:\/\/drawings-online.com\/wp-content\/uploads\/2022\/02\/155_1.png","datePublished":"2022-02-05T04:40:37+00:00","dateModified":"2022-02-06T07:57:24+00:00","breadcrumb":{"@id":"https:\/\/drawings-online.com\/en\/product\/sketch-with-text-by-jules-machard\/#breadcrumb"},"inLanguage":"en-US","potentialAction":[{"@type":"ReadAction","target":["https:\/\/drawings-online.com\/en\/product\/sketch-with-text-by-jules-machard\/"]}]},{"@type":"ImageObject","inLanguage":"en-US","@id":"https:\/\/drawings-online.com\/en\/product\/sketch-with-text-by-jules-machard\/#primaryimage","url":"https:\/\/drawings-online.com\/wp-content\/uploads\/2022\/02\/155_1.png","contentUrl":"https:\/\/drawings-online.com\/wp-content\/uploads\/2022\/02\/155_1.png","width":1800,"height":1800,"caption":"Croquis avec texte par Jules Machard"},{"@type":"BreadcrumbList","@id":"https:\/\/drawings-online.com\/en\/product\/sketch-with-text-by-jules-machard\/#breadcrumb","itemListElement":[{"@type":"ListItem","position":1,"name":"Works available","item":"https:\/\/drawings-online.com\/"},{"@type":"ListItem","position":2,"name":"Gallery","item":"https:\/\/drawings-online.com\/galerie\/"},{"@type":"ListItem","position":3,"name":"19e","item":"https:\/\/drawings-online.com\/product_tag\/19e\/"},{"@type":"ListItem","position":4,"name":"Sketch with text by Jules Machard"}]},{"@type":"WebSite","@id":"https:\/\/drawings-online.com\/en\/#website","url":"https:\/\/drawings-online.com\/en\/","name":"Drawings-online","description":"Dessins en ligne","publisher":{"@id":"https:\/\/drawings-online.com\/en\/#organization"},"potentialAction":[{"@type":"SearchAction","target":{"@type":"EntryPoint","urlTemplate":"https:\/\/drawings-online.com\/en\/?s={search_term_string}"},"query-input":{"@type":"PropertyValueSpecification","valueRequired":true,"valueName":"search_term_string"}}],"inLanguage":"en-US"},{"@type":"Organization","@id":"https:\/\/drawings-online.com\/en\/#organization","name":"Drawings-online","url":"https:\/\/drawings-online.com\/en\/","logo":{"@type":"ImageObject","inLanguage":"en-US","@id":"https:\/\/drawings-online.com\/en\/#\/schema\/logo\/image\/","url":"https:\/\/drawings-online.com\/wp-content\/uploads\/2020\/12\/drawings-icone-transp-e1607442878135.png","contentUrl":"https:\/\/drawings-online.com\/wp-content\/uploads\/2020\/12\/drawings-icone-transp-e1607442878135.png","width":150,"height":150,"caption":"Drawings-online"},"image":{"@id":"https:\/\/drawings-online.com\/en\/#\/schema\/logo\/image\/"},"sameAs":["https:\/\/www.facebook.com\/people\/Drawings-online\/100034942735866\/","https:\/\/x.com\/OnlineDrawings","https:\/\/www.instagram.com\/drawings_online_com\/"]}]}},"jetpack_sharing_enabled":true,"_links":{"self":[{"href":"https:\/\/drawings-online.com\/en\/wp-json\/wp\/v2\/product\/5260","targetHints":{"allow":["GET"]}}],"collection":[{"href":"https:\/\/drawings-online.com\/en\/wp-json\/wp\/v2\/product"}],"about":[{"href":"https:\/\/drawings-online.com\/en\/wp-json\/wp\/v2\/types\/product"}],"wp:featuredmedia":[{"embeddable":true,"href":"https:\/\/drawings-online.com\/en\/wp-json\/wp\/v2\/media\/5261"}],"wp:attachment":[{"href":"https:\/\/drawings-online.com\/en\/wp-json\/wp\/v2\/media?parent=5260"}],"wp:term":[{"taxonomy":"product_brand","embeddable":true,"href":"https:\/\/drawings-online.com\/en\/wp-json\/wp\/v2\/product_brand?post=5260"},{"taxonomy":"product_cat","embeddable":true,"href":"https:\/\/drawings-online.com\/en\/wp-json\/wp\/v2\/product_cat?post=5260"},{"taxonomy":"product_tag","embeddable":true,"href":"https:\/\/drawings-online.com\/en\/wp-json\/wp\/v2\/product_tag?post=5260"}],"curies":[{"name":"wp","href":"https:\/\/api.w.org\/{rel}","templated":true}]}}