{"id":5100,"date":"2022-02-05T16:40:20","date_gmt":"2022-02-05T15:40:20","guid":{"rendered":"https:\/\/artesepia.com\/FG1495-ovh\/product\/\/"},"modified":"2024-03-05T14:56:00","modified_gmt":"2024-03-05T13:56:00","slug":"etudes-de-persee-et-meduse-pour-la-mort-de-meduse-par-jules-machard","status":"publish","type":"product","link":"https:\/\/drawings-online.com\/en\/product\/studies-of-perseus-and-medusa-for-the-death-of-medusa-by-jules-machard\/","title":{"rendered":"Studies of Perseus and Medusa for \"The Death of Medusa\" by Jules Machard"},"content":{"rendered":"<p><strong>Jules Machard <\/strong><\/p>\n<p>Sampans, 1839 &#8211; Bellevue, 1900<\/p>\n<p><strong><em>Studies of Perseus and Medusa for &#8220;The Death of Medusa&#8221;<\/em><\/strong><\/p>\n<p>236 x 314 mm &#8211; 9 5\/16 x 12 3\/8 in.<\/p>\n<p>Pencil on paper.<\/p>\n<p>Stamped signature <em>J. Machard <\/em>(<a href=\"http:\/\/www.marquesdecollections.fr\/detail.cfm\/marque\/10703\/total\/1\">L. 5030<\/a>) lower left.<\/p>\n<p>&nbsp;<\/p>\n<p>This drawing belongs to a set of 85 drawings from the studio of Jules Machard presented by Drawings-online.&nbsp;<a href=\"https:\/\/drawings-online.com\/en\/85-drawings-from-the-studio-of-jules-machard-sampans-1839-meudon-1900\/\" target=\"_blank\" rel=\"noopener\">Read our focus on the artist.<\/a><\/p>\n<p>&nbsp;<\/p>\n<p><a href=\"https:\/\/drawings-online.com\/wp-content\/uploads\/2022\/02\/La-mort-de-Meduse-par-Jules-Machard.jpg\"><img loading=\"lazy\" decoding=\"async\" class=\" wp-image-4857 alignleft\" src=\"https:\/\/drawings-online.com\/wp-content\/uploads\/2022\/02\/La-mort-de-Meduse-par-Jules-Machard-208x300.jpg\" alt=\"\" width=\"117\" height=\"169\" srcset=\"https:\/\/drawings-online.com\/wp-content\/uploads\/2022\/02\/La-mort-de-Meduse-par-Jules-Machard-208x300.jpg 208w, https:\/\/drawings-online.com\/wp-content\/uploads\/2022\/02\/La-mort-de-Meduse-par-Jules-Machard-300x432.jpg 300w, https:\/\/drawings-online.com\/wp-content\/uploads\/2022\/02\/La-mort-de-Meduse-par-Jules-Machard.jpg 362w\" sizes=\"auto, (max-width: 117px) 100vw, 117px\" \/><\/a><\/p>\n<p>These rapid studies were preparatory to the painting The Death of Medusa, exhibited at the \u00c9cole des Beaux-Arts in Paris in August 1870 and now in the Mus\u00e9e des Beaux-Arts et d&#8217;Arch\u00e9ologie in Besan\u00e7on (<a href=\"https:\/\/agorha.inha.fr\/inhaprod\/ark:\/54721\/003261124\">Inv. D.874.1.1<\/a>).<\/p>\n<p>&nbsp;<\/p>\n<p>Other preparatory studies for this large painting were presented at the 2003 exhibition in Dole (cf. for the figure of Perseus, fig. 4, p. 19 and for the figure of Medusa, fig. 1 and 1 bis, p. 10).<\/p>\n","protected":false},"excerpt":{"rendered":"<p>Jules Machard Sampans, 1839 &#8211; Bellevue, 1900 Studies of Perseus and Medusa for &#8220;The Death of Medusa&#8221; 236 x 314 mm &#8211; 9 5\/16 x 12 3\/8 in. Pencil on paper. Stamped signature J. Machard (L. 5030) lower left. &nbsp; This drawing belongs to a set of 85 drawings from the studio of Jules Machard [&hellip;]<\/p>\n","protected":false},"featured_media":5101,"template":"","meta":{"_themeisle_gutenberg_block_has_review":false},"product_brand":[],"product_cat":[78],"product_tag":[37,343,124,161,346,207],"class_list":{"0":"post-5100","1":"product","2":"type-product","3":"status-publish","4":"has-post-thumbnail","6":"product_cat-french-school","7":"product_tag-19th","8":"product_tag-jules-machard-workshop","9":"product_tag-pencil","10":"product_tag-preparatory-drawing","11":"product_tag-19th-century-drawings","12":"product_tag-mythological-subject","14":"first","15":"instock","16":"taxable","17":"shipping-taxable","18":"purchasable","19":"product-type-simple"},"yoast_head":"<!-- This site is optimized with the Yoast SEO plugin v27.5 - https:\/\/yoast.com\/product\/yoast-seo-wordpress\/ -->\n<title>Studies of Perseus and Medusa for &quot;The Death of Medusa&quot; by Jules Machard<\/title>\n<meta name=\"description\" content=\"Jules Machard Sampans, 1839 - Bellevue, 1900 Studies of Perseus and Medusa for &quot;The Death of Medusa&quot; 236 x 314 mm - 9 5\/16 x 12 3\/8 in. Pencil on paper. Stamped signature J. Machard (L. 5030) lower left. &nbsp; This drawing belongs to a set of 85 drawings from the studio of Jules Machard&hellip;\" \/>\n<meta name=\"robots\" content=\"index, follow, max-snippet:-1, max-image-preview:large, max-video-preview:-1\" \/>\n<link rel=\"canonical\" href=\"http:\/\/Jules%20Machard%20Sampans,%201839%20-%20Bellevue,%201900%20Studies%20of%20Perseus%20and%20Medusa%20for%20The%20Death%20of%20Medusa%20236%20x%20314%20mm%20-%209%205\/16%20x%2012%203\/8%20in.%20Pencil%20on%20paper.%20Stamped%20signature%20J.%20Machard%20(L.%205030)%20lower%20left.%20&nbsp;%20This%20drawing%20belongs%20to%20a%20set%20of%2085%20drawings%20from%20the%20studio%20of%20Jules%20Machard&hellip;\" \/>\n<meta property=\"og:locale\" content=\"en_US\" \/>\n<meta property=\"og:type\" content=\"article\" \/>\n<meta property=\"og:title\" content=\"Studies of Perseus and Medusa for &quot;The Death of Medusa&quot; by Jules Machard\" \/>\n<meta property=\"og:description\" content=\"Jules Machard Sampans, 1839 - Bellevue, 1900 Studies of Perseus and Medusa for &quot;The Death of Medusa&quot; 236 x 314 mm - 9 5\/16 x 12 3\/8 in. Pencil on paper. Stamped signature J. Machard (L. 5030) lower left. &nbsp; This drawing belongs to a set of 85 drawings from the studio of Jules Machard&hellip;\" \/>\n<meta property=\"og:url\" content=\"https:\/\/drawings-online.com\/en\/product\/studies-of-perseus-and-medusa-for-the-death-of-medusa-by-jules-machard\/\" \/>\n<meta property=\"og:site_name\" content=\"Drawings-online\" \/>\n<meta property=\"article:publisher\" content=\"https:\/\/www.facebook.com\/people\/Drawings-online\/100034942735866\/\" \/>\n<meta property=\"article:modified_time\" content=\"2024-03-05T13:56:00+00:00\" \/>\n<meta property=\"og:image\" content=\"https:\/\/drawings-online.com\/wp-content\/uploads\/2022\/02\/082_1-1024x1024.png\" \/>\n\t<meta property=\"og:image:width\" content=\"1024\" \/>\n\t<meta property=\"og:image:height\" content=\"1024\" \/>\n\t<meta property=\"og:image:type\" content=\"image\/png\" \/>\n<meta name=\"twitter:card\" content=\"summary_large_image\" \/>\n<meta name=\"twitter:site\" content=\"@OnlineDrawings\" \/>\n<meta name=\"twitter:label1\" content=\"Est. reading time\" \/>\n\t<meta name=\"twitter:data1\" content=\"1 minute\" \/>\n<script type=\"application\/ld+json\" class=\"yoast-schema-graph\">{\"@context\":\"https:\\\/\\\/schema.org\",\"@graph\":[{\"@type\":\"WebPage\",\"@id\":\"https:\\\/\\\/drawings-online.com\\\/en\\\/product\\\/studies-of-perseus-and-medusa-for-the-death-of-medusa-by-jules-machard\\\/\",\"url\":\"https:\\\/\\\/drawings-online.com\\\/en\\\/product\\\/studies-of-perseus-and-medusa-for-the-death-of-medusa-by-jules-machard\\\/\",\"name\":\"\u00c9tudes de Pers\u00e9e et M\u00e9duse pour \u00abLa Mort de M\u00e9duse\u00bb par Jules Machard - Drawings-online\",\"isPartOf\":{\"@id\":\"https:\\\/\\\/drawings-online.com\\\/#website\"},\"primaryImageOfPage\":{\"@id\":\"https:\\\/\\\/drawings-online.com\\\/en\\\/product\\\/studies-of-perseus-and-medusa-for-the-death-of-medusa-by-jules-machard\\\/#primaryimage\"},\"image\":{\"@id\":\"https:\\\/\\\/drawings-online.com\\\/en\\\/product\\\/studies-of-perseus-and-medusa-for-the-death-of-medusa-by-jules-machard\\\/#primaryimage\"},\"thumbnailUrl\":\"https:\\\/\\\/drawings-online.com\\\/wp-content\\\/uploads\\\/2022\\\/02\\\/082_1.png\",\"datePublished\":\"2022-02-05T15:40:20+00:00\",\"dateModified\":\"2024-03-05T13:56:00+00:00\",\"breadcrumb\":{\"@id\":\"https:\\\/\\\/drawings-online.com\\\/en\\\/product\\\/studies-of-perseus-and-medusa-for-the-death-of-medusa-by-jules-machard\\\/#breadcrumb\"},\"inLanguage\":\"en-US\",\"potentialAction\":[{\"@type\":\"ReadAction\",\"target\":[\"https:\\\/\\\/drawings-online.com\\\/en\\\/product\\\/studies-of-perseus-and-medusa-for-the-death-of-medusa-by-jules-machard\\\/\"]}]},{\"@type\":\"ImageObject\",\"inLanguage\":\"en-US\",\"@id\":\"https:\\\/\\\/drawings-online.com\\\/en\\\/product\\\/studies-of-perseus-and-medusa-for-the-death-of-medusa-by-jules-machard\\\/#primaryimage\",\"url\":\"https:\\\/\\\/drawings-online.com\\\/wp-content\\\/uploads\\\/2022\\\/02\\\/082_1.png\",\"contentUrl\":\"https:\\\/\\\/drawings-online.com\\\/wp-content\\\/uploads\\\/2022\\\/02\\\/082_1.png\",\"width\":1800,\"height\":1800,\"caption\":\"\u00c9tudes de Pers\u00e9e et M\u00e9duse pour \u00abLa Mort de M\u00e9duse\u00bb par Jules Machard\"},{\"@type\":\"BreadcrumbList\",\"@id\":\"https:\\\/\\\/drawings-online.com\\\/en\\\/product\\\/studies-of-perseus-and-medusa-for-the-death-of-medusa-by-jules-machard\\\/#breadcrumb\",\"itemListElement\":[{\"@type\":\"ListItem\",\"position\":1,\"name\":\"Works available\",\"item\":\"https:\\\/\\\/drawings-online.com\\\/\"},{\"@type\":\"ListItem\",\"position\":2,\"name\":\"Gallery\",\"item\":\"https:\\\/\\\/drawings-online.com\\\/galerie\\\/\"},{\"@type\":\"ListItem\",\"position\":3,\"name\":\"19e\",\"item\":\"https:\\\/\\\/drawings-online.com\\\/product_tag\\\/19e\\\/\"},{\"@type\":\"ListItem\",\"position\":4,\"name\":\"Studies of Perseus and Medusa for \\\"The Death of Medusa\\\" by Jules Machard\"}]},{\"@type\":\"WebSite\",\"@id\":\"https:\\\/\\\/drawings-online.com\\\/en\\\/#website\",\"url\":\"https:\\\/\\\/drawings-online.com\\\/en\\\/\",\"name\":\"Drawings-online\",\"description\":\"Dessins en ligne\",\"publisher\":{\"@id\":\"https:\\\/\\\/drawings-online.com\\\/en\\\/#organization\"},\"potentialAction\":[{\"@type\":\"SearchAction\",\"target\":{\"@type\":\"EntryPoint\",\"urlTemplate\":\"https:\\\/\\\/drawings-online.com\\\/en\\\/?s={search_term_string}\"},\"query-input\":{\"@type\":\"PropertyValueSpecification\",\"valueRequired\":true,\"valueName\":\"search_term_string\"}}],\"inLanguage\":\"en-US\"},{\"@type\":\"Organization\",\"@id\":\"https:\\\/\\\/drawings-online.com\\\/en\\\/#organization\",\"name\":\"Drawings-online\",\"url\":\"https:\\\/\\\/drawings-online.com\\\/en\\\/\",\"logo\":{\"@type\":\"ImageObject\",\"inLanguage\":\"en-US\",\"@id\":\"https:\\\/\\\/drawings-online.com\\\/en\\\/#\\\/schema\\\/logo\\\/image\\\/\",\"url\":\"https:\\\/\\\/drawings-online.com\\\/wp-content\\\/uploads\\\/2020\\\/12\\\/drawings-icone-transp-e1607442878135.png\",\"contentUrl\":\"https:\\\/\\\/drawings-online.com\\\/wp-content\\\/uploads\\\/2020\\\/12\\\/drawings-icone-transp-e1607442878135.png\",\"width\":150,\"height\":150,\"caption\":\"Drawings-online\"},\"image\":{\"@id\":\"https:\\\/\\\/drawings-online.com\\\/en\\\/#\\\/schema\\\/logo\\\/image\\\/\"},\"sameAs\":[\"https:\\\/\\\/www.facebook.com\\\/people\\\/Drawings-online\\\/100034942735866\\\/\",\"https:\\\/\\\/x.com\\\/OnlineDrawings\",\"https:\\\/\\\/www.instagram.com\\\/drawings_online_com\\\/\"]}]}<\/script>\n<!-- \/ Yoast SEO plugin. -->","yoast_head_json":{"title":"Studies of Perseus and Medusa for \"The Death of Medusa\" by Jules Machard","description":"Jules Machard Sampans, 1839 - Bellevue, 1900 Studies of Perseus and Medusa for \"The Death of Medusa\" 236 x 314 mm - 9 5\/16 x 12 3\/8 in. Pencil on paper. Stamped signature J. Machard (L. 5030) lower left. &nbsp; This drawing belongs to a set of 85 drawings from the studio of Jules Machard&hellip;","robots":{"index":"index","follow":"follow","max-snippet":"max-snippet:-1","max-image-preview":"max-image-preview:large","max-video-preview":"max-video-preview:-1"},"canonical":"Jules Machard Sampans, 1839 - Bellevue, 1900 Studies of Perseus and Medusa for \"The Death of Medusa\" 236 x 314 mm - 9 5\/16 x 12 3\/8 in. Pencil on paper. Stamped signature J. Machard (L. 5030) lower left. &nbsp; This drawing belongs to a set of 85 drawings from the studio of Jules Machard&hellip;","og_locale":"en_US","og_type":"article","og_title":"Studies of Perseus and Medusa for \"The Death of Medusa\" by Jules Machard","og_description":"Jules Machard Sampans, 1839 - Bellevue, 1900 Studies of Perseus and Medusa for \"The Death of Medusa\" 236 x 314 mm - 9 5\/16 x 12 3\/8 in. Pencil on paper. Stamped signature J. Machard (L. 5030) lower left. &nbsp; This drawing belongs to a set of 85 drawings from the studio of Jules Machard&hellip;","og_url":"https:\/\/drawings-online.com\/en\/product\/studies-of-perseus-and-medusa-for-the-death-of-medusa-by-jules-machard\/","og_site_name":"Drawings-online","article_publisher":"https:\/\/www.facebook.com\/people\/Drawings-online\/100034942735866\/","article_modified_time":"2024-03-05T13:56:00+00:00","og_image":[{"width":1024,"height":1024,"url":"https:\/\/drawings-online.com\/wp-content\/uploads\/2022\/02\/082_1-1024x1024.png","type":"image\/png"}],"twitter_card":"summary_large_image","twitter_site":"@OnlineDrawings","twitter_misc":{"Est. reading time":"1 minute"},"schema":{"@context":"https:\/\/schema.org","@graph":[{"@type":"WebPage","@id":"https:\/\/drawings-online.com\/en\/product\/studies-of-perseus-and-medusa-for-the-death-of-medusa-by-jules-machard\/","url":"https:\/\/drawings-online.com\/en\/product\/studies-of-perseus-and-medusa-for-the-death-of-medusa-by-jules-machard\/","name":"\u00c9tudes de Pers\u00e9e et M\u00e9duse pour \u00abLa Mort de M\u00e9duse\u00bb par Jules Machard - Drawings-online","isPartOf":{"@id":"https:\/\/drawings-online.com\/#website"},"primaryImageOfPage":{"@id":"https:\/\/drawings-online.com\/en\/product\/studies-of-perseus-and-medusa-for-the-death-of-medusa-by-jules-machard\/#primaryimage"},"image":{"@id":"https:\/\/drawings-online.com\/en\/product\/studies-of-perseus-and-medusa-for-the-death-of-medusa-by-jules-machard\/#primaryimage"},"thumbnailUrl":"https:\/\/drawings-online.com\/wp-content\/uploads\/2022\/02\/082_1.png","datePublished":"2022-02-05T15:40:20+00:00","dateModified":"2024-03-05T13:56:00+00:00","breadcrumb":{"@id":"https:\/\/drawings-online.com\/en\/product\/studies-of-perseus-and-medusa-for-the-death-of-medusa-by-jules-machard\/#breadcrumb"},"inLanguage":"en-US","potentialAction":[{"@type":"ReadAction","target":["https:\/\/drawings-online.com\/en\/product\/studies-of-perseus-and-medusa-for-the-death-of-medusa-by-jules-machard\/"]}]},{"@type":"ImageObject","inLanguage":"en-US","@id":"https:\/\/drawings-online.com\/en\/product\/studies-of-perseus-and-medusa-for-the-death-of-medusa-by-jules-machard\/#primaryimage","url":"https:\/\/drawings-online.com\/wp-content\/uploads\/2022\/02\/082_1.png","contentUrl":"https:\/\/drawings-online.com\/wp-content\/uploads\/2022\/02\/082_1.png","width":1800,"height":1800,"caption":"\u00c9tudes de Pers\u00e9e et M\u00e9duse pour \u00abLa Mort de M\u00e9duse\u00bb par Jules Machard"},{"@type":"BreadcrumbList","@id":"https:\/\/drawings-online.com\/en\/product\/studies-of-perseus-and-medusa-for-the-death-of-medusa-by-jules-machard\/#breadcrumb","itemListElement":[{"@type":"ListItem","position":1,"name":"Works available","item":"https:\/\/drawings-online.com\/"},{"@type":"ListItem","position":2,"name":"Gallery","item":"https:\/\/drawings-online.com\/galerie\/"},{"@type":"ListItem","position":3,"name":"19e","item":"https:\/\/drawings-online.com\/product_tag\/19e\/"},{"@type":"ListItem","position":4,"name":"Studies of Perseus and Medusa for \"The Death of Medusa\" by Jules Machard"}]},{"@type":"WebSite","@id":"https:\/\/drawings-online.com\/en\/#website","url":"https:\/\/drawings-online.com\/en\/","name":"Drawings-online","description":"Dessins en ligne","publisher":{"@id":"https:\/\/drawings-online.com\/en\/#organization"},"potentialAction":[{"@type":"SearchAction","target":{"@type":"EntryPoint","urlTemplate":"https:\/\/drawings-online.com\/en\/?s={search_term_string}"},"query-input":{"@type":"PropertyValueSpecification","valueRequired":true,"valueName":"search_term_string"}}],"inLanguage":"en-US"},{"@type":"Organization","@id":"https:\/\/drawings-online.com\/en\/#organization","name":"Drawings-online","url":"https:\/\/drawings-online.com\/en\/","logo":{"@type":"ImageObject","inLanguage":"en-US","@id":"https:\/\/drawings-online.com\/en\/#\/schema\/logo\/image\/","url":"https:\/\/drawings-online.com\/wp-content\/uploads\/2020\/12\/drawings-icone-transp-e1607442878135.png","contentUrl":"https:\/\/drawings-online.com\/wp-content\/uploads\/2020\/12\/drawings-icone-transp-e1607442878135.png","width":150,"height":150,"caption":"Drawings-online"},"image":{"@id":"https:\/\/drawings-online.com\/en\/#\/schema\/logo\/image\/"},"sameAs":["https:\/\/www.facebook.com\/people\/Drawings-online\/100034942735866\/","https:\/\/x.com\/OnlineDrawings","https:\/\/www.instagram.com\/drawings_online_com\/"]}]}},"jetpack_sharing_enabled":true,"_links":{"self":[{"href":"https:\/\/drawings-online.com\/en\/wp-json\/wp\/v2\/product\/5100","targetHints":{"allow":["GET"]}}],"collection":[{"href":"https:\/\/drawings-online.com\/en\/wp-json\/wp\/v2\/product"}],"about":[{"href":"https:\/\/drawings-online.com\/en\/wp-json\/wp\/v2\/types\/product"}],"wp:featuredmedia":[{"embeddable":true,"href":"https:\/\/drawings-online.com\/en\/wp-json\/wp\/v2\/media\/5101"}],"wp:attachment":[{"href":"https:\/\/drawings-online.com\/en\/wp-json\/wp\/v2\/media?parent=5100"}],"wp:term":[{"taxonomy":"product_brand","embeddable":true,"href":"https:\/\/drawings-online.com\/en\/wp-json\/wp\/v2\/product_brand?post=5100"},{"taxonomy":"product_cat","embeddable":true,"href":"https:\/\/drawings-online.com\/en\/wp-json\/wp\/v2\/product_cat?post=5100"},{"taxonomy":"product_tag","embeddable":true,"href":"https:\/\/drawings-online.com\/en\/wp-json\/wp\/v2\/product_tag?post=5100"}],"curies":[{"name":"wp","href":"https:\/\/api.w.org\/{rel}","templated":true}]}}