{"id":4933,"date":"2022-02-05T09:30:31","date_gmt":"2022-02-05T08:30:31","guid":{"rendered":"https:\/\/artesepia.com\/FG1495-ovh\/product\/\/"},"modified":"2022-02-08T10:50:11","modified_gmt":"2022-02-08T09:50:11","slug":"etude-de-portrait-pour-madame-machard-ernestine-aleo-par-jules-machard","status":"publish","type":"product","link":"https:\/\/drawings-online.com\/en\/product\/portrait-of-madame-machard-ernestine-aleo-by-jules-machard\/","title":{"rendered":"Portrait of Madame Machard, Ernestine Al\u00e9o by Jules Machard"},"content":{"rendered":"<p><strong>Jules Machard <\/strong><\/p>\n<p>Sampans, 1839 &#8211; Bellevue, 1900<\/p>\n<p><strong><em>Portrait of Madame Machard, Ernestine Al\u00e9o<\/em><\/strong><\/p>\n<p>324 x 250 mm &#8211; 12 3\/4 x 9 13\/16 in.<\/p>\n<p>Red chalk on beige paper.<\/p>\n<p>Stamped signature <em>J. Machard <\/em>(<a href=\"http:\/\/www.marquesdecollections.fr\/detail.cfm\/marque\/10703\/total\/1\">L. 5030<\/a>) lower right.<\/p>\n<p>Bibliography: Virginie Frelin and Elisabeth Coulon, <em>Jules Machard, le culte de la ligne<\/em>, exhibition catalogue, 4 April to 15 June 2003, Mus\u00e9e des Beaux-Arts de Dole, repr. n\u00b0 25, p. 111-113.<\/p>\n<p>This drawing belongs to a set of 85 drawings from the studio of Jules Machard presented by Drawings-online.&nbsp;<a href=\"https:\/\/drawings-online.com\/en\/85-drawings-from-the-studio-of-jules-machard-sampans-1839-meudon-1900\/\" target=\"_blank\" rel=\"noopener\">Read our focus on the artist.<\/a><\/p>\n<p>&nbsp;<\/p>\n<p><a href=\"https:\/\/drawings-online.com\/wp-content\/uploads\/2022\/02\/Portrait-de-madame-Jules-Machard-par-Jules-Machard.jpg\"><img loading=\"lazy\" decoding=\"async\" class=\"alignleft wp-image-4861 size-full\" src=\"https:\/\/drawings-online.com\/wp-content\/uploads\/2022\/02\/Portrait-de-madame-Jules-Machard-par-Jules-Machard.jpg\" alt=\"\" width=\"196\" height=\"257\" \/><\/a><\/p>\n<p>&nbsp;<\/p>\n<p>This drawing is a study for the painted portrait of his wife purchased by the State for the Mus\u00e9e du Luxembourg in 1897, now in the Mus\u00e9e des Beaux-Arts in Arras (fig. 1, inv. D 929.1). Ernestine Al\u00e9o, born in Cuba in 1852, married Jules Machard on 2 October 1875: tall, slender, with large, velvety black eyes that testify to her Havana origin.<\/p>\n<p>&nbsp;<\/p>\n<p>In this quick study, Jules Machard sketches the features of his wife with a slightly haughty and severe air that he will soften in his final painting, to let only a hint of mystery shine through.<\/p>\n","protected":false},"excerpt":{"rendered":"<p>Jules Machard Sampans, 1839 &#8211; Bellevue, 1900 Portrait of Madame Machard, Ernestine Al\u00e9o 324 x 250 mm &#8211; 12 3\/4 x 9 13\/16 in. Red chalk on beige paper. Stamped signature J. Machard (L. 5030) lower right. Bibliography: Virginie Frelin and Elisabeth Coulon, Jules Machard, le culte de la ligne, exhibition catalogue, 4 April to [&hellip;]<\/p>\n","protected":false},"featured_media":4934,"template":"","meta":{"_themeisle_gutenberg_block_has_review":false},"product_brand":[],"product_cat":[78],"product_tag":[37,343,346,29,99],"class_list":{"0":"post-4933","1":"product","2":"type-product","3":"status-publish","4":"has-post-thumbnail","6":"product_cat-french-school","7":"product_tag-19th","8":"product_tag-jules-machard-workshop","9":"product_tag-19th-century-drawings","10":"product_tag-beige-paper","11":"product_tag-portrait","13":"first","14":"instock","15":"taxable","16":"shipping-taxable","17":"purchasable","18":"product-type-simple"},"yoast_head":"<!-- This site is optimized with the Yoast SEO plugin v27.4 - https:\/\/yoast.com\/product\/yoast-seo-wordpress\/ -->\n<title>Portrait of Madame Machard, Ernestine Al\u00e9o by Jules Machard<\/title>\n<meta name=\"description\" content=\"Jules Machard Sampans, 1839 - Bellevue, 1900 Portrait of Madame Machard, Ernestine Al\u00e9o 324 x 250 mm - 12 3\/4 x 9 13\/16 in. Red chalk on beige paper. Stamped signature J. Machard (L. 5030) lower right. Bibliography: Virginie Frelin and Elisabeth Coulon, Jules Machard, le culte de la ligne, exhibition catalogue, 4 April to&hellip;\" \/>\n<meta name=\"robots\" content=\"index, follow, max-snippet:-1, max-image-preview:large, max-video-preview:-1\" \/>\n<link rel=\"canonical\" href=\"\" \/>\n<meta property=\"og:locale\" content=\"en_US\" \/>\n<meta property=\"og:type\" content=\"article\" \/>\n<meta property=\"og:title\" content=\"Portrait of Madame Machard, Ernestine Al\u00e9o by Jules Machard\" \/>\n<meta property=\"og:description\" content=\"Jules Machard Sampans, 1839 - Bellevue, 1900 Portrait of Madame Machard, Ernestine Al\u00e9o 324 x 250 mm - 12 3\/4 x 9 13\/16 in. Red chalk on beige paper. Stamped signature J. Machard (L. 5030) lower right. Bibliography: Virginie Frelin and Elisabeth Coulon, Jules Machard, le culte de la ligne, exhibition catalogue, 4 April to&hellip;\" \/>\n<meta property=\"og:url\" content=\"https:\/\/drawings-online.com\/en\/product\/portrait-of-madame-machard-ernestine-aleo-by-jules-machard\/\" \/>\n<meta property=\"og:site_name\" content=\"Drawings-online\" \/>\n<meta property=\"article:publisher\" content=\"https:\/\/www.facebook.com\/people\/Drawings-online\/100034942735866\/\" \/>\n<meta property=\"article:modified_time\" content=\"2022-02-08T09:50:11+00:00\" \/>\n<meta property=\"og:image\" content=\"https:\/\/drawings-online.com\/wp-content\/uploads\/2022\/02\/008_1-1024x1024.png\" \/>\n\t<meta property=\"og:image:width\" content=\"1024\" \/>\n\t<meta property=\"og:image:height\" content=\"1024\" \/>\n\t<meta property=\"og:image:type\" content=\"image\/png\" \/>\n<meta name=\"twitter:card\" content=\"summary_large_image\" \/>\n<meta name=\"twitter:site\" content=\"@OnlineDrawings\" \/>\n<meta name=\"twitter:label1\" content=\"Est. reading time\" \/>\n\t<meta name=\"twitter:data1\" content=\"2 minutes\" \/>\n<script type=\"application\/ld+json\" class=\"yoast-schema-graph\">{\"@context\":\"https:\\\/\\\/schema.org\",\"@graph\":[{\"@type\":\"WebPage\",\"@id\":\"https:\\\/\\\/drawings-online.com\\\/en\\\/product\\\/portrait-of-madame-machard-ernestine-aleo-by-jules-machard\\\/\",\"url\":\"https:\\\/\\\/drawings-online.com\\\/en\\\/product\\\/portrait-of-madame-machard-ernestine-aleo-by-jules-machard\\\/\",\"name\":\"\u00c9tude de portrait pour madame Machard, Ernestine Al\u00e9o par Jules Machard - Drawings-online\",\"isPartOf\":{\"@id\":\"https:\\\/\\\/drawings-online.com\\\/#website\"},\"primaryImageOfPage\":{\"@id\":\"https:\\\/\\\/drawings-online.com\\\/en\\\/product\\\/portrait-of-madame-machard-ernestine-aleo-by-jules-machard\\\/#primaryimage\"},\"image\":{\"@id\":\"https:\\\/\\\/drawings-online.com\\\/en\\\/product\\\/portrait-of-madame-machard-ernestine-aleo-by-jules-machard\\\/#primaryimage\"},\"thumbnailUrl\":\"https:\\\/\\\/drawings-online.com\\\/wp-content\\\/uploads\\\/2022\\\/02\\\/008_1.png\",\"datePublished\":\"2022-02-05T08:30:31+00:00\",\"dateModified\":\"2022-02-08T09:50:11+00:00\",\"breadcrumb\":{\"@id\":\"https:\\\/\\\/drawings-online.com\\\/en\\\/product\\\/portrait-of-madame-machard-ernestine-aleo-by-jules-machard\\\/#breadcrumb\"},\"inLanguage\":\"en-US\",\"potentialAction\":[{\"@type\":\"ReadAction\",\"target\":[\"https:\\\/\\\/drawings-online.com\\\/en\\\/product\\\/portrait-of-madame-machard-ernestine-aleo-by-jules-machard\\\/\"]}]},{\"@type\":\"ImageObject\",\"inLanguage\":\"en-US\",\"@id\":\"https:\\\/\\\/drawings-online.com\\\/en\\\/product\\\/portrait-of-madame-machard-ernestine-aleo-by-jules-machard\\\/#primaryimage\",\"url\":\"https:\\\/\\\/drawings-online.com\\\/wp-content\\\/uploads\\\/2022\\\/02\\\/008_1.png\",\"contentUrl\":\"https:\\\/\\\/drawings-online.com\\\/wp-content\\\/uploads\\\/2022\\\/02\\\/008_1.png\",\"width\":1800,\"height\":1800,\"caption\":\"\u00c9tude de portrait pour madame Machard, Ernestine Al\u00e9o par Jules Machard\"},{\"@type\":\"BreadcrumbList\",\"@id\":\"https:\\\/\\\/drawings-online.com\\\/en\\\/product\\\/portrait-of-madame-machard-ernestine-aleo-by-jules-machard\\\/#breadcrumb\",\"itemListElement\":[{\"@type\":\"ListItem\",\"position\":1,\"name\":\"Works available\",\"item\":\"https:\\\/\\\/drawings-online.com\\\/\"},{\"@type\":\"ListItem\",\"position\":2,\"name\":\"Gallery\",\"item\":\"https:\\\/\\\/drawings-online.com\\\/galerie\\\/\"},{\"@type\":\"ListItem\",\"position\":3,\"name\":\"19e\",\"item\":\"https:\\\/\\\/drawings-online.com\\\/product_tag\\\/19e\\\/\"},{\"@type\":\"ListItem\",\"position\":4,\"name\":\"Portrait of Madame Machard, Ernestine Al\u00e9o by Jules Machard\"}]},{\"@type\":\"WebSite\",\"@id\":\"https:\\\/\\\/drawings-online.com\\\/en\\\/#website\",\"url\":\"https:\\\/\\\/drawings-online.com\\\/en\\\/\",\"name\":\"Drawings-online\",\"description\":\"Dessins en ligne\",\"publisher\":{\"@id\":\"https:\\\/\\\/drawings-online.com\\\/en\\\/#organization\"},\"potentialAction\":[{\"@type\":\"SearchAction\",\"target\":{\"@type\":\"EntryPoint\",\"urlTemplate\":\"https:\\\/\\\/drawings-online.com\\\/en\\\/?s={search_term_string}\"},\"query-input\":{\"@type\":\"PropertyValueSpecification\",\"valueRequired\":true,\"valueName\":\"search_term_string\"}}],\"inLanguage\":\"en-US\"},{\"@type\":\"Organization\",\"@id\":\"https:\\\/\\\/drawings-online.com\\\/en\\\/#organization\",\"name\":\"Drawings-online\",\"url\":\"https:\\\/\\\/drawings-online.com\\\/en\\\/\",\"logo\":{\"@type\":\"ImageObject\",\"inLanguage\":\"en-US\",\"@id\":\"https:\\\/\\\/drawings-online.com\\\/en\\\/#\\\/schema\\\/logo\\\/image\\\/\",\"url\":\"https:\\\/\\\/drawings-online.com\\\/wp-content\\\/uploads\\\/2020\\\/12\\\/drawings-icone-transp-e1607442878135.png\",\"contentUrl\":\"https:\\\/\\\/drawings-online.com\\\/wp-content\\\/uploads\\\/2020\\\/12\\\/drawings-icone-transp-e1607442878135.png\",\"width\":150,\"height\":150,\"caption\":\"Drawings-online\"},\"image\":{\"@id\":\"https:\\\/\\\/drawings-online.com\\\/en\\\/#\\\/schema\\\/logo\\\/image\\\/\"},\"sameAs\":[\"https:\\\/\\\/www.facebook.com\\\/people\\\/Drawings-online\\\/100034942735866\\\/\",\"https:\\\/\\\/x.com\\\/OnlineDrawings\",\"https:\\\/\\\/www.instagram.com\\\/drawings_online_com\\\/\"]}]}<\/script>\n<!-- \/ Yoast SEO plugin. -->","yoast_head_json":{"title":"Portrait of Madame Machard, Ernestine Al\u00e9o by Jules Machard","description":"Jules Machard Sampans, 1839 - Bellevue, 1900 Portrait of Madame Machard, Ernestine Al\u00e9o 324 x 250 mm - 12 3\/4 x 9 13\/16 in. Red chalk on beige paper. Stamped signature J. Machard (L. 5030) lower right. Bibliography: Virginie Frelin and Elisabeth Coulon, Jules Machard, le culte de la ligne, exhibition catalogue, 4 April to&hellip;","robots":{"index":"index","follow":"follow","max-snippet":"max-snippet:-1","max-image-preview":"max-image-preview:large","max-video-preview":"max-video-preview:-1"},"canonical":"Jules Machard Sampans, 1839 - Bellevue, 1900 Portrait of Madame Machard, Ernestine Al\u00e9o 324 x 250 mm - 12 3\/4 x 9 13\/16 in. Red chalk on beige paper. Stamped signature J. Machard (L. 5030) lower right. Bibliography: Virginie Frelin and Elisabeth Coulon, Jules Machard, le culte de la ligne, exhibition catalogue, 4 April to&hellip;","og_locale":"en_US","og_type":"article","og_title":"Portrait of Madame Machard, Ernestine Al\u00e9o by Jules Machard","og_description":"Jules Machard Sampans, 1839 - Bellevue, 1900 Portrait of Madame Machard, Ernestine Al\u00e9o 324 x 250 mm - 12 3\/4 x 9 13\/16 in. Red chalk on beige paper. Stamped signature J. Machard (L. 5030) lower right. Bibliography: Virginie Frelin and Elisabeth Coulon, Jules Machard, le culte de la ligne, exhibition catalogue, 4 April to&hellip;","og_url":"https:\/\/drawings-online.com\/en\/product\/portrait-of-madame-machard-ernestine-aleo-by-jules-machard\/","og_site_name":"Drawings-online","article_publisher":"https:\/\/www.facebook.com\/people\/Drawings-online\/100034942735866\/","article_modified_time":"2022-02-08T09:50:11+00:00","og_image":[{"width":1024,"height":1024,"url":"https:\/\/drawings-online.com\/wp-content\/uploads\/2022\/02\/008_1-1024x1024.png","type":"image\/png"}],"twitter_card":"summary_large_image","twitter_site":"@OnlineDrawings","twitter_misc":{"Est. reading time":"2 minutes"},"schema":{"@context":"https:\/\/schema.org","@graph":[{"@type":"WebPage","@id":"https:\/\/drawings-online.com\/en\/product\/portrait-of-madame-machard-ernestine-aleo-by-jules-machard\/","url":"https:\/\/drawings-online.com\/en\/product\/portrait-of-madame-machard-ernestine-aleo-by-jules-machard\/","name":"\u00c9tude de portrait pour madame Machard, Ernestine Al\u00e9o par Jules Machard - Drawings-online","isPartOf":{"@id":"https:\/\/drawings-online.com\/#website"},"primaryImageOfPage":{"@id":"https:\/\/drawings-online.com\/en\/product\/portrait-of-madame-machard-ernestine-aleo-by-jules-machard\/#primaryimage"},"image":{"@id":"https:\/\/drawings-online.com\/en\/product\/portrait-of-madame-machard-ernestine-aleo-by-jules-machard\/#primaryimage"},"thumbnailUrl":"https:\/\/drawings-online.com\/wp-content\/uploads\/2022\/02\/008_1.png","datePublished":"2022-02-05T08:30:31+00:00","dateModified":"2022-02-08T09:50:11+00:00","breadcrumb":{"@id":"https:\/\/drawings-online.com\/en\/product\/portrait-of-madame-machard-ernestine-aleo-by-jules-machard\/#breadcrumb"},"inLanguage":"en-US","potentialAction":[{"@type":"ReadAction","target":["https:\/\/drawings-online.com\/en\/product\/portrait-of-madame-machard-ernestine-aleo-by-jules-machard\/"]}]},{"@type":"ImageObject","inLanguage":"en-US","@id":"https:\/\/drawings-online.com\/en\/product\/portrait-of-madame-machard-ernestine-aleo-by-jules-machard\/#primaryimage","url":"https:\/\/drawings-online.com\/wp-content\/uploads\/2022\/02\/008_1.png","contentUrl":"https:\/\/drawings-online.com\/wp-content\/uploads\/2022\/02\/008_1.png","width":1800,"height":1800,"caption":"\u00c9tude de portrait pour madame Machard, Ernestine Al\u00e9o par Jules Machard"},{"@type":"BreadcrumbList","@id":"https:\/\/drawings-online.com\/en\/product\/portrait-of-madame-machard-ernestine-aleo-by-jules-machard\/#breadcrumb","itemListElement":[{"@type":"ListItem","position":1,"name":"Works available","item":"https:\/\/drawings-online.com\/"},{"@type":"ListItem","position":2,"name":"Gallery","item":"https:\/\/drawings-online.com\/galerie\/"},{"@type":"ListItem","position":3,"name":"19e","item":"https:\/\/drawings-online.com\/product_tag\/19e\/"},{"@type":"ListItem","position":4,"name":"Portrait of Madame Machard, Ernestine Al\u00e9o by Jules Machard"}]},{"@type":"WebSite","@id":"https:\/\/drawings-online.com\/en\/#website","url":"https:\/\/drawings-online.com\/en\/","name":"Drawings-online","description":"Dessins en ligne","publisher":{"@id":"https:\/\/drawings-online.com\/en\/#organization"},"potentialAction":[{"@type":"SearchAction","target":{"@type":"EntryPoint","urlTemplate":"https:\/\/drawings-online.com\/en\/?s={search_term_string}"},"query-input":{"@type":"PropertyValueSpecification","valueRequired":true,"valueName":"search_term_string"}}],"inLanguage":"en-US"},{"@type":"Organization","@id":"https:\/\/drawings-online.com\/en\/#organization","name":"Drawings-online","url":"https:\/\/drawings-online.com\/en\/","logo":{"@type":"ImageObject","inLanguage":"en-US","@id":"https:\/\/drawings-online.com\/en\/#\/schema\/logo\/image\/","url":"https:\/\/drawings-online.com\/wp-content\/uploads\/2020\/12\/drawings-icone-transp-e1607442878135.png","contentUrl":"https:\/\/drawings-online.com\/wp-content\/uploads\/2020\/12\/drawings-icone-transp-e1607442878135.png","width":150,"height":150,"caption":"Drawings-online"},"image":{"@id":"https:\/\/drawings-online.com\/en\/#\/schema\/logo\/image\/"},"sameAs":["https:\/\/www.facebook.com\/people\/Drawings-online\/100034942735866\/","https:\/\/x.com\/OnlineDrawings","https:\/\/www.instagram.com\/drawings_online_com\/"]}]}},"jetpack_sharing_enabled":true,"_links":{"self":[{"href":"https:\/\/drawings-online.com\/en\/wp-json\/wp\/v2\/product\/4933","targetHints":{"allow":["GET"]}}],"collection":[{"href":"https:\/\/drawings-online.com\/en\/wp-json\/wp\/v2\/product"}],"about":[{"href":"https:\/\/drawings-online.com\/en\/wp-json\/wp\/v2\/types\/product"}],"wp:featuredmedia":[{"embeddable":true,"href":"https:\/\/drawings-online.com\/en\/wp-json\/wp\/v2\/media\/4934"}],"wp:attachment":[{"href":"https:\/\/drawings-online.com\/en\/wp-json\/wp\/v2\/media?parent=4933"}],"wp:term":[{"taxonomy":"product_brand","embeddable":true,"href":"https:\/\/drawings-online.com\/en\/wp-json\/wp\/v2\/product_brand?post=4933"},{"taxonomy":"product_cat","embeddable":true,"href":"https:\/\/drawings-online.com\/en\/wp-json\/wp\/v2\/product_cat?post=4933"},{"taxonomy":"product_tag","embeddable":true,"href":"https:\/\/drawings-online.com\/en\/wp-json\/wp\/v2\/product_tag?post=4933"}],"curies":[{"name":"wp","href":"https:\/\/api.w.org\/{rel}","templated":true}]}}