{"id":4586,"date":"2021-12-10T17:50:56","date_gmt":"2021-12-10T16:50:56","guid":{"rendered":"https:\/\/drawings-online.com\/product\/\/"},"modified":"2022-02-10T09:34:33","modified_gmt":"2022-02-10T08:34:33","slug":"suite-de-13-etudes-de-costumes-militaires-par-pierre-albert-leroux","status":"publish","type":"product","link":"https:\/\/drawings-online.com\/en\/product\/suite-of-13-studies-of-military-costumes-by-pierre-albert-leroux\/","title":{"rendered":"Suite of 13 studies of military costumes by Pierre Albert Leroux"},"content":{"rendered":"<p><strong>Pierre Albert LEROUX<\/strong><\/p>\n<p>(1890-1959)<\/p>\n<p><strong>Suite of 13 studies of military costumes<\/p>\n<p><\/strong>Gouache on paper.<\/p>\n<p>All signed except 6&amp;7 &#8220;Pierre Albert Leroux&#8221; and described in ink or pen.<br \/>\n<span style=\"font-size: 0.9rem;\">199 x 146 mm : &#8220;Le g\u00e9n\u00e9ral Eug\u00e8ne de Beauharnais &#8211; 1805&#8221;<\/span><\/p>\n<ol>\n<li>239 x 162 mm : &#8220;guide-de-mortier &#8211; Hanovre 1803&#8221;<\/li>\n<li>216 x 125 mm : &#8220;garde Imp\u00e9riale &#8211; Chasseur \u00e0 cheval &#8211; officier &#8211; Tenue d&#8217;aide de camps 1808&#8221;<\/li>\n<li>231 x 180 mm : &#8220;67e de ligne &#8211; 1809&#8221;<\/li>\n<li>232 x 179 mm : &#8220;27e de ligne. &#8211; .1808. 12.&#8221;<\/li>\n<li>231 x 179 mm : &#8220;26e de ligne &#8211; 1809.&#8221;<\/li>\n<li>231 x 181 mm : &#8220;10e L\u00e9ger &#8211; 1809.&#8221;<\/li>\n<li>241 x 175 mm : &#8220;Guide du Prince de Ponte Corvo &#8211; trompette &#8211; 1807&#8221;<\/li>\n<li>241 x 174 mm : &#8220;Garde Imple &#8211; Chasseur \u00e0 cheval &#8211; officier 1805&#8221;<\/li>\n<li>272 x 194 mm : &#8220;Trompette du 7e Cuirassier &#8211; 1808&#8221;<\/li>\n<li>271 x 194 mm : &#8220;7e Chasseur \u00e0 cheval &#8211; Porte \u00e9tendard &#8211; 1808-09&#8221;<\/li>\n<li>273 x 196 mm : &#8220;Garde Imp\u00e9riale &#8211; Gendarmerie d&#8217;\u00e9lite &#8211; 1805-10.&#8221;<\/li>\n<li>273 x 195 mm : &#8220;5e Hussard &#8211; 1808&#8221;<\/li>\n<\/ol>\n<p>Condition report &#8211; Very good general condition; the gouache is very fresh; some small stains and traces of old mounts or scotch remains.<\/p>\n","protected":false},"excerpt":{"rendered":"<p>Pierre Albert LEROUX (1890-1959) Suite of 13 studies of military costumes Gouache on paper. All signed except 6&amp;7 &#8220;Pierre Albert Leroux&#8221; and described in ink or pen. 199 x 146 mm : &#8220;Le g\u00e9n\u00e9ral Eug\u00e8ne de Beauharnais &#8211; 1805&#8221; 239 x 162 mm : &#8220;guide-de-mortier &#8211; Hanovre 1803&#8221; 216 x 125 mm : &#8220;garde Imp\u00e9riale [&hellip;]<\/p>\n","protected":false},"featured_media":4587,"template":"","meta":{"_themeisle_gutenberg_block_has_review":false},"product_brand":[],"product_cat":[78],"product_tag":[104,350,296,353,31,339,337,333,331],"class_list":{"0":"post-4586","1":"product","2":"type-product","3":"status-publish","4":"has-post-thumbnail","6":"product_cat-french-school","7":"product_tag-20th","8":"product_tag-dessins-du-20e","9":"product_tag-empire","10":"product_tag-gallery","11":"product_tag-gouache","12":"product_tag-napoleonic-wars","13":"product_tag-militaria","14":"product_tag-n10","15":"product_tag-military-subjects","17":"first","18":"outofstock","19":"taxable","20":"shipping-taxable","21":"purchasable","22":"product-type-simple"},"yoast_head":"<!-- This site is optimized with the Yoast SEO plugin v27.4 - https:\/\/yoast.com\/product\/yoast-seo-wordpress\/ -->\n<title>Suite of 13 studies of military costumes by Pierre Albert Leroux<\/title>\n<meta name=\"description\" content=\"Pierre Albert LEROUX (1890-1959) Suite of 13 studies of military costumes Gouache on paper. All signed except 6&amp;7 &quot;Pierre Albert Leroux&quot; and described in ink or pen. 199 x 146 mm : &quot;Le g\u00e9n\u00e9ral Eug\u00e8ne de Beauharnais - 1805&quot; 239 x 162 mm : &quot;guide-de-mortier - Hanovre 1803&quot; 216 x 125 mm : &quot;garde Imp\u00e9riale&hellip;\" \/>\n<meta name=\"robots\" content=\"index, follow, max-snippet:-1, max-image-preview:large, max-video-preview:-1\" \/>\n<link rel=\"canonical\" href=\"\" \/>\n<meta property=\"og:locale\" content=\"en_US\" \/>\n<meta property=\"og:type\" content=\"article\" \/>\n<meta property=\"og:title\" content=\"Suite of 13 studies of military costumes by Pierre Albert Leroux\" \/>\n<meta property=\"og:description\" content=\"Pierre Albert LEROUX (1890-1959) Suite of 13 studies of military costumes Gouache on paper. All signed except 6&amp;7 &quot;Pierre Albert Leroux&quot; and described in ink or pen. 199 x 146 mm : &quot;Le g\u00e9n\u00e9ral Eug\u00e8ne de Beauharnais - 1805&quot; 239 x 162 mm : &quot;guide-de-mortier - Hanovre 1803&quot; 216 x 125 mm : &quot;garde Imp\u00e9riale&hellip;\" \/>\n<meta property=\"og:url\" content=\"https:\/\/drawings-online.com\/en\/product\/suite-of-13-studies-of-military-costumes-by-pierre-albert-leroux\/\" \/>\n<meta property=\"og:site_name\" content=\"Drawings-online\" \/>\n<meta property=\"article:publisher\" content=\"https:\/\/www.facebook.com\/people\/Drawings-online\/100034942735866\/\" \/>\n<meta property=\"article:modified_time\" content=\"2022-02-10T08:34:33+00:00\" \/>\n<meta property=\"og:image\" content=\"https:\/\/drawings-online.com\/wp-content\/uploads\/2021\/12\/IMGP6724b_1-1024x1024.png\" \/>\n\t<meta property=\"og:image:width\" content=\"1024\" \/>\n\t<meta property=\"og:image:height\" content=\"1024\" \/>\n\t<meta property=\"og:image:type\" content=\"image\/png\" \/>\n<meta name=\"twitter:card\" content=\"summary_large_image\" \/>\n<meta name=\"twitter:site\" content=\"@OnlineDrawings\" \/>\n<meta name=\"twitter:label1\" content=\"Est. reading time\" \/>\n\t<meta name=\"twitter:data1\" content=\"1 minute\" \/>\n<script type=\"application\/ld+json\" class=\"yoast-schema-graph\">{\"@context\":\"https:\\\/\\\/schema.org\",\"@graph\":[{\"@type\":\"WebPage\",\"@id\":\"https:\\\/\\\/drawings-online.com\\\/en\\\/product\\\/suite-of-13-studies-of-military-costumes-by-pierre-albert-leroux\\\/\",\"url\":\"https:\\\/\\\/drawings-online.com\\\/en\\\/product\\\/suite-of-13-studies-of-military-costumes-by-pierre-albert-leroux\\\/\",\"name\":\"Suite de 13 \u00e9tudes de costumes militaires par Pierre Albert Leroux - Drawings-online\",\"isPartOf\":{\"@id\":\"https:\\\/\\\/drawings-online.com\\\/#website\"},\"primaryImageOfPage\":{\"@id\":\"https:\\\/\\\/drawings-online.com\\\/en\\\/product\\\/suite-of-13-studies-of-military-costumes-by-pierre-albert-leroux\\\/#primaryimage\"},\"image\":{\"@id\":\"https:\\\/\\\/drawings-online.com\\\/en\\\/product\\\/suite-of-13-studies-of-military-costumes-by-pierre-albert-leroux\\\/#primaryimage\"},\"thumbnailUrl\":\"https:\\\/\\\/drawings-online.com\\\/wp-content\\\/uploads\\\/2021\\\/12\\\/IMGP6724b_1.png\",\"datePublished\":\"2021-12-10T16:50:56+00:00\",\"dateModified\":\"2022-02-10T08:34:33+00:00\",\"breadcrumb\":{\"@id\":\"https:\\\/\\\/drawings-online.com\\\/en\\\/product\\\/suite-of-13-studies-of-military-costumes-by-pierre-albert-leroux\\\/#breadcrumb\"},\"inLanguage\":\"en-US\",\"potentialAction\":[{\"@type\":\"ReadAction\",\"target\":[\"https:\\\/\\\/drawings-online.com\\\/en\\\/product\\\/suite-of-13-studies-of-military-costumes-by-pierre-albert-leroux\\\/\"]}]},{\"@type\":\"ImageObject\",\"inLanguage\":\"en-US\",\"@id\":\"https:\\\/\\\/drawings-online.com\\\/en\\\/product\\\/suite-of-13-studies-of-military-costumes-by-pierre-albert-leroux\\\/#primaryimage\",\"url\":\"https:\\\/\\\/drawings-online.com\\\/wp-content\\\/uploads\\\/2021\\\/12\\\/IMGP6724b_1.png\",\"contentUrl\":\"https:\\\/\\\/drawings-online.com\\\/wp-content\\\/uploads\\\/2021\\\/12\\\/IMGP6724b_1.png\",\"width\":1800,\"height\":1800,\"caption\":\"Suite de 13 \u00e9tudes de costumes militaires par Pierre Albert Leroux\"},{\"@type\":\"BreadcrumbList\",\"@id\":\"https:\\\/\\\/drawings-online.com\\\/en\\\/product\\\/suite-of-13-studies-of-military-costumes-by-pierre-albert-leroux\\\/#breadcrumb\",\"itemListElement\":[{\"@type\":\"ListItem\",\"position\":1,\"name\":\"Works available\",\"item\":\"https:\\\/\\\/drawings-online.com\\\/\"},{\"@type\":\"ListItem\",\"position\":2,\"name\":\"Gallery\",\"item\":\"https:\\\/\\\/drawings-online.com\\\/galerie\\\/\"},{\"@type\":\"ListItem\",\"position\":3,\"name\":\"20e\",\"item\":\"https:\\\/\\\/drawings-online.com\\\/product_tag\\\/20e\\\/\"},{\"@type\":\"ListItem\",\"position\":4,\"name\":\"Suite of 13 studies of military costumes by Pierre Albert Leroux\"}]},{\"@type\":\"WebSite\",\"@id\":\"https:\\\/\\\/drawings-online.com\\\/en\\\/#website\",\"url\":\"https:\\\/\\\/drawings-online.com\\\/en\\\/\",\"name\":\"Drawings-online\",\"description\":\"Dessins en ligne\",\"publisher\":{\"@id\":\"https:\\\/\\\/drawings-online.com\\\/en\\\/#organization\"},\"potentialAction\":[{\"@type\":\"SearchAction\",\"target\":{\"@type\":\"EntryPoint\",\"urlTemplate\":\"https:\\\/\\\/drawings-online.com\\\/en\\\/?s={search_term_string}\"},\"query-input\":{\"@type\":\"PropertyValueSpecification\",\"valueRequired\":true,\"valueName\":\"search_term_string\"}}],\"inLanguage\":\"en-US\"},{\"@type\":\"Organization\",\"@id\":\"https:\\\/\\\/drawings-online.com\\\/en\\\/#organization\",\"name\":\"Drawings-online\",\"url\":\"https:\\\/\\\/drawings-online.com\\\/en\\\/\",\"logo\":{\"@type\":\"ImageObject\",\"inLanguage\":\"en-US\",\"@id\":\"https:\\\/\\\/drawings-online.com\\\/en\\\/#\\\/schema\\\/logo\\\/image\\\/\",\"url\":\"https:\\\/\\\/drawings-online.com\\\/wp-content\\\/uploads\\\/2020\\\/12\\\/drawings-icone-transp-e1607442878135.png\",\"contentUrl\":\"https:\\\/\\\/drawings-online.com\\\/wp-content\\\/uploads\\\/2020\\\/12\\\/drawings-icone-transp-e1607442878135.png\",\"width\":150,\"height\":150,\"caption\":\"Drawings-online\"},\"image\":{\"@id\":\"https:\\\/\\\/drawings-online.com\\\/en\\\/#\\\/schema\\\/logo\\\/image\\\/\"},\"sameAs\":[\"https:\\\/\\\/www.facebook.com\\\/people\\\/Drawings-online\\\/100034942735866\\\/\",\"https:\\\/\\\/x.com\\\/OnlineDrawings\",\"https:\\\/\\\/www.instagram.com\\\/drawings_online_com\\\/\"]}]}<\/script>\n<!-- \/ Yoast SEO plugin. -->","yoast_head_json":{"title":"Suite of 13 studies of military costumes by Pierre Albert Leroux","description":"Pierre Albert LEROUX (1890-1959) Suite of 13 studies of military costumes Gouache on paper. All signed except 6&amp;7 \"Pierre Albert Leroux\" and described in ink or pen. 199 x 146 mm : \"Le g\u00e9n\u00e9ral Eug\u00e8ne de Beauharnais - 1805\" 239 x 162 mm : \"guide-de-mortier - Hanovre 1803\" 216 x 125 mm : \"garde Imp\u00e9riale&hellip;","robots":{"index":"index","follow":"follow","max-snippet":"max-snippet:-1","max-image-preview":"max-image-preview:large","max-video-preview":"max-video-preview:-1"},"canonical":"Pierre Albert LEROUX (1890-1959) Suite of 13 studies of military costumes Gouache on paper. All signed except 6&amp;7 \"Pierre Albert Leroux\" and described in ink or pen. 199 x 146 mm : \"Le g\u00e9n\u00e9ral Eug\u00e8ne de Beauharnais - 1805\" 239 x 162 mm : \"guide-de-mortier - Hanovre 1803\" 216 x 125 mm : \"garde Imp\u00e9riale&hellip;","og_locale":"en_US","og_type":"article","og_title":"Suite of 13 studies of military costumes by Pierre Albert Leroux","og_description":"Pierre Albert LEROUX (1890-1959) Suite of 13 studies of military costumes Gouache on paper. All signed except 6&amp;7 \"Pierre Albert Leroux\" and described in ink or pen. 199 x 146 mm : \"Le g\u00e9n\u00e9ral Eug\u00e8ne de Beauharnais - 1805\" 239 x 162 mm : \"guide-de-mortier - Hanovre 1803\" 216 x 125 mm : \"garde Imp\u00e9riale&hellip;","og_url":"https:\/\/drawings-online.com\/en\/product\/suite-of-13-studies-of-military-costumes-by-pierre-albert-leroux\/","og_site_name":"Drawings-online","article_publisher":"https:\/\/www.facebook.com\/people\/Drawings-online\/100034942735866\/","article_modified_time":"2022-02-10T08:34:33+00:00","og_image":[{"width":1024,"height":1024,"url":"https:\/\/drawings-online.com\/wp-content\/uploads\/2021\/12\/IMGP6724b_1-1024x1024.png","type":"image\/png"}],"twitter_card":"summary_large_image","twitter_site":"@OnlineDrawings","twitter_misc":{"Est. reading time":"1 minute"},"schema":{"@context":"https:\/\/schema.org","@graph":[{"@type":"WebPage","@id":"https:\/\/drawings-online.com\/en\/product\/suite-of-13-studies-of-military-costumes-by-pierre-albert-leroux\/","url":"https:\/\/drawings-online.com\/en\/product\/suite-of-13-studies-of-military-costumes-by-pierre-albert-leroux\/","name":"Suite de 13 \u00e9tudes de costumes militaires par Pierre Albert Leroux - Drawings-online","isPartOf":{"@id":"https:\/\/drawings-online.com\/#website"},"primaryImageOfPage":{"@id":"https:\/\/drawings-online.com\/en\/product\/suite-of-13-studies-of-military-costumes-by-pierre-albert-leroux\/#primaryimage"},"image":{"@id":"https:\/\/drawings-online.com\/en\/product\/suite-of-13-studies-of-military-costumes-by-pierre-albert-leroux\/#primaryimage"},"thumbnailUrl":"https:\/\/drawings-online.com\/wp-content\/uploads\/2021\/12\/IMGP6724b_1.png","datePublished":"2021-12-10T16:50:56+00:00","dateModified":"2022-02-10T08:34:33+00:00","breadcrumb":{"@id":"https:\/\/drawings-online.com\/en\/product\/suite-of-13-studies-of-military-costumes-by-pierre-albert-leroux\/#breadcrumb"},"inLanguage":"en-US","potentialAction":[{"@type":"ReadAction","target":["https:\/\/drawings-online.com\/en\/product\/suite-of-13-studies-of-military-costumes-by-pierre-albert-leroux\/"]}]},{"@type":"ImageObject","inLanguage":"en-US","@id":"https:\/\/drawings-online.com\/en\/product\/suite-of-13-studies-of-military-costumes-by-pierre-albert-leroux\/#primaryimage","url":"https:\/\/drawings-online.com\/wp-content\/uploads\/2021\/12\/IMGP6724b_1.png","contentUrl":"https:\/\/drawings-online.com\/wp-content\/uploads\/2021\/12\/IMGP6724b_1.png","width":1800,"height":1800,"caption":"Suite de 13 \u00e9tudes de costumes militaires par Pierre Albert Leroux"},{"@type":"BreadcrumbList","@id":"https:\/\/drawings-online.com\/en\/product\/suite-of-13-studies-of-military-costumes-by-pierre-albert-leroux\/#breadcrumb","itemListElement":[{"@type":"ListItem","position":1,"name":"Works available","item":"https:\/\/drawings-online.com\/"},{"@type":"ListItem","position":2,"name":"Gallery","item":"https:\/\/drawings-online.com\/galerie\/"},{"@type":"ListItem","position":3,"name":"20e","item":"https:\/\/drawings-online.com\/product_tag\/20e\/"},{"@type":"ListItem","position":4,"name":"Suite of 13 studies of military costumes by Pierre Albert Leroux"}]},{"@type":"WebSite","@id":"https:\/\/drawings-online.com\/en\/#website","url":"https:\/\/drawings-online.com\/en\/","name":"Drawings-online","description":"Dessins en ligne","publisher":{"@id":"https:\/\/drawings-online.com\/en\/#organization"},"potentialAction":[{"@type":"SearchAction","target":{"@type":"EntryPoint","urlTemplate":"https:\/\/drawings-online.com\/en\/?s={search_term_string}"},"query-input":{"@type":"PropertyValueSpecification","valueRequired":true,"valueName":"search_term_string"}}],"inLanguage":"en-US"},{"@type":"Organization","@id":"https:\/\/drawings-online.com\/en\/#organization","name":"Drawings-online","url":"https:\/\/drawings-online.com\/en\/","logo":{"@type":"ImageObject","inLanguage":"en-US","@id":"https:\/\/drawings-online.com\/en\/#\/schema\/logo\/image\/","url":"https:\/\/drawings-online.com\/wp-content\/uploads\/2020\/12\/drawings-icone-transp-e1607442878135.png","contentUrl":"https:\/\/drawings-online.com\/wp-content\/uploads\/2020\/12\/drawings-icone-transp-e1607442878135.png","width":150,"height":150,"caption":"Drawings-online"},"image":{"@id":"https:\/\/drawings-online.com\/en\/#\/schema\/logo\/image\/"},"sameAs":["https:\/\/www.facebook.com\/people\/Drawings-online\/100034942735866\/","https:\/\/x.com\/OnlineDrawings","https:\/\/www.instagram.com\/drawings_online_com\/"]}]}},"jetpack_sharing_enabled":true,"_links":{"self":[{"href":"https:\/\/drawings-online.com\/en\/wp-json\/wp\/v2\/product\/4586","targetHints":{"allow":["GET"]}}],"collection":[{"href":"https:\/\/drawings-online.com\/en\/wp-json\/wp\/v2\/product"}],"about":[{"href":"https:\/\/drawings-online.com\/en\/wp-json\/wp\/v2\/types\/product"}],"wp:featuredmedia":[{"embeddable":true,"href":"https:\/\/drawings-online.com\/en\/wp-json\/wp\/v2\/media\/4587"}],"wp:attachment":[{"href":"https:\/\/drawings-online.com\/en\/wp-json\/wp\/v2\/media?parent=4586"}],"wp:term":[{"taxonomy":"product_brand","embeddable":true,"href":"https:\/\/drawings-online.com\/en\/wp-json\/wp\/v2\/product_brand?post=4586"},{"taxonomy":"product_cat","embeddable":true,"href":"https:\/\/drawings-online.com\/en\/wp-json\/wp\/v2\/product_cat?post=4586"},{"taxonomy":"product_tag","embeddable":true,"href":"https:\/\/drawings-online.com\/en\/wp-json\/wp\/v2\/product_tag?post=4586"}],"curies":[{"name":"wp","href":"https:\/\/api.w.org\/{rel}","templated":true}]}}