{"id":4569,"date":"2021-12-10T16:20:37","date_gmt":"2021-12-10T15:20:37","guid":{"rendered":"https:\/\/drawings-online.com\/product\/\/"},"modified":"2023-01-18T10:26:07","modified_gmt":"2023-01-18T09:26:07","slug":"suite-de-quatre-militaires-ecole-francaise-fin-xviiie-debut-xixe-siecle","status":"publish","type":"product","link":"https:\/\/drawings-online.com\/en\/product\/suite-of-four-studies-of-military-costumes-french-school-from-the-late-18th-century\/","title":{"rendered":"Suite of Four Studies of Military Costumes, French School from the late 18th century"},"content":{"rendered":"<p>F<strong>rench School from the end of the 18th century<\/strong><\/p>\n<p><em><strong>Suite of Four Studies of Military Costumes<\/strong><\/em><\/p>\n<p>Pen, ink and gouache.<\/p>\n<p>Each described with ink vertically on the left.<\/p>\n<ol>\n<li>158 x 108 mm &#8211; 6 1\/4 x 4 1\/4 in. ; Inscribed : &#8220;Gardiste du General Vaubois&#8221; ; Condition report &#8211; Significant ink stain in the middle on the left; Horizontal folding in the middle.<\/li>\n<li>157 x 112 mm &#8211; 6 3\/16 x 4 7\/16 in. ; Inscribed : &#8220;Dragon fran\u00e7ois&#8221; ; Condition report &#8211; Some stains and small tears on the top edge; Horizontal folding in the middle.<\/li>\n<li>157 x 109 mm &#8211; 6 3\/16 x 4 5\/16 in. ; Inscribed : &#8220;artilleriste fran\u00e7ois de la 75\/2 Brigade ; Condition report &#8211; Good condition ;Horizontal folding in the middle.<\/li>\n<li>157 x 109 mm &#8211; 6 3\/16 x 4 5\/16 in. ; Inscribed : &#8220;Gardiste du G\u00e9n\u00e9ral Bonaparte&#8221; ; Condition report &#8211; Some stains and horizontal folding in the middle.<\/li>\n<\/ol>\n","protected":false},"excerpt":{"rendered":"<p>French School from the end of the 18th century Suite of Four Studies of Military Costumes Pen, ink and gouache. Each described with ink vertically on the left. 158 x 108 mm &#8211; 6 1\/4 x 4 1\/4 in. ; Inscribed : &#8220;Gardiste du General Vaubois&#8221; ; Condition report &#8211; Significant ink stain in the [&hellip;]<\/p>\n","protected":false},"featured_media":4582,"template":"","meta":{"_themeisle_gutenberg_block_has_review":false},"product_brand":[],"product_cat":[78],"product_tag":[24,37,32,346,353,339,337,333,423],"class_list":{"0":"post-4569","1":"product","2":"type-product","3":"status-publish","4":"has-post-thumbnail","6":"product_cat-french-school","7":"product_tag-18th","8":"product_tag-19th","9":"product_tag-watercolour","10":"product_tag-19th-century-drawings","11":"product_tag-gallery","12":"product_tag-napoleonic-wars","13":"product_tag-militaria","14":"product_tag-n10","15":"product_tag-n15b","17":"first","18":"instock","19":"taxable","20":"shipping-taxable","21":"purchasable","22":"product-type-simple"},"yoast_head":"<!-- This site is optimized with the Yoast SEO plugin v27.4 - https:\/\/yoast.com\/product\/yoast-seo-wordpress\/ -->\n<title>Suite of Four Studies of Military Costumes, French School from the late 18th century<\/title>\n<meta name=\"description\" content=\"French School from the end of the 18th century Suite of Four Studies of Military Costumes Pen, ink and gouache. Each described with ink vertically on the left. 158 x 108 mm - 6 1\/4 x 4 1\/4 in. ; Inscribed : &quot;Gardiste du General Vaubois&quot; ; Condition report - Significant ink stain in the&hellip;\" \/>\n<meta name=\"robots\" content=\"index, follow, max-snippet:-1, max-image-preview:large, max-video-preview:-1\" \/>\n<link rel=\"canonical\" href=\"\" \/>\n<meta property=\"og:locale\" content=\"en_US\" \/>\n<meta property=\"og:type\" content=\"article\" \/>\n<meta property=\"og:title\" content=\"Suite of Four Studies of Military Costumes, French School from the late 18th century\" \/>\n<meta property=\"og:description\" content=\"French School from the end of the 18th century Suite of Four Studies of Military Costumes Pen, ink and gouache. Each described with ink vertically on the left. 158 x 108 mm - 6 1\/4 x 4 1\/4 in. ; Inscribed : &quot;Gardiste du General Vaubois&quot; ; Condition report - Significant ink stain in the&hellip;\" \/>\n<meta property=\"og:url\" content=\"https:\/\/drawings-online.com\/en\/product\/suite-of-four-studies-of-military-costumes-french-school-from-the-late-18th-century\/\" \/>\n<meta property=\"og:site_name\" content=\"Drawings-online\" \/>\n<meta property=\"article:publisher\" content=\"https:\/\/www.facebook.com\/people\/Drawings-online\/100034942735866\/\" \/>\n<meta property=\"article:modified_time\" content=\"2023-01-18T09:26:07+00:00\" \/>\n<meta property=\"og:image\" content=\"https:\/\/drawings-online.com\/wp-content\/uploads\/2021\/12\/IMGP6708b_1-1024x1024.png\" \/>\n\t<meta property=\"og:image:width\" content=\"1024\" \/>\n\t<meta property=\"og:image:height\" content=\"1024\" \/>\n\t<meta property=\"og:image:type\" content=\"image\/png\" \/>\n<meta name=\"twitter:card\" content=\"summary_large_image\" \/>\n<meta name=\"twitter:site\" content=\"@OnlineDrawings\" \/>\n<meta name=\"twitter:label1\" content=\"Est. reading time\" \/>\n\t<meta name=\"twitter:data1\" content=\"1 minute\" \/>\n<script type=\"application\/ld+json\" class=\"yoast-schema-graph\">{\"@context\":\"https:\\\/\\\/schema.org\",\"@graph\":[{\"@type\":\"WebPage\",\"@id\":\"https:\\\/\\\/drawings-online.com\\\/en\\\/product\\\/suite-of-four-studies-of-military-costumes-french-school-from-the-late-18th-century\\\/\",\"url\":\"https:\\\/\\\/drawings-online.com\\\/en\\\/product\\\/suite-of-four-studies-of-military-costumes-french-school-from-the-late-18th-century\\\/\",\"name\":\"Suite de Quatre \u00e9tudes de costumes militaires, \u00e9cole fran\u00e7aise fin XVIIIe si\u00e8cle - Drawings-online\",\"isPartOf\":{\"@id\":\"https:\\\/\\\/drawings-online.com\\\/#website\"},\"primaryImageOfPage\":{\"@id\":\"https:\\\/\\\/drawings-online.com\\\/en\\\/product\\\/suite-of-four-studies-of-military-costumes-french-school-from-the-late-18th-century\\\/#primaryimage\"},\"image\":{\"@id\":\"https:\\\/\\\/drawings-online.com\\\/en\\\/product\\\/suite-of-four-studies-of-military-costumes-french-school-from-the-late-18th-century\\\/#primaryimage\"},\"thumbnailUrl\":\"https:\\\/\\\/drawings-online.com\\\/wp-content\\\/uploads\\\/2021\\\/12\\\/IMGP6708b_1.png\",\"datePublished\":\"2021-12-10T15:20:37+00:00\",\"dateModified\":\"2023-01-18T09:26:07+00:00\",\"breadcrumb\":{\"@id\":\"https:\\\/\\\/drawings-online.com\\\/en\\\/product\\\/suite-of-four-studies-of-military-costumes-french-school-from-the-late-18th-century\\\/#breadcrumb\"},\"inLanguage\":\"en-US\",\"potentialAction\":[{\"@type\":\"ReadAction\",\"target\":[\"https:\\\/\\\/drawings-online.com\\\/en\\\/product\\\/suite-of-four-studies-of-military-costumes-french-school-from-the-late-18th-century\\\/\"]}]},{\"@type\":\"ImageObject\",\"inLanguage\":\"en-US\",\"@id\":\"https:\\\/\\\/drawings-online.com\\\/en\\\/product\\\/suite-of-four-studies-of-military-costumes-french-school-from-the-late-18th-century\\\/#primaryimage\",\"url\":\"https:\\\/\\\/drawings-online.com\\\/wp-content\\\/uploads\\\/2021\\\/12\\\/IMGP6708b_1.png\",\"contentUrl\":\"https:\\\/\\\/drawings-online.com\\\/wp-content\\\/uploads\\\/2021\\\/12\\\/IMGP6708b_1.png\",\"width\":1800,\"height\":1800,\"caption\":\"Suite de Quatre \u00e9tudes de costumes militaires, \u00e9cole fran\u00e7aise fin XVIIIe si\u00e8cle\"},{\"@type\":\"BreadcrumbList\",\"@id\":\"https:\\\/\\\/drawings-online.com\\\/en\\\/product\\\/suite-of-four-studies-of-military-costumes-french-school-from-the-late-18th-century\\\/#breadcrumb\",\"itemListElement\":[{\"@type\":\"ListItem\",\"position\":1,\"name\":\"Works available\",\"item\":\"https:\\\/\\\/drawings-online.com\\\/\"},{\"@type\":\"ListItem\",\"position\":2,\"name\":\"Gallery\",\"item\":\"https:\\\/\\\/drawings-online.com\\\/galerie\\\/\"},{\"@type\":\"ListItem\",\"position\":3,\"name\":\"18e\",\"item\":\"https:\\\/\\\/drawings-online.com\\\/product_tag\\\/18e\\\/\"},{\"@type\":\"ListItem\",\"position\":4,\"name\":\"Suite of Four Studies of Military Costumes, French School from the late 18th century\"}]},{\"@type\":\"WebSite\",\"@id\":\"https:\\\/\\\/drawings-online.com\\\/en\\\/#website\",\"url\":\"https:\\\/\\\/drawings-online.com\\\/en\\\/\",\"name\":\"Drawings-online\",\"description\":\"Dessins en ligne\",\"publisher\":{\"@id\":\"https:\\\/\\\/drawings-online.com\\\/en\\\/#organization\"},\"potentialAction\":[{\"@type\":\"SearchAction\",\"target\":{\"@type\":\"EntryPoint\",\"urlTemplate\":\"https:\\\/\\\/drawings-online.com\\\/en\\\/?s={search_term_string}\"},\"query-input\":{\"@type\":\"PropertyValueSpecification\",\"valueRequired\":true,\"valueName\":\"search_term_string\"}}],\"inLanguage\":\"en-US\"},{\"@type\":\"Organization\",\"@id\":\"https:\\\/\\\/drawings-online.com\\\/en\\\/#organization\",\"name\":\"Drawings-online\",\"url\":\"https:\\\/\\\/drawings-online.com\\\/en\\\/\",\"logo\":{\"@type\":\"ImageObject\",\"inLanguage\":\"en-US\",\"@id\":\"https:\\\/\\\/drawings-online.com\\\/en\\\/#\\\/schema\\\/logo\\\/image\\\/\",\"url\":\"https:\\\/\\\/drawings-online.com\\\/wp-content\\\/uploads\\\/2020\\\/12\\\/drawings-icone-transp-e1607442878135.png\",\"contentUrl\":\"https:\\\/\\\/drawings-online.com\\\/wp-content\\\/uploads\\\/2020\\\/12\\\/drawings-icone-transp-e1607442878135.png\",\"width\":150,\"height\":150,\"caption\":\"Drawings-online\"},\"image\":{\"@id\":\"https:\\\/\\\/drawings-online.com\\\/en\\\/#\\\/schema\\\/logo\\\/image\\\/\"},\"sameAs\":[\"https:\\\/\\\/www.facebook.com\\\/people\\\/Drawings-online\\\/100034942735866\\\/\",\"https:\\\/\\\/x.com\\\/OnlineDrawings\",\"https:\\\/\\\/www.instagram.com\\\/drawings_online_com\\\/\"]}]}<\/script>\n<!-- \/ Yoast SEO plugin. -->","yoast_head_json":{"title":"Suite of Four Studies of Military Costumes, French School from the late 18th century","description":"French School from the end of the 18th century Suite of Four Studies of Military Costumes Pen, ink and gouache. Each described with ink vertically on the left. 158 x 108 mm - 6 1\/4 x 4 1\/4 in. ; Inscribed : \"Gardiste du General Vaubois\" ; Condition report - Significant ink stain in the&hellip;","robots":{"index":"index","follow":"follow","max-snippet":"max-snippet:-1","max-image-preview":"max-image-preview:large","max-video-preview":"max-video-preview:-1"},"canonical":"French School from the end of the 18th century Suite of Four Studies of Military Costumes Pen, ink and gouache. Each described with ink vertically on the left. 158 x 108 mm - 6 1\/4 x 4 1\/4 in. ; Inscribed : \"Gardiste du General Vaubois\" ; Condition report - Significant ink stain in the&hellip;","og_locale":"en_US","og_type":"article","og_title":"Suite of Four Studies of Military Costumes, French School from the late 18th century","og_description":"French School from the end of the 18th century Suite of Four Studies of Military Costumes Pen, ink and gouache. Each described with ink vertically on the left. 158 x 108 mm - 6 1\/4 x 4 1\/4 in. ; Inscribed : \"Gardiste du General Vaubois\" ; Condition report - Significant ink stain in the&hellip;","og_url":"https:\/\/drawings-online.com\/en\/product\/suite-of-four-studies-of-military-costumes-french-school-from-the-late-18th-century\/","og_site_name":"Drawings-online","article_publisher":"https:\/\/www.facebook.com\/people\/Drawings-online\/100034942735866\/","article_modified_time":"2023-01-18T09:26:07+00:00","og_image":[{"width":1024,"height":1024,"url":"https:\/\/drawings-online.com\/wp-content\/uploads\/2021\/12\/IMGP6708b_1-1024x1024.png","type":"image\/png"}],"twitter_card":"summary_large_image","twitter_site":"@OnlineDrawings","twitter_misc":{"Est. reading time":"1 minute"},"schema":{"@context":"https:\/\/schema.org","@graph":[{"@type":"WebPage","@id":"https:\/\/drawings-online.com\/en\/product\/suite-of-four-studies-of-military-costumes-french-school-from-the-late-18th-century\/","url":"https:\/\/drawings-online.com\/en\/product\/suite-of-four-studies-of-military-costumes-french-school-from-the-late-18th-century\/","name":"Suite de Quatre \u00e9tudes de costumes militaires, \u00e9cole fran\u00e7aise fin XVIIIe si\u00e8cle - Drawings-online","isPartOf":{"@id":"https:\/\/drawings-online.com\/#website"},"primaryImageOfPage":{"@id":"https:\/\/drawings-online.com\/en\/product\/suite-of-four-studies-of-military-costumes-french-school-from-the-late-18th-century\/#primaryimage"},"image":{"@id":"https:\/\/drawings-online.com\/en\/product\/suite-of-four-studies-of-military-costumes-french-school-from-the-late-18th-century\/#primaryimage"},"thumbnailUrl":"https:\/\/drawings-online.com\/wp-content\/uploads\/2021\/12\/IMGP6708b_1.png","datePublished":"2021-12-10T15:20:37+00:00","dateModified":"2023-01-18T09:26:07+00:00","breadcrumb":{"@id":"https:\/\/drawings-online.com\/en\/product\/suite-of-four-studies-of-military-costumes-french-school-from-the-late-18th-century\/#breadcrumb"},"inLanguage":"en-US","potentialAction":[{"@type":"ReadAction","target":["https:\/\/drawings-online.com\/en\/product\/suite-of-four-studies-of-military-costumes-french-school-from-the-late-18th-century\/"]}]},{"@type":"ImageObject","inLanguage":"en-US","@id":"https:\/\/drawings-online.com\/en\/product\/suite-of-four-studies-of-military-costumes-french-school-from-the-late-18th-century\/#primaryimage","url":"https:\/\/drawings-online.com\/wp-content\/uploads\/2021\/12\/IMGP6708b_1.png","contentUrl":"https:\/\/drawings-online.com\/wp-content\/uploads\/2021\/12\/IMGP6708b_1.png","width":1800,"height":1800,"caption":"Suite de Quatre \u00e9tudes de costumes militaires, \u00e9cole fran\u00e7aise fin XVIIIe si\u00e8cle"},{"@type":"BreadcrumbList","@id":"https:\/\/drawings-online.com\/en\/product\/suite-of-four-studies-of-military-costumes-french-school-from-the-late-18th-century\/#breadcrumb","itemListElement":[{"@type":"ListItem","position":1,"name":"Works available","item":"https:\/\/drawings-online.com\/"},{"@type":"ListItem","position":2,"name":"Gallery","item":"https:\/\/drawings-online.com\/galerie\/"},{"@type":"ListItem","position":3,"name":"18e","item":"https:\/\/drawings-online.com\/product_tag\/18e\/"},{"@type":"ListItem","position":4,"name":"Suite of Four Studies of Military Costumes, French School from the late 18th century"}]},{"@type":"WebSite","@id":"https:\/\/drawings-online.com\/en\/#website","url":"https:\/\/drawings-online.com\/en\/","name":"Drawings-online","description":"Dessins en ligne","publisher":{"@id":"https:\/\/drawings-online.com\/en\/#organization"},"potentialAction":[{"@type":"SearchAction","target":{"@type":"EntryPoint","urlTemplate":"https:\/\/drawings-online.com\/en\/?s={search_term_string}"},"query-input":{"@type":"PropertyValueSpecification","valueRequired":true,"valueName":"search_term_string"}}],"inLanguage":"en-US"},{"@type":"Organization","@id":"https:\/\/drawings-online.com\/en\/#organization","name":"Drawings-online","url":"https:\/\/drawings-online.com\/en\/","logo":{"@type":"ImageObject","inLanguage":"en-US","@id":"https:\/\/drawings-online.com\/en\/#\/schema\/logo\/image\/","url":"https:\/\/drawings-online.com\/wp-content\/uploads\/2020\/12\/drawings-icone-transp-e1607442878135.png","contentUrl":"https:\/\/drawings-online.com\/wp-content\/uploads\/2020\/12\/drawings-icone-transp-e1607442878135.png","width":150,"height":150,"caption":"Drawings-online"},"image":{"@id":"https:\/\/drawings-online.com\/en\/#\/schema\/logo\/image\/"},"sameAs":["https:\/\/www.facebook.com\/people\/Drawings-online\/100034942735866\/","https:\/\/x.com\/OnlineDrawings","https:\/\/www.instagram.com\/drawings_online_com\/"]}]}},"jetpack_sharing_enabled":true,"_links":{"self":[{"href":"https:\/\/drawings-online.com\/en\/wp-json\/wp\/v2\/product\/4569","targetHints":{"allow":["GET"]}}],"collection":[{"href":"https:\/\/drawings-online.com\/en\/wp-json\/wp\/v2\/product"}],"about":[{"href":"https:\/\/drawings-online.com\/en\/wp-json\/wp\/v2\/types\/product"}],"wp:featuredmedia":[{"embeddable":true,"href":"https:\/\/drawings-online.com\/en\/wp-json\/wp\/v2\/media\/4582"}],"wp:attachment":[{"href":"https:\/\/drawings-online.com\/en\/wp-json\/wp\/v2\/media?parent=4569"}],"wp:term":[{"taxonomy":"product_brand","embeddable":true,"href":"https:\/\/drawings-online.com\/en\/wp-json\/wp\/v2\/product_brand?post=4569"},{"taxonomy":"product_cat","embeddable":true,"href":"https:\/\/drawings-online.com\/en\/wp-json\/wp\/v2\/product_cat?post=4569"},{"taxonomy":"product_tag","embeddable":true,"href":"https:\/\/drawings-online.com\/en\/wp-json\/wp\/v2\/product_tag?post=4569"}],"curies":[{"name":"wp","href":"https:\/\/api.w.org\/{rel}","templated":true}]}}