{"id":4550,"date":"2021-12-10T15:37:05","date_gmt":"2021-12-10T14:37:05","guid":{"rendered":"https:\/\/drawings-online.com\/product\/\/"},"modified":"2024-02-28T11:24:53","modified_gmt":"2024-02-28T10:24:53","slug":"paire-de-cavaliers-tirant-au-fusil-ecole-francaise-fin-xviiie-debut-xixe-siecle","status":"publish","type":"product","link":"https:\/\/drawings-online.com\/en\/product\/pair-of-cavaliers-firing-a-rifle-french-school-late-18th-early-19th-century\/","title":{"rendered":"Pair of Cavaliers firing a rifle, French school late 18th - early 19th century"},"content":{"rendered":"<p><strong>French school late 18th &#8211; early 19th century<\/strong><\/p>\n<p><em><strong>Pair of Cavaliers firing a rifle<\/strong><\/em><\/p>\n<p>Pen, Brown ink and grey wash.<\/p>\n<ol>\n<li>230 x 196 mm &#8211; 9 1\/16 x 7 11\/16 in.<\/li>\n<li>246 x 186 &#8211; 9 11\/16 x 7 5\/16 in.<\/li>\n<\/ol>\n<p>Condition report &#8211; good condition ; Some light stains.<\/p>\n","protected":false},"excerpt":{"rendered":"<p>French school late 18th &#8211; early 19th century Pair of Cavaliers firing a rifle Pen, Brown ink and grey wash. 230 x 196 mm &#8211; 9 1\/16 x 7 11\/16 in. 246 x 186 &#8211; 9 11\/16 x 7 5\/16 in. Condition report &#8211; good condition ; Some light stains.<\/p>\n","protected":false},"featured_media":4555,"template":"","meta":{"_themeisle_gutenberg_block_has_review":false},"product_brand":[],"product_cat":[78],"product_tag":[24,37,36,25,353,337,333],"class_list":{"0":"post-4550","1":"product","2":"type-product","3":"status-publish","4":"has-post-thumbnail","6":"product_cat-french-school","7":"product_tag-18th","8":"product_tag-19th","9":"product_tag-brown-ink","10":"product_tag-grey-ink","11":"product_tag-gallery","12":"product_tag-militaria","13":"product_tag-n10","15":"first","16":"instock","17":"taxable","18":"shipping-taxable","19":"purchasable","20":"product-type-simple"},"yoast_head":"<!-- This site is optimized with the Yoast SEO plugin v27.4 - https:\/\/yoast.com\/product\/yoast-seo-wordpress\/ -->\n<title>Pair of Cavaliers firing a rifle, French school late 18th - early 19th century<\/title>\n<meta name=\"description\" content=\"French school late 18th - early 19th century Pair of Cavaliers firing a rifle Pen, Brown ink and grey wash. 230 x 196 mm - 9 1\/16 x 7 11\/16 in. 246 x 186 - 9 11\/16 x 7 5\/16 in. Condition report - good condition ; Some light stains.\" \/>\n<meta name=\"robots\" content=\"index, follow, max-snippet:-1, max-image-preview:large, max-video-preview:-1\" \/>\n<link rel=\"canonical\" href=\"http:\/\/French%20school%20late%2018th%20-%20early%2019th%20century%20Pair%20of%20Cavaliers%20firing%20a%20rifle%20Pen,%20Brown%20ink%20and%20grey%20wash.%20230%20x%20196%20mm%20-%209%201\/16%20x%207%2011\/16%20in.%20246%20x%20186%20-%209%2011\/16%20x%207%205\/16%20in.%20Condition%20report%20-%20good%20condition%20;%20Some%20light%20stains.\" \/>\n<meta property=\"og:locale\" content=\"en_US\" \/>\n<meta property=\"og:type\" content=\"article\" \/>\n<meta property=\"og:title\" content=\"Pair of Cavaliers firing a rifle, French school late 18th - early 19th century\" \/>\n<meta property=\"og:description\" content=\"French school late 18th - early 19th century Pair of Cavaliers firing a rifle Pen, Brown ink and grey wash. 230 x 196 mm - 9 1\/16 x 7 11\/16 in. 246 x 186 - 9 11\/16 x 7 5\/16 in. Condition report - good condition ; Some light stains.\" \/>\n<meta property=\"og:url\" content=\"https:\/\/drawings-online.com\/en\/product\/pair-of-cavaliers-firing-a-rifle-french-school-late-18th-early-19th-century\/\" \/>\n<meta property=\"og:site_name\" content=\"Drawings-online\" \/>\n<meta property=\"article:publisher\" content=\"https:\/\/www.facebook.com\/people\/Drawings-online\/100034942735866\/\" \/>\n<meta property=\"article:modified_time\" content=\"2024-02-28T10:24:53+00:00\" \/>\n<meta property=\"og:image\" content=\"https:\/\/drawings-online.com\/wp-content\/uploads\/2021\/12\/IMGP6744_1-1024x1024.png\" \/>\n\t<meta property=\"og:image:width\" content=\"1024\" \/>\n\t<meta property=\"og:image:height\" content=\"1024\" \/>\n\t<meta property=\"og:image:type\" content=\"image\/png\" \/>\n<meta name=\"twitter:card\" content=\"summary_large_image\" \/>\n<meta name=\"twitter:site\" content=\"@OnlineDrawings\" \/>\n<meta name=\"twitter:label1\" content=\"Est. reading time\" \/>\n\t<meta name=\"twitter:data1\" content=\"1 minute\" \/>\n<script type=\"application\/ld+json\" class=\"yoast-schema-graph\">{\"@context\":\"https:\\\/\\\/schema.org\",\"@graph\":[{\"@type\":\"WebPage\",\"@id\":\"https:\\\/\\\/drawings-online.com\\\/en\\\/product\\\/pair-of-cavaliers-firing-a-rifle-french-school-late-18th-early-19th-century\\\/\",\"url\":\"https:\\\/\\\/drawings-online.com\\\/en\\\/product\\\/pair-of-cavaliers-firing-a-rifle-french-school-late-18th-early-19th-century\\\/\",\"name\":\"Paire de Cavaliers tirant au fusil, \u00e9cole fran\u00e7aise fin XVIIIe - d\u00e9but XIXe si\u00e8cle - Drawings-online\",\"isPartOf\":{\"@id\":\"https:\\\/\\\/drawings-online.com\\\/#website\"},\"primaryImageOfPage\":{\"@id\":\"https:\\\/\\\/drawings-online.com\\\/en\\\/product\\\/pair-of-cavaliers-firing-a-rifle-french-school-late-18th-early-19th-century\\\/#primaryimage\"},\"image\":{\"@id\":\"https:\\\/\\\/drawings-online.com\\\/en\\\/product\\\/pair-of-cavaliers-firing-a-rifle-french-school-late-18th-early-19th-century\\\/#primaryimage\"},\"thumbnailUrl\":\"https:\\\/\\\/drawings-online.com\\\/wp-content\\\/uploads\\\/2021\\\/12\\\/IMGP6744_1.png\",\"datePublished\":\"2021-12-10T14:37:05+00:00\",\"dateModified\":\"2024-02-28T10:24:53+00:00\",\"breadcrumb\":{\"@id\":\"https:\\\/\\\/drawings-online.com\\\/en\\\/product\\\/pair-of-cavaliers-firing-a-rifle-french-school-late-18th-early-19th-century\\\/#breadcrumb\"},\"inLanguage\":\"en-US\",\"potentialAction\":[{\"@type\":\"ReadAction\",\"target\":[\"https:\\\/\\\/drawings-online.com\\\/en\\\/product\\\/pair-of-cavaliers-firing-a-rifle-french-school-late-18th-early-19th-century\\\/\"]}]},{\"@type\":\"ImageObject\",\"inLanguage\":\"en-US\",\"@id\":\"https:\\\/\\\/drawings-online.com\\\/en\\\/product\\\/pair-of-cavaliers-firing-a-rifle-french-school-late-18th-early-19th-century\\\/#primaryimage\",\"url\":\"https:\\\/\\\/drawings-online.com\\\/wp-content\\\/uploads\\\/2021\\\/12\\\/IMGP6744_1.png\",\"contentUrl\":\"https:\\\/\\\/drawings-online.com\\\/wp-content\\\/uploads\\\/2021\\\/12\\\/IMGP6744_1.png\",\"width\":1800,\"height\":1800,\"caption\":\"Paire de Cavaliers tirant au fusil, \u00e9cole fran\u00e7aise fin XVIIIe \u2013 d\u00e9but XIXe si\u00e8cle\"},{\"@type\":\"BreadcrumbList\",\"@id\":\"https:\\\/\\\/drawings-online.com\\\/en\\\/product\\\/pair-of-cavaliers-firing-a-rifle-french-school-late-18th-early-19th-century\\\/#breadcrumb\",\"itemListElement\":[{\"@type\":\"ListItem\",\"position\":1,\"name\":\"Works available\",\"item\":\"https:\\\/\\\/drawings-online.com\\\/\"},{\"@type\":\"ListItem\",\"position\":2,\"name\":\"Gallery\",\"item\":\"https:\\\/\\\/drawings-online.com\\\/galerie\\\/\"},{\"@type\":\"ListItem\",\"position\":3,\"name\":\"18e\",\"item\":\"https:\\\/\\\/drawings-online.com\\\/product_tag\\\/18e\\\/\"},{\"@type\":\"ListItem\",\"position\":4,\"name\":\"Pair of Cavaliers firing a rifle, French school late 18th - early 19th century\"}]},{\"@type\":\"WebSite\",\"@id\":\"https:\\\/\\\/drawings-online.com\\\/en\\\/#website\",\"url\":\"https:\\\/\\\/drawings-online.com\\\/en\\\/\",\"name\":\"Drawings-online\",\"description\":\"Dessins en ligne\",\"publisher\":{\"@id\":\"https:\\\/\\\/drawings-online.com\\\/en\\\/#organization\"},\"potentialAction\":[{\"@type\":\"SearchAction\",\"target\":{\"@type\":\"EntryPoint\",\"urlTemplate\":\"https:\\\/\\\/drawings-online.com\\\/en\\\/?s={search_term_string}\"},\"query-input\":{\"@type\":\"PropertyValueSpecification\",\"valueRequired\":true,\"valueName\":\"search_term_string\"}}],\"inLanguage\":\"en-US\"},{\"@type\":\"Organization\",\"@id\":\"https:\\\/\\\/drawings-online.com\\\/en\\\/#organization\",\"name\":\"Drawings-online\",\"url\":\"https:\\\/\\\/drawings-online.com\\\/en\\\/\",\"logo\":{\"@type\":\"ImageObject\",\"inLanguage\":\"en-US\",\"@id\":\"https:\\\/\\\/drawings-online.com\\\/en\\\/#\\\/schema\\\/logo\\\/image\\\/\",\"url\":\"https:\\\/\\\/drawings-online.com\\\/wp-content\\\/uploads\\\/2020\\\/12\\\/drawings-icone-transp-e1607442878135.png\",\"contentUrl\":\"https:\\\/\\\/drawings-online.com\\\/wp-content\\\/uploads\\\/2020\\\/12\\\/drawings-icone-transp-e1607442878135.png\",\"width\":150,\"height\":150,\"caption\":\"Drawings-online\"},\"image\":{\"@id\":\"https:\\\/\\\/drawings-online.com\\\/en\\\/#\\\/schema\\\/logo\\\/image\\\/\"},\"sameAs\":[\"https:\\\/\\\/www.facebook.com\\\/people\\\/Drawings-online\\\/100034942735866\\\/\",\"https:\\\/\\\/x.com\\\/OnlineDrawings\",\"https:\\\/\\\/www.instagram.com\\\/drawings_online_com\\\/\"]}]}<\/script>\n<!-- \/ Yoast SEO plugin. -->","yoast_head_json":{"title":"Pair of Cavaliers firing a rifle, French school late 18th - early 19th century","description":"French school late 18th - early 19th century Pair of Cavaliers firing a rifle Pen, Brown ink and grey wash. 230 x 196 mm - 9 1\/16 x 7 11\/16 in. 246 x 186 - 9 11\/16 x 7 5\/16 in. Condition report - good condition ; Some light stains.","robots":{"index":"index","follow":"follow","max-snippet":"max-snippet:-1","max-image-preview":"max-image-preview:large","max-video-preview":"max-video-preview:-1"},"canonical":"French school late 18th - early 19th century Pair of Cavaliers firing a rifle Pen, Brown ink and grey wash. 230 x 196 mm - 9 1\/16 x 7 11\/16 in. 246 x 186 - 9 11\/16 x 7 5\/16 in. Condition report - good condition ; Some light stains.","og_locale":"en_US","og_type":"article","og_title":"Pair of Cavaliers firing a rifle, French school late 18th - early 19th century","og_description":"French school late 18th - early 19th century Pair of Cavaliers firing a rifle Pen, Brown ink and grey wash. 230 x 196 mm - 9 1\/16 x 7 11\/16 in. 246 x 186 - 9 11\/16 x 7 5\/16 in. Condition report - good condition ; Some light stains.","og_url":"https:\/\/drawings-online.com\/en\/product\/pair-of-cavaliers-firing-a-rifle-french-school-late-18th-early-19th-century\/","og_site_name":"Drawings-online","article_publisher":"https:\/\/www.facebook.com\/people\/Drawings-online\/100034942735866\/","article_modified_time":"2024-02-28T10:24:53+00:00","og_image":[{"width":1024,"height":1024,"url":"https:\/\/drawings-online.com\/wp-content\/uploads\/2021\/12\/IMGP6744_1-1024x1024.png","type":"image\/png"}],"twitter_card":"summary_large_image","twitter_site":"@OnlineDrawings","twitter_misc":{"Est. reading time":"1 minute"},"schema":{"@context":"https:\/\/schema.org","@graph":[{"@type":"WebPage","@id":"https:\/\/drawings-online.com\/en\/product\/pair-of-cavaliers-firing-a-rifle-french-school-late-18th-early-19th-century\/","url":"https:\/\/drawings-online.com\/en\/product\/pair-of-cavaliers-firing-a-rifle-french-school-late-18th-early-19th-century\/","name":"Paire de Cavaliers tirant au fusil, \u00e9cole fran\u00e7aise fin XVIIIe - d\u00e9but XIXe si\u00e8cle - Drawings-online","isPartOf":{"@id":"https:\/\/drawings-online.com\/#website"},"primaryImageOfPage":{"@id":"https:\/\/drawings-online.com\/en\/product\/pair-of-cavaliers-firing-a-rifle-french-school-late-18th-early-19th-century\/#primaryimage"},"image":{"@id":"https:\/\/drawings-online.com\/en\/product\/pair-of-cavaliers-firing-a-rifle-french-school-late-18th-early-19th-century\/#primaryimage"},"thumbnailUrl":"https:\/\/drawings-online.com\/wp-content\/uploads\/2021\/12\/IMGP6744_1.png","datePublished":"2021-12-10T14:37:05+00:00","dateModified":"2024-02-28T10:24:53+00:00","breadcrumb":{"@id":"https:\/\/drawings-online.com\/en\/product\/pair-of-cavaliers-firing-a-rifle-french-school-late-18th-early-19th-century\/#breadcrumb"},"inLanguage":"en-US","potentialAction":[{"@type":"ReadAction","target":["https:\/\/drawings-online.com\/en\/product\/pair-of-cavaliers-firing-a-rifle-french-school-late-18th-early-19th-century\/"]}]},{"@type":"ImageObject","inLanguage":"en-US","@id":"https:\/\/drawings-online.com\/en\/product\/pair-of-cavaliers-firing-a-rifle-french-school-late-18th-early-19th-century\/#primaryimage","url":"https:\/\/drawings-online.com\/wp-content\/uploads\/2021\/12\/IMGP6744_1.png","contentUrl":"https:\/\/drawings-online.com\/wp-content\/uploads\/2021\/12\/IMGP6744_1.png","width":1800,"height":1800,"caption":"Paire de Cavaliers tirant au fusil, \u00e9cole fran\u00e7aise fin XVIIIe \u2013 d\u00e9but XIXe si\u00e8cle"},{"@type":"BreadcrumbList","@id":"https:\/\/drawings-online.com\/en\/product\/pair-of-cavaliers-firing-a-rifle-french-school-late-18th-early-19th-century\/#breadcrumb","itemListElement":[{"@type":"ListItem","position":1,"name":"Works available","item":"https:\/\/drawings-online.com\/"},{"@type":"ListItem","position":2,"name":"Gallery","item":"https:\/\/drawings-online.com\/galerie\/"},{"@type":"ListItem","position":3,"name":"18e","item":"https:\/\/drawings-online.com\/product_tag\/18e\/"},{"@type":"ListItem","position":4,"name":"Pair of Cavaliers firing a rifle, French school late 18th - early 19th century"}]},{"@type":"WebSite","@id":"https:\/\/drawings-online.com\/en\/#website","url":"https:\/\/drawings-online.com\/en\/","name":"Drawings-online","description":"Dessins en ligne","publisher":{"@id":"https:\/\/drawings-online.com\/en\/#organization"},"potentialAction":[{"@type":"SearchAction","target":{"@type":"EntryPoint","urlTemplate":"https:\/\/drawings-online.com\/en\/?s={search_term_string}"},"query-input":{"@type":"PropertyValueSpecification","valueRequired":true,"valueName":"search_term_string"}}],"inLanguage":"en-US"},{"@type":"Organization","@id":"https:\/\/drawings-online.com\/en\/#organization","name":"Drawings-online","url":"https:\/\/drawings-online.com\/en\/","logo":{"@type":"ImageObject","inLanguage":"en-US","@id":"https:\/\/drawings-online.com\/en\/#\/schema\/logo\/image\/","url":"https:\/\/drawings-online.com\/wp-content\/uploads\/2020\/12\/drawings-icone-transp-e1607442878135.png","contentUrl":"https:\/\/drawings-online.com\/wp-content\/uploads\/2020\/12\/drawings-icone-transp-e1607442878135.png","width":150,"height":150,"caption":"Drawings-online"},"image":{"@id":"https:\/\/drawings-online.com\/en\/#\/schema\/logo\/image\/"},"sameAs":["https:\/\/www.facebook.com\/people\/Drawings-online\/100034942735866\/","https:\/\/x.com\/OnlineDrawings","https:\/\/www.instagram.com\/drawings_online_com\/"]}]}},"jetpack_sharing_enabled":true,"_links":{"self":[{"href":"https:\/\/drawings-online.com\/en\/wp-json\/wp\/v2\/product\/4550","targetHints":{"allow":["GET"]}}],"collection":[{"href":"https:\/\/drawings-online.com\/en\/wp-json\/wp\/v2\/product"}],"about":[{"href":"https:\/\/drawings-online.com\/en\/wp-json\/wp\/v2\/types\/product"}],"wp:featuredmedia":[{"embeddable":true,"href":"https:\/\/drawings-online.com\/en\/wp-json\/wp\/v2\/media\/4555"}],"wp:attachment":[{"href":"https:\/\/drawings-online.com\/en\/wp-json\/wp\/v2\/media?parent=4550"}],"wp:term":[{"taxonomy":"product_brand","embeddable":true,"href":"https:\/\/drawings-online.com\/en\/wp-json\/wp\/v2\/product_brand?post=4550"},{"taxonomy":"product_cat","embeddable":true,"href":"https:\/\/drawings-online.com\/en\/wp-json\/wp\/v2\/product_cat?post=4550"},{"taxonomy":"product_tag","embeddable":true,"href":"https:\/\/drawings-online.com\/en\/wp-json\/wp\/v2\/product_tag?post=4550"}],"curies":[{"name":"wp","href":"https:\/\/api.w.org\/{rel}","templated":true}]}}