{"id":4469,"date":"2021-12-10T14:50:57","date_gmt":"2021-12-10T13:50:57","guid":{"rendered":"https:\/\/drawings-online.com\/product\/\/"},"modified":"2022-02-10T09:33:25","modified_gmt":"2022-02-10T08:33:25","slug":"la-sainte-trinite-avec-saint-philippe-neri-en-gloire-ecole-italienne-du-xviiie-siecle","status":"publish","type":"product","link":"https:\/\/drawings-online.com\/en\/product\/the-holy-trinity-with-saint-philip-neri-in-glory-italian-school-of-the-18th-century\/","title":{"rendered":"The Holy Trinity with Saint Philip Neri in Glory, Italian School of the 18th century"},"content":{"rendered":"<p><strong>Italian School from the 18th century<\/strong><\/p>\n<p>(Nocera de Pagani, 1657-Naples, 1747)<\/p>\n<p><em><strong>The Holy Trinity with Saint Philip Neri in Glory<\/strong><\/em><\/p>\n<p>Black chalk, pen, black ink and brown wash.<\/p>\n<p>272 x 412 mm &#8211; 10 11\/16 x 16 1\/4 in.<\/p>\n<p>Numbered : <em>129 <\/em>en haut \u00e0 gauche.<\/p>\n<p>This drawing was made by an Italian artist of the 18th century, after the fresco in the dome of the Chapel of San Filippo Neri in the Church of the Oratorians (Chiesa dei Girolamini) in Naples, which was painted by Francesco Solimena between 1727 and 1730. Saint Philippe Neri (1515-1595), the founder of the Oratorian order, receives a crown or aureole from an angel, under the gaze of a female religious figure, probably Saint Francesca Romana (1384- 1440). <a href=\"https:\/\/collections.ashmolean.org\/collection\/search\/per_page\/25\/offset\/0\/sort_by\/relevance\/object\/47142\" target=\"_blank\" rel=\"noopener\">A painting of this composition<\/a> by the artist is kept at the Asmolean Museum in Oxford <a href=\"#_ftn1\" name=\"_ftnref1\">[1]<\/a> (fig. 1).<\/p>\n<p>Francesco Solimena is one of the main Neapolitan artists of the end of the Baroque period.<\/p>\n<figure id=\"attachment_4653\" aria-describedby=\"caption-attachment-4653\" style=\"width: 300px\" class=\"wp-caption alignnone\"><a href=\"https:\/\/drawings-online.com\/wp-content\/uploads\/2021\/12\/ASH_ASHM_WA1937_124-001.jpg\"><img loading=\"lazy\" decoding=\"async\" class=\"wp-image-4653 size-medium\" src=\"https:\/\/drawings-online.com\/wp-content\/uploads\/2021\/12\/ASH_ASHM_WA1937_124-001-300x219.jpg\" alt=\"\" width=\"300\" height=\"219\" srcset=\"https:\/\/drawings-online.com\/wp-content\/uploads\/2021\/12\/ASH_ASHM_WA1937_124-001-300x219.jpg 300w, https:\/\/drawings-online.com\/wp-content\/uploads\/2021\/12\/ASH_ASHM_WA1937_124-001-768x562.jpg 768w, https:\/\/drawings-online.com\/wp-content\/uploads\/2021\/12\/ASH_ASHM_WA1937_124-001-600x439.jpg 600w, https:\/\/drawings-online.com\/wp-content\/uploads\/2021\/12\/ASH_ASHM_WA1937_124-001.jpg 800w\" sizes=\"auto, (max-width: 300px) 100vw, 300px\" \/><\/a><figcaption id=\"caption-attachment-4653\" class=\"wp-caption-text\">fig.1<\/figcaption><\/figure>\n<p><a href=\"#_ftnref1\" name=\"_ftn1\">[1]<\/a> Oil on canvas ; 75, 5 x 102, 5 cm ; Circa 1727-1730 ; inv. WA1937.124.<\/p>\n","protected":false},"excerpt":{"rendered":"<p>Italian School from the 18th century (Nocera de Pagani, 1657-Naples, 1747) The Holy Trinity with Saint Philip Neri in Glory Black chalk, pen, black ink and brown wash. 272 x 412 mm &#8211; 10 11\/16 x 16 1\/4 in. Numbered : 129 en haut \u00e0 gauche. This drawing was made by an Italian artist of [&hellip;]<\/p>\n","protected":false},"featured_media":4470,"template":"","meta":{"_themeisle_gutenberg_block_has_review":false},"product_brand":[],"product_cat":[79,82],"product_tag":[24,229,345,36,336,353,333,96],"class_list":{"0":"post-4469","1":"product","2":"type-product","3":"status-publish","4":"has-post-thumbnail","6":"product_cat-italian-school","7":"product_cat-napolitan-school","8":"product_tag-18th","9":"product_tag-drawing-after","10":"product_tag-old-master-drawings","11":"product_tag-brown-ink","12":"product_tag-fresco-study","13":"product_tag-gallery","14":"product_tag-n10","15":"product_tag-religious-subject","17":"first","18":"instock","19":"taxable","20":"shipping-taxable","21":"purchasable","22":"product-type-simple"},"yoast_head":"<!-- This site is optimized with the Yoast SEO plugin v27.4 - https:\/\/yoast.com\/product\/yoast-seo-wordpress\/ -->\n<title>The Holy Trinity with Saint Philip Neri in Glory, Italian School of the 18th century<\/title>\n<meta name=\"description\" content=\"Italian School from the 18th century (Nocera de Pagani, 1657-Naples, 1747) The Holy Trinity with Saint Philip Neri in Glory Black chalk, pen, black ink and brown wash. 272 x 412 mm - 10 11\/16 x 16 1\/4 in. Numbered : 129 en haut \u00e0 gauche. This drawing was made by an Italian artist of&hellip;\" \/>\n<meta name=\"robots\" content=\"index, follow, max-snippet:-1, max-image-preview:large, max-video-preview:-1\" \/>\n<link rel=\"canonical\" href=\"\" \/>\n<meta property=\"og:locale\" content=\"en_US\" \/>\n<meta property=\"og:type\" content=\"article\" \/>\n<meta property=\"og:title\" content=\"The Holy Trinity with Saint Philip Neri in Glory, Italian School of the 18th century\" \/>\n<meta property=\"og:description\" content=\"Italian School from the 18th century (Nocera de Pagani, 1657-Naples, 1747) The Holy Trinity with Saint Philip Neri in Glory Black chalk, pen, black ink and brown wash. 272 x 412 mm - 10 11\/16 x 16 1\/4 in. Numbered : 129 en haut \u00e0 gauche. This drawing was made by an Italian artist of&hellip;\" \/>\n<meta property=\"og:url\" content=\"https:\/\/drawings-online.com\/en\/product\/the-holy-trinity-with-saint-philip-neri-in-glory-italian-school-of-the-18th-century\/\" \/>\n<meta property=\"og:site_name\" content=\"Drawings-online\" \/>\n<meta property=\"article:publisher\" content=\"https:\/\/www.facebook.com\/people\/Drawings-online\/100034942735866\/\" \/>\n<meta property=\"article:modified_time\" content=\"2022-02-10T08:33:25+00:00\" \/>\n<meta property=\"og:image\" content=\"https:\/\/drawings-online.com\/wp-content\/uploads\/2021\/12\/DSC_4631_1-1024x1024.png\" \/>\n\t<meta property=\"og:image:width\" content=\"1024\" \/>\n\t<meta property=\"og:image:height\" content=\"1024\" \/>\n\t<meta property=\"og:image:type\" content=\"image\/png\" \/>\n<meta name=\"twitter:card\" content=\"summary_large_image\" \/>\n<meta name=\"twitter:site\" content=\"@OnlineDrawings\" \/>\n<meta name=\"twitter:label1\" content=\"Est. reading time\" \/>\n\t<meta name=\"twitter:data1\" content=\"1 minute\" \/>\n<script type=\"application\/ld+json\" class=\"yoast-schema-graph\">{\"@context\":\"https:\\\/\\\/schema.org\",\"@graph\":[{\"@type\":\"WebPage\",\"@id\":\"https:\\\/\\\/drawings-online.com\\\/en\\\/product\\\/the-holy-trinity-with-saint-philip-neri-in-glory-italian-school-of-the-18th-century\\\/\",\"url\":\"https:\\\/\\\/drawings-online.com\\\/en\\\/product\\\/the-holy-trinity-with-saint-philip-neri-in-glory-italian-school-of-the-18th-century\\\/\",\"name\":\"La sainte Trinit\u00e9 avec saint Philippe N\u00e9ri en gloire, Ecole italienne du XVIIIe si\u00e8cle - Drawings-online\",\"isPartOf\":{\"@id\":\"https:\\\/\\\/drawings-online.com\\\/#website\"},\"primaryImageOfPage\":{\"@id\":\"https:\\\/\\\/drawings-online.com\\\/en\\\/product\\\/the-holy-trinity-with-saint-philip-neri-in-glory-italian-school-of-the-18th-century\\\/#primaryimage\"},\"image\":{\"@id\":\"https:\\\/\\\/drawings-online.com\\\/en\\\/product\\\/the-holy-trinity-with-saint-philip-neri-in-glory-italian-school-of-the-18th-century\\\/#primaryimage\"},\"thumbnailUrl\":\"https:\\\/\\\/drawings-online.com\\\/wp-content\\\/uploads\\\/2021\\\/12\\\/DSC_4631_1.png\",\"datePublished\":\"2021-12-10T13:50:57+00:00\",\"dateModified\":\"2022-02-10T08:33:25+00:00\",\"breadcrumb\":{\"@id\":\"https:\\\/\\\/drawings-online.com\\\/en\\\/product\\\/the-holy-trinity-with-saint-philip-neri-in-glory-italian-school-of-the-18th-century\\\/#breadcrumb\"},\"inLanguage\":\"en-US\",\"potentialAction\":[{\"@type\":\"ReadAction\",\"target\":[\"https:\\\/\\\/drawings-online.com\\\/en\\\/product\\\/the-holy-trinity-with-saint-philip-neri-in-glory-italian-school-of-the-18th-century\\\/\"]}]},{\"@type\":\"ImageObject\",\"inLanguage\":\"en-US\",\"@id\":\"https:\\\/\\\/drawings-online.com\\\/en\\\/product\\\/the-holy-trinity-with-saint-philip-neri-in-glory-italian-school-of-the-18th-century\\\/#primaryimage\",\"url\":\"https:\\\/\\\/drawings-online.com\\\/wp-content\\\/uploads\\\/2021\\\/12\\\/DSC_4631_1.png\",\"contentUrl\":\"https:\\\/\\\/drawings-online.com\\\/wp-content\\\/uploads\\\/2021\\\/12\\\/DSC_4631_1.png\",\"width\":1800,\"height\":1800,\"caption\":\"La sainte Trinit\u00e9 avec saint Philippe N\u00e9ri en gloire, Ecole italienne du XVIIIe si\u00e8cle\"},{\"@type\":\"BreadcrumbList\",\"@id\":\"https:\\\/\\\/drawings-online.com\\\/en\\\/product\\\/the-holy-trinity-with-saint-philip-neri-in-glory-italian-school-of-the-18th-century\\\/#breadcrumb\",\"itemListElement\":[{\"@type\":\"ListItem\",\"position\":1,\"name\":\"Works available\",\"item\":\"https:\\\/\\\/drawings-online.com\\\/\"},{\"@type\":\"ListItem\",\"position\":2,\"name\":\"Gallery\",\"item\":\"https:\\\/\\\/drawings-online.com\\\/galerie\\\/\"},{\"@type\":\"ListItem\",\"position\":3,\"name\":\"18e\",\"item\":\"https:\\\/\\\/drawings-online.com\\\/product_tag\\\/18e\\\/\"},{\"@type\":\"ListItem\",\"position\":4,\"name\":\"The Holy Trinity with Saint Philip Neri in Glory, Italian School of the 18th century\"}]},{\"@type\":\"WebSite\",\"@id\":\"https:\\\/\\\/drawings-online.com\\\/en\\\/#website\",\"url\":\"https:\\\/\\\/drawings-online.com\\\/en\\\/\",\"name\":\"Drawings-online\",\"description\":\"Dessins en ligne\",\"publisher\":{\"@id\":\"https:\\\/\\\/drawings-online.com\\\/en\\\/#organization\"},\"potentialAction\":[{\"@type\":\"SearchAction\",\"target\":{\"@type\":\"EntryPoint\",\"urlTemplate\":\"https:\\\/\\\/drawings-online.com\\\/en\\\/?s={search_term_string}\"},\"query-input\":{\"@type\":\"PropertyValueSpecification\",\"valueRequired\":true,\"valueName\":\"search_term_string\"}}],\"inLanguage\":\"en-US\"},{\"@type\":\"Organization\",\"@id\":\"https:\\\/\\\/drawings-online.com\\\/en\\\/#organization\",\"name\":\"Drawings-online\",\"url\":\"https:\\\/\\\/drawings-online.com\\\/en\\\/\",\"logo\":{\"@type\":\"ImageObject\",\"inLanguage\":\"en-US\",\"@id\":\"https:\\\/\\\/drawings-online.com\\\/en\\\/#\\\/schema\\\/logo\\\/image\\\/\",\"url\":\"https:\\\/\\\/drawings-online.com\\\/wp-content\\\/uploads\\\/2020\\\/12\\\/drawings-icone-transp-e1607442878135.png\",\"contentUrl\":\"https:\\\/\\\/drawings-online.com\\\/wp-content\\\/uploads\\\/2020\\\/12\\\/drawings-icone-transp-e1607442878135.png\",\"width\":150,\"height\":150,\"caption\":\"Drawings-online\"},\"image\":{\"@id\":\"https:\\\/\\\/drawings-online.com\\\/en\\\/#\\\/schema\\\/logo\\\/image\\\/\"},\"sameAs\":[\"https:\\\/\\\/www.facebook.com\\\/people\\\/Drawings-online\\\/100034942735866\\\/\",\"https:\\\/\\\/x.com\\\/OnlineDrawings\",\"https:\\\/\\\/www.instagram.com\\\/drawings_online_com\\\/\"]}]}<\/script>\n<!-- \/ Yoast SEO plugin. -->","yoast_head_json":{"title":"The Holy Trinity with Saint Philip Neri in Glory, Italian School of the 18th century","description":"Italian School from the 18th century (Nocera de Pagani, 1657-Naples, 1747) The Holy Trinity with Saint Philip Neri in Glory Black chalk, pen, black ink and brown wash. 272 x 412 mm - 10 11\/16 x 16 1\/4 in. Numbered : 129 en haut \u00e0 gauche. This drawing was made by an Italian artist of&hellip;","robots":{"index":"index","follow":"follow","max-snippet":"max-snippet:-1","max-image-preview":"max-image-preview:large","max-video-preview":"max-video-preview:-1"},"canonical":"Italian School from the 18th century (Nocera de Pagani, 1657-Naples, 1747) The Holy Trinity with Saint Philip Neri in Glory Black chalk, pen, black ink and brown wash. 272 x 412 mm - 10 11\/16 x 16 1\/4 in. Numbered : 129 en haut \u00e0 gauche. This drawing was made by an Italian artist of&hellip;","og_locale":"en_US","og_type":"article","og_title":"The Holy Trinity with Saint Philip Neri in Glory, Italian School of the 18th century","og_description":"Italian School from the 18th century (Nocera de Pagani, 1657-Naples, 1747) The Holy Trinity with Saint Philip Neri in Glory Black chalk, pen, black ink and brown wash. 272 x 412 mm - 10 11\/16 x 16 1\/4 in. Numbered : 129 en haut \u00e0 gauche. This drawing was made by an Italian artist of&hellip;","og_url":"https:\/\/drawings-online.com\/en\/product\/the-holy-trinity-with-saint-philip-neri-in-glory-italian-school-of-the-18th-century\/","og_site_name":"Drawings-online","article_publisher":"https:\/\/www.facebook.com\/people\/Drawings-online\/100034942735866\/","article_modified_time":"2022-02-10T08:33:25+00:00","og_image":[{"width":1024,"height":1024,"url":"https:\/\/drawings-online.com\/wp-content\/uploads\/2021\/12\/DSC_4631_1-1024x1024.png","type":"image\/png"}],"twitter_card":"summary_large_image","twitter_site":"@OnlineDrawings","twitter_misc":{"Est. reading time":"1 minute"},"schema":{"@context":"https:\/\/schema.org","@graph":[{"@type":"WebPage","@id":"https:\/\/drawings-online.com\/en\/product\/the-holy-trinity-with-saint-philip-neri-in-glory-italian-school-of-the-18th-century\/","url":"https:\/\/drawings-online.com\/en\/product\/the-holy-trinity-with-saint-philip-neri-in-glory-italian-school-of-the-18th-century\/","name":"La sainte Trinit\u00e9 avec saint Philippe N\u00e9ri en gloire, Ecole italienne du XVIIIe si\u00e8cle - Drawings-online","isPartOf":{"@id":"https:\/\/drawings-online.com\/#website"},"primaryImageOfPage":{"@id":"https:\/\/drawings-online.com\/en\/product\/the-holy-trinity-with-saint-philip-neri-in-glory-italian-school-of-the-18th-century\/#primaryimage"},"image":{"@id":"https:\/\/drawings-online.com\/en\/product\/the-holy-trinity-with-saint-philip-neri-in-glory-italian-school-of-the-18th-century\/#primaryimage"},"thumbnailUrl":"https:\/\/drawings-online.com\/wp-content\/uploads\/2021\/12\/DSC_4631_1.png","datePublished":"2021-12-10T13:50:57+00:00","dateModified":"2022-02-10T08:33:25+00:00","breadcrumb":{"@id":"https:\/\/drawings-online.com\/en\/product\/the-holy-trinity-with-saint-philip-neri-in-glory-italian-school-of-the-18th-century\/#breadcrumb"},"inLanguage":"en-US","potentialAction":[{"@type":"ReadAction","target":["https:\/\/drawings-online.com\/en\/product\/the-holy-trinity-with-saint-philip-neri-in-glory-italian-school-of-the-18th-century\/"]}]},{"@type":"ImageObject","inLanguage":"en-US","@id":"https:\/\/drawings-online.com\/en\/product\/the-holy-trinity-with-saint-philip-neri-in-glory-italian-school-of-the-18th-century\/#primaryimage","url":"https:\/\/drawings-online.com\/wp-content\/uploads\/2021\/12\/DSC_4631_1.png","contentUrl":"https:\/\/drawings-online.com\/wp-content\/uploads\/2021\/12\/DSC_4631_1.png","width":1800,"height":1800,"caption":"La sainte Trinit\u00e9 avec saint Philippe N\u00e9ri en gloire, Ecole italienne du XVIIIe si\u00e8cle"},{"@type":"BreadcrumbList","@id":"https:\/\/drawings-online.com\/en\/product\/the-holy-trinity-with-saint-philip-neri-in-glory-italian-school-of-the-18th-century\/#breadcrumb","itemListElement":[{"@type":"ListItem","position":1,"name":"Works available","item":"https:\/\/drawings-online.com\/"},{"@type":"ListItem","position":2,"name":"Gallery","item":"https:\/\/drawings-online.com\/galerie\/"},{"@type":"ListItem","position":3,"name":"18e","item":"https:\/\/drawings-online.com\/product_tag\/18e\/"},{"@type":"ListItem","position":4,"name":"The Holy Trinity with Saint Philip Neri in Glory, Italian School of the 18th century"}]},{"@type":"WebSite","@id":"https:\/\/drawings-online.com\/en\/#website","url":"https:\/\/drawings-online.com\/en\/","name":"Drawings-online","description":"Dessins en ligne","publisher":{"@id":"https:\/\/drawings-online.com\/en\/#organization"},"potentialAction":[{"@type":"SearchAction","target":{"@type":"EntryPoint","urlTemplate":"https:\/\/drawings-online.com\/en\/?s={search_term_string}"},"query-input":{"@type":"PropertyValueSpecification","valueRequired":true,"valueName":"search_term_string"}}],"inLanguage":"en-US"},{"@type":"Organization","@id":"https:\/\/drawings-online.com\/en\/#organization","name":"Drawings-online","url":"https:\/\/drawings-online.com\/en\/","logo":{"@type":"ImageObject","inLanguage":"en-US","@id":"https:\/\/drawings-online.com\/en\/#\/schema\/logo\/image\/","url":"https:\/\/drawings-online.com\/wp-content\/uploads\/2020\/12\/drawings-icone-transp-e1607442878135.png","contentUrl":"https:\/\/drawings-online.com\/wp-content\/uploads\/2020\/12\/drawings-icone-transp-e1607442878135.png","width":150,"height":150,"caption":"Drawings-online"},"image":{"@id":"https:\/\/drawings-online.com\/en\/#\/schema\/logo\/image\/"},"sameAs":["https:\/\/www.facebook.com\/people\/Drawings-online\/100034942735866\/","https:\/\/x.com\/OnlineDrawings","https:\/\/www.instagram.com\/drawings_online_com\/"]}]}},"jetpack_sharing_enabled":true,"_links":{"self":[{"href":"https:\/\/drawings-online.com\/en\/wp-json\/wp\/v2\/product\/4469","targetHints":{"allow":["GET"]}}],"collection":[{"href":"https:\/\/drawings-online.com\/en\/wp-json\/wp\/v2\/product"}],"about":[{"href":"https:\/\/drawings-online.com\/en\/wp-json\/wp\/v2\/types\/product"}],"wp:featuredmedia":[{"embeddable":true,"href":"https:\/\/drawings-online.com\/en\/wp-json\/wp\/v2\/media\/4470"}],"wp:attachment":[{"href":"https:\/\/drawings-online.com\/en\/wp-json\/wp\/v2\/media?parent=4469"}],"wp:term":[{"taxonomy":"product_brand","embeddable":true,"href":"https:\/\/drawings-online.com\/en\/wp-json\/wp\/v2\/product_brand?post=4469"},{"taxonomy":"product_cat","embeddable":true,"href":"https:\/\/drawings-online.com\/en\/wp-json\/wp\/v2\/product_cat?post=4469"},{"taxonomy":"product_tag","embeddable":true,"href":"https:\/\/drawings-online.com\/en\/wp-json\/wp\/v2\/product_tag?post=4469"}],"curies":[{"name":"wp","href":"https:\/\/api.w.org\/{rel}","templated":true}]}}