{"id":4423,"date":"2021-12-10T13:30:30","date_gmt":"2021-12-10T12:30:30","guid":{"rendered":"https:\/\/drawings-online.com\/product\/\/"},"modified":"2023-03-18T13:48:24","modified_gmt":"2023-03-18T12:48:24","slug":"bosquet-darbres-par-jean-achille-benouville","status":"publish","type":"product","link":"https:\/\/drawings-online.com\/en\/product\/grove-of-trees-by-jean-achille-benouville\/","title":{"rendered":"Grove of trees by Jean Achille B\u00e9nouville"},"content":{"rendered":"<p><strong>Jean Achille B\u00e9nouville<\/strong><\/p>\n<p>Paris 1815 &#8211; 1891<\/p>\n<p><em><strong>Grove of trees<\/strong><\/em><\/p>\n<p>Charcoal heightened with white chalk on grey paper.<\/p>\n<p>319 x 409 mm &#8211; 12 9\/16 x 16 1\/8 in.<\/p>\n<p>Provenance: Studio stamps Lugt&nbsp;<a href=\"http:\/\/www.marquesdecollections.fr\/detail.cfm\/marque\/5623\/total\/1\" target=\"_blank\" rel=\"noopener\">228 B<\/a>&nbsp;on the recto, lower left, and Lugt&nbsp;<a href=\"http:\/\/www.marquesdecollections.fr\/detail.cfm\/marque\/5622\/total\/1\" target=\"_blank\" rel=\"noopener\">228a<\/a> (numbered 132), on the verso; probably in the studio sale, Paris, 16 Januray 1901 (expert G. Petit).<\/p>\n<p>Jean Achille B\u00e9nouville was trained in Paris first under L\u00e9on Cogniet and then \u00c9douard Picot, and traveled to Italy on several occasions even before winning the Rome Prize. In 1843-1844 he met Corot in Rome and worked with him. In 1845, while his brother L\u00e9on won the first prize for history painting, his Ulysses and Nausicaa&nbsp;earned him the Grand prize for historical landscape. He left for the regulation four years of study in Rome, where he remained in reality for 25 years. He continued, all the same, to send works frequently to the Salon and to visit France. Only in 1871 did he definitely return to Paris, three years before the first Impressionist exhibition.&nbsp;<\/p>\n<p>B\u00e9nouville\u2019s extended stay in the Eternal City had kept him apart from the innovations in landscape painting, especially the Realism of Courbet and the Barbizon School. He continued to promote a classical tradition enriched with different influences assimilated in Rome, which has led to Marie-Madeleine Aubrun writing that \u201cif there is one artist who illustrates, undeniably and in a seductive manner, the continuity of classical landscape until the stampede of the Impressionists, it is the independent painter Jean- Achille B\u00e9nouville\u201d (Marie-Madeleine Aubrun,&nbsp;Achille B\u00e9nouville&nbsp;1815-1891, 1986, p. 46).<\/p>\n<p>B\u00e9nouville executed numerous studies of trees on this typical grey paper, striking by their simplicity and modernity. He shows trees as individual subjects, worthy of interest beyond their vocation to be inserted in a painted historical landscape. His placing this tree on the right side of the sheet and leaving a large part of the bare paper on the left side, as well as the intelligent repartition of light contrasts in the branches, reveal the artist\u2019s perception of the tree as an independent and meaningful per se graphic pattern. These characteristics can also be found in a drawing at the Petit Palais.<\/p>\n<p>Condition report &#8211; Good condition. folds in the upper left corner and small lack in the lower left corner.<\/p>\n","protected":false},"excerpt":{"rendered":"<p>Jean Achille B\u00e9nouville Paris 1815 &#8211; 1891 Grove of trees Charcoal heightened with white chalk on grey paper. 319 x 409 mm &#8211; 12 9\/16 x 16 1\/8 in. Provenance: Studio stamps Lugt&nbsp;228 B&nbsp;on the recto, lower left, and Lugt&nbsp;228a (numbered 132), on the verso; probably in the studio sale, Paris, 16 Januray 1901 (expert [&hellip;]<\/p>\n","protected":false},"featured_media":4425,"template":"","meta":{"_themeisle_gutenberg_block_has_review":false},"product_brand":[],"product_cat":[78],"product_tag":[37,195,346,353,333,120],"class_list":{"0":"post-4423","1":"product","2":"type-product","3":"status-publish","4":"has-post-thumbnail","6":"product_cat-french-school","7":"product_tag-19th","8":"product_tag-tree","9":"product_tag-19th-century-drawings","10":"product_tag-gallery","11":"product_tag-n10","12":"product_tag-landscape","14":"first","15":"instock","16":"taxable","17":"shipping-taxable","18":"purchasable","19":"product-type-simple"},"yoast_head":"<!-- This site is optimized with the Yoast SEO plugin v27.5 - https:\/\/yoast.com\/product\/yoast-seo-wordpress\/ -->\n<title>Grove of trees by Jean Achille B\u00e9nouville<\/title>\n<meta name=\"description\" content=\"Jean Achille B\u00e9nouville Paris 1815 - 1891 Grove of trees Charcoal heightened with white chalk on grey paper. 319 x 409 mm - 12 9\/16 x 16 1\/8 in. Provenance: Studio stamps Lugt&nbsp;228 B&nbsp;on the recto, lower left, and Lugt&nbsp;228a (numbered 132), on the verso; probably in the studio sale, Paris, 16 Januray 1901 (expert&hellip;\" \/>\n<meta name=\"robots\" content=\"index, follow, max-snippet:-1, max-image-preview:large, max-video-preview:-1\" \/>\n<link rel=\"canonical\" href=\"\" \/>\n<meta property=\"og:locale\" content=\"en_US\" \/>\n<meta property=\"og:type\" content=\"article\" \/>\n<meta property=\"og:title\" content=\"Grove of trees by Jean Achille B\u00e9nouville\" \/>\n<meta property=\"og:description\" content=\"Jean Achille B\u00e9nouville Paris 1815 - 1891 Grove of trees Charcoal heightened with white chalk on grey paper. 319 x 409 mm - 12 9\/16 x 16 1\/8 in. Provenance: Studio stamps Lugt&nbsp;228 B&nbsp;on the recto, lower left, and Lugt&nbsp;228a (numbered 132), on the verso; probably in the studio sale, Paris, 16 Januray 1901 (expert&hellip;\" \/>\n<meta property=\"og:url\" content=\"https:\/\/drawings-online.com\/en\/product\/grove-of-trees-by-jean-achille-benouville\/\" \/>\n<meta property=\"og:site_name\" content=\"Drawings-online\" \/>\n<meta property=\"article:publisher\" content=\"https:\/\/www.facebook.com\/people\/Drawings-online\/100034942735866\/\" \/>\n<meta property=\"article:modified_time\" content=\"2023-03-18T12:48:24+00:00\" \/>\n<meta property=\"og:image\" content=\"https:\/\/drawings-online.com\/wp-content\/uploads\/2021\/12\/DSC_1680_1-1024x1024.png\" \/>\n\t<meta property=\"og:image:width\" content=\"1024\" \/>\n\t<meta property=\"og:image:height\" content=\"1024\" \/>\n\t<meta property=\"og:image:type\" content=\"image\/png\" \/>\n<meta name=\"twitter:card\" content=\"summary_large_image\" \/>\n<meta name=\"twitter:site\" content=\"@OnlineDrawings\" \/>\n<meta name=\"twitter:label1\" content=\"Est. reading time\" \/>\n\t<meta name=\"twitter:data1\" content=\"2 minutes\" \/>\n<script type=\"application\/ld+json\" class=\"yoast-schema-graph\">{\"@context\":\"https:\\\/\\\/schema.org\",\"@graph\":[{\"@type\":\"WebPage\",\"@id\":\"https:\\\/\\\/drawings-online.com\\\/en\\\/product\\\/grove-of-trees-by-jean-achille-benouville\\\/\",\"url\":\"https:\\\/\\\/drawings-online.com\\\/en\\\/product\\\/grove-of-trees-by-jean-achille-benouville\\\/\",\"name\":\"Bosquet d\u2019arbres par Jean Achille Benouville - Drawings-online\",\"isPartOf\":{\"@id\":\"https:\\\/\\\/drawings-online.com\\\/#website\"},\"primaryImageOfPage\":{\"@id\":\"https:\\\/\\\/drawings-online.com\\\/en\\\/product\\\/grove-of-trees-by-jean-achille-benouville\\\/#primaryimage\"},\"image\":{\"@id\":\"https:\\\/\\\/drawings-online.com\\\/en\\\/product\\\/grove-of-trees-by-jean-achille-benouville\\\/#primaryimage\"},\"thumbnailUrl\":\"https:\\\/\\\/drawings-online.com\\\/wp-content\\\/uploads\\\/2021\\\/12\\\/DSC_1680_1.png\",\"datePublished\":\"2021-12-10T12:30:30+00:00\",\"dateModified\":\"2023-03-18T12:48:24+00:00\",\"breadcrumb\":{\"@id\":\"https:\\\/\\\/drawings-online.com\\\/en\\\/product\\\/grove-of-trees-by-jean-achille-benouville\\\/#breadcrumb\"},\"inLanguage\":\"en-US\",\"potentialAction\":[{\"@type\":\"ReadAction\",\"target\":[\"https:\\\/\\\/drawings-online.com\\\/en\\\/product\\\/grove-of-trees-by-jean-achille-benouville\\\/\"]}]},{\"@type\":\"ImageObject\",\"inLanguage\":\"en-US\",\"@id\":\"https:\\\/\\\/drawings-online.com\\\/en\\\/product\\\/grove-of-trees-by-jean-achille-benouville\\\/#primaryimage\",\"url\":\"https:\\\/\\\/drawings-online.com\\\/wp-content\\\/uploads\\\/2021\\\/12\\\/DSC_1680_1.png\",\"contentUrl\":\"https:\\\/\\\/drawings-online.com\\\/wp-content\\\/uploads\\\/2021\\\/12\\\/DSC_1680_1.png\",\"width\":1800,\"height\":1800,\"caption\":\"Bosquet d\u2019arbres par Jean Achille B\u00e9nouville\"},{\"@type\":\"BreadcrumbList\",\"@id\":\"https:\\\/\\\/drawings-online.com\\\/en\\\/product\\\/grove-of-trees-by-jean-achille-benouville\\\/#breadcrumb\",\"itemListElement\":[{\"@type\":\"ListItem\",\"position\":1,\"name\":\"Works available\",\"item\":\"https:\\\/\\\/drawings-online.com\\\/\"},{\"@type\":\"ListItem\",\"position\":2,\"name\":\"Gallery\",\"item\":\"https:\\\/\\\/drawings-online.com\\\/galerie\\\/\"},{\"@type\":\"ListItem\",\"position\":3,\"name\":\"19e\",\"item\":\"https:\\\/\\\/drawings-online.com\\\/product_tag\\\/19e\\\/\"},{\"@type\":\"ListItem\",\"position\":4,\"name\":\"Grove of trees by Jean Achille B\u00e9nouville\"}]},{\"@type\":\"WebSite\",\"@id\":\"https:\\\/\\\/drawings-online.com\\\/en\\\/#website\",\"url\":\"https:\\\/\\\/drawings-online.com\\\/en\\\/\",\"name\":\"Drawings-online\",\"description\":\"Dessins en ligne\",\"publisher\":{\"@id\":\"https:\\\/\\\/drawings-online.com\\\/en\\\/#organization\"},\"potentialAction\":[{\"@type\":\"SearchAction\",\"target\":{\"@type\":\"EntryPoint\",\"urlTemplate\":\"https:\\\/\\\/drawings-online.com\\\/en\\\/?s={search_term_string}\"},\"query-input\":{\"@type\":\"PropertyValueSpecification\",\"valueRequired\":true,\"valueName\":\"search_term_string\"}}],\"inLanguage\":\"en-US\"},{\"@type\":\"Organization\",\"@id\":\"https:\\\/\\\/drawings-online.com\\\/en\\\/#organization\",\"name\":\"Drawings-online\",\"url\":\"https:\\\/\\\/drawings-online.com\\\/en\\\/\",\"logo\":{\"@type\":\"ImageObject\",\"inLanguage\":\"en-US\",\"@id\":\"https:\\\/\\\/drawings-online.com\\\/en\\\/#\\\/schema\\\/logo\\\/image\\\/\",\"url\":\"https:\\\/\\\/drawings-online.com\\\/wp-content\\\/uploads\\\/2020\\\/12\\\/drawings-icone-transp-e1607442878135.png\",\"contentUrl\":\"https:\\\/\\\/drawings-online.com\\\/wp-content\\\/uploads\\\/2020\\\/12\\\/drawings-icone-transp-e1607442878135.png\",\"width\":150,\"height\":150,\"caption\":\"Drawings-online\"},\"image\":{\"@id\":\"https:\\\/\\\/drawings-online.com\\\/en\\\/#\\\/schema\\\/logo\\\/image\\\/\"},\"sameAs\":[\"https:\\\/\\\/www.facebook.com\\\/people\\\/Drawings-online\\\/100034942735866\\\/\",\"https:\\\/\\\/x.com\\\/OnlineDrawings\",\"https:\\\/\\\/www.instagram.com\\\/drawings_online_com\\\/\"]}]}<\/script>\n<!-- \/ Yoast SEO plugin. -->","yoast_head_json":{"title":"Grove of trees by Jean Achille B\u00e9nouville","description":"Jean Achille B\u00e9nouville Paris 1815 - 1891 Grove of trees Charcoal heightened with white chalk on grey paper. 319 x 409 mm - 12 9\/16 x 16 1\/8 in. Provenance: Studio stamps Lugt&nbsp;228 B&nbsp;on the recto, lower left, and Lugt&nbsp;228a (numbered 132), on the verso; probably in the studio sale, Paris, 16 Januray 1901 (expert&hellip;","robots":{"index":"index","follow":"follow","max-snippet":"max-snippet:-1","max-image-preview":"max-image-preview:large","max-video-preview":"max-video-preview:-1"},"canonical":"Jean Achille B\u00e9nouville Paris 1815 - 1891 Grove of trees Charcoal heightened with white chalk on grey paper. 319 x 409 mm - 12 9\/16 x 16 1\/8 in. Provenance: Studio stamps Lugt&nbsp;228 B&nbsp;on the recto, lower left, and Lugt&nbsp;228a (numbered 132), on the verso; probably in the studio sale, Paris, 16 Januray 1901 (expert&hellip;","og_locale":"en_US","og_type":"article","og_title":"Grove of trees by Jean Achille B\u00e9nouville","og_description":"Jean Achille B\u00e9nouville Paris 1815 - 1891 Grove of trees Charcoal heightened with white chalk on grey paper. 319 x 409 mm - 12 9\/16 x 16 1\/8 in. Provenance: Studio stamps Lugt&nbsp;228 B&nbsp;on the recto, lower left, and Lugt&nbsp;228a (numbered 132), on the verso; probably in the studio sale, Paris, 16 Januray 1901 (expert&hellip;","og_url":"https:\/\/drawings-online.com\/en\/product\/grove-of-trees-by-jean-achille-benouville\/","og_site_name":"Drawings-online","article_publisher":"https:\/\/www.facebook.com\/people\/Drawings-online\/100034942735866\/","article_modified_time":"2023-03-18T12:48:24+00:00","og_image":[{"width":1024,"height":1024,"url":"https:\/\/drawings-online.com\/wp-content\/uploads\/2021\/12\/DSC_1680_1-1024x1024.png","type":"image\/png"}],"twitter_card":"summary_large_image","twitter_site":"@OnlineDrawings","twitter_misc":{"Est. reading time":"2 minutes"},"schema":{"@context":"https:\/\/schema.org","@graph":[{"@type":"WebPage","@id":"https:\/\/drawings-online.com\/en\/product\/grove-of-trees-by-jean-achille-benouville\/","url":"https:\/\/drawings-online.com\/en\/product\/grove-of-trees-by-jean-achille-benouville\/","name":"Bosquet d\u2019arbres par Jean Achille Benouville - Drawings-online","isPartOf":{"@id":"https:\/\/drawings-online.com\/#website"},"primaryImageOfPage":{"@id":"https:\/\/drawings-online.com\/en\/product\/grove-of-trees-by-jean-achille-benouville\/#primaryimage"},"image":{"@id":"https:\/\/drawings-online.com\/en\/product\/grove-of-trees-by-jean-achille-benouville\/#primaryimage"},"thumbnailUrl":"https:\/\/drawings-online.com\/wp-content\/uploads\/2021\/12\/DSC_1680_1.png","datePublished":"2021-12-10T12:30:30+00:00","dateModified":"2023-03-18T12:48:24+00:00","breadcrumb":{"@id":"https:\/\/drawings-online.com\/en\/product\/grove-of-trees-by-jean-achille-benouville\/#breadcrumb"},"inLanguage":"en-US","potentialAction":[{"@type":"ReadAction","target":["https:\/\/drawings-online.com\/en\/product\/grove-of-trees-by-jean-achille-benouville\/"]}]},{"@type":"ImageObject","inLanguage":"en-US","@id":"https:\/\/drawings-online.com\/en\/product\/grove-of-trees-by-jean-achille-benouville\/#primaryimage","url":"https:\/\/drawings-online.com\/wp-content\/uploads\/2021\/12\/DSC_1680_1.png","contentUrl":"https:\/\/drawings-online.com\/wp-content\/uploads\/2021\/12\/DSC_1680_1.png","width":1800,"height":1800,"caption":"Bosquet d\u2019arbres par Jean Achille B\u00e9nouville"},{"@type":"BreadcrumbList","@id":"https:\/\/drawings-online.com\/en\/product\/grove-of-trees-by-jean-achille-benouville\/#breadcrumb","itemListElement":[{"@type":"ListItem","position":1,"name":"Works available","item":"https:\/\/drawings-online.com\/"},{"@type":"ListItem","position":2,"name":"Gallery","item":"https:\/\/drawings-online.com\/galerie\/"},{"@type":"ListItem","position":3,"name":"19e","item":"https:\/\/drawings-online.com\/product_tag\/19e\/"},{"@type":"ListItem","position":4,"name":"Grove of trees by Jean Achille B\u00e9nouville"}]},{"@type":"WebSite","@id":"https:\/\/drawings-online.com\/en\/#website","url":"https:\/\/drawings-online.com\/en\/","name":"Drawings-online","description":"Dessins en ligne","publisher":{"@id":"https:\/\/drawings-online.com\/en\/#organization"},"potentialAction":[{"@type":"SearchAction","target":{"@type":"EntryPoint","urlTemplate":"https:\/\/drawings-online.com\/en\/?s={search_term_string}"},"query-input":{"@type":"PropertyValueSpecification","valueRequired":true,"valueName":"search_term_string"}}],"inLanguage":"en-US"},{"@type":"Organization","@id":"https:\/\/drawings-online.com\/en\/#organization","name":"Drawings-online","url":"https:\/\/drawings-online.com\/en\/","logo":{"@type":"ImageObject","inLanguage":"en-US","@id":"https:\/\/drawings-online.com\/en\/#\/schema\/logo\/image\/","url":"https:\/\/drawings-online.com\/wp-content\/uploads\/2020\/12\/drawings-icone-transp-e1607442878135.png","contentUrl":"https:\/\/drawings-online.com\/wp-content\/uploads\/2020\/12\/drawings-icone-transp-e1607442878135.png","width":150,"height":150,"caption":"Drawings-online"},"image":{"@id":"https:\/\/drawings-online.com\/en\/#\/schema\/logo\/image\/"},"sameAs":["https:\/\/www.facebook.com\/people\/Drawings-online\/100034942735866\/","https:\/\/x.com\/OnlineDrawings","https:\/\/www.instagram.com\/drawings_online_com\/"]}]}},"jetpack_sharing_enabled":true,"_links":{"self":[{"href":"https:\/\/drawings-online.com\/en\/wp-json\/wp\/v2\/product\/4423","targetHints":{"allow":["GET"]}}],"collection":[{"href":"https:\/\/drawings-online.com\/en\/wp-json\/wp\/v2\/product"}],"about":[{"href":"https:\/\/drawings-online.com\/en\/wp-json\/wp\/v2\/types\/product"}],"wp:featuredmedia":[{"embeddable":true,"href":"https:\/\/drawings-online.com\/en\/wp-json\/wp\/v2\/media\/4425"}],"wp:attachment":[{"href":"https:\/\/drawings-online.com\/en\/wp-json\/wp\/v2\/media?parent=4423"}],"wp:term":[{"taxonomy":"product_brand","embeddable":true,"href":"https:\/\/drawings-online.com\/en\/wp-json\/wp\/v2\/product_brand?post=4423"},{"taxonomy":"product_cat","embeddable":true,"href":"https:\/\/drawings-online.com\/en\/wp-json\/wp\/v2\/product_cat?post=4423"},{"taxonomy":"product_tag","embeddable":true,"href":"https:\/\/drawings-online.com\/en\/wp-json\/wp\/v2\/product_tag?post=4423"}],"curies":[{"name":"wp","href":"https:\/\/api.w.org\/{rel}","templated":true}]}}