{"id":4417,"date":"2023-07-11T09:30:42","date_gmt":"2023-07-11T07:30:42","guid":{"rendered":"https:\/\/drawings-online.com\/product\/\/"},"modified":"2024-03-05T14:43:57","modified_gmt":"2024-03-05T13:43:57","slug":"paysage-et-ruines-ecole-francaise-du-xviiie-siecle","status":"publish","type":"product","link":"https:\/\/drawings-online.com\/en\/product\/landscape-and-ruins-18th-century-french-school\/","title":{"rendered":"Landscape and ruins, 18th century French school"},"content":{"rendered":"<p><strong>French school from the 18th century<\/strong><\/p>\n<p><em><strong>Landscape and ruins<\/strong><\/em><\/p>\n<p>Red chalk on paper.<\/p>\n<p>264 x 387 mm &#8211; 10 3\/8 x 15 1\/4 in. (dessin) ; 339 x 465 mm &#8211; 13 3\/8 x 18 5\/16 in. (montage).<\/p>\n<p>Condition report &#8211; Laid down on an old mount with traces of humidity and tape; Slightly rubbed and small stains.<\/p>\n","protected":false},"excerpt":{"rendered":"<p>French school from the 18th century Landscape and ruins Red chalk on paper. 264 x 387 mm &#8211; 10 3\/8 x 15 1\/4 in. (dessin) ; 339 x 465 mm &#8211; 13 3\/8 x 18 5\/16 in. (montage). Condition report &#8211; Laid down on an old mount with traces of humidity and tape; Slightly rubbed [&hellip;]<\/p>\n","protected":false},"featured_media":4418,"template":"","meta":{"_themeisle_gutenberg_block_has_review":false},"product_brand":[],"product_cat":[78],"product_tag":[24,345,353,121,333,120,119],"class_list":{"0":"post-4417","1":"product","2":"type-product","3":"status-publish","4":"has-post-thumbnail","6":"product_cat-french-school","7":"product_tag-18th","8":"product_tag-old-master-drawings","9":"product_tag-gallery","10":"product_tag-grand-tour","11":"product_tag-n10","12":"product_tag-landscape","13":"product_tag-ruins","15":"first","16":"instock","17":"taxable","18":"shipping-taxable","19":"purchasable","20":"product-type-simple"},"yoast_head":"<!-- This site is optimized with the Yoast SEO plugin v27.4 - https:\/\/yoast.com\/product\/yoast-seo-wordpress\/ -->\n<title>Landscape and ruins, 18th century French school<\/title>\n<meta name=\"description\" content=\"French school from the 18th century Landscape and ruins Red chalk on paper. 264 x 387 mm - 10 3\/8 x 15 1\/4 in. (dessin) ; 339 x 465 mm - 13 3\/8 x 18 5\/16 in. (montage). Condition report - Laid down on an old mount with traces of humidity and tape; Slightly rubbed&hellip;\" \/>\n<meta name=\"robots\" content=\"index, follow, max-snippet:-1, max-image-preview:large, max-video-preview:-1\" \/>\n<link rel=\"canonical\" href=\"http:\/\/French%20school%20from%20the%2018th%20century%20Landscape%20and%20ruins%20Red%20chalk%20on%20paper.%20264%20x%20387%20mm%20-%2010%203\/8%20x%2015%201\/4%20in.%20(dessin)%20;%20339%20x%20465%20mm%20-%2013%203\/8%20x%2018%205\/16%20in.%20(montage).%20Condition%20report%20-%20Laid%20down%20on%20an%20old%20mount%20with%20traces%20of%20humidity%20and%20tape;%20Slightly%20rubbed&hellip;\" \/>\n<meta property=\"og:locale\" content=\"en_US\" \/>\n<meta property=\"og:type\" content=\"article\" \/>\n<meta property=\"og:title\" content=\"Landscape and ruins, 18th century French school\" \/>\n<meta property=\"og:description\" content=\"French school from the 18th century Landscape and ruins Red chalk on paper. 264 x 387 mm - 10 3\/8 x 15 1\/4 in. (dessin) ; 339 x 465 mm - 13 3\/8 x 18 5\/16 in. (montage). Condition report - Laid down on an old mount with traces of humidity and tape; Slightly rubbed&hellip;\" \/>\n<meta property=\"og:url\" content=\"https:\/\/drawings-online.com\/en\/product\/landscape-and-ruins-18th-century-french-school\/\" \/>\n<meta property=\"og:site_name\" content=\"Drawings-online\" \/>\n<meta property=\"article:publisher\" content=\"https:\/\/www.facebook.com\/people\/Drawings-online\/100034942735866\/\" \/>\n<meta property=\"article:modified_time\" content=\"2024-03-05T13:43:57+00:00\" \/>\n<meta property=\"og:image\" content=\"https:\/\/drawings-online.com\/wp-content\/uploads\/2021\/12\/DSC_1673_1-1024x1024.png\" \/>\n\t<meta property=\"og:image:width\" content=\"1024\" \/>\n\t<meta property=\"og:image:height\" content=\"1024\" \/>\n\t<meta property=\"og:image:type\" content=\"image\/png\" \/>\n<meta name=\"twitter:card\" content=\"summary_large_image\" \/>\n<meta name=\"twitter:site\" content=\"@OnlineDrawings\" \/>\n<script type=\"application\/ld+json\" class=\"yoast-schema-graph\">{\"@context\":\"https:\\\/\\\/schema.org\",\"@graph\":[{\"@type\":\"WebPage\",\"@id\":\"https:\\\/\\\/drawings-online.com\\\/en\\\/product\\\/landscape-and-ruins-18th-century-french-school\\\/\",\"url\":\"https:\\\/\\\/drawings-online.com\\\/en\\\/product\\\/landscape-and-ruins-18th-century-french-school\\\/\",\"name\":\"Paysage et ruines, \u00e9cole fran\u00e7aise du XVIIIe si\u00e8cle - Drawings-online\",\"isPartOf\":{\"@id\":\"https:\\\/\\\/drawings-online.com\\\/#website\"},\"primaryImageOfPage\":{\"@id\":\"https:\\\/\\\/drawings-online.com\\\/en\\\/product\\\/landscape-and-ruins-18th-century-french-school\\\/#primaryimage\"},\"image\":{\"@id\":\"https:\\\/\\\/drawings-online.com\\\/en\\\/product\\\/landscape-and-ruins-18th-century-french-school\\\/#primaryimage\"},\"thumbnailUrl\":\"https:\\\/\\\/drawings-online.com\\\/wp-content\\\/uploads\\\/2021\\\/12\\\/DSC_1673_1.png\",\"datePublished\":\"2023-07-11T07:30:42+00:00\",\"dateModified\":\"2024-03-05T13:43:57+00:00\",\"breadcrumb\":{\"@id\":\"https:\\\/\\\/drawings-online.com\\\/en\\\/product\\\/landscape-and-ruins-18th-century-french-school\\\/#breadcrumb\"},\"inLanguage\":\"en-US\",\"potentialAction\":[{\"@type\":\"ReadAction\",\"target\":[\"https:\\\/\\\/drawings-online.com\\\/en\\\/product\\\/landscape-and-ruins-18th-century-french-school\\\/\"]}]},{\"@type\":\"ImageObject\",\"inLanguage\":\"en-US\",\"@id\":\"https:\\\/\\\/drawings-online.com\\\/en\\\/product\\\/landscape-and-ruins-18th-century-french-school\\\/#primaryimage\",\"url\":\"https:\\\/\\\/drawings-online.com\\\/wp-content\\\/uploads\\\/2021\\\/12\\\/DSC_1673_1.png\",\"contentUrl\":\"https:\\\/\\\/drawings-online.com\\\/wp-content\\\/uploads\\\/2021\\\/12\\\/DSC_1673_1.png\",\"width\":1800,\"height\":1800,\"caption\":\"Paysage et ruines, \u00e9cole fran\u00e7aise du XVIIIe si\u00e8cle\"},{\"@type\":\"BreadcrumbList\",\"@id\":\"https:\\\/\\\/drawings-online.com\\\/en\\\/product\\\/landscape-and-ruins-18th-century-french-school\\\/#breadcrumb\",\"itemListElement\":[{\"@type\":\"ListItem\",\"position\":1,\"name\":\"Works available\",\"item\":\"https:\\\/\\\/drawings-online.com\\\/\"},{\"@type\":\"ListItem\",\"position\":2,\"name\":\"Gallery\",\"item\":\"https:\\\/\\\/drawings-online.com\\\/galerie\\\/\"},{\"@type\":\"ListItem\",\"position\":3,\"name\":\"18e\",\"item\":\"https:\\\/\\\/drawings-online.com\\\/product_tag\\\/18e\\\/\"},{\"@type\":\"ListItem\",\"position\":4,\"name\":\"Landscape and ruins, 18th century French school\"}]},{\"@type\":\"WebSite\",\"@id\":\"https:\\\/\\\/drawings-online.com\\\/en\\\/#website\",\"url\":\"https:\\\/\\\/drawings-online.com\\\/en\\\/\",\"name\":\"Drawings-online\",\"description\":\"Dessins en ligne\",\"publisher\":{\"@id\":\"https:\\\/\\\/drawings-online.com\\\/en\\\/#organization\"},\"potentialAction\":[{\"@type\":\"SearchAction\",\"target\":{\"@type\":\"EntryPoint\",\"urlTemplate\":\"https:\\\/\\\/drawings-online.com\\\/en\\\/?s={search_term_string}\"},\"query-input\":{\"@type\":\"PropertyValueSpecification\",\"valueRequired\":true,\"valueName\":\"search_term_string\"}}],\"inLanguage\":\"en-US\"},{\"@type\":\"Organization\",\"@id\":\"https:\\\/\\\/drawings-online.com\\\/en\\\/#organization\",\"name\":\"Drawings-online\",\"url\":\"https:\\\/\\\/drawings-online.com\\\/en\\\/\",\"logo\":{\"@type\":\"ImageObject\",\"inLanguage\":\"en-US\",\"@id\":\"https:\\\/\\\/drawings-online.com\\\/en\\\/#\\\/schema\\\/logo\\\/image\\\/\",\"url\":\"https:\\\/\\\/drawings-online.com\\\/wp-content\\\/uploads\\\/2020\\\/12\\\/drawings-icone-transp-e1607442878135.png\",\"contentUrl\":\"https:\\\/\\\/drawings-online.com\\\/wp-content\\\/uploads\\\/2020\\\/12\\\/drawings-icone-transp-e1607442878135.png\",\"width\":150,\"height\":150,\"caption\":\"Drawings-online\"},\"image\":{\"@id\":\"https:\\\/\\\/drawings-online.com\\\/en\\\/#\\\/schema\\\/logo\\\/image\\\/\"},\"sameAs\":[\"https:\\\/\\\/www.facebook.com\\\/people\\\/Drawings-online\\\/100034942735866\\\/\",\"https:\\\/\\\/x.com\\\/OnlineDrawings\",\"https:\\\/\\\/www.instagram.com\\\/drawings_online_com\\\/\"]}]}<\/script>\n<!-- \/ Yoast SEO plugin. -->","yoast_head_json":{"title":"Landscape and ruins, 18th century French school","description":"French school from the 18th century Landscape and ruins Red chalk on paper. 264 x 387 mm - 10 3\/8 x 15 1\/4 in. (dessin) ; 339 x 465 mm - 13 3\/8 x 18 5\/16 in. (montage). Condition report - Laid down on an old mount with traces of humidity and tape; Slightly rubbed&hellip;","robots":{"index":"index","follow":"follow","max-snippet":"max-snippet:-1","max-image-preview":"max-image-preview:large","max-video-preview":"max-video-preview:-1"},"canonical":"French school from the 18th century Landscape and ruins Red chalk on paper. 264 x 387 mm - 10 3\/8 x 15 1\/4 in. (dessin) ; 339 x 465 mm - 13 3\/8 x 18 5\/16 in. (montage). Condition report - Laid down on an old mount with traces of humidity and tape; Slightly rubbed&hellip;","og_locale":"en_US","og_type":"article","og_title":"Landscape and ruins, 18th century French school","og_description":"French school from the 18th century Landscape and ruins Red chalk on paper. 264 x 387 mm - 10 3\/8 x 15 1\/4 in. (dessin) ; 339 x 465 mm - 13 3\/8 x 18 5\/16 in. (montage). Condition report - Laid down on an old mount with traces of humidity and tape; Slightly rubbed&hellip;","og_url":"https:\/\/drawings-online.com\/en\/product\/landscape-and-ruins-18th-century-french-school\/","og_site_name":"Drawings-online","article_publisher":"https:\/\/www.facebook.com\/people\/Drawings-online\/100034942735866\/","article_modified_time":"2024-03-05T13:43:57+00:00","og_image":[{"width":1024,"height":1024,"url":"https:\/\/drawings-online.com\/wp-content\/uploads\/2021\/12\/DSC_1673_1-1024x1024.png","type":"image\/png"}],"twitter_card":"summary_large_image","twitter_site":"@OnlineDrawings","schema":{"@context":"https:\/\/schema.org","@graph":[{"@type":"WebPage","@id":"https:\/\/drawings-online.com\/en\/product\/landscape-and-ruins-18th-century-french-school\/","url":"https:\/\/drawings-online.com\/en\/product\/landscape-and-ruins-18th-century-french-school\/","name":"Paysage et ruines, \u00e9cole fran\u00e7aise du XVIIIe si\u00e8cle - Drawings-online","isPartOf":{"@id":"https:\/\/drawings-online.com\/#website"},"primaryImageOfPage":{"@id":"https:\/\/drawings-online.com\/en\/product\/landscape-and-ruins-18th-century-french-school\/#primaryimage"},"image":{"@id":"https:\/\/drawings-online.com\/en\/product\/landscape-and-ruins-18th-century-french-school\/#primaryimage"},"thumbnailUrl":"https:\/\/drawings-online.com\/wp-content\/uploads\/2021\/12\/DSC_1673_1.png","datePublished":"2023-07-11T07:30:42+00:00","dateModified":"2024-03-05T13:43:57+00:00","breadcrumb":{"@id":"https:\/\/drawings-online.com\/en\/product\/landscape-and-ruins-18th-century-french-school\/#breadcrumb"},"inLanguage":"en-US","potentialAction":[{"@type":"ReadAction","target":["https:\/\/drawings-online.com\/en\/product\/landscape-and-ruins-18th-century-french-school\/"]}]},{"@type":"ImageObject","inLanguage":"en-US","@id":"https:\/\/drawings-online.com\/en\/product\/landscape-and-ruins-18th-century-french-school\/#primaryimage","url":"https:\/\/drawings-online.com\/wp-content\/uploads\/2021\/12\/DSC_1673_1.png","contentUrl":"https:\/\/drawings-online.com\/wp-content\/uploads\/2021\/12\/DSC_1673_1.png","width":1800,"height":1800,"caption":"Paysage et ruines, \u00e9cole fran\u00e7aise du XVIIIe si\u00e8cle"},{"@type":"BreadcrumbList","@id":"https:\/\/drawings-online.com\/en\/product\/landscape-and-ruins-18th-century-french-school\/#breadcrumb","itemListElement":[{"@type":"ListItem","position":1,"name":"Works available","item":"https:\/\/drawings-online.com\/"},{"@type":"ListItem","position":2,"name":"Gallery","item":"https:\/\/drawings-online.com\/galerie\/"},{"@type":"ListItem","position":3,"name":"18e","item":"https:\/\/drawings-online.com\/product_tag\/18e\/"},{"@type":"ListItem","position":4,"name":"Landscape and ruins, 18th century French school"}]},{"@type":"WebSite","@id":"https:\/\/drawings-online.com\/en\/#website","url":"https:\/\/drawings-online.com\/en\/","name":"Drawings-online","description":"Dessins en ligne","publisher":{"@id":"https:\/\/drawings-online.com\/en\/#organization"},"potentialAction":[{"@type":"SearchAction","target":{"@type":"EntryPoint","urlTemplate":"https:\/\/drawings-online.com\/en\/?s={search_term_string}"},"query-input":{"@type":"PropertyValueSpecification","valueRequired":true,"valueName":"search_term_string"}}],"inLanguage":"en-US"},{"@type":"Organization","@id":"https:\/\/drawings-online.com\/en\/#organization","name":"Drawings-online","url":"https:\/\/drawings-online.com\/en\/","logo":{"@type":"ImageObject","inLanguage":"en-US","@id":"https:\/\/drawings-online.com\/en\/#\/schema\/logo\/image\/","url":"https:\/\/drawings-online.com\/wp-content\/uploads\/2020\/12\/drawings-icone-transp-e1607442878135.png","contentUrl":"https:\/\/drawings-online.com\/wp-content\/uploads\/2020\/12\/drawings-icone-transp-e1607442878135.png","width":150,"height":150,"caption":"Drawings-online"},"image":{"@id":"https:\/\/drawings-online.com\/en\/#\/schema\/logo\/image\/"},"sameAs":["https:\/\/www.facebook.com\/people\/Drawings-online\/100034942735866\/","https:\/\/x.com\/OnlineDrawings","https:\/\/www.instagram.com\/drawings_online_com\/"]}]}},"jetpack_sharing_enabled":true,"_links":{"self":[{"href":"https:\/\/drawings-online.com\/en\/wp-json\/wp\/v2\/product\/4417","targetHints":{"allow":["GET"]}}],"collection":[{"href":"https:\/\/drawings-online.com\/en\/wp-json\/wp\/v2\/product"}],"about":[{"href":"https:\/\/drawings-online.com\/en\/wp-json\/wp\/v2\/types\/product"}],"wp:featuredmedia":[{"embeddable":true,"href":"https:\/\/drawings-online.com\/en\/wp-json\/wp\/v2\/media\/4418"}],"wp:attachment":[{"href":"https:\/\/drawings-online.com\/en\/wp-json\/wp\/v2\/media?parent=4417"}],"wp:term":[{"taxonomy":"product_brand","embeddable":true,"href":"https:\/\/drawings-online.com\/en\/wp-json\/wp\/v2\/product_brand?post=4417"},{"taxonomy":"product_cat","embeddable":true,"href":"https:\/\/drawings-online.com\/en\/wp-json\/wp\/v2\/product_cat?post=4417"},{"taxonomy":"product_tag","embeddable":true,"href":"https:\/\/drawings-online.com\/en\/wp-json\/wp\/v2\/product_tag?post=4417"}],"curies":[{"name":"wp","href":"https:\/\/api.w.org\/{rel}","templated":true}]}}