{"id":4337,"date":"2023-07-11T04:45:12","date_gmt":"2023-07-11T02:45:12","guid":{"rendered":"https:\/\/drawings-online.com\/product\/\/"},"modified":"2024-03-05T15:19:58","modified_gmt":"2024-03-05T14:19:58","slug":"sauvan","status":"publish","type":"product","link":"https:\/\/drawings-online.com\/en\/product\/christ-surrounded-by-two-saints-with-angels-carrying-instruments-of-the-passion-by-philippe-sauvan\/","title":{"rendered":"Christ Surrounded by Two Saints with Angels Carrying Instruments of the Passion by Philippe Sauvan"},"content":{"rendered":"<p><strong>Philippe Sauvan<\/strong><\/p>\n<p>Arles 1697 \u00ad\u2013 Avignon 1792<\/p>\n<p><strong><em>Christ Surrounded by Two Saints with Angels Carrying Instruments of the Passion<\/em><\/strong><\/p>\n<p>Oil on canvas mounted on canvas. Originally, the canvas was pasted onto another canvas. On the verso, a saint\u2019s face and the paws of a dog are depicted with an inscription at the top left:<\/p>\n<p><em>Esquisse d\u2019un tableau de Ph. Sauvan. Le tableau appartient \u00e0 M. de Forbin-Janson<\/em>.<\/p>\n<p><em>(Sketch of a painting by Ph. Sauvan. The painting belongs to M. de Forbin-Janson).<\/em><\/p>\n<p>245 x 264 mm &#8211; 9 5\/8 x 10 3\/8 in.<\/p>\n<p>Provenance: Collection of Marquis de Forbin-Janson.<\/p>\n<p><strong><em>\u00a0<\/em><\/strong><\/p>\n<p>&nbsp;<\/p>\n<p>Born in Arles, Philippe Sauvan began his apprenticeship with his father Honor\u00e9, a painter and gilder. In 1714, he entered Pierre Parrocel\u2019s studio in Avignon. After a sejour in Rome, Sauvan returned in 1718 to settle in Avignon and remained there permanently. Benefiting from commissions from the city\u2019s religious communities and brotherhoods, Sauvan\u2019s work developed primarily in the domain of \u200b\u200breligious art, though he also placed importance on portraits. After the tragic period of the 1720 plague, he became the most famous painter working in the city of Avignon and its surroundings.<\/p>\n<p>&nbsp;<\/p>\n<p>This sketch shows Jesus Christ seated on a bank of clouds, holding a chalice and the Host in his right hand, while pointing with his left hand towards his radiant, pierced heart. Above him, two angels carrying instruments of the Passion \u2013 the crown of thorns and the cross \u2013 surround him. Below, two saints, undoubtedly a Dominican and a Franciscan, frame the figure of Christ.<\/p>\n<p>&nbsp;<\/p>\n<p>This representation illustrates devotion to the Sacred Heart of Jesus \u2013 a symbol of his mercy and love of men \u2013 with foundations in the Gospel of John and developed under the leadership of Saint Jean Eudes<a href=\"#_ftn1\" name=\"_ftnref1\">[1]<\/a> from the 17th century onwards. During the scourge of the plague that raged in and around Marseille between 1720 and 1722, adoration of the Sacred Heart of Jesus Christ spread throughout the kingdom following processions organised by Monseigneur de Belsunce<a href=\"#_ftn2\" name=\"_ftnref2\">[2]<\/a> who consecrated the city of Marseille to the Sacr\u00e9-Coeur<a href=\"#_ftn3\" name=\"_ftnref3\">[3]<\/a>. Neighbouring cities such as Toulon, Aix, Arles and Avignon devoted themselves to this fervour and the brotherhoods grew.<\/p>\n<p>&nbsp;<\/p>\n<p>&nbsp;<\/p>\n<p><a href=\"#_ftnref1\" name=\"_ftn1\">[1]<\/a> Representations of the Sacred Heart of Jesus first appear in the 17th century following the teachings of Saint John Eudes, who celebrated the feast for the first time in 1672. At the same time, in the monastery of the Visitation in Paray-le-Monial, Saint Marguerite-Marie Alacoque witnessed apparitions of Jesus where he showed her his heart (1673\/1675).<\/p>\n<p><a href=\"#_ftnref2\" name=\"_ftn2\">[2]<\/a> https:\/\/fr.wikipedia.org\/wiki\/Henri-Fran%C3%A7ois-Xavier_de_Belsunce_de_Castelmoron#cite_note-3<\/p>\n<p><a href=\"#_ftnref3\" name=\"_ftn3\">[3]<\/a> Ex-voto painting, <em>Invocation du Sacr\u00e9-C\u0153ur pour la cessation de la peste \u00e0 Marseille<\/em> <em>(Invocation of the Sacred Heart for the Cessation of the Plague in Marseille)<\/em>, parish church of Le Puech.<\/p>\n","protected":false},"excerpt":{"rendered":"<p>Philippe Sauvan Arles 1697 \u00ad\u2013 Avignon 1792 Christ Surrounded by Two Saints with Angels Carrying Instruments of the Passion Oil on canvas mounted on canvas. Originally, the canvas was pasted onto another canvas. On the verso, a saint\u2019s face and the paws of a dog are depicted with an inscription at the top left: Esquisse [&hellip;]<\/p>\n","protected":false},"featured_media":4338,"template":"","meta":{"_themeisle_gutenberg_block_has_review":false},"product_brand":[],"product_cat":[78,226],"product_tag":[24,353,326,96],"class_list":{"0":"post-4337","1":"product","2":"type-product","3":"status-publish","4":"has-post-thumbnail","6":"product_cat-french-school","7":"product_cat-provencal-school","8":"product_tag-18th","9":"product_tag-gallery","10":"product_tag-oil-on-canvas","11":"product_tag-religious-subject","13":"first","14":"outofstock","15":"taxable","16":"shipping-taxable","17":"purchasable","18":"product-type-variable"},"yoast_head":"<!-- This site is optimized with the Yoast SEO plugin v27.4 - https:\/\/yoast.com\/product\/yoast-seo-wordpress\/ -->\n<title>Christ Surrounded by Two Saints with Angels Carrying Instruments of the Passion by Philippe Sauvan<\/title>\n<meta name=\"description\" content=\"Philippe Sauvan Arles 1697 \u00ad\u2013 Avignon 1792 Christ Surrounded by Two Saints with Angels Carrying Instruments of the Passion Oil on canvas mounted on canvas. Originally, the canvas was pasted onto another canvas. On the verso, a saint\u2019s face and the paws of a dog are depicted with an inscription at the top left: Esquisse&hellip;\" \/>\n<meta name=\"robots\" content=\"index, follow, max-snippet:-1, max-image-preview:large, max-video-preview:-1\" \/>\n<link rel=\"canonical\" href=\"\" \/>\n<meta property=\"og:locale\" content=\"en_US\" \/>\n<meta property=\"og:type\" content=\"article\" \/>\n<meta property=\"og:title\" content=\"Christ Surrounded by Two Saints with Angels Carrying Instruments of the Passion by Philippe Sauvan\" \/>\n<meta property=\"og:description\" content=\"Philippe Sauvan Arles 1697 \u00ad\u2013 Avignon 1792 Christ Surrounded by Two Saints with Angels Carrying Instruments of the Passion Oil on canvas mounted on canvas. Originally, the canvas was pasted onto another canvas. On the verso, a saint\u2019s face and the paws of a dog are depicted with an inscription at the top left: Esquisse&hellip;\" \/>\n<meta property=\"og:url\" content=\"https:\/\/drawings-online.com\/en\/product\/christ-surrounded-by-two-saints-with-angels-carrying-instruments-of-the-passion-by-philippe-sauvan\/\" \/>\n<meta property=\"og:site_name\" content=\"Drawings-online\" \/>\n<meta property=\"article:publisher\" content=\"https:\/\/www.facebook.com\/people\/Drawings-online\/100034942735866\/\" \/>\n<meta property=\"article:modified_time\" content=\"2024-03-05T14:19:58+00:00\" \/>\n<meta property=\"og:image\" content=\"https:\/\/drawings-online.com\/wp-content\/uploads\/2021\/11\/DSC_3661_1-1024x1024.png\" \/>\n\t<meta property=\"og:image:width\" content=\"1024\" \/>\n\t<meta property=\"og:image:height\" content=\"1024\" \/>\n\t<meta property=\"og:image:type\" content=\"image\/png\" \/>\n<meta name=\"twitter:card\" content=\"summary_large_image\" \/>\n<meta name=\"twitter:site\" content=\"@OnlineDrawings\" \/>\n<meta name=\"twitter:label1\" content=\"Est. reading time\" \/>\n\t<meta name=\"twitter:data1\" content=\"3 minutes\" \/>\n<script type=\"application\/ld+json\" class=\"yoast-schema-graph\">{\"@context\":\"https:\\\/\\\/schema.org\",\"@graph\":[{\"@type\":\"WebPage\",\"@id\":\"https:\\\/\\\/drawings-online.com\\\/en\\\/product\\\/christ-surrounded-by-two-saints-with-angels-carrying-instruments-of-the-passion-by-philippe-sauvan\\\/\",\"url\":\"https:\\\/\\\/drawings-online.com\\\/en\\\/product\\\/christ-surrounded-by-two-saints-with-angels-carrying-instruments-of-the-passion-by-philippe-sauvan\\\/\",\"name\":\"Christ entour\u00e9 de deux saints avec anges portant les instruments de la Passion par Philippe Sauvan - Drawings-online\",\"isPartOf\":{\"@id\":\"https:\\\/\\\/drawings-online.com\\\/#website\"},\"primaryImageOfPage\":{\"@id\":\"https:\\\/\\\/drawings-online.com\\\/en\\\/product\\\/christ-surrounded-by-two-saints-with-angels-carrying-instruments-of-the-passion-by-philippe-sauvan\\\/#primaryimage\"},\"image\":{\"@id\":\"https:\\\/\\\/drawings-online.com\\\/en\\\/product\\\/christ-surrounded-by-two-saints-with-angels-carrying-instruments-of-the-passion-by-philippe-sauvan\\\/#primaryimage\"},\"thumbnailUrl\":\"https:\\\/\\\/drawings-online.com\\\/wp-content\\\/uploads\\\/2021\\\/11\\\/DSC_3661_1.png\",\"datePublished\":\"2023-07-11T02:45:12+00:00\",\"dateModified\":\"2024-03-05T14:19:58+00:00\",\"breadcrumb\":{\"@id\":\"https:\\\/\\\/drawings-online.com\\\/en\\\/product\\\/christ-surrounded-by-two-saints-with-angels-carrying-instruments-of-the-passion-by-philippe-sauvan\\\/#breadcrumb\"},\"inLanguage\":\"en-US\",\"potentialAction\":[{\"@type\":\"ReadAction\",\"target\":[\"https:\\\/\\\/drawings-online.com\\\/en\\\/product\\\/christ-surrounded-by-two-saints-with-angels-carrying-instruments-of-the-passion-by-philippe-sauvan\\\/\"]}]},{\"@type\":\"ImageObject\",\"inLanguage\":\"en-US\",\"@id\":\"https:\\\/\\\/drawings-online.com\\\/en\\\/product\\\/christ-surrounded-by-two-saints-with-angels-carrying-instruments-of-the-passion-by-philippe-sauvan\\\/#primaryimage\",\"url\":\"https:\\\/\\\/drawings-online.com\\\/wp-content\\\/uploads\\\/2021\\\/11\\\/DSC_3661_1.png\",\"contentUrl\":\"https:\\\/\\\/drawings-online.com\\\/wp-content\\\/uploads\\\/2021\\\/11\\\/DSC_3661_1.png\",\"width\":1800,\"height\":1800,\"caption\":\"Christ entour\u00e9 de deux saints avec anges portant les instruments de la Passion par Philippe Sauvan\"},{\"@type\":\"BreadcrumbList\",\"@id\":\"https:\\\/\\\/drawings-online.com\\\/en\\\/product\\\/christ-surrounded-by-two-saints-with-angels-carrying-instruments-of-the-passion-by-philippe-sauvan\\\/#breadcrumb\",\"itemListElement\":[{\"@type\":\"ListItem\",\"position\":1,\"name\":\"Works available\",\"item\":\"https:\\\/\\\/drawings-online.com\\\/\"},{\"@type\":\"ListItem\",\"position\":2,\"name\":\"Gallery\",\"item\":\"https:\\\/\\\/drawings-online.com\\\/galerie\\\/\"},{\"@type\":\"ListItem\",\"position\":3,\"name\":\"18e\",\"item\":\"https:\\\/\\\/drawings-online.com\\\/product_tag\\\/18e\\\/\"},{\"@type\":\"ListItem\",\"position\":4,\"name\":\"Christ Surrounded by Two Saints with Angels Carrying Instruments of the Passion by Philippe Sauvan\"}]},{\"@type\":\"WebSite\",\"@id\":\"https:\\\/\\\/drawings-online.com\\\/en\\\/#website\",\"url\":\"https:\\\/\\\/drawings-online.com\\\/en\\\/\",\"name\":\"Drawings-online\",\"description\":\"Dessins en ligne\",\"publisher\":{\"@id\":\"https:\\\/\\\/drawings-online.com\\\/en\\\/#organization\"},\"potentialAction\":[{\"@type\":\"SearchAction\",\"target\":{\"@type\":\"EntryPoint\",\"urlTemplate\":\"https:\\\/\\\/drawings-online.com\\\/en\\\/?s={search_term_string}\"},\"query-input\":{\"@type\":\"PropertyValueSpecification\",\"valueRequired\":true,\"valueName\":\"search_term_string\"}}],\"inLanguage\":\"en-US\"},{\"@type\":\"Organization\",\"@id\":\"https:\\\/\\\/drawings-online.com\\\/en\\\/#organization\",\"name\":\"Drawings-online\",\"url\":\"https:\\\/\\\/drawings-online.com\\\/en\\\/\",\"logo\":{\"@type\":\"ImageObject\",\"inLanguage\":\"en-US\",\"@id\":\"https:\\\/\\\/drawings-online.com\\\/en\\\/#\\\/schema\\\/logo\\\/image\\\/\",\"url\":\"https:\\\/\\\/drawings-online.com\\\/wp-content\\\/uploads\\\/2020\\\/12\\\/drawings-icone-transp-e1607442878135.png\",\"contentUrl\":\"https:\\\/\\\/drawings-online.com\\\/wp-content\\\/uploads\\\/2020\\\/12\\\/drawings-icone-transp-e1607442878135.png\",\"width\":150,\"height\":150,\"caption\":\"Drawings-online\"},\"image\":{\"@id\":\"https:\\\/\\\/drawings-online.com\\\/en\\\/#\\\/schema\\\/logo\\\/image\\\/\"},\"sameAs\":[\"https:\\\/\\\/www.facebook.com\\\/people\\\/Drawings-online\\\/100034942735866\\\/\",\"https:\\\/\\\/x.com\\\/OnlineDrawings\",\"https:\\\/\\\/www.instagram.com\\\/drawings_online_com\\\/\"]}]}<\/script>\n<!-- \/ Yoast SEO plugin. -->","yoast_head_json":{"title":"Christ Surrounded by Two Saints with Angels Carrying Instruments of the Passion by Philippe Sauvan","description":"Philippe Sauvan Arles 1697 \u00ad\u2013 Avignon 1792 Christ Surrounded by Two Saints with Angels Carrying Instruments of the Passion Oil on canvas mounted on canvas. Originally, the canvas was pasted onto another canvas. On the verso, a saint\u2019s face and the paws of a dog are depicted with an inscription at the top left: Esquisse&hellip;","robots":{"index":"index","follow":"follow","max-snippet":"max-snippet:-1","max-image-preview":"max-image-preview:large","max-video-preview":"max-video-preview:-1"},"canonical":"Philippe Sauvan Arles 1697 \u00ad\u2013 Avignon 1792 Christ Surrounded by Two Saints with Angels Carrying Instruments of the Passion Oil on canvas mounted on canvas. Originally, the canvas was pasted onto another canvas. On the verso, a saint\u2019s face and the paws of a dog are depicted with an inscription at the top left: Esquisse&hellip;","og_locale":"en_US","og_type":"article","og_title":"Christ Surrounded by Two Saints with Angels Carrying Instruments of the Passion by Philippe Sauvan","og_description":"Philippe Sauvan Arles 1697 \u00ad\u2013 Avignon 1792 Christ Surrounded by Two Saints with Angels Carrying Instruments of the Passion Oil on canvas mounted on canvas. Originally, the canvas was pasted onto another canvas. On the verso, a saint\u2019s face and the paws of a dog are depicted with an inscription at the top left: Esquisse&hellip;","og_url":"https:\/\/drawings-online.com\/en\/product\/christ-surrounded-by-two-saints-with-angels-carrying-instruments-of-the-passion-by-philippe-sauvan\/","og_site_name":"Drawings-online","article_publisher":"https:\/\/www.facebook.com\/people\/Drawings-online\/100034942735866\/","article_modified_time":"2024-03-05T14:19:58+00:00","og_image":[{"width":1024,"height":1024,"url":"https:\/\/drawings-online.com\/wp-content\/uploads\/2021\/11\/DSC_3661_1-1024x1024.png","type":"image\/png"}],"twitter_card":"summary_large_image","twitter_site":"@OnlineDrawings","twitter_misc":{"Est. reading time":"3 minutes"},"schema":{"@context":"https:\/\/schema.org","@graph":[{"@type":"WebPage","@id":"https:\/\/drawings-online.com\/en\/product\/christ-surrounded-by-two-saints-with-angels-carrying-instruments-of-the-passion-by-philippe-sauvan\/","url":"https:\/\/drawings-online.com\/en\/product\/christ-surrounded-by-two-saints-with-angels-carrying-instruments-of-the-passion-by-philippe-sauvan\/","name":"Christ entour\u00e9 de deux saints avec anges portant les instruments de la Passion par Philippe Sauvan - Drawings-online","isPartOf":{"@id":"https:\/\/drawings-online.com\/#website"},"primaryImageOfPage":{"@id":"https:\/\/drawings-online.com\/en\/product\/christ-surrounded-by-two-saints-with-angels-carrying-instruments-of-the-passion-by-philippe-sauvan\/#primaryimage"},"image":{"@id":"https:\/\/drawings-online.com\/en\/product\/christ-surrounded-by-two-saints-with-angels-carrying-instruments-of-the-passion-by-philippe-sauvan\/#primaryimage"},"thumbnailUrl":"https:\/\/drawings-online.com\/wp-content\/uploads\/2021\/11\/DSC_3661_1.png","datePublished":"2023-07-11T02:45:12+00:00","dateModified":"2024-03-05T14:19:58+00:00","breadcrumb":{"@id":"https:\/\/drawings-online.com\/en\/product\/christ-surrounded-by-two-saints-with-angels-carrying-instruments-of-the-passion-by-philippe-sauvan\/#breadcrumb"},"inLanguage":"en-US","potentialAction":[{"@type":"ReadAction","target":["https:\/\/drawings-online.com\/en\/product\/christ-surrounded-by-two-saints-with-angels-carrying-instruments-of-the-passion-by-philippe-sauvan\/"]}]},{"@type":"ImageObject","inLanguage":"en-US","@id":"https:\/\/drawings-online.com\/en\/product\/christ-surrounded-by-two-saints-with-angels-carrying-instruments-of-the-passion-by-philippe-sauvan\/#primaryimage","url":"https:\/\/drawings-online.com\/wp-content\/uploads\/2021\/11\/DSC_3661_1.png","contentUrl":"https:\/\/drawings-online.com\/wp-content\/uploads\/2021\/11\/DSC_3661_1.png","width":1800,"height":1800,"caption":"Christ entour\u00e9 de deux saints avec anges portant les instruments de la Passion par Philippe Sauvan"},{"@type":"BreadcrumbList","@id":"https:\/\/drawings-online.com\/en\/product\/christ-surrounded-by-two-saints-with-angels-carrying-instruments-of-the-passion-by-philippe-sauvan\/#breadcrumb","itemListElement":[{"@type":"ListItem","position":1,"name":"Works available","item":"https:\/\/drawings-online.com\/"},{"@type":"ListItem","position":2,"name":"Gallery","item":"https:\/\/drawings-online.com\/galerie\/"},{"@type":"ListItem","position":3,"name":"18e","item":"https:\/\/drawings-online.com\/product_tag\/18e\/"},{"@type":"ListItem","position":4,"name":"Christ Surrounded by Two Saints with Angels Carrying Instruments of the Passion by Philippe Sauvan"}]},{"@type":"WebSite","@id":"https:\/\/drawings-online.com\/en\/#website","url":"https:\/\/drawings-online.com\/en\/","name":"Drawings-online","description":"Dessins en ligne","publisher":{"@id":"https:\/\/drawings-online.com\/en\/#organization"},"potentialAction":[{"@type":"SearchAction","target":{"@type":"EntryPoint","urlTemplate":"https:\/\/drawings-online.com\/en\/?s={search_term_string}"},"query-input":{"@type":"PropertyValueSpecification","valueRequired":true,"valueName":"search_term_string"}}],"inLanguage":"en-US"},{"@type":"Organization","@id":"https:\/\/drawings-online.com\/en\/#organization","name":"Drawings-online","url":"https:\/\/drawings-online.com\/en\/","logo":{"@type":"ImageObject","inLanguage":"en-US","@id":"https:\/\/drawings-online.com\/en\/#\/schema\/logo\/image\/","url":"https:\/\/drawings-online.com\/wp-content\/uploads\/2020\/12\/drawings-icone-transp-e1607442878135.png","contentUrl":"https:\/\/drawings-online.com\/wp-content\/uploads\/2020\/12\/drawings-icone-transp-e1607442878135.png","width":150,"height":150,"caption":"Drawings-online"},"image":{"@id":"https:\/\/drawings-online.com\/en\/#\/schema\/logo\/image\/"},"sameAs":["https:\/\/www.facebook.com\/people\/Drawings-online\/100034942735866\/","https:\/\/x.com\/OnlineDrawings","https:\/\/www.instagram.com\/drawings_online_com\/"]}]}},"jetpack_sharing_enabled":true,"_links":{"self":[{"href":"https:\/\/drawings-online.com\/en\/wp-json\/wp\/v2\/product\/4337","targetHints":{"allow":["GET"]}}],"collection":[{"href":"https:\/\/drawings-online.com\/en\/wp-json\/wp\/v2\/product"}],"about":[{"href":"https:\/\/drawings-online.com\/en\/wp-json\/wp\/v2\/types\/product"}],"wp:featuredmedia":[{"embeddable":true,"href":"https:\/\/drawings-online.com\/en\/wp-json\/wp\/v2\/media\/4338"}],"wp:attachment":[{"href":"https:\/\/drawings-online.com\/en\/wp-json\/wp\/v2\/media?parent=4337"}],"wp:term":[{"taxonomy":"product_brand","embeddable":true,"href":"https:\/\/drawings-online.com\/en\/wp-json\/wp\/v2\/product_brand?post=4337"},{"taxonomy":"product_cat","embeddable":true,"href":"https:\/\/drawings-online.com\/en\/wp-json\/wp\/v2\/product_cat?post=4337"},{"taxonomy":"product_tag","embeddable":true,"href":"https:\/\/drawings-online.com\/en\/wp-json\/wp\/v2\/product_tag?post=4337"}],"curies":[{"name":"wp","href":"https:\/\/api.w.org\/{rel}","templated":true}]}}