{"id":4327,"date":"2023-07-11T05:40:23","date_gmt":"2023-07-11T03:40:23","guid":{"rendered":"https:\/\/drawings-online.com\/product\/\/"},"modified":"2026-01-15T18:20:42","modified_gmt":"2026-01-15T17:20:42","slug":"deux-episodes-de-la-vie-du-marechal-de-catinat-par-jean-demosthene-dugourc-une-paire","status":"publish","type":"product","link":"https:\/\/drawings-online.com\/en\/product\/two-episodes-from-the-life-of-marshal-de-catinat-by-jean-demosthene-dugourc-a-pair\/","title":{"rendered":"Two episodes from the life of Marshal de Catinat by Jean D\u00e9mosth\u00e8ne Dugourc (a pair)"},"content":{"rendered":"<p><strong>Jean D\u00e9mosth\u00e8ne Dugourc<\/strong><\/p>\n<p>Versailles 1740 \u2013 Paris 1825<\/p>\n<ol>\n<li><strong><em> The Awakening of Marshal de Catinat<\/em><\/strong><\/li>\n<li><strong><em> Officers Presented to Marshal Catinat<\/em><\/strong><\/li>\n<\/ol>\n<p>Pen and grey ink with grey wash over pencil marks. Monogrammed and dated 1776 lower right (1) and lower left (2).<\/p>\n<p>175 x 360 mm<\/p>\n<p>Provenance: Paris, H\u00f4tel Drouot, Me Desvouges, May 3rd, 1913, n\u00b0 49 (for the &#8220;R\u00e9veil du Mar\u00e9chal de Catinat&#8221; (The Awakening of Marshal de Catinat); A. Trezel Collection ; Anonymous sale; Paris, H\u00f4tel Drouot, Tajan, March 29th, 2000, n\u00b0 74; Paris, Artcurial, June 16th, 2020, <a href=\"https:\/\/www.artcurial.com\/fr\/lot-jean-demosthene-dugourc-versailles-1749-paris-1825-officiers-presentes-au-marechal-de-catinat\" target=\"_blank\" rel=\"noopener\">n\u00b0 48<\/a>.<\/p>\n<p>Bibliography:Under the direction of Emmanuelle Brugerolles, <em>De l\u2019alc\u00f4ve aux barricades<\/em> (From the Alcove to the Barricades), Beaux-arts de Paris \u00e9ditions, 2016, p. 166, ill. 1.<\/p>\n<p>&nbsp;<\/p>\n<p>Though he remains poorly studied today, during his lifetime, Jean D\u00e9mosth\u00e8ne Dugourc was a veritable celebrity who enjoyed a fruitful and eventful career. Dugourc\u2019s father was superintendent of the Duke of Orleans\u2019 household, so the boy grew up with the Duke of Chartres and benefited from the same thorough education. In 1764, shortly after the spectacular archaeological discoveries of Herculaneum and Pompeii, the Count of Cani took Dugourc to Rome. On returning to Paris, Dugourc worked for some time with the Inspector General of Artillery, Monsieur de Gribeauval who, Anatole de Montaiglon tells us, &#8220;associated him with military work for his Valenciennes Government, serving the Royal Corps of Engineers.&#8221;<a href=\"#_ftn1\" name=\"_ftnref1\">[1]<\/a> But Dugourc did not stay in the post of military engineer for long and, joining forces with his brother-in-law Joseph Belanger, participated in decorating the Bagatelle, Saint-Germain and Maisons-Lafitte chateaux. Appointed bedroom and cabinet designer to Monsieur in 1780 <a href=\"#_ftn2\" name=\"_ftnref2\">[2]<\/a>, Dugourc became a specialist in theatre sets in France and Europe. His stage sets and maquettes for Brunoy&#8217;s theatre were a great success and in 1781 it was to Dugourc that the King of Sweden appealed to design the sets and costumes for the first six operas performed in Stockholm\u2019s newly built theatre.<\/p>\n<p>&nbsp;<\/p>\n<p>Dugourc became the must-have creator for every prince\u2019s folly, pavilion or abode; financiers and amateurs courted the artist and snapped up his work. Foreign rulers Paul IV, Catherine II and Charles IV of Spain took turns in trying to attract him to their homes, but most of the time obtained nothing more than blueprints. After being appointed director of sets and costumes for the Op\u00e9ra in 1783, Dugourc became Supervisor for the buildings of Monsieur and in 1784, designer of the Crown\u2019s Garde-Meuble<a href=\"#_ftn3\" name=\"_ftnref3\">[3]<\/a>. During the Revolution, he built wallpaper, playing cards and porcelain factories. In 1799, Dugourc was nominated first architect to the King of Spain. Returning to Paris after the Restoration, he recovered his position at the Garde-Meuble in 1816 and held it until his death. It was Dugourc who designed the throne room at the Tuileries.<\/p>\n<p>&nbsp;<\/p>\n<p>These two beautiful drawings deal with events in the life of Marshal Nicolas de Catinat, a remarkable 17th century military leader whose biography <em>M\u00e9moire pour servir \u00e0 la vie de Nicolas de Catinat<\/em> (Memoir Dedicated to the Life of Nicolas de Catinat), written by the Marquis de Cr\u00e9quy in 1772, was reprinted in 1774 and 1775. This elegy for Catinat was the subject that received the annual French Academy prize in 1775. Around ten texts recounting significant events in the Marshal\u2019s life were published. Dated 1776, our two drawings constitute part of this renewed interest in the Marshal\u2019s life.<\/p>\n<p>&nbsp;<\/p>\n<p>For the first work that bears the inscribed title <em>R\u00e9veil du Mar\u00e9chal de Catinat<\/em> (The Awakening of Marshal de Catinat), the artist selects an event from the day after the victory of La Marsaille on October 5th, 1693, inspired by precise facts from Count JAH de Guibert\u2019s account: the Marshal spent the night outside and woke up to find flags, trophies and other tokens of victory assembled around him by cheering gendarmes. A second more detailed drawing from one year later is kept at the \u00c9cole des Beaux-arts in Paris (<a href=\"http:\/\/www.ensba.fr\/ow2\/catzarts\/images\/PM2561-81064.JPG\" target=\"_blank\" rel=\"noopener\">Inv. PM 2561<\/a>) and is annotated by the artist with extracts from Guibert&#8217;s story. This is probably the final draft for an engraving, perhaps made to illustrate one of those elegies. Our drawing is a free, light sketch of the subject, signed with the elegant monogram found on several of the artist&#8217;s drawings.<\/p>\n<p>&nbsp;<\/p>\n<p>The second episode is more difficult to identify: it shows the Marshal on horseback surrounded by a crowd of officers and soldiers, some of whom are wounded and on the ground. The title written on the mount is <em>Officiers, pr\u00e9sentez au Mar\u00e9chal de Catinat <\/em>(Officers, Present Yourselves to Marshal Catinat). Nothing in Guibert&#8217;s account aligns exactly with this title that seems to be a military order. It may be the result of Catinat&#8217;s victory against the Duke of Savoy at Saluces as recounted by Guibert: \u201cHis first care after this combat was to visit the wounded and thank the troops for their services. The regiments came out of their tents and surrounded him \u2013 first with loud cries to show their joy \u2013 then with deep silence to absorb his words.\u201d It could also represent the victory of Marsaille about which Guibert tells us, &#8220;Let us remember these details in very honourable paintings for Catinat&#8230;. Ordinary soldiers called on him to be consoled by his words&#8230;. Depict Catinat in the midst of that day\u2019s glorious victims! They rise up on their wounds; they cease their cries; every man wants to be seen by him; no one asks him for the blood he has spilled&#8230;.&#8221;<\/p>\n<p>&nbsp;<\/p>\n<p>Was this a series in honour of the Marshal? Or two projects for an illustration for which only the subject of the awakening was retained, no doubt because it was more precise? The late 1760s and 1770s saw the emergence of historicist projects, the start of a fashion that would continue into the 1780s until the Revolution put a stop to the glorification of the monarchist past. Still in their original mounts and superb Louis XVI frames, these two works by Jean D\u00e9mosth\u00e8ne Dugourc are two particularly representative examples of this trend, and are also highly indicative of the artist&#8217;s talent as a draughtsman.<\/p>\n<p>&nbsp;<\/p>\n<p>&nbsp;<\/p>\n<p><a href=\"#_ftnref1\" name=\"_ftn1\">[1]<\/a> \u201c<em>Nouvelles Archives de l\u2019Art fran\u00e7ais\u201d (New Archives of French Art), <\/em>1877, p. 367 &#8211; 371).<\/p>\n<p><a href=\"#_ftnref2\" name=\"_ftn2\">[2]<\/a> From the Valois onwards, the title of &#8220;Monsieur&#8221; was granted to princes of the royal family. During the sixteenth century and throughout the Ancien R\u00e9gime, it was reserved for the king\u2019s younger brother; in this case, <a href=\"https:\/\/fr.wikipedia.org\/wiki\/Louis_XVIII_de_France\">Louis<\/a>,\u00a0<a href=\"https:\/\/fr.wikipedia.org\/wiki\/Liste_des_comtes_et_marquis_de_Provence\">comte de Provence<\/a>\u00a0(1774-1793).<\/p>\n<p><a href=\"#_ftnref3\" name=\"_ftn3\">[3]<\/a> Under the\u00a0<a href=\"https:\/\/en.wikipedia.org\/wiki\/Ancien_R%C3%A9gime\">Ancien R\u00e9gime<\/a>, the\u00a0<em>Garde-Meuble <\/em>was the department of the\u00a0<a href=\"https:\/\/en.wikipedia.org\/wiki\/Maison_du_Roi\"><em>Maison du Roi<\/em><\/a>, responsible for the order, upkeep, storage and repair of all\u00a0<a href=\"https:\/\/en.wikipedia.org\/wiki\/Furniture\">furniture<\/a>, art, and other movable objects in the royal palaces.<\/p>\n<p>&nbsp;<\/p>\n","protected":false},"excerpt":{"rendered":"<p>Jean D\u00e9mosth\u00e8ne Dugourc Versailles 1740 \u2013 Paris 1825 The Awakening of Marshal de Catinat Officers Presented to Marshal Catinat Pen and grey ink with grey wash over pencil marks. Monogrammed and dated 1776 lower right (1) and lower left (2). 175 x 360 mm Provenance: Paris, H\u00f4tel Drouot, Me Desvouges, May 3rd, 1913, n\u00b0 49 [&hellip;]<\/p>\n","protected":false},"featured_media":4344,"template":"","meta":{"_themeisle_gutenberg_block_has_review":false},"product_brand":[],"product_cat":[78],"product_tag":[24,345,25,353,26,494,331],"class_list":{"0":"post-4327","1":"product","2":"type-product","3":"status-publish","4":"has-post-thumbnail","6":"product_cat-french-school","7":"product_tag-18th","8":"product_tag-old-master-drawings","9":"product_tag-grey-ink","10":"product_tag-gallery","11":"product_tag-gray-wash","12":"product_tag-christmas","13":"product_tag-military-subjects","15":"first","16":"instock","17":"taxable","18":"shipping-taxable","19":"purchasable","20":"product-type-simple"},"yoast_head":"<!-- This site is optimized with the Yoast SEO plugin v27.4 - https:\/\/yoast.com\/product\/yoast-seo-wordpress\/ -->\n<title>Two episodes from the life of Marshal de Catinat by Jean D\u00e9mosth\u00e8ne Dugourc (a pair)<\/title>\n<meta name=\"description\" content=\"Jean D\u00e9mosth\u00e8ne Dugourc Versailles 1740 \u2013 Paris 1825 The Awakening of Marshal de Catinat Officers Presented to Marshal Catinat Pen and grey ink with grey wash over pencil marks. Monogrammed and dated 1776 lower right (1) and lower left (2). 175 x 360 mm Provenance: Paris, H\u00f4tel Drouot, Me Desvouges, May 3rd, 1913, n\u00b0 49&hellip;\" \/>\n<meta name=\"robots\" content=\"index, follow, max-snippet:-1, max-image-preview:large, max-video-preview:-1\" \/>\n<link rel=\"canonical\" href=\"\" \/>\n<meta property=\"og:locale\" content=\"en_US\" \/>\n<meta property=\"og:type\" content=\"article\" \/>\n<meta property=\"og:title\" content=\"Two episodes from the life of Marshal de Catinat by Jean D\u00e9mosth\u00e8ne Dugourc (a pair)\" \/>\n<meta property=\"og:description\" content=\"Jean D\u00e9mosth\u00e8ne Dugourc Versailles 1740 \u2013 Paris 1825 The Awakening of Marshal de Catinat Officers Presented to Marshal Catinat Pen and grey ink with grey wash over pencil marks. Monogrammed and dated 1776 lower right (1) and lower left (2). 175 x 360 mm Provenance: Paris, H\u00f4tel Drouot, Me Desvouges, May 3rd, 1913, n\u00b0 49&hellip;\" \/>\n<meta property=\"og:url\" content=\"https:\/\/drawings-online.com\/en\/product\/two-episodes-from-the-life-of-marshal-de-catinat-by-jean-demosthene-dugourc-a-pair\/\" \/>\n<meta property=\"og:site_name\" content=\"Drawings-online\" \/>\n<meta property=\"article:publisher\" content=\"https:\/\/www.facebook.com\/people\/Drawings-online\/100034942735866\/\" \/>\n<meta property=\"article:modified_time\" content=\"2026-01-15T17:20:42+00:00\" \/>\n<meta property=\"og:image\" content=\"https:\/\/drawings-online.com\/wp-content\/uploads\/2021\/11\/DSC_2298_7-1024x1024.png\" \/>\n\t<meta property=\"og:image:width\" content=\"1024\" \/>\n\t<meta property=\"og:image:height\" content=\"1024\" \/>\n\t<meta property=\"og:image:type\" content=\"image\/png\" \/>\n<meta name=\"twitter:card\" content=\"summary_large_image\" \/>\n<meta name=\"twitter:site\" content=\"@OnlineDrawings\" \/>\n<meta name=\"twitter:label1\" content=\"Est. reading time\" \/>\n\t<meta name=\"twitter:data1\" content=\"5 minutes\" \/>\n<script type=\"application\/ld+json\" class=\"yoast-schema-graph\">{\"@context\":\"https:\\\/\\\/schema.org\",\"@graph\":[{\"@type\":\"WebPage\",\"@id\":\"https:\\\/\\\/drawings-online.com\\\/en\\\/product\\\/two-episodes-from-the-life-of-marshal-de-catinat-by-jean-demosthene-dugourc-a-pair\\\/\",\"url\":\"https:\\\/\\\/drawings-online.com\\\/en\\\/product\\\/two-episodes-from-the-life-of-marshal-de-catinat-by-jean-demosthene-dugourc-a-pair\\\/\",\"name\":\"Deux \u00e9pisodes de la vie du mar\u00e9chal de Catinat par Jean D\u00e9mosth\u00e8ne Dugourc (une paire) - Drawings-online\",\"isPartOf\":{\"@id\":\"https:\\\/\\\/drawings-online.com\\\/#website\"},\"primaryImageOfPage\":{\"@id\":\"https:\\\/\\\/drawings-online.com\\\/en\\\/product\\\/two-episodes-from-the-life-of-marshal-de-catinat-by-jean-demosthene-dugourc-a-pair\\\/#primaryimage\"},\"image\":{\"@id\":\"https:\\\/\\\/drawings-online.com\\\/en\\\/product\\\/two-episodes-from-the-life-of-marshal-de-catinat-by-jean-demosthene-dugourc-a-pair\\\/#primaryimage\"},\"thumbnailUrl\":\"https:\\\/\\\/drawings-online.com\\\/wp-content\\\/uploads\\\/2021\\\/11\\\/DSC_2298_7.png\",\"datePublished\":\"2023-07-11T03:40:23+00:00\",\"dateModified\":\"2026-01-15T17:20:42+00:00\",\"breadcrumb\":{\"@id\":\"https:\\\/\\\/drawings-online.com\\\/en\\\/product\\\/two-episodes-from-the-life-of-marshal-de-catinat-by-jean-demosthene-dugourc-a-pair\\\/#breadcrumb\"},\"inLanguage\":\"en-US\",\"potentialAction\":[{\"@type\":\"ReadAction\",\"target\":[\"https:\\\/\\\/drawings-online.com\\\/en\\\/product\\\/two-episodes-from-the-life-of-marshal-de-catinat-by-jean-demosthene-dugourc-a-pair\\\/\"]}]},{\"@type\":\"ImageObject\",\"inLanguage\":\"en-US\",\"@id\":\"https:\\\/\\\/drawings-online.com\\\/en\\\/product\\\/two-episodes-from-the-life-of-marshal-de-catinat-by-jean-demosthene-dugourc-a-pair\\\/#primaryimage\",\"url\":\"https:\\\/\\\/drawings-online.com\\\/wp-content\\\/uploads\\\/2021\\\/11\\\/DSC_2298_7.png\",\"contentUrl\":\"https:\\\/\\\/drawings-online.com\\\/wp-content\\\/uploads\\\/2021\\\/11\\\/DSC_2298_7.png\",\"width\":1800,\"height\":1800,\"caption\":\"Deux \u00e9pisodes de la vie du mar\u00e9chal de Catinat par Jean D\u00e9mosth\u00e8ne Dugourc (une paire)\"},{\"@type\":\"BreadcrumbList\",\"@id\":\"https:\\\/\\\/drawings-online.com\\\/en\\\/product\\\/two-episodes-from-the-life-of-marshal-de-catinat-by-jean-demosthene-dugourc-a-pair\\\/#breadcrumb\",\"itemListElement\":[{\"@type\":\"ListItem\",\"position\":1,\"name\":\"Works available\",\"item\":\"https:\\\/\\\/drawings-online.com\\\/\"},{\"@type\":\"ListItem\",\"position\":2,\"name\":\"Gallery\",\"item\":\"https:\\\/\\\/drawings-online.com\\\/galerie\\\/\"},{\"@type\":\"ListItem\",\"position\":3,\"name\":\"18e\",\"item\":\"https:\\\/\\\/drawings-online.com\\\/product_tag\\\/18e\\\/\"},{\"@type\":\"ListItem\",\"position\":4,\"name\":\"Two episodes from the life of Marshal de Catinat by Jean D\u00e9mosth\u00e8ne Dugourc (a pair)\"}]},{\"@type\":\"WebSite\",\"@id\":\"https:\\\/\\\/drawings-online.com\\\/en\\\/#website\",\"url\":\"https:\\\/\\\/drawings-online.com\\\/en\\\/\",\"name\":\"Drawings-online\",\"description\":\"Dessins en ligne\",\"publisher\":{\"@id\":\"https:\\\/\\\/drawings-online.com\\\/en\\\/#organization\"},\"potentialAction\":[{\"@type\":\"SearchAction\",\"target\":{\"@type\":\"EntryPoint\",\"urlTemplate\":\"https:\\\/\\\/drawings-online.com\\\/en\\\/?s={search_term_string}\"},\"query-input\":{\"@type\":\"PropertyValueSpecification\",\"valueRequired\":true,\"valueName\":\"search_term_string\"}}],\"inLanguage\":\"en-US\"},{\"@type\":\"Organization\",\"@id\":\"https:\\\/\\\/drawings-online.com\\\/en\\\/#organization\",\"name\":\"Drawings-online\",\"url\":\"https:\\\/\\\/drawings-online.com\\\/en\\\/\",\"logo\":{\"@type\":\"ImageObject\",\"inLanguage\":\"en-US\",\"@id\":\"https:\\\/\\\/drawings-online.com\\\/en\\\/#\\\/schema\\\/logo\\\/image\\\/\",\"url\":\"https:\\\/\\\/drawings-online.com\\\/wp-content\\\/uploads\\\/2020\\\/12\\\/drawings-icone-transp-e1607442878135.png\",\"contentUrl\":\"https:\\\/\\\/drawings-online.com\\\/wp-content\\\/uploads\\\/2020\\\/12\\\/drawings-icone-transp-e1607442878135.png\",\"width\":150,\"height\":150,\"caption\":\"Drawings-online\"},\"image\":{\"@id\":\"https:\\\/\\\/drawings-online.com\\\/en\\\/#\\\/schema\\\/logo\\\/image\\\/\"},\"sameAs\":[\"https:\\\/\\\/www.facebook.com\\\/people\\\/Drawings-online\\\/100034942735866\\\/\",\"https:\\\/\\\/x.com\\\/OnlineDrawings\",\"https:\\\/\\\/www.instagram.com\\\/drawings_online_com\\\/\"]}]}<\/script>\n<!-- \/ Yoast SEO plugin. -->","yoast_head_json":{"title":"Two episodes from the life of Marshal de Catinat by Jean D\u00e9mosth\u00e8ne Dugourc (a pair)","description":"Jean D\u00e9mosth\u00e8ne Dugourc Versailles 1740 \u2013 Paris 1825 The Awakening of Marshal de Catinat Officers Presented to Marshal Catinat Pen and grey ink with grey wash over pencil marks. Monogrammed and dated 1776 lower right (1) and lower left (2). 175 x 360 mm Provenance: Paris, H\u00f4tel Drouot, Me Desvouges, May 3rd, 1913, n\u00b0 49&hellip;","robots":{"index":"index","follow":"follow","max-snippet":"max-snippet:-1","max-image-preview":"max-image-preview:large","max-video-preview":"max-video-preview:-1"},"canonical":"Jean D\u00e9mosth\u00e8ne Dugourc Versailles 1740 \u2013 Paris 1825 The Awakening of Marshal de Catinat Officers Presented to Marshal Catinat Pen and grey ink with grey wash over pencil marks. Monogrammed and dated 1776 lower right (1) and lower left (2). 175 x 360 mm Provenance: Paris, H\u00f4tel Drouot, Me Desvouges, May 3rd, 1913, n\u00b0 49&hellip;","og_locale":"en_US","og_type":"article","og_title":"Two episodes from the life of Marshal de Catinat by Jean D\u00e9mosth\u00e8ne Dugourc (a pair)","og_description":"Jean D\u00e9mosth\u00e8ne Dugourc Versailles 1740 \u2013 Paris 1825 The Awakening of Marshal de Catinat Officers Presented to Marshal Catinat Pen and grey ink with grey wash over pencil marks. Monogrammed and dated 1776 lower right (1) and lower left (2). 175 x 360 mm Provenance: Paris, H\u00f4tel Drouot, Me Desvouges, May 3rd, 1913, n\u00b0 49&hellip;","og_url":"https:\/\/drawings-online.com\/en\/product\/two-episodes-from-the-life-of-marshal-de-catinat-by-jean-demosthene-dugourc-a-pair\/","og_site_name":"Drawings-online","article_publisher":"https:\/\/www.facebook.com\/people\/Drawings-online\/100034942735866\/","article_modified_time":"2026-01-15T17:20:42+00:00","og_image":[{"width":1024,"height":1024,"url":"https:\/\/drawings-online.com\/wp-content\/uploads\/2021\/11\/DSC_2298_7-1024x1024.png","type":"image\/png"}],"twitter_card":"summary_large_image","twitter_site":"@OnlineDrawings","twitter_misc":{"Est. reading time":"5 minutes"},"schema":{"@context":"https:\/\/schema.org","@graph":[{"@type":"WebPage","@id":"https:\/\/drawings-online.com\/en\/product\/two-episodes-from-the-life-of-marshal-de-catinat-by-jean-demosthene-dugourc-a-pair\/","url":"https:\/\/drawings-online.com\/en\/product\/two-episodes-from-the-life-of-marshal-de-catinat-by-jean-demosthene-dugourc-a-pair\/","name":"Deux \u00e9pisodes de la vie du mar\u00e9chal de Catinat par Jean D\u00e9mosth\u00e8ne Dugourc (une paire) - Drawings-online","isPartOf":{"@id":"https:\/\/drawings-online.com\/#website"},"primaryImageOfPage":{"@id":"https:\/\/drawings-online.com\/en\/product\/two-episodes-from-the-life-of-marshal-de-catinat-by-jean-demosthene-dugourc-a-pair\/#primaryimage"},"image":{"@id":"https:\/\/drawings-online.com\/en\/product\/two-episodes-from-the-life-of-marshal-de-catinat-by-jean-demosthene-dugourc-a-pair\/#primaryimage"},"thumbnailUrl":"https:\/\/drawings-online.com\/wp-content\/uploads\/2021\/11\/DSC_2298_7.png","datePublished":"2023-07-11T03:40:23+00:00","dateModified":"2026-01-15T17:20:42+00:00","breadcrumb":{"@id":"https:\/\/drawings-online.com\/en\/product\/two-episodes-from-the-life-of-marshal-de-catinat-by-jean-demosthene-dugourc-a-pair\/#breadcrumb"},"inLanguage":"en-US","potentialAction":[{"@type":"ReadAction","target":["https:\/\/drawings-online.com\/en\/product\/two-episodes-from-the-life-of-marshal-de-catinat-by-jean-demosthene-dugourc-a-pair\/"]}]},{"@type":"ImageObject","inLanguage":"en-US","@id":"https:\/\/drawings-online.com\/en\/product\/two-episodes-from-the-life-of-marshal-de-catinat-by-jean-demosthene-dugourc-a-pair\/#primaryimage","url":"https:\/\/drawings-online.com\/wp-content\/uploads\/2021\/11\/DSC_2298_7.png","contentUrl":"https:\/\/drawings-online.com\/wp-content\/uploads\/2021\/11\/DSC_2298_7.png","width":1800,"height":1800,"caption":"Deux \u00e9pisodes de la vie du mar\u00e9chal de Catinat par Jean D\u00e9mosth\u00e8ne Dugourc (une paire)"},{"@type":"BreadcrumbList","@id":"https:\/\/drawings-online.com\/en\/product\/two-episodes-from-the-life-of-marshal-de-catinat-by-jean-demosthene-dugourc-a-pair\/#breadcrumb","itemListElement":[{"@type":"ListItem","position":1,"name":"Works available","item":"https:\/\/drawings-online.com\/"},{"@type":"ListItem","position":2,"name":"Gallery","item":"https:\/\/drawings-online.com\/galerie\/"},{"@type":"ListItem","position":3,"name":"18e","item":"https:\/\/drawings-online.com\/product_tag\/18e\/"},{"@type":"ListItem","position":4,"name":"Two episodes from the life of Marshal de Catinat by Jean D\u00e9mosth\u00e8ne Dugourc (a pair)"}]},{"@type":"WebSite","@id":"https:\/\/drawings-online.com\/en\/#website","url":"https:\/\/drawings-online.com\/en\/","name":"Drawings-online","description":"Dessins en ligne","publisher":{"@id":"https:\/\/drawings-online.com\/en\/#organization"},"potentialAction":[{"@type":"SearchAction","target":{"@type":"EntryPoint","urlTemplate":"https:\/\/drawings-online.com\/en\/?s={search_term_string}"},"query-input":{"@type":"PropertyValueSpecification","valueRequired":true,"valueName":"search_term_string"}}],"inLanguage":"en-US"},{"@type":"Organization","@id":"https:\/\/drawings-online.com\/en\/#organization","name":"Drawings-online","url":"https:\/\/drawings-online.com\/en\/","logo":{"@type":"ImageObject","inLanguage":"en-US","@id":"https:\/\/drawings-online.com\/en\/#\/schema\/logo\/image\/","url":"https:\/\/drawings-online.com\/wp-content\/uploads\/2020\/12\/drawings-icone-transp-e1607442878135.png","contentUrl":"https:\/\/drawings-online.com\/wp-content\/uploads\/2020\/12\/drawings-icone-transp-e1607442878135.png","width":150,"height":150,"caption":"Drawings-online"},"image":{"@id":"https:\/\/drawings-online.com\/en\/#\/schema\/logo\/image\/"},"sameAs":["https:\/\/www.facebook.com\/people\/Drawings-online\/100034942735866\/","https:\/\/x.com\/OnlineDrawings","https:\/\/www.instagram.com\/drawings_online_com\/"]}]}},"jetpack_sharing_enabled":true,"_links":{"self":[{"href":"https:\/\/drawings-online.com\/en\/wp-json\/wp\/v2\/product\/4327","targetHints":{"allow":["GET"]}}],"collection":[{"href":"https:\/\/drawings-online.com\/en\/wp-json\/wp\/v2\/product"}],"about":[{"href":"https:\/\/drawings-online.com\/en\/wp-json\/wp\/v2\/types\/product"}],"wp:featuredmedia":[{"embeddable":true,"href":"https:\/\/drawings-online.com\/en\/wp-json\/wp\/v2\/media\/4344"}],"wp:attachment":[{"href":"https:\/\/drawings-online.com\/en\/wp-json\/wp\/v2\/media?parent=4327"}],"wp:term":[{"taxonomy":"product_brand","embeddable":true,"href":"https:\/\/drawings-online.com\/en\/wp-json\/wp\/v2\/product_brand?post=4327"},{"taxonomy":"product_cat","embeddable":true,"href":"https:\/\/drawings-online.com\/en\/wp-json\/wp\/v2\/product_cat?post=4327"},{"taxonomy":"product_tag","embeddable":true,"href":"https:\/\/drawings-online.com\/en\/wp-json\/wp\/v2\/product_tag?post=4327"}],"curies":[{"name":"wp","href":"https:\/\/api.w.org\/{rel}","templated":true}]}}