{"id":4317,"date":"2021-11-03T22:00:52","date_gmt":"2021-11-03T21:00:52","guid":{"rendered":"https:\/\/drawings-online.com\/product\/\/"},"modified":"2022-02-10T09:32:18","modified_gmt":"2022-02-10T08:32:18","slug":"etude-de-la-tete-de-saint-jean-levangeliste-de-profil-par-hippolyte-flandrin","status":"publish","type":"product","link":"https:\/\/drawings-online.com\/en\/product\/study-of-the-head-of-saint-john-the-evangelist-in-profile-by-hippolyte-flandrin\/","title":{"rendered":"Study of the Head of Saint John the Evangelist in Profile by Hippolyte Flandrin"},"content":{"rendered":"<p><strong>Hippolyte Flandrin<\/strong><\/p>\n<p>Lyon 1809 &#8211; Rome 1864<\/p>\n<p><strong><em>Study of the Head of Saint John the Evangelist in Profile<\/em><\/strong><\/p>\n<p>Oil on paper mounted on canvas<\/p>\n<p>219 x 176 mm &#8211; 8 6\/8 x 6 7\/8 in.<\/p>\n<p>Inscribed in black chalk lower right: <em>1 Juin 1842 <\/em>(1<sup>st<\/sup> June 1842).<\/p>\n<p>Provenance: Paris, Laurin-Guilloux-Buffetaud sale, March 23rd, 2001, n \u00b0 91; London, Jean Luc Baroni Ltd., 2003; New York, Sotheby&#8217;s, January 26th, 2012, n \u00b0 222.<\/p>\n<p>Bibliography: Catalogue Jean-Luc Baroni, 2003, n \u00b0 38.<\/p>\n<p>&nbsp;<\/p>\n<p>&nbsp;<\/p>\n<p>&nbsp;<\/p>\n<p>Born in Lyon, Hippolyte Flandrin began his career frequenting Pierre R\u00e9voil&#8217;s studio, which encouraged him to complete his training in Paris. A pupil of Jean-Auguste Dominique Ingres, Flandrin received the Prix de Rome in 1832 for <em>Th\u00e9s\u00e9e reconnu par son <\/em>p\u00e8re (<em>Theseus Recognised by his Father<\/em>, Paris, Beaux-Arts de Paris) and travelled to Villa Medici in Rome. He initially practiced history painting before turning to religious painting and played a leading role in the huge church decoration schemes that took place in the second half of the 19th century, particularly in Paris, Lyon and N\u00eemes. Flandrin was elected member of the Academy of Fine Arts in 1853.<a href=\"#_ftn1\" name=\"_ftnref1\">[1]<\/a><\/p>\n<p>&nbsp;<\/p>\n<p>Our oil study can be compared to the face seen in profile of a young Saint John in the <em>Vocation de saint Jean l\u2019\u00e9vang\u00e9liste<\/em> (<em>The Vocation of Saint John the Evangelist<\/em>), one of four murals that Flandrin painted for the chapelle Saint-Jean in the church of Saint-S\u00e9verin, Paris between 1839 and 1841.<a href=\"#_ftn2\" name=\"_ftnref2\">[2]<\/a><\/p>\n<p>&nbsp;<\/p>\n<p>This commission, received in 1839, constitutes Flandrin\u2019s first monumental work. He made a large number of preparatory cartoons that he used to transfer his designs onto the chapel walls; the squaring up onto a grid is still visible in certain places. The artist illustrates four episodes from the life of Saint John: <em>La C\u00e8ne, Saint Jean r\u00e9digeant l\u2019Apocalypse sur l\u2019\u00eele de Patmos, Le martyre du saint plong\u00e9 dans l\u2019eau bouillante <\/em>and <em>Sa vocation<\/em> (<em>The Last Supper, Saint John Writing the Apocalypse on the Isle of Patmos, The Martyrdom of the Saint Immersed in Boiling Water<\/em> and <em>His Vocation<\/em>). For this project, Flandrin favoured a technique that combines oil paint and wax, giving a matt finish similar to the antique paintings he admired during his stay in Italy. It is a process that he would use again in Paris, for the churches of Saint-Germain-des-Pr\u00e9s and Saint-Vincent-de-Paul<a href=\"#_ftn3\" name=\"_ftnref3\">[3]<\/a>.<\/p>\n<p>&nbsp;<\/p>\n<figure id=\"attachment_4318\" aria-describedby=\"caption-attachment-4318\" style=\"width: 129px\" class=\"wp-caption alignleft\"><a href=\"https:\/\/drawings-online.com\/wp-content\/uploads\/2021\/11\/Mu00071-44638.jpg\"><img loading=\"lazy\" decoding=\"async\" class=\"wp-image-4318\" src=\"https:\/\/drawings-online.com\/wp-content\/uploads\/2021\/11\/Mu00071-44638-251x300.jpg\" alt=\"\" width=\"129\" height=\"155\" srcset=\"https:\/\/drawings-online.com\/wp-content\/uploads\/2021\/11\/Mu00071-44638-251x300.jpg 251w, https:\/\/drawings-online.com\/wp-content\/uploads\/2021\/11\/Mu00071-44638-300x358.jpg 300w, https:\/\/drawings-online.com\/wp-content\/uploads\/2021\/11\/Mu00071-44638-600x716.jpg 600w, https:\/\/drawings-online.com\/wp-content\/uploads\/2021\/11\/Mu00071-44638.jpg 635w\" sizes=\"auto, (max-width: 129px) 100vw, 129px\" \/><\/a><figcaption id=\"caption-attachment-4318\" class=\"wp-caption-text\">fig1<\/figcaption><\/figure>\n<p>If the annotation <em>1 Juin 1842<\/em> located at the bottom right of our canvas is by the artist, this would suggest the work was made after the completion of the murals that were inaugurated in 1841. Two other works by Flandrin that illustrate the head of Saint John are also listed: the slightly larger one (240 x 200 mm) is held at the \u00e9cole des Beaux-Arts de Paris <a href=\"#_ftn4\" name=\"_ftnref4\">[4]<\/a> (fig. 1), while the oval format work (268 x 218 mm) belongs in the collection of the Ingres Bourdelle Museum in Montauban (fig. 2).<a href=\"#_ftn5\" name=\"_ftnref5\">[5]<\/a><\/p>\n<figure id=\"attachment_4319\" aria-describedby=\"caption-attachment-4319\" style=\"width: 151px\" class=\"wp-caption alignright\"><a href=\"https:\/\/drawings-online.com\/wp-content\/uploads\/2021\/11\/INGRES_8cc9aefb-589e-4c8b-9d1c-02bc08b17470_v0001.jpg\"><img loading=\"lazy\" decoding=\"async\" class=\"wp-image-4319\" src=\"https:\/\/drawings-online.com\/wp-content\/uploads\/2021\/11\/INGRES_8cc9aefb-589e-4c8b-9d1c-02bc08b17470_v0001-236x300.jpg\" alt=\"\" width=\"151\" height=\"191\" srcset=\"https:\/\/drawings-online.com\/wp-content\/uploads\/2021\/11\/INGRES_8cc9aefb-589e-4c8b-9d1c-02bc08b17470_v0001-236x300.jpg 236w, https:\/\/drawings-online.com\/wp-content\/uploads\/2021\/11\/INGRES_8cc9aefb-589e-4c8b-9d1c-02bc08b17470_v0001-300x381.jpg 300w, https:\/\/drawings-online.com\/wp-content\/uploads\/2021\/11\/INGRES_8cc9aefb-589e-4c8b-9d1c-02bc08b17470_v0001.jpg 378w\" sizes=\"auto, (max-width: 151px) 100vw, 151px\" \/><\/a><figcaption id=\"caption-attachment-4319\" class=\"wp-caption-text\">Fig.2<\/figcaption><\/figure>\n<p>Flandrin frequently used relatives \u2013 family, friends and collaborators \u2013 as models for the figures of saints in his compositions <a href=\"#_ftn6\" name=\"_ftnref6\">[6]<\/a>. Could our head of Saint John be one of the \u201chidden portraits\u201d in the Saint-S\u00e9verin cycle?<\/p>\n<p>&nbsp;<\/p>\n<p>Condition report: Oil on paper mounted on canvas.<\/p>\n<p>U.V. lamp examination shows a yellow varnish that prevents a good reading of the work. An old paper crease crosses the composition vertically at the top centre.<\/p>\n<p>&nbsp;<\/p>\n<p><a href=\"#_ftnref1\" name=\"_ftn1\">[1]<\/a> For a detailed biography, see: cf. <a href=\"https:\/\/www.mba-lyon.fr\/sites\/mba\/files\/medias\/images\/2021-03\/Chronologie_Freres_Flandrin.pdf\">Chronologie_Freres_Flandrin.pdf (mba-lyon.fr)<\/a><\/p>\n<p><a href=\"#_ftnref2\" name=\"_ftn2\">[2]<\/a> <em>Hippolyte, Auguste et Paul Flandrin\u00a0: une fraternit\u00e9 picturale au XIXe <\/em>si\u00e8cle (<em>Hippolyte, Auguste and Paul Flandrin: a Pictorial Fraternity in the 19<sup>th<\/sup> Century<\/em>), exhibition catalogue, Paris, Mus\u00e9e du Luxembourg and Lyon, Mus\u00e9e des Beaux-Arts, 1984, p. 82-89. The chapelle Saint-Jean is currently undergoing restoration.<\/p>\n<p><a href=\"#_ftnref3\" name=\"_ftn3\">[3]<\/a> For a more in-depth study of monumental decoration by the Flandrin brothers: St\u00e9phane Paccoud, &#8220;L\u2019atelier du d\u00e9cor monumental&#8221; (The Monumental Decor Workshop); <em>Hippolyte, Paul, Auguste. Les Flandrin artists et fr\u00e8res <\/em>(<em>Hippolyte, Paul, Auguste. The Flandrin Artists and Brothers<\/em>), exhibition catalogue edited by Elena Marchetti and St\u00e9phane Paccoud, Mus\u00e9e des Beaux-Arts de Lyon, 2021, p.\u00a0246-270.<\/p>\n<p><a href=\"#_ftnref4\" name=\"_ftn4\">[4]<\/a> <em>Hippolyte, Auguste et Paul Flandrin\u00a0: une fraternit\u00e9 picturale au XIXe <\/em>si\u00e8cle (<em>Hippolyte, Auguste and Paul Flandrin: a Pictorial Fraternity in the 19<sup>th<\/sup> Century<\/em>), exhibition catalogue, Paris, Mus\u00e9e du Luxembourg and Lyon, Mus\u00e9e des Beaux-Arts, 1984, p. 89, n\u00b0 28: Oil on canvas, 240 x 200 mm, Signed on the lower right, <em>Hte Flandrin<\/em>. Inv. MU 71. This work was included in the posthumous sale of Flandrin\u2019s works in 1865, numbered 69: <em>T\u00eate de saint Jean pour le m\u00eame d\u00e9coration [Saint-S\u00e9verin].\/ Ann\u00e9e 1840 <\/em>(<em>Head of Saint John for the same decoration [Saint-S\u00e9verin<\/em>].\/ Year 1840).<\/p>\n<p><a href=\"#_ftnref5\" name=\"_ftn5\">[5]<\/a> Inv. MI 974-3-1. Work offered for sale at H\u00f4tel Drouot, Paris, November 23<sup>rd<\/sup>, 1973, n\u00b0 112. Cf. <em>Idem<\/em>, p.\u00a089.<\/p>\n<p><a href=\"#_ftnref6\" name=\"_ftn6\">[6]<\/a> Cf. St\u00e9phane Paccoud, <em>op. cit.<\/em>, p. 252-253.<\/p>\n<p>&nbsp;<\/p>\n<p>&nbsp;<\/p>\n","protected":false},"excerpt":{"rendered":"<p>Hippolyte Flandrin Lyon 1809 &#8211; Rome 1864 Study of the Head of Saint John the Evangelist in Profile Oil on paper mounted on canvas 219 x 176 mm &#8211; 8 6\/8 x 6 7\/8 in. Inscribed in black chalk lower right: 1 Juin 1842 (1st June 1842). Provenance: Paris, Laurin-Guilloux-Buffetaud sale, March 23rd, 2001, n [&hellip;]<\/p>\n","protected":false},"featured_media":4320,"template":"","meta":{"_themeisle_gutenberg_block_has_review":false},"product_brand":[],"product_cat":[78],"product_tag":[37,353,86,99,330,96],"class_list":{"0":"post-4317","1":"product","2":"type-product","3":"status-publish","4":"has-post-thumbnail","6":"product_cat-french-school","7":"product_tag-19th","8":"product_tag-gallery","9":"product_tag-oil-on-paper","10":"product_tag-portrait","11":"product_tag-ricordo","12":"product_tag-religious-subject","14":"first","15":"outofstock","16":"taxable","17":"shipping-taxable","18":"purchasable","19":"product-type-simple"},"yoast_head":"<!-- This site is optimized with the Yoast SEO plugin v27.5 - https:\/\/yoast.com\/product\/yoast-seo-wordpress\/ -->\n<title>Study of the Head of Saint John the Evangelist in Profile by Hippolyte Flandrin<\/title>\n<meta name=\"description\" content=\"Hippolyte Flandrin Lyon 1809 - Rome 1864 Study of the Head of Saint John the Evangelist in Profile Oil on paper mounted on canvas 219 x 176 mm - 8 6\/8 x 6 7\/8 in. Inscribed in black chalk lower right: 1 Juin 1842 (1st June 1842). Provenance: Paris, Laurin-Guilloux-Buffetaud sale, March 23rd, 2001, n&hellip;\" \/>\n<meta name=\"robots\" content=\"index, follow, max-snippet:-1, max-image-preview:large, max-video-preview:-1\" \/>\n<link rel=\"canonical\" href=\"\" \/>\n<meta property=\"og:locale\" content=\"en_US\" \/>\n<meta property=\"og:type\" content=\"article\" \/>\n<meta property=\"og:title\" content=\"Study of the Head of Saint John the Evangelist in Profile by Hippolyte Flandrin\" \/>\n<meta property=\"og:description\" content=\"Hippolyte Flandrin Lyon 1809 - Rome 1864 Study of the Head of Saint John the Evangelist in Profile Oil on paper mounted on canvas 219 x 176 mm - 8 6\/8 x 6 7\/8 in. Inscribed in black chalk lower right: 1 Juin 1842 (1st June 1842). Provenance: Paris, Laurin-Guilloux-Buffetaud sale, March 23rd, 2001, n&hellip;\" \/>\n<meta property=\"og:url\" content=\"https:\/\/drawings-online.com\/en\/product\/study-of-the-head-of-saint-john-the-evangelist-in-profile-by-hippolyte-flandrin\/\" \/>\n<meta property=\"og:site_name\" content=\"Drawings-online\" \/>\n<meta property=\"article:publisher\" content=\"https:\/\/www.facebook.com\/people\/Drawings-online\/100034942735866\/\" \/>\n<meta property=\"article:modified_time\" content=\"2022-02-10T08:32:18+00:00\" \/>\n<meta property=\"og:image\" content=\"https:\/\/drawings-online.com\/wp-content\/uploads\/2021\/11\/DSC_3665_1-1024x1024.png\" \/>\n\t<meta property=\"og:image:width\" content=\"1024\" \/>\n\t<meta property=\"og:image:height\" content=\"1024\" \/>\n\t<meta property=\"og:image:type\" content=\"image\/png\" \/>\n<meta name=\"twitter:card\" content=\"summary_large_image\" \/>\n<meta name=\"twitter:site\" content=\"@OnlineDrawings\" \/>\n<meta name=\"twitter:label1\" content=\"Est. reading time\" \/>\n\t<meta name=\"twitter:data1\" content=\"4 minutes\" \/>\n<script type=\"application\/ld+json\" class=\"yoast-schema-graph\">{\"@context\":\"https:\\\/\\\/schema.org\",\"@graph\":[{\"@type\":\"WebPage\",\"@id\":\"https:\\\/\\\/drawings-online.com\\\/en\\\/product\\\/study-of-the-head-of-saint-john-the-evangelist-in-profile-by-hippolyte-flandrin\\\/\",\"url\":\"https:\\\/\\\/drawings-online.com\\\/en\\\/product\\\/study-of-the-head-of-saint-john-the-evangelist-in-profile-by-hippolyte-flandrin\\\/\",\"name\":\"\u00c9tude de la t\u00eate de Saint Jean l\u2019\u00e9vang\u00e9liste de profil par Hippolyte Flandrin - Drawings-online\",\"isPartOf\":{\"@id\":\"https:\\\/\\\/drawings-online.com\\\/#website\"},\"primaryImageOfPage\":{\"@id\":\"https:\\\/\\\/drawings-online.com\\\/en\\\/product\\\/study-of-the-head-of-saint-john-the-evangelist-in-profile-by-hippolyte-flandrin\\\/#primaryimage\"},\"image\":{\"@id\":\"https:\\\/\\\/drawings-online.com\\\/en\\\/product\\\/study-of-the-head-of-saint-john-the-evangelist-in-profile-by-hippolyte-flandrin\\\/#primaryimage\"},\"thumbnailUrl\":\"https:\\\/\\\/drawings-online.com\\\/wp-content\\\/uploads\\\/2021\\\/11\\\/DSC_3665_1.png\",\"datePublished\":\"2021-11-03T21:00:52+00:00\",\"dateModified\":\"2022-02-10T08:32:18+00:00\",\"breadcrumb\":{\"@id\":\"https:\\\/\\\/drawings-online.com\\\/en\\\/product\\\/study-of-the-head-of-saint-john-the-evangelist-in-profile-by-hippolyte-flandrin\\\/#breadcrumb\"},\"inLanguage\":\"en-US\",\"potentialAction\":[{\"@type\":\"ReadAction\",\"target\":[\"https:\\\/\\\/drawings-online.com\\\/en\\\/product\\\/study-of-the-head-of-saint-john-the-evangelist-in-profile-by-hippolyte-flandrin\\\/\"]}]},{\"@type\":\"ImageObject\",\"inLanguage\":\"en-US\",\"@id\":\"https:\\\/\\\/drawings-online.com\\\/en\\\/product\\\/study-of-the-head-of-saint-john-the-evangelist-in-profile-by-hippolyte-flandrin\\\/#primaryimage\",\"url\":\"https:\\\/\\\/drawings-online.com\\\/wp-content\\\/uploads\\\/2021\\\/11\\\/DSC_3665_1.png\",\"contentUrl\":\"https:\\\/\\\/drawings-online.com\\\/wp-content\\\/uploads\\\/2021\\\/11\\\/DSC_3665_1.png\",\"width\":1800,\"height\":1800,\"caption\":\"\u00c9tude de la t\u00eate de Saint Jean l\u2019\u00e9vang\u00e9liste de profil par Hippolyte Flandrin\"},{\"@type\":\"BreadcrumbList\",\"@id\":\"https:\\\/\\\/drawings-online.com\\\/en\\\/product\\\/study-of-the-head-of-saint-john-the-evangelist-in-profile-by-hippolyte-flandrin\\\/#breadcrumb\",\"itemListElement\":[{\"@type\":\"ListItem\",\"position\":1,\"name\":\"Works available\",\"item\":\"https:\\\/\\\/drawings-online.com\\\/\"},{\"@type\":\"ListItem\",\"position\":2,\"name\":\"Gallery\",\"item\":\"https:\\\/\\\/drawings-online.com\\\/galerie\\\/\"},{\"@type\":\"ListItem\",\"position\":3,\"name\":\"19e\",\"item\":\"https:\\\/\\\/drawings-online.com\\\/product_tag\\\/19e\\\/\"},{\"@type\":\"ListItem\",\"position\":4,\"name\":\"Study of the Head of Saint John the Evangelist in Profile by Hippolyte Flandrin\"}]},{\"@type\":\"WebSite\",\"@id\":\"https:\\\/\\\/drawings-online.com\\\/en\\\/#website\",\"url\":\"https:\\\/\\\/drawings-online.com\\\/en\\\/\",\"name\":\"Drawings-online\",\"description\":\"Dessins en ligne\",\"publisher\":{\"@id\":\"https:\\\/\\\/drawings-online.com\\\/en\\\/#organization\"},\"potentialAction\":[{\"@type\":\"SearchAction\",\"target\":{\"@type\":\"EntryPoint\",\"urlTemplate\":\"https:\\\/\\\/drawings-online.com\\\/en\\\/?s={search_term_string}\"},\"query-input\":{\"@type\":\"PropertyValueSpecification\",\"valueRequired\":true,\"valueName\":\"search_term_string\"}}],\"inLanguage\":\"en-US\"},{\"@type\":\"Organization\",\"@id\":\"https:\\\/\\\/drawings-online.com\\\/en\\\/#organization\",\"name\":\"Drawings-online\",\"url\":\"https:\\\/\\\/drawings-online.com\\\/en\\\/\",\"logo\":{\"@type\":\"ImageObject\",\"inLanguage\":\"en-US\",\"@id\":\"https:\\\/\\\/drawings-online.com\\\/en\\\/#\\\/schema\\\/logo\\\/image\\\/\",\"url\":\"https:\\\/\\\/drawings-online.com\\\/wp-content\\\/uploads\\\/2020\\\/12\\\/drawings-icone-transp-e1607442878135.png\",\"contentUrl\":\"https:\\\/\\\/drawings-online.com\\\/wp-content\\\/uploads\\\/2020\\\/12\\\/drawings-icone-transp-e1607442878135.png\",\"width\":150,\"height\":150,\"caption\":\"Drawings-online\"},\"image\":{\"@id\":\"https:\\\/\\\/drawings-online.com\\\/en\\\/#\\\/schema\\\/logo\\\/image\\\/\"},\"sameAs\":[\"https:\\\/\\\/www.facebook.com\\\/people\\\/Drawings-online\\\/100034942735866\\\/\",\"https:\\\/\\\/x.com\\\/OnlineDrawings\",\"https:\\\/\\\/www.instagram.com\\\/drawings_online_com\\\/\"]}]}<\/script>\n<!-- \/ Yoast SEO plugin. -->","yoast_head_json":{"title":"Study of the Head of Saint John the Evangelist in Profile by Hippolyte Flandrin","description":"Hippolyte Flandrin Lyon 1809 - Rome 1864 Study of the Head of Saint John the Evangelist in Profile Oil on paper mounted on canvas 219 x 176 mm - 8 6\/8 x 6 7\/8 in. Inscribed in black chalk lower right: 1 Juin 1842 (1st June 1842). Provenance: Paris, Laurin-Guilloux-Buffetaud sale, March 23rd, 2001, n&hellip;","robots":{"index":"index","follow":"follow","max-snippet":"max-snippet:-1","max-image-preview":"max-image-preview:large","max-video-preview":"max-video-preview:-1"},"canonical":"Hippolyte Flandrin Lyon 1809 - Rome 1864 Study of the Head of Saint John the Evangelist in Profile Oil on paper mounted on canvas 219 x 176 mm - 8 6\/8 x 6 7\/8 in. Inscribed in black chalk lower right: 1 Juin 1842 (1st June 1842). Provenance: Paris, Laurin-Guilloux-Buffetaud sale, March 23rd, 2001, n&hellip;","og_locale":"en_US","og_type":"article","og_title":"Study of the Head of Saint John the Evangelist in Profile by Hippolyte Flandrin","og_description":"Hippolyte Flandrin Lyon 1809 - Rome 1864 Study of the Head of Saint John the Evangelist in Profile Oil on paper mounted on canvas 219 x 176 mm - 8 6\/8 x 6 7\/8 in. Inscribed in black chalk lower right: 1 Juin 1842 (1st June 1842). Provenance: Paris, Laurin-Guilloux-Buffetaud sale, March 23rd, 2001, n&hellip;","og_url":"https:\/\/drawings-online.com\/en\/product\/study-of-the-head-of-saint-john-the-evangelist-in-profile-by-hippolyte-flandrin\/","og_site_name":"Drawings-online","article_publisher":"https:\/\/www.facebook.com\/people\/Drawings-online\/100034942735866\/","article_modified_time":"2022-02-10T08:32:18+00:00","og_image":[{"width":1024,"height":1024,"url":"https:\/\/drawings-online.com\/wp-content\/uploads\/2021\/11\/DSC_3665_1-1024x1024.png","type":"image\/png"}],"twitter_card":"summary_large_image","twitter_site":"@OnlineDrawings","twitter_misc":{"Est. reading time":"4 minutes"},"schema":{"@context":"https:\/\/schema.org","@graph":[{"@type":"WebPage","@id":"https:\/\/drawings-online.com\/en\/product\/study-of-the-head-of-saint-john-the-evangelist-in-profile-by-hippolyte-flandrin\/","url":"https:\/\/drawings-online.com\/en\/product\/study-of-the-head-of-saint-john-the-evangelist-in-profile-by-hippolyte-flandrin\/","name":"\u00c9tude de la t\u00eate de Saint Jean l\u2019\u00e9vang\u00e9liste de profil par Hippolyte Flandrin - Drawings-online","isPartOf":{"@id":"https:\/\/drawings-online.com\/#website"},"primaryImageOfPage":{"@id":"https:\/\/drawings-online.com\/en\/product\/study-of-the-head-of-saint-john-the-evangelist-in-profile-by-hippolyte-flandrin\/#primaryimage"},"image":{"@id":"https:\/\/drawings-online.com\/en\/product\/study-of-the-head-of-saint-john-the-evangelist-in-profile-by-hippolyte-flandrin\/#primaryimage"},"thumbnailUrl":"https:\/\/drawings-online.com\/wp-content\/uploads\/2021\/11\/DSC_3665_1.png","datePublished":"2021-11-03T21:00:52+00:00","dateModified":"2022-02-10T08:32:18+00:00","breadcrumb":{"@id":"https:\/\/drawings-online.com\/en\/product\/study-of-the-head-of-saint-john-the-evangelist-in-profile-by-hippolyte-flandrin\/#breadcrumb"},"inLanguage":"en-US","potentialAction":[{"@type":"ReadAction","target":["https:\/\/drawings-online.com\/en\/product\/study-of-the-head-of-saint-john-the-evangelist-in-profile-by-hippolyte-flandrin\/"]}]},{"@type":"ImageObject","inLanguage":"en-US","@id":"https:\/\/drawings-online.com\/en\/product\/study-of-the-head-of-saint-john-the-evangelist-in-profile-by-hippolyte-flandrin\/#primaryimage","url":"https:\/\/drawings-online.com\/wp-content\/uploads\/2021\/11\/DSC_3665_1.png","contentUrl":"https:\/\/drawings-online.com\/wp-content\/uploads\/2021\/11\/DSC_3665_1.png","width":1800,"height":1800,"caption":"\u00c9tude de la t\u00eate de Saint Jean l\u2019\u00e9vang\u00e9liste de profil par Hippolyte Flandrin"},{"@type":"BreadcrumbList","@id":"https:\/\/drawings-online.com\/en\/product\/study-of-the-head-of-saint-john-the-evangelist-in-profile-by-hippolyte-flandrin\/#breadcrumb","itemListElement":[{"@type":"ListItem","position":1,"name":"Works available","item":"https:\/\/drawings-online.com\/"},{"@type":"ListItem","position":2,"name":"Gallery","item":"https:\/\/drawings-online.com\/galerie\/"},{"@type":"ListItem","position":3,"name":"19e","item":"https:\/\/drawings-online.com\/product_tag\/19e\/"},{"@type":"ListItem","position":4,"name":"Study of the Head of Saint John the Evangelist in Profile by Hippolyte Flandrin"}]},{"@type":"WebSite","@id":"https:\/\/drawings-online.com\/en\/#website","url":"https:\/\/drawings-online.com\/en\/","name":"Drawings-online","description":"Dessins en ligne","publisher":{"@id":"https:\/\/drawings-online.com\/en\/#organization"},"potentialAction":[{"@type":"SearchAction","target":{"@type":"EntryPoint","urlTemplate":"https:\/\/drawings-online.com\/en\/?s={search_term_string}"},"query-input":{"@type":"PropertyValueSpecification","valueRequired":true,"valueName":"search_term_string"}}],"inLanguage":"en-US"},{"@type":"Organization","@id":"https:\/\/drawings-online.com\/en\/#organization","name":"Drawings-online","url":"https:\/\/drawings-online.com\/en\/","logo":{"@type":"ImageObject","inLanguage":"en-US","@id":"https:\/\/drawings-online.com\/en\/#\/schema\/logo\/image\/","url":"https:\/\/drawings-online.com\/wp-content\/uploads\/2020\/12\/drawings-icone-transp-e1607442878135.png","contentUrl":"https:\/\/drawings-online.com\/wp-content\/uploads\/2020\/12\/drawings-icone-transp-e1607442878135.png","width":150,"height":150,"caption":"Drawings-online"},"image":{"@id":"https:\/\/drawings-online.com\/en\/#\/schema\/logo\/image\/"},"sameAs":["https:\/\/www.facebook.com\/people\/Drawings-online\/100034942735866\/","https:\/\/x.com\/OnlineDrawings","https:\/\/www.instagram.com\/drawings_online_com\/"]}]}},"jetpack_sharing_enabled":true,"_links":{"self":[{"href":"https:\/\/drawings-online.com\/en\/wp-json\/wp\/v2\/product\/4317","targetHints":{"allow":["GET"]}}],"collection":[{"href":"https:\/\/drawings-online.com\/en\/wp-json\/wp\/v2\/product"}],"about":[{"href":"https:\/\/drawings-online.com\/en\/wp-json\/wp\/v2\/types\/product"}],"wp:featuredmedia":[{"embeddable":true,"href":"https:\/\/drawings-online.com\/en\/wp-json\/wp\/v2\/media\/4320"}],"wp:attachment":[{"href":"https:\/\/drawings-online.com\/en\/wp-json\/wp\/v2\/media?parent=4317"}],"wp:term":[{"taxonomy":"product_brand","embeddable":true,"href":"https:\/\/drawings-online.com\/en\/wp-json\/wp\/v2\/product_brand?post=4317"},{"taxonomy":"product_cat","embeddable":true,"href":"https:\/\/drawings-online.com\/en\/wp-json\/wp\/v2\/product_cat?post=4317"},{"taxonomy":"product_tag","embeddable":true,"href":"https:\/\/drawings-online.com\/en\/wp-json\/wp\/v2\/product_tag?post=4317"}],"curies":[{"name":"wp","href":"https:\/\/api.w.org\/{rel}","templated":true}]}}