{"id":4229,"date":"2021-11-03T22:20:36","date_gmt":"2021-11-03T21:20:36","guid":{"rendered":"https:\/\/drawings-online.com\/product\/\/"},"modified":"2022-02-10T09:32:20","modified_gmt":"2022-02-10T08:32:20","slug":"moine-chartreux-absorbe-par-ses-pensees-dans-les-ruines-du-palais-imperial-sur-le-palatin-a-rome-par-franz-ludwig-catel","status":"publish","type":"product","link":"https:\/\/drawings-online.com\/en\/product\/a-carthusian-monk-absorbed-in-thought-among-the-ruins-of-the-imperial-palace-on-the-palatine-hill-in-rome-by-franz-ludwig-catel\/","title":{"rendered":"A Carthusian monk absorbed in thought among the ruins of the Imperial Palace on the Palatine Hill in Rome by Franz Ludwig Catel"},"content":{"rendered":"<p><strong>Franz Ludwig Catel <\/strong><\/p>\n<p>Berlin 1778 \u2013 Rome 1856<\/p>\n<p><strong><em>A Carthusian monk absorbed in thought among the ruins of the Imperial Palace on the Palatine Hill in Rome, with a View of the Monte Celio and the Alban Hills and the Monte Cavo in the Distance<\/em><\/strong><\/p>\n<p>Oil on canvas.<\/p>\n<p>510 x 630 mm &#8211; 20 1\/16 x 24 13\/16 in.<\/p>\n<p>Literature\u00a0\u2013 Andrea Stolzenburg, <em>Master Paintings, 2020<\/em>, Jean Luc Baroni et Marty de Cambiaire, p. 72-77, n\u00b0 14.<\/p>\n<p>&nbsp;<\/p>\n<p>A pupil of the academies of Berlin and Paris, Franz Catel was already a well-trained artist when he arrived in Rome, late 1811. There, he became friendly with the Nazareens and, above all, discovered the joy of <em>plein air<\/em> painting, on which he concentrated intensely. He created a large number of small oil studies on board, but also of landscape paintings. Deeply attached to Italy, where he remained his all life, Catel declined a teacher position in the Academy of Berlin. With his second wife, he held a guest house on Piazza di Spagna in Rome, where they received many artists, painters and musicians, of all nationalities.<\/p>\n<p>&nbsp;<\/p>\n<p>Catel has also treated the subject of this painting in a signed watercolor, nowadays in the Kupferstichkabinett of the Hambourg Kunsthalle (Inv. \u2013 Nr. 22944). Seated on antique remains, a monk meditates under the shelter of the ruined vault of the Imperial palace on the Palatin, which opens like an eye onto a sunbathed Roman landscape. In the background one can see the Alban Hills and their high point, the Monte Cavo, while in the middle ground a group of buildings is reminiscent of the Villa Mattei, which should not be visible from the Palatine, because it is normally hidden by many constructions. As often, while respecting topography, Catel transforms his environment in order to create an ideal landscape.<\/p>\n<p>&nbsp;<\/p>\n<p>&nbsp;<\/p>\n<p>It is mainly in the 1820s-30s that Catel painted such meditative and monastic subjects, in the wake of his painter friend Fran\u00e7ois Marius Granet, who was in Rome until 1824. The provenance of this painting suggests that it was bought directly from the artist by a French collector ; Catel spoke very good French, which served him well within the French milieu of art lovers he was closed to in Rome.<\/p>\n<p>&nbsp;<\/p>\n<p>&nbsp;<\/p>\n<p>Typically romantic, the composition explores many contrasts &#8211; inside and outside, architecture and nature, shadow and light \u2013 to offer, as it seems, a serene meditation over past and present. This interpretation is also suggested by the half circular half oval shape of the opening on the luminous view over the <em>campagna romana<\/em>, two shapes propitious to meditation and known to be symbolic of cycles, infinity, time and life.<\/p>\n<p>&nbsp;<\/p>\n<p>Condition report &#8211;\u00a0On the original canvas.\u00a0<\/p>\n<p>Examination under U.V. light: negligible retouching in the ceiling of the grotto upper right.\u00a0 The paint is in a very good condition and well-preserved.<\/p>\n","protected":false},"excerpt":{"rendered":"<p>Franz Ludwig Catel Berlin 1778 \u2013 Rome 1856 A Carthusian monk absorbed in thought among the ruins of the Imperial Palace on the Palatine Hill in Rome, with a View of the Monte Celio and the Alban Hills and the Monte Cavo in the Distance Oil on canvas. 510 x 630 mm &#8211; 20 1\/16 [&hellip;]<\/p>\n","protected":false},"featured_media":4230,"template":"","meta":{"_themeisle_gutenberg_block_has_review":false},"product_brand":[],"product_cat":[84],"product_tag":[37,353,121,326,143,144],"class_list":{"0":"post-4229","1":"product","2":"type-product","3":"status-publish","4":"has-post-thumbnail","6":"product_cat-german-school","7":"product_tag-19th","8":"product_tag-gallery","9":"product_tag-grand-tour","10":"product_tag-oil-on-canvas","11":"product_tag-view-of-italy","12":"product_tag-view-of-rome","14":"first","15":"outofstock","16":"taxable","17":"shipping-taxable","18":"purchasable","19":"product-type-simple"},"yoast_head":"<!-- This site is optimized with the Yoast SEO plugin v27.4 - https:\/\/yoast.com\/product\/yoast-seo-wordpress\/ -->\n<title>A Carthusian monk absorbed in thought among the ruins of the Imperial Palace on the Palatine Hill in Rome by Franz Ludwig Catel<\/title>\n<meta name=\"description\" content=\"Franz Ludwig Catel Berlin 1778 \u2013 Rome 1856 A Carthusian monk absorbed in thought among the ruins of the Imperial Palace on the Palatine Hill in Rome, with a View of the Monte Celio and the Alban Hills and the Monte Cavo in the Distance Oil on canvas. 510 x 630 mm - 20 1\/16&hellip;\" \/>\n<meta name=\"robots\" content=\"index, follow, max-snippet:-1, max-image-preview:large, max-video-preview:-1\" \/>\n<link rel=\"canonical\" href=\"http:\/\/Franz%20Ludwig%20Catel%20Berlin%201778%20\u2013%20Rome%201856%20A%20Carthusian%20monk%20absorbed%20in%20thought%20among%20the%20ruins%20of%20the%20Imperial%20Palace%20on%20the%20Palatine%20Hill%20in%20Rome,%20with%20a%20View%20of%20the%20Monte%20Celio%20and%20the%20Alban%20Hills%20and%20the%20Monte%20Cavo%20in%20the%20Distance%20Oil%20on%20canvas.%20510%20x%20630%20mm%20-%2020%201\/16&hellip;\" \/>\n<meta property=\"og:locale\" content=\"en_US\" \/>\n<meta property=\"og:type\" content=\"article\" \/>\n<meta property=\"og:title\" content=\"A Carthusian monk absorbed in thought among the ruins of the Imperial Palace on the Palatine Hill in Rome by Franz Ludwig Catel\" \/>\n<meta property=\"og:description\" content=\"Franz Ludwig Catel Berlin 1778 \u2013 Rome 1856 A Carthusian monk absorbed in thought among the ruins of the Imperial Palace on the Palatine Hill in Rome, with a View of the Monte Celio and the Alban Hills and the Monte Cavo in the Distance Oil on canvas. 510 x 630 mm - 20 1\/16&hellip;\" \/>\n<meta property=\"og:url\" content=\"https:\/\/drawings-online.com\/en\/product\/a-carthusian-monk-absorbed-in-thought-among-the-ruins-of-the-imperial-palace-on-the-palatine-hill-in-rome-by-franz-ludwig-catel\/\" \/>\n<meta property=\"og:site_name\" content=\"Drawings-online\" \/>\n<meta property=\"article:publisher\" content=\"https:\/\/www.facebook.com\/people\/Drawings-online\/100034942735866\/\" \/>\n<meta property=\"article:modified_time\" content=\"2022-02-10T08:32:20+00:00\" \/>\n<meta property=\"og:image\" content=\"https:\/\/drawings-online.com\/wp-content\/uploads\/2021\/11\/DSC_3651_1-1024x1024.png\" \/>\n\t<meta property=\"og:image:width\" content=\"1024\" \/>\n\t<meta property=\"og:image:height\" content=\"1024\" \/>\n\t<meta property=\"og:image:type\" content=\"image\/png\" \/>\n<meta name=\"twitter:card\" content=\"summary_large_image\" \/>\n<meta name=\"twitter:site\" content=\"@OnlineDrawings\" \/>\n<meta name=\"twitter:label1\" content=\"Est. reading time\" \/>\n\t<meta name=\"twitter:data1\" content=\"3 minutes\" \/>\n<script type=\"application\/ld+json\" class=\"yoast-schema-graph\">{\"@context\":\"https:\\\/\\\/schema.org\",\"@graph\":[{\"@type\":\"WebPage\",\"@id\":\"https:\\\/\\\/drawings-online.com\\\/en\\\/product\\\/a-carthusian-monk-absorbed-in-thought-among-the-ruins-of-the-imperial-palace-on-the-palatine-hill-in-rome-by-franz-ludwig-catel\\\/\",\"url\":\"https:\\\/\\\/drawings-online.com\\\/en\\\/product\\\/a-carthusian-monk-absorbed-in-thought-among-the-ruins-of-the-imperial-palace-on-the-palatine-hill-in-rome-by-franz-ludwig-catel\\\/\",\"name\":\"Moine chartreux absorb\u00e9 par ses pens\u00e9es dans les ruines du palais imp\u00e9rial sur le Palatin \u00e0 Rome par Franz Ludwig Catel - Drawings-online\",\"isPartOf\":{\"@id\":\"https:\\\/\\\/drawings-online.com\\\/#website\"},\"primaryImageOfPage\":{\"@id\":\"https:\\\/\\\/drawings-online.com\\\/en\\\/product\\\/a-carthusian-monk-absorbed-in-thought-among-the-ruins-of-the-imperial-palace-on-the-palatine-hill-in-rome-by-franz-ludwig-catel\\\/#primaryimage\"},\"image\":{\"@id\":\"https:\\\/\\\/drawings-online.com\\\/en\\\/product\\\/a-carthusian-monk-absorbed-in-thought-among-the-ruins-of-the-imperial-palace-on-the-palatine-hill-in-rome-by-franz-ludwig-catel\\\/#primaryimage\"},\"thumbnailUrl\":\"https:\\\/\\\/drawings-online.com\\\/wp-content\\\/uploads\\\/2021\\\/11\\\/DSC_3651_1.png\",\"datePublished\":\"2021-11-03T21:20:36+00:00\",\"dateModified\":\"2022-02-10T08:32:20+00:00\",\"breadcrumb\":{\"@id\":\"https:\\\/\\\/drawings-online.com\\\/en\\\/product\\\/a-carthusian-monk-absorbed-in-thought-among-the-ruins-of-the-imperial-palace-on-the-palatine-hill-in-rome-by-franz-ludwig-catel\\\/#breadcrumb\"},\"inLanguage\":\"en-US\",\"potentialAction\":[{\"@type\":\"ReadAction\",\"target\":[\"https:\\\/\\\/drawings-online.com\\\/en\\\/product\\\/a-carthusian-monk-absorbed-in-thought-among-the-ruins-of-the-imperial-palace-on-the-palatine-hill-in-rome-by-franz-ludwig-catel\\\/\"]}]},{\"@type\":\"ImageObject\",\"inLanguage\":\"en-US\",\"@id\":\"https:\\\/\\\/drawings-online.com\\\/en\\\/product\\\/a-carthusian-monk-absorbed-in-thought-among-the-ruins-of-the-imperial-palace-on-the-palatine-hill-in-rome-by-franz-ludwig-catel\\\/#primaryimage\",\"url\":\"https:\\\/\\\/drawings-online.com\\\/wp-content\\\/uploads\\\/2021\\\/11\\\/DSC_3651_1.png\",\"contentUrl\":\"https:\\\/\\\/drawings-online.com\\\/wp-content\\\/uploads\\\/2021\\\/11\\\/DSC_3651_1.png\",\"width\":1800,\"height\":1800,\"caption\":\"Moine chartreux absorb\u00e9 par ses pens\u00e9es dans les ruines du palais imp\u00e9rial sur le Palatin \u00e0 Rome par Franz Ludwig Catel\"},{\"@type\":\"BreadcrumbList\",\"@id\":\"https:\\\/\\\/drawings-online.com\\\/en\\\/product\\\/a-carthusian-monk-absorbed-in-thought-among-the-ruins-of-the-imperial-palace-on-the-palatine-hill-in-rome-by-franz-ludwig-catel\\\/#breadcrumb\",\"itemListElement\":[{\"@type\":\"ListItem\",\"position\":1,\"name\":\"Works available\",\"item\":\"https:\\\/\\\/drawings-online.com\\\/\"},{\"@type\":\"ListItem\",\"position\":2,\"name\":\"Gallery\",\"item\":\"https:\\\/\\\/drawings-online.com\\\/galerie\\\/\"},{\"@type\":\"ListItem\",\"position\":3,\"name\":\"19e\",\"item\":\"https:\\\/\\\/drawings-online.com\\\/product_tag\\\/19e\\\/\"},{\"@type\":\"ListItem\",\"position\":4,\"name\":\"A Carthusian monk absorbed in thought among the ruins of the Imperial Palace on the Palatine Hill in Rome by Franz Ludwig Catel\"}]},{\"@type\":\"WebSite\",\"@id\":\"https:\\\/\\\/drawings-online.com\\\/en\\\/#website\",\"url\":\"https:\\\/\\\/drawings-online.com\\\/en\\\/\",\"name\":\"Drawings-online\",\"description\":\"Dessins en ligne\",\"publisher\":{\"@id\":\"https:\\\/\\\/drawings-online.com\\\/en\\\/#organization\"},\"potentialAction\":[{\"@type\":\"SearchAction\",\"target\":{\"@type\":\"EntryPoint\",\"urlTemplate\":\"https:\\\/\\\/drawings-online.com\\\/en\\\/?s={search_term_string}\"},\"query-input\":{\"@type\":\"PropertyValueSpecification\",\"valueRequired\":true,\"valueName\":\"search_term_string\"}}],\"inLanguage\":\"en-US\"},{\"@type\":\"Organization\",\"@id\":\"https:\\\/\\\/drawings-online.com\\\/en\\\/#organization\",\"name\":\"Drawings-online\",\"url\":\"https:\\\/\\\/drawings-online.com\\\/en\\\/\",\"logo\":{\"@type\":\"ImageObject\",\"inLanguage\":\"en-US\",\"@id\":\"https:\\\/\\\/drawings-online.com\\\/en\\\/#\\\/schema\\\/logo\\\/image\\\/\",\"url\":\"https:\\\/\\\/drawings-online.com\\\/wp-content\\\/uploads\\\/2020\\\/12\\\/drawings-icone-transp-e1607442878135.png\",\"contentUrl\":\"https:\\\/\\\/drawings-online.com\\\/wp-content\\\/uploads\\\/2020\\\/12\\\/drawings-icone-transp-e1607442878135.png\",\"width\":150,\"height\":150,\"caption\":\"Drawings-online\"},\"image\":{\"@id\":\"https:\\\/\\\/drawings-online.com\\\/en\\\/#\\\/schema\\\/logo\\\/image\\\/\"},\"sameAs\":[\"https:\\\/\\\/www.facebook.com\\\/people\\\/Drawings-online\\\/100034942735866\\\/\",\"https:\\\/\\\/x.com\\\/OnlineDrawings\",\"https:\\\/\\\/www.instagram.com\\\/drawings_online_com\\\/\"]}]}<\/script>\n<!-- \/ Yoast SEO plugin. -->","yoast_head_json":{"title":"A Carthusian monk absorbed in thought among the ruins of the Imperial Palace on the Palatine Hill in Rome by Franz Ludwig Catel","description":"Franz Ludwig Catel Berlin 1778 \u2013 Rome 1856 A Carthusian monk absorbed in thought among the ruins of the Imperial Palace on the Palatine Hill in Rome, with a View of the Monte Celio and the Alban Hills and the Monte Cavo in the Distance Oil on canvas. 510 x 630 mm - 20 1\/16&hellip;","robots":{"index":"index","follow":"follow","max-snippet":"max-snippet:-1","max-image-preview":"max-image-preview:large","max-video-preview":"max-video-preview:-1"},"canonical":"Franz Ludwig Catel Berlin 1778 \u2013 Rome 1856 A Carthusian monk absorbed in thought among the ruins of the Imperial Palace on the Palatine Hill in Rome, with a View of the Monte Celio and the Alban Hills and the Monte Cavo in the Distance Oil on canvas. 510 x 630 mm - 20 1\/16&hellip;","og_locale":"en_US","og_type":"article","og_title":"A Carthusian monk absorbed in thought among the ruins of the Imperial Palace on the Palatine Hill in Rome by Franz Ludwig Catel","og_description":"Franz Ludwig Catel Berlin 1778 \u2013 Rome 1856 A Carthusian monk absorbed in thought among the ruins of the Imperial Palace on the Palatine Hill in Rome, with a View of the Monte Celio and the Alban Hills and the Monte Cavo in the Distance Oil on canvas. 510 x 630 mm - 20 1\/16&hellip;","og_url":"https:\/\/drawings-online.com\/en\/product\/a-carthusian-monk-absorbed-in-thought-among-the-ruins-of-the-imperial-palace-on-the-palatine-hill-in-rome-by-franz-ludwig-catel\/","og_site_name":"Drawings-online","article_publisher":"https:\/\/www.facebook.com\/people\/Drawings-online\/100034942735866\/","article_modified_time":"2022-02-10T08:32:20+00:00","og_image":[{"width":1024,"height":1024,"url":"https:\/\/drawings-online.com\/wp-content\/uploads\/2021\/11\/DSC_3651_1-1024x1024.png","type":"image\/png"}],"twitter_card":"summary_large_image","twitter_site":"@OnlineDrawings","twitter_misc":{"Est. reading time":"3 minutes"},"schema":{"@context":"https:\/\/schema.org","@graph":[{"@type":"WebPage","@id":"https:\/\/drawings-online.com\/en\/product\/a-carthusian-monk-absorbed-in-thought-among-the-ruins-of-the-imperial-palace-on-the-palatine-hill-in-rome-by-franz-ludwig-catel\/","url":"https:\/\/drawings-online.com\/en\/product\/a-carthusian-monk-absorbed-in-thought-among-the-ruins-of-the-imperial-palace-on-the-palatine-hill-in-rome-by-franz-ludwig-catel\/","name":"Moine chartreux absorb\u00e9 par ses pens\u00e9es dans les ruines du palais imp\u00e9rial sur le Palatin \u00e0 Rome par Franz Ludwig Catel - Drawings-online","isPartOf":{"@id":"https:\/\/drawings-online.com\/#website"},"primaryImageOfPage":{"@id":"https:\/\/drawings-online.com\/en\/product\/a-carthusian-monk-absorbed-in-thought-among-the-ruins-of-the-imperial-palace-on-the-palatine-hill-in-rome-by-franz-ludwig-catel\/#primaryimage"},"image":{"@id":"https:\/\/drawings-online.com\/en\/product\/a-carthusian-monk-absorbed-in-thought-among-the-ruins-of-the-imperial-palace-on-the-palatine-hill-in-rome-by-franz-ludwig-catel\/#primaryimage"},"thumbnailUrl":"https:\/\/drawings-online.com\/wp-content\/uploads\/2021\/11\/DSC_3651_1.png","datePublished":"2021-11-03T21:20:36+00:00","dateModified":"2022-02-10T08:32:20+00:00","breadcrumb":{"@id":"https:\/\/drawings-online.com\/en\/product\/a-carthusian-monk-absorbed-in-thought-among-the-ruins-of-the-imperial-palace-on-the-palatine-hill-in-rome-by-franz-ludwig-catel\/#breadcrumb"},"inLanguage":"en-US","potentialAction":[{"@type":"ReadAction","target":["https:\/\/drawings-online.com\/en\/product\/a-carthusian-monk-absorbed-in-thought-among-the-ruins-of-the-imperial-palace-on-the-palatine-hill-in-rome-by-franz-ludwig-catel\/"]}]},{"@type":"ImageObject","inLanguage":"en-US","@id":"https:\/\/drawings-online.com\/en\/product\/a-carthusian-monk-absorbed-in-thought-among-the-ruins-of-the-imperial-palace-on-the-palatine-hill-in-rome-by-franz-ludwig-catel\/#primaryimage","url":"https:\/\/drawings-online.com\/wp-content\/uploads\/2021\/11\/DSC_3651_1.png","contentUrl":"https:\/\/drawings-online.com\/wp-content\/uploads\/2021\/11\/DSC_3651_1.png","width":1800,"height":1800,"caption":"Moine chartreux absorb\u00e9 par ses pens\u00e9es dans les ruines du palais imp\u00e9rial sur le Palatin \u00e0 Rome par Franz Ludwig Catel"},{"@type":"BreadcrumbList","@id":"https:\/\/drawings-online.com\/en\/product\/a-carthusian-monk-absorbed-in-thought-among-the-ruins-of-the-imperial-palace-on-the-palatine-hill-in-rome-by-franz-ludwig-catel\/#breadcrumb","itemListElement":[{"@type":"ListItem","position":1,"name":"Works available","item":"https:\/\/drawings-online.com\/"},{"@type":"ListItem","position":2,"name":"Gallery","item":"https:\/\/drawings-online.com\/galerie\/"},{"@type":"ListItem","position":3,"name":"19e","item":"https:\/\/drawings-online.com\/product_tag\/19e\/"},{"@type":"ListItem","position":4,"name":"A Carthusian monk absorbed in thought among the ruins of the Imperial Palace on the Palatine Hill in Rome by Franz Ludwig Catel"}]},{"@type":"WebSite","@id":"https:\/\/drawings-online.com\/en\/#website","url":"https:\/\/drawings-online.com\/en\/","name":"Drawings-online","description":"Dessins en ligne","publisher":{"@id":"https:\/\/drawings-online.com\/en\/#organization"},"potentialAction":[{"@type":"SearchAction","target":{"@type":"EntryPoint","urlTemplate":"https:\/\/drawings-online.com\/en\/?s={search_term_string}"},"query-input":{"@type":"PropertyValueSpecification","valueRequired":true,"valueName":"search_term_string"}}],"inLanguage":"en-US"},{"@type":"Organization","@id":"https:\/\/drawings-online.com\/en\/#organization","name":"Drawings-online","url":"https:\/\/drawings-online.com\/en\/","logo":{"@type":"ImageObject","inLanguage":"en-US","@id":"https:\/\/drawings-online.com\/en\/#\/schema\/logo\/image\/","url":"https:\/\/drawings-online.com\/wp-content\/uploads\/2020\/12\/drawings-icone-transp-e1607442878135.png","contentUrl":"https:\/\/drawings-online.com\/wp-content\/uploads\/2020\/12\/drawings-icone-transp-e1607442878135.png","width":150,"height":150,"caption":"Drawings-online"},"image":{"@id":"https:\/\/drawings-online.com\/en\/#\/schema\/logo\/image\/"},"sameAs":["https:\/\/www.facebook.com\/people\/Drawings-online\/100034942735866\/","https:\/\/x.com\/OnlineDrawings","https:\/\/www.instagram.com\/drawings_online_com\/"]}]}},"jetpack_sharing_enabled":true,"_links":{"self":[{"href":"https:\/\/drawings-online.com\/en\/wp-json\/wp\/v2\/product\/4229","targetHints":{"allow":["GET"]}}],"collection":[{"href":"https:\/\/drawings-online.com\/en\/wp-json\/wp\/v2\/product"}],"about":[{"href":"https:\/\/drawings-online.com\/en\/wp-json\/wp\/v2\/types\/product"}],"wp:featuredmedia":[{"embeddable":true,"href":"https:\/\/drawings-online.com\/en\/wp-json\/wp\/v2\/media\/4230"}],"wp:attachment":[{"href":"https:\/\/drawings-online.com\/en\/wp-json\/wp\/v2\/media?parent=4229"}],"wp:term":[{"taxonomy":"product_brand","embeddable":true,"href":"https:\/\/drawings-online.com\/en\/wp-json\/wp\/v2\/product_brand?post=4229"},{"taxonomy":"product_cat","embeddable":true,"href":"https:\/\/drawings-online.com\/en\/wp-json\/wp\/v2\/product_cat?post=4229"},{"taxonomy":"product_tag","embeddable":true,"href":"https:\/\/drawings-online.com\/en\/wp-json\/wp\/v2\/product_tag?post=4229"}],"curies":[{"name":"wp","href":"https:\/\/api.w.org\/{rel}","templated":true}]}}