{"id":4193,"date":"2021-11-03T20:50:36","date_gmt":"2021-11-03T19:50:36","guid":{"rendered":"https:\/\/drawings-online.com\/product\/\/"},"modified":"2022-02-10T09:32:15","modified_gmt":"2022-02-10T08:32:15","slug":"etude-preparatoire-pour-le-martyre-des-saints-felix-et-fortunat-par-gaspare-diziani","status":"publish","type":"product","link":"https:\/\/drawings-online.com\/en\/product\/the-martyrdom-of-sts-felix-and-fortunatus-by-gaspare-diziani\/","title":{"rendered":"The Martyrdom of Sts Felix and Fortunatus by Gaspare Diziani"},"content":{"rendered":"<p><strong>Gaspare Diziani<\/strong><\/p>\n<p>Belluno 1698 \u2013 Venice 1767<\/p>\n<p><strong><em>The Martyrdom of Sts Felix and Fortunatus<\/em><\/strong><\/p>\n<p>Brown ink, grey wash over red chalk. Inscribed <em>Seb Ricci<\/em> lower left. Arched top.<\/p>\n<p>376 x 285 mm &#8211; 14 13\/16 x 11 1\/4 in.<\/p>\n<p>&nbsp;<\/p>\n<p>Provenance: Sotheby\u2019s, New York, <em>Old Master Drawings including the collection of professor Egbert Haverkamp-Begemann<\/em>, 31\/01\/2018, <a href=\"https:\/\/www.sothebys.com\/en\/auctions\/ecatalogue\/2018\/old-master-drawings-n09811\/lot.150.html\" target=\"_blank\" rel=\"noopener\">lot 150<\/a>; private collection.<\/p>\n<p>&nbsp;<\/p>\n<p>&nbsp;<\/p>\n<p>A pupil of Gregorio Lazzarini and Sebastiano Ricci, Gaspare Diziani is a major figure of Venetian Rococo. Except for a stay in Dresden and Munich, during which he worked as a scenery painter with Alessandro Mauro, and a stay in Rome under the patronage of Cardinal Ottoboni, the main part of his career took place in Venice. Diziani produced numerous religious decors, such as his <em>Entry of the Christ into Jerusalem<\/em> for the church of San Teodoro but was also very much sought after for the light and playful decors that he painted in many private rooms in Venetian palazzi. He was one of the founders of the Accademia di Belle Arti in Venice and a prolific draughtsman. The Museo Correr in Venice preserves about 200 of his drawings, the majority of which was gathered in one album by the Venetian bibliophile and art collector Girolamo Ascanio Molin.<\/p>\n<p>&nbsp;<\/p>\n<figure id=\"attachment_4350\" aria-describedby=\"caption-attachment-4350\" style=\"width: 228px\" class=\"wp-caption alignleft\"><a href=\"https:\/\/drawings-online.com\/wp-content\/uploads\/2021\/11\/Gaspare-Diziani-Tableau-Martyres-des-saints-Felix-et-Fortunat.png\" target=\"_blank\" rel=\"noopener\"><img loading=\"lazy\" decoding=\"async\" class=\"wp-image-4350 size-medium\" src=\"https:\/\/drawings-online.com\/wp-content\/uploads\/2021\/11\/Gaspare-Diziani-Tableau-Martyres-des-saints-Felix-et-Fortunat-228x300.png\" alt=\"\" width=\"228\" height=\"300\" srcset=\"https:\/\/drawings-online.com\/wp-content\/uploads\/2021\/11\/Gaspare-Diziani-Tableau-Martyres-des-saints-Felix-et-Fortunat-228x300.png 228w, https:\/\/drawings-online.com\/wp-content\/uploads\/2021\/11\/Gaspare-Diziani-Tableau-Martyres-des-saints-Felix-et-Fortunat-300x394.png 300w, https:\/\/drawings-online.com\/wp-content\/uploads\/2021\/11\/Gaspare-Diziani-Tableau-Martyres-des-saints-Felix-et-Fortunat.png 494w\" sizes=\"auto, (max-width: 228px) 100vw, 228px\" \/><\/a><figcaption id=\"caption-attachment-4350\" class=\"wp-caption-text\">fig.1<\/figcaption><\/figure>\n<p>This is one of the preliminary studies, with some differences, for the painting executed by Diziani circa 1735 and located the chapel of SS Felice and Fortunato in the cathedral at Chioggia (fig.1). The painting has been dated around 1735.\u00a0 Sts. Felix and Fortunatus were brothers from Vicenza who were martyred at Aquileia in 296 under Diocletian.\u00a0 Two other drawings for the painting are known, one was sold at <a href=\"https:\/\/www.sothebys.com\/en\/auctions\/ecatalogue\/2008\/old-master-drawings-n08403\/lot.189.html\">Sotheby\u2019s New York, on 23 January 2008<\/a> (lot 189) and the other, closer in details to the finished composition, is in the <a href=\"http:\/\/emp-web-84.zetcom.ch\/eMP\/eMuseumPlus?service=ExternalInterface&amp;module=collection&amp;objectId=77270&amp;viewType=detailView\">Nationalmuseum, Stockholm (NMH 1528\/1863)<\/a>.<\/p>\n<p>&nbsp;<\/p>\n<p>The three of them have an arched top and quite the same dimensions. They document Diziani\u2019s process of research to find his ideal composition. At this stage, he has already found some of the elements present in the final composition, although with differences: the mother and child on the foreground, the priest inciting the saints to bow down before the paien idols, the angels bringing the palms of martyrdom. The present version is alltogether elegant and expressive, Diziani\u2019s pen covering the sheet with as much grace as freedom, in a particularly rococo fashion. The paper preparation, applied with large visible brushstrokes adds movement to the expressivity of the scene.<\/p>\n<p>&nbsp;<\/p>\n<p>Saints Felix and Fortunatus were born in Vicenza and they were martyrized in Acquileia in 303-304 under Diocletian. They are protector saints of Vicenza and Aquileia, but also of Chioggia where Fortunatus\u2019s body seems to have been translated in the 11th century and where they are celebrated on the 11 June.<\/p>\n<p>&nbsp;<\/p>\n<p>Condition report &#8211;\u00a0The sheet is fully pasted on ancient paper. A small foxing in the center of the composition, below the priest\u2019s sleeve. Excellent condition of the paper and materials.<\/p>\n","protected":false},"excerpt":{"rendered":"<p>Gaspare Diziani Belluno 1698 \u2013 Venice 1767 The Martyrdom of Sts Felix and Fortunatus Brown ink, grey wash over red chalk. Inscribed Seb Ricci lower left. Arched top. 376 x 285 mm &#8211; 14 13\/16 x 11 1\/4 in. &nbsp; Provenance: Sotheby\u2019s, New York, Old Master Drawings including the collection of professor Egbert Haverkamp-Begemann, 31\/01\/2018, [&hellip;]<\/p>\n","protected":false},"featured_media":4194,"template":"","meta":{"_themeisle_gutenberg_block_has_review":false},"product_brand":[],"product_cat":[79,80],"product_tag":[24,161,345,36,353,26,28,96],"class_list":{"0":"post-4193","1":"product","2":"type-product","3":"status-publish","4":"has-post-thumbnail","6":"product_cat-italian-school","7":"product_cat-venitian-school","8":"product_tag-18th","9":"product_tag-preparatory-drawing","10":"product_tag-old-master-drawings","11":"product_tag-brown-ink","12":"product_tag-gallery","13":"product_tag-gray-wash","14":"product_tag-red-chalk","15":"product_tag-religious-subject","17":"first","18":"outofstock","19":"taxable","20":"shipping-taxable","21":"purchasable","22":"product-type-variable"},"yoast_head":"<!-- This site is optimized with the Yoast SEO plugin v27.4 - https:\/\/yoast.com\/product\/yoast-seo-wordpress\/ -->\n<title>The Martyrdom of Sts Felix and Fortunatus by Gaspare Diziani<\/title>\n<meta name=\"description\" content=\"Gaspare Diziani Belluno 1698 \u2013 Venice 1767 The Martyrdom of Sts Felix and Fortunatus Brown ink, grey wash over red chalk. Inscribed Seb Ricci lower left. Arched top. 376 x 285 mm - 14 13\/16 x 11 1\/4 in. &nbsp; Provenance: Sotheby\u2019s, New York, Old Master Drawings including the collection of professor Egbert Haverkamp-Begemann, 31\/01\/2018,&hellip;\" \/>\n<meta name=\"robots\" content=\"index, follow, max-snippet:-1, max-image-preview:large, max-video-preview:-1\" \/>\n<link rel=\"canonical\" href=\"\" \/>\n<meta property=\"og:locale\" content=\"en_US\" \/>\n<meta property=\"og:type\" content=\"article\" \/>\n<meta property=\"og:title\" content=\"The Martyrdom of Sts Felix and Fortunatus by Gaspare Diziani\" \/>\n<meta property=\"og:description\" content=\"Gaspare Diziani Belluno 1698 \u2013 Venice 1767 The Martyrdom of Sts Felix and Fortunatus Brown ink, grey wash over red chalk. Inscribed Seb Ricci lower left. Arched top. 376 x 285 mm - 14 13\/16 x 11 1\/4 in. &nbsp; Provenance: Sotheby\u2019s, New York, Old Master Drawings including the collection of professor Egbert Haverkamp-Begemann, 31\/01\/2018,&hellip;\" \/>\n<meta property=\"og:url\" content=\"https:\/\/drawings-online.com\/en\/product\/the-martyrdom-of-sts-felix-and-fortunatus-by-gaspare-diziani\/\" \/>\n<meta property=\"og:site_name\" content=\"Drawings-online\" \/>\n<meta property=\"article:publisher\" content=\"https:\/\/www.facebook.com\/people\/Drawings-online\/100034942735866\/\" \/>\n<meta property=\"article:modified_time\" content=\"2022-02-10T08:32:15+00:00\" \/>\n<meta property=\"og:image\" content=\"https:\/\/drawings-online.com\/wp-content\/uploads\/2021\/11\/DSC_3571_1-1024x1024.png\" \/>\n\t<meta property=\"og:image:width\" content=\"1024\" \/>\n\t<meta property=\"og:image:height\" content=\"1024\" \/>\n\t<meta property=\"og:image:type\" content=\"image\/png\" \/>\n<meta name=\"twitter:card\" content=\"summary_large_image\" \/>\n<meta name=\"twitter:site\" content=\"@OnlineDrawings\" \/>\n<meta name=\"twitter:label1\" content=\"Est. reading time\" \/>\n\t<meta name=\"twitter:data1\" content=\"3 minutes\" \/>\n<script type=\"application\/ld+json\" class=\"yoast-schema-graph\">{\"@context\":\"https:\\\/\\\/schema.org\",\"@graph\":[{\"@type\":\"WebPage\",\"@id\":\"https:\\\/\\\/drawings-online.com\\\/en\\\/product\\\/the-martyrdom-of-sts-felix-and-fortunatus-by-gaspare-diziani\\\/\",\"url\":\"https:\\\/\\\/drawings-online.com\\\/en\\\/product\\\/the-martyrdom-of-sts-felix-and-fortunatus-by-gaspare-diziani\\\/\",\"name\":\"\u00c9tude pr\u00e9paratoire pour le martyre des saints F\u00e9lix et Fortunat par Gaspare Diziani - Drawings-online\",\"isPartOf\":{\"@id\":\"https:\\\/\\\/drawings-online.com\\\/#website\"},\"primaryImageOfPage\":{\"@id\":\"https:\\\/\\\/drawings-online.com\\\/en\\\/product\\\/the-martyrdom-of-sts-felix-and-fortunatus-by-gaspare-diziani\\\/#primaryimage\"},\"image\":{\"@id\":\"https:\\\/\\\/drawings-online.com\\\/en\\\/product\\\/the-martyrdom-of-sts-felix-and-fortunatus-by-gaspare-diziani\\\/#primaryimage\"},\"thumbnailUrl\":\"https:\\\/\\\/drawings-online.com\\\/wp-content\\\/uploads\\\/2021\\\/11\\\/DSC_3571_1.png\",\"datePublished\":\"2021-11-03T19:50:36+00:00\",\"dateModified\":\"2022-02-10T08:32:15+00:00\",\"breadcrumb\":{\"@id\":\"https:\\\/\\\/drawings-online.com\\\/en\\\/product\\\/the-martyrdom-of-sts-felix-and-fortunatus-by-gaspare-diziani\\\/#breadcrumb\"},\"inLanguage\":\"en-US\",\"potentialAction\":[{\"@type\":\"ReadAction\",\"target\":[\"https:\\\/\\\/drawings-online.com\\\/en\\\/product\\\/the-martyrdom-of-sts-felix-and-fortunatus-by-gaspare-diziani\\\/\"]}]},{\"@type\":\"ImageObject\",\"inLanguage\":\"en-US\",\"@id\":\"https:\\\/\\\/drawings-online.com\\\/en\\\/product\\\/the-martyrdom-of-sts-felix-and-fortunatus-by-gaspare-diziani\\\/#primaryimage\",\"url\":\"https:\\\/\\\/drawings-online.com\\\/wp-content\\\/uploads\\\/2021\\\/11\\\/DSC_3571_1.png\",\"contentUrl\":\"https:\\\/\\\/drawings-online.com\\\/wp-content\\\/uploads\\\/2021\\\/11\\\/DSC_3571_1.png\",\"width\":1800,\"height\":1800,\"caption\":\"\u00c9tude pr\u00e9paratoire pour le martyre des saints F\u00e9lix et Fortunat par Gaspare Diziani\"},{\"@type\":\"BreadcrumbList\",\"@id\":\"https:\\\/\\\/drawings-online.com\\\/en\\\/product\\\/the-martyrdom-of-sts-felix-and-fortunatus-by-gaspare-diziani\\\/#breadcrumb\",\"itemListElement\":[{\"@type\":\"ListItem\",\"position\":1,\"name\":\"Works available\",\"item\":\"https:\\\/\\\/drawings-online.com\\\/\"},{\"@type\":\"ListItem\",\"position\":2,\"name\":\"Gallery\",\"item\":\"https:\\\/\\\/drawings-online.com\\\/galerie\\\/\"},{\"@type\":\"ListItem\",\"position\":3,\"name\":\"18e\",\"item\":\"https:\\\/\\\/drawings-online.com\\\/product_tag\\\/18e\\\/\"},{\"@type\":\"ListItem\",\"position\":4,\"name\":\"The Martyrdom of Sts Felix and Fortunatus by Gaspare Diziani\"}]},{\"@type\":\"WebSite\",\"@id\":\"https:\\\/\\\/drawings-online.com\\\/en\\\/#website\",\"url\":\"https:\\\/\\\/drawings-online.com\\\/en\\\/\",\"name\":\"Drawings-online\",\"description\":\"Dessins en ligne\",\"publisher\":{\"@id\":\"https:\\\/\\\/drawings-online.com\\\/en\\\/#organization\"},\"potentialAction\":[{\"@type\":\"SearchAction\",\"target\":{\"@type\":\"EntryPoint\",\"urlTemplate\":\"https:\\\/\\\/drawings-online.com\\\/en\\\/?s={search_term_string}\"},\"query-input\":{\"@type\":\"PropertyValueSpecification\",\"valueRequired\":true,\"valueName\":\"search_term_string\"}}],\"inLanguage\":\"en-US\"},{\"@type\":\"Organization\",\"@id\":\"https:\\\/\\\/drawings-online.com\\\/en\\\/#organization\",\"name\":\"Drawings-online\",\"url\":\"https:\\\/\\\/drawings-online.com\\\/en\\\/\",\"logo\":{\"@type\":\"ImageObject\",\"inLanguage\":\"en-US\",\"@id\":\"https:\\\/\\\/drawings-online.com\\\/en\\\/#\\\/schema\\\/logo\\\/image\\\/\",\"url\":\"https:\\\/\\\/drawings-online.com\\\/wp-content\\\/uploads\\\/2020\\\/12\\\/drawings-icone-transp-e1607442878135.png\",\"contentUrl\":\"https:\\\/\\\/drawings-online.com\\\/wp-content\\\/uploads\\\/2020\\\/12\\\/drawings-icone-transp-e1607442878135.png\",\"width\":150,\"height\":150,\"caption\":\"Drawings-online\"},\"image\":{\"@id\":\"https:\\\/\\\/drawings-online.com\\\/en\\\/#\\\/schema\\\/logo\\\/image\\\/\"},\"sameAs\":[\"https:\\\/\\\/www.facebook.com\\\/people\\\/Drawings-online\\\/100034942735866\\\/\",\"https:\\\/\\\/x.com\\\/OnlineDrawings\",\"https:\\\/\\\/www.instagram.com\\\/drawings_online_com\\\/\"]}]}<\/script>\n<!-- \/ Yoast SEO plugin. -->","yoast_head_json":{"title":"The Martyrdom of Sts Felix and Fortunatus by Gaspare Diziani","description":"Gaspare Diziani Belluno 1698 \u2013 Venice 1767 The Martyrdom of Sts Felix and Fortunatus Brown ink, grey wash over red chalk. Inscribed Seb Ricci lower left. Arched top. 376 x 285 mm - 14 13\/16 x 11 1\/4 in. &nbsp; Provenance: Sotheby\u2019s, New York, Old Master Drawings including the collection of professor Egbert Haverkamp-Begemann, 31\/01\/2018,&hellip;","robots":{"index":"index","follow":"follow","max-snippet":"max-snippet:-1","max-image-preview":"max-image-preview:large","max-video-preview":"max-video-preview:-1"},"canonical":"Gaspare Diziani Belluno 1698 \u2013 Venice 1767 The Martyrdom of Sts Felix and Fortunatus Brown ink, grey wash over red chalk. Inscribed Seb Ricci lower left. Arched top. 376 x 285 mm - 14 13\/16 x 11 1\/4 in. &nbsp; Provenance: Sotheby\u2019s, New York, Old Master Drawings including the collection of professor Egbert Haverkamp-Begemann, 31\/01\/2018,&hellip;","og_locale":"en_US","og_type":"article","og_title":"The Martyrdom of Sts Felix and Fortunatus by Gaspare Diziani","og_description":"Gaspare Diziani Belluno 1698 \u2013 Venice 1767 The Martyrdom of Sts Felix and Fortunatus Brown ink, grey wash over red chalk. Inscribed Seb Ricci lower left. Arched top. 376 x 285 mm - 14 13\/16 x 11 1\/4 in. &nbsp; Provenance: Sotheby\u2019s, New York, Old Master Drawings including the collection of professor Egbert Haverkamp-Begemann, 31\/01\/2018,&hellip;","og_url":"https:\/\/drawings-online.com\/en\/product\/the-martyrdom-of-sts-felix-and-fortunatus-by-gaspare-diziani\/","og_site_name":"Drawings-online","article_publisher":"https:\/\/www.facebook.com\/people\/Drawings-online\/100034942735866\/","article_modified_time":"2022-02-10T08:32:15+00:00","og_image":[{"width":1024,"height":1024,"url":"https:\/\/drawings-online.com\/wp-content\/uploads\/2021\/11\/DSC_3571_1-1024x1024.png","type":"image\/png"}],"twitter_card":"summary_large_image","twitter_site":"@OnlineDrawings","twitter_misc":{"Est. reading time":"3 minutes"},"schema":{"@context":"https:\/\/schema.org","@graph":[{"@type":"WebPage","@id":"https:\/\/drawings-online.com\/en\/product\/the-martyrdom-of-sts-felix-and-fortunatus-by-gaspare-diziani\/","url":"https:\/\/drawings-online.com\/en\/product\/the-martyrdom-of-sts-felix-and-fortunatus-by-gaspare-diziani\/","name":"\u00c9tude pr\u00e9paratoire pour le martyre des saints F\u00e9lix et Fortunat par Gaspare Diziani - Drawings-online","isPartOf":{"@id":"https:\/\/drawings-online.com\/#website"},"primaryImageOfPage":{"@id":"https:\/\/drawings-online.com\/en\/product\/the-martyrdom-of-sts-felix-and-fortunatus-by-gaspare-diziani\/#primaryimage"},"image":{"@id":"https:\/\/drawings-online.com\/en\/product\/the-martyrdom-of-sts-felix-and-fortunatus-by-gaspare-diziani\/#primaryimage"},"thumbnailUrl":"https:\/\/drawings-online.com\/wp-content\/uploads\/2021\/11\/DSC_3571_1.png","datePublished":"2021-11-03T19:50:36+00:00","dateModified":"2022-02-10T08:32:15+00:00","breadcrumb":{"@id":"https:\/\/drawings-online.com\/en\/product\/the-martyrdom-of-sts-felix-and-fortunatus-by-gaspare-diziani\/#breadcrumb"},"inLanguage":"en-US","potentialAction":[{"@type":"ReadAction","target":["https:\/\/drawings-online.com\/en\/product\/the-martyrdom-of-sts-felix-and-fortunatus-by-gaspare-diziani\/"]}]},{"@type":"ImageObject","inLanguage":"en-US","@id":"https:\/\/drawings-online.com\/en\/product\/the-martyrdom-of-sts-felix-and-fortunatus-by-gaspare-diziani\/#primaryimage","url":"https:\/\/drawings-online.com\/wp-content\/uploads\/2021\/11\/DSC_3571_1.png","contentUrl":"https:\/\/drawings-online.com\/wp-content\/uploads\/2021\/11\/DSC_3571_1.png","width":1800,"height":1800,"caption":"\u00c9tude pr\u00e9paratoire pour le martyre des saints F\u00e9lix et Fortunat par Gaspare Diziani"},{"@type":"BreadcrumbList","@id":"https:\/\/drawings-online.com\/en\/product\/the-martyrdom-of-sts-felix-and-fortunatus-by-gaspare-diziani\/#breadcrumb","itemListElement":[{"@type":"ListItem","position":1,"name":"Works available","item":"https:\/\/drawings-online.com\/"},{"@type":"ListItem","position":2,"name":"Gallery","item":"https:\/\/drawings-online.com\/galerie\/"},{"@type":"ListItem","position":3,"name":"18e","item":"https:\/\/drawings-online.com\/product_tag\/18e\/"},{"@type":"ListItem","position":4,"name":"The Martyrdom of Sts Felix and Fortunatus by Gaspare Diziani"}]},{"@type":"WebSite","@id":"https:\/\/drawings-online.com\/en\/#website","url":"https:\/\/drawings-online.com\/en\/","name":"Drawings-online","description":"Dessins en ligne","publisher":{"@id":"https:\/\/drawings-online.com\/en\/#organization"},"potentialAction":[{"@type":"SearchAction","target":{"@type":"EntryPoint","urlTemplate":"https:\/\/drawings-online.com\/en\/?s={search_term_string}"},"query-input":{"@type":"PropertyValueSpecification","valueRequired":true,"valueName":"search_term_string"}}],"inLanguage":"en-US"},{"@type":"Organization","@id":"https:\/\/drawings-online.com\/en\/#organization","name":"Drawings-online","url":"https:\/\/drawings-online.com\/en\/","logo":{"@type":"ImageObject","inLanguage":"en-US","@id":"https:\/\/drawings-online.com\/en\/#\/schema\/logo\/image\/","url":"https:\/\/drawings-online.com\/wp-content\/uploads\/2020\/12\/drawings-icone-transp-e1607442878135.png","contentUrl":"https:\/\/drawings-online.com\/wp-content\/uploads\/2020\/12\/drawings-icone-transp-e1607442878135.png","width":150,"height":150,"caption":"Drawings-online"},"image":{"@id":"https:\/\/drawings-online.com\/en\/#\/schema\/logo\/image\/"},"sameAs":["https:\/\/www.facebook.com\/people\/Drawings-online\/100034942735866\/","https:\/\/x.com\/OnlineDrawings","https:\/\/www.instagram.com\/drawings_online_com\/"]}]}},"jetpack_sharing_enabled":true,"_links":{"self":[{"href":"https:\/\/drawings-online.com\/en\/wp-json\/wp\/v2\/product\/4193","targetHints":{"allow":["GET"]}}],"collection":[{"href":"https:\/\/drawings-online.com\/en\/wp-json\/wp\/v2\/product"}],"about":[{"href":"https:\/\/drawings-online.com\/en\/wp-json\/wp\/v2\/types\/product"}],"wp:featuredmedia":[{"embeddable":true,"href":"https:\/\/drawings-online.com\/en\/wp-json\/wp\/v2\/media\/4194"}],"wp:attachment":[{"href":"https:\/\/drawings-online.com\/en\/wp-json\/wp\/v2\/media?parent=4193"}],"wp:term":[{"taxonomy":"product_brand","embeddable":true,"href":"https:\/\/drawings-online.com\/en\/wp-json\/wp\/v2\/product_brand?post=4193"},{"taxonomy":"product_cat","embeddable":true,"href":"https:\/\/drawings-online.com\/en\/wp-json\/wp\/v2\/product_cat?post=4193"},{"taxonomy":"product_tag","embeddable":true,"href":"https:\/\/drawings-online.com\/en\/wp-json\/wp\/v2\/product_tag?post=4193"}],"curies":[{"name":"wp","href":"https:\/\/api.w.org\/{rel}","templated":true}]}}