{"id":4035,"date":"2021-09-28T18:00:22","date_gmt":"2021-09-28T16:00:22","guid":{"rendered":"https:\/\/artesepia.com\/product\/\/"},"modified":"2023-01-17T18:54:56","modified_gmt":"2023-01-17T17:54:56","slug":"la-naissance-de-pegase-ecole-italienne-du-xvie-siecle","status":"publish","type":"product","link":"https:\/\/drawings-online.com\/en\/product\/the-birth-of-pegasus-italian-school-from-the-16th-century\/","title":{"rendered":"The Birth of Pegasus, Italian school from the 16th century"},"content":{"rendered":"<p style=\"font-weight: 400;\"><strong>Italian school<\/strong><\/p>\n<p style=\"font-weight: 400;\">End of 16th century<\/p>\n<p style=\"font-weight: 400;\"><strong><em>The Birth of Pegasus<\/em><\/strong><\/p>\n<p style=\"font-weight: 400;\">Pen and brown ink, brown wash.<\/p>\n<p style=\"font-weight: 400;\">Inscribed\u00a0<em>Parmigianino<\/em>\u00a0lower right with the black chalk and on the verso with the pen and brown ink.<\/p>\n<p style=\"font-weight: 400;\">Sheet 120 x 224 &#8211; 4 <sup>11<\/sup>\/<sub>16\u00a0<\/sub>x 8\u00a0<sup>13<\/sup>\/<sub>16\u00a0<\/sub>in.<\/p>\n<p style=\"font-weight: 400;\">Drawing 100 x 200 mm &#8211; 3 <sup>15<\/sup>\/<sub>16\u00a0<\/sub>x 7\u00a0<sup>7<\/sup>\/<sub>8 <\/sub>in., oblong.<\/p>\n<p>&nbsp;<\/p>\n<p style=\"font-weight: 400;\">This small scene, in an oblong cartouche, is probably meant for a ceiling or wall decoration in a palazzo. The theme of Perseus and Pegasus was widely used in the wake of Giorgio Vasari, Francesco Salviati, and Perino del Vaga, famous decorators of Florentine, Roman and even Genoese palaces. This refined and elegant drawing represents Pegasus emerging from Medusa\u2019s blood when Perseus slit her throat, taking great care in looking only at her reflection through his shield, to avoid being turned into stone (Ovid,\u00a0<em>Metamorphoses<\/em>, IV, 780-786).<\/p>\n<p style=\"font-weight: 400;\">\u00a0<\/p>\n<p style=\"font-weight: 400;\">Condition report &#8211;\u00a0Two paper strips horizontally pasted, up and down. Small foxing or flyspeck.<\/p>\n","protected":false},"excerpt":{"rendered":"<p>Italian school End of 16th century The Birth of Pegasus Pen and brown ink, brown wash. Inscribed\u00a0Parmigianino\u00a0lower right with the black chalk and on the verso with the pen and brown ink. Sheet 120 x 224 &#8211; 4 11\/16\u00a0x 8\u00a013\/16\u00a0in. Drawing 100 x 200 mm &#8211; 3 15\/16\u00a0x 7\u00a07\/8 in., oblong. &nbsp; This small scene, [&hellip;]<\/p>\n","protected":false},"featured_media":4075,"template":"","meta":{"_themeisle_gutenberg_block_has_review":false},"product_brand":[],"product_cat":[79],"product_tag":[88,36,353,39,422,35,207],"class_list":{"0":"post-4035","1":"product","2":"type-product","3":"status-publish","4":"has-post-thumbnail","6":"product_cat-italian-school","7":"product_tag-16th","8":"product_tag-brown-ink","9":"product_tag-gallery","10":"product_tag-brown-wash","11":"product_tag-n8","12":"product_tag-pen","13":"product_tag-mythological-subject","15":"first","16":"outofstock","17":"taxable","18":"shipping-taxable","19":"purchasable","20":"product-type-simple"},"yoast_head":"<!-- This site is optimized with the Yoast SEO plugin v27.4 - https:\/\/yoast.com\/product\/yoast-seo-wordpress\/ -->\n<title>The Birth of Pegasus, Italian school from the 16th century<\/title>\n<meta name=\"description\" content=\"Italian school End of 16th century The Birth of Pegasus Pen and brown ink, brown wash. Inscribed\u00a0Parmigianino\u00a0lower right with the black chalk and on the verso with the pen and brown ink. Sheet 120 x 224 - 4 11\/16\u00a0x 8\u00a013\/16\u00a0in. Drawing 100 x 200 mm - 3 15\/16\u00a0x 7\u00a07\/8 in., oblong. &nbsp; This small scene,&hellip;\" \/>\n<meta name=\"robots\" content=\"index, follow, max-snippet:-1, max-image-preview:large, max-video-preview:-1\" \/>\n<link rel=\"canonical\" href=\"http:\/\/Italian%20school%20End%20of%2016th%20century%20The%20Birth%20of%20Pegasus%20Pen%20and%20brown%20ink,%20brown%20wash.%20Inscribed\u00a0Parmigianino\u00a0lower%20right%20with%20the%20black%20chalk%20and%20on%20the%20verso%20with%20the%20pen%20and%20brown%20ink.%20Sheet%20120%20x%20224%20-%204%2011\/16\u00a0x%208\u00a013\/16\u00a0in.%20Drawing%20100%20x%20200%20mm%20-%203%2015\/16\u00a0x%207\u00a07\/8%20in.,%20oblong.%20&nbsp;%20This%20small%20scene,&hellip;\" \/>\n<meta property=\"og:locale\" content=\"en_US\" \/>\n<meta property=\"og:type\" content=\"article\" \/>\n<meta property=\"og:title\" content=\"The Birth of Pegasus, Italian school from the 16th century\" \/>\n<meta property=\"og:description\" content=\"Italian school End of 16th century The Birth of Pegasus Pen and brown ink, brown wash. Inscribed\u00a0Parmigianino\u00a0lower right with the black chalk and on the verso with the pen and brown ink. Sheet 120 x 224 - 4 11\/16\u00a0x 8\u00a013\/16\u00a0in. Drawing 100 x 200 mm - 3 15\/16\u00a0x 7\u00a07\/8 in., oblong. &nbsp; This small scene,&hellip;\" \/>\n<meta property=\"og:url\" content=\"https:\/\/drawings-online.com\/en\/product\/the-birth-of-pegasus-italian-school-from-the-16th-century\/\" \/>\n<meta property=\"og:site_name\" content=\"Drawings-online\" \/>\n<meta property=\"article:publisher\" content=\"https:\/\/www.facebook.com\/people\/Drawings-online\/100034942735866\/\" \/>\n<meta property=\"article:modified_time\" content=\"2023-01-17T17:54:56+00:00\" \/>\n<meta property=\"og:image\" content=\"https:\/\/drawings-online.com\/wp-content\/uploads\/2021\/09\/DSC_2290_1-1024x1024.png\" \/>\n\t<meta property=\"og:image:width\" content=\"1024\" \/>\n\t<meta property=\"og:image:height\" content=\"1024\" \/>\n\t<meta property=\"og:image:type\" content=\"image\/png\" \/>\n<meta name=\"twitter:card\" content=\"summary_large_image\" \/>\n<meta name=\"twitter:site\" content=\"@OnlineDrawings\" \/>\n<meta name=\"twitter:label1\" content=\"Est. reading time\" \/>\n\t<meta name=\"twitter:data1\" content=\"1 minute\" \/>\n<script type=\"application\/ld+json\" class=\"yoast-schema-graph\">{\"@context\":\"https:\\\/\\\/schema.org\",\"@graph\":[{\"@type\":\"WebPage\",\"@id\":\"https:\\\/\\\/drawings-online.com\\\/en\\\/product\\\/the-birth-of-pegasus-italian-school-from-the-16th-century\\\/\",\"url\":\"https:\\\/\\\/drawings-online.com\\\/en\\\/product\\\/the-birth-of-pegasus-italian-school-from-the-16th-century\\\/\",\"name\":\"La Naissance de P\u00e9gase, \u00e9cole italienne du XVIe si\u00e8cle - Drawings-online\",\"isPartOf\":{\"@id\":\"https:\\\/\\\/drawings-online.com\\\/#website\"},\"primaryImageOfPage\":{\"@id\":\"https:\\\/\\\/drawings-online.com\\\/en\\\/product\\\/the-birth-of-pegasus-italian-school-from-the-16th-century\\\/#primaryimage\"},\"image\":{\"@id\":\"https:\\\/\\\/drawings-online.com\\\/en\\\/product\\\/the-birth-of-pegasus-italian-school-from-the-16th-century\\\/#primaryimage\"},\"thumbnailUrl\":\"https:\\\/\\\/drawings-online.com\\\/wp-content\\\/uploads\\\/2021\\\/09\\\/DSC_2290_1.png\",\"datePublished\":\"2021-09-28T16:00:22+00:00\",\"dateModified\":\"2023-01-17T17:54:56+00:00\",\"breadcrumb\":{\"@id\":\"https:\\\/\\\/drawings-online.com\\\/en\\\/product\\\/the-birth-of-pegasus-italian-school-from-the-16th-century\\\/#breadcrumb\"},\"inLanguage\":\"en-US\",\"potentialAction\":[{\"@type\":\"ReadAction\",\"target\":[\"https:\\\/\\\/drawings-online.com\\\/en\\\/product\\\/the-birth-of-pegasus-italian-school-from-the-16th-century\\\/\"]}]},{\"@type\":\"ImageObject\",\"inLanguage\":\"en-US\",\"@id\":\"https:\\\/\\\/drawings-online.com\\\/en\\\/product\\\/the-birth-of-pegasus-italian-school-from-the-16th-century\\\/#primaryimage\",\"url\":\"https:\\\/\\\/drawings-online.com\\\/wp-content\\\/uploads\\\/2021\\\/09\\\/DSC_2290_1.png\",\"contentUrl\":\"https:\\\/\\\/drawings-online.com\\\/wp-content\\\/uploads\\\/2021\\\/09\\\/DSC_2290_1.png\",\"width\":1800,\"height\":1800,\"caption\":\"La Naissance de P\u00e9gase, \u00e9cole italienne du XVIe si\u00e8cle\"},{\"@type\":\"BreadcrumbList\",\"@id\":\"https:\\\/\\\/drawings-online.com\\\/en\\\/product\\\/the-birth-of-pegasus-italian-school-from-the-16th-century\\\/#breadcrumb\",\"itemListElement\":[{\"@type\":\"ListItem\",\"position\":1,\"name\":\"Works available\",\"item\":\"https:\\\/\\\/drawings-online.com\\\/\"},{\"@type\":\"ListItem\",\"position\":2,\"name\":\"Gallery\",\"item\":\"https:\\\/\\\/drawings-online.com\\\/galerie\\\/\"},{\"@type\":\"ListItem\",\"position\":3,\"name\":\"16e\",\"item\":\"https:\\\/\\\/drawings-online.com\\\/product_tag\\\/16e\\\/\"},{\"@type\":\"ListItem\",\"position\":4,\"name\":\"The Birth of Pegasus, Italian school from the 16th century\"}]},{\"@type\":\"WebSite\",\"@id\":\"https:\\\/\\\/drawings-online.com\\\/en\\\/#website\",\"url\":\"https:\\\/\\\/drawings-online.com\\\/en\\\/\",\"name\":\"Drawings-online\",\"description\":\"Dessins en ligne\",\"publisher\":{\"@id\":\"https:\\\/\\\/drawings-online.com\\\/en\\\/#organization\"},\"potentialAction\":[{\"@type\":\"SearchAction\",\"target\":{\"@type\":\"EntryPoint\",\"urlTemplate\":\"https:\\\/\\\/drawings-online.com\\\/en\\\/?s={search_term_string}\"},\"query-input\":{\"@type\":\"PropertyValueSpecification\",\"valueRequired\":true,\"valueName\":\"search_term_string\"}}],\"inLanguage\":\"en-US\"},{\"@type\":\"Organization\",\"@id\":\"https:\\\/\\\/drawings-online.com\\\/en\\\/#organization\",\"name\":\"Drawings-online\",\"url\":\"https:\\\/\\\/drawings-online.com\\\/en\\\/\",\"logo\":{\"@type\":\"ImageObject\",\"inLanguage\":\"en-US\",\"@id\":\"https:\\\/\\\/drawings-online.com\\\/en\\\/#\\\/schema\\\/logo\\\/image\\\/\",\"url\":\"https:\\\/\\\/drawings-online.com\\\/wp-content\\\/uploads\\\/2020\\\/12\\\/drawings-icone-transp-e1607442878135.png\",\"contentUrl\":\"https:\\\/\\\/drawings-online.com\\\/wp-content\\\/uploads\\\/2020\\\/12\\\/drawings-icone-transp-e1607442878135.png\",\"width\":150,\"height\":150,\"caption\":\"Drawings-online\"},\"image\":{\"@id\":\"https:\\\/\\\/drawings-online.com\\\/en\\\/#\\\/schema\\\/logo\\\/image\\\/\"},\"sameAs\":[\"https:\\\/\\\/www.facebook.com\\\/people\\\/Drawings-online\\\/100034942735866\\\/\",\"https:\\\/\\\/x.com\\\/OnlineDrawings\",\"https:\\\/\\\/www.instagram.com\\\/drawings_online_com\\\/\"]}]}<\/script>\n<!-- \/ Yoast SEO plugin. -->","yoast_head_json":{"title":"The Birth of Pegasus, Italian school from the 16th century","description":"Italian school End of 16th century The Birth of Pegasus Pen and brown ink, brown wash. Inscribed\u00a0Parmigianino\u00a0lower right with the black chalk and on the verso with the pen and brown ink. Sheet 120 x 224 - 4 11\/16\u00a0x 8\u00a013\/16\u00a0in. Drawing 100 x 200 mm - 3 15\/16\u00a0x 7\u00a07\/8 in., oblong. &nbsp; This small scene,&hellip;","robots":{"index":"index","follow":"follow","max-snippet":"max-snippet:-1","max-image-preview":"max-image-preview:large","max-video-preview":"max-video-preview:-1"},"canonical":"Italian school End of 16th century The Birth of Pegasus Pen and brown ink, brown wash. Inscribed\u00a0Parmigianino\u00a0lower right with the black chalk and on the verso with the pen and brown ink. Sheet 120 x 224 - 4 11\/16\u00a0x 8\u00a013\/16\u00a0in. Drawing 100 x 200 mm - 3 15\/16\u00a0x 7\u00a07\/8 in., oblong. &nbsp; This small scene,&hellip;","og_locale":"en_US","og_type":"article","og_title":"The Birth of Pegasus, Italian school from the 16th century","og_description":"Italian school End of 16th century The Birth of Pegasus Pen and brown ink, brown wash. Inscribed\u00a0Parmigianino\u00a0lower right with the black chalk and on the verso with the pen and brown ink. Sheet 120 x 224 - 4 11\/16\u00a0x 8\u00a013\/16\u00a0in. Drawing 100 x 200 mm - 3 15\/16\u00a0x 7\u00a07\/8 in., oblong. &nbsp; This small scene,&hellip;","og_url":"https:\/\/drawings-online.com\/en\/product\/the-birth-of-pegasus-italian-school-from-the-16th-century\/","og_site_name":"Drawings-online","article_publisher":"https:\/\/www.facebook.com\/people\/Drawings-online\/100034942735866\/","article_modified_time":"2023-01-17T17:54:56+00:00","og_image":[{"width":1024,"height":1024,"url":"https:\/\/drawings-online.com\/wp-content\/uploads\/2021\/09\/DSC_2290_1-1024x1024.png","type":"image\/png"}],"twitter_card":"summary_large_image","twitter_site":"@OnlineDrawings","twitter_misc":{"Est. reading time":"1 minute"},"schema":{"@context":"https:\/\/schema.org","@graph":[{"@type":"WebPage","@id":"https:\/\/drawings-online.com\/en\/product\/the-birth-of-pegasus-italian-school-from-the-16th-century\/","url":"https:\/\/drawings-online.com\/en\/product\/the-birth-of-pegasus-italian-school-from-the-16th-century\/","name":"La Naissance de P\u00e9gase, \u00e9cole italienne du XVIe si\u00e8cle - Drawings-online","isPartOf":{"@id":"https:\/\/drawings-online.com\/#website"},"primaryImageOfPage":{"@id":"https:\/\/drawings-online.com\/en\/product\/the-birth-of-pegasus-italian-school-from-the-16th-century\/#primaryimage"},"image":{"@id":"https:\/\/drawings-online.com\/en\/product\/the-birth-of-pegasus-italian-school-from-the-16th-century\/#primaryimage"},"thumbnailUrl":"https:\/\/drawings-online.com\/wp-content\/uploads\/2021\/09\/DSC_2290_1.png","datePublished":"2021-09-28T16:00:22+00:00","dateModified":"2023-01-17T17:54:56+00:00","breadcrumb":{"@id":"https:\/\/drawings-online.com\/en\/product\/the-birth-of-pegasus-italian-school-from-the-16th-century\/#breadcrumb"},"inLanguage":"en-US","potentialAction":[{"@type":"ReadAction","target":["https:\/\/drawings-online.com\/en\/product\/the-birth-of-pegasus-italian-school-from-the-16th-century\/"]}]},{"@type":"ImageObject","inLanguage":"en-US","@id":"https:\/\/drawings-online.com\/en\/product\/the-birth-of-pegasus-italian-school-from-the-16th-century\/#primaryimage","url":"https:\/\/drawings-online.com\/wp-content\/uploads\/2021\/09\/DSC_2290_1.png","contentUrl":"https:\/\/drawings-online.com\/wp-content\/uploads\/2021\/09\/DSC_2290_1.png","width":1800,"height":1800,"caption":"La Naissance de P\u00e9gase, \u00e9cole italienne du XVIe si\u00e8cle"},{"@type":"BreadcrumbList","@id":"https:\/\/drawings-online.com\/en\/product\/the-birth-of-pegasus-italian-school-from-the-16th-century\/#breadcrumb","itemListElement":[{"@type":"ListItem","position":1,"name":"Works available","item":"https:\/\/drawings-online.com\/"},{"@type":"ListItem","position":2,"name":"Gallery","item":"https:\/\/drawings-online.com\/galerie\/"},{"@type":"ListItem","position":3,"name":"16e","item":"https:\/\/drawings-online.com\/product_tag\/16e\/"},{"@type":"ListItem","position":4,"name":"The Birth of Pegasus, Italian school from the 16th century"}]},{"@type":"WebSite","@id":"https:\/\/drawings-online.com\/en\/#website","url":"https:\/\/drawings-online.com\/en\/","name":"Drawings-online","description":"Dessins en ligne","publisher":{"@id":"https:\/\/drawings-online.com\/en\/#organization"},"potentialAction":[{"@type":"SearchAction","target":{"@type":"EntryPoint","urlTemplate":"https:\/\/drawings-online.com\/en\/?s={search_term_string}"},"query-input":{"@type":"PropertyValueSpecification","valueRequired":true,"valueName":"search_term_string"}}],"inLanguage":"en-US"},{"@type":"Organization","@id":"https:\/\/drawings-online.com\/en\/#organization","name":"Drawings-online","url":"https:\/\/drawings-online.com\/en\/","logo":{"@type":"ImageObject","inLanguage":"en-US","@id":"https:\/\/drawings-online.com\/en\/#\/schema\/logo\/image\/","url":"https:\/\/drawings-online.com\/wp-content\/uploads\/2020\/12\/drawings-icone-transp-e1607442878135.png","contentUrl":"https:\/\/drawings-online.com\/wp-content\/uploads\/2020\/12\/drawings-icone-transp-e1607442878135.png","width":150,"height":150,"caption":"Drawings-online"},"image":{"@id":"https:\/\/drawings-online.com\/en\/#\/schema\/logo\/image\/"},"sameAs":["https:\/\/www.facebook.com\/people\/Drawings-online\/100034942735866\/","https:\/\/x.com\/OnlineDrawings","https:\/\/www.instagram.com\/drawings_online_com\/"]}]}},"jetpack_sharing_enabled":true,"_links":{"self":[{"href":"https:\/\/drawings-online.com\/en\/wp-json\/wp\/v2\/product\/4035","targetHints":{"allow":["GET"]}}],"collection":[{"href":"https:\/\/drawings-online.com\/en\/wp-json\/wp\/v2\/product"}],"about":[{"href":"https:\/\/drawings-online.com\/en\/wp-json\/wp\/v2\/types\/product"}],"wp:featuredmedia":[{"embeddable":true,"href":"https:\/\/drawings-online.com\/en\/wp-json\/wp\/v2\/media\/4075"}],"wp:attachment":[{"href":"https:\/\/drawings-online.com\/en\/wp-json\/wp\/v2\/media?parent=4035"}],"wp:term":[{"taxonomy":"product_brand","embeddable":true,"href":"https:\/\/drawings-online.com\/en\/wp-json\/wp\/v2\/product_brand?post=4035"},{"taxonomy":"product_cat","embeddable":true,"href":"https:\/\/drawings-online.com\/en\/wp-json\/wp\/v2\/product_cat?post=4035"},{"taxonomy":"product_tag","embeddable":true,"href":"https:\/\/drawings-online.com\/en\/wp-json\/wp\/v2\/product_tag?post=4035"}],"curies":[{"name":"wp","href":"https:\/\/api.w.org\/{rel}","templated":true}]}}