{"id":4034,"date":"2021-09-28T17:10:38","date_gmt":"2021-09-28T15:10:38","guid":{"rendered":"https:\/\/artesepia.com\/product\/\/"},"modified":"2023-01-17T18:54:59","modified_gmt":"2023-01-17T17:54:59","slug":"ecce-homo-ecole-italienne-du-xviie-siecle","status":"publish","type":"product","link":"https:\/\/drawings-online.com\/en\/product\/ecce-homo-italian-school-from-the-17th-century\/","title":{"rendered":"Ecce Homo, Italian school from the 17th century"},"content":{"rendered":"<p><strong>Italian School<\/strong><\/p>\n<p>17th century<\/p>\n<p><em>Ecce Homo<\/em> or <em>The Christ Presented to the People<\/em><\/p>\n<p>Red chalk, pen and brown ink, grey wash.<\/p>\n<p>Watermark: crosslet on a hand.<\/p>\n<p>Inscribed <em>questa e la <\/em>[&#8230;] <em>fu conduto la seconde volta da pilatto et questa partese<\/em> (?)\/ <em>na in facia<\/em>\u00a0[&#8230;] <em>dal testamenta vecio e zaccaria profeta che riprend..<\/em>\/ <em>e dordine<\/em> [&#8230;] <em>lapidato.\u00a0Et cosi caminara li so\u00ff anchi sotto historia questi<\/em>\/ <em>l&#8217;invencione<\/em> [&#8230;] <em>mentre\u00a0si operara\u00a0si andavia\u00a0studiando a pezo a pezo <\/em>et \u00e0 c\u00f4t\u00e9 <em>Braccia\u00a0<\/em>?<\/p>\n<p>483 x 405 mm &#8211; 19 1\/64 x 15 15\/16 in.<\/p>\n<p>&nbsp;<\/p>\n<p>In the Bible, Christ is shown twice to the people. The first time, he appears after his flagellation, wearing the purple robe and a crown of thorns. Poncius Pilatus finds no fault in him and then presents him to the crowd with the famous world: \u201cEcce homo\u201d. The people nevertheless request his crucifixion because of his sinful claiming to be the \u201cson of God\u201d. Pilate then returns in the judgment hall, talks with Jesus and finding still no motives to condemn him brings him back in front of the crowd, saying: \u201cBehold your King\u201d. The people then answer: \u201cWe have no king but Caesar.\u201d Jesus is then taken away to be crucified.<\/p>\n<p>&nbsp;<\/p>\n<p>The incomplete inscription on the side seems to indicate that this drawing represents the second presentation of Jesus to the crowd. Standing in front of the viewer, under an arched portico, Christ is holding a lash and wearing a robe and the crown of thorns. However, his unexpected attitude blurs the comprehension of the subject: the right hand on his hip, one foot laid on a higher step than the other, he seems assured and proud when he should be represented hold by soldiers, hands tied, head down in an attitude of humiliation and pain.<\/p>\n<p>&nbsp;<\/p>\n<p>Frontal views of one or the other of these two episodes, with temples and sculptures in the background, are quite rare. The composition recalls models from Venice or the Veneto, such as an altar in the church of San Nazaro in Verona by Orland Flacco (1527\/30-1592\/93) for instance, which presents a similar composition: arched top, balustrades on each side and architectural decor on the background. Only the figures\u2019 attitudes and expressions are quite different.<\/p>\n<p>The author of this unusual drawing remains to be identified.<\/p>\n<p>&nbsp;<\/p>\n<p>Condition report: tears on the right and left edges; compensation on the center, the sheet pasted on Japan paper.<\/p>\n<p>&nbsp;<\/p>\n","protected":false},"excerpt":{"rendered":"<p>Italian School 17th century Ecce Homo or The Christ Presented to the People Red chalk, pen and brown ink, grey wash. Watermark: crosslet on a hand. Inscribed questa e la [&#8230;] fu conduto la seconde volta da pilatto et questa partese (?)\/ na in facia\u00a0[&#8230;] dal testamenta vecio e zaccaria profeta che riprend..\/ e dordine [&hellip;]<\/p>\n","protected":false},"featured_media":4059,"template":"","meta":{"_themeisle_gutenberg_block_has_review":false},"product_brand":[],"product_cat":[79],"product_tag":[23,345,36,353,26,422,35,28,96],"class_list":{"0":"post-4034","1":"product","2":"type-product","3":"status-publish","4":"has-post-thumbnail","6":"product_cat-italian-school","7":"product_tag-17th","8":"product_tag-old-master-drawings","9":"product_tag-brown-ink","10":"product_tag-gallery","11":"product_tag-gray-wash","12":"product_tag-n8","13":"product_tag-pen","14":"product_tag-red-chalk","15":"product_tag-religious-subject","17":"first","18":"outofstock","19":"taxable","20":"shipping-taxable","21":"purchasable","22":"product-type-simple"},"yoast_head":"<!-- This site is optimized with the Yoast SEO plugin v27.5 - https:\/\/yoast.com\/product\/yoast-seo-wordpress\/ -->\n<title>Ecce Homo, Italian school from the 17th century<\/title>\n<meta name=\"description\" content=\"Italian School 17th century Ecce Homo or The Christ Presented to the People Red chalk, pen and brown ink, grey wash. Watermark: crosslet on a hand. Inscribed questa e la [...] fu conduto la seconde volta da pilatto et questa partese (?)\/ na in facia\u00a0[...] dal testamenta vecio e zaccaria profeta che riprend..\/ e dordine&hellip;\" \/>\n<meta name=\"robots\" content=\"index, follow, max-snippet:-1, max-image-preview:large, max-video-preview:-1\" \/>\n<link rel=\"canonical\" href=\"\" \/>\n<meta property=\"og:locale\" content=\"en_US\" \/>\n<meta property=\"og:type\" content=\"article\" \/>\n<meta property=\"og:title\" content=\"Ecce Homo, Italian school from the 17th century\" \/>\n<meta property=\"og:description\" content=\"Italian School 17th century Ecce Homo or The Christ Presented to the People Red chalk, pen and brown ink, grey wash. Watermark: crosslet on a hand. Inscribed questa e la [...] fu conduto la seconde volta da pilatto et questa partese (?)\/ na in facia\u00a0[...] dal testamenta vecio e zaccaria profeta che riprend..\/ e dordine&hellip;\" \/>\n<meta property=\"og:url\" content=\"https:\/\/drawings-online.com\/en\/product\/ecce-homo-italian-school-from-the-17th-century\/\" \/>\n<meta property=\"og:site_name\" content=\"Drawings-online\" \/>\n<meta property=\"article:publisher\" content=\"https:\/\/www.facebook.com\/people\/Drawings-online\/100034942735866\/\" \/>\n<meta property=\"article:modified_time\" content=\"2023-01-17T17:54:59+00:00\" \/>\n<meta property=\"og:image\" content=\"https:\/\/drawings-online.com\/wp-content\/uploads\/2021\/09\/DSC_2260_1-1024x1024.png\" \/>\n\t<meta property=\"og:image:width\" content=\"1024\" \/>\n\t<meta property=\"og:image:height\" content=\"1024\" \/>\n\t<meta property=\"og:image:type\" content=\"image\/png\" \/>\n<meta name=\"twitter:card\" content=\"summary_large_image\" \/>\n<meta name=\"twitter:site\" content=\"@OnlineDrawings\" \/>\n<meta name=\"twitter:label1\" content=\"Est. reading time\" \/>\n\t<meta name=\"twitter:data1\" content=\"2 minutes\" \/>\n<script type=\"application\/ld+json\" class=\"yoast-schema-graph\">{\"@context\":\"https:\\\/\\\/schema.org\",\"@graph\":[{\"@type\":\"WebPage\",\"@id\":\"https:\\\/\\\/drawings-online.com\\\/en\\\/product\\\/ecce-homo-italian-school-from-the-17th-century\\\/\",\"url\":\"https:\\\/\\\/drawings-online.com\\\/en\\\/product\\\/ecce-homo-italian-school-from-the-17th-century\\\/\",\"name\":\"Ecce homo, \u00e9cole italienne du XVIIe si\u00e8cle - Drawings-online\",\"isPartOf\":{\"@id\":\"https:\\\/\\\/drawings-online.com\\\/#website\"},\"primaryImageOfPage\":{\"@id\":\"https:\\\/\\\/drawings-online.com\\\/en\\\/product\\\/ecce-homo-italian-school-from-the-17th-century\\\/#primaryimage\"},\"image\":{\"@id\":\"https:\\\/\\\/drawings-online.com\\\/en\\\/product\\\/ecce-homo-italian-school-from-the-17th-century\\\/#primaryimage\"},\"thumbnailUrl\":\"https:\\\/\\\/drawings-online.com\\\/wp-content\\\/uploads\\\/2021\\\/09\\\/DSC_2260_1.png\",\"datePublished\":\"2021-09-28T15:10:38+00:00\",\"dateModified\":\"2023-01-17T17:54:59+00:00\",\"breadcrumb\":{\"@id\":\"https:\\\/\\\/drawings-online.com\\\/en\\\/product\\\/ecce-homo-italian-school-from-the-17th-century\\\/#breadcrumb\"},\"inLanguage\":\"en-US\",\"potentialAction\":[{\"@type\":\"ReadAction\",\"target\":[\"https:\\\/\\\/drawings-online.com\\\/en\\\/product\\\/ecce-homo-italian-school-from-the-17th-century\\\/\"]}]},{\"@type\":\"ImageObject\",\"inLanguage\":\"en-US\",\"@id\":\"https:\\\/\\\/drawings-online.com\\\/en\\\/product\\\/ecce-homo-italian-school-from-the-17th-century\\\/#primaryimage\",\"url\":\"https:\\\/\\\/drawings-online.com\\\/wp-content\\\/uploads\\\/2021\\\/09\\\/DSC_2260_1.png\",\"contentUrl\":\"https:\\\/\\\/drawings-online.com\\\/wp-content\\\/uploads\\\/2021\\\/09\\\/DSC_2260_1.png\",\"width\":1800,\"height\":1800,\"caption\":\"Ecce homo, \u00e9cole italienne du XVIIe si\u00e8cle\"},{\"@type\":\"BreadcrumbList\",\"@id\":\"https:\\\/\\\/drawings-online.com\\\/en\\\/product\\\/ecce-homo-italian-school-from-the-17th-century\\\/#breadcrumb\",\"itemListElement\":[{\"@type\":\"ListItem\",\"position\":1,\"name\":\"Works available\",\"item\":\"https:\\\/\\\/drawings-online.com\\\/\"},{\"@type\":\"ListItem\",\"position\":2,\"name\":\"Gallery\",\"item\":\"https:\\\/\\\/drawings-online.com\\\/galerie\\\/\"},{\"@type\":\"ListItem\",\"position\":3,\"name\":\"17e\",\"item\":\"https:\\\/\\\/drawings-online.com\\\/product_tag\\\/17e\\\/\"},{\"@type\":\"ListItem\",\"position\":4,\"name\":\"Ecce Homo, Italian school from the 17th century\"}]},{\"@type\":\"WebSite\",\"@id\":\"https:\\\/\\\/drawings-online.com\\\/en\\\/#website\",\"url\":\"https:\\\/\\\/drawings-online.com\\\/en\\\/\",\"name\":\"Drawings-online\",\"description\":\"Dessins en ligne\",\"publisher\":{\"@id\":\"https:\\\/\\\/drawings-online.com\\\/en\\\/#organization\"},\"potentialAction\":[{\"@type\":\"SearchAction\",\"target\":{\"@type\":\"EntryPoint\",\"urlTemplate\":\"https:\\\/\\\/drawings-online.com\\\/en\\\/?s={search_term_string}\"},\"query-input\":{\"@type\":\"PropertyValueSpecification\",\"valueRequired\":true,\"valueName\":\"search_term_string\"}}],\"inLanguage\":\"en-US\"},{\"@type\":\"Organization\",\"@id\":\"https:\\\/\\\/drawings-online.com\\\/en\\\/#organization\",\"name\":\"Drawings-online\",\"url\":\"https:\\\/\\\/drawings-online.com\\\/en\\\/\",\"logo\":{\"@type\":\"ImageObject\",\"inLanguage\":\"en-US\",\"@id\":\"https:\\\/\\\/drawings-online.com\\\/en\\\/#\\\/schema\\\/logo\\\/image\\\/\",\"url\":\"https:\\\/\\\/drawings-online.com\\\/wp-content\\\/uploads\\\/2020\\\/12\\\/drawings-icone-transp-e1607442878135.png\",\"contentUrl\":\"https:\\\/\\\/drawings-online.com\\\/wp-content\\\/uploads\\\/2020\\\/12\\\/drawings-icone-transp-e1607442878135.png\",\"width\":150,\"height\":150,\"caption\":\"Drawings-online\"},\"image\":{\"@id\":\"https:\\\/\\\/drawings-online.com\\\/en\\\/#\\\/schema\\\/logo\\\/image\\\/\"},\"sameAs\":[\"https:\\\/\\\/www.facebook.com\\\/people\\\/Drawings-online\\\/100034942735866\\\/\",\"https:\\\/\\\/x.com\\\/OnlineDrawings\",\"https:\\\/\\\/www.instagram.com\\\/drawings_online_com\\\/\"]}]}<\/script>\n<!-- \/ Yoast SEO plugin. -->","yoast_head_json":{"title":"Ecce Homo, Italian school from the 17th century","description":"Italian School 17th century Ecce Homo or The Christ Presented to the People Red chalk, pen and brown ink, grey wash. Watermark: crosslet on a hand. Inscribed questa e la [...] fu conduto la seconde volta da pilatto et questa partese (?)\/ na in facia\u00a0[...] dal testamenta vecio e zaccaria profeta che riprend..\/ e dordine&hellip;","robots":{"index":"index","follow":"follow","max-snippet":"max-snippet:-1","max-image-preview":"max-image-preview:large","max-video-preview":"max-video-preview:-1"},"canonical":"Italian School 17th century Ecce Homo or The Christ Presented to the People Red chalk, pen and brown ink, grey wash. Watermark: crosslet on a hand. Inscribed questa e la [...] fu conduto la seconde volta da pilatto et questa partese (?)\/ na in facia\u00a0[...] dal testamenta vecio e zaccaria profeta che riprend..\/ e dordine&hellip;","og_locale":"en_US","og_type":"article","og_title":"Ecce Homo, Italian school from the 17th century","og_description":"Italian School 17th century Ecce Homo or The Christ Presented to the People Red chalk, pen and brown ink, grey wash. Watermark: crosslet on a hand. Inscribed questa e la [...] fu conduto la seconde volta da pilatto et questa partese (?)\/ na in facia\u00a0[...] dal testamenta vecio e zaccaria profeta che riprend..\/ e dordine&hellip;","og_url":"https:\/\/drawings-online.com\/en\/product\/ecce-homo-italian-school-from-the-17th-century\/","og_site_name":"Drawings-online","article_publisher":"https:\/\/www.facebook.com\/people\/Drawings-online\/100034942735866\/","article_modified_time":"2023-01-17T17:54:59+00:00","og_image":[{"width":1024,"height":1024,"url":"https:\/\/drawings-online.com\/wp-content\/uploads\/2021\/09\/DSC_2260_1-1024x1024.png","type":"image\/png"}],"twitter_card":"summary_large_image","twitter_site":"@OnlineDrawings","twitter_misc":{"Est. reading time":"2 minutes"},"schema":{"@context":"https:\/\/schema.org","@graph":[{"@type":"WebPage","@id":"https:\/\/drawings-online.com\/en\/product\/ecce-homo-italian-school-from-the-17th-century\/","url":"https:\/\/drawings-online.com\/en\/product\/ecce-homo-italian-school-from-the-17th-century\/","name":"Ecce homo, \u00e9cole italienne du XVIIe si\u00e8cle - Drawings-online","isPartOf":{"@id":"https:\/\/drawings-online.com\/#website"},"primaryImageOfPage":{"@id":"https:\/\/drawings-online.com\/en\/product\/ecce-homo-italian-school-from-the-17th-century\/#primaryimage"},"image":{"@id":"https:\/\/drawings-online.com\/en\/product\/ecce-homo-italian-school-from-the-17th-century\/#primaryimage"},"thumbnailUrl":"https:\/\/drawings-online.com\/wp-content\/uploads\/2021\/09\/DSC_2260_1.png","datePublished":"2021-09-28T15:10:38+00:00","dateModified":"2023-01-17T17:54:59+00:00","breadcrumb":{"@id":"https:\/\/drawings-online.com\/en\/product\/ecce-homo-italian-school-from-the-17th-century\/#breadcrumb"},"inLanguage":"en-US","potentialAction":[{"@type":"ReadAction","target":["https:\/\/drawings-online.com\/en\/product\/ecce-homo-italian-school-from-the-17th-century\/"]}]},{"@type":"ImageObject","inLanguage":"en-US","@id":"https:\/\/drawings-online.com\/en\/product\/ecce-homo-italian-school-from-the-17th-century\/#primaryimage","url":"https:\/\/drawings-online.com\/wp-content\/uploads\/2021\/09\/DSC_2260_1.png","contentUrl":"https:\/\/drawings-online.com\/wp-content\/uploads\/2021\/09\/DSC_2260_1.png","width":1800,"height":1800,"caption":"Ecce homo, \u00e9cole italienne du XVIIe si\u00e8cle"},{"@type":"BreadcrumbList","@id":"https:\/\/drawings-online.com\/en\/product\/ecce-homo-italian-school-from-the-17th-century\/#breadcrumb","itemListElement":[{"@type":"ListItem","position":1,"name":"Works available","item":"https:\/\/drawings-online.com\/"},{"@type":"ListItem","position":2,"name":"Gallery","item":"https:\/\/drawings-online.com\/galerie\/"},{"@type":"ListItem","position":3,"name":"17e","item":"https:\/\/drawings-online.com\/product_tag\/17e\/"},{"@type":"ListItem","position":4,"name":"Ecce Homo, Italian school from the 17th century"}]},{"@type":"WebSite","@id":"https:\/\/drawings-online.com\/en\/#website","url":"https:\/\/drawings-online.com\/en\/","name":"Drawings-online","description":"Dessins en ligne","publisher":{"@id":"https:\/\/drawings-online.com\/en\/#organization"},"potentialAction":[{"@type":"SearchAction","target":{"@type":"EntryPoint","urlTemplate":"https:\/\/drawings-online.com\/en\/?s={search_term_string}"},"query-input":{"@type":"PropertyValueSpecification","valueRequired":true,"valueName":"search_term_string"}}],"inLanguage":"en-US"},{"@type":"Organization","@id":"https:\/\/drawings-online.com\/en\/#organization","name":"Drawings-online","url":"https:\/\/drawings-online.com\/en\/","logo":{"@type":"ImageObject","inLanguage":"en-US","@id":"https:\/\/drawings-online.com\/en\/#\/schema\/logo\/image\/","url":"https:\/\/drawings-online.com\/wp-content\/uploads\/2020\/12\/drawings-icone-transp-e1607442878135.png","contentUrl":"https:\/\/drawings-online.com\/wp-content\/uploads\/2020\/12\/drawings-icone-transp-e1607442878135.png","width":150,"height":150,"caption":"Drawings-online"},"image":{"@id":"https:\/\/drawings-online.com\/en\/#\/schema\/logo\/image\/"},"sameAs":["https:\/\/www.facebook.com\/people\/Drawings-online\/100034942735866\/","https:\/\/x.com\/OnlineDrawings","https:\/\/www.instagram.com\/drawings_online_com\/"]}]}},"jetpack_sharing_enabled":true,"_links":{"self":[{"href":"https:\/\/drawings-online.com\/en\/wp-json\/wp\/v2\/product\/4034","targetHints":{"allow":["GET"]}}],"collection":[{"href":"https:\/\/drawings-online.com\/en\/wp-json\/wp\/v2\/product"}],"about":[{"href":"https:\/\/drawings-online.com\/en\/wp-json\/wp\/v2\/types\/product"}],"wp:featuredmedia":[{"embeddable":true,"href":"https:\/\/drawings-online.com\/en\/wp-json\/wp\/v2\/media\/4059"}],"wp:attachment":[{"href":"https:\/\/drawings-online.com\/en\/wp-json\/wp\/v2\/media?parent=4034"}],"wp:term":[{"taxonomy":"product_brand","embeddable":true,"href":"https:\/\/drawings-online.com\/en\/wp-json\/wp\/v2\/product_brand?post=4034"},{"taxonomy":"product_cat","embeddable":true,"href":"https:\/\/drawings-online.com\/en\/wp-json\/wp\/v2\/product_cat?post=4034"},{"taxonomy":"product_tag","embeddable":true,"href":"https:\/\/drawings-online.com\/en\/wp-json\/wp\/v2\/product_tag?post=4034"}],"curies":[{"name":"wp","href":"https:\/\/api.w.org\/{rel}","templated":true}]}}