{"id":3860,"date":"2021-07-02T20:25:40","date_gmt":"2021-07-02T18:25:40","guid":{"rendered":"https:\/\/artesepia.com\/product\/\/"},"modified":"2023-01-17T18:54:09","modified_gmt":"2023-01-17T17:54:09","slug":"academie-de-femme-debout-de-profil-tenant-un-drape-par-louis-jean-francois-lagrenee","status":"publish","type":"product","link":"https:\/\/drawings-online.com\/en\/product\/a-female-nude-standing-in-profile-holding-a-drapery-by-louis-jean-francois-lagrenee\/","title":{"rendered":"A Female Nude Standing in Profile, Holding a Drapery by Louis Jean Fran\u00e7ois Lagren\u00e9e"},"content":{"rendered":"<p><strong>Louis Jean Fran\u00e7ois Lagren\u00e9e<\/strong><\/p>\n<p>Paris 1725 \u2013 1805<\/p>\n<p><em><strong>A Female Nude Standing in Profile, Holding a Drapery<\/strong> <\/em><\/p>\n<p>Red chalk counterproof, heightened with red chalk, brush and brown wash, black chalk.<\/p>\n<p>Signed <em>Lagren\u00e9e<\/em> lower right.<\/p>\n<p>625 x 375 mm &#8211; 24 5\/8 x 14 3\/4 in.<\/p>\n<p>Provenance &#8211;\u00a0<a href=\"https:\/\/www.artcurial.com\/fr\/lot-louis-jean-francois-lagrenee-paris-1724-1805-3034-50\" target=\"_blank\" rel=\"noopener\">Artcurial, Paris, 23 mars 2017, lot 50.<\/a><\/p>\n<p>&nbsp;<\/p>\n<p>This sheet is a counter-proof reworked by the artist. It was made by pressing a humidified sheet against an initial red chalk drawing to obtain its reversed image by transfer. The original drawing by Lagren\u00e9e, although it is not localized nowadays, relates to a series of male and female academies (anatomical studies) made to be engraved by Louis-Marin Bonnet. These prints have been studied and catalogued by Jacques H\u00e9rold who enumerated about thirty of these nude studies engraved after original drawings by Lagren\u00e9e (see <em>Louis Marin Bonnet (1736-1793). <\/em><em>Catalogue de l\u2019\u0153uvre grav\u00e9<\/em>, Paris, published by the Soci\u00e9t\u00e9 pour l\u2019\u00e9tude de la gravure fran\u00e7aise, 1935).<\/p>\n<figure id=\"attachment_3861\" aria-describedby=\"caption-attachment-3861\" style=\"width: 212px\" class=\"wp-caption alignleft\"><a href=\"https:\/\/drawings-online.com\/wp-content\/uploads\/2021\/07\/louis-marin-bonnet-female-nude-after-louis-j.-f.-lagrenee.jpg\"><img loading=\"lazy\" decoding=\"async\" class=\"wp-image-3861 size-medium\" src=\"https:\/\/drawings-online.com\/wp-content\/uploads\/2021\/07\/louis-marin-bonnet-female-nude-after-louis-j.-f.-lagrenee-212x300.jpg\" alt=\"\" width=\"212\" height=\"300\" srcset=\"https:\/\/drawings-online.com\/wp-content\/uploads\/2021\/07\/louis-marin-bonnet-female-nude-after-louis-j.-f.-lagrenee-212x300.jpg 212w, https:\/\/drawings-online.com\/wp-content\/uploads\/2021\/07\/louis-marin-bonnet-female-nude-after-louis-j.-f.-lagrenee-300x425.jpg 300w, https:\/\/drawings-online.com\/wp-content\/uploads\/2021\/07\/louis-marin-bonnet-female-nude-after-louis-j.-f.-lagrenee.jpg 332w\" sizes=\"auto, (max-width: 212px) 100vw, 212px\" \/><\/a><figcaption id=\"caption-attachment-3861\" class=\"wp-caption-text\">Fig.1<\/figcaption><\/figure>\n<p>This sheet is precisely the counter-proof of the \u00ab\u00a0twelfth female academy\u00a0\u00bb (fig. 1) catalogued by M. Herold (n\u00b0 71).<\/p>\n<p>Lagren\u00e9e signed this counterproof with pen and ink above the inversed initial signature in order to make it visible. The counterproof technique often resulted in a fainter reversed image and in eroding the original drawing: therefore, the artists sometimes had to rework over both. This is what happened here: to heighten the image, Lagren\u00e9ee went back over the outlines of the figure with red chalk and over the drapery with brown wash. He also added black chalk in the figure\u2019s eyes to intensity her glaze and make it more real. In his study on Lagren\u00e9e, Marc Sandoz mentioned how his teacher at the Acad\u00e9mie Royale, Carle Van Loo, could have influenced him in these anatomical studies. But it is maybe from Charles Natoire, director of French Academy in Rome, that Lagren\u00e9e learnt how to enhance the glance of his red chalk nude figures by using black chalk, a trick Natoire also used (see for instance his <a href=\"https:\/\/drawings-online.com\/product\/etude-pour-la-figure-de-pan-par-charles-joseph-natoire\/\"><em>Study for the Figure of Pan<\/em><\/a>).<\/p>\n<p>&nbsp;<\/p>\n<p>The fact that the sheet was lavishly reworked and signed in the right direction gives indication as to its destination: of large dimensions and a pleasant and decorative subject, it was undoubtedly meant to be sold to amateurs.<\/p>\n<p>&nbsp;<\/p>\n<p>One of the most important French artists of the second half of the 18th century, Louis Lagren\u00e9e perfectly illustrates the transition from the decorative and frivolous style often called rococo to a graver style marked by the influence of Antique subjects, usually designated as Neo-classicism. \u00a0<\/p>\n","protected":false},"excerpt":{"rendered":"<p>Louis Jean Fran\u00e7ois Lagren\u00e9e Paris 1725 \u2013 1805 A Female Nude Standing in Profile, Holding a Drapery Red chalk counterproof, heightened with red chalk, brush and brown wash, black chalk. Signed Lagren\u00e9e lower right. 625 x 375 mm &#8211; 24 5\/8 x 14 3\/4 in. Provenance &#8211;\u00a0Artcurial, Paris, 23 mars 2017, lot 50. &nbsp; This [&hellip;]<\/p>\n","protected":false},"featured_media":3862,"template":"","meta":{"_themeisle_gutenberg_block_has_review":false},"product_brand":[],"product_cat":[78],"product_tag":[24,162,314,346,113,353,421,188],"class_list":{"0":"post-3860","1":"product","2":"type-product","3":"status-publish","4":"has-post-thumbnail","6":"product_cat-french-school","7":"product_tag-18th","8":"product_tag-academy","9":"product_tag-counterproof","10":"product_tag-19th-century-drawings","11":"product_tag-female-nude","12":"product_tag-gallery","13":"product_tag-n7","14":"product_tag-naked","16":"first","17":"outofstock","18":"taxable","19":"shipping-taxable","20":"purchasable","21":"product-type-simple"},"yoast_head":"<!-- This site is optimized with the Yoast SEO plugin v27.5 - https:\/\/yoast.com\/product\/yoast-seo-wordpress\/ -->\n<title>A Female Nude Standing in Profile, Holding a Drapery by Louis Jean Fran\u00e7ois Lagren\u00e9e<\/title>\n<meta name=\"description\" content=\"Louis Jean Fran\u00e7ois Lagren\u00e9e Paris 1725 \u2013 1805 A Female Nude Standing in Profile, Holding a Drapery Red chalk counterproof, heightened with red chalk, brush and brown wash, black chalk. Signed Lagren\u00e9e lower right. 625 x 375 mm - 24 5\/8 x 14 3\/4 in. Provenance -\u00a0Artcurial, Paris, 23 mars 2017, lot 50. &nbsp; This&hellip;\" \/>\n<meta name=\"robots\" content=\"index, follow, max-snippet:-1, max-image-preview:large, max-video-preview:-1\" \/>\n<link rel=\"canonical\" href=\"http:\/\/Louis%20Jean%20Fran\u00e7ois%20Lagren\u00e9e%20Paris%201725%20\u2013%201805%20A%20Female%20Nude%20Standing%20in%20Profile,%20Holding%20a%20Drapery%20Red%20chalk%20counterproof,%20heightened%20with%20red%20chalk,%20brush%20and%20brown%20wash,%20black%20chalk.%20Signed%20Lagren\u00e9e%20lower%20right.%20625%20x%20375%20mm%20-%2024%205\/8%20x%2014%203\/4%20in.%20Provenance%20-\u00a0Artcurial,%20Paris,%2023%20mars%202017,%20lot%2050.%20&nbsp;%20This&hellip;\" \/>\n<meta property=\"og:locale\" content=\"en_US\" \/>\n<meta property=\"og:type\" content=\"article\" \/>\n<meta property=\"og:title\" content=\"A Female Nude Standing in Profile, Holding a Drapery by Louis Jean Fran\u00e7ois Lagren\u00e9e\" \/>\n<meta property=\"og:description\" content=\"Louis Jean Fran\u00e7ois Lagren\u00e9e Paris 1725 \u2013 1805 A Female Nude Standing in Profile, Holding a Drapery Red chalk counterproof, heightened with red chalk, brush and brown wash, black chalk. Signed Lagren\u00e9e lower right. 625 x 375 mm - 24 5\/8 x 14 3\/4 in. Provenance -\u00a0Artcurial, Paris, 23 mars 2017, lot 50. &nbsp; This&hellip;\" \/>\n<meta property=\"og:url\" content=\"https:\/\/drawings-online.com\/en\/product\/a-female-nude-standing-in-profile-holding-a-drapery-by-louis-jean-francois-lagrenee\/\" \/>\n<meta property=\"og:site_name\" content=\"Drawings-online\" \/>\n<meta property=\"article:publisher\" content=\"https:\/\/www.facebook.com\/people\/Drawings-online\/100034942735866\/\" \/>\n<meta property=\"article:modified_time\" content=\"2023-01-17T17:54:09+00:00\" \/>\n<meta property=\"og:image\" content=\"https:\/\/drawings-online.com\/wp-content\/uploads\/2021\/07\/DSC_0614_1-1024x1024.png\" \/>\n\t<meta property=\"og:image:width\" content=\"1024\" \/>\n\t<meta property=\"og:image:height\" content=\"1024\" \/>\n\t<meta property=\"og:image:type\" content=\"image\/png\" \/>\n<meta name=\"twitter:card\" content=\"summary_large_image\" \/>\n<meta name=\"twitter:site\" content=\"@OnlineDrawings\" \/>\n<meta name=\"twitter:label1\" content=\"Est. reading time\" \/>\n\t<meta name=\"twitter:data1\" content=\"3 minutes\" \/>\n<script type=\"application\/ld+json\" class=\"yoast-schema-graph\">{\"@context\":\"https:\\\/\\\/schema.org\",\"@graph\":[{\"@type\":\"WebPage\",\"@id\":\"https:\\\/\\\/drawings-online.com\\\/en\\\/product\\\/a-female-nude-standing-in-profile-holding-a-drapery-by-louis-jean-francois-lagrenee\\\/\",\"url\":\"https:\\\/\\\/drawings-online.com\\\/en\\\/product\\\/a-female-nude-standing-in-profile-holding-a-drapery-by-louis-jean-francois-lagrenee\\\/\",\"name\":\"Acad\u00e9mie de femme debout, de profil, tenant un drap\u00e9 par Louis Jean Fran\u00e7ois Lagren\u00e9e - Drawings-online\",\"isPartOf\":{\"@id\":\"https:\\\/\\\/drawings-online.com\\\/#website\"},\"primaryImageOfPage\":{\"@id\":\"https:\\\/\\\/drawings-online.com\\\/en\\\/product\\\/a-female-nude-standing-in-profile-holding-a-drapery-by-louis-jean-francois-lagrenee\\\/#primaryimage\"},\"image\":{\"@id\":\"https:\\\/\\\/drawings-online.com\\\/en\\\/product\\\/a-female-nude-standing-in-profile-holding-a-drapery-by-louis-jean-francois-lagrenee\\\/#primaryimage\"},\"thumbnailUrl\":\"https:\\\/\\\/drawings-online.com\\\/wp-content\\\/uploads\\\/2021\\\/07\\\/DSC_0614_1.png\",\"datePublished\":\"2021-07-02T18:25:40+00:00\",\"dateModified\":\"2023-01-17T17:54:09+00:00\",\"breadcrumb\":{\"@id\":\"https:\\\/\\\/drawings-online.com\\\/en\\\/product\\\/a-female-nude-standing-in-profile-holding-a-drapery-by-louis-jean-francois-lagrenee\\\/#breadcrumb\"},\"inLanguage\":\"en-US\",\"potentialAction\":[{\"@type\":\"ReadAction\",\"target\":[\"https:\\\/\\\/drawings-online.com\\\/en\\\/product\\\/a-female-nude-standing-in-profile-holding-a-drapery-by-louis-jean-francois-lagrenee\\\/\"]}]},{\"@type\":\"ImageObject\",\"inLanguage\":\"en-US\",\"@id\":\"https:\\\/\\\/drawings-online.com\\\/en\\\/product\\\/a-female-nude-standing-in-profile-holding-a-drapery-by-louis-jean-francois-lagrenee\\\/#primaryimage\",\"url\":\"https:\\\/\\\/drawings-online.com\\\/wp-content\\\/uploads\\\/2021\\\/07\\\/DSC_0614_1.png\",\"contentUrl\":\"https:\\\/\\\/drawings-online.com\\\/wp-content\\\/uploads\\\/2021\\\/07\\\/DSC_0614_1.png\",\"width\":1800,\"height\":1800,\"caption\":\"Acad\u00e9mie de femme debout, de profil, tenant un drap\u00e9 par Louis Jean Fran\u00e7ois Lagren\u00e9e\"},{\"@type\":\"BreadcrumbList\",\"@id\":\"https:\\\/\\\/drawings-online.com\\\/en\\\/product\\\/a-female-nude-standing-in-profile-holding-a-drapery-by-louis-jean-francois-lagrenee\\\/#breadcrumb\",\"itemListElement\":[{\"@type\":\"ListItem\",\"position\":1,\"name\":\"Works available\",\"item\":\"https:\\\/\\\/drawings-online.com\\\/\"},{\"@type\":\"ListItem\",\"position\":2,\"name\":\"Gallery\",\"item\":\"https:\\\/\\\/drawings-online.com\\\/galerie\\\/\"},{\"@type\":\"ListItem\",\"position\":3,\"name\":\"18e\",\"item\":\"https:\\\/\\\/drawings-online.com\\\/product_tag\\\/18e\\\/\"},{\"@type\":\"ListItem\",\"position\":4,\"name\":\"A Female Nude Standing in Profile, Holding a Drapery by Louis Jean Fran\u00e7ois Lagren\u00e9e\"}]},{\"@type\":\"WebSite\",\"@id\":\"https:\\\/\\\/drawings-online.com\\\/en\\\/#website\",\"url\":\"https:\\\/\\\/drawings-online.com\\\/en\\\/\",\"name\":\"Drawings-online\",\"description\":\"Dessins en ligne\",\"publisher\":{\"@id\":\"https:\\\/\\\/drawings-online.com\\\/en\\\/#organization\"},\"potentialAction\":[{\"@type\":\"SearchAction\",\"target\":{\"@type\":\"EntryPoint\",\"urlTemplate\":\"https:\\\/\\\/drawings-online.com\\\/en\\\/?s={search_term_string}\"},\"query-input\":{\"@type\":\"PropertyValueSpecification\",\"valueRequired\":true,\"valueName\":\"search_term_string\"}}],\"inLanguage\":\"en-US\"},{\"@type\":\"Organization\",\"@id\":\"https:\\\/\\\/drawings-online.com\\\/en\\\/#organization\",\"name\":\"Drawings-online\",\"url\":\"https:\\\/\\\/drawings-online.com\\\/en\\\/\",\"logo\":{\"@type\":\"ImageObject\",\"inLanguage\":\"en-US\",\"@id\":\"https:\\\/\\\/drawings-online.com\\\/en\\\/#\\\/schema\\\/logo\\\/image\\\/\",\"url\":\"https:\\\/\\\/drawings-online.com\\\/wp-content\\\/uploads\\\/2020\\\/12\\\/drawings-icone-transp-e1607442878135.png\",\"contentUrl\":\"https:\\\/\\\/drawings-online.com\\\/wp-content\\\/uploads\\\/2020\\\/12\\\/drawings-icone-transp-e1607442878135.png\",\"width\":150,\"height\":150,\"caption\":\"Drawings-online\"},\"image\":{\"@id\":\"https:\\\/\\\/drawings-online.com\\\/en\\\/#\\\/schema\\\/logo\\\/image\\\/\"},\"sameAs\":[\"https:\\\/\\\/www.facebook.com\\\/people\\\/Drawings-online\\\/100034942735866\\\/\",\"https:\\\/\\\/x.com\\\/OnlineDrawings\",\"https:\\\/\\\/www.instagram.com\\\/drawings_online_com\\\/\"]}]}<\/script>\n<!-- \/ Yoast SEO plugin. -->","yoast_head_json":{"title":"A Female Nude Standing in Profile, Holding a Drapery by Louis Jean Fran\u00e7ois Lagren\u00e9e","description":"Louis Jean Fran\u00e7ois Lagren\u00e9e Paris 1725 \u2013 1805 A Female Nude Standing in Profile, Holding a Drapery Red chalk counterproof, heightened with red chalk, brush and brown wash, black chalk. Signed Lagren\u00e9e lower right. 625 x 375 mm - 24 5\/8 x 14 3\/4 in. Provenance -\u00a0Artcurial, Paris, 23 mars 2017, lot 50. &nbsp; This&hellip;","robots":{"index":"index","follow":"follow","max-snippet":"max-snippet:-1","max-image-preview":"max-image-preview:large","max-video-preview":"max-video-preview:-1"},"canonical":"Louis Jean Fran\u00e7ois Lagren\u00e9e Paris 1725 \u2013 1805 A Female Nude Standing in Profile, Holding a Drapery Red chalk counterproof, heightened with red chalk, brush and brown wash, black chalk. Signed Lagren\u00e9e lower right. 625 x 375 mm - 24 5\/8 x 14 3\/4 in. Provenance -\u00a0Artcurial, Paris, 23 mars 2017, lot 50. &nbsp; This&hellip;","og_locale":"en_US","og_type":"article","og_title":"A Female Nude Standing in Profile, Holding a Drapery by Louis Jean Fran\u00e7ois Lagren\u00e9e","og_description":"Louis Jean Fran\u00e7ois Lagren\u00e9e Paris 1725 \u2013 1805 A Female Nude Standing in Profile, Holding a Drapery Red chalk counterproof, heightened with red chalk, brush and brown wash, black chalk. Signed Lagren\u00e9e lower right. 625 x 375 mm - 24 5\/8 x 14 3\/4 in. Provenance -\u00a0Artcurial, Paris, 23 mars 2017, lot 50. &nbsp; This&hellip;","og_url":"https:\/\/drawings-online.com\/en\/product\/a-female-nude-standing-in-profile-holding-a-drapery-by-louis-jean-francois-lagrenee\/","og_site_name":"Drawings-online","article_publisher":"https:\/\/www.facebook.com\/people\/Drawings-online\/100034942735866\/","article_modified_time":"2023-01-17T17:54:09+00:00","og_image":[{"width":1024,"height":1024,"url":"https:\/\/drawings-online.com\/wp-content\/uploads\/2021\/07\/DSC_0614_1-1024x1024.png","type":"image\/png"}],"twitter_card":"summary_large_image","twitter_site":"@OnlineDrawings","twitter_misc":{"Est. reading time":"3 minutes"},"schema":{"@context":"https:\/\/schema.org","@graph":[{"@type":"WebPage","@id":"https:\/\/drawings-online.com\/en\/product\/a-female-nude-standing-in-profile-holding-a-drapery-by-louis-jean-francois-lagrenee\/","url":"https:\/\/drawings-online.com\/en\/product\/a-female-nude-standing-in-profile-holding-a-drapery-by-louis-jean-francois-lagrenee\/","name":"Acad\u00e9mie de femme debout, de profil, tenant un drap\u00e9 par Louis Jean Fran\u00e7ois Lagren\u00e9e - Drawings-online","isPartOf":{"@id":"https:\/\/drawings-online.com\/#website"},"primaryImageOfPage":{"@id":"https:\/\/drawings-online.com\/en\/product\/a-female-nude-standing-in-profile-holding-a-drapery-by-louis-jean-francois-lagrenee\/#primaryimage"},"image":{"@id":"https:\/\/drawings-online.com\/en\/product\/a-female-nude-standing-in-profile-holding-a-drapery-by-louis-jean-francois-lagrenee\/#primaryimage"},"thumbnailUrl":"https:\/\/drawings-online.com\/wp-content\/uploads\/2021\/07\/DSC_0614_1.png","datePublished":"2021-07-02T18:25:40+00:00","dateModified":"2023-01-17T17:54:09+00:00","breadcrumb":{"@id":"https:\/\/drawings-online.com\/en\/product\/a-female-nude-standing-in-profile-holding-a-drapery-by-louis-jean-francois-lagrenee\/#breadcrumb"},"inLanguage":"en-US","potentialAction":[{"@type":"ReadAction","target":["https:\/\/drawings-online.com\/en\/product\/a-female-nude-standing-in-profile-holding-a-drapery-by-louis-jean-francois-lagrenee\/"]}]},{"@type":"ImageObject","inLanguage":"en-US","@id":"https:\/\/drawings-online.com\/en\/product\/a-female-nude-standing-in-profile-holding-a-drapery-by-louis-jean-francois-lagrenee\/#primaryimage","url":"https:\/\/drawings-online.com\/wp-content\/uploads\/2021\/07\/DSC_0614_1.png","contentUrl":"https:\/\/drawings-online.com\/wp-content\/uploads\/2021\/07\/DSC_0614_1.png","width":1800,"height":1800,"caption":"Acad\u00e9mie de femme debout, de profil, tenant un drap\u00e9 par Louis Jean Fran\u00e7ois Lagren\u00e9e"},{"@type":"BreadcrumbList","@id":"https:\/\/drawings-online.com\/en\/product\/a-female-nude-standing-in-profile-holding-a-drapery-by-louis-jean-francois-lagrenee\/#breadcrumb","itemListElement":[{"@type":"ListItem","position":1,"name":"Works available","item":"https:\/\/drawings-online.com\/"},{"@type":"ListItem","position":2,"name":"Gallery","item":"https:\/\/drawings-online.com\/galerie\/"},{"@type":"ListItem","position":3,"name":"18e","item":"https:\/\/drawings-online.com\/product_tag\/18e\/"},{"@type":"ListItem","position":4,"name":"A Female Nude Standing in Profile, Holding a Drapery by Louis Jean Fran\u00e7ois Lagren\u00e9e"}]},{"@type":"WebSite","@id":"https:\/\/drawings-online.com\/en\/#website","url":"https:\/\/drawings-online.com\/en\/","name":"Drawings-online","description":"Dessins en ligne","publisher":{"@id":"https:\/\/drawings-online.com\/en\/#organization"},"potentialAction":[{"@type":"SearchAction","target":{"@type":"EntryPoint","urlTemplate":"https:\/\/drawings-online.com\/en\/?s={search_term_string}"},"query-input":{"@type":"PropertyValueSpecification","valueRequired":true,"valueName":"search_term_string"}}],"inLanguage":"en-US"},{"@type":"Organization","@id":"https:\/\/drawings-online.com\/en\/#organization","name":"Drawings-online","url":"https:\/\/drawings-online.com\/en\/","logo":{"@type":"ImageObject","inLanguage":"en-US","@id":"https:\/\/drawings-online.com\/en\/#\/schema\/logo\/image\/","url":"https:\/\/drawings-online.com\/wp-content\/uploads\/2020\/12\/drawings-icone-transp-e1607442878135.png","contentUrl":"https:\/\/drawings-online.com\/wp-content\/uploads\/2020\/12\/drawings-icone-transp-e1607442878135.png","width":150,"height":150,"caption":"Drawings-online"},"image":{"@id":"https:\/\/drawings-online.com\/en\/#\/schema\/logo\/image\/"},"sameAs":["https:\/\/www.facebook.com\/people\/Drawings-online\/100034942735866\/","https:\/\/x.com\/OnlineDrawings","https:\/\/www.instagram.com\/drawings_online_com\/"]}]}},"jetpack_sharing_enabled":true,"_links":{"self":[{"href":"https:\/\/drawings-online.com\/en\/wp-json\/wp\/v2\/product\/3860","targetHints":{"allow":["GET"]}}],"collection":[{"href":"https:\/\/drawings-online.com\/en\/wp-json\/wp\/v2\/product"}],"about":[{"href":"https:\/\/drawings-online.com\/en\/wp-json\/wp\/v2\/types\/product"}],"wp:featuredmedia":[{"embeddable":true,"href":"https:\/\/drawings-online.com\/en\/wp-json\/wp\/v2\/media\/3862"}],"wp:attachment":[{"href":"https:\/\/drawings-online.com\/en\/wp-json\/wp\/v2\/media?parent=3860"}],"wp:term":[{"taxonomy":"product_brand","embeddable":true,"href":"https:\/\/drawings-online.com\/en\/wp-json\/wp\/v2\/product_brand?post=3860"},{"taxonomy":"product_cat","embeddable":true,"href":"https:\/\/drawings-online.com\/en\/wp-json\/wp\/v2\/product_cat?post=3860"},{"taxonomy":"product_tag","embeddable":true,"href":"https:\/\/drawings-online.com\/en\/wp-json\/wp\/v2\/product_tag?post=3860"}],"curies":[{"name":"wp","href":"https:\/\/api.w.org\/{rel}","templated":true}]}}