{"id":3848,"date":"2021-07-02T20:21:17","date_gmt":"2021-07-02T18:21:17","guid":{"rendered":"https:\/\/artesepia.com\/product\/\/"},"modified":"2023-01-17T18:54:10","modified_gmt":"2023-01-17T17:54:10","slug":"quatre-etudes-dhommes-riant-ou-grimacant-par-alphonse-leroy","status":"publish","type":"product","link":"https:\/\/drawings-online.com\/en\/product\/four-studies-of-men-laughing-or-making-faces-by-alphonse-leroy\/","title":{"rendered":"Four Studies of Men, Laughing or Making Faces by Alphonse Leroy"},"content":{"rendered":"<p><strong>Alphonse Leroy<\/strong><\/p>\n<p>Lille 1829 \u2013 1902<\/p>\n<p><em><strong>Four Studies of Men, Laughing or Making Faces<\/strong> <\/em><\/p>\n<p><em>\u00a0<\/em>Charcoal and white chalk on blue paper. A label numbered <em>65<\/em> upper right.<\/p>\n<p>540 x 430 mm &#8211; 21 1\/4 x 16 15\/16 in.<\/p>\n<p>&nbsp;<\/p>\n<p>Born in Lille and trained in Brussels, Leroy settled in Paris in 1843 to complete his studies with the painter and engraver Charles Cousin whose atelier was situated in the Louvre. Leroy first specialized in reproductive engraving, a field in which he received numerous official commissions such as the facsimile of Corregio\u2019s Madonna and Child, ordered by Napoleon III or, in collaboration with Wacquez, the reproduction of drawings from the Wicar collection commissioned by the duc de Luynes. In 1859, he exhibited at the Salon an album of 39 reproductions of drawings commissioned by Count Emilien de Nieuwerkerke, surintendant des Beaux-arts, who had the Chalcographie department in the Louvre buy many of them. Leroy was also very interested in photography, and executed several portraits.<\/p>\n<p>&nbsp;<\/p>\n<p>Back in his native Lille, he founded a school of print in 1887 and taught printing in the Brussels Fine art school. \u00a0He trained many pupils and, at his death, left an important group of drawings, prints, paintings and photographs which were given by his widow to the Mus\u00e9e des Beaux-arts in Lille.<\/p>\n<p>&nbsp;<\/p>\n<p>A cheerful and outgoing artist, Leroy belonged to different rings of friends; during the time of his Parisian youth, he organized \u2018Friday diners\u2019 gathering his many friends, the painters Carolus-Duran, Alexandre Cabanel, Hector Hanoteau, Gustave Courvet, Paul Chenavard, Constant Troyon, Fran\u00e7ois-Louis Fran\u00e7ais and Camille Corot, the writers the Goncourt brothers, Paul de Musset, Henri Dumesnil and Paul Gachet and also the sculptor Aim\u00e9 Millet. With Paul Gachet, Leroy joined the <em>soci\u00e9t\u00e9 des \u00e9clectiques<\/em> (society of the eclectics) created by Agla\u00fcs Bouvenne in order to help artists in need.<\/p>\n<p>&nbsp;<\/p>\n<p>These animated portraits, full of life and humor, may have been executed during one of these friendly gatherings. The man seen in profile lower left seems to be the same as the one who is laughing and frowning on the upper part. His hairstyle, going bald on the forehead and with a little tuft, his mustachio, and the small beard are very similar on the three studies. Between portraits and <em>t\u00eates d\u2019expression<\/em> (expressive heads), these four studies are elegantly positioned on the colored paper, traditionally used by the artist. Leroy\u2019s attempt to capture lively and realistic expressions on the spot competes with the potentialities of photography, another of the artist\u2019s area of interest, especially with the progressive reduction of the exposure time throughout 19<sup>th<\/sup> century.<\/p>\n","protected":false},"excerpt":{"rendered":"<p>Alphonse Leroy Lille 1829 \u2013 1902 Four Studies of Men, Laughing or Making Faces \u00a0Charcoal and white chalk on blue paper. A label numbered 65 upper right. 540 x 430 mm &#8211; 21 1\/4 x 16 15\/16 in. &nbsp; Born in Lille and trained in Brussels, Leroy settled in Paris in 1843 to complete his [&hellip;]<\/p>\n","protected":false},"featured_media":3849,"template":"","meta":{"_themeisle_gutenberg_block_has_review":false},"product_brand":[],"product_cat":[78],"product_tag":[37,346,173,353,313,421,17,99],"class_list":{"0":"post-3848","1":"product","2":"type-product","3":"status-publish","4":"has-post-thumbnail","6":"product_cat-french-school","7":"product_tag-19th","8":"product_tag-19th-century-drawings","9":"product_tag-charcoal","10":"product_tag-gallery","11":"product_tag-lille","12":"product_tag-n7","13":"product_tag-blue-paper","14":"product_tag-portrait","16":"first","17":"outofstock","18":"taxable","19":"shipping-taxable","20":"purchasable","21":"product-type-simple"},"yoast_head":"<!-- This site is optimized with the Yoast SEO plugin v27.4 - https:\/\/yoast.com\/product\/yoast-seo-wordpress\/ -->\n<title>Four Studies of Men, Laughing or Making Faces by Alphonse Leroy<\/title>\n<meta name=\"description\" content=\"Alphonse Leroy Lille 1829 \u2013 1902 Four Studies of Men, Laughing or Making Faces \u00a0Charcoal and white chalk on blue paper. A label numbered 65 upper right. 540 x 430 mm - 21 1\/4 x 16 15\/16 in. &nbsp; Born in Lille and trained in Brussels, Leroy settled in Paris in 1843 to complete his&hellip;\" \/>\n<meta name=\"robots\" content=\"index, follow, max-snippet:-1, max-image-preview:large, max-video-preview:-1\" \/>\n<link rel=\"canonical\" href=\"http:\/\/Alphonse%20Leroy%20Lille%201829%20\u2013%201902%20Four%20Studies%20of%20Men,%20Laughing%20or%20Making%20Faces%20\u00a0Charcoal%20and%20white%20chalk%20on%20blue%20paper.%20A%20label%20numbered%2065%20upper%20right.%20540%20x%20430%20mm%20-%2021%201\/4%20x%2016%2015\/16%20in.%20&nbsp;%20Born%20in%20Lille%20and%20trained%20in%20Brussels,%20Leroy%20settled%20in%20Paris%20in%201843%20to%20complete%20his&hellip;\" \/>\n<meta property=\"og:locale\" content=\"en_US\" \/>\n<meta property=\"og:type\" content=\"article\" \/>\n<meta property=\"og:title\" content=\"Four Studies of Men, Laughing or Making Faces by Alphonse Leroy\" \/>\n<meta property=\"og:description\" content=\"Alphonse Leroy Lille 1829 \u2013 1902 Four Studies of Men, Laughing or Making Faces \u00a0Charcoal and white chalk on blue paper. A label numbered 65 upper right. 540 x 430 mm - 21 1\/4 x 16 15\/16 in. &nbsp; Born in Lille and trained in Brussels, Leroy settled in Paris in 1843 to complete his&hellip;\" \/>\n<meta property=\"og:url\" content=\"https:\/\/drawings-online.com\/en\/product\/four-studies-of-men-laughing-or-making-faces-by-alphonse-leroy\/\" \/>\n<meta property=\"og:site_name\" content=\"Drawings-online\" \/>\n<meta property=\"article:publisher\" content=\"https:\/\/www.facebook.com\/people\/Drawings-online\/100034942735866\/\" \/>\n<meta property=\"article:modified_time\" content=\"2023-01-17T17:54:10+00:00\" \/>\n<meta property=\"og:image\" content=\"https:\/\/drawings-online.com\/wp-content\/uploads\/2021\/07\/DSC_0609_1-1024x1024.png\" \/>\n\t<meta property=\"og:image:width\" content=\"1024\" \/>\n\t<meta property=\"og:image:height\" content=\"1024\" \/>\n\t<meta property=\"og:image:type\" content=\"image\/png\" \/>\n<meta name=\"twitter:card\" content=\"summary_large_image\" \/>\n<meta name=\"twitter:site\" content=\"@OnlineDrawings\" \/>\n<meta name=\"twitter:label1\" content=\"Est. reading time\" \/>\n\t<meta name=\"twitter:data1\" content=\"2 minutes\" \/>\n<script type=\"application\/ld+json\" class=\"yoast-schema-graph\">{\"@context\":\"https:\\\/\\\/schema.org\",\"@graph\":[{\"@type\":\"WebPage\",\"@id\":\"https:\\\/\\\/drawings-online.com\\\/en\\\/product\\\/four-studies-of-men-laughing-or-making-faces-by-alphonse-leroy\\\/\",\"url\":\"https:\\\/\\\/drawings-online.com\\\/en\\\/product\\\/four-studies-of-men-laughing-or-making-faces-by-alphonse-leroy\\\/\",\"name\":\"Quatre \u00e9tudes d\u2019hommes riant ou grima\u00e7ant par Alphonse Leroy - Drawings-online\",\"isPartOf\":{\"@id\":\"https:\\\/\\\/drawings-online.com\\\/#website\"},\"primaryImageOfPage\":{\"@id\":\"https:\\\/\\\/drawings-online.com\\\/en\\\/product\\\/four-studies-of-men-laughing-or-making-faces-by-alphonse-leroy\\\/#primaryimage\"},\"image\":{\"@id\":\"https:\\\/\\\/drawings-online.com\\\/en\\\/product\\\/four-studies-of-men-laughing-or-making-faces-by-alphonse-leroy\\\/#primaryimage\"},\"thumbnailUrl\":\"https:\\\/\\\/drawings-online.com\\\/wp-content\\\/uploads\\\/2021\\\/07\\\/DSC_0609_1.png\",\"datePublished\":\"2021-07-02T18:21:17+00:00\",\"dateModified\":\"2023-01-17T17:54:10+00:00\",\"breadcrumb\":{\"@id\":\"https:\\\/\\\/drawings-online.com\\\/en\\\/product\\\/four-studies-of-men-laughing-or-making-faces-by-alphonse-leroy\\\/#breadcrumb\"},\"inLanguage\":\"en-US\",\"potentialAction\":[{\"@type\":\"ReadAction\",\"target\":[\"https:\\\/\\\/drawings-online.com\\\/en\\\/product\\\/four-studies-of-men-laughing-or-making-faces-by-alphonse-leroy\\\/\"]}]},{\"@type\":\"ImageObject\",\"inLanguage\":\"en-US\",\"@id\":\"https:\\\/\\\/drawings-online.com\\\/en\\\/product\\\/four-studies-of-men-laughing-or-making-faces-by-alphonse-leroy\\\/#primaryimage\",\"url\":\"https:\\\/\\\/drawings-online.com\\\/wp-content\\\/uploads\\\/2021\\\/07\\\/DSC_0609_1.png\",\"contentUrl\":\"https:\\\/\\\/drawings-online.com\\\/wp-content\\\/uploads\\\/2021\\\/07\\\/DSC_0609_1.png\",\"width\":1800,\"height\":1800,\"caption\":\"Quatre \u00e9tudes d\u2019hommes riant ou grima\u00e7ant par Alphonse Leroy\"},{\"@type\":\"BreadcrumbList\",\"@id\":\"https:\\\/\\\/drawings-online.com\\\/en\\\/product\\\/four-studies-of-men-laughing-or-making-faces-by-alphonse-leroy\\\/#breadcrumb\",\"itemListElement\":[{\"@type\":\"ListItem\",\"position\":1,\"name\":\"Works available\",\"item\":\"https:\\\/\\\/drawings-online.com\\\/\"},{\"@type\":\"ListItem\",\"position\":2,\"name\":\"Gallery\",\"item\":\"https:\\\/\\\/drawings-online.com\\\/galerie\\\/\"},{\"@type\":\"ListItem\",\"position\":3,\"name\":\"19e\",\"item\":\"https:\\\/\\\/drawings-online.com\\\/product_tag\\\/19e\\\/\"},{\"@type\":\"ListItem\",\"position\":4,\"name\":\"Four Studies of Men, Laughing or Making Faces by Alphonse Leroy\"}]},{\"@type\":\"WebSite\",\"@id\":\"https:\\\/\\\/drawings-online.com\\\/en\\\/#website\",\"url\":\"https:\\\/\\\/drawings-online.com\\\/en\\\/\",\"name\":\"Drawings-online\",\"description\":\"Dessins en ligne\",\"publisher\":{\"@id\":\"https:\\\/\\\/drawings-online.com\\\/en\\\/#organization\"},\"potentialAction\":[{\"@type\":\"SearchAction\",\"target\":{\"@type\":\"EntryPoint\",\"urlTemplate\":\"https:\\\/\\\/drawings-online.com\\\/en\\\/?s={search_term_string}\"},\"query-input\":{\"@type\":\"PropertyValueSpecification\",\"valueRequired\":true,\"valueName\":\"search_term_string\"}}],\"inLanguage\":\"en-US\"},{\"@type\":\"Organization\",\"@id\":\"https:\\\/\\\/drawings-online.com\\\/en\\\/#organization\",\"name\":\"Drawings-online\",\"url\":\"https:\\\/\\\/drawings-online.com\\\/en\\\/\",\"logo\":{\"@type\":\"ImageObject\",\"inLanguage\":\"en-US\",\"@id\":\"https:\\\/\\\/drawings-online.com\\\/en\\\/#\\\/schema\\\/logo\\\/image\\\/\",\"url\":\"https:\\\/\\\/drawings-online.com\\\/wp-content\\\/uploads\\\/2020\\\/12\\\/drawings-icone-transp-e1607442878135.png\",\"contentUrl\":\"https:\\\/\\\/drawings-online.com\\\/wp-content\\\/uploads\\\/2020\\\/12\\\/drawings-icone-transp-e1607442878135.png\",\"width\":150,\"height\":150,\"caption\":\"Drawings-online\"},\"image\":{\"@id\":\"https:\\\/\\\/drawings-online.com\\\/en\\\/#\\\/schema\\\/logo\\\/image\\\/\"},\"sameAs\":[\"https:\\\/\\\/www.facebook.com\\\/people\\\/Drawings-online\\\/100034942735866\\\/\",\"https:\\\/\\\/x.com\\\/OnlineDrawings\",\"https:\\\/\\\/www.instagram.com\\\/drawings_online_com\\\/\"]}]}<\/script>\n<!-- \/ Yoast SEO plugin. -->","yoast_head_json":{"title":"Four Studies of Men, Laughing or Making Faces by Alphonse Leroy","description":"Alphonse Leroy Lille 1829 \u2013 1902 Four Studies of Men, Laughing or Making Faces \u00a0Charcoal and white chalk on blue paper. A label numbered 65 upper right. 540 x 430 mm - 21 1\/4 x 16 15\/16 in. &nbsp; Born in Lille and trained in Brussels, Leroy settled in Paris in 1843 to complete his&hellip;","robots":{"index":"index","follow":"follow","max-snippet":"max-snippet:-1","max-image-preview":"max-image-preview:large","max-video-preview":"max-video-preview:-1"},"canonical":"Alphonse Leroy Lille 1829 \u2013 1902 Four Studies of Men, Laughing or Making Faces \u00a0Charcoal and white chalk on blue paper. A label numbered 65 upper right. 540 x 430 mm - 21 1\/4 x 16 15\/16 in. &nbsp; Born in Lille and trained in Brussels, Leroy settled in Paris in 1843 to complete his&hellip;","og_locale":"en_US","og_type":"article","og_title":"Four Studies of Men, Laughing or Making Faces by Alphonse Leroy","og_description":"Alphonse Leroy Lille 1829 \u2013 1902 Four Studies of Men, Laughing or Making Faces \u00a0Charcoal and white chalk on blue paper. A label numbered 65 upper right. 540 x 430 mm - 21 1\/4 x 16 15\/16 in. &nbsp; Born in Lille and trained in Brussels, Leroy settled in Paris in 1843 to complete his&hellip;","og_url":"https:\/\/drawings-online.com\/en\/product\/four-studies-of-men-laughing-or-making-faces-by-alphonse-leroy\/","og_site_name":"Drawings-online","article_publisher":"https:\/\/www.facebook.com\/people\/Drawings-online\/100034942735866\/","article_modified_time":"2023-01-17T17:54:10+00:00","og_image":[{"width":1024,"height":1024,"url":"https:\/\/drawings-online.com\/wp-content\/uploads\/2021\/07\/DSC_0609_1-1024x1024.png","type":"image\/png"}],"twitter_card":"summary_large_image","twitter_site":"@OnlineDrawings","twitter_misc":{"Est. reading time":"2 minutes"},"schema":{"@context":"https:\/\/schema.org","@graph":[{"@type":"WebPage","@id":"https:\/\/drawings-online.com\/en\/product\/four-studies-of-men-laughing-or-making-faces-by-alphonse-leroy\/","url":"https:\/\/drawings-online.com\/en\/product\/four-studies-of-men-laughing-or-making-faces-by-alphonse-leroy\/","name":"Quatre \u00e9tudes d\u2019hommes riant ou grima\u00e7ant par Alphonse Leroy - Drawings-online","isPartOf":{"@id":"https:\/\/drawings-online.com\/#website"},"primaryImageOfPage":{"@id":"https:\/\/drawings-online.com\/en\/product\/four-studies-of-men-laughing-or-making-faces-by-alphonse-leroy\/#primaryimage"},"image":{"@id":"https:\/\/drawings-online.com\/en\/product\/four-studies-of-men-laughing-or-making-faces-by-alphonse-leroy\/#primaryimage"},"thumbnailUrl":"https:\/\/drawings-online.com\/wp-content\/uploads\/2021\/07\/DSC_0609_1.png","datePublished":"2021-07-02T18:21:17+00:00","dateModified":"2023-01-17T17:54:10+00:00","breadcrumb":{"@id":"https:\/\/drawings-online.com\/en\/product\/four-studies-of-men-laughing-or-making-faces-by-alphonse-leroy\/#breadcrumb"},"inLanguage":"en-US","potentialAction":[{"@type":"ReadAction","target":["https:\/\/drawings-online.com\/en\/product\/four-studies-of-men-laughing-or-making-faces-by-alphonse-leroy\/"]}]},{"@type":"ImageObject","inLanguage":"en-US","@id":"https:\/\/drawings-online.com\/en\/product\/four-studies-of-men-laughing-or-making-faces-by-alphonse-leroy\/#primaryimage","url":"https:\/\/drawings-online.com\/wp-content\/uploads\/2021\/07\/DSC_0609_1.png","contentUrl":"https:\/\/drawings-online.com\/wp-content\/uploads\/2021\/07\/DSC_0609_1.png","width":1800,"height":1800,"caption":"Quatre \u00e9tudes d\u2019hommes riant ou grima\u00e7ant par Alphonse Leroy"},{"@type":"BreadcrumbList","@id":"https:\/\/drawings-online.com\/en\/product\/four-studies-of-men-laughing-or-making-faces-by-alphonse-leroy\/#breadcrumb","itemListElement":[{"@type":"ListItem","position":1,"name":"Works available","item":"https:\/\/drawings-online.com\/"},{"@type":"ListItem","position":2,"name":"Gallery","item":"https:\/\/drawings-online.com\/galerie\/"},{"@type":"ListItem","position":3,"name":"19e","item":"https:\/\/drawings-online.com\/product_tag\/19e\/"},{"@type":"ListItem","position":4,"name":"Four Studies of Men, Laughing or Making Faces by Alphonse Leroy"}]},{"@type":"WebSite","@id":"https:\/\/drawings-online.com\/en\/#website","url":"https:\/\/drawings-online.com\/en\/","name":"Drawings-online","description":"Dessins en ligne","publisher":{"@id":"https:\/\/drawings-online.com\/en\/#organization"},"potentialAction":[{"@type":"SearchAction","target":{"@type":"EntryPoint","urlTemplate":"https:\/\/drawings-online.com\/en\/?s={search_term_string}"},"query-input":{"@type":"PropertyValueSpecification","valueRequired":true,"valueName":"search_term_string"}}],"inLanguage":"en-US"},{"@type":"Organization","@id":"https:\/\/drawings-online.com\/en\/#organization","name":"Drawings-online","url":"https:\/\/drawings-online.com\/en\/","logo":{"@type":"ImageObject","inLanguage":"en-US","@id":"https:\/\/drawings-online.com\/en\/#\/schema\/logo\/image\/","url":"https:\/\/drawings-online.com\/wp-content\/uploads\/2020\/12\/drawings-icone-transp-e1607442878135.png","contentUrl":"https:\/\/drawings-online.com\/wp-content\/uploads\/2020\/12\/drawings-icone-transp-e1607442878135.png","width":150,"height":150,"caption":"Drawings-online"},"image":{"@id":"https:\/\/drawings-online.com\/en\/#\/schema\/logo\/image\/"},"sameAs":["https:\/\/www.facebook.com\/people\/Drawings-online\/100034942735866\/","https:\/\/x.com\/OnlineDrawings","https:\/\/www.instagram.com\/drawings_online_com\/"]}]}},"jetpack_sharing_enabled":true,"_links":{"self":[{"href":"https:\/\/drawings-online.com\/en\/wp-json\/wp\/v2\/product\/3848","targetHints":{"allow":["GET"]}}],"collection":[{"href":"https:\/\/drawings-online.com\/en\/wp-json\/wp\/v2\/product"}],"about":[{"href":"https:\/\/drawings-online.com\/en\/wp-json\/wp\/v2\/types\/product"}],"wp:featuredmedia":[{"embeddable":true,"href":"https:\/\/drawings-online.com\/en\/wp-json\/wp\/v2\/media\/3849"}],"wp:attachment":[{"href":"https:\/\/drawings-online.com\/en\/wp-json\/wp\/v2\/media?parent=3848"}],"wp:term":[{"taxonomy":"product_brand","embeddable":true,"href":"https:\/\/drawings-online.com\/en\/wp-json\/wp\/v2\/product_brand?post=3848"},{"taxonomy":"product_cat","embeddable":true,"href":"https:\/\/drawings-online.com\/en\/wp-json\/wp\/v2\/product_cat?post=3848"},{"taxonomy":"product_tag","embeddable":true,"href":"https:\/\/drawings-online.com\/en\/wp-json\/wp\/v2\/product_tag?post=3848"}],"curies":[{"name":"wp","href":"https:\/\/api.w.org\/{rel}","templated":true}]}}