{"id":3092,"date":"2021-05-29T11:30:38","date_gmt":"2021-05-29T09:30:38","guid":{"rendered":"https:\/\/artesepia.com\/product\/\/"},"modified":"2023-01-17T18:44:31","modified_gmt":"2023-01-17T17:44:31","slug":"portrait-du-poete-pierre-louys-par-georges-victor-hugo","status":"publish","type":"product","link":"https:\/\/drawings-online.com\/en\/product\/portrait-of-the-poet-pierre-louys-par-georges-victor-hugo\/","title":{"rendered":"Portrait of the Poet Pierre Lou\u00ffs par Georges Victor-Hugo"},"content":{"rendered":"<p><strong>Georges Victor-Hugo<\/strong><\/p>\n<p>Bruxelles 1868 \u2013 Paris 1925<\/p>\n<p><strong><em>Portrait of the Poet Pierre Lou\u00ffs<\/em><\/strong><\/p>\n<p>Pencil, pen and brown ink.<\/p>\n<p>Stamp <em>G.V.H.<\/em> lower right.\u00a0 Inscribed <em>Pierre Lou\u00ffs malade<\/em> with pencil.<\/p>\n<p>177 x 105 mm &#8211; 6 15\/16 x 4 1\/8 in.<\/p>\n<p>&nbsp;<\/p>\n<p>The son of Charles Hugo, Georges Victor-Hugo lost his father at the age of three and was raised with his sister Jeanne in Hauteville House, Guernesey, by their famous grandfather Victor Hugo, an experience which inspired his book <em>The Art of being a grandfather<\/em>. A sailor in the navy, Georges served during World War One. In the trenches, he drew with whatever he could find, tobacco juice, wine, diluted chalk, coffee, thereby imitating, perhaps out of necessity more than intentionally, a technique already used by Victor Hugo himself.<\/p>\n<p>His works were exhibited in 1917 in the Mus\u00e9e des arts d\u00e9coratifs. He has authored several portraits of Victor Hugo and Ad\u00e8le Foucher, nowadays in Victor Hugo\u2019s house in Paris, place des Vosges.<\/p>\n<p>Pierre Lou\u00ffs (1870 \u2013 1925), a poet and novel writer close to the Parnassiens and the symbolist artists, decadent, refined, and depressed, was also the author of several literary mystifications. He married the youngest of Jose Maria de Heredia\u2019s three daughters, after having entertained a romantic relationship with the second. He died broke, paralyzed, and partially blind. It is probably at the end of his life that Georges Victor-Hugo drew his portrait in a drawing album, as can be seen from the indented left edge of the sheet.<\/p>\n<p>&nbsp;<\/p>\n<p>Condition report &#8211; Good condition. Lower right corner slightly torn, paper slightly worn down on the lower edge. Fixing tape on the verso. On the verso, the sheet is slightly worn down in the four corners (because of former mounting).<\/p>\n","protected":false},"excerpt":{"rendered":"<p>Portrait of the Poet Pierre Lou\u00ffs par Georges Victor-Hugo.<\/p>\n","protected":false},"featured_media":3093,"template":"","meta":{"_themeisle_gutenberg_block_has_review":false},"product_brand":[],"product_cat":[78],"product_tag":[37,104,273,346,36,353,419,274,99],"class_list":{"0":"post-3092","1":"product","2":"type-product","3":"status-publish","4":"has-post-thumbnail","6":"product_cat-french-school","7":"product_tag-19th","8":"product_tag-20th","9":"product_tag-normand-collection","10":"product_tag-19th-century-drawings","11":"product_tag-brown-ink","12":"product_tag-gallery","13":"product_tag-n6","14":"product_tag-parnassians","15":"product_tag-portrait","17":"first","18":"outofstock","19":"taxable","20":"shipping-taxable","21":"purchasable","22":"product-type-simple"},"yoast_head":"<!-- This site is optimized with the Yoast SEO plugin v27.4 - https:\/\/yoast.com\/product\/yoast-seo-wordpress\/ -->\n<title>Portrait of the Poet Pierre Lou\u00ffs par Georges Victor-Hugo<\/title>\n<meta name=\"description\" content=\"Portrait of the Poet Pierre Lou\u00ffs par Georges Victor-Hugo.\" \/>\n<meta name=\"robots\" content=\"index, follow, max-snippet:-1, max-image-preview:large, max-video-preview:-1\" \/>\n<link rel=\"canonical\" href=\"http:\/\/Portrait%20of%20the%20Poet%20Pierre%20Lou\u00ffs%20par%20Georges%20Victor-Hugo.\" \/>\n<meta property=\"og:locale\" content=\"en_US\" \/>\n<meta property=\"og:type\" content=\"article\" \/>\n<meta property=\"og:title\" content=\"Portrait of the Poet Pierre Lou\u00ffs par Georges Victor-Hugo\" \/>\n<meta property=\"og:description\" content=\"Portrait of the Poet Pierre Lou\u00ffs par Georges Victor-Hugo.\" \/>\n<meta property=\"og:url\" content=\"https:\/\/drawings-online.com\/en\/product\/portrait-of-the-poet-pierre-louys-par-georges-victor-hugo\/\" \/>\n<meta property=\"og:site_name\" content=\"Drawings-online\" \/>\n<meta property=\"article:publisher\" content=\"https:\/\/www.facebook.com\/people\/Drawings-online\/100034942735866\/\" \/>\n<meta property=\"article:modified_time\" content=\"2023-01-17T17:44:31+00:00\" \/>\n<meta property=\"og:image\" content=\"https:\/\/drawings-online.com\/wp-content\/uploads\/2021\/05\/DSC_3726_1-1024x1024.png\" \/>\n\t<meta property=\"og:image:width\" content=\"1024\" \/>\n\t<meta property=\"og:image:height\" content=\"1024\" \/>\n\t<meta property=\"og:image:type\" content=\"image\/png\" \/>\n<meta name=\"twitter:card\" content=\"summary_large_image\" \/>\n<meta name=\"twitter:site\" content=\"@OnlineDrawings\" \/>\n<meta name=\"twitter:label1\" content=\"Est. reading time\" \/>\n\t<meta name=\"twitter:data1\" content=\"2 minutes\" \/>\n<script type=\"application\/ld+json\" class=\"yoast-schema-graph\">{\"@context\":\"https:\\\/\\\/schema.org\",\"@graph\":[{\"@type\":\"WebPage\",\"@id\":\"https:\\\/\\\/drawings-online.com\\\/en\\\/product\\\/portrait-of-the-poet-pierre-louys-par-georges-victor-hugo\\\/\",\"url\":\"https:\\\/\\\/drawings-online.com\\\/en\\\/product\\\/portrait-of-the-poet-pierre-louys-par-georges-victor-hugo\\\/\",\"name\":\"Portrait du po\u00e8te Pierre Lou\u00ffs par Georges Victor-Hugo - Drawings-online\",\"isPartOf\":{\"@id\":\"https:\\\/\\\/drawings-online.com\\\/#website\"},\"primaryImageOfPage\":{\"@id\":\"https:\\\/\\\/drawings-online.com\\\/en\\\/product\\\/portrait-of-the-poet-pierre-louys-par-georges-victor-hugo\\\/#primaryimage\"},\"image\":{\"@id\":\"https:\\\/\\\/drawings-online.com\\\/en\\\/product\\\/portrait-of-the-poet-pierre-louys-par-georges-victor-hugo\\\/#primaryimage\"},\"thumbnailUrl\":\"https:\\\/\\\/drawings-online.com\\\/wp-content\\\/uploads\\\/2021\\\/05\\\/DSC_3726_1.png\",\"datePublished\":\"2021-05-29T09:30:38+00:00\",\"dateModified\":\"2023-01-17T17:44:31+00:00\",\"breadcrumb\":{\"@id\":\"https:\\\/\\\/drawings-online.com\\\/en\\\/product\\\/portrait-of-the-poet-pierre-louys-par-georges-victor-hugo\\\/#breadcrumb\"},\"inLanguage\":\"en-US\",\"potentialAction\":[{\"@type\":\"ReadAction\",\"target\":[\"https:\\\/\\\/drawings-online.com\\\/en\\\/product\\\/portrait-of-the-poet-pierre-louys-par-georges-victor-hugo\\\/\"]}]},{\"@type\":\"ImageObject\",\"inLanguage\":\"en-US\",\"@id\":\"https:\\\/\\\/drawings-online.com\\\/en\\\/product\\\/portrait-of-the-poet-pierre-louys-par-georges-victor-hugo\\\/#primaryimage\",\"url\":\"https:\\\/\\\/drawings-online.com\\\/wp-content\\\/uploads\\\/2021\\\/05\\\/DSC_3726_1.png\",\"contentUrl\":\"https:\\\/\\\/drawings-online.com\\\/wp-content\\\/uploads\\\/2021\\\/05\\\/DSC_3726_1.png\",\"width\":1800,\"height\":1800,\"caption\":\"Portrait du po\u00e8te Pierre Lou\u00ffs par Georges Victor-Hugo\"},{\"@type\":\"BreadcrumbList\",\"@id\":\"https:\\\/\\\/drawings-online.com\\\/en\\\/product\\\/portrait-of-the-poet-pierre-louys-par-georges-victor-hugo\\\/#breadcrumb\",\"itemListElement\":[{\"@type\":\"ListItem\",\"position\":1,\"name\":\"Works available\",\"item\":\"https:\\\/\\\/drawings-online.com\\\/\"},{\"@type\":\"ListItem\",\"position\":2,\"name\":\"Gallery\",\"item\":\"https:\\\/\\\/drawings-online.com\\\/galerie\\\/\"},{\"@type\":\"ListItem\",\"position\":3,\"name\":\"19e\",\"item\":\"https:\\\/\\\/drawings-online.com\\\/product_tag\\\/19e\\\/\"},{\"@type\":\"ListItem\",\"position\":4,\"name\":\"Portrait of the Poet Pierre Lou\u00ffs par Georges Victor-Hugo\"}]},{\"@type\":\"WebSite\",\"@id\":\"https:\\\/\\\/drawings-online.com\\\/en\\\/#website\",\"url\":\"https:\\\/\\\/drawings-online.com\\\/en\\\/\",\"name\":\"Drawings-online\",\"description\":\"Dessins en ligne\",\"publisher\":{\"@id\":\"https:\\\/\\\/drawings-online.com\\\/en\\\/#organization\"},\"potentialAction\":[{\"@type\":\"SearchAction\",\"target\":{\"@type\":\"EntryPoint\",\"urlTemplate\":\"https:\\\/\\\/drawings-online.com\\\/en\\\/?s={search_term_string}\"},\"query-input\":{\"@type\":\"PropertyValueSpecification\",\"valueRequired\":true,\"valueName\":\"search_term_string\"}}],\"inLanguage\":\"en-US\"},{\"@type\":\"Organization\",\"@id\":\"https:\\\/\\\/drawings-online.com\\\/en\\\/#organization\",\"name\":\"Drawings-online\",\"url\":\"https:\\\/\\\/drawings-online.com\\\/en\\\/\",\"logo\":{\"@type\":\"ImageObject\",\"inLanguage\":\"en-US\",\"@id\":\"https:\\\/\\\/drawings-online.com\\\/en\\\/#\\\/schema\\\/logo\\\/image\\\/\",\"url\":\"https:\\\/\\\/drawings-online.com\\\/wp-content\\\/uploads\\\/2020\\\/12\\\/drawings-icone-transp-e1607442878135.png\",\"contentUrl\":\"https:\\\/\\\/drawings-online.com\\\/wp-content\\\/uploads\\\/2020\\\/12\\\/drawings-icone-transp-e1607442878135.png\",\"width\":150,\"height\":150,\"caption\":\"Drawings-online\"},\"image\":{\"@id\":\"https:\\\/\\\/drawings-online.com\\\/en\\\/#\\\/schema\\\/logo\\\/image\\\/\"},\"sameAs\":[\"https:\\\/\\\/www.facebook.com\\\/people\\\/Drawings-online\\\/100034942735866\\\/\",\"https:\\\/\\\/x.com\\\/OnlineDrawings\",\"https:\\\/\\\/www.instagram.com\\\/drawings_online_com\\\/\"]}]}<\/script>\n<!-- \/ Yoast SEO plugin. -->","yoast_head_json":{"title":"Portrait of the Poet Pierre Lou\u00ffs par Georges Victor-Hugo","description":"Portrait of the Poet Pierre Lou\u00ffs par Georges Victor-Hugo.","robots":{"index":"index","follow":"follow","max-snippet":"max-snippet:-1","max-image-preview":"max-image-preview:large","max-video-preview":"max-video-preview:-1"},"canonical":"Portrait of the Poet Pierre Lou\u00ffs par Georges Victor-Hugo.","og_locale":"en_US","og_type":"article","og_title":"Portrait of the Poet Pierre Lou\u00ffs par Georges Victor-Hugo","og_description":"Portrait of the Poet Pierre Lou\u00ffs par Georges Victor-Hugo.","og_url":"https:\/\/drawings-online.com\/en\/product\/portrait-of-the-poet-pierre-louys-par-georges-victor-hugo\/","og_site_name":"Drawings-online","article_publisher":"https:\/\/www.facebook.com\/people\/Drawings-online\/100034942735866\/","article_modified_time":"2023-01-17T17:44:31+00:00","og_image":[{"width":1024,"height":1024,"url":"https:\/\/drawings-online.com\/wp-content\/uploads\/2021\/05\/DSC_3726_1-1024x1024.png","type":"image\/png"}],"twitter_card":"summary_large_image","twitter_site":"@OnlineDrawings","twitter_misc":{"Est. reading time":"2 minutes"},"schema":{"@context":"https:\/\/schema.org","@graph":[{"@type":"WebPage","@id":"https:\/\/drawings-online.com\/en\/product\/portrait-of-the-poet-pierre-louys-par-georges-victor-hugo\/","url":"https:\/\/drawings-online.com\/en\/product\/portrait-of-the-poet-pierre-louys-par-georges-victor-hugo\/","name":"Portrait du po\u00e8te Pierre Lou\u00ffs par Georges Victor-Hugo - Drawings-online","isPartOf":{"@id":"https:\/\/drawings-online.com\/#website"},"primaryImageOfPage":{"@id":"https:\/\/drawings-online.com\/en\/product\/portrait-of-the-poet-pierre-louys-par-georges-victor-hugo\/#primaryimage"},"image":{"@id":"https:\/\/drawings-online.com\/en\/product\/portrait-of-the-poet-pierre-louys-par-georges-victor-hugo\/#primaryimage"},"thumbnailUrl":"https:\/\/drawings-online.com\/wp-content\/uploads\/2021\/05\/DSC_3726_1.png","datePublished":"2021-05-29T09:30:38+00:00","dateModified":"2023-01-17T17:44:31+00:00","breadcrumb":{"@id":"https:\/\/drawings-online.com\/en\/product\/portrait-of-the-poet-pierre-louys-par-georges-victor-hugo\/#breadcrumb"},"inLanguage":"en-US","potentialAction":[{"@type":"ReadAction","target":["https:\/\/drawings-online.com\/en\/product\/portrait-of-the-poet-pierre-louys-par-georges-victor-hugo\/"]}]},{"@type":"ImageObject","inLanguage":"en-US","@id":"https:\/\/drawings-online.com\/en\/product\/portrait-of-the-poet-pierre-louys-par-georges-victor-hugo\/#primaryimage","url":"https:\/\/drawings-online.com\/wp-content\/uploads\/2021\/05\/DSC_3726_1.png","contentUrl":"https:\/\/drawings-online.com\/wp-content\/uploads\/2021\/05\/DSC_3726_1.png","width":1800,"height":1800,"caption":"Portrait du po\u00e8te Pierre Lou\u00ffs par Georges Victor-Hugo"},{"@type":"BreadcrumbList","@id":"https:\/\/drawings-online.com\/en\/product\/portrait-of-the-poet-pierre-louys-par-georges-victor-hugo\/#breadcrumb","itemListElement":[{"@type":"ListItem","position":1,"name":"Works available","item":"https:\/\/drawings-online.com\/"},{"@type":"ListItem","position":2,"name":"Gallery","item":"https:\/\/drawings-online.com\/galerie\/"},{"@type":"ListItem","position":3,"name":"19e","item":"https:\/\/drawings-online.com\/product_tag\/19e\/"},{"@type":"ListItem","position":4,"name":"Portrait of the Poet Pierre Lou\u00ffs par Georges Victor-Hugo"}]},{"@type":"WebSite","@id":"https:\/\/drawings-online.com\/en\/#website","url":"https:\/\/drawings-online.com\/en\/","name":"Drawings-online","description":"Dessins en ligne","publisher":{"@id":"https:\/\/drawings-online.com\/en\/#organization"},"potentialAction":[{"@type":"SearchAction","target":{"@type":"EntryPoint","urlTemplate":"https:\/\/drawings-online.com\/en\/?s={search_term_string}"},"query-input":{"@type":"PropertyValueSpecification","valueRequired":true,"valueName":"search_term_string"}}],"inLanguage":"en-US"},{"@type":"Organization","@id":"https:\/\/drawings-online.com\/en\/#organization","name":"Drawings-online","url":"https:\/\/drawings-online.com\/en\/","logo":{"@type":"ImageObject","inLanguage":"en-US","@id":"https:\/\/drawings-online.com\/en\/#\/schema\/logo\/image\/","url":"https:\/\/drawings-online.com\/wp-content\/uploads\/2020\/12\/drawings-icone-transp-e1607442878135.png","contentUrl":"https:\/\/drawings-online.com\/wp-content\/uploads\/2020\/12\/drawings-icone-transp-e1607442878135.png","width":150,"height":150,"caption":"Drawings-online"},"image":{"@id":"https:\/\/drawings-online.com\/en\/#\/schema\/logo\/image\/"},"sameAs":["https:\/\/www.facebook.com\/people\/Drawings-online\/100034942735866\/","https:\/\/x.com\/OnlineDrawings","https:\/\/www.instagram.com\/drawings_online_com\/"]}]}},"jetpack_sharing_enabled":true,"_links":{"self":[{"href":"https:\/\/drawings-online.com\/en\/wp-json\/wp\/v2\/product\/3092","targetHints":{"allow":["GET"]}}],"collection":[{"href":"https:\/\/drawings-online.com\/en\/wp-json\/wp\/v2\/product"}],"about":[{"href":"https:\/\/drawings-online.com\/en\/wp-json\/wp\/v2\/types\/product"}],"wp:featuredmedia":[{"embeddable":true,"href":"https:\/\/drawings-online.com\/en\/wp-json\/wp\/v2\/media\/3093"}],"wp:attachment":[{"href":"https:\/\/drawings-online.com\/en\/wp-json\/wp\/v2\/media?parent=3092"}],"wp:term":[{"taxonomy":"product_brand","embeddable":true,"href":"https:\/\/drawings-online.com\/en\/wp-json\/wp\/v2\/product_brand?post=3092"},{"taxonomy":"product_cat","embeddable":true,"href":"https:\/\/drawings-online.com\/en\/wp-json\/wp\/v2\/product_cat?post=3092"},{"taxonomy":"product_tag","embeddable":true,"href":"https:\/\/drawings-online.com\/en\/wp-json\/wp\/v2\/product_tag?post=3092"}],"curies":[{"name":"wp","href":"https:\/\/api.w.org\/{rel}","templated":true}]}}