{"id":3040,"date":"2021-05-29T13:50:34","date_gmt":"2021-05-29T11:50:34","guid":{"rendered":"https:\/\/artesepia.com\/product\/\/"},"modified":"2023-01-17T18:47:19","modified_gmt":"2023-01-17T17:47:19","slug":"etude-de-trois-tetes-et-dune-jambe-par-nicolas-mignard-dit-mignard-davignon","status":"publish","type":"product","link":"https:\/\/drawings-online.com\/en\/product\/study-of-three-heads-and-a-leg-by-nicolas-mignard-dit-mignard-davignon\/","title":{"rendered":"Study of three Heads and a Leg by Nicolas Mignard dit Mignard d\u2019Avignon"},"content":{"rendered":"<p><strong>Nicolas Mignard dit Mignard d\u2019Avignon<\/strong><\/p>\n<p>Troyes 1606 \u2013 Paris 1668<\/p>\n<p><strong><em>Recto\u00a0: Study of three Heads and a Leg<\/em><\/strong><\/p>\n<p><strong><em>Verso: Study for a saint Elizabeth<\/em><\/strong><\/p>\n<p>Red and black chalk on beige paper (recto) ; red and black chalk heightened with white (verso). Watermark &#8220;grappe de raisin&#8221;.\u00a0<\/p>\n<p>405 x 240 mm &#8211; 15 15\/16 x 9 7\/16 in.<\/p>\n<p>Provenance : Marseille, Provence auction, 27 June 2015, lot 17.<\/p>\n<p>&nbsp;<\/p>\n<p>Born in Troyes in 1606, Nicolas Mignard settled in Avignon from 1632 onwards, where he led a flourishing career, addressing all the \u201cgenres\u201d of paintings: portraits, still life, mythological and religious scenes. During his stay in Italy in 1635-1636, he was impressed by Annibale Carracci\u2019s large decors in Palazzo Farnese, which he later engraved. Summoned to Paris by Royal letter in 1660, Nicolas Mignard was entrusted with the decoration of the King\u2019s Petit Appartement in the Tuileries. Elected a member of the Acad\u00e9mie Royale de Peinture et de Sculpture in 1663 and later appointed a professor and rector, he died in Paris in 1668. He was called \u201cMignard d\u2019Avignon\u201d to be differentiated from his younger brother Pierre, called \u201cMignard le Romain\u201d (1612 \u2013 1695).<\/p>\n<figure id=\"attachment_3041\" aria-describedby=\"caption-attachment-3041\" style=\"width: 215px\" class=\"wp-caption alignleft\"><a href=\"https:\/\/drawings-online.com\/wp-content\/uploads\/2021\/05\/IMG_9843-scaled.jpg\"><img loading=\"lazy\" decoding=\"async\" class=\"wp-image-3041 size-medium\" src=\"https:\/\/drawings-online.com\/wp-content\/uploads\/2021\/05\/IMG_9843-215x300.jpg\" alt=\"\" width=\"215\" height=\"300\" srcset=\"https:\/\/drawings-online.com\/wp-content\/uploads\/2021\/05\/IMG_9843-215x300.jpg 215w, https:\/\/drawings-online.com\/wp-content\/uploads\/2021\/05\/IMG_9843-734x1024.jpg 734w, https:\/\/drawings-online.com\/wp-content\/uploads\/2021\/05\/IMG_9843-768x1072.jpg 768w, https:\/\/drawings-online.com\/wp-content\/uploads\/2021\/05\/IMG_9843-1100x1536.jpg 1100w, https:\/\/drawings-online.com\/wp-content\/uploads\/2021\/05\/IMG_9843-1467x2048.jpg 1467w, https:\/\/drawings-online.com\/wp-content\/uploads\/2021\/05\/IMG_9843-300x419.jpg 300w, https:\/\/drawings-online.com\/wp-content\/uploads\/2021\/05\/IMG_9843-600x837.jpg 600w, https:\/\/drawings-online.com\/wp-content\/uploads\/2021\/05\/IMG_9843-scaled.jpg 1834w\" sizes=\"auto, (max-width: 215px) 100vw, 215px\" \/><\/a><figcaption id=\"caption-attachment-3041\" class=\"wp-caption-text\">Fig.1<\/figcaption><\/figure>\n<p>On the recto, our drawing bears studies of heads and a leg which are preparatory studies for the apostles figures in the <a href=\"https:\/\/www.pop.culture.gouv.fr\/notice\/palissy\/PM13001404\" target=\"_blank\" rel=\"noopener\"><em>Assumption of the Virgin<\/em><\/a><em>, <\/em>an altar painting executed in 1643 for the Church of St-Marta in Tarascon (Fig. 1)<a href=\"#_ftn1\" name=\"_ftnref1\">[1]<\/a>. Both of the head studies &#8211; bowed head of bearded men in profile, higher left and lower right of the recto &#8211; are preparatory studies for the apostle standing on the left and gazing down at the empty tomb. The studies of a leg and a head looking upward are preparatory for the apostle kneeling in the foreground to the left and watching in amazement the Virgin\u2019s assumption. Antoine Schnapper suggested that this composition, although its different spatial approach, was inspired by Annibale Carracci\u2019s famous <a href=\"https:\/\/fr.m.wikipedia.org\/wiki\/Fichier:Assumption_of_Mary_-_Cerasi_Chapel_-_Santa_Maria_del_Popolo_-_Rome_2015.jpg\" target=\"_blank\" rel=\"noopener\"><em>Assumption<\/em><\/a> painted in 1600-1601 for the Capella Cesari in Santa Maria del Popolo, a painting from which Mignard indeed borrowed the five apostle figures on the foreground. Another sheet by Mignard bearing preparatory studies for details in his <em>Assumption<\/em> is in the Louvre (<a href=\"http:\/\/ag.louvre.fr\/detail\/oeuvres\/0\/38721-Etude-de-draperie-pour-un-personnage-en-buste-et-draperie\" target=\"_blank\" rel=\"noopener\">inv. RF\u00a036843<\/a>)<a href=\"#_ftn2\" name=\"_ftnref2\">[2]<\/a>.<\/p>\n<figure id=\"attachment_3042\" aria-describedby=\"caption-attachment-3042\" style=\"width: 213px\" class=\"wp-caption alignright\"><a href=\"https:\/\/drawings-online.com\/wp-content\/uploads\/2021\/05\/Nicolas_Mignard-Visitation.jpg\"><img loading=\"lazy\" decoding=\"async\" class=\"wp-image-3042 size-medium\" src=\"https:\/\/drawings-online.com\/wp-content\/uploads\/2021\/05\/Nicolas_Mignard-Visitation-213x300.jpg\" alt=\"\" width=\"213\" height=\"300\" srcset=\"https:\/\/drawings-online.com\/wp-content\/uploads\/2021\/05\/Nicolas_Mignard-Visitation-213x300.jpg 213w, https:\/\/drawings-online.com\/wp-content\/uploads\/2021\/05\/Nicolas_Mignard-Visitation-300x423.jpg 300w, https:\/\/drawings-online.com\/wp-content\/uploads\/2021\/05\/Nicolas_Mignard-Visitation-600x847.jpg 600w, https:\/\/drawings-online.com\/wp-content\/uploads\/2021\/05\/Nicolas_Mignard-Visitation.jpg 640w\" sizes=\"auto, (max-width: 213px) 100vw, 213px\" \/><\/a><figcaption id=\"caption-attachment-3042\" class=\"wp-caption-text\">Fig.2<\/figcaption><\/figure>\n<p>On the verso, the study of a draped woman walking to the left is a preparatory study for saint Elizabeth welcoming Mary in the episode of the <a href=\"https:\/\/fr.m.wikipedia.org\/wiki\/Fichier:Nicolas_Mignard-Visitation.jpg\" target=\"_blank\" rel=\"noopener\"><em>Visitation<\/em><\/a><em>,<\/em> a painting executed for the main altar of the chapel in the Visitation-St Georges convent, but disposed in the Black penitents\u2019 chapel in Avignon, in 1816, (Fig.2). Adrien Marcel suggested that this altar may have been painted around 1648 when the Visitandine sisters took possession of the convent<a href=\"#_ftn3\" name=\"_ftnref3\">[3]<\/a>. A preparatory drawing for the composition in the Metropolitan Museum (<a href=\"https:\/\/www.metmuseum.org\/art\/collection\/search\/393510?searchField=All&amp;amp;sortBy=Relevance&amp;amp;ft=mignard&amp;amp;offset=0&amp;amp;rpp=20&amp;amp;pos=4\" target=\"_blank\" rel=\"noopener\">inv. 2010.233<\/a>) is very close to the final painting and another one, squared for transfer, belonged to the painter\u2019s descendants, like a vast majority of his drawings, until they were sold to the Louvre in 1978 (<a href=\"http:\/\/arts-graphiques.louvre.fr\/detail\/oeuvres\/1\/38723-La-Visitation-max\" target=\"_blank\" rel=\"noopener\">inv. RF36845<\/a>).<\/p>\n<p>&nbsp;<\/p>\n<p>Both paintings are not dated to the same year. Nicolas Mignard frequently used the verso of his drawings, even many years later. As explained by Antoine Schnapper, one of Mignard\u2019s peculiarity is to dissociate draperies from bodies in his drawn studies. In this drawing, the verso focuses on Elizabeth\u2019s drapery, her head only roughly sketched, whereas the recto presents carefully studied apostles\u2019 faces and limbs. These details studies are among the artist\u2019s most interesting works: combining the black and red chalk effects with ease, he knows how to alternate light and shadow in order to model shapes and volume.<\/p>\n<p>&nbsp;<\/p>\n<p><a href=\"#_ftnref1\" name=\"_ftn1\">[1]<\/a> Antoine Schnapper, <em>Nicolas Mignard d\u2019Avignon (1606-1668)<\/em>, Palais des Papes, Avignon, 1979, n\u00b0 25, p. 56.<\/p>\n<p><a href=\"#_ftnref2\" name=\"_ftn2\">[2]<\/a> <em>Idem, <\/em>D. 13, p. 126.<\/p>\n<p><a href=\"#_ftnref3\" name=\"_ftn3\">[3]<\/a> Adrien Marcel, <a href=\"https:\/\/gallica.bnf.fr\/ark:\/12148\/bpt6k9814780q\/f25.item.r=.zoom\" target=\"_blank\" rel=\"noopener\"><em>Mignard d\u2019Avignon. Peintre et graveur (1606-1668)<\/em><\/a> in <em>M\u00e9moires de l\u2019Acad\u00e9mie de Vaucluse<\/em>, Premi\u00e8re s\u00e9rie, Tome XXXI, ann\u00e9e 1931, Vaison, A. E. Macabet Fr\u00e8res, p. 1-111, n\u00b0 80, p. 73-74.<\/p>\n<p>&nbsp;<\/p>\n<p>Condition report &#8211; Very good condition. Four small grey stains.<\/p>\n","protected":false},"excerpt":{"rendered":"<p>Study of three Heads and a Leg by Nicolas Mignard dit Mignard d\u2019Avignon.<\/p>\n","protected":false},"featured_media":3043,"template":"","meta":{"_themeisle_gutenberg_block_has_review":false},"product_brand":[],"product_cat":[78],"product_tag":[23,161,345,101,269,353,419,16,28,96],"class_list":{"0":"post-3040","1":"product","2":"type-product","3":"status-publish","4":"has-post-thumbnail","6":"product_cat-french-school","7":"product_tag-17th","8":"product_tag-preparatory-drawing","9":"product_tag-old-master-drawings","10":"product_tag-study","12":"product_tag-gallery","13":"product_tag-n6","14":"product_tag-black-chalk","15":"product_tag-red-chalk","16":"product_tag-religious-subject","18":"first","19":"outofstock","20":"taxable","21":"shipping-taxable","22":"purchasable","23":"product-type-simple"},"yoast_head":"<!-- This site is optimized with the Yoast SEO plugin v27.4 - https:\/\/yoast.com\/product\/yoast-seo-wordpress\/ -->\n<title>Study of three Heads and a Leg by Nicolas Mignard dit Mignard d\u2019Avignon<\/title>\n<meta name=\"description\" content=\"Study of three Heads and a Leg by Nicolas Mignard dit Mignard d\u2019Avignon.\" \/>\n<meta name=\"robots\" content=\"index, follow, max-snippet:-1, max-image-preview:large, max-video-preview:-1\" \/>\n<link rel=\"canonical\" href=\"http:\/\/Study%20of%20three%20Heads%20and%20a%20Leg%20by%20Nicolas%20Mignard%20dit%20Mignard%20d\u2019Avignon.\" \/>\n<meta property=\"og:locale\" content=\"en_US\" \/>\n<meta property=\"og:type\" content=\"article\" \/>\n<meta property=\"og:title\" content=\"Study of three Heads and a Leg by Nicolas Mignard dit Mignard d\u2019Avignon\" \/>\n<meta property=\"og:description\" content=\"Study of three Heads and a Leg by Nicolas Mignard dit Mignard d\u2019Avignon.\" \/>\n<meta property=\"og:url\" content=\"https:\/\/drawings-online.com\/en\/product\/study-of-three-heads-and-a-leg-by-nicolas-mignard-dit-mignard-davignon\/\" \/>\n<meta property=\"og:site_name\" content=\"Drawings-online\" \/>\n<meta property=\"article:publisher\" content=\"https:\/\/www.facebook.com\/people\/Drawings-online\/100034942735866\/\" \/>\n<meta property=\"article:modified_time\" content=\"2023-01-17T17:47:19+00:00\" \/>\n<meta property=\"og:image\" content=\"https:\/\/drawings-online.com\/wp-content\/uploads\/2021\/05\/DSC_3712_1-1024x1024.png\" \/>\n\t<meta property=\"og:image:width\" content=\"1024\" \/>\n\t<meta property=\"og:image:height\" content=\"1024\" \/>\n\t<meta property=\"og:image:type\" content=\"image\/png\" \/>\n<meta name=\"twitter:card\" content=\"summary_large_image\" \/>\n<meta name=\"twitter:site\" content=\"@OnlineDrawings\" \/>\n<meta name=\"twitter:label1\" content=\"Est. reading time\" \/>\n\t<meta name=\"twitter:data1\" content=\"4 minutes\" \/>\n<script type=\"application\/ld+json\" class=\"yoast-schema-graph\">{\"@context\":\"https:\\\/\\\/schema.org\",\"@graph\":[{\"@type\":\"WebPage\",\"@id\":\"https:\\\/\\\/drawings-online.com\\\/en\\\/product\\\/study-of-three-heads-and-a-leg-by-nicolas-mignard-dit-mignard-davignon\\\/\",\"url\":\"https:\\\/\\\/drawings-online.com\\\/en\\\/product\\\/study-of-three-heads-and-a-leg-by-nicolas-mignard-dit-mignard-davignon\\\/\",\"name\":\"\u00c9tude de trois t\u00eates et d\u2019une jambe par Nicolas Mignard dit Mignard d\u2019Avignon - Drawings-online\",\"isPartOf\":{\"@id\":\"https:\\\/\\\/drawings-online.com\\\/#website\"},\"primaryImageOfPage\":{\"@id\":\"https:\\\/\\\/drawings-online.com\\\/en\\\/product\\\/study-of-three-heads-and-a-leg-by-nicolas-mignard-dit-mignard-davignon\\\/#primaryimage\"},\"image\":{\"@id\":\"https:\\\/\\\/drawings-online.com\\\/en\\\/product\\\/study-of-three-heads-and-a-leg-by-nicolas-mignard-dit-mignard-davignon\\\/#primaryimage\"},\"thumbnailUrl\":\"https:\\\/\\\/drawings-online.com\\\/wp-content\\\/uploads\\\/2021\\\/05\\\/DSC_3712_1.png\",\"datePublished\":\"2021-05-29T11:50:34+00:00\",\"dateModified\":\"2023-01-17T17:47:19+00:00\",\"breadcrumb\":{\"@id\":\"https:\\\/\\\/drawings-online.com\\\/en\\\/product\\\/study-of-three-heads-and-a-leg-by-nicolas-mignard-dit-mignard-davignon\\\/#breadcrumb\"},\"inLanguage\":\"en-US\",\"potentialAction\":[{\"@type\":\"ReadAction\",\"target\":[\"https:\\\/\\\/drawings-online.com\\\/en\\\/product\\\/study-of-three-heads-and-a-leg-by-nicolas-mignard-dit-mignard-davignon\\\/\"]}]},{\"@type\":\"ImageObject\",\"inLanguage\":\"en-US\",\"@id\":\"https:\\\/\\\/drawings-online.com\\\/en\\\/product\\\/study-of-three-heads-and-a-leg-by-nicolas-mignard-dit-mignard-davignon\\\/#primaryimage\",\"url\":\"https:\\\/\\\/drawings-online.com\\\/wp-content\\\/uploads\\\/2021\\\/05\\\/DSC_3712_1.png\",\"contentUrl\":\"https:\\\/\\\/drawings-online.com\\\/wp-content\\\/uploads\\\/2021\\\/05\\\/DSC_3712_1.png\",\"width\":1800,\"height\":1800,\"caption\":\"\u00c9tude de trois t\u00eates et d\u2019une jambe par Nicolas Mignard dit Mignard d\u2019Avignon\"},{\"@type\":\"BreadcrumbList\",\"@id\":\"https:\\\/\\\/drawings-online.com\\\/en\\\/product\\\/study-of-three-heads-and-a-leg-by-nicolas-mignard-dit-mignard-davignon\\\/#breadcrumb\",\"itemListElement\":[{\"@type\":\"ListItem\",\"position\":1,\"name\":\"Works available\",\"item\":\"https:\\\/\\\/drawings-online.com\\\/\"},{\"@type\":\"ListItem\",\"position\":2,\"name\":\"Gallery\",\"item\":\"https:\\\/\\\/drawings-online.com\\\/galerie\\\/\"},{\"@type\":\"ListItem\",\"position\":3,\"name\":\"17e\",\"item\":\"https:\\\/\\\/drawings-online.com\\\/product_tag\\\/17e\\\/\"},{\"@type\":\"ListItem\",\"position\":4,\"name\":\"Study of three Heads and a Leg by Nicolas Mignard dit Mignard d\u2019Avignon\"}]},{\"@type\":\"WebSite\",\"@id\":\"https:\\\/\\\/drawings-online.com\\\/en\\\/#website\",\"url\":\"https:\\\/\\\/drawings-online.com\\\/en\\\/\",\"name\":\"Drawings-online\",\"description\":\"Dessins en ligne\",\"publisher\":{\"@id\":\"https:\\\/\\\/drawings-online.com\\\/en\\\/#organization\"},\"potentialAction\":[{\"@type\":\"SearchAction\",\"target\":{\"@type\":\"EntryPoint\",\"urlTemplate\":\"https:\\\/\\\/drawings-online.com\\\/en\\\/?s={search_term_string}\"},\"query-input\":{\"@type\":\"PropertyValueSpecification\",\"valueRequired\":true,\"valueName\":\"search_term_string\"}}],\"inLanguage\":\"en-US\"},{\"@type\":\"Organization\",\"@id\":\"https:\\\/\\\/drawings-online.com\\\/en\\\/#organization\",\"name\":\"Drawings-online\",\"url\":\"https:\\\/\\\/drawings-online.com\\\/en\\\/\",\"logo\":{\"@type\":\"ImageObject\",\"inLanguage\":\"en-US\",\"@id\":\"https:\\\/\\\/drawings-online.com\\\/en\\\/#\\\/schema\\\/logo\\\/image\\\/\",\"url\":\"https:\\\/\\\/drawings-online.com\\\/wp-content\\\/uploads\\\/2020\\\/12\\\/drawings-icone-transp-e1607442878135.png\",\"contentUrl\":\"https:\\\/\\\/drawings-online.com\\\/wp-content\\\/uploads\\\/2020\\\/12\\\/drawings-icone-transp-e1607442878135.png\",\"width\":150,\"height\":150,\"caption\":\"Drawings-online\"},\"image\":{\"@id\":\"https:\\\/\\\/drawings-online.com\\\/en\\\/#\\\/schema\\\/logo\\\/image\\\/\"},\"sameAs\":[\"https:\\\/\\\/www.facebook.com\\\/people\\\/Drawings-online\\\/100034942735866\\\/\",\"https:\\\/\\\/x.com\\\/OnlineDrawings\",\"https:\\\/\\\/www.instagram.com\\\/drawings_online_com\\\/\"]}]}<\/script>\n<!-- \/ Yoast SEO plugin. -->","yoast_head_json":{"title":"Study of three Heads and a Leg by Nicolas Mignard dit Mignard d\u2019Avignon","description":"Study of three Heads and a Leg by Nicolas Mignard dit Mignard d\u2019Avignon.","robots":{"index":"index","follow":"follow","max-snippet":"max-snippet:-1","max-image-preview":"max-image-preview:large","max-video-preview":"max-video-preview:-1"},"canonical":"Study of three Heads and a Leg by Nicolas Mignard dit Mignard d\u2019Avignon.","og_locale":"en_US","og_type":"article","og_title":"Study of three Heads and a Leg by Nicolas Mignard dit Mignard d\u2019Avignon","og_description":"Study of three Heads and a Leg by Nicolas Mignard dit Mignard d\u2019Avignon.","og_url":"https:\/\/drawings-online.com\/en\/product\/study-of-three-heads-and-a-leg-by-nicolas-mignard-dit-mignard-davignon\/","og_site_name":"Drawings-online","article_publisher":"https:\/\/www.facebook.com\/people\/Drawings-online\/100034942735866\/","article_modified_time":"2023-01-17T17:47:19+00:00","og_image":[{"width":1024,"height":1024,"url":"https:\/\/drawings-online.com\/wp-content\/uploads\/2021\/05\/DSC_3712_1-1024x1024.png","type":"image\/png"}],"twitter_card":"summary_large_image","twitter_site":"@OnlineDrawings","twitter_misc":{"Est. reading time":"4 minutes"},"schema":{"@context":"https:\/\/schema.org","@graph":[{"@type":"WebPage","@id":"https:\/\/drawings-online.com\/en\/product\/study-of-three-heads-and-a-leg-by-nicolas-mignard-dit-mignard-davignon\/","url":"https:\/\/drawings-online.com\/en\/product\/study-of-three-heads-and-a-leg-by-nicolas-mignard-dit-mignard-davignon\/","name":"\u00c9tude de trois t\u00eates et d\u2019une jambe par Nicolas Mignard dit Mignard d\u2019Avignon - Drawings-online","isPartOf":{"@id":"https:\/\/drawings-online.com\/#website"},"primaryImageOfPage":{"@id":"https:\/\/drawings-online.com\/en\/product\/study-of-three-heads-and-a-leg-by-nicolas-mignard-dit-mignard-davignon\/#primaryimage"},"image":{"@id":"https:\/\/drawings-online.com\/en\/product\/study-of-three-heads-and-a-leg-by-nicolas-mignard-dit-mignard-davignon\/#primaryimage"},"thumbnailUrl":"https:\/\/drawings-online.com\/wp-content\/uploads\/2021\/05\/DSC_3712_1.png","datePublished":"2021-05-29T11:50:34+00:00","dateModified":"2023-01-17T17:47:19+00:00","breadcrumb":{"@id":"https:\/\/drawings-online.com\/en\/product\/study-of-three-heads-and-a-leg-by-nicolas-mignard-dit-mignard-davignon\/#breadcrumb"},"inLanguage":"en-US","potentialAction":[{"@type":"ReadAction","target":["https:\/\/drawings-online.com\/en\/product\/study-of-three-heads-and-a-leg-by-nicolas-mignard-dit-mignard-davignon\/"]}]},{"@type":"ImageObject","inLanguage":"en-US","@id":"https:\/\/drawings-online.com\/en\/product\/study-of-three-heads-and-a-leg-by-nicolas-mignard-dit-mignard-davignon\/#primaryimage","url":"https:\/\/drawings-online.com\/wp-content\/uploads\/2021\/05\/DSC_3712_1.png","contentUrl":"https:\/\/drawings-online.com\/wp-content\/uploads\/2021\/05\/DSC_3712_1.png","width":1800,"height":1800,"caption":"\u00c9tude de trois t\u00eates et d\u2019une jambe par Nicolas Mignard dit Mignard d\u2019Avignon"},{"@type":"BreadcrumbList","@id":"https:\/\/drawings-online.com\/en\/product\/study-of-three-heads-and-a-leg-by-nicolas-mignard-dit-mignard-davignon\/#breadcrumb","itemListElement":[{"@type":"ListItem","position":1,"name":"Works available","item":"https:\/\/drawings-online.com\/"},{"@type":"ListItem","position":2,"name":"Gallery","item":"https:\/\/drawings-online.com\/galerie\/"},{"@type":"ListItem","position":3,"name":"17e","item":"https:\/\/drawings-online.com\/product_tag\/17e\/"},{"@type":"ListItem","position":4,"name":"Study of three Heads and a Leg by Nicolas Mignard dit Mignard d\u2019Avignon"}]},{"@type":"WebSite","@id":"https:\/\/drawings-online.com\/en\/#website","url":"https:\/\/drawings-online.com\/en\/","name":"Drawings-online","description":"Dessins en ligne","publisher":{"@id":"https:\/\/drawings-online.com\/en\/#organization"},"potentialAction":[{"@type":"SearchAction","target":{"@type":"EntryPoint","urlTemplate":"https:\/\/drawings-online.com\/en\/?s={search_term_string}"},"query-input":{"@type":"PropertyValueSpecification","valueRequired":true,"valueName":"search_term_string"}}],"inLanguage":"en-US"},{"@type":"Organization","@id":"https:\/\/drawings-online.com\/en\/#organization","name":"Drawings-online","url":"https:\/\/drawings-online.com\/en\/","logo":{"@type":"ImageObject","inLanguage":"en-US","@id":"https:\/\/drawings-online.com\/en\/#\/schema\/logo\/image\/","url":"https:\/\/drawings-online.com\/wp-content\/uploads\/2020\/12\/drawings-icone-transp-e1607442878135.png","contentUrl":"https:\/\/drawings-online.com\/wp-content\/uploads\/2020\/12\/drawings-icone-transp-e1607442878135.png","width":150,"height":150,"caption":"Drawings-online"},"image":{"@id":"https:\/\/drawings-online.com\/en\/#\/schema\/logo\/image\/"},"sameAs":["https:\/\/www.facebook.com\/people\/Drawings-online\/100034942735866\/","https:\/\/x.com\/OnlineDrawings","https:\/\/www.instagram.com\/drawings_online_com\/"]}]}},"jetpack_sharing_enabled":true,"_links":{"self":[{"href":"https:\/\/drawings-online.com\/en\/wp-json\/wp\/v2\/product\/3040","targetHints":{"allow":["GET"]}}],"collection":[{"href":"https:\/\/drawings-online.com\/en\/wp-json\/wp\/v2\/product"}],"about":[{"href":"https:\/\/drawings-online.com\/en\/wp-json\/wp\/v2\/types\/product"}],"wp:featuredmedia":[{"embeddable":true,"href":"https:\/\/drawings-online.com\/en\/wp-json\/wp\/v2\/media\/3043"}],"wp:attachment":[{"href":"https:\/\/drawings-online.com\/en\/wp-json\/wp\/v2\/media?parent=3040"}],"wp:term":[{"taxonomy":"product_brand","embeddable":true,"href":"https:\/\/drawings-online.com\/en\/wp-json\/wp\/v2\/product_brand?post=3040"},{"taxonomy":"product_cat","embeddable":true,"href":"https:\/\/drawings-online.com\/en\/wp-json\/wp\/v2\/product_cat?post=3040"},{"taxonomy":"product_tag","embeddable":true,"href":"https:\/\/drawings-online.com\/en\/wp-json\/wp\/v2\/product_tag?post=3040"}],"curies":[{"name":"wp","href":"https:\/\/api.w.org\/{rel}","templated":true}]}}