{"id":3031,"date":"2021-05-29T15:30:48","date_gmt":"2021-05-29T13:30:48","guid":{"rendered":"https:\/\/artesepia.com\/product\/\/"},"modified":"2023-01-17T18:47:14","modified_gmt":"2023-01-17T17:47:14","slug":"projet-de-medaille-pacis-nuntius-ou-les-preliminaires-de-la-paix-signes-a-vienne-1735-par-edme-bouchardon","status":"publish","type":"product","link":"https:\/\/drawings-online.com\/en\/product\/medal-design-for-pacis-nuntius-or-preliminaries-to-the-peace-treaty-signed-in-vienna-1753-by-edme-bouchardon\/","title":{"rendered":"Medal design for \u00ab\u00a0Pacis Nuntius\u00a0\u00bb or Preliminaries to the Peace Treaty signed in Vienna (1753) by Edm\u00e9 Bouchardon"},"content":{"rendered":"<p><strong>Edm\u00e9 Bouchardon<\/strong><\/p>\n<p>Chaumont-en-Bassigny 1698 \u2013 Paris 1762<\/p>\n<p><strong><em>Medal design for \u00ab\u00a0Pacis Nuntius\u00a0\u00bb or Preliminaries to the Peace Treaty signed in Vienna (1753)<\/em><\/strong><\/p>\n<p>Red chalk. Circular framing line, in red chalk.<\/p>\n<p>The legend <em>PACIS NUNTIUS<\/em> and the exergue <em>PRAEVIIS CONDITIONIBUS\/ VINDOBONAE\u00a0 SANCITIS\/M.DCC.XXV<\/em> both inscribed in red chalk.<\/p>\n<p>Inscribed with pen and ink <em>Le 24 janvier 1752 remis le dessein am Roittier le fils<\/em> at the top left of the original mount.<\/p>\n<p>Diameter: 220 mm (8 11\/16 in.)<\/p>\n<p>Provenance &#8211;\u00a0Austin Gunnison (1833 \u2013 1915), Cincinnati, Ohio, private collection, California; Paris, Christie\u2019s, 18 March 2004, n\u00b0 <a href=\"https:\/\/www.christies.com\/en\/lot\/lot-4245876\" target=\"_blank\" rel=\"noopener\">107<\/a>.<\/p>\n<p>Literature &#8211;\u00a0Winslow Ames, \u201cBouchardon and Company\u201d, in <em>Master Drawings<\/em>, 1975, vol. 13, n\u00b04, p. 379 &#8211; 400, n\u00b020.<\/p>\n<p>&nbsp;<\/p>\n<p>The son of a sculptor, Edm\u00e9 Bouchardon was trained in Paris at the Acad\u00e9mie Royale de Peinture et de Sculpture, before travelling to Rome in 1723. A student in the French Academy in Rome for nine years, he was called back to Paris by King Louis XV. Throughout his career, Bouchardon was appreciated as a great sculptor, probably the greatest before Coustou, Houdon or Pigalle, and as a remarkable draughtsman, especially famous for his series <em>Les Cris de Paris<\/em>.<\/p>\n<p>&nbsp;<\/p>\n<p>From 1737 to his death in 1762, Bouchardon occupied the prestigious function of official draughtsman of the Acad\u00e9mie des Inscriptions et Belles-Lettres, an institution founded under Louis XIV, with a twofold role: to advance and deepen historical knowledge and to support monarchist propaganda by providing \u2018inscriptions\u2019. This second role included conceiving medals of the King\u2019s Metallic History and tokens for the royal administration. Between 1749 and 1750, following a series of conferences, Bouchardon was commissioned to design an important group of medals in order to renovate and complement the King\u2019s History following the Peace of Aix-la-Chapelle, after which France\u2019s position was in fact weakened because of the cession of the Austrian Netherlands<a href=\"#_ftn1\" name=\"_ftnref1\">[1]<\/a>. This series of drawings, all executed in red chalk, commemorated French military conquests such as Furnes, Ypres, Menin, Tournai or Brussels.<\/p>\n<figure id=\"attachment_3039\" aria-describedby=\"caption-attachment-3039\" style=\"width: 300px\" class=\"wp-caption alignleft\"><a href=\"https:\/\/drawings-online.com\/wp-content\/uploads\/2021\/05\/0000932331_OG.png\"><img loading=\"lazy\" decoding=\"async\" class=\"wp-image-3039 size-medium\" src=\"https:\/\/drawings-online.com\/wp-content\/uploads\/2021\/05\/0000932331_OG-300x291.png\" alt=\"\" width=\"300\" height=\"291\" srcset=\"https:\/\/drawings-online.com\/wp-content\/uploads\/2021\/05\/0000932331_OG-300x291.png 300w, https:\/\/drawings-online.com\/wp-content\/uploads\/2021\/05\/0000932331_OG-768x745.png 768w, https:\/\/drawings-online.com\/wp-content\/uploads\/2021\/05\/0000932331_OG-600x582.png 600w, https:\/\/drawings-online.com\/wp-content\/uploads\/2021\/05\/0000932331_OG.png 968w\" sizes=\"auto, (max-width: 300px) 100vw, 300px\" \/><\/a><figcaption id=\"caption-attachment-3039\" class=\"wp-caption-text\">Fig.1<\/figcaption><\/figure>\n<p>Once the drawings were approved by the secretary of the Petite Acad\u00e9mie, Claude Gros de Boze (1680 \u2013 1753), they were mounted on blue paper to be shown for approval to the King by the State Secretary Jean Philipeaux, comte de Maurepas. Then, they were handed over to director of the Mint, Jules Robert de Cotte (1683 \u2013 1767), who added a release at the top left of the blue mount with the name of the medal engraver and the date he was given the drawing. According to the inscription on our drawing, we know that it was delivered to the medal engraver Charles Norbert Ro\u00ebttiers (1720-1772) called the Son, on the 24 January 1752 (see medal in the Louvre , <a href=\"https:\/\/collections.louvre.fr\/en\/ark:\/53355\/cl010446268#fullscreen\" target=\"_blank\" rel=\"noopener\">inv. OAP 1970<\/a>). A copy of our drawing, probably executed by the medal engraver, is in an album in the Mus\u00e9e de la Monnaie de Paris (Ms F\u00b0 127, <a href=\"https:\/\/www.archivesmonetaires.org\/bouchardon\/jpg\/070.jpg\" target=\"_blank\" rel=\"noopener\">n\u00b0\u00a070<\/a>)<a href=\"#_ftn2\" name=\"_ftnref2\">[2]<\/a>.<\/p>\n<p>Another medal design called the Congress of Soissons (fig. 1, Paris, Biblioth\u00e8que Nationale de France, D\u00e9partement des monnaies, inv. 2004.268)<a href=\"#_ftn3\" name=\"_ftnref3\">[3]<\/a> bears the same inscription and date of \u2018release\u2019 to Ro\u00ebttiers.<\/p>\n<p>&nbsp;<\/p>\n<p>These drawings are all drawn in red chalk and their diameter approximatively measures 8 or 9 inches, whereas their corresponding medals were engraved in a smaller format of 1 <sup>5<\/sup>\/<sub>8<\/sub> inches. On each medal, the obverse features a portrait of Louis XV whereas the reverse is decorated with a three-elements composition: a corps de devise (the image), a Latin legend and an exergue (the subject of the commemoration, inscribed in the horizontal space under the image, with a date in Roman numerals). A group of eight drawings from this series is nowadays in the Metropolitan Museum of New York<a href=\"#_ftn4\" name=\"_ftnref4\">[4]<\/a>, amongst which <em>Servado Foedere Sempers<\/em> <a href=\"https:\/\/www.metmuseum.org\/art\/collection\/search\/336345?searchField=All&amp;amp;sortBy=Relevance&amp;amp;what=Drawings&amp;amp;ft=bouchardon&amp;amp;offset=0&amp;amp;rpp=20&amp;amp;pos=8\" target=\"_blank\" rel=\"noopener\">(inv. 1979.10.2<\/a>).<\/p>\n<p>&nbsp;<\/p>\n<p>Our medal project <em>Pacis Nuntius<\/em> (Peace message) represents the god Hermes, easily identified thanks to his attributes, caduceus and winged cask, flying over the earth globe. He is shown pointing his caduceus at Earth to symbolize the preliminaries of the 1735 Treaty negotiated in Vienna in order to terminate the War of the Polish Succession, a European conflict which lasted from 1733 to 1738. The presence of a god from antic mythology in this composition reminds that the King\u2019s Metallic History willingly combined the historic reality of facts with mythological elements in order to magnify the royal person<a href=\"#_ftn5\" name=\"_ftnref5\">[5]<\/a>.<\/p>\n<p><a href=\"#_ftnref1\" name=\"_ftn1\">[1]<\/a> Edouard Kopp, \u201cBouchardon\u2019s drawings for medals and jetons: making history at the Petite Acad\u00e9mie (1737-1762)\u201d, in <em>Master Drawings<\/em>, New York, 2009, p. 191-220, p. 199-201.<\/p>\n<p>&nbsp;<\/p>\n<p><a href=\"#_ftnref2\" name=\"_ftn2\">[2]<\/a> <a href=\"https:\/\/www.archivesmonetaires.org\/bouchardon\/bouchardon.htm\" target=\"_blank\" rel=\"noopener\"><em>Recueil de 124 desins<\/em><\/a> (sic)<em> du temps \u00e0 la sanguine relatifs aux \u00ab\u00a0M\u00e9dailles sur les faits principaux du r\u00e8gne de Louis XV\u00a0\u00bb <\/em>Paris, H\u00f4tel de la Monnaie (Ms. F\u00b0 127).\u00a0 Cf. Fernand Mazerolle,\u00a0<a href=\"https:\/\/www.archivesmonetaires.org\/bibliotheque\/bouchardon.pdf\" target=\"_blank\" rel=\"noopener\"><em>Les dessins de m\u00e9dailles et de jetons attribu\u00e9s au sculpteur Edme Bouchardon<\/em><\/a>,\u00a0 Paris : E. Plon, Nourrit et Cie, 1898.\u00a0<\/p>\n<p><a href=\"#_ftnref3\" name=\"_ftn3\">[3]<\/a> Edouard Kopp, \u00ab\u00a0Dessin de m\u00e9dailles et de jetons\u00a0\u00bb, in <em>Edme Bouchardon 1698-1752, une id\u00e9e du beau<\/em>, Paris, Louvre \u00e9ditions et Somogy, 2016, p. 191-220, n\u00b0 93, p.\u00a0180.<\/p>\n<p><a href=\"#_ftnref4\" name=\"_ftn4\">[4]<\/a> Jacob Bean et Lawrence Turcic, <em>15th &#8211; 18th Century French Drawings in the Metropolitan Museum of Art<\/em>, New York, 1986, n\u00b0 18-25.<\/p>\n<p><a href=\"#_ftnref5\" name=\"_ftn5\">[5]<\/a> <em>Idem<\/em>, p. 191-220.<\/p>\n<p>&nbsp;<\/p>\n<p>Condition report &#8211; Very good condition. The original blue mount is pasted on the paper and bears some minor tears lower right.\u00a0\u00a0<\/p>\n","protected":false},"excerpt":{"rendered":"<p>Medal design for \u00ab\u00a0Pacis Nuntius\u00a0\u00bb or Preliminaries to the Peace Treaty signed in Vienna (1753) by Edm\u00e9 Bouchardon.<\/p>\n","protected":false},"featured_media":3032,"template":"","meta":{"_themeisle_gutenberg_block_has_review":false},"product_brand":[],"product_cat":[78],"product_tag":[24,278,159,345,353,268,419,28],"class_list":{"0":"post-3031","1":"product","2":"type-product","3":"status-publish","4":"has-post-thumbnail","6":"product_cat-french-school","7":"product_tag-18th","8":"product_tag-circular-drawing","9":"product_tag-sculptors-drawing","10":"product_tag-old-master-drawings","11":"product_tag-gallery","12":"product_tag-medals","13":"product_tag-n6","14":"product_tag-red-chalk","16":"first","17":"outofstock","18":"taxable","19":"shipping-taxable","20":"purchasable","21":"product-type-variable"},"yoast_head":"<!-- This site is optimized with the Yoast SEO plugin v27.5 - https:\/\/yoast.com\/product\/yoast-seo-wordpress\/ -->\n<title>Medal design for \u00ab\u00a0Pacis Nuntius\u00a0\u00bb or Preliminaries to the Peace Treaty signed in Vienna (1753) by Edm\u00e9 Bouchardon<\/title>\n<meta name=\"description\" content=\"Medal design for \u00ab\u00a0Pacis Nuntius\u00a0\u00bb or Preliminaries to the Peace Treaty signed in Vienna (1753) by Edm\u00e9 Bouchardon.\" \/>\n<meta name=\"robots\" content=\"index, follow, max-snippet:-1, max-image-preview:large, max-video-preview:-1\" \/>\n<link rel=\"canonical\" href=\"http:\/\/Medal%20design%20for%20\u00ab\u00a0Pacis%20Nuntius\u00a0\u00bb%20or%20Preliminaries%20to%20the%20Peace%20Treaty%20signed%20in%20Vienna%20(1753)%20by%20Edm\u00e9%20Bouchardon.\" \/>\n<meta property=\"og:locale\" content=\"en_US\" \/>\n<meta property=\"og:type\" content=\"article\" \/>\n<meta property=\"og:title\" content=\"Medal design for \u00ab\u00a0Pacis Nuntius\u00a0\u00bb or Preliminaries to the Peace Treaty signed in Vienna (1753) by Edm\u00e9 Bouchardon\" \/>\n<meta property=\"og:description\" content=\"Medal design for \u00ab\u00a0Pacis Nuntius\u00a0\u00bb or Preliminaries to the Peace Treaty signed in Vienna (1753) by Edm\u00e9 Bouchardon.\" \/>\n<meta property=\"og:url\" content=\"https:\/\/drawings-online.com\/en\/product\/medal-design-for-pacis-nuntius-or-preliminaries-to-the-peace-treaty-signed-in-vienna-1753-by-edme-bouchardon\/\" \/>\n<meta property=\"og:site_name\" content=\"Drawings-online\" \/>\n<meta property=\"article:publisher\" content=\"https:\/\/www.facebook.com\/people\/Drawings-online\/100034942735866\/\" \/>\n<meta property=\"article:modified_time\" content=\"2023-01-17T17:47:14+00:00\" \/>\n<meta property=\"og:image\" content=\"https:\/\/drawings-online.com\/wp-content\/uploads\/2021\/05\/DSC_3683_1-1024x1024.png\" \/>\n\t<meta property=\"og:image:width\" content=\"1024\" \/>\n\t<meta property=\"og:image:height\" content=\"1024\" \/>\n\t<meta property=\"og:image:type\" content=\"image\/png\" \/>\n<meta name=\"twitter:card\" content=\"summary_large_image\" \/>\n<meta name=\"twitter:site\" content=\"@OnlineDrawings\" \/>\n<meta name=\"twitter:label1\" content=\"Est. reading time\" \/>\n\t<meta name=\"twitter:data1\" content=\"5 minutes\" \/>\n<script type=\"application\/ld+json\" class=\"yoast-schema-graph\">{\"@context\":\"https:\\\/\\\/schema.org\",\"@graph\":[{\"@type\":\"WebPage\",\"@id\":\"https:\\\/\\\/drawings-online.com\\\/en\\\/product\\\/medal-design-for-pacis-nuntius-or-preliminaries-to-the-peace-treaty-signed-in-vienna-1753-by-edme-bouchardon\\\/\",\"url\":\"https:\\\/\\\/drawings-online.com\\\/en\\\/product\\\/medal-design-for-pacis-nuntius-or-preliminaries-to-the-peace-treaty-signed-in-vienna-1753-by-edme-bouchardon\\\/\",\"name\":\"Projet de m\u00e9daille \u00ab\u00a0Pacis Nuntius\u00a0\u00bb ou les Pr\u00e9liminaires de la Paix sign\u00e9s \u00e0 Vienne (1735) par Edm\u00e9 Bouchardon - Drawings-online\",\"isPartOf\":{\"@id\":\"https:\\\/\\\/drawings-online.com\\\/#website\"},\"primaryImageOfPage\":{\"@id\":\"https:\\\/\\\/drawings-online.com\\\/en\\\/product\\\/medal-design-for-pacis-nuntius-or-preliminaries-to-the-peace-treaty-signed-in-vienna-1753-by-edme-bouchardon\\\/#primaryimage\"},\"image\":{\"@id\":\"https:\\\/\\\/drawings-online.com\\\/en\\\/product\\\/medal-design-for-pacis-nuntius-or-preliminaries-to-the-peace-treaty-signed-in-vienna-1753-by-edme-bouchardon\\\/#primaryimage\"},\"thumbnailUrl\":\"https:\\\/\\\/drawings-online.com\\\/wp-content\\\/uploads\\\/2021\\\/05\\\/DSC_3683_1.png\",\"datePublished\":\"2021-05-29T13:30:48+00:00\",\"dateModified\":\"2023-01-17T17:47:14+00:00\",\"breadcrumb\":{\"@id\":\"https:\\\/\\\/drawings-online.com\\\/en\\\/product\\\/medal-design-for-pacis-nuntius-or-preliminaries-to-the-peace-treaty-signed-in-vienna-1753-by-edme-bouchardon\\\/#breadcrumb\"},\"inLanguage\":\"en-US\",\"potentialAction\":[{\"@type\":\"ReadAction\",\"target\":[\"https:\\\/\\\/drawings-online.com\\\/en\\\/product\\\/medal-design-for-pacis-nuntius-or-preliminaries-to-the-peace-treaty-signed-in-vienna-1753-by-edme-bouchardon\\\/\"]}]},{\"@type\":\"ImageObject\",\"inLanguage\":\"en-US\",\"@id\":\"https:\\\/\\\/drawings-online.com\\\/en\\\/product\\\/medal-design-for-pacis-nuntius-or-preliminaries-to-the-peace-treaty-signed-in-vienna-1753-by-edme-bouchardon\\\/#primaryimage\",\"url\":\"https:\\\/\\\/drawings-online.com\\\/wp-content\\\/uploads\\\/2021\\\/05\\\/DSC_3683_1.png\",\"contentUrl\":\"https:\\\/\\\/drawings-online.com\\\/wp-content\\\/uploads\\\/2021\\\/05\\\/DSC_3683_1.png\",\"width\":1800,\"height\":1800,\"caption\":\"Projet de m\u00e9daille \u00ab Pacis Nuntius \u00bb ou les Pr\u00e9liminaires de la Paix sign\u00e9s \u00e0 Vienne (1735) par Edm\u00e9 Bouchardon\"},{\"@type\":\"BreadcrumbList\",\"@id\":\"https:\\\/\\\/drawings-online.com\\\/en\\\/product\\\/medal-design-for-pacis-nuntius-or-preliminaries-to-the-peace-treaty-signed-in-vienna-1753-by-edme-bouchardon\\\/#breadcrumb\",\"itemListElement\":[{\"@type\":\"ListItem\",\"position\":1,\"name\":\"Works available\",\"item\":\"https:\\\/\\\/drawings-online.com\\\/\"},{\"@type\":\"ListItem\",\"position\":2,\"name\":\"Gallery\",\"item\":\"https:\\\/\\\/drawings-online.com\\\/galerie\\\/\"},{\"@type\":\"ListItem\",\"position\":3,\"name\":\"18e\",\"item\":\"https:\\\/\\\/drawings-online.com\\\/product_tag\\\/18e\\\/\"},{\"@type\":\"ListItem\",\"position\":4,\"name\":\"Medal design for \u00ab\u00a0Pacis Nuntius\u00a0\u00bb or Preliminaries to the Peace Treaty signed in Vienna (1753) by Edm\u00e9 Bouchardon\"}]},{\"@type\":\"WebSite\",\"@id\":\"https:\\\/\\\/drawings-online.com\\\/en\\\/#website\",\"url\":\"https:\\\/\\\/drawings-online.com\\\/en\\\/\",\"name\":\"Drawings-online\",\"description\":\"Dessins en ligne\",\"publisher\":{\"@id\":\"https:\\\/\\\/drawings-online.com\\\/en\\\/#organization\"},\"potentialAction\":[{\"@type\":\"SearchAction\",\"target\":{\"@type\":\"EntryPoint\",\"urlTemplate\":\"https:\\\/\\\/drawings-online.com\\\/en\\\/?s={search_term_string}\"},\"query-input\":{\"@type\":\"PropertyValueSpecification\",\"valueRequired\":true,\"valueName\":\"search_term_string\"}}],\"inLanguage\":\"en-US\"},{\"@type\":\"Organization\",\"@id\":\"https:\\\/\\\/drawings-online.com\\\/en\\\/#organization\",\"name\":\"Drawings-online\",\"url\":\"https:\\\/\\\/drawings-online.com\\\/en\\\/\",\"logo\":{\"@type\":\"ImageObject\",\"inLanguage\":\"en-US\",\"@id\":\"https:\\\/\\\/drawings-online.com\\\/en\\\/#\\\/schema\\\/logo\\\/image\\\/\",\"url\":\"https:\\\/\\\/drawings-online.com\\\/wp-content\\\/uploads\\\/2020\\\/12\\\/drawings-icone-transp-e1607442878135.png\",\"contentUrl\":\"https:\\\/\\\/drawings-online.com\\\/wp-content\\\/uploads\\\/2020\\\/12\\\/drawings-icone-transp-e1607442878135.png\",\"width\":150,\"height\":150,\"caption\":\"Drawings-online\"},\"image\":{\"@id\":\"https:\\\/\\\/drawings-online.com\\\/en\\\/#\\\/schema\\\/logo\\\/image\\\/\"},\"sameAs\":[\"https:\\\/\\\/www.facebook.com\\\/people\\\/Drawings-online\\\/100034942735866\\\/\",\"https:\\\/\\\/x.com\\\/OnlineDrawings\",\"https:\\\/\\\/www.instagram.com\\\/drawings_online_com\\\/\"]}]}<\/script>\n<!-- \/ Yoast SEO plugin. -->","yoast_head_json":{"title":"Medal design for \u00ab\u00a0Pacis Nuntius\u00a0\u00bb or Preliminaries to the Peace Treaty signed in Vienna (1753) by Edm\u00e9 Bouchardon","description":"Medal design for \u00ab\u00a0Pacis Nuntius\u00a0\u00bb or Preliminaries to the Peace Treaty signed in Vienna (1753) by Edm\u00e9 Bouchardon.","robots":{"index":"index","follow":"follow","max-snippet":"max-snippet:-1","max-image-preview":"max-image-preview:large","max-video-preview":"max-video-preview:-1"},"canonical":"Medal design for \u00ab\u00a0Pacis Nuntius\u00a0\u00bb or Preliminaries to the Peace Treaty signed in Vienna (1753) by Edm\u00e9 Bouchardon.","og_locale":"en_US","og_type":"article","og_title":"Medal design for \u00ab\u00a0Pacis Nuntius\u00a0\u00bb or Preliminaries to the Peace Treaty signed in Vienna (1753) by Edm\u00e9 Bouchardon","og_description":"Medal design for \u00ab\u00a0Pacis Nuntius\u00a0\u00bb or Preliminaries to the Peace Treaty signed in Vienna (1753) by Edm\u00e9 Bouchardon.","og_url":"https:\/\/drawings-online.com\/en\/product\/medal-design-for-pacis-nuntius-or-preliminaries-to-the-peace-treaty-signed-in-vienna-1753-by-edme-bouchardon\/","og_site_name":"Drawings-online","article_publisher":"https:\/\/www.facebook.com\/people\/Drawings-online\/100034942735866\/","article_modified_time":"2023-01-17T17:47:14+00:00","og_image":[{"width":1024,"height":1024,"url":"https:\/\/drawings-online.com\/wp-content\/uploads\/2021\/05\/DSC_3683_1-1024x1024.png","type":"image\/png"}],"twitter_card":"summary_large_image","twitter_site":"@OnlineDrawings","twitter_misc":{"Est. reading time":"5 minutes"},"schema":{"@context":"https:\/\/schema.org","@graph":[{"@type":"WebPage","@id":"https:\/\/drawings-online.com\/en\/product\/medal-design-for-pacis-nuntius-or-preliminaries-to-the-peace-treaty-signed-in-vienna-1753-by-edme-bouchardon\/","url":"https:\/\/drawings-online.com\/en\/product\/medal-design-for-pacis-nuntius-or-preliminaries-to-the-peace-treaty-signed-in-vienna-1753-by-edme-bouchardon\/","name":"Projet de m\u00e9daille \u00ab\u00a0Pacis Nuntius\u00a0\u00bb ou les Pr\u00e9liminaires de la Paix sign\u00e9s \u00e0 Vienne (1735) par Edm\u00e9 Bouchardon - Drawings-online","isPartOf":{"@id":"https:\/\/drawings-online.com\/#website"},"primaryImageOfPage":{"@id":"https:\/\/drawings-online.com\/en\/product\/medal-design-for-pacis-nuntius-or-preliminaries-to-the-peace-treaty-signed-in-vienna-1753-by-edme-bouchardon\/#primaryimage"},"image":{"@id":"https:\/\/drawings-online.com\/en\/product\/medal-design-for-pacis-nuntius-or-preliminaries-to-the-peace-treaty-signed-in-vienna-1753-by-edme-bouchardon\/#primaryimage"},"thumbnailUrl":"https:\/\/drawings-online.com\/wp-content\/uploads\/2021\/05\/DSC_3683_1.png","datePublished":"2021-05-29T13:30:48+00:00","dateModified":"2023-01-17T17:47:14+00:00","breadcrumb":{"@id":"https:\/\/drawings-online.com\/en\/product\/medal-design-for-pacis-nuntius-or-preliminaries-to-the-peace-treaty-signed-in-vienna-1753-by-edme-bouchardon\/#breadcrumb"},"inLanguage":"en-US","potentialAction":[{"@type":"ReadAction","target":["https:\/\/drawings-online.com\/en\/product\/medal-design-for-pacis-nuntius-or-preliminaries-to-the-peace-treaty-signed-in-vienna-1753-by-edme-bouchardon\/"]}]},{"@type":"ImageObject","inLanguage":"en-US","@id":"https:\/\/drawings-online.com\/en\/product\/medal-design-for-pacis-nuntius-or-preliminaries-to-the-peace-treaty-signed-in-vienna-1753-by-edme-bouchardon\/#primaryimage","url":"https:\/\/drawings-online.com\/wp-content\/uploads\/2021\/05\/DSC_3683_1.png","contentUrl":"https:\/\/drawings-online.com\/wp-content\/uploads\/2021\/05\/DSC_3683_1.png","width":1800,"height":1800,"caption":"Projet de m\u00e9daille \u00ab Pacis Nuntius \u00bb ou les Pr\u00e9liminaires de la Paix sign\u00e9s \u00e0 Vienne (1735) par Edm\u00e9 Bouchardon"},{"@type":"BreadcrumbList","@id":"https:\/\/drawings-online.com\/en\/product\/medal-design-for-pacis-nuntius-or-preliminaries-to-the-peace-treaty-signed-in-vienna-1753-by-edme-bouchardon\/#breadcrumb","itemListElement":[{"@type":"ListItem","position":1,"name":"Works available","item":"https:\/\/drawings-online.com\/"},{"@type":"ListItem","position":2,"name":"Gallery","item":"https:\/\/drawings-online.com\/galerie\/"},{"@type":"ListItem","position":3,"name":"18e","item":"https:\/\/drawings-online.com\/product_tag\/18e\/"},{"@type":"ListItem","position":4,"name":"Medal design for \u00ab\u00a0Pacis Nuntius\u00a0\u00bb or Preliminaries to the Peace Treaty signed in Vienna (1753) by Edm\u00e9 Bouchardon"}]},{"@type":"WebSite","@id":"https:\/\/drawings-online.com\/en\/#website","url":"https:\/\/drawings-online.com\/en\/","name":"Drawings-online","description":"Dessins en ligne","publisher":{"@id":"https:\/\/drawings-online.com\/en\/#organization"},"potentialAction":[{"@type":"SearchAction","target":{"@type":"EntryPoint","urlTemplate":"https:\/\/drawings-online.com\/en\/?s={search_term_string}"},"query-input":{"@type":"PropertyValueSpecification","valueRequired":true,"valueName":"search_term_string"}}],"inLanguage":"en-US"},{"@type":"Organization","@id":"https:\/\/drawings-online.com\/en\/#organization","name":"Drawings-online","url":"https:\/\/drawings-online.com\/en\/","logo":{"@type":"ImageObject","inLanguage":"en-US","@id":"https:\/\/drawings-online.com\/en\/#\/schema\/logo\/image\/","url":"https:\/\/drawings-online.com\/wp-content\/uploads\/2020\/12\/drawings-icone-transp-e1607442878135.png","contentUrl":"https:\/\/drawings-online.com\/wp-content\/uploads\/2020\/12\/drawings-icone-transp-e1607442878135.png","width":150,"height":150,"caption":"Drawings-online"},"image":{"@id":"https:\/\/drawings-online.com\/en\/#\/schema\/logo\/image\/"},"sameAs":["https:\/\/www.facebook.com\/people\/Drawings-online\/100034942735866\/","https:\/\/x.com\/OnlineDrawings","https:\/\/www.instagram.com\/drawings_online_com\/"]}]}},"jetpack_sharing_enabled":true,"_links":{"self":[{"href":"https:\/\/drawings-online.com\/en\/wp-json\/wp\/v2\/product\/3031","targetHints":{"allow":["GET"]}}],"collection":[{"href":"https:\/\/drawings-online.com\/en\/wp-json\/wp\/v2\/product"}],"about":[{"href":"https:\/\/drawings-online.com\/en\/wp-json\/wp\/v2\/types\/product"}],"wp:featuredmedia":[{"embeddable":true,"href":"https:\/\/drawings-online.com\/en\/wp-json\/wp\/v2\/media\/3032"}],"wp:attachment":[{"href":"https:\/\/drawings-online.com\/en\/wp-json\/wp\/v2\/media?parent=3031"}],"wp:term":[{"taxonomy":"product_brand","embeddable":true,"href":"https:\/\/drawings-online.com\/en\/wp-json\/wp\/v2\/product_brand?post=3031"},{"taxonomy":"product_cat","embeddable":true,"href":"https:\/\/drawings-online.com\/en\/wp-json\/wp\/v2\/product_cat?post=3031"},{"taxonomy":"product_tag","embeddable":true,"href":"https:\/\/drawings-online.com\/en\/wp-json\/wp\/v2\/product_tag?post=3031"}],"curies":[{"name":"wp","href":"https:\/\/api.w.org\/{rel}","templated":true}]}}